{"id":2704,"date":"2024-03-19T10:48:03","date_gmt":"2024-03-19T10:48:03","guid":{"rendered":"https:\/\/usa-gv.com\/esta-miami\/"},"modified":"2025-02-25T11:49:44","modified_gmt":"2025-02-25T11:49:44","slug":"esta-miami","status":"publish","type":"page","link":"https:\/\/usa-gv.com\/it\/esta-miami\/","title":{"rendered":"ESTA per Miami"},"content":{"rendered":"\n<h1 class=\"wp-block-heading\">ESTA online per viaggi a Miami<\/h1>\n\n<p><a href=\"https:\/\/usa-gv.com\/it\/miami\/\">Miami<\/a> \u00e8 la pi\u00f9 grande citt\u00e0 americana della Florida. Per soggiornare a Miami, i cittadini stranieri devono essere in possesso di un&#8217;autorizzazione di viaggio o di un visto valido.<\/p>\n\n<h2 class=\"wp-block-heading\">Posso recarmi a Miami con l&#8217;ESTA?<\/h2>\n\n<p>Per soggiorni inferiori a 90 giorni, i viaggiatori provenienti da Paesi aderenti al <a href=\"https:\/\/usa-gv.com\/it\/visa-waiver-program-usa\/\">Visa Waiver Program<\/a> possono atterrare a Miami con la sola autorizzazione di viaggio ESTA.<\/p>\n\n<h2 class=\"wp-block-heading\">Come si ottiene l&#8217;ESTA per Miami?<\/h2>\n\n<p>\u00c8 possibile richiedere l&#8217;autorizzazione ESTA interamente online. La <a href=\"https:\/\/usa-gv.com\/it\/compilare-il-modulo-esta-online\/\">compilazione del modulo ESTA<\/a> richiede solo pochi minuti se il richiedente \u00e8 in possesso di un <a href=\"https:\/\/usa-gv.com\/it\/passaporto-per-gli-stati-uniti\/\">passaporto valido per viaggiare negli Stati Uniti<\/a>. La procedura online deve essere completata almeno 3 giorni prima di imbarcarsi per <a href=\"https:\/\/usa-gv.com\/it\/miami\/\">Miami<\/a>.<\/p>\n\n<p><strong>Per ottenere l&#8217;autorizzazione ESTA per Miami<\/strong>, \u00e8 sufficiente cliccare sul <a href=\"https:\/\/usa-gv.com\/it\/modulo-esta-online\/\">modulo ESTA online<\/a>.<\/p>\n\n<div style=\"height:10px\" aria-hidden=\"true\" class=\"wp-block-spacer\"><\/div>\n\n<h2 class=\"wp-block-heading\">\u00c8 necessario un ESTA per uno scalo a Miami?<\/h2>\n\n<p>I viaggiatori che hanno ottenuto l&#8217;ESTA possono fare scalo a Miami senza bisogno di un visto per gli Stati Uniti.\nL&#8217;autorizzazione ESTA consente di fare scalo ovunque negli Stati Uniti.\nI viaggiatori devono essere in possesso dei <a href=\"https:\/\/usa-gv.com\/it\/documenti-di-viaggio-per-gli-usa\/\">documenti di viaggio per gli Stati Uniti<\/a>.  <\/p>\n\n<p>Tuttavia, non \u00e8 necessario <a href=\"https:\/\/usa-gv.com\/it\/stampare-esta\/\">stampare l&#8217;ESTA<\/a> prima di recarsi in aeroporto.<\/p>\n\n<h2 class=\"wp-block-heading\">Quanto costa un ESTA per Miami?<\/h2>\n\n<p>Il <a href=\"https:\/\/usa-gv.com\/it\/prezzo-esta-statunitense\/\">prezzo dell&#8217;ESTA<\/a> per Miami \u00e8 fissato dalle autorit\u00e0 americane. Il prezzo \u00e8 cambiato da quando \u00e8 stato introdotto il Visa Waiver Program: la tassa base \u00e8 di 21 dollari da maggio 2022. Il <a href=\"https:\/\/usa-gv.com\/it\/come-pagare-una-esta\/\">pagamento dell&#8217;ESTA<\/a> si effettua esclusivamente online con carta di credito. La richiesta verr\u00e0 elaborata solo dopo la convalida del pagamento.<\/p>\n\n<h2 class=\"wp-block-heading\">Immagine ESTA per Miami<\/h2>\n\n<p>Grazie all&#8217;autorizzazione ESTA, potrai scoprire la magnifica citt\u00e0 di <a href=\"https:\/\/usa-gv.com\/it\/miami\/\">Miami<\/a> in Florida senza bisogno di un visto. I viaggiatori possono effettuare pi\u00f9 visite a Miami durante il <a href=\"https:\/\/usa-gv.com\/it\/periodo-validita-dell-esta\/\">periodo di validit\u00e0 dell&#8217;ESTA<\/a>.<\/p>\n\n<figure class=\"wp-block-image size-large\"><img fetchpriority=\"high\" decoding=\"async\" width=\"1290\" height=\"673\" src=\"https:\/\/usa-gv.com\/wp-content\/uploads\/2024\/04\/esta-miami-e1736171678781.jpg\" alt=\"Autorizzazione di viaggio ESTA per Miami\" class=\"wp-image-3402\" srcset=\"https:\/\/usa-gv.com\/wp-content\/uploads\/2024\/04\/esta-miami-e1736171678781.jpg 1290w, https:\/\/usa-gv.com\/wp-content\/uploads\/2024\/04\/esta-miami-e1736171678781-300x157.jpg 300w, https:\/\/usa-gv.com\/wp-content\/uploads\/2024\/04\/esta-miami-e1736171678781-1024x534.jpg 1024w, https:\/\/usa-gv.com\/wp-content\/uploads\/2024\/04\/esta-miami-e1736171678781-768x401.jpg 768w\" sizes=\"(max-width: 1290px) 100vw, 1290px\" \/><figcaption class=\"wp-element-caption\">Foto di Miami dove viaggiare con un&#8217;ESTA<\/figcaption><\/figure>\n","protected":false},"excerpt":{"rendered":"<p>ESTA online per viaggi a Miami Miami \u00e8 la pi\u00f9 grande citt\u00e0 americana della Florida. Per soggiornare a Miami, i cittadini stranieri devono essere in possesso di un&#8217;autorizzazione di viaggio o di un visto valido. Posso recarmi a Miami con l&#8217;ESTA? Per soggiorni inferiori a 90 giorni, i viaggiatori provenienti da Paesi aderenti al Visa [&hellip;]<\/p>\n","protected":false},"author":1,"featured_media":0,"parent":0,"menu_order":0,"comment_status":"closed","ping_status":"closed","template":"","meta":{"footnotes":""},"class_list":["post-2704","page","type-page","status-publish","hentry"],"yoast_head":"<!-- This site is optimized with the Yoast SEO plugin v26.6 - https:\/\/yoast.com\/wordpress\/plugins\/seo\/ -->\n<title>ESTA per Miami - USA-GV.COM<\/title>\n<meta name=\"description\" content=\"Ottenere l&#039;autorizzazione ESTA online per recarsi a Miami, Florida, negli Stati Uniti.\" \/>\n<meta name=\"robots\" content=\"index, follow, max-snippet:-1, max-image-preview:large, max-video-preview:-1\" \/>\n<link rel=\"canonical\" href=\"https:\/\/usa-gv.com\/it\/esta-miami\/\" \/>\n<meta property=\"og:locale\" content=\"it_IT\" \/>\n<meta property=\"og:type\" content=\"article\" \/>\n<meta property=\"og:title\" content=\"ESTA per Miami - USA-GV.COM\" \/>\n<meta property=\"og:description\" content=\"Ottenere l&#039;autorizzazione ESTA online per recarsi a Miami, Florida, negli Stati Uniti.\" \/>\n<meta property=\"og:url\" content=\"https:\/\/usa-gv.com\/it\/esta-miami\/\" \/>\n<meta property=\"og:site_name\" content=\"USA-GV.COM\" \/>\n<meta property=\"article:modified_time\" content=\"2025-02-25T11:49:44+00:00\" \/>\n<meta property=\"og:image\" content=\"https:\/\/usa-gv.com\/wp-content\/uploads\/2024\/04\/esta-miami-e1736171678781.jpg\" \/>\n<meta name=\"twitter:card\" content=\"summary_large_image\" \/>\n<meta name=\"twitter:label1\" content=\"Tempo di lettura stimato\" \/>\n\t<meta name=\"twitter:data1\" content=\"1 minuto\" \/>\n<script type=\"application\/ld+json\" class=\"yoast-schema-graph\">{\"@context\":\"https:\/\/schema.org\",\"@graph\":[{\"@type\":\"WebPage\",\"@id\":\"https:\/\/usa-gv.com\/it\/esta-miami\/\",\"url\":\"https:\/\/usa-gv.com\/it\/esta-miami\/\",\"name\":\"ESTA per Miami - USA-GV.COM\",\"isPartOf\":{\"@id\":\"https:\/\/usa-gv.com\/it\/#website\"},\"primaryImageOfPage\":{\"@id\":\"https:\/\/usa-gv.com\/it\/esta-miami\/#primaryimage\"},\"image\":{\"@id\":\"https:\/\/usa-gv.com\/it\/esta-miami\/#primaryimage\"},\"thumbnailUrl\":\"https:\/\/usa-gv.com\/wp-content\/uploads\/2024\/04\/esta-miami-e1736171678781.jpg\",\"datePublished\":\"2024-03-19T10:48:03+00:00\",\"dateModified\":\"2025-02-25T11:49:44+00:00\",\"description\":\"Ottenere l'autorizzazione ESTA online per recarsi a Miami, Florida, negli Stati Uniti.\",\"breadcrumb\":{\"@id\":\"https:\/\/usa-gv.com\/it\/esta-miami\/#breadcrumb\"},\"inLanguage\":\"it-IT\",\"potentialAction\":[{\"@type\":\"ReadAction\",\"target\":[\"https:\/\/usa-gv.com\/it\/esta-miami\/\"]}]},{\"@type\":\"ImageObject\",\"inLanguage\":\"it-IT\",\"@id\":\"https:\/\/usa-gv.com\/it\/esta-miami\/#primaryimage\",\"url\":\"https:\/\/usa-gv.com\/wp-content\/uploads\/2024\/04\/esta-miami-e1736171678781.jpg\",\"contentUrl\":\"https:\/\/usa-gv.com\/wp-content\/uploads\/2024\/04\/esta-miami-e1736171678781.jpg\"},{\"@type\":\"BreadcrumbList\",\"@id\":\"https:\/\/usa-gv.com\/it\/esta-miami\/#breadcrumb\",\"itemListElement\":[{\"@type\":\"ListItem\",\"position\":1,\"name\":\"Home\",\"item\":\"https:\/\/usa-gv.com\/it\/guida-turistica-degli-stati-uniti\/\"},{\"@type\":\"ListItem\",\"position\":2,\"name\":\"ESTA per Miami\"}]},{\"@type\":\"WebSite\",\"@id\":\"https:\/\/usa-gv.com\/it\/#website\",\"url\":\"https:\/\/usa-gv.com\/it\/\",\"name\":\"USA-GV.COM\",\"description\":\"\",\"potentialAction\":[{\"@type\":\"SearchAction\",\"target\":{\"@type\":\"EntryPoint\",\"urlTemplate\":\"https:\/\/usa-gv.com\/it\/?s={search_term_string}\"},\"query-input\":{\"@type\":\"PropertyValueSpecification\",\"valueRequired\":true,\"valueName\":\"search_term_string\"}}],\"inLanguage\":\"it-IT\"}]}<\/script>\n<!-- \/ Yoast SEO plugin. -->","yoast_head_json":{"title":"ESTA per Miami - USA-GV.COM","description":"Ottenere l'autorizzazione ESTA online per recarsi a Miami, Florida, negli Stati Uniti.","robots":{"index":"index","follow":"follow","max-snippet":"max-snippet:-1","max-image-preview":"max-image-preview:large","max-video-preview":"max-video-preview:-1"},"canonical":"https:\/\/usa-gv.com\/it\/esta-miami\/","og_locale":"it_IT","og_type":"article","og_title":"ESTA per Miami - USA-GV.COM","og_description":"Ottenere l'autorizzazione ESTA online per recarsi a Miami, Florida, negli Stati Uniti.","og_url":"https:\/\/usa-gv.com\/it\/esta-miami\/","og_site_name":"USA-GV.COM","article_modified_time":"2025-02-25T11:49:44+00:00","og_image":[{"url":"https:\/\/usa-gv.com\/wp-content\/uploads\/2024\/04\/esta-miami-e1736171678781.jpg","type":"","width":"","height":""}],"twitter_card":"summary_large_image","twitter_misc":{"Tempo di lettura stimato":"1 minuto"},"schema":{"@context":"https:\/\/schema.org","@graph":[{"@type":"WebPage","@id":"https:\/\/usa-gv.com\/it\/esta-miami\/","url":"https:\/\/usa-gv.com\/it\/esta-miami\/","name":"ESTA per Miami - USA-GV.COM","isPartOf":{"@id":"https:\/\/usa-gv.com\/it\/#website"},"primaryImageOfPage":{"@id":"https:\/\/usa-gv.com\/it\/esta-miami\/#primaryimage"},"image":{"@id":"https:\/\/usa-gv.com\/it\/esta-miami\/#primaryimage"},"thumbnailUrl":"https:\/\/usa-gv.com\/wp-content\/uploads\/2024\/04\/esta-miami-e1736171678781.jpg","datePublished":"2024-03-19T10:48:03+00:00","dateModified":"2025-02-25T11:49:44+00:00","description":"Ottenere l'autorizzazione ESTA online per recarsi a Miami, Florida, negli Stati Uniti.","breadcrumb":{"@id":"https:\/\/usa-gv.com\/it\/esta-miami\/#breadcrumb"},"inLanguage":"it-IT","potentialAction":[{"@type":"ReadAction","target":["https:\/\/usa-gv.com\/it\/esta-miami\/"]}]},{"@type":"ImageObject","inLanguage":"it-IT","@id":"https:\/\/usa-gv.com\/it\/esta-miami\/#primaryimage","url":"https:\/\/usa-gv.com\/wp-content\/uploads\/2024\/04\/esta-miami-e1736171678781.jpg","contentUrl":"https:\/\/usa-gv.com\/wp-content\/uploads\/2024\/04\/esta-miami-e1736171678781.jpg"},{"@type":"BreadcrumbList","@id":"https:\/\/usa-gv.com\/it\/esta-miami\/#breadcrumb","itemListElement":[{"@type":"ListItem","position":1,"name":"Home","item":"https:\/\/usa-gv.com\/it\/guida-turistica-degli-stati-uniti\/"},{"@type":"ListItem","position":2,"name":"ESTA per Miami"}]},{"@type":"WebSite","@id":"https:\/\/usa-gv.com\/it\/#website","url":"https:\/\/usa-gv.com\/it\/","name":"USA-GV.COM","description":"","potentialAction":[{"@type":"SearchAction","target":{"@type":"EntryPoint","urlTemplate":"https:\/\/usa-gv.com\/it\/?s={search_term_string}"},"query-input":{"@type":"PropertyValueSpecification","valueRequired":true,"valueName":"search_term_string"}}],"inLanguage":"it-IT"}]}},"_links":{"self":[{"href":"https:\/\/usa-gv.com\/it\/wp-json\/wp\/v2\/pages\/2704","targetHints":{"allow":["GET"]}}],"collection":[{"href":"https:\/\/usa-gv.com\/it\/wp-json\/wp\/v2\/pages"}],"about":[{"href":"https:\/\/usa-gv.com\/it\/wp-json\/wp\/v2\/types\/page"}],"author":[{"embeddable":true,"href":"https:\/\/usa-gv.com\/it\/wp-json\/wp\/v2\/users\/1"}],"replies":[{"embeddable":true,"href":"https:\/\/usa-gv.com\/it\/wp-json\/wp\/v2\/comments?post=2704"}],"version-history":[{"count":2,"href":"https:\/\/usa-gv.com\/it\/wp-json\/wp\/v2\/pages\/2704\/revisions"}],"predecessor-version":[{"id":7043,"href":"https:\/\/usa-gv.com\/it\/wp-json\/wp\/v2\/pages\/2704\/revisions\/7043"}],"wp:attachment":[{"href":"https:\/\/usa-gv.com\/it\/wp-json\/wp\/v2\/media?parent=2704"}],"curies":[{"name":"wp","href":"https:\/\/api.w.org\/{rel}","templated":true}]}}