{"id":2689,"date":"2024-03-19T10:45:13","date_gmt":"2024-03-19T10:45:13","guid":{"rendered":"https:\/\/usa-gv.com\/esta-los-angeles\/"},"modified":"2025-02-25T11:49:38","modified_gmt":"2025-02-25T11:49:38","slug":"esta-los-angeles","status":"publish","type":"page","link":"https:\/\/usa-gv.com\/it\/esta-los-angeles\/","title":{"rendered":"ESTA per Los Angeles"},"content":{"rendered":"\n<h1 class=\"wp-block-heading\">ESTA online per viaggi a Los Angeles<\/h1>\n\n<p><a href=\"https:\/\/usa-gv.com\/it\/visitare-los-angeles\/\">Los Angeles<\/a> \u00e8 la pi\u00f9 grande citt\u00e0 americana della California. Per soggiornare a Los Angeles, i cittadini stranieri devono essere in possesso di un&#8217;autorizzazione di viaggio o di un visto valido.<\/p>\n\n<h2 class=\"wp-block-heading\">Posso recarmi a Los Angeles con un ESTA?<\/h2>\n\n<p>Per soggiorni inferiori a 90 giorni, i viaggiatori provenienti da Paesi aderenti al <a href=\"https:\/\/usa-gv.com\/it\/visa-waiver-program-usa\/\">Visa Waiver Program<\/a> possono atterrare a Los Angeles semplicemente ottenendo un&#8217;autorizzazione di viaggio ESTA.  <\/p>\n\n<h2 class=\"wp-block-heading\">Come si ottiene un&#8217;ESTA per Los Angeles?<\/h2>\n\n<p>\u00c8 possibile richiedere l&#8217;autorizzazione ESTA interamente online. La <a href=\"https:\/\/usa-gv.com\/it\/compilare-il-modulo-esta-online\/\">compilazione del modulo ESTA<\/a> richiede solo pochi minuti se il richiedente \u00e8 in possesso di un <a href=\"https:\/\/usa-gv.com\/it\/passaporto-per-gli-stati-uniti\/\">passaporto valido per viaggiare negli Stati Uniti<\/a>. La procedura online deve essere completata almeno 3 giorni prima dell&#8217;imbarco per Los Angeles.  <\/p>\n\n<p><strong>Per ottenere l&#8217;autorizzazione ESTA per Los Angeles<\/strong>, \u00e8 sufficiente cliccare sul <a href=\"https:\/\/usa-gv.com\/it\/modulo-esta-online\/\">modulo ESTA online<\/a>.<\/p>\n\n<div style=\"height:10px\" aria-hidden=\"true\" class=\"wp-block-spacer\"><\/div>\n\n<h2 class=\"wp-block-heading\">Ho bisogno di un ESTA per uno scalo a Los Angeles?<\/h2>\n\n<p>Un viaggiatore che ha ottenuto l&#8217;ESTA pu\u00f2 fare scalo a <a href=\"https:\/\/usa-gv.com\/it\/visitare-los-angeles\/\">Los Angeles<\/a> senza bisogno di un visto per gli Stati Uniti. L&#8217;autorizzazione ESTA consente di fare scalo ovunque negli Stati Uniti. I viaggiatori devono essere in possesso dei <a href=\"https:\/\/usa-gv.com\/it\/documenti-di-viaggio-per-gli-usa\/\">documenti di viaggio per gli Stati Uniti<\/a>.<\/p>\n\n<p>Tuttavia, non \u00e8 necessario <a href=\"https:\/\/usa-gv.com\/it\/stampare-esta\/\">stampare l&#8217;ESTA<\/a> prima di recarsi in aeroporto.<\/p>\n\n<h2 class=\"wp-block-heading\">Quanto costa un ESTA per Los Angeles?<\/h2>\n\n<p>Il <a href=\"https:\/\/usa-gv.com\/it\/prezzo-esta-statunitense\/\">prezzo dell&#8217;ESTA<\/a> per Los Angeles \u00e8 fissato dalle autorit\u00e0 americane. Il prezzo \u00e8 cambiato da quando \u00e8 stato introdotto il Visa Waiver Program: la tassa base \u00e8 di 21 dollari da maggio 2022. Il <a href=\"https:\/\/usa-gv.com\/it\/come-pagare-una-esta\/\">pagamento dell&#8217;ESTA<\/a> si effettua esclusivamente online con carta di credito. La richiesta verr\u00e0 elaborata solo dopo la convalida del pagamento.<\/p>\n\n<h2 class=\"wp-block-heading\">Immagine ESTA per Los Angeles<\/h2>\n\n<p>Con l&#8217;autorizzazione ESTA puoi visitare la magnifica citt\u00e0 di <a href=\"https:\/\/usa-gv.com\/it\/visitare-los-angeles\/\">Los Angeles<\/a> senza bisogno di un visto. I viaggiatori possono effettuare pi\u00f9 visite a Los Angeles durante il <a href=\"https:\/\/usa-gv.com\/it\/periodo-validita-dell-esta\/\">periodo di validit\u00e0 dell&#8217;ESTA<\/a>.<\/p>\n\n<figure class=\"wp-block-image size-large\"><img fetchpriority=\"high\" decoding=\"async\" width=\"1406\" height=\"610\" src=\"https:\/\/usa-gv.com\/wp-content\/uploads\/2024\/04\/esta-los-angeles-e1736171770188.jpg\" alt=\"Autorizzazione di viaggio ESTA per Los Angeles\" class=\"wp-image-3340\" srcset=\"https:\/\/usa-gv.com\/wp-content\/uploads\/2024\/04\/esta-los-angeles-e1736171770188.jpg 1406w, https:\/\/usa-gv.com\/wp-content\/uploads\/2024\/04\/esta-los-angeles-e1736171770188-300x130.jpg 300w, https:\/\/usa-gv.com\/wp-content\/uploads\/2024\/04\/esta-los-angeles-e1736171770188-1024x444.jpg 1024w, https:\/\/usa-gv.com\/wp-content\/uploads\/2024\/04\/esta-los-angeles-e1736171770188-768x333.jpg 768w\" sizes=\"(max-width: 1406px) 100vw, 1406px\" \/><figcaption class=\"wp-element-caption\">Foto di Los Angeles dove viaggiare con l&#8217;ESTA<\/figcaption><\/figure>\n","protected":false},"excerpt":{"rendered":"<p>ESTA online per viaggi a Los Angeles Los Angeles \u00e8 la pi\u00f9 grande citt\u00e0 americana della California. Per soggiornare a Los Angeles, i cittadini stranieri devono essere in possesso di un&#8217;autorizzazione di viaggio o di un visto valido. Posso recarmi a Los Angeles con un ESTA? Per soggiorni inferiori a 90 giorni, i viaggiatori provenienti [&hellip;]<\/p>\n","protected":false},"author":1,"featured_media":0,"parent":0,"menu_order":0,"comment_status":"closed","ping_status":"closed","template":"","meta":{"footnotes":""},"class_list":["post-2689","page","type-page","status-publish","hentry"],"yoast_head":"<!-- This site is optimized with the Yoast SEO plugin v26.6 - https:\/\/yoast.com\/wordpress\/plugins\/seo\/ -->\n<title>ESTA per Los Angeles - USA-GV.COM<\/title>\n<meta name=\"description\" content=\"Ottenere l&#039;autorizzazione ESTA online per viaggiare a Los Angeles negli Stati Uniti\" \/>\n<meta name=\"robots\" content=\"index, follow, max-snippet:-1, max-image-preview:large, max-video-preview:-1\" \/>\n<link rel=\"canonical\" href=\"https:\/\/usa-gv.com\/it\/esta-los-angeles\/\" \/>\n<meta property=\"og:locale\" content=\"it_IT\" \/>\n<meta property=\"og:type\" content=\"article\" \/>\n<meta property=\"og:title\" content=\"ESTA per Los Angeles - USA-GV.COM\" \/>\n<meta property=\"og:description\" content=\"Ottenere l&#039;autorizzazione ESTA online per viaggiare a Los Angeles negli Stati Uniti\" \/>\n<meta property=\"og:url\" content=\"https:\/\/usa-gv.com\/it\/esta-los-angeles\/\" \/>\n<meta property=\"og:site_name\" content=\"USA-GV.COM\" \/>\n<meta property=\"article:modified_time\" content=\"2025-02-25T11:49:38+00:00\" \/>\n<meta property=\"og:image\" content=\"https:\/\/usa-gv.com\/wp-content\/uploads\/2024\/04\/esta-los-angeles-e1736171770188.jpg\" \/>\n<meta name=\"twitter:card\" content=\"summary_large_image\" \/>\n<meta name=\"twitter:label1\" content=\"Tempo di lettura stimato\" \/>\n\t<meta name=\"twitter:data1\" content=\"1 minuto\" \/>\n<script type=\"application\/ld+json\" class=\"yoast-schema-graph\">{\"@context\":\"https:\/\/schema.org\",\"@graph\":[{\"@type\":\"WebPage\",\"@id\":\"https:\/\/usa-gv.com\/it\/esta-los-angeles\/\",\"url\":\"https:\/\/usa-gv.com\/it\/esta-los-angeles\/\",\"name\":\"ESTA per Los Angeles - USA-GV.COM\",\"isPartOf\":{\"@id\":\"https:\/\/usa-gv.com\/it\/#website\"},\"primaryImageOfPage\":{\"@id\":\"https:\/\/usa-gv.com\/it\/esta-los-angeles\/#primaryimage\"},\"image\":{\"@id\":\"https:\/\/usa-gv.com\/it\/esta-los-angeles\/#primaryimage\"},\"thumbnailUrl\":\"https:\/\/usa-gv.com\/wp-content\/uploads\/2024\/04\/esta-los-angeles-e1736171770188.jpg\",\"datePublished\":\"2024-03-19T10:45:13+00:00\",\"dateModified\":\"2025-02-25T11:49:38+00:00\",\"description\":\"Ottenere l'autorizzazione ESTA online per viaggiare a Los Angeles negli Stati Uniti\",\"breadcrumb\":{\"@id\":\"https:\/\/usa-gv.com\/it\/esta-los-angeles\/#breadcrumb\"},\"inLanguage\":\"it-IT\",\"potentialAction\":[{\"@type\":\"ReadAction\",\"target\":[\"https:\/\/usa-gv.com\/it\/esta-los-angeles\/\"]}]},{\"@type\":\"ImageObject\",\"inLanguage\":\"it-IT\",\"@id\":\"https:\/\/usa-gv.com\/it\/esta-los-angeles\/#primaryimage\",\"url\":\"https:\/\/usa-gv.com\/wp-content\/uploads\/2024\/04\/esta-los-angeles-e1736171770188.jpg\",\"contentUrl\":\"https:\/\/usa-gv.com\/wp-content\/uploads\/2024\/04\/esta-los-angeles-e1736171770188.jpg\"},{\"@type\":\"BreadcrumbList\",\"@id\":\"https:\/\/usa-gv.com\/it\/esta-los-angeles\/#breadcrumb\",\"itemListElement\":[{\"@type\":\"ListItem\",\"position\":1,\"name\":\"Home\",\"item\":\"https:\/\/usa-gv.com\/it\/guida-turistica-degli-stati-uniti\/\"},{\"@type\":\"ListItem\",\"position\":2,\"name\":\"ESTA per Los Angeles\"}]},{\"@type\":\"WebSite\",\"@id\":\"https:\/\/usa-gv.com\/it\/#website\",\"url\":\"https:\/\/usa-gv.com\/it\/\",\"name\":\"USA-GV.COM\",\"description\":\"\",\"potentialAction\":[{\"@type\":\"SearchAction\",\"target\":{\"@type\":\"EntryPoint\",\"urlTemplate\":\"https:\/\/usa-gv.com\/it\/?s={search_term_string}\"},\"query-input\":{\"@type\":\"PropertyValueSpecification\",\"valueRequired\":true,\"valueName\":\"search_term_string\"}}],\"inLanguage\":\"it-IT\"}]}<\/script>\n<!-- \/ Yoast SEO plugin. -->","yoast_head_json":{"title":"ESTA per Los Angeles - USA-GV.COM","description":"Ottenere l'autorizzazione ESTA online per viaggiare a Los Angeles negli Stati Uniti","robots":{"index":"index","follow":"follow","max-snippet":"max-snippet:-1","max-image-preview":"max-image-preview:large","max-video-preview":"max-video-preview:-1"},"canonical":"https:\/\/usa-gv.com\/it\/esta-los-angeles\/","og_locale":"it_IT","og_type":"article","og_title":"ESTA per Los Angeles - USA-GV.COM","og_description":"Ottenere l'autorizzazione ESTA online per viaggiare a Los Angeles negli Stati Uniti","og_url":"https:\/\/usa-gv.com\/it\/esta-los-angeles\/","og_site_name":"USA-GV.COM","article_modified_time":"2025-02-25T11:49:38+00:00","og_image":[{"url":"https:\/\/usa-gv.com\/wp-content\/uploads\/2024\/04\/esta-los-angeles-e1736171770188.jpg","type":"","width":"","height":""}],"twitter_card":"summary_large_image","twitter_misc":{"Tempo di lettura stimato":"1 minuto"},"schema":{"@context":"https:\/\/schema.org","@graph":[{"@type":"WebPage","@id":"https:\/\/usa-gv.com\/it\/esta-los-angeles\/","url":"https:\/\/usa-gv.com\/it\/esta-los-angeles\/","name":"ESTA per Los Angeles - USA-GV.COM","isPartOf":{"@id":"https:\/\/usa-gv.com\/it\/#website"},"primaryImageOfPage":{"@id":"https:\/\/usa-gv.com\/it\/esta-los-angeles\/#primaryimage"},"image":{"@id":"https:\/\/usa-gv.com\/it\/esta-los-angeles\/#primaryimage"},"thumbnailUrl":"https:\/\/usa-gv.com\/wp-content\/uploads\/2024\/04\/esta-los-angeles-e1736171770188.jpg","datePublished":"2024-03-19T10:45:13+00:00","dateModified":"2025-02-25T11:49:38+00:00","description":"Ottenere l'autorizzazione ESTA online per viaggiare a Los Angeles negli Stati Uniti","breadcrumb":{"@id":"https:\/\/usa-gv.com\/it\/esta-los-angeles\/#breadcrumb"},"inLanguage":"it-IT","potentialAction":[{"@type":"ReadAction","target":["https:\/\/usa-gv.com\/it\/esta-los-angeles\/"]}]},{"@type":"ImageObject","inLanguage":"it-IT","@id":"https:\/\/usa-gv.com\/it\/esta-los-angeles\/#primaryimage","url":"https:\/\/usa-gv.com\/wp-content\/uploads\/2024\/04\/esta-los-angeles-e1736171770188.jpg","contentUrl":"https:\/\/usa-gv.com\/wp-content\/uploads\/2024\/04\/esta-los-angeles-e1736171770188.jpg"},{"@type":"BreadcrumbList","@id":"https:\/\/usa-gv.com\/it\/esta-los-angeles\/#breadcrumb","itemListElement":[{"@type":"ListItem","position":1,"name":"Home","item":"https:\/\/usa-gv.com\/it\/guida-turistica-degli-stati-uniti\/"},{"@type":"ListItem","position":2,"name":"ESTA per Los Angeles"}]},{"@type":"WebSite","@id":"https:\/\/usa-gv.com\/it\/#website","url":"https:\/\/usa-gv.com\/it\/","name":"USA-GV.COM","description":"","potentialAction":[{"@type":"SearchAction","target":{"@type":"EntryPoint","urlTemplate":"https:\/\/usa-gv.com\/it\/?s={search_term_string}"},"query-input":{"@type":"PropertyValueSpecification","valueRequired":true,"valueName":"search_term_string"}}],"inLanguage":"it-IT"}]}},"_links":{"self":[{"href":"https:\/\/usa-gv.com\/it\/wp-json\/wp\/v2\/pages\/2689","targetHints":{"allow":["GET"]}}],"collection":[{"href":"https:\/\/usa-gv.com\/it\/wp-json\/wp\/v2\/pages"}],"about":[{"href":"https:\/\/usa-gv.com\/it\/wp-json\/wp\/v2\/types\/page"}],"author":[{"embeddable":true,"href":"https:\/\/usa-gv.com\/it\/wp-json\/wp\/v2\/users\/1"}],"replies":[{"embeddable":true,"href":"https:\/\/usa-gv.com\/it\/wp-json\/wp\/v2\/comments?post=2689"}],"version-history":[{"count":2,"href":"https:\/\/usa-gv.com\/it\/wp-json\/wp\/v2\/pages\/2689\/revisions"}],"predecessor-version":[{"id":7064,"href":"https:\/\/usa-gv.com\/it\/wp-json\/wp\/v2\/pages\/2689\/revisions\/7064"}],"wp:attachment":[{"href":"https:\/\/usa-gv.com\/it\/wp-json\/wp\/v2\/media?parent=2689"}],"curies":[{"name":"wp","href":"https:\/\/api.w.org\/{rel}","templated":true}]}}