{"id":2669,"date":"2024-03-12T09:17:22","date_gmt":"2024-03-12T09:17:22","guid":{"rendered":"https:\/\/usa-gv.com\/come-pagare-esta\/"},"modified":"2025-02-25T11:49:12","modified_gmt":"2025-02-25T11:49:12","slug":"come-pagare-una-esta","status":"publish","type":"page","link":"https:\/\/usa-gv.com\/it\/come-pagare-una-esta\/","title":{"rendered":"Come pagare l&#8217;ESTA online"},"content":{"rendered":"\n<h1 class=\"wp-block-heading\">Come pagare la domanda ESTA<\/h1>\n\n<p>Il processo di ottenimento dell&#8217;autorizzazione di viaggio ESTA si svolge interamente online.\nLa procedura prevede il pagamento di una tassa di elaborazione per convalidare la domanda e avviare l&#8217;elaborazione informatica.\nEcco cosa c&#8217;\u00e8 da sapere sul pagamento dell&#8217;ESTA.  <\/p>\n\n<p><strong>Per richiedere l&#8217;ESTA<\/strong>, \u00e8 sufficiente cliccare sul <a href=\"https:\/\/usa-gv.com\/it\/modulo-esta-online\/\">modulo ESTA online<\/a>.<\/p>\n\n<div style=\"height:10px\" aria-hidden=\"true\" class=\"wp-block-spacer\"><\/div>\n\n<h2 class=\"wp-block-heading\">L&#8217;ESTA \u00e8 a pagamento?<\/h2>\n\n<p>L&#8217;ottenimento dell&#8217;autorizzazione al viaggio ESTA \u00e8 a pagamento.\nNon \u00e8 possibile ottenere un <a href=\"https:\/\/usa-gv.com\/it\/esta-gratuita\/\">ESTA gratuito<\/a>.\nLa <a href=\"https:\/\/usa-gv.com\/it\/prezzo-esta-statunitense\/\">tassa ESTA<\/a> copre i costi di elaborazione e i costi di sviluppo del turismo negli Stati Uniti.  <\/p>\n\n<h2 class=\"wp-block-heading\">Quando devo pagare?<\/h2>\n\n<p>Quando una <a href=\"https:\/\/usa-gv.com\/it\/come-richiedere-esta\/\">domanda ESTA<\/a> viene effettuata online, il richiedente raggiunge la pagina di pagamento della tassa nella fase finale del processo. La domanda non pu\u00f2 essere perfezionata senza il pagamento della tassa sul <a href=\"https:\/\/usa-gv.com\/it\/sito-web-ufficiale-esta\/\">sito ufficiale dell&#8217;ESTA<\/a>.  <\/p>\n\n<p>Il file viene conservato per un periodo massimo di 7 giorni senza pagamento.\nLa scadenza per il pagamento \u00e8 indicata nella pagina di pagamento. La <strong>richiesta non verr\u00e0 elaborata fino a quando il pagamento della quota non sar\u00e0 stato convalidato<\/strong>. <\/p>\n\n<h2 class=\"wp-block-heading\">Come si paga?<\/h2>\n\n<p>Le <strong>tasse ESTA possono essere pagate solo con carta di credito<\/strong>.\nPer il pagamento online sono accettati i seguenti tipi di carta: Visa, MasterCard, American Express, Discover, Diner&#8217;s Club, Maestro o JCB. <\/p>\n\n<h2 class=\"wp-block-heading\">Foto della pagina di pagamento dell&#8217;ESTA in italiano<\/h2>\n\n<p>Ecco una schermata della pagina web in cui i viaggiatori devono pagare la tassa ESTA<\/p>\n\n<figure class=\"wp-block-image size-large\"><img decoding=\"async\" src=\"https:\/\/usa-gv.com\/wp-content\/uploads\/2024\/04\/pagamento-esta-IT-1-1024x722.jpg\" alt=\"Pagina di pagamento online dell'ESTA\" class=\"wp-image-3375\"\/><figcaption class=\"wp-element-caption\">Foto della pagina di pagamento dell&#8217;ESTA<\/figcaption><\/figure>\n\n<p><\/p>\n","protected":false},"excerpt":{"rendered":"<p>Come pagare la domanda ESTA Il processo di ottenimento dell&#8217;autorizzazione di viaggio ESTA si svolge interamente online. La procedura prevede il pagamento di una tassa di elaborazione per convalidare la domanda e avviare l&#8217;elaborazione informatica. Ecco cosa c&#8217;\u00e8 da sapere sul pagamento dell&#8217;ESTA. Per richiedere l&#8217;ESTA, \u00e8 sufficiente cliccare sul modulo ESTA online. L&#8217;ESTA \u00e8 [&hellip;]<\/p>\n","protected":false},"author":1,"featured_media":0,"parent":0,"menu_order":0,"comment_status":"closed","ping_status":"closed","template":"","meta":{"footnotes":""},"class_list":["post-2669","page","type-page","status-publish","hentry"],"yoast_head":"<!-- This site is optimized with the Yoast SEO plugin v26.6 - https:\/\/yoast.com\/wordpress\/plugins\/seo\/ -->\n<title>Come pagare l&#039;ESTA online - USA-GV.COM<\/title>\n<meta name=\"description\" content=\"Come pagare la domanda ESTA online per completare la procedura e ottenere l&#039;autorizzazione a viaggiare negli Stati Uniti.\" \/>\n<meta name=\"robots\" content=\"index, follow, max-snippet:-1, max-image-preview:large, max-video-preview:-1\" \/>\n<link rel=\"canonical\" href=\"https:\/\/usa-gv.com\/it\/come-pagare-una-esta\/\" \/>\n<meta property=\"og:locale\" content=\"it_IT\" \/>\n<meta property=\"og:type\" content=\"article\" \/>\n<meta property=\"og:title\" content=\"Come pagare l&#039;ESTA online - USA-GV.COM\" \/>\n<meta property=\"og:description\" content=\"Come pagare la domanda ESTA online per completare la procedura e ottenere l&#039;autorizzazione a viaggiare negli Stati Uniti.\" \/>\n<meta property=\"og:url\" content=\"https:\/\/usa-gv.com\/it\/come-pagare-una-esta\/\" \/>\n<meta property=\"og:site_name\" content=\"USA-GV.COM\" \/>\n<meta property=\"article:modified_time\" content=\"2025-02-25T11:49:12+00:00\" \/>\n<meta property=\"og:image\" content=\"https:\/\/usa-gv.com\/wp-content\/uploads\/2024\/04\/pagamento-esta-IT-1-1024x722.jpg\" \/>\n<meta name=\"twitter:card\" content=\"summary_large_image\" \/>\n<meta name=\"twitter:label1\" content=\"Tempo di lettura stimato\" \/>\n\t<meta name=\"twitter:data1\" content=\"1 minuto\" \/>\n<script type=\"application\/ld+json\" class=\"yoast-schema-graph\">{\"@context\":\"https:\/\/schema.org\",\"@graph\":[{\"@type\":\"WebPage\",\"@id\":\"https:\/\/usa-gv.com\/it\/come-pagare-una-esta\/\",\"url\":\"https:\/\/usa-gv.com\/it\/come-pagare-una-esta\/\",\"name\":\"Come pagare l'ESTA online - USA-GV.COM\",\"isPartOf\":{\"@id\":\"https:\/\/usa-gv.com\/it\/#website\"},\"primaryImageOfPage\":{\"@id\":\"https:\/\/usa-gv.com\/it\/come-pagare-una-esta\/#primaryimage\"},\"image\":{\"@id\":\"https:\/\/usa-gv.com\/it\/come-pagare-una-esta\/#primaryimage\"},\"thumbnailUrl\":\"https:\/\/usa-gv.com\/wp-content\/uploads\/2024\/04\/pagamento-esta-IT-1-1024x722.jpg\",\"datePublished\":\"2024-03-12T09:17:22+00:00\",\"dateModified\":\"2025-02-25T11:49:12+00:00\",\"description\":\"Come pagare la domanda ESTA online per completare la procedura e ottenere l'autorizzazione a viaggiare negli Stati Uniti.\",\"breadcrumb\":{\"@id\":\"https:\/\/usa-gv.com\/it\/come-pagare-una-esta\/#breadcrumb\"},\"inLanguage\":\"it-IT\",\"potentialAction\":[{\"@type\":\"ReadAction\",\"target\":[\"https:\/\/usa-gv.com\/it\/come-pagare-una-esta\/\"]}]},{\"@type\":\"ImageObject\",\"inLanguage\":\"it-IT\",\"@id\":\"https:\/\/usa-gv.com\/it\/come-pagare-una-esta\/#primaryimage\",\"url\":\"https:\/\/usa-gv.com\/wp-content\/uploads\/2024\/04\/pagamento-esta-IT-1-1024x722.jpg\",\"contentUrl\":\"https:\/\/usa-gv.com\/wp-content\/uploads\/2024\/04\/pagamento-esta-IT-1-1024x722.jpg\"},{\"@type\":\"BreadcrumbList\",\"@id\":\"https:\/\/usa-gv.com\/it\/come-pagare-una-esta\/#breadcrumb\",\"itemListElement\":[{\"@type\":\"ListItem\",\"position\":1,\"name\":\"Home\",\"item\":\"https:\/\/usa-gv.com\/it\/guida-turistica-degli-stati-uniti\/\"},{\"@type\":\"ListItem\",\"position\":2,\"name\":\"Come pagare l&rsquo;ESTA online\"}]},{\"@type\":\"WebSite\",\"@id\":\"https:\/\/usa-gv.com\/it\/#website\",\"url\":\"https:\/\/usa-gv.com\/it\/\",\"name\":\"USA-GV.COM\",\"description\":\"\",\"potentialAction\":[{\"@type\":\"SearchAction\",\"target\":{\"@type\":\"EntryPoint\",\"urlTemplate\":\"https:\/\/usa-gv.com\/it\/?s={search_term_string}\"},\"query-input\":{\"@type\":\"PropertyValueSpecification\",\"valueRequired\":true,\"valueName\":\"search_term_string\"}}],\"inLanguage\":\"it-IT\"}]}<\/script>\n<!-- \/ Yoast SEO plugin. -->","yoast_head_json":{"title":"Come pagare l'ESTA online - USA-GV.COM","description":"Come pagare la domanda ESTA online per completare la procedura e ottenere l'autorizzazione a viaggiare negli Stati Uniti.","robots":{"index":"index","follow":"follow","max-snippet":"max-snippet:-1","max-image-preview":"max-image-preview:large","max-video-preview":"max-video-preview:-1"},"canonical":"https:\/\/usa-gv.com\/it\/come-pagare-una-esta\/","og_locale":"it_IT","og_type":"article","og_title":"Come pagare l'ESTA online - USA-GV.COM","og_description":"Come pagare la domanda ESTA online per completare la procedura e ottenere l'autorizzazione a viaggiare negli Stati Uniti.","og_url":"https:\/\/usa-gv.com\/it\/come-pagare-una-esta\/","og_site_name":"USA-GV.COM","article_modified_time":"2025-02-25T11:49:12+00:00","og_image":[{"url":"https:\/\/usa-gv.com\/wp-content\/uploads\/2024\/04\/pagamento-esta-IT-1-1024x722.jpg","type":"","width":"","height":""}],"twitter_card":"summary_large_image","twitter_misc":{"Tempo di lettura stimato":"1 minuto"},"schema":{"@context":"https:\/\/schema.org","@graph":[{"@type":"WebPage","@id":"https:\/\/usa-gv.com\/it\/come-pagare-una-esta\/","url":"https:\/\/usa-gv.com\/it\/come-pagare-una-esta\/","name":"Come pagare l'ESTA online - USA-GV.COM","isPartOf":{"@id":"https:\/\/usa-gv.com\/it\/#website"},"primaryImageOfPage":{"@id":"https:\/\/usa-gv.com\/it\/come-pagare-una-esta\/#primaryimage"},"image":{"@id":"https:\/\/usa-gv.com\/it\/come-pagare-una-esta\/#primaryimage"},"thumbnailUrl":"https:\/\/usa-gv.com\/wp-content\/uploads\/2024\/04\/pagamento-esta-IT-1-1024x722.jpg","datePublished":"2024-03-12T09:17:22+00:00","dateModified":"2025-02-25T11:49:12+00:00","description":"Come pagare la domanda ESTA online per completare la procedura e ottenere l'autorizzazione a viaggiare negli Stati Uniti.","breadcrumb":{"@id":"https:\/\/usa-gv.com\/it\/come-pagare-una-esta\/#breadcrumb"},"inLanguage":"it-IT","potentialAction":[{"@type":"ReadAction","target":["https:\/\/usa-gv.com\/it\/come-pagare-una-esta\/"]}]},{"@type":"ImageObject","inLanguage":"it-IT","@id":"https:\/\/usa-gv.com\/it\/come-pagare-una-esta\/#primaryimage","url":"https:\/\/usa-gv.com\/wp-content\/uploads\/2024\/04\/pagamento-esta-IT-1-1024x722.jpg","contentUrl":"https:\/\/usa-gv.com\/wp-content\/uploads\/2024\/04\/pagamento-esta-IT-1-1024x722.jpg"},{"@type":"BreadcrumbList","@id":"https:\/\/usa-gv.com\/it\/come-pagare-una-esta\/#breadcrumb","itemListElement":[{"@type":"ListItem","position":1,"name":"Home","item":"https:\/\/usa-gv.com\/it\/guida-turistica-degli-stati-uniti\/"},{"@type":"ListItem","position":2,"name":"Come pagare l&rsquo;ESTA online"}]},{"@type":"WebSite","@id":"https:\/\/usa-gv.com\/it\/#website","url":"https:\/\/usa-gv.com\/it\/","name":"USA-GV.COM","description":"","potentialAction":[{"@type":"SearchAction","target":{"@type":"EntryPoint","urlTemplate":"https:\/\/usa-gv.com\/it\/?s={search_term_string}"},"query-input":{"@type":"PropertyValueSpecification","valueRequired":true,"valueName":"search_term_string"}}],"inLanguage":"it-IT"}]}},"_links":{"self":[{"href":"https:\/\/usa-gv.com\/it\/wp-json\/wp\/v2\/pages\/2669","targetHints":{"allow":["GET"]}}],"collection":[{"href":"https:\/\/usa-gv.com\/it\/wp-json\/wp\/v2\/pages"}],"about":[{"href":"https:\/\/usa-gv.com\/it\/wp-json\/wp\/v2\/types\/page"}],"author":[{"embeddable":true,"href":"https:\/\/usa-gv.com\/it\/wp-json\/wp\/v2\/users\/1"}],"replies":[{"embeddable":true,"href":"https:\/\/usa-gv.com\/it\/wp-json\/wp\/v2\/comments?post=2669"}],"version-history":[{"count":1,"href":"https:\/\/usa-gv.com\/it\/wp-json\/wp\/v2\/pages\/2669\/revisions"}],"predecessor-version":[{"id":7493,"href":"https:\/\/usa-gv.com\/it\/wp-json\/wp\/v2\/pages\/2669\/revisions\/7493"}],"wp:attachment":[{"href":"https:\/\/usa-gv.com\/it\/wp-json\/wp\/v2\/media?parent=2669"}],"curies":[{"name":"wp","href":"https:\/\/api.w.org\/{rel}","templated":true}]}}