{"id":2595,"date":"2024-03-12T09:05:20","date_gmt":"2024-03-12T09:05:20","guid":{"rendered":"https:\/\/usa-gv.com\/come-richiedere-esta\/"},"modified":"2025-02-25T11:48:48","modified_gmt":"2025-02-25T11:48:48","slug":"come-richiedere-esta","status":"publish","type":"page","link":"https:\/\/usa-gv.com\/it\/come-richiedere-esta\/","title":{"rendered":"Come richiedere l&#8217;ESTA per gli USA"},"content":{"rendered":"\n<h1 class=\"wp-block-heading\">Come richiedere l&#8217;ESTA per gli Stati Uniti<\/h1>\n\n<p>L&#8217;ESTA \u00e8 un&#8217;autorizzazione di viaggio elettronica.\nPu\u00f2 essere ottenuta solo online e i viaggiatori devono fare domanda online.\nEcco i passi da seguire per richiedere l&#8217;autorizzazione ESTA.    <\/p>\n\n<h2 class=\"wp-block-heading\">Assicurati che le condizioni del tuo soggiorno ti consentano di ottenere l&#8217;autorizzazione ESTA.<\/h2>\n\n<p>Tutti i viaggiatori che desiderano imbarcarsi per gli Stati Uniti devono essere in possesso di un&#8217;autorizzazione di viaggio.\nI viaggiatori devono <a href=\"https:\/\/usa-gv.com\/it\/regole-di-ammissibilita-per-esta\/\">verificare la loro idoneit\u00e0 all&#8217;ESTA<\/a> prima di fare domanda online.\nEcco le condizioni principali:  <\/p>\n\n<ul class=\"wp-block-list\">\n<li>Solo i cittadini dei Paesi aderenti al <a href=\"https:\/\/usa-gv.com\/it\/visa-waiver-program-usa\/\">Programma Visa Vaiwer<\/a> possono richiedere l&#8217;ESTA;<\/li>\n\n\n\n<li>Il tuo soggiorno negli Stati Uniti non deve superare i 90 giorni.<\/li>\n\n\n\n<li>Il motivo del soggiorno pu\u00f2 essere esclusivamente un viaggio turistico o di lavoro.\n\u00c8 inoltre possibile ottenere un&#8217;<a href=\"https:\/\/usa-gv.com\/it\/esta-transito-usa\/\">ESTA per il transito negli Stati Uniti<\/a>.   <\/li>\n<\/ul>\n\n<div style=\"height:10px\" aria-hidden=\"true\" class=\"wp-block-spacer\"><\/div>\n\n<h2 class=\"wp-block-heading\">Iscriviti online<\/h2>\n\n<p>Per fare domanda \u00e8 sufficiente compilare il <a href=\"https:\/\/usa-gv.com\/it\/modulo-esta-online\/\">modulo ESTA online<\/a>, fornendo tutti i dati personali e le informazioni relative al tuo viaggio negli USA. Per maggiori informazioni sulle <a href=\"https:\/\/usa-gv.com\/it\/domande-sul-modulo-esta\/\">domande del modulo ESTA<\/a>, abbiamo descritto in dettaglio i passaggi per <a href=\"https:\/\/usa-gv.com\/it\/compilare-il-modulo-esta-online\/\">compilare il modulo ESTA<\/a>.<\/p>\n\n<p>La procedura richiede solo pochi minuti se il viaggiatore \u00e8 in possesso di un <a href=\"https:\/\/usa-gv.com\/it\/passaporto-per-gli-stati-uniti\/\">passaporto valido per gli Stati Uniti<\/a>.<\/p>\n\n<h2 class=\"wp-block-heading\">Pagare le spese amministrative obbligatorie<\/h2>\n\n<p>Per convalidare la domanda online, i viaggiatori devono <a href=\"https:\/\/usa-gv.com\/it\/come-pagare-una-esta\/\">pagare l&#8217;ESTA<\/a> con carta di credito direttamente dopo aver inviato il modulo compilato. Il prezzo \u00e8 variato diverse volte da quando \u00e8 stata introdotta l&#8217;autorizzazione ESTA. Questi costi sono utilizzati per finanziare :<\/p>\n\n<ul class=\"wp-block-list\">\n<li>Il <a href=\"https:\/\/www.dhs.gov\/\">Dipartimento di Sicurezza Nazionale<\/a> (DHS), che gestisce le autorizzazioni ESTA;<\/li>\n\n\n\n<li>Lo sviluppo del turismo negli Stati Uniti.<\/li>\n<\/ul>\n\n<div style=\"height:10px\" aria-hidden=\"true\" class=\"wp-block-spacer\"><\/div>\n\n<h2 class=\"wp-block-heading\">In attesa di una risposta da parte del DHS<\/h2>\n\n<p>Il viaggiatore riceve una risposta via e-mail dal DHS entro 72 ore.\nPotrai quindi collegarti al <a href=\"https:\/\/usa-gv.com\/it\/sito-web-ufficiale-esta\/\">sito ufficiale dell&#8217;ESTA<\/a> per <a href=\"https:\/\/usa-gv.com\/it\/verificare-la-validita-dell-esta\/\">verificare la validit\u00e0 della tua ESTA<\/a>. <\/p>\n\n<h2 class=\"wp-block-heading\">Stampa l&#8217;autorizzazione ESTA approvata<\/h2>\n\n<p>Una volta approvata l&#8217;autorizzazione ESTA, \u00e8 consigliabile <a href=\"https:\/\/usa-gv.com\/it\/stampa-esta\/\">stampare l&#8217;ESTA<\/a> prima di salire a bordo dell&#8217;aereo. Questa procedura non \u00e8 in alcun modo obbligatoria e non \u00e8 necessario presentare l&#8217;ESTA in aeroporto o all&#8217;arrivo negli Stati Uniti. Tuttavia, \u00e8 sempre consigliabile portarlo con s\u00e9 insieme ai <a href=\"https:\/\/usa-gv.com\/it\/documenti-di-viaggio-per-gli-usa\/\">documenti di viaggio per gli Stati Uniti<\/a>.  <\/p>\n\n<h2 class=\"wp-block-heading\">Rinnovo della domanda se l&#8217;ESTA viene rifiutata<\/h2>\n\n<p>Pu\u00f2 capitare che una <a href=\"https:\/\/usa-gv.com\/it\/domanda-esta-rifiutata\/\">richiesta di ESTA venga rifiutata<\/a>. In questo caso, l&#8217;e-mail di risposta non fornisce alcuna spiegazione. I richiedenti respinti devono rivedere tutte le informazioni presentate nel modulo ESTA per individuare eventuali errori o condizioni non conformi alle <a href=\"https:\/\/usa-gv.com\/it\/regole-di-ammissibilita-per-esta\/\">regole di idoneit\u00e0 ESTA<\/a>. Il richiedente pu\u00f2 quindi provare a presentare una nuova domanda ESTA.<\/p>\n","protected":false},"excerpt":{"rendered":"<p>Come richiedere l&#8217;ESTA per gli Stati Uniti L&#8217;ESTA \u00e8 un&#8217;autorizzazione di viaggio elettronica. Pu\u00f2 essere ottenuta solo online e i viaggiatori devono fare domanda online. Ecco i passi da seguire per richiedere l&#8217;autorizzazione ESTA. Assicurati che le condizioni del tuo soggiorno ti consentano di ottenere l&#8217;autorizzazione ESTA. Tutti i viaggiatori che desiderano imbarcarsi per gli [&hellip;]<\/p>\n","protected":false},"author":1,"featured_media":0,"parent":0,"menu_order":0,"comment_status":"closed","ping_status":"closed","template":"","meta":{"footnotes":""},"class_list":["post-2595","page","type-page","status-publish","hentry"],"yoast_head":"<!-- This site is optimized with the Yoast SEO plugin v26.6 - https:\/\/yoast.com\/wordpress\/plugins\/seo\/ -->\n<title>Come richiedere l&#039;ESTA per gli USA - USA-GV.COM<\/title>\n<meta name=\"description\" content=\"Come richiedere un&#039;ESTA online per recarsi negli Stati Uniti senza ottenere un visto statunitense\" \/>\n<meta name=\"robots\" content=\"index, follow, max-snippet:-1, max-image-preview:large, max-video-preview:-1\" \/>\n<link rel=\"canonical\" href=\"https:\/\/usa-gv.com\/it\/come-richiedere-esta\/\" \/>\n<meta property=\"og:locale\" content=\"it_IT\" \/>\n<meta property=\"og:type\" content=\"article\" \/>\n<meta property=\"og:title\" content=\"Come richiedere l&#039;ESTA per gli USA - USA-GV.COM\" \/>\n<meta property=\"og:description\" content=\"Come richiedere un&#039;ESTA online per recarsi negli Stati Uniti senza ottenere un visto statunitense\" \/>\n<meta property=\"og:url\" content=\"https:\/\/usa-gv.com\/it\/come-richiedere-esta\/\" \/>\n<meta property=\"og:site_name\" content=\"USA-GV.COM\" \/>\n<meta property=\"article:modified_time\" content=\"2025-02-25T11:48:48+00:00\" \/>\n<meta name=\"twitter:card\" content=\"summary_large_image\" \/>\n<meta name=\"twitter:label1\" content=\"Tempo di lettura stimato\" \/>\n\t<meta name=\"twitter:data1\" content=\"2 minuti\" \/>\n<script type=\"application\/ld+json\" class=\"yoast-schema-graph\">{\"@context\":\"https:\/\/schema.org\",\"@graph\":[{\"@type\":\"WebPage\",\"@id\":\"https:\/\/usa-gv.com\/it\/come-richiedere-esta\/\",\"url\":\"https:\/\/usa-gv.com\/it\/come-richiedere-esta\/\",\"name\":\"Come richiedere l'ESTA per gli USA - USA-GV.COM\",\"isPartOf\":{\"@id\":\"https:\/\/usa-gv.com\/it\/#website\"},\"datePublished\":\"2024-03-12T09:05:20+00:00\",\"dateModified\":\"2025-02-25T11:48:48+00:00\",\"description\":\"Come richiedere un'ESTA online per recarsi negli Stati Uniti senza ottenere un visto statunitense\",\"breadcrumb\":{\"@id\":\"https:\/\/usa-gv.com\/it\/come-richiedere-esta\/#breadcrumb\"},\"inLanguage\":\"it-IT\",\"potentialAction\":[{\"@type\":\"ReadAction\",\"target\":[\"https:\/\/usa-gv.com\/it\/come-richiedere-esta\/\"]}]},{\"@type\":\"BreadcrumbList\",\"@id\":\"https:\/\/usa-gv.com\/it\/come-richiedere-esta\/#breadcrumb\",\"itemListElement\":[{\"@type\":\"ListItem\",\"position\":1,\"name\":\"Home\",\"item\":\"https:\/\/usa-gv.com\/it\/guida-turistica-degli-stati-uniti\/\"},{\"@type\":\"ListItem\",\"position\":2,\"name\":\"Come richiedere l&rsquo;ESTA per gli USA\"}]},{\"@type\":\"WebSite\",\"@id\":\"https:\/\/usa-gv.com\/it\/#website\",\"url\":\"https:\/\/usa-gv.com\/it\/\",\"name\":\"USA-GV.COM\",\"description\":\"\",\"potentialAction\":[{\"@type\":\"SearchAction\",\"target\":{\"@type\":\"EntryPoint\",\"urlTemplate\":\"https:\/\/usa-gv.com\/it\/?s={search_term_string}\"},\"query-input\":{\"@type\":\"PropertyValueSpecification\",\"valueRequired\":true,\"valueName\":\"search_term_string\"}}],\"inLanguage\":\"it-IT\"}]}<\/script>\n<!-- \/ Yoast SEO plugin. -->","yoast_head_json":{"title":"Come richiedere l'ESTA per gli USA - USA-GV.COM","description":"Come richiedere un'ESTA online per recarsi negli Stati Uniti senza ottenere un visto statunitense","robots":{"index":"index","follow":"follow","max-snippet":"max-snippet:-1","max-image-preview":"max-image-preview:large","max-video-preview":"max-video-preview:-1"},"canonical":"https:\/\/usa-gv.com\/it\/come-richiedere-esta\/","og_locale":"it_IT","og_type":"article","og_title":"Come richiedere l'ESTA per gli USA - USA-GV.COM","og_description":"Come richiedere un'ESTA online per recarsi negli Stati Uniti senza ottenere un visto statunitense","og_url":"https:\/\/usa-gv.com\/it\/come-richiedere-esta\/","og_site_name":"USA-GV.COM","article_modified_time":"2025-02-25T11:48:48+00:00","twitter_card":"summary_large_image","twitter_misc":{"Tempo di lettura stimato":"2 minuti"},"schema":{"@context":"https:\/\/schema.org","@graph":[{"@type":"WebPage","@id":"https:\/\/usa-gv.com\/it\/come-richiedere-esta\/","url":"https:\/\/usa-gv.com\/it\/come-richiedere-esta\/","name":"Come richiedere l'ESTA per gli USA - USA-GV.COM","isPartOf":{"@id":"https:\/\/usa-gv.com\/it\/#website"},"datePublished":"2024-03-12T09:05:20+00:00","dateModified":"2025-02-25T11:48:48+00:00","description":"Come richiedere un'ESTA online per recarsi negli Stati Uniti senza ottenere un visto statunitense","breadcrumb":{"@id":"https:\/\/usa-gv.com\/it\/come-richiedere-esta\/#breadcrumb"},"inLanguage":"it-IT","potentialAction":[{"@type":"ReadAction","target":["https:\/\/usa-gv.com\/it\/come-richiedere-esta\/"]}]},{"@type":"BreadcrumbList","@id":"https:\/\/usa-gv.com\/it\/come-richiedere-esta\/#breadcrumb","itemListElement":[{"@type":"ListItem","position":1,"name":"Home","item":"https:\/\/usa-gv.com\/it\/guida-turistica-degli-stati-uniti\/"},{"@type":"ListItem","position":2,"name":"Come richiedere l&rsquo;ESTA per gli USA"}]},{"@type":"WebSite","@id":"https:\/\/usa-gv.com\/it\/#website","url":"https:\/\/usa-gv.com\/it\/","name":"USA-GV.COM","description":"","potentialAction":[{"@type":"SearchAction","target":{"@type":"EntryPoint","urlTemplate":"https:\/\/usa-gv.com\/it\/?s={search_term_string}"},"query-input":{"@type":"PropertyValueSpecification","valueRequired":true,"valueName":"search_term_string"}}],"inLanguage":"it-IT"}]}},"_links":{"self":[{"href":"https:\/\/usa-gv.com\/it\/wp-json\/wp\/v2\/pages\/2595","targetHints":{"allow":["GET"]}}],"collection":[{"href":"https:\/\/usa-gv.com\/it\/wp-json\/wp\/v2\/pages"}],"about":[{"href":"https:\/\/usa-gv.com\/it\/wp-json\/wp\/v2\/types\/page"}],"author":[{"embeddable":true,"href":"https:\/\/usa-gv.com\/it\/wp-json\/wp\/v2\/users\/1"}],"replies":[{"embeddable":true,"href":"https:\/\/usa-gv.com\/it\/wp-json\/wp\/v2\/comments?post=2595"}],"version-history":[{"count":1,"href":"https:\/\/usa-gv.com\/it\/wp-json\/wp\/v2\/pages\/2595\/revisions"}],"predecessor-version":[{"id":7449,"href":"https:\/\/usa-gv.com\/it\/wp-json\/wp\/v2\/pages\/2595\/revisions\/7449"}],"wp:attachment":[{"href":"https:\/\/usa-gv.com\/it\/wp-json\/wp\/v2\/media?parent=2595"}],"curies":[{"name":"wp","href":"https:\/\/api.w.org\/{rel}","templated":true}]}}