{"id":2577,"date":"2024-03-19T10:33:57","date_gmt":"2024-03-19T10:33:57","guid":{"rendered":"https:\/\/usa-gv.com\/esta-rinnovo\/"},"modified":"2025-02-25T11:48:41","modified_gmt":"2025-02-25T11:48:41","slug":"esta-rinnovo","status":"publish","type":"page","link":"https:\/\/usa-gv.com\/it\/esta-rinnovo\/","title":{"rendered":"Come rinnovare l&#8217;ESTA"},"content":{"rendered":"\n<h1 class=\"wp-block-heading\">Come rinnovare l&#8217;autorizzazione ESTA<\/h1>\n\n<p>L&#8217;autorizzazione ESTA consente ai cittadini dei paesi aderenti al Programma Viaggio senza Visto di recarsi negli Stati Uniti senza visto per un soggiorno inferiore ai 90 giorni.  <\/p>\n\n<p><strong>Puoi rinnovare la tua autorizzazione in pochi minuti<\/strong> cliccando sul <a href=\"https:\/\/usa-gv.com\/it\/modulo-esta-online\/\">modulo ESTA online<\/a>.<\/p>\n\n<div style=\"height:10px\" aria-hidden=\"true\" class=\"wp-block-spacer\"><\/div>\n\n<p>L&#8217;<a href=\"https:\/\/usa-gv.com\/it\/periodo-validita-dell-esta\/\">ESTA \u00e8 valida<\/a> per un periodo di tempo limitato. Il periodo iniziale pi\u00f9 comune \u00e8 di 2 anni, ma l&#8217;autorizzazione ESTA pu\u00f2 essere invalidata prima. \u00c8 consigliabile <a href=\"https:\/\/usa-gv.com\/it\/verificare-la-validita-dell-esta\/\">verificare la validit\u00e0 dell&#8217;ESTA<\/a> almeno 3 giorni prima di imbarcarsi sul volo per gli Stati Uniti.  <\/p>\n\n<p>Se la tua autorizzazione ESTA non \u00e8 pi\u00f9 valida, devi rinnovare la domanda ESTA.\nPer rinnovare online, <a href=\"https:\/\/usa-gv.com\/it\/compilare-il-modulo-esta-online\/\">compila il modulo ESTA<\/a>.\nLa procedura \u00e8 la stessa della precedente domanda ESTA.    <\/p>\n\n<h2 class=\"wp-block-heading\">Il rinnovo dell&#8217;ESTA \u00e8 automatico?<\/h2>\n\n<p>Non esiste un rinnovo automatico o tacito dell&#8217;autorizzazione ESTA.\nIl viaggiatore deve presentare una nuova <a href=\"https:\/\/usa-gv.com\/it\/come-richiedere-esta\/\">domanda ESTA<\/a>, che verr\u00e0 elaborata allo stesso modo della prima domanda.\n\u00c8 necessario completare tutte le <a href=\"https:\/\/usa-gv.com\/it\/domande-sul-modulo-esta\/\">domande dell&#8217;ESTA<\/a> e fornire i dati del <a href=\"https:\/\/usa-gv.com\/it\/passaporto-per-gli-stati-uniti\/\">passaporto valido per il viaggio negli Stati Uniti<\/a>.  <\/p>\n\n<h2 class=\"wp-block-heading\">Quali sono le spese di rinnovo dell&#8217;ESTA?<\/h2>\n\n<p>Il rinnovo della domanda ESTA viene trattato come una nuova domanda, indipendentemente da eventuali autorizzazioni ESTA ottenute in precedenza.\nIl richiedente dell&#8217;ESTA deve pagare nuovamente l&#8217;intero <a href=\"https:\/\/usa-gv.com\/it\/prezzo-esta-statunitense\/\">prezzo dell&#8217;ESTA<\/a>.\nL&#8217;elaborazione della domanda inizier\u00e0 solo dopo il <a href=\"https:\/\/usa-gv.com\/it\/come-pagare-una-esta\/\">pagamento della tassa ESTA<\/a>.  <\/p>\n","protected":false},"excerpt":{"rendered":"<p>Come rinnovare l&#8217;autorizzazione ESTA L&#8217;autorizzazione ESTA consente ai cittadini dei paesi aderenti al Programma Viaggio senza Visto di recarsi negli Stati Uniti senza visto per un soggiorno inferiore ai 90 giorni. Puoi rinnovare la tua autorizzazione in pochi minuti cliccando sul modulo ESTA online. L&#8217;ESTA \u00e8 valida per un periodo di tempo limitato. Il periodo [&hellip;]<\/p>\n","protected":false},"author":1,"featured_media":0,"parent":0,"menu_order":0,"comment_status":"closed","ping_status":"closed","template":"","meta":{"footnotes":""},"class_list":["post-2577","page","type-page","status-publish","hentry"],"yoast_head":"<!-- This site is optimized with the Yoast SEO plugin v26.6 - https:\/\/yoast.com\/wordpress\/plugins\/seo\/ -->\n<title>Come rinnovare l&#039;ESTA - USA-GV.COM<\/title>\n<meta name=\"description\" content=\"Puoi rinnovare facilmente l&#039;autorizzazione ESTA seguendo la procedura online se disponi dei dati di viaggio.\" \/>\n<meta name=\"robots\" content=\"index, follow, max-snippet:-1, max-image-preview:large, max-video-preview:-1\" \/>\n<link rel=\"canonical\" href=\"https:\/\/usa-gv.com\/it\/esta-rinnovo\/\" \/>\n<meta property=\"og:locale\" content=\"it_IT\" \/>\n<meta property=\"og:type\" content=\"article\" \/>\n<meta property=\"og:title\" content=\"Come rinnovare l&#039;ESTA - USA-GV.COM\" \/>\n<meta property=\"og:description\" content=\"Puoi rinnovare facilmente l&#039;autorizzazione ESTA seguendo la procedura online se disponi dei dati di viaggio.\" \/>\n<meta property=\"og:url\" content=\"https:\/\/usa-gv.com\/it\/esta-rinnovo\/\" \/>\n<meta property=\"og:site_name\" content=\"USA-GV.COM\" \/>\n<meta property=\"article:modified_time\" content=\"2025-02-25T11:48:41+00:00\" \/>\n<meta name=\"twitter:card\" content=\"summary_large_image\" \/>\n<meta name=\"twitter:label1\" content=\"Tempo di lettura stimato\" \/>\n\t<meta name=\"twitter:data1\" content=\"1 minuto\" \/>\n<script type=\"application\/ld+json\" class=\"yoast-schema-graph\">{\"@context\":\"https:\/\/schema.org\",\"@graph\":[{\"@type\":\"WebPage\",\"@id\":\"https:\/\/usa-gv.com\/it\/esta-rinnovo\/\",\"url\":\"https:\/\/usa-gv.com\/it\/esta-rinnovo\/\",\"name\":\"Come rinnovare l'ESTA - USA-GV.COM\",\"isPartOf\":{\"@id\":\"https:\/\/usa-gv.com\/it\/#website\"},\"datePublished\":\"2024-03-19T10:33:57+00:00\",\"dateModified\":\"2025-02-25T11:48:41+00:00\",\"description\":\"Puoi rinnovare facilmente l'autorizzazione ESTA seguendo la procedura online se disponi dei dati di viaggio.\",\"breadcrumb\":{\"@id\":\"https:\/\/usa-gv.com\/it\/esta-rinnovo\/#breadcrumb\"},\"inLanguage\":\"it-IT\",\"potentialAction\":[{\"@type\":\"ReadAction\",\"target\":[\"https:\/\/usa-gv.com\/it\/esta-rinnovo\/\"]}]},{\"@type\":\"BreadcrumbList\",\"@id\":\"https:\/\/usa-gv.com\/it\/esta-rinnovo\/#breadcrumb\",\"itemListElement\":[{\"@type\":\"ListItem\",\"position\":1,\"name\":\"Home\",\"item\":\"https:\/\/usa-gv.com\/it\/guida-turistica-degli-stati-uniti\/\"},{\"@type\":\"ListItem\",\"position\":2,\"name\":\"Come rinnovare l&rsquo;ESTA\"}]},{\"@type\":\"WebSite\",\"@id\":\"https:\/\/usa-gv.com\/it\/#website\",\"url\":\"https:\/\/usa-gv.com\/it\/\",\"name\":\"USA-GV.COM\",\"description\":\"\",\"potentialAction\":[{\"@type\":\"SearchAction\",\"target\":{\"@type\":\"EntryPoint\",\"urlTemplate\":\"https:\/\/usa-gv.com\/it\/?s={search_term_string}\"},\"query-input\":{\"@type\":\"PropertyValueSpecification\",\"valueRequired\":true,\"valueName\":\"search_term_string\"}}],\"inLanguage\":\"it-IT\"}]}<\/script>\n<!-- \/ Yoast SEO plugin. -->","yoast_head_json":{"title":"Come rinnovare l'ESTA - USA-GV.COM","description":"Puoi rinnovare facilmente l'autorizzazione ESTA seguendo la procedura online se disponi dei dati di viaggio.","robots":{"index":"index","follow":"follow","max-snippet":"max-snippet:-1","max-image-preview":"max-image-preview:large","max-video-preview":"max-video-preview:-1"},"canonical":"https:\/\/usa-gv.com\/it\/esta-rinnovo\/","og_locale":"it_IT","og_type":"article","og_title":"Come rinnovare l'ESTA - USA-GV.COM","og_description":"Puoi rinnovare facilmente l'autorizzazione ESTA seguendo la procedura online se disponi dei dati di viaggio.","og_url":"https:\/\/usa-gv.com\/it\/esta-rinnovo\/","og_site_name":"USA-GV.COM","article_modified_time":"2025-02-25T11:48:41+00:00","twitter_card":"summary_large_image","twitter_misc":{"Tempo di lettura stimato":"1 minuto"},"schema":{"@context":"https:\/\/schema.org","@graph":[{"@type":"WebPage","@id":"https:\/\/usa-gv.com\/it\/esta-rinnovo\/","url":"https:\/\/usa-gv.com\/it\/esta-rinnovo\/","name":"Come rinnovare l'ESTA - USA-GV.COM","isPartOf":{"@id":"https:\/\/usa-gv.com\/it\/#website"},"datePublished":"2024-03-19T10:33:57+00:00","dateModified":"2025-02-25T11:48:41+00:00","description":"Puoi rinnovare facilmente l'autorizzazione ESTA seguendo la procedura online se disponi dei dati di viaggio.","breadcrumb":{"@id":"https:\/\/usa-gv.com\/it\/esta-rinnovo\/#breadcrumb"},"inLanguage":"it-IT","potentialAction":[{"@type":"ReadAction","target":["https:\/\/usa-gv.com\/it\/esta-rinnovo\/"]}]},{"@type":"BreadcrumbList","@id":"https:\/\/usa-gv.com\/it\/esta-rinnovo\/#breadcrumb","itemListElement":[{"@type":"ListItem","position":1,"name":"Home","item":"https:\/\/usa-gv.com\/it\/guida-turistica-degli-stati-uniti\/"},{"@type":"ListItem","position":2,"name":"Come rinnovare l&rsquo;ESTA"}]},{"@type":"WebSite","@id":"https:\/\/usa-gv.com\/it\/#website","url":"https:\/\/usa-gv.com\/it\/","name":"USA-GV.COM","description":"","potentialAction":[{"@type":"SearchAction","target":{"@type":"EntryPoint","urlTemplate":"https:\/\/usa-gv.com\/it\/?s={search_term_string}"},"query-input":{"@type":"PropertyValueSpecification","valueRequired":true,"valueName":"search_term_string"}}],"inLanguage":"it-IT"}]}},"_links":{"self":[{"href":"https:\/\/usa-gv.com\/it\/wp-json\/wp\/v2\/pages\/2577","targetHints":{"allow":["GET"]}}],"collection":[{"href":"https:\/\/usa-gv.com\/it\/wp-json\/wp\/v2\/pages"}],"about":[{"href":"https:\/\/usa-gv.com\/it\/wp-json\/wp\/v2\/types\/page"}],"author":[{"embeddable":true,"href":"https:\/\/usa-gv.com\/it\/wp-json\/wp\/v2\/users\/1"}],"replies":[{"embeddable":true,"href":"https:\/\/usa-gv.com\/it\/wp-json\/wp\/v2\/comments?post=2577"}],"version-history":[{"count":1,"href":"https:\/\/usa-gv.com\/it\/wp-json\/wp\/v2\/pages\/2577\/revisions"}],"predecessor-version":[{"id":7438,"href":"https:\/\/usa-gv.com\/it\/wp-json\/wp\/v2\/pages\/2577\/revisions\/7438"}],"wp:attachment":[{"href":"https:\/\/usa-gv.com\/it\/wp-json\/wp\/v2\/media?parent=2577"}],"curies":[{"name":"wp","href":"https:\/\/api.w.org\/{rel}","templated":true}]}}