{"id":2557,"date":"2024-03-12T09:24:57","date_gmt":"2024-03-12T09:24:57","guid":{"rendered":"https:\/\/usa-gv.com\/esta-gratuita\/"},"modified":"2025-02-25T11:48:35","modified_gmt":"2025-02-25T11:48:35","slug":"esta-gratuita","status":"publish","type":"page","link":"https:\/\/usa-gv.com\/it\/esta-gratuita\/","title":{"rendered":"Autorizzazione ESTA gratuita"},"content":{"rendered":"\n<h1 class=\"wp-block-heading\">Ottenere un&#8217;autorizzazione ESTA gratuita<\/h1>\n\n<p>Il Programma Viaggio senza Visto degli Stati Uniti consente ai viaggiatori idonei di ottenere un certificato ESTA per un soggiorno di meno di 90 giorni negli Stati Uniti.\nPuoi <a href=\"https:\/\/usa-gv.com\/it\/come-richiedere-esta\/\">richiedere l&#8217;ESTA<\/a> online. <\/p>\n\n<h2 class=\"wp-block-heading\">L&#8217;autorizzazione ESTA \u00e8 gratuita o a pagamento?<\/h2>\n\n<p>Il <a href=\"https:\/\/usa-gv.com\/it\/modulo-esta-online\/\">modulo ESTA online<\/a> comprende una serie di <a href=\"https:\/\/usa-gv.com\/it\/domande-sul-modulo-esta\/\">domande sul viaggiatore<\/a> e termina con una pagina di pagamento. I viaggiatori devono <a href=\"https:\/\/usa-gv.com\/it\/come-pagare-una-esta\/\">pagare l&#8217;ESTA online<\/a> con carta di credito per convalidare la domanda. Il <a href=\"https:\/\/usa-gv.com\/it\/prezzo-esta-statunitense\/\">prezzo dell&#8217;ESTA<\/a> \u00e8 stabilito dal Dipartimento di Stato americano. \u00c8 cambiato diverse volte da quando il <a href=\"https:\/\/usa-gv.com\/it\/visa-waiver-program-usa\/\">Programma Viaggio senza Visto<\/a> \u00e8 stato lanciato nel 2009.<\/p>\n\n<p>Il <strong>modulo ESTA non \u00e8 gratuito sul sito ufficiale dell&#8217;ESTA<\/strong>.\nLe tasse vengono utilizzate per finanziare il funzionamento del Programma Viaggio senza Visto e per promuovere il turismo negli Stati Uniti. <\/p>\n\n<h2 class=\"wp-block-heading\">Come posso ottenere l&#8217;ESTA gratuitamente?<\/h2>\n\n<p>Per conoscere lo stato della tua autorizzazione ESTA, basta collegarsi al <a href=\"https:\/\/usa-gv.com\/it\/sito-web-ufficiale-esta\/\">sito ufficiale dell&#8217;ESTA<\/a> e <a href=\"https:\/\/usa-gv.com\/it\/verificare-la-validita-dell-esta\/\">verificare la validit\u00e0 della tua ESTA<\/a>. La procedura \u00e8 gratuita e richiede solo pochi minuti se il viaggiatore \u00e8 in possesso dei propri dati di viaggio.<\/p>\n\n<p>L&#8217;<a href=\"https:\/\/usa-gv.com\/it\/periodo-validita-dell-esta\/\">ESTA ha una validit\u00e0<\/a> iniziale di due anni. Tuttavia, per alcuni motivi questo periodo pu\u00f2 essere ridotto. Il motivo principale \u00e8 la validit\u00e0 del <a href=\"https:\/\/usa-gv.com\/it\/passaporto-per-gli-stati-uniti\/\">passaporto utilizzato per ottenere l&#8217;ESTA<\/a>. Quando il passaporto non \u00e8 pi\u00f9 valido, anche l&#8217;ESTA ottenuta non \u00e8 pi\u00f9 valida.<\/p>\n","protected":false},"excerpt":{"rendered":"<p>Ottenere un&#8217;autorizzazione ESTA gratuita Il Programma Viaggio senza Visto degli Stati Uniti consente ai viaggiatori idonei di ottenere un certificato ESTA per un soggiorno di meno di 90 giorni negli Stati Uniti. Puoi richiedere l&#8217;ESTA online. L&#8217;autorizzazione ESTA \u00e8 gratuita o a pagamento? Il modulo ESTA online comprende una serie di domande sul viaggiatore e [&hellip;]<\/p>\n","protected":false},"author":1,"featured_media":0,"parent":0,"menu_order":0,"comment_status":"closed","ping_status":"closed","template":"","meta":{"footnotes":""},"class_list":["post-2557","page","type-page","status-publish","hentry"],"yoast_head":"<!-- This site is optimized with the Yoast SEO plugin v26.6 - https:\/\/yoast.com\/wordpress\/plugins\/seo\/ -->\n<title>Autorizzazione ESTA gratuita - USA-GV.COM<\/title>\n<meta name=\"description\" content=\"L&#039;autorizzazione ESTA per i viaggi negli Stati Uniti pu\u00f2 essere ottenuta online. Il modulo online sul sito ufficiale dell&#039;ESTA \u00e8 a pagamento.\" \/>\n<meta name=\"robots\" content=\"index, follow, max-snippet:-1, max-image-preview:large, max-video-preview:-1\" \/>\n<link rel=\"canonical\" href=\"https:\/\/usa-gv.com\/it\/esta-gratuita\/\" \/>\n<meta property=\"og:locale\" content=\"it_IT\" \/>\n<meta property=\"og:type\" content=\"article\" \/>\n<meta property=\"og:title\" content=\"Autorizzazione ESTA gratuita - USA-GV.COM\" \/>\n<meta property=\"og:description\" content=\"L&#039;autorizzazione ESTA per i viaggi negli Stati Uniti pu\u00f2 essere ottenuta online. Il modulo online sul sito ufficiale dell&#039;ESTA \u00e8 a pagamento.\" \/>\n<meta property=\"og:url\" content=\"https:\/\/usa-gv.com\/it\/esta-gratuita\/\" \/>\n<meta property=\"og:site_name\" content=\"USA-GV.COM\" \/>\n<meta property=\"article:modified_time\" content=\"2025-02-25T11:48:35+00:00\" \/>\n<meta name=\"twitter:card\" content=\"summary_large_image\" \/>\n<meta name=\"twitter:label1\" content=\"Tempo di lettura stimato\" \/>\n\t<meta name=\"twitter:data1\" content=\"1 minuto\" \/>\n<script type=\"application\/ld+json\" class=\"yoast-schema-graph\">{\"@context\":\"https:\/\/schema.org\",\"@graph\":[{\"@type\":\"WebPage\",\"@id\":\"https:\/\/usa-gv.com\/it\/esta-gratuita\/\",\"url\":\"https:\/\/usa-gv.com\/it\/esta-gratuita\/\",\"name\":\"Autorizzazione ESTA gratuita - USA-GV.COM\",\"isPartOf\":{\"@id\":\"https:\/\/usa-gv.com\/it\/#website\"},\"datePublished\":\"2024-03-12T09:24:57+00:00\",\"dateModified\":\"2025-02-25T11:48:35+00:00\",\"description\":\"L'autorizzazione ESTA per i viaggi negli Stati Uniti pu\u00f2 essere ottenuta online. Il modulo online sul sito ufficiale dell'ESTA \u00e8 a pagamento.\",\"breadcrumb\":{\"@id\":\"https:\/\/usa-gv.com\/it\/esta-gratuita\/#breadcrumb\"},\"inLanguage\":\"it-IT\",\"potentialAction\":[{\"@type\":\"ReadAction\",\"target\":[\"https:\/\/usa-gv.com\/it\/esta-gratuita\/\"]}]},{\"@type\":\"BreadcrumbList\",\"@id\":\"https:\/\/usa-gv.com\/it\/esta-gratuita\/#breadcrumb\",\"itemListElement\":[{\"@type\":\"ListItem\",\"position\":1,\"name\":\"Home\",\"item\":\"https:\/\/usa-gv.com\/it\/guida-turistica-degli-stati-uniti\/\"},{\"@type\":\"ListItem\",\"position\":2,\"name\":\"Autorizzazione ESTA gratuita\"}]},{\"@type\":\"WebSite\",\"@id\":\"https:\/\/usa-gv.com\/it\/#website\",\"url\":\"https:\/\/usa-gv.com\/it\/\",\"name\":\"USA-GV.COM\",\"description\":\"\",\"potentialAction\":[{\"@type\":\"SearchAction\",\"target\":{\"@type\":\"EntryPoint\",\"urlTemplate\":\"https:\/\/usa-gv.com\/it\/?s={search_term_string}\"},\"query-input\":{\"@type\":\"PropertyValueSpecification\",\"valueRequired\":true,\"valueName\":\"search_term_string\"}}],\"inLanguage\":\"it-IT\"}]}<\/script>\n<!-- \/ Yoast SEO plugin. -->","yoast_head_json":{"title":"Autorizzazione ESTA gratuita - USA-GV.COM","description":"L'autorizzazione ESTA per i viaggi negli Stati Uniti pu\u00f2 essere ottenuta online. Il modulo online sul sito ufficiale dell'ESTA \u00e8 a pagamento.","robots":{"index":"index","follow":"follow","max-snippet":"max-snippet:-1","max-image-preview":"max-image-preview:large","max-video-preview":"max-video-preview:-1"},"canonical":"https:\/\/usa-gv.com\/it\/esta-gratuita\/","og_locale":"it_IT","og_type":"article","og_title":"Autorizzazione ESTA gratuita - USA-GV.COM","og_description":"L'autorizzazione ESTA per i viaggi negli Stati Uniti pu\u00f2 essere ottenuta online. Il modulo online sul sito ufficiale dell'ESTA \u00e8 a pagamento.","og_url":"https:\/\/usa-gv.com\/it\/esta-gratuita\/","og_site_name":"USA-GV.COM","article_modified_time":"2025-02-25T11:48:35+00:00","twitter_card":"summary_large_image","twitter_misc":{"Tempo di lettura stimato":"1 minuto"},"schema":{"@context":"https:\/\/schema.org","@graph":[{"@type":"WebPage","@id":"https:\/\/usa-gv.com\/it\/esta-gratuita\/","url":"https:\/\/usa-gv.com\/it\/esta-gratuita\/","name":"Autorizzazione ESTA gratuita - USA-GV.COM","isPartOf":{"@id":"https:\/\/usa-gv.com\/it\/#website"},"datePublished":"2024-03-12T09:24:57+00:00","dateModified":"2025-02-25T11:48:35+00:00","description":"L'autorizzazione ESTA per i viaggi negli Stati Uniti pu\u00f2 essere ottenuta online. Il modulo online sul sito ufficiale dell'ESTA \u00e8 a pagamento.","breadcrumb":{"@id":"https:\/\/usa-gv.com\/it\/esta-gratuita\/#breadcrumb"},"inLanguage":"it-IT","potentialAction":[{"@type":"ReadAction","target":["https:\/\/usa-gv.com\/it\/esta-gratuita\/"]}]},{"@type":"BreadcrumbList","@id":"https:\/\/usa-gv.com\/it\/esta-gratuita\/#breadcrumb","itemListElement":[{"@type":"ListItem","position":1,"name":"Home","item":"https:\/\/usa-gv.com\/it\/guida-turistica-degli-stati-uniti\/"},{"@type":"ListItem","position":2,"name":"Autorizzazione ESTA gratuita"}]},{"@type":"WebSite","@id":"https:\/\/usa-gv.com\/it\/#website","url":"https:\/\/usa-gv.com\/it\/","name":"USA-GV.COM","description":"","potentialAction":[{"@type":"SearchAction","target":{"@type":"EntryPoint","urlTemplate":"https:\/\/usa-gv.com\/it\/?s={search_term_string}"},"query-input":{"@type":"PropertyValueSpecification","valueRequired":true,"valueName":"search_term_string"}}],"inLanguage":"it-IT"}]}},"_links":{"self":[{"href":"https:\/\/usa-gv.com\/it\/wp-json\/wp\/v2\/pages\/2557","targetHints":{"allow":["GET"]}}],"collection":[{"href":"https:\/\/usa-gv.com\/it\/wp-json\/wp\/v2\/pages"}],"about":[{"href":"https:\/\/usa-gv.com\/it\/wp-json\/wp\/v2\/types\/page"}],"author":[{"embeddable":true,"href":"https:\/\/usa-gv.com\/it\/wp-json\/wp\/v2\/users\/1"}],"replies":[{"embeddable":true,"href":"https:\/\/usa-gv.com\/it\/wp-json\/wp\/v2\/comments?post=2557"}],"version-history":[{"count":1,"href":"https:\/\/usa-gv.com\/it\/wp-json\/wp\/v2\/pages\/2557\/revisions"}],"predecessor-version":[{"id":7427,"href":"https:\/\/usa-gv.com\/it\/wp-json\/wp\/v2\/pages\/2557\/revisions\/7427"}],"wp:attachment":[{"href":"https:\/\/usa-gv.com\/it\/wp-json\/wp\/v2\/media?parent=2557"}],"curies":[{"name":"wp","href":"https:\/\/api.w.org\/{rel}","templated":true}]}}