{"id":2337,"date":"2020-01-31T17:54:31","date_gmt":"2020-01-31T17:54:31","guid":{"rendered":"https:\/\/usa-gv.com\/esta\/"},"modified":"2025-02-25T11:50:15","modified_gmt":"2025-02-25T11:50:15","slug":"formalita-usa","status":"publish","type":"page","link":"https:\/\/usa-gv.com\/it\/formalita-usa\/","title":{"rendered":"Formalit\u00e0 di viaggio negli Stati Uniti"},"content":{"rendered":"\n<h1 class=\"wp-block-heading\">Formalit\u00e0 necessarie per entrare negli Stati Uniti<\/h1>\n\n<p>Il Dipartimento di Sicurezza Nazionale degli Stati Uniti ha creato un sistema informatico per rafforzare la sicurezza nazionale e facilitare i soggiorni di breve durata dei cittadini stranieri.\nQuesta piattaforma valuta i rischi associati ai viaggiatori prima del loro arrivo negli Stati Uniti.\nI viaggiatori compilano una domanda online prima della partenza per ottenere un&#8217;autorizzazione elettronica di viaggio (ESTA).    <\/p>\n\n<p>L&#8217;<strong>autorizzazione ESTA pu\u00f2 essere ottenuta in pochi minuti<\/strong> compilando il <a href=\"https:\/\/usa-gv.com\/it\/modulo-esta-online\/\">modulo ESTA online<\/a>.<\/p>\n\n<div style=\"height:10px\" aria-hidden=\"true\" class=\"wp-block-spacer\"><\/div>\n\n<p>Gli Stati Uniti hanno introdotto questo <a href=\"https:\/\/usa-gv.com\/it\/cos-e-un-autorizzazione-esta\/\">sistema di autorizzazione preventiva al viaggio<\/a> per tre motivi principali:<\/p>\n\n<ol class=\"wp-block-list\">\n<li><strong>Rafforzare la sicurezza nazionale<\/strong>: l&#8217;ESTA consente alle autorit\u00e0 statunitensi di controllare e monitorare meglio i viaggiatori che si recano negli Stati Uniti senza visto, richiedendo informazioni personali ed effettuando controlli di sicurezza prima dell&#8217;arrivo.<\/li>\n\n\n\n<li><strong>Semplificare i viaggi<\/strong>: per i viaggiatori dei Paesi idonei, l&#8217;ESTA semplifica il processo di richiesta rispetto all&#8217;ottenimento di un visto tradizionale.\nIn questo modo \u00e8 pi\u00f9 facile recarsi negli Stati Uniti per turismo, affari o transito di breve durata. <\/li>\n\n\n\n<li><strong>Ridurre il trattamento cartaceo<\/strong>: automatizzando parte del processo di verifica e di richiesta, l&#8217;ESTA riduce l&#8217;onere amministrativo per i viaggiatori e per le autorit\u00e0 competenti in materia di immigrazione.<\/li>\n<\/ol>\n\n<p>Per sapere <a href=\"https:\/\/usa-gv.com\/it\/utilita-esta\/\">a cosa serve l&#8217;ESTA<\/a>, consultate la nostra pagina.  <\/p>\n\n<div style=\"height:10px\" aria-hidden=\"true\" class=\"wp-block-spacer\"><\/div>\n\n<h2 class=\"wp-block-heading\">ESTA come parte del Programma di esenzione dall&#8217;obbligo del visto degli USA<\/h2>\n\n<p>L&#8217;ESTA fa parte del <a href=\"https:\/\/usa-gv.com\/it\/visa-waiver-program-usa\/\">Programma Viaggio senza Visto<\/a>. Il programma americano di esenzione dal visto consente ai cittadini di alcuni Paesi di recarsi negli Stati Uniti senza visto per turismo, affari o transito di breve durata. I Paesi membri del Programma Viaggio senza Visto stanno cooperando efficacemente con gli Stati Uniti nella lotta al terrorismo. Rafforzano i controlli alle frontiere e consentono l&#8217;applicazione delle leggi sulla sicurezza nazionale degli Stati Uniti.<\/p>\n\n<h2 class=\"wp-block-heading\">Richiesta di autorizzazione ESTA<\/h2>\n\n<p>Non tutti i viaggiatori possono <a href=\"https:\/\/usa-gv.com\/it\/come-ottenere-esta\/\">ottenere l&#8217;ESTA<\/a>. I viaggiatori che desiderano fare domanda devono innanzitutto verificare di soddisfare i <a href=\"https:\/\/usa-gv.com\/it\/regole-di-ammissibilita-per-esta\/\">requisiti di idoneit\u00e0 ESTA<\/a>. Queste condizioni determinano quali cittadini dei Paesi membri del VWP possono recarsi negli Stati Uniti per soggiorni inferiori a 90 giorni senza bisogno di un visto tradizionale.  <\/p>\n\n<p>L&#8217;autorizzazione ESTA ti permette di recarti negli Stati Uniti per turismo o per affari. \u00c8 anche possibile <a href=\"https:\/\/usa-gv.com\/it\/esta-transito-usa\/\">transitare negli Stati Uniti con un&#8217;autorizzazione ESTA<\/a>. Tutti i viaggiatori devono avere un&#8217;autorizzazione personale per viaggiare. I genitori devono richiedere un&#8217;<a href=\"https:\/\/usa-gv.com\/it\/esta-per-minori\/\">ESTA per minori<\/a> per ogni figlio, indipendentemente dall&#8217;et\u00e0.    <\/p>\n\n<p>Per <a href=\"https:\/\/usa-gv.com\/it\/come-richiedere-esta\/\">richiedere l &#8216;ESTA<\/a>, i richiedenti devono collegarsi al <a href=\"https:\/\/usa-gv.com\/it\/sito-web-ufficiale-esta\/\">sito web ufficiale dell&#8217;ESTA<\/a> e <a href=\"https:\/\/usa-gv.com\/it\/compilare-il-modulo-esta-online\/\">compilare il modulo ESTA<\/a>. Il processo online richiede solo pochi minuti, una volta che il richiedente ha tutti i suoi dati di viaggio. Le <a href=\"https:\/\/usa-gv.com\/it\/domande-sul-modulo-esta\/\">domande del modulo ESTA<\/a> si suddividono in quattro diverse categorie: <\/p>\n\n<ul class=\"wp-block-list\">\n<li>Dati di identit\u00e0 e <a href=\"https:\/\/usa-gv.com\/it\/passaporto-per-gli-stati-uniti\/\">passaporto per gli USA<\/a>;<\/li>\n\n\n\n<li>Informazioni di viaggio ;<\/li>\n\n\n\n<li>Domande sui registri medici e penali<\/li>\n\n\n\n<li>E domande sul possibile coinvolgimento in attivit\u00e0 terroristiche.<\/li>\n<\/ul>\n\n<div style=\"height:10px\" aria-hidden=\"true\" class=\"wp-block-spacer\"><\/div>\n\n<p>\u00c8 importante rispondere a tutte le domande del modulo ESTA in modo accurato e onesto. Eventuali dichiarazioni false possono comportare il <a href=\"https:\/\/usa-gv.com\/it\/domanda-esta-rifiutata\/\">rifiuto dell&#8217;ESTA<\/a> e persino il divieto di recarsi negli Stati Uniti. <\/p>\n\n<h2 class=\"wp-block-heading\">Ottenere l&#8217;autorizzazione ESTA per recarsi negli USA<\/h2>\n\n<p>Per completare la domanda, i richiedenti devono <a href=\"https:\/\/usa-gv.com\/it\/come-pagare-una-esta\/\">pagare l&#8217;ESTA<\/a>. Nonostante ci\u00f2 che pensano alcuni viaggiatori, non esiste un&#8217;<a href=\"https:\/\/usa-gv.com\/it\/esta-gratuita\/\">ESTA gratuita<\/a>. Negli ultimi anni, il <a href=\"https:\/\/usa-gv.com\/it\/prezzo-esta-statunitense\/\">prezzo dell&#8217;ESTA<\/a> \u00e8 aumentato per coprire i costi amministrativi di gestione del programma per il governo statunitense. Il pagamento comporta l&#8217;elaborazione automatica della domanda ESTA. Nella maggior parte dei casi, la risposta computerizzata arriva al candidato via e-mail entro pochi minuti.<\/p>\n\n<p>Per alcune domande, lo <a href=\"https:\/\/usa-gv.com\/it\/domanda-esta-in-sospeso\/\">status ESTA \u00e8 in sospeso<\/a>. Ci\u00f2 significa che l&#8217;elaborazione richieder\u00e0 pi\u00f9 tempo, ma non significa che la domanda sar\u00e0 rifiutata. <a href=\"https:\/\/www.usembassy.gov\/\">Le autorit\u00e0 statunitensi<\/a> si impegnano a rispettare un termine massimo di 3 giorni per la <a href=\"https:\/\/usa-gv.com\/it\/scadenze-ottenere-esta\/\">risposta dell&#8217;ESTA<\/a>.<\/p>\n\n<p>Una volta concessa l&#8217;autorizzazione, il viaggiatore pu\u00f2 effettuare diversi soggiorni fino a 90 giorni negli Stati Uniti durante il <a href=\"https:\/\/usa-gv.com\/it\/periodo-validita-dell-esta\/\">periodo di validit\u00e0 dell&#8217;ESTA<\/a>.<\/p>\n\n<h2 class=\"wp-block-heading\">Decollo per gli Stati Uniti con autorizzazione ESTA<\/h2>\n\n<p>Un cittadino straniero in possesso di un&#8217;autorizzazione ESTA valida pu\u00f2 imbarcarsi per gli Stati Uniti. Il viaggiatore deve essere in possesso dei <a href=\"https:\/\/usa-gv.com\/it\/documenti-di-viaggio-per-gli-usa\/\">documenti di viaggio necessari per gli Stati Uniti<\/a>. Non \u00e8 necessario <a href=\"https:\/\/usa-gv.com\/it\/stampare-esta\/\">stampare l&#8217;ESTA<\/a> per recarsi in aeroporto. Lo stato dell&#8217;ESTA pu\u00f2 essere consultato elettronicamente dai funzionari doganali alle frontiere degli Stati Uniti.   <\/p>\n\n<p>Tuttavia, l&#8217;autorizzazione <a href=\"https:\/\/usa-gv.com\/it\/esta-visto-usa\/\">ESTA non \u00e8 un visto statunitense<\/a> e non garantisce automaticamente l&#8217;ammissione negli Stati Uniti. I titolari di un&#8217;ESTA devono passare il controllo di frontiera per entrare negli Stati Uniti.<\/p>\n\n<h2 class=\"wp-block-heading\">Durante il periodo di validit\u00e0 dell&#8217;ESTA  <\/h2>\n\n<p>L&#8217;autorizzazione ESTA \u00e8 valida per un massimo di 2 anni. In determinate condizioni, il periodo di validit\u00e0 si riduce: ad esempio, se il passaporto utilizzato per ottenere l&#8217;ESTA non \u00e8 pi\u00f9 valido, l&#8217;ESTA stessa non \u00e8 pi\u00f9 valida. \u00c8 molto semplice <a href=\"https:\/\/usa-gv.com\/it\/verificare-la-validita-dell-esta\/\">controllare lo stato dell&#8217;ESTA<\/a> online sul <a href=\"https:\/\/usa-gv.com\/it\/sito-web-ufficiale-esta\/\">sito ufficiale dell&#8217;ESTA<\/a>.   <\/p>\n\n<p>I viaggiatori possono anche <a href=\"https:\/\/usa-gv.com\/it\/modificare-esta\/\">cambiare l&#8217;ESTA<\/a> a determinate condizioni. <a href=\"https:\/\/usa-gv.com\/it\/aggiornamento-esta\/\">Aggiornare l&#8217;ESTA<\/a> \u00e8 molto semplice. Assicura che le informazioni personali fornite al momento dell&#8217;ottenimento dell&#8217;ESTA siano ancora valide.<\/p>\n\n<p>I viaggiatori non possono semplicemente cambiare i dati del passaporto o dell&#8217;identit\u00e0 online. Dovranno <a href=\"https:\/\/usa-gv.com\/it\/esta-rinnovo\/\">rinnovare l&#8217;ESTA<\/a>. <\/p>\n\n<p>Un&#8217;autorizzazione ESTA ti permette di viaggiare in tutti gli Stati degli Stati Uniti. L&#8217;autorizzazione di viaggio pi\u00f9 richiesta per gli Stati Uniti \u00e8 l&#8217;<a href=\"https:\/\/usa-gv.com\/it\/esta-new-york\/\">ESTA per New York<\/a>. Quando vogliono scoprire la costa occidentale americana, i turisti richiedono un&#8217;<a href=\"https:\/\/usa-gv.com\/it\/esta-los-angeles\/\">ESTA per Los Angeles<\/a>. Sulla costa occidentale americana, molti turisti richiedono un <a href=\"https:\/\/usa-gv.com\/it\/esta-miami\/\">ESTA per Miami<\/a>. Per scoprire la capitale degli Stati Uniti, i visitatori stranieri richiedono un <a href=\"https:\/\/usa-gv.com\/it\/esta-washington\/\">ESTA per Washington<\/a>.    <\/p>\n\n<p><strong>Paesi di frontiera americani<\/strong>: per attraversare il confine con gli Stati Uniti settentrionali, i viaggiatori stranieri devono prima ottenere quello che alcuni chiamano un <a href=\"https:\/\/usa-gv.com\/it\/esta-canada\/\">ESTA Canada<\/a>. Si tratta in realt\u00e0 di un&#8217;autorizzazione elettronica di viaggio eTA Canada, simile all&#8217;ESTA per gli Stati Uniti, necessaria per entrare in Canada senza visto.<\/p>\n\n<h2 class=\"wp-block-heading\">Immagine del sito web per l&#8217;ottenimento dell&#8217;ESTA per i viaggi negli Stati Uniti<\/h2>\n\n<p>Ecco una schermata del sito web del Dipartimento di Sicurezza Nazionale degli Stati Uniti dedicato alla richiesta di un documento di viaggio ESTA per gli Stati Uniti:<\/p>\n\n<figure class=\"wp-block-image aligncenter size-large\"><img decoding=\"async\" src=\"https:\/\/usa-gv.com\/wp-content\/uploads\/2024\/04\/esta-IT-1024x885.jpg\" alt=\"Sito ufficiale dell'ESTA per gli Stati Uniti\" class=\"wp-image-3279\"\/><figcaption class=\"wp-element-caption\">Sito web per la richiesta di autorizzazione ESTA<\/figcaption><\/figure>\n","protected":false},"excerpt":{"rendered":"<p>Formalit\u00e0 necessarie per entrare negli Stati Uniti Il Dipartimento di Sicurezza Nazionale degli Stati Uniti ha creato un sistema informatico per rafforzare la sicurezza nazionale e facilitare i soggiorni di breve durata dei cittadini stranieri. Questa piattaforma valuta i rischi associati ai viaggiatori prima del loro arrivo negli Stati Uniti. I viaggiatori compilano una domanda [&hellip;]<\/p>\n","protected":false},"author":1,"featured_media":0,"parent":0,"menu_order":0,"comment_status":"closed","ping_status":"closed","template":"","meta":{"footnotes":""},"class_list":["post-2337","page","type-page","status-publish","hentry"],"yoast_head":"<!-- This site is optimized with the Yoast SEO plugin v26.6 - https:\/\/yoast.com\/wordpress\/plugins\/seo\/ -->\n<title>Formalit\u00e0 di viaggio negli Stati Uniti - USA-GV.COM<\/title>\n<meta name=\"description\" content=\"L&#039;autorizzazione elettronica ESTA consente ad alcuni viaggiatori idonei di soggiornare negli Stati Uniti senza ottenere un visto.\" \/>\n<meta name=\"robots\" content=\"index, follow, max-snippet:-1, max-image-preview:large, max-video-preview:-1\" \/>\n<link rel=\"canonical\" href=\"https:\/\/usa-gv.com\/it\/formalita-usa\/\" \/>\n<meta property=\"og:locale\" content=\"it_IT\" \/>\n<meta property=\"og:type\" content=\"article\" \/>\n<meta property=\"og:title\" content=\"Formalit\u00e0 di viaggio negli Stati Uniti - USA-GV.COM\" \/>\n<meta property=\"og:description\" content=\"L&#039;autorizzazione elettronica ESTA consente ad alcuni viaggiatori idonei di soggiornare negli Stati Uniti senza ottenere un visto.\" \/>\n<meta property=\"og:url\" content=\"https:\/\/usa-gv.com\/it\/formalita-usa\/\" \/>\n<meta property=\"og:site_name\" content=\"USA-GV.COM\" \/>\n<meta property=\"article:modified_time\" content=\"2025-02-25T11:50:15+00:00\" \/>\n<meta property=\"og:image\" content=\"https:\/\/usa-gv.com\/wp-content\/uploads\/2024\/04\/esta-IT-1024x885.jpg\" \/>\n<meta name=\"twitter:card\" content=\"summary_large_image\" \/>\n<meta name=\"twitter:label1\" content=\"Tempo di lettura stimato\" \/>\n\t<meta name=\"twitter:data1\" content=\"5 minuti\" \/>\n<script type=\"application\/ld+json\" class=\"yoast-schema-graph\">{\"@context\":\"https:\/\/schema.org\",\"@graph\":[{\"@type\":\"WebPage\",\"@id\":\"https:\/\/usa-gv.com\/it\/formalita-usa\/\",\"url\":\"https:\/\/usa-gv.com\/it\/formalita-usa\/\",\"name\":\"Formalit\u00e0 di viaggio negli Stati Uniti - USA-GV.COM\",\"isPartOf\":{\"@id\":\"https:\/\/usa-gv.com\/it\/#website\"},\"primaryImageOfPage\":{\"@id\":\"https:\/\/usa-gv.com\/it\/formalita-usa\/#primaryimage\"},\"image\":{\"@id\":\"https:\/\/usa-gv.com\/it\/formalita-usa\/#primaryimage\"},\"thumbnailUrl\":\"https:\/\/usa-gv.com\/wp-content\/uploads\/2024\/04\/esta-IT-1024x885.jpg\",\"datePublished\":\"2020-01-31T17:54:31+00:00\",\"dateModified\":\"2025-02-25T11:50:15+00:00\",\"description\":\"L'autorizzazione elettronica ESTA consente ad alcuni viaggiatori idonei di soggiornare negli Stati Uniti senza ottenere un visto.\",\"breadcrumb\":{\"@id\":\"https:\/\/usa-gv.com\/it\/formalita-usa\/#breadcrumb\"},\"inLanguage\":\"it-IT\",\"potentialAction\":[{\"@type\":\"ReadAction\",\"target\":[\"https:\/\/usa-gv.com\/it\/formalita-usa\/\"]}]},{\"@type\":\"ImageObject\",\"inLanguage\":\"it-IT\",\"@id\":\"https:\/\/usa-gv.com\/it\/formalita-usa\/#primaryimage\",\"url\":\"https:\/\/usa-gv.com\/wp-content\/uploads\/2024\/04\/esta-IT-1024x885.jpg\",\"contentUrl\":\"https:\/\/usa-gv.com\/wp-content\/uploads\/2024\/04\/esta-IT-1024x885.jpg\"},{\"@type\":\"BreadcrumbList\",\"@id\":\"https:\/\/usa-gv.com\/it\/formalita-usa\/#breadcrumb\",\"itemListElement\":[{\"@type\":\"ListItem\",\"position\":1,\"name\":\"Home\",\"item\":\"https:\/\/usa-gv.com\/it\/guida-turistica-degli-stati-uniti\/\"},{\"@type\":\"ListItem\",\"position\":2,\"name\":\"Formalit\u00e0 di viaggio negli Stati Uniti\"}]},{\"@type\":\"WebSite\",\"@id\":\"https:\/\/usa-gv.com\/it\/#website\",\"url\":\"https:\/\/usa-gv.com\/it\/\",\"name\":\"USA-GV.COM\",\"description\":\"\",\"potentialAction\":[{\"@type\":\"SearchAction\",\"target\":{\"@type\":\"EntryPoint\",\"urlTemplate\":\"https:\/\/usa-gv.com\/it\/?s={search_term_string}\"},\"query-input\":{\"@type\":\"PropertyValueSpecification\",\"valueRequired\":true,\"valueName\":\"search_term_string\"}}],\"inLanguage\":\"it-IT\"}]}<\/script>\n<!-- \/ Yoast SEO plugin. -->","yoast_head_json":{"title":"Formalit\u00e0 di viaggio negli Stati Uniti - USA-GV.COM","description":"L'autorizzazione elettronica ESTA consente ad alcuni viaggiatori idonei di soggiornare negli Stati Uniti senza ottenere un visto.","robots":{"index":"index","follow":"follow","max-snippet":"max-snippet:-1","max-image-preview":"max-image-preview:large","max-video-preview":"max-video-preview:-1"},"canonical":"https:\/\/usa-gv.com\/it\/formalita-usa\/","og_locale":"it_IT","og_type":"article","og_title":"Formalit\u00e0 di viaggio negli Stati Uniti - USA-GV.COM","og_description":"L'autorizzazione elettronica ESTA consente ad alcuni viaggiatori idonei di soggiornare negli Stati Uniti senza ottenere un visto.","og_url":"https:\/\/usa-gv.com\/it\/formalita-usa\/","og_site_name":"USA-GV.COM","article_modified_time":"2025-02-25T11:50:15+00:00","og_image":[{"url":"https:\/\/usa-gv.com\/wp-content\/uploads\/2024\/04\/esta-IT-1024x885.jpg","type":"","width":"","height":""}],"twitter_card":"summary_large_image","twitter_misc":{"Tempo di lettura stimato":"5 minuti"},"schema":{"@context":"https:\/\/schema.org","@graph":[{"@type":"WebPage","@id":"https:\/\/usa-gv.com\/it\/formalita-usa\/","url":"https:\/\/usa-gv.com\/it\/formalita-usa\/","name":"Formalit\u00e0 di viaggio negli Stati Uniti - USA-GV.COM","isPartOf":{"@id":"https:\/\/usa-gv.com\/it\/#website"},"primaryImageOfPage":{"@id":"https:\/\/usa-gv.com\/it\/formalita-usa\/#primaryimage"},"image":{"@id":"https:\/\/usa-gv.com\/it\/formalita-usa\/#primaryimage"},"thumbnailUrl":"https:\/\/usa-gv.com\/wp-content\/uploads\/2024\/04\/esta-IT-1024x885.jpg","datePublished":"2020-01-31T17:54:31+00:00","dateModified":"2025-02-25T11:50:15+00:00","description":"L'autorizzazione elettronica ESTA consente ad alcuni viaggiatori idonei di soggiornare negli Stati Uniti senza ottenere un visto.","breadcrumb":{"@id":"https:\/\/usa-gv.com\/it\/formalita-usa\/#breadcrumb"},"inLanguage":"it-IT","potentialAction":[{"@type":"ReadAction","target":["https:\/\/usa-gv.com\/it\/formalita-usa\/"]}]},{"@type":"ImageObject","inLanguage":"it-IT","@id":"https:\/\/usa-gv.com\/it\/formalita-usa\/#primaryimage","url":"https:\/\/usa-gv.com\/wp-content\/uploads\/2024\/04\/esta-IT-1024x885.jpg","contentUrl":"https:\/\/usa-gv.com\/wp-content\/uploads\/2024\/04\/esta-IT-1024x885.jpg"},{"@type":"BreadcrumbList","@id":"https:\/\/usa-gv.com\/it\/formalita-usa\/#breadcrumb","itemListElement":[{"@type":"ListItem","position":1,"name":"Home","item":"https:\/\/usa-gv.com\/it\/guida-turistica-degli-stati-uniti\/"},{"@type":"ListItem","position":2,"name":"Formalit\u00e0 di viaggio negli Stati Uniti"}]},{"@type":"WebSite","@id":"https:\/\/usa-gv.com\/it\/#website","url":"https:\/\/usa-gv.com\/it\/","name":"USA-GV.COM","description":"","potentialAction":[{"@type":"SearchAction","target":{"@type":"EntryPoint","urlTemplate":"https:\/\/usa-gv.com\/it\/?s={search_term_string}"},"query-input":{"@type":"PropertyValueSpecification","valueRequired":true,"valueName":"search_term_string"}}],"inLanguage":"it-IT"}]}},"_links":{"self":[{"href":"https:\/\/usa-gv.com\/it\/wp-json\/wp\/v2\/pages\/2337","targetHints":{"allow":["GET"]}}],"collection":[{"href":"https:\/\/usa-gv.com\/it\/wp-json\/wp\/v2\/pages"}],"about":[{"href":"https:\/\/usa-gv.com\/it\/wp-json\/wp\/v2\/types\/page"}],"author":[{"embeddable":true,"href":"https:\/\/usa-gv.com\/it\/wp-json\/wp\/v2\/users\/1"}],"replies":[{"embeddable":true,"href":"https:\/\/usa-gv.com\/it\/wp-json\/wp\/v2\/comments?post=2337"}],"version-history":[{"count":2,"href":"https:\/\/usa-gv.com\/it\/wp-json\/wp\/v2\/pages\/2337\/revisions"}],"predecessor-version":[{"id":6108,"href":"https:\/\/usa-gv.com\/it\/wp-json\/wp\/v2\/pages\/2337\/revisions\/6108"}],"wp:attachment":[{"href":"https:\/\/usa-gv.com\/it\/wp-json\/wp\/v2\/media?parent=2337"}],"curies":[{"name":"wp","href":"https:\/\/api.w.org\/{rel}","templated":true}]}}