{"id":2268,"date":"2024-03-11T21:53:12","date_gmt":"2024-03-11T21:53:12","guid":{"rendered":"https:\/\/usa-gv.com\/avviso-legale\/"},"modified":"2025-02-25T11:52:07","modified_gmt":"2025-02-25T11:52:07","slug":"avviso-legale","status":"publish","type":"page","link":"https:\/\/usa-gv.com\/it\/avviso-legale\/","title":{"rendered":"Informazioni legali"},"content":{"rendered":"\n<h1 class=\"wp-block-heading\">Informazioni legali<\/h1>\n\n<h2 class=\"wp-block-heading\">Editore del sito web<\/h2>\n\n<p>Siamo una guida informativa online sulle vacanze negli Stati Uniti pubblicata dall&#8217;agenzia digitale <a href=\"https:\/\/alma-consulting.org\/\">Alma Consulting<\/a> per conto di un&#8217;agenzia di viaggi maltese. Non siamo in alcun modo legati all&#8217;amministrazione statunitense o a qualsiasi altra amministrazione. Non siamo in grado di fornire assistenza in merito a una procedura eseguita su un sito web ufficiale o privato nell&#8217;ambito di una formalit\u00e0 amministrativa.\nNon offriamo assistenza per l&#8217;ottenimento dell&#8217;ESTA. <\/p>\n\n<p>Se hai domande sulla tua domanda ESTA, visita il sito <a href=\"https:\/\/esta.cbp.dhs.gov\/\">esta.cbp.dhs.gov<\/a>.<\/p>\n\n<p>Il nostro sito web contiene diversi collegamenti ipertestuali a siti web di terzi. Non abbiamo alcun collegamento o controllo su questi siti e non siamo responsabili delle loro politiche sulla privacy o pratiche commerciali.<\/p>\n\n<p>Il responsabile della pubblicazione del sito web usa-gv.com \u00e8 il sig. Kevin Borg. Per contattarci, utilizzate il nostro <a href=\"https:\/\/usa-gv.com\/it\/contact\/\">modulo di contatto<\/a>.<\/p>\n\n<h2 class=\"wp-block-heading\">Hosting del sito web<\/h2>\n\n<p>Il nostro sito web \u00e8 ospitato da OVH, una societ\u00e0 con sede a Roubaix, in Francia. OVH \u00e8 una societ\u00e0 iscritta al registro delle imprese di Lille M\u00e9tropole con il numero B424 761 419.<\/p>\n\n<h2 class=\"wp-block-heading\">Trattamento dei dati personali<\/h2>\n\n<p>Non raccogliamo alcun dato personale per la gestione del sito. L&#8217;unica registrazione online dei dati personali dei visitatori riguarda alcuni rari cookie di navigazione. I visitatori hanno il diritto di accedere, modificare, rettificare e cancellare questi dati. Per esercitare questo diritto, vi preghiamo di contattarci utilizzando il nostro <a href=\"https:\/\/usa-gv.com\/it\/contact\/\">modulo di contatto<\/a>.<\/p>\n\n<p>Per tutti i dettagli sulla nostra politica di protezione dei dati personali: consultare la nostra <a href=\"https:\/\/usa-gv.com\/it\/informativa-sulla-privacy\/\">informativa sulla privacy<\/a>.<\/p>\n","protected":false},"excerpt":{"rendered":"<p>Informazioni legali Editore del sito web Siamo una guida informativa online sulle vacanze negli Stati Uniti pubblicata dall&#8217;agenzia digitale Alma Consulting per conto di un&#8217;agenzia di viaggi maltese. Non siamo in alcun modo legati all&#8217;amministrazione statunitense o a qualsiasi altra amministrazione. Non siamo in grado di fornire assistenza in merito a una procedura eseguita su [&hellip;]<\/p>\n","protected":false},"author":1,"featured_media":0,"parent":0,"menu_order":0,"comment_status":"closed","ping_status":"closed","template":"","meta":{"footnotes":""},"class_list":["post-2268","page","type-page","status-publish","hentry"],"yoast_head":"<!-- This site is optimized with the Yoast SEO plugin v26.6 - https:\/\/yoast.com\/wordpress\/plugins\/seo\/ -->\n<title>Informazioni legali - USA-GV.COM<\/title>\n<meta name=\"description\" content=\"Consulta le note legali del sito informativo. Siamo un sito privato che non ha legami con l&#039;amministrazione statunitense.\" \/>\n<meta name=\"robots\" content=\"noindex, nofollow\" \/>\n<meta property=\"og:locale\" content=\"it_IT\" \/>\n<meta property=\"og:type\" content=\"article\" \/>\n<meta property=\"og:title\" content=\"Informazioni legali - USA-GV.COM\" \/>\n<meta property=\"og:description\" content=\"Consulta le note legali del sito informativo. Siamo un sito privato che non ha legami con l&#039;amministrazione statunitense.\" \/>\n<meta property=\"og:url\" content=\"https:\/\/usa-gv.com\/it\/avviso-legale\/\" \/>\n<meta property=\"og:site_name\" content=\"USA-GV.COM\" \/>\n<meta property=\"article:modified_time\" content=\"2025-02-25T11:52:07+00:00\" \/>\n<meta name=\"twitter:card\" content=\"summary_large_image\" \/>\n<meta name=\"twitter:label1\" content=\"Tempo di lettura stimato\" \/>\n\t<meta name=\"twitter:data1\" content=\"1 minuto\" \/>\n<script type=\"application\/ld+json\" class=\"yoast-schema-graph\">{\"@context\":\"https:\/\/schema.org\",\"@graph\":[{\"@type\":\"WebPage\",\"@id\":\"https:\/\/usa-gv.com\/it\/avviso-legale\/\",\"url\":\"https:\/\/usa-gv.com\/it\/avviso-legale\/\",\"name\":\"Informazioni legali - USA-GV.COM\",\"isPartOf\":{\"@id\":\"https:\/\/usa-gv.com\/it\/#website\"},\"datePublished\":\"2024-03-11T21:53:12+00:00\",\"dateModified\":\"2025-02-25T11:52:07+00:00\",\"description\":\"Consulta le note legali del sito informativo. Siamo un sito privato che non ha legami con l'amministrazione statunitense.\",\"breadcrumb\":{\"@id\":\"https:\/\/usa-gv.com\/it\/avviso-legale\/#breadcrumb\"},\"inLanguage\":\"it-IT\",\"potentialAction\":[{\"@type\":\"ReadAction\",\"target\":[\"https:\/\/usa-gv.com\/it\/avviso-legale\/\"]}]},{\"@type\":\"BreadcrumbList\",\"@id\":\"https:\/\/usa-gv.com\/it\/avviso-legale\/#breadcrumb\",\"itemListElement\":[{\"@type\":\"ListItem\",\"position\":1,\"name\":\"Home\",\"item\":\"https:\/\/usa-gv.com\/it\/guida-turistica-degli-stati-uniti\/\"},{\"@type\":\"ListItem\",\"position\":2,\"name\":\"Informazioni legali\"}]},{\"@type\":\"WebSite\",\"@id\":\"https:\/\/usa-gv.com\/it\/#website\",\"url\":\"https:\/\/usa-gv.com\/it\/\",\"name\":\"USA-GV.COM\",\"description\":\"\",\"potentialAction\":[{\"@type\":\"SearchAction\",\"target\":{\"@type\":\"EntryPoint\",\"urlTemplate\":\"https:\/\/usa-gv.com\/it\/?s={search_term_string}\"},\"query-input\":{\"@type\":\"PropertyValueSpecification\",\"valueRequired\":true,\"valueName\":\"search_term_string\"}}],\"inLanguage\":\"it-IT\"}]}<\/script>\n<!-- \/ Yoast SEO plugin. -->","yoast_head_json":{"title":"Informazioni legali - USA-GV.COM","description":"Consulta le note legali del sito informativo. Siamo un sito privato che non ha legami con l'amministrazione statunitense.","robots":{"index":"noindex","follow":"nofollow"},"og_locale":"it_IT","og_type":"article","og_title":"Informazioni legali - USA-GV.COM","og_description":"Consulta le note legali del sito informativo. Siamo un sito privato che non ha legami con l'amministrazione statunitense.","og_url":"https:\/\/usa-gv.com\/it\/avviso-legale\/","og_site_name":"USA-GV.COM","article_modified_time":"2025-02-25T11:52:07+00:00","twitter_card":"summary_large_image","twitter_misc":{"Tempo di lettura stimato":"1 minuto"},"schema":{"@context":"https:\/\/schema.org","@graph":[{"@type":"WebPage","@id":"https:\/\/usa-gv.com\/it\/avviso-legale\/","url":"https:\/\/usa-gv.com\/it\/avviso-legale\/","name":"Informazioni legali - USA-GV.COM","isPartOf":{"@id":"https:\/\/usa-gv.com\/it\/#website"},"datePublished":"2024-03-11T21:53:12+00:00","dateModified":"2025-02-25T11:52:07+00:00","description":"Consulta le note legali del sito informativo. Siamo un sito privato che non ha legami con l'amministrazione statunitense.","breadcrumb":{"@id":"https:\/\/usa-gv.com\/it\/avviso-legale\/#breadcrumb"},"inLanguage":"it-IT","potentialAction":[{"@type":"ReadAction","target":["https:\/\/usa-gv.com\/it\/avviso-legale\/"]}]},{"@type":"BreadcrumbList","@id":"https:\/\/usa-gv.com\/it\/avviso-legale\/#breadcrumb","itemListElement":[{"@type":"ListItem","position":1,"name":"Home","item":"https:\/\/usa-gv.com\/it\/guida-turistica-degli-stati-uniti\/"},{"@type":"ListItem","position":2,"name":"Informazioni legali"}]},{"@type":"WebSite","@id":"https:\/\/usa-gv.com\/it\/#website","url":"https:\/\/usa-gv.com\/it\/","name":"USA-GV.COM","description":"","potentialAction":[{"@type":"SearchAction","target":{"@type":"EntryPoint","urlTemplate":"https:\/\/usa-gv.com\/it\/?s={search_term_string}"},"query-input":{"@type":"PropertyValueSpecification","valueRequired":true,"valueName":"search_term_string"}}],"inLanguage":"it-IT"}]}},"_links":{"self":[{"href":"https:\/\/usa-gv.com\/it\/wp-json\/wp\/v2\/pages\/2268","targetHints":{"allow":["GET"]}}],"collection":[{"href":"https:\/\/usa-gv.com\/it\/wp-json\/wp\/v2\/pages"}],"about":[{"href":"https:\/\/usa-gv.com\/it\/wp-json\/wp\/v2\/types\/page"}],"author":[{"embeddable":true,"href":"https:\/\/usa-gv.com\/it\/wp-json\/wp\/v2\/users\/1"}],"replies":[{"embeddable":true,"href":"https:\/\/usa-gv.com\/it\/wp-json\/wp\/v2\/comments?post=2268"}],"version-history":[{"count":2,"href":"https:\/\/usa-gv.com\/it\/wp-json\/wp\/v2\/pages\/2268\/revisions"}],"predecessor-version":[{"id":6255,"href":"https:\/\/usa-gv.com\/it\/wp-json\/wp\/v2\/pages\/2268\/revisions\/6255"}],"wp:attachment":[{"href":"https:\/\/usa-gv.com\/it\/wp-json\/wp\/v2\/media?parent=2268"}],"curies":[{"name":"wp","href":"https:\/\/api.w.org\/{rel}","templated":true}]}}