{"id":6978,"date":"2025-01-15T09:52:26","date_gmt":"2025-01-15T09:52:26","guid":{"rendered":"https:\/\/usa-gv.com\/?page_id=6978"},"modified":"2025-04-07T08:47:36","modified_gmt":"2025-04-07T08:47:36","slug":"washington","status":"publish","type":"page","link":"https:\/\/usa-gv.com\/fr\/washington\/","title":{"rendered":"Visiter Washington D.C. pour d\u00e9couvrir la capitale des \u00c9tats-Unis"},"content":{"rendered":"\n<h1 class=\"wp-block-heading\">Visiter la ville de Washington aux Etats Unis<\/h1>\n\n\n\n<p>Bienvenue \u00e0 <a href=\"https:\/\/wa.gov\/\">Washington D.C.<\/a>, une ville embl\u00e9matique qui m\u00eale histoire, politique et culture. Capitale des \u00c9tats-Unis, Washington regorge de monuments c\u00e9l\u00e8bres, de mus\u00e9es gratuits et de quartiers dynamiques. C\u2019est une destination incontournable pour les amateurs d\u2019histoire, d\u2019architecture et d\u2019art.<\/p>\n\n\n\n<figure class=\"wp-block-image size-large\"><img fetchpriority=\"high\" decoding=\"async\" width=\"1024\" height=\"473\" src=\"https:\/\/usa-gv.com\/wp-content\/uploads\/2025\/01\/washington-1024x473.jpg\" alt=\"\" class=\"wp-image-7003\" srcset=\"https:\/\/usa-gv.com\/wp-content\/uploads\/2025\/01\/washington-1024x473.jpg 1024w, https:\/\/usa-gv.com\/wp-content\/uploads\/2025\/01\/washington-300x139.jpg 300w, https:\/\/usa-gv.com\/wp-content\/uploads\/2025\/01\/washington-768x355.jpg 768w, https:\/\/usa-gv.com\/wp-content\/uploads\/2025\/01\/washington-1536x709.jpg 1536w, https:\/\/usa-gv.com\/wp-content\/uploads\/2025\/01\/washington.jpg 1704w\" sizes=\"(max-width: 1024px) 100vw, 1024px\" \/><figcaption class=\"wp-element-caption\">Washington et son Capitole<\/figcaption><\/figure>\n\n\n\n<div style=\"height:10px\" aria-hidden=\"true\" class=\"wp-block-spacer\"><\/div>\n\n\n\n<h2 class=\"wp-block-heading\">Pourquoi visiter Washington D.C. ?<\/h2>\n\n\n\n<p>Washington D.C. est une ville qui incarne l\u2019histoire et le pouvoir. Elle abrite les institutions les plus importantes des \u00c9tats-Unis, comme la Maison-Blanche, le Capitole et la Cour supr\u00eame. En plus de son r\u00f4le politique, elle offre une exp\u00e9rience culturelle unique avec ses mus\u00e9es de classe mondiale, la plupart gratuits, gr\u00e2ce \u00e0 la Smithsonian Institution.<\/p>\n\n\n\n<p>Son architecture impressionnante, ses larges avenues bord\u00e9es d\u2019arbres et ses parcs verdoyants, comme le National Mall, en font une ville agr\u00e9able \u00e0 explorer \u00e0 pied ou \u00e0 v\u00e9lo. De plus, Washington est un lieu o\u00f9 la diversit\u00e9 culturelle brille \u00e0 travers ses festivals, ses restaurants internationaux et ses quartiers vari\u00e9s, chacun ayant une ambiance et une histoire uniques.<\/p>\n\n\n\n<div style=\"height:10px\" aria-hidden=\"true\" class=\"wp-block-spacer\"><\/div>\n\n\n\n<h2 class=\"wp-block-heading\">Les incontournables de Washington<\/h2>\n\n\n\n<ul class=\"wp-block-list\">\n<li><a href=\"https:\/\/washington.org\/fr\/find-dc-listings\/white-house\">La Maison-Blanche<\/a> : L\u2019embl\u00e8me de la pr\u00e9sidence am\u00e9ricaine, un lieu \u00e0 voir absolument.<\/li>\n\n\n\n<li><a href=\"https:\/\/www.visitthecapitol.gov\/\">Le Capitole<\/a> : D\u00e9couvrez ce b\u00e2timent iconique, si\u00e8ge du Congr\u00e8s des \u00c9tats-Unis.<\/li>\n\n\n\n<li><a href=\"https:\/\/www.nps.gov\/linc\/index.htm\">Lincoln Memorial<\/a> : Un monument majestueux d\u00e9di\u00e9 au 16e pr\u00e9sident des \u00c9tats-Unis.<\/li>\n\n\n\n<li><a href=\"https:\/\/www.si.edu\/\">Smithsonian Institution<\/a> : Un ensemble de mus\u00e9es gratuits couvrant des th\u00e8mes vari\u00e9s comme l\u2019art, l\u2019histoire naturelle et l\u2019a\u00e9rospatiale.<\/li>\n\n\n\n<li><a href=\"https:\/\/en.wikipedia.org\/wiki\/National_Mall\">National Mall<\/a> : Une vaste esplanade entour\u00e9e de monuments et de mus\u00e9es, parfaite pour une promenade ou un pique-nique.<\/li>\n\n\n\n<li><a href=\"https:\/\/www.nps.gov\/wamo\/index.htm\">Washington Monument<\/a> : Cet ob\u00e9lisque embl\u00e9matique offre une vue panoramique incroyable sur la ville.<\/li>\n<\/ul>\n\n\n\n<div style=\"height:10px\" aria-hidden=\"true\" class=\"wp-block-spacer\"><\/div>\n\n\n\n<h2 class=\"wp-block-heading\">Les quartiers \u00e0 explorer<\/h2>\n\n\n\n<ul class=\"wp-block-list\">\n<li><strong>Georgetown<\/strong> : Un quartier historique avec ses rues pav\u00e9es, ses boutiques \u00e9l\u00e9gantes et ses restaurants en bord de rivi\u00e8re.<\/li>\n\n\n\n<li><strong>Dupont Circle<\/strong> : Connu pour sa sc\u00e8ne culturelle, ses galeries d\u2019art et ses caf\u00e9s anim\u00e9s.<\/li>\n\n\n\n<li><strong>Adams Morgan<\/strong> : Un quartier vibrant avec une vie nocturne anim\u00e9e et des restaurants internationaux.<\/li>\n\n\n\n<li><strong>Capitol Hill<\/strong> : Abritant le Capitole, ce quartier combine histoire et architecture \u00e9l\u00e9gante.<\/li>\n\n\n\n<li><strong>The Wharf<\/strong> : Un espace moderne en bord de rivi\u00e8re avec des restaurants, des concerts et des vues imprenables.<\/li>\n<\/ul>\n\n\n\n<div style=\"height:10px\" aria-hidden=\"true\" class=\"wp-block-spacer\"><\/div>\n\n\n\n<h2 class=\"wp-block-heading\">Quand partir \u00e0 Washington D.C. ?<\/h2>\n\n\n\n<p>Washington D.C. est une ville agr\u00e9able \u00e0 visiter tout au long de l\u2019ann\u00e9e, mais certaines p\u00e9riodes sont particuli\u00e8rement int\u00e9ressantes. Le printemps, de mars \u00e0 mai, est la saison id\u00e9ale pour voir les cerisiers en fleurs lors du National Cherry Blossom Festival, un spectacle unique. L\u2019\u00e9t\u00e9, de juin \u00e0 ao\u00fbt, est marqu\u00e9 par des journ\u00e9es chaudes et humides, mais \u00e9galement par de nombreux \u00e9v\u00e9nements culturels et festivals. L\u2019automne, de septembre \u00e0 novembre, est parfait pour explorer la ville sous des temp\u00e9ratures mod\u00e9r\u00e9es et profiter des couleurs automnales. Enfin, l\u2019hiver, de d\u00e9cembre \u00e0 f\u00e9vrier, offre une ambiance calme et une atmosph\u00e8re festive pendant les f\u00eates, bien que les temp\u00e9ratures soient fra\u00eeches.<\/p>\n\n\n\n<div style=\"height:10px\" aria-hidden=\"true\" class=\"wp-block-spacer\"><\/div>\n\n\n\n<h2 class=\"wp-block-heading\">Conseils pratiques pour votre visite<\/h2>\n\n\n\n<figure class=\"wp-block-table\"><table><thead><tr><th><strong>Cat\u00e9gorie<\/strong><\/th><th><strong>Conseils<\/strong><\/th><\/tr><\/thead><tbody><tr><td><strong>Transports<\/strong><\/td><td>Utilisez le m\u00e9tro (Metro) pour vous d\u00e9placer facilement dans la ville. Le syst\u00e8me est propre, s\u00fbr et bien connect\u00e9 aux principales attractions.<\/td><\/tr><tr><td><strong>M\u00e9t\u00e9o<\/strong><\/td><td>Pr\u00e9voyez des v\u00eatements adapt\u00e9s aux saisons, en particulier en \u00e9t\u00e9 o\u00f9 l\u2019humidit\u00e9 est \u00e9lev\u00e9e et en hiver o\u00f9 les temp\u00e9ratures peuvent \u00eatre froides.<\/td><\/tr><tr><td><strong>Budget<\/strong><\/td><td>Profitez des nombreux mus\u00e9es gratuits et monuments publics pour \u00e9conomiser, mais pr\u00e9voyez un budget pour les restaurants et certaines attractions payantes.<\/td><\/tr><tr><td><strong>S\u00e9curit\u00e9<\/strong><\/td><td>Washington est globalement s\u00fbre, mais restez vigilant dans les lieux tr\u00e8s touristiques et \u00e9vitez certains quartiers excentr\u00e9s la nuit.<\/td><\/tr><tr><td><strong>V\u00eatements<\/strong><\/td><td>Portez des chaussures confortables pour marcher sur les larges esplanades et dans les mus\u00e9es, et apportez une bouteille d\u2019eau r\u00e9utilisable pour vos visites.<\/td><\/tr><tr><td><strong>R\u00e9servations<\/strong><\/td><td>R\u00e9servez \u00e0 l\u2019avance les visites guid\u00e9es pour des lieux comme le Capitole ou la Maison-Blanche, car les places sont limit\u00e9es.<\/td><\/tr><tr><td><strong>Activit\u00e9s ext\u00e9rieures<\/strong><\/td><td>Planifiez vos visites en matin\u00e9e ou en fin d\u2019apr\u00e8s-midi pour \u00e9viter la chaleur en \u00e9t\u00e9, et profitez des parcs comme le National Mall pour des pauses d\u00e9tente.<\/td><\/tr><\/tbody><\/table><\/figure>\n\n\n\n<div style=\"height:10px\" aria-hidden=\"true\" class=\"wp-block-spacer\"><\/div>\n\n\n\n<h2 class=\"wp-block-heading\">O\u00f9 manger \u00e0 Washington D.C. ?<\/h2>\n\n\n\n<ul class=\"wp-block-list\">\n<li><a href=\"https:\/\/www.ebbitt.com\/\">Old Ebbitt Grill<\/a> : Un restaurant historique proche de la Maison-Blanche, id\u00e9al pour d\u00e9guster des fruits de mer frais.<\/li>\n\n\n\n<li><a href=\"https:\/\/www.wearefoundingfarmers.com\/location\/dc\/\">Founding Farmers<\/a> : Un favori des locaux, proposant une cuisine am\u00e9ricaine savoureuse et durable.<\/li>\n\n\n\n<li><a href=\"https:\/\/benschilibowl.com\/\">Ben\u2019s Chili Bowl<\/a> : Une institution pour go\u00fbter le fameux chili dog, une sp\u00e9cialit\u00e9 locale.<\/li>\n\n\n\n<li><a href=\"https:\/\/lediplomatedc.com\/\">Le Diplomate<\/a> : Un bistrot fran\u00e7ais chic situ\u00e9 \u00e0 Logan Circle, parfait pour un d\u00eener \u00e9l\u00e9gant.<\/li>\n\n\n\n<li><a href=\"https:\/\/www.wearefoundingfarmers.com\/location\/founding-farmers-fishers-bakers\/\">Farmers Fishers Bakers<\/a> : Un restaurant en bord de rivi\u00e8re \u00e0 The Wharf, offrant des plats inspir\u00e9s des produits locaux.<\/li>\n<\/ul>\n\n\n\n<div style=\"height:10px\" aria-hidden=\"true\" class=\"wp-block-spacer\"><\/div>\n\n\n\n<h2 class=\"wp-block-heading\">Conclusion<\/h2>\n\n\n\n<p><a href=\"https:\/\/wa.gov\/\">Washington D.C.<\/a> est une destination incontournable qui combine histoire, culture et diversit\u00e9. Que vous soyez passionn\u00e9 d\u2019histoire, amateur d\u2019art ou simplement curieux, la capitale am\u00e9ricaine saura r\u00e9pondre \u00e0 toutes vos attentes.<\/p>\n\n\n\n<p>Pour plus de conseils ou de recommandations personnalis\u00e9es, n\u2019h\u00e9sitez pas \u00e0 consulter nos autres guides sur les principales villes am\u00e9ricaines, comme : <a href=\"https:\/\/usa-gv.com\/fr\/visiter-los-angeles\/\">Los Angeles<\/a>, <a href=\"https:\/\/usa-gv.com\/fr\/chicago\/\">Chicago<\/a>, <a href=\"https:\/\/usa-gv.com\/fr\/miami\/\">Miami<\/a>, <a href=\"https:\/\/usa-gv.com\/fr\/las-vegas\/\">Las Vegas<\/a>, <a href=\"https:\/\/usa-gv.com\/fr\/boston\/\">Boston<\/a> ou <a href=\"https:\/\/usa-gv.com\/fr\/visiter-san-francisco\/\">San Francisco<\/a>. N\u2019oubliez pas \u00e9galement de faire votre demande <a href=\"https:\/\/usa-gv.com\/fr\/esta-washington\/\">ESTA pour Washington<\/a>. Les <a href=\"https:\/\/usa-gv.com\/fr\/formalites-usa\/\">formalit\u00e9s pour voyager aux Etats Unis<\/a> se pr\u00e9parent avant d\u2019embarquer pour Washington.<\/p>\n","protected":false},"excerpt":{"rendered":"<p>Visiter la ville de Washington aux Etats Unis Bienvenue \u00e0 Washington D.C., une ville embl\u00e9matique qui m\u00eale histoire, politique et culture. Capitale des \u00c9tats-Unis, Washington regorge de monuments c\u00e9l\u00e8bres, de mus\u00e9es gratuits et de quartiers dynamiques. C\u2019est une destination incontournable pour les amateurs d\u2019histoire, d\u2019architecture et d\u2019art. Pourquoi visiter Washington D.C. ? Washington D.C. est [&hellip;]<\/p>\n","protected":false},"author":1,"featured_media":0,"parent":0,"menu_order":0,"comment_status":"closed","ping_status":"closed","template":"","meta":{"footnotes":""},"class_list":["post-6978","page","type-page","status-publish","hentry"],"yoast_head":"<!-- This site is optimized with the Yoast SEO plugin v26.6 - https:\/\/yoast.com\/wordpress\/plugins\/seo\/ -->\n<title>Visiter Washington D.C. pour d\u00e9couvrir la capitale des \u00c9tats-Unis - USA-GV.COM<\/title>\n<meta name=\"description\" content=\"D\u00e9couvrez la ville de Washington lors de votre s\u00e9jour touristique aux Etats Unis. C&#039;est une ville qui incarne l\u2019histoire et le pouvoir.\" \/>\n<meta name=\"robots\" content=\"index, follow, max-snippet:-1, max-image-preview:large, max-video-preview:-1\" \/>\n<link rel=\"canonical\" href=\"https:\/\/usa-gv.com\/fr\/washington\/\" \/>\n<meta property=\"og:locale\" content=\"fr_FR\" \/>\n<meta property=\"og:type\" content=\"article\" \/>\n<meta property=\"og:title\" content=\"Visiter Washington D.C. pour d\u00e9couvrir la capitale des \u00c9tats-Unis - USA-GV.COM\" \/>\n<meta property=\"og:description\" content=\"D\u00e9couvrez la ville de Washington lors de votre s\u00e9jour touristique aux Etats Unis. C&#039;est une ville qui incarne l\u2019histoire et le pouvoir.\" \/>\n<meta property=\"og:url\" content=\"https:\/\/usa-gv.com\/fr\/washington\/\" \/>\n<meta property=\"og:site_name\" content=\"USA-GV.COM\" \/>\n<meta property=\"article:modified_time\" content=\"2025-04-07T08:47:36+00:00\" \/>\n<meta property=\"og:image\" content=\"https:\/\/usa-gv.com\/wp-content\/uploads\/2025\/01\/washington-1024x473.jpg\" \/>\n<meta name=\"twitter:card\" content=\"summary_large_image\" \/>\n<meta name=\"twitter:label1\" content=\"Dur\u00e9e de lecture estim\u00e9e\" \/>\n\t<meta name=\"twitter:data1\" content=\"5 minutes\" \/>\n<script type=\"application\/ld+json\" class=\"yoast-schema-graph\">{\"@context\":\"https:\/\/schema.org\",\"@graph\":[{\"@type\":\"WebPage\",\"@id\":\"https:\/\/usa-gv.com\/fr\/washington\/\",\"url\":\"https:\/\/usa-gv.com\/fr\/washington\/\",\"name\":\"Visiter Washington D.C. pour d\u00e9couvrir la capitale des \u00c9tats-Unis - USA-GV.COM\",\"isPartOf\":{\"@id\":\"https:\/\/usa-gv.com\/fr\/#website\"},\"primaryImageOfPage\":{\"@id\":\"https:\/\/usa-gv.com\/fr\/washington\/#primaryimage\"},\"image\":{\"@id\":\"https:\/\/usa-gv.com\/fr\/washington\/#primaryimage\"},\"thumbnailUrl\":\"https:\/\/usa-gv.com\/wp-content\/uploads\/2025\/01\/washington-1024x473.jpg\",\"datePublished\":\"2025-01-15T09:52:26+00:00\",\"dateModified\":\"2025-04-07T08:47:36+00:00\",\"description\":\"D\u00e9couvrez la ville de Washington lors de votre s\u00e9jour touristique aux Etats Unis. C'est une ville qui incarne l\u2019histoire et le pouvoir.\",\"breadcrumb\":{\"@id\":\"https:\/\/usa-gv.com\/fr\/washington\/#breadcrumb\"},\"inLanguage\":\"fr-FR\",\"potentialAction\":[{\"@type\":\"ReadAction\",\"target\":[\"https:\/\/usa-gv.com\/fr\/washington\/\"]}]},{\"@type\":\"ImageObject\",\"inLanguage\":\"fr-FR\",\"@id\":\"https:\/\/usa-gv.com\/fr\/washington\/#primaryimage\",\"url\":\"https:\/\/usa-gv.com\/wp-content\/uploads\/2025\/01\/washington-1024x473.jpg\",\"contentUrl\":\"https:\/\/usa-gv.com\/wp-content\/uploads\/2025\/01\/washington-1024x473.jpg\"},{\"@type\":\"BreadcrumbList\",\"@id\":\"https:\/\/usa-gv.com\/fr\/washington\/#breadcrumb\",\"itemListElement\":[{\"@type\":\"ListItem\",\"position\":1,\"name\":\"Home\",\"item\":\"https:\/\/usa-gv.com\/fr\/\"},{\"@type\":\"ListItem\",\"position\":2,\"name\":\"Visiter Washington D.C. pour d\u00e9couvrir la capitale des \u00c9tats-Unis\"}]},{\"@type\":\"WebSite\",\"@id\":\"https:\/\/usa-gv.com\/fr\/#website\",\"url\":\"https:\/\/usa-gv.com\/fr\/\",\"name\":\"USA-GV.COM\",\"description\":\"\",\"potentialAction\":[{\"@type\":\"SearchAction\",\"target\":{\"@type\":\"EntryPoint\",\"urlTemplate\":\"https:\/\/usa-gv.com\/fr\/?s={search_term_string}\"},\"query-input\":{\"@type\":\"PropertyValueSpecification\",\"valueRequired\":true,\"valueName\":\"search_term_string\"}}],\"inLanguage\":\"fr-FR\"}]}<\/script>\n<!-- \/ Yoast SEO plugin. -->","yoast_head_json":{"title":"Visiter Washington D.C. pour d\u00e9couvrir la capitale des \u00c9tats-Unis - USA-GV.COM","description":"D\u00e9couvrez la ville de Washington lors de votre s\u00e9jour touristique aux Etats Unis. C'est une ville qui incarne l\u2019histoire et le pouvoir.","robots":{"index":"index","follow":"follow","max-snippet":"max-snippet:-1","max-image-preview":"max-image-preview:large","max-video-preview":"max-video-preview:-1"},"canonical":"https:\/\/usa-gv.com\/fr\/washington\/","og_locale":"fr_FR","og_type":"article","og_title":"Visiter Washington D.C. pour d\u00e9couvrir la capitale des \u00c9tats-Unis - USA-GV.COM","og_description":"D\u00e9couvrez la ville de Washington lors de votre s\u00e9jour touristique aux Etats Unis. C'est une ville qui incarne l\u2019histoire et le pouvoir.","og_url":"https:\/\/usa-gv.com\/fr\/washington\/","og_site_name":"USA-GV.COM","article_modified_time":"2025-04-07T08:47:36+00:00","og_image":[{"url":"https:\/\/usa-gv.com\/wp-content\/uploads\/2025\/01\/washington-1024x473.jpg","type":"","width":"","height":""}],"twitter_card":"summary_large_image","twitter_misc":{"Dur\u00e9e de lecture estim\u00e9e":"5 minutes"},"schema":{"@context":"https:\/\/schema.org","@graph":[{"@type":"WebPage","@id":"https:\/\/usa-gv.com\/fr\/washington\/","url":"https:\/\/usa-gv.com\/fr\/washington\/","name":"Visiter Washington D.C. pour d\u00e9couvrir la capitale des \u00c9tats-Unis - USA-GV.COM","isPartOf":{"@id":"https:\/\/usa-gv.com\/fr\/#website"},"primaryImageOfPage":{"@id":"https:\/\/usa-gv.com\/fr\/washington\/#primaryimage"},"image":{"@id":"https:\/\/usa-gv.com\/fr\/washington\/#primaryimage"},"thumbnailUrl":"https:\/\/usa-gv.com\/wp-content\/uploads\/2025\/01\/washington-1024x473.jpg","datePublished":"2025-01-15T09:52:26+00:00","dateModified":"2025-04-07T08:47:36+00:00","description":"D\u00e9couvrez la ville de Washington lors de votre s\u00e9jour touristique aux Etats Unis. C'est une ville qui incarne l\u2019histoire et le pouvoir.","breadcrumb":{"@id":"https:\/\/usa-gv.com\/fr\/washington\/#breadcrumb"},"inLanguage":"fr-FR","potentialAction":[{"@type":"ReadAction","target":["https:\/\/usa-gv.com\/fr\/washington\/"]}]},{"@type":"ImageObject","inLanguage":"fr-FR","@id":"https:\/\/usa-gv.com\/fr\/washington\/#primaryimage","url":"https:\/\/usa-gv.com\/wp-content\/uploads\/2025\/01\/washington-1024x473.jpg","contentUrl":"https:\/\/usa-gv.com\/wp-content\/uploads\/2025\/01\/washington-1024x473.jpg"},{"@type":"BreadcrumbList","@id":"https:\/\/usa-gv.com\/fr\/washington\/#breadcrumb","itemListElement":[{"@type":"ListItem","position":1,"name":"Home","item":"https:\/\/usa-gv.com\/fr\/"},{"@type":"ListItem","position":2,"name":"Visiter Washington D.C. pour d\u00e9couvrir la capitale des \u00c9tats-Unis"}]},{"@type":"WebSite","@id":"https:\/\/usa-gv.com\/fr\/#website","url":"https:\/\/usa-gv.com\/fr\/","name":"USA-GV.COM","description":"","potentialAction":[{"@type":"SearchAction","target":{"@type":"EntryPoint","urlTemplate":"https:\/\/usa-gv.com\/fr\/?s={search_term_string}"},"query-input":{"@type":"PropertyValueSpecification","valueRequired":true,"valueName":"search_term_string"}}],"inLanguage":"fr-FR"}]}},"_links":{"self":[{"href":"https:\/\/usa-gv.com\/fr\/wp-json\/wp\/v2\/pages\/6978","targetHints":{"allow":["GET"]}}],"collection":[{"href":"https:\/\/usa-gv.com\/fr\/wp-json\/wp\/v2\/pages"}],"about":[{"href":"https:\/\/usa-gv.com\/fr\/wp-json\/wp\/v2\/types\/page"}],"author":[{"embeddable":true,"href":"https:\/\/usa-gv.com\/fr\/wp-json\/wp\/v2\/users\/1"}],"replies":[{"embeddable":true,"href":"https:\/\/usa-gv.com\/fr\/wp-json\/wp\/v2\/comments?post=6978"}],"version-history":[{"count":3,"href":"https:\/\/usa-gv.com\/fr\/wp-json\/wp\/v2\/pages\/6978\/revisions"}],"predecessor-version":[{"id":7014,"href":"https:\/\/usa-gv.com\/fr\/wp-json\/wp\/v2\/pages\/6978\/revisions\/7014"}],"wp:attachment":[{"href":"https:\/\/usa-gv.com\/fr\/wp-json\/wp\/v2\/media?parent=6978"}],"curies":[{"name":"wp","href":"https:\/\/api.w.org\/{rel}","templated":true}]}}