{"id":6071,"date":"2025-01-08T07:51:05","date_gmt":"2025-01-08T07:51:05","guid":{"rendered":"https:\/\/usa-gv.com\/?page_id=6071"},"modified":"2025-04-07T08:44:50","modified_gmt":"2025-04-07T08:44:50","slug":"guide-voyage-aux-usa","status":"publish","type":"page","link":"https:\/\/usa-gv.com\/fr\/","title":{"rendered":"Guide pour voyager aux Etats Unis"},"content":{"rendered":"\n<h1 class=\"wp-block-heading\">Bienvenue sur notre guide de voyage aux USA<\/h1>\n\n\n\n<p>D\u00e9couvrez les merveilles des \u00c9tats-Unis gr\u00e2ce \u00e0 notre guide complet, con\u00e7u pour vous aider \u00e0 planifier votre s\u00e9jour de r\u00eave. Des gratte-ciel de New York aux plages ensoleill\u00e9es de Californie, plongez dans la diversit\u00e9 et la richesse culturelle de ce vaste pays.<\/p>\n\n\n\n<h2 class=\"wp-block-heading\">Explorez les villes incontournables des Etats unis<\/h2>\n\n\n\n<p>Retrouvez ici une liste des principales villes am\u00e9ricaines, chacune avec ses tr\u00e9sors uniques. Cliquez sur une destination pour acc\u00e9der \u00e0 un guide d\u00e9taill\u00e9 contenant les meilleures attractions, conseils pratiques et recommandations.<\/p>\n\n\n\n<ul class=\"wp-block-list\">\n<li><a href=\"https:\/\/usa-gv.com\/fr\/visiter-new-york\/\">New York<\/a> : La ville qui ne dort jamais, avec ses ic\u00f4nes comme Times Square, la Statue de la Libert\u00e9 et Central Park.<\/li>\n\n\n\n<li><a href=\"https:\/\/usa-gv.com\/fr\/visiter-los-angeles\/\">Los Angeles<\/a> : Capitale du cin\u00e9ma et des plages dor\u00e9es, de Hollywood \u00e0 Santa Monica.<\/li>\n\n\n\n<li><a href=\"https:\/\/usa-gv.com\/fr\/chicago\/\">Chicago<\/a> : L\u2019architecture audacieuse et les rives du lac Michigan.<\/li>\n\n\n\n<li><a href=\"https:\/\/usa-gv.com\/fr\/miami\/\">Miami<\/a> : Soleil, art d\u00e9co et culture latine.<\/li>\n\n\n\n<li><a href=\"https:\/\/usa-gv.com\/fr\/las-vegas\/\">Las Vegas<\/a> : L\u2019\u00e9clat des casinos et spectacles en plein d\u00e9sert.<\/li>\n\n\n\n<li><a href=\"https:\/\/usa-gv.com\/fr\/visiter-san-francisco\/\">San Francisco<\/a> : Le mythique Golden Gate et les rues en pente.<\/li>\n\n\n\n<li><a href=\"https:\/\/usa-gv.com\/fr\/orlando\/\">Orlando<\/a> : Le paradis des parcs d\u2019attractions comme Disney et Universal Studios.<\/li>\n\n\n\n<li><a href=\"https:\/\/usa-gv.com\/fr\/boston\/\">Boston<\/a> : Histoire et charme colonial am\u00e9ricain.<\/li>\n\n\n\n<li><a href=\"https:\/\/usa-gv.com\/fr\/washington\/\">Washington<\/a> : Les monuments embl\u00e9matiques et mus\u00e9es gratuits.<\/li>\n\n\n\n<li><strong>Seattle<\/strong> : La ville de l\u2019innovation et des paysages \u00e9poustouflants.<\/li>\n\n\n\n<li><strong>Houston<\/strong> : La culture texane et le centre spatial de la NASA.<\/li>\n\n\n\n<li><strong>Denver<\/strong> : Porte d\u2019entr\u00e9e vers les Rocheuses et les aventures en plein air.<\/li>\n\n\n\n<li><strong>New Orleans<\/strong> : Berceau du jazz et de la f\u00eate avec son c\u00e9l\u00e8bre Mardi Gras.<\/li>\n\n\n\n<li><strong>Honolulu<\/strong> : \u00c9vasion paradisiaque dans les \u00eeles hawa\u00efennes.<\/li>\n<\/ul>\n\n\n\n<div style=\"height:20px\" aria-hidden=\"true\" class=\"wp-block-spacer\"><\/div>\n\n\n\n<figure class=\"wp-block-image size-large\"><img fetchpriority=\"high\" decoding=\"async\" width=\"1024\" height=\"623\" src=\"https:\/\/usa-gv.com\/wp-content\/uploads\/2025\/01\/USA-map-1024x623.jpg\" alt=\"\" class=\"wp-image-6677\" srcset=\"https:\/\/usa-gv.com\/wp-content\/uploads\/2025\/01\/USA-map-1024x623.jpg 1024w, https:\/\/usa-gv.com\/wp-content\/uploads\/2025\/01\/USA-map-300x183.jpg 300w, https:\/\/usa-gv.com\/wp-content\/uploads\/2025\/01\/USA-map-768x467.jpg 768w, https:\/\/usa-gv.com\/wp-content\/uploads\/2025\/01\/USA-map.jpg 1527w\" sizes=\"(max-width: 1024px) 100vw, 1024px\" \/><\/figure>\n\n\n\n<p>Pensez \u00e0 effectuer vos <a href=\"https:\/\/usa-gv.com\/fr\/formalites-usa\/\">formalit\u00e9s de voyage<\/a> bien avant les derniers jours qui pr\u00e9c\u00e8deront votre d\u00e9part pour les Etats Unis.<\/p>\n\n\n\n<h2 class=\"wp-block-heading\">D\u00e9couvrez les parcs nationaux des Etats Unis<\/h2>\n\n\n\n<p>Voici la liste des parcs nationaux am\u00e9ricains les plus embl\u00e9matiques \u00e0 visiter, class\u00e9s par r\u00e9gion. Chacun offre des paysages uniques et des exp\u00e9riences inoubliables\u202f:<\/p>\n\n\n\n<h3 class=\"wp-block-heading\">Parcs nationaux de l&rsquo;Ouest des \u00c9tats-Unis :<\/h3>\n\n\n\n<ul class=\"wp-block-list\">\n<li><strong>Yellowstone (Wyoming, Montana, Idaho)<\/strong> : Geysers, sources chaudes color\u00e9es, faune abondante (bisons, ours, loups).<\/li>\n\n\n\n<li><strong>Grand Teton (Wyoming)<\/strong> : Montagnes majestueuses, lacs alpins et randonn\u00e9es spectaculaires.<\/li>\n\n\n\n<li><strong>Yosemite (Californie)<\/strong> : Falaises de granit, cascades, s\u00e9quoias g\u00e9ants (Mariposa Grove).<\/li>\n\n\n\n<li><strong>Grand Canyon (Arizona)<\/strong> : Immense gorge sculpt\u00e9e par le fleuve Colorado, vues panoramiques.<\/li>\n\n\n\n<li><strong>Zion (Utah)<\/strong> : Canyons de gr\u00e8s rouge, randonn\u00e9es c\u00e9l\u00e8bres comme Angel\u2019s Landing.<\/li>\n\n\n\n<li><strong>Bryce Canyon (Utah)<\/strong> : Chemin\u00e9es de f\u00e9es (hoodoos) et paysages surnaturels.<\/li>\n\n\n\n<li><strong>Death Valley (Californie, Nevada)<\/strong> : D\u00e9sert le plus chaud, dunes de sable, Badwater Basin (point le plus bas des \u00c9tats-Unis).<\/li>\n\n\n\n<li><strong>Arches (Utah)<\/strong> : Plus de 2 000 arches naturelles de gr\u00e8s.<\/li>\n\n\n\n<li><strong>Sequoia &amp; Kings Canyon (Californie)<\/strong> : Arbres g\u00e9ants, dont le c\u00e9l\u00e8bre General Sherman Tree, et montagnes.<\/li>\n\n\n\n<li><strong>Olympic (Washington)<\/strong> : For\u00eats pluviales, montagnes et plages sauvages.<\/li>\n<\/ul>\n\n\n\n<div style=\"height:10px\" aria-hidden=\"true\" class=\"wp-block-spacer\"><\/div>\n\n\n\n<h3 class=\"wp-block-heading\">Parcs nationaux du centre des \u00c9tats-Unis :<\/h3>\n\n\n\n<ul class=\"wp-block-list\">\n<li><strong>Rocky Mountain (Colorado)<\/strong> : Sommets enneig\u00e9s, lacs de montagne, et faune vari\u00e9e.<\/li>\n\n\n\n<li><strong>Badlands (Dakota du Sud)<\/strong> : Formations rocheuses spectaculaires et fossiles.<\/li>\n\n\n\n<li><strong>Great Sand Dunes (Colorado)<\/strong> : Plus hautes dunes de sable d\u2019Am\u00e9rique du Nord.<\/li>\n\n\n\n<li><strong>Wind Cave (Dakota du Sud)<\/strong> : Syst\u00e8me de grottes unique et prairies.<\/li>\n<\/ul>\n\n\n\n<div style=\"height:10px\" aria-hidden=\"true\" class=\"wp-block-spacer\"><\/div>\n\n\n\n<h3 class=\"wp-block-heading\">Parcs nationaux du Sud des \u00c9tats-Unis :<\/h3>\n\n\n\n<ul class=\"wp-block-list\">\n<li><a href=\"https:\/\/www.nps.gov\/bibe\/index.htm\">Big Bend au Texas<\/a> : D\u00e9serts, canyons et fleuve Rio Grande.<\/li>\n\n\n\n<li><a href=\"https:\/\/fr.visittheusa.ca\/destination\/everglades-national-park\">Everglades en Floride<\/a> : Mar\u00e9cages, alligators et observation d\u2019oiseaux.<\/li>\n\n\n\n<li><a href=\"https:\/\/www.nps.gov\/cave\/index.htm\">Carlsbad Caverns<\/a> au Nouveau-Mexique : R\u00e9seau impressionnant de grottes souterraines.<\/li>\n<\/ul>\n\n\n\n<div style=\"height:10px\" aria-hidden=\"true\" class=\"wp-block-spacer\"><\/div>\n\n\n\n<h3 class=\"wp-block-heading\">Parcs nationaux de l&rsquo;Est des \u00c9tats-Unis :<\/h3>\n\n\n\n<ul class=\"wp-block-list\">\n<li><strong>Great Smoky Mountains<\/strong> (Tennessee, Caroline du Nord) : Montagnes brumeuses, cascades, et sentiers bois\u00e9s.<\/li>\n\n\n\n<li><strong>Acadia<\/strong> (Maine) : Littoral rocheux, montagnes, et for\u00eats c\u00f4ti\u00e8res.<\/li>\n\n\n\n<li><strong>Shenandoah<\/strong> (Virginie) : Vall\u00e9e pittoresque et randonn\u00e9es sur la Skyline Drive.<\/li>\n<\/ul>\n\n\n\n<div style=\"height:10px\" aria-hidden=\"true\" class=\"wp-block-spacer\"><\/div>\n\n\n\n<h3 class=\"wp-block-heading\">Parcs nationaux en Alaska et \u00e0 Hawa\u00ef :<\/h3>\n\n\n\n<ul class=\"wp-block-list\">\n<li><strong>Denali (Alaska)<\/strong> : Mont Denali (plus haut sommet d&rsquo;Am\u00e9rique du Nord), paysages sauvages et faune.<\/li>\n\n\n\n<li><strong>Glacier Bay (Alaska)<\/strong> : Fjords, glaciers, et observation des baleines.<\/li>\n\n\n\n<li><strong>Haleakal\u0101 (Hawa\u00ef)<\/strong> : Lever de soleil spectaculaire sur le crat\u00e8re volcanique.<\/li>\n\n\n\n<li><strong>Volcanoes National Park (Hawa\u00ef)<\/strong> : Volcans actifs, coul\u00e9es de lave, et paysages lunaires.<\/li>\n<\/ul>\n\n\n\n<div style=\"height:10px\" aria-hidden=\"true\" class=\"wp-block-spacer\"><\/div>\n\n\n\n<p>Ces parcs offrent une grande diversit\u00e9 de paysages et d&rsquo;activit\u00e9s, de la randonn\u00e9e \u00e0 l&rsquo;observation de la faune en passant par des exp\u00e9riences culturelles. <\/p>\n","protected":false},"excerpt":{"rendered":"<p>Bienvenue sur notre guide de voyage aux USA D\u00e9couvrez les merveilles des \u00c9tats-Unis gr\u00e2ce \u00e0 notre guide complet, con\u00e7u pour vous aider \u00e0 planifier votre s\u00e9jour de r\u00eave. Des gratte-ciel de New York aux plages ensoleill\u00e9es de Californie, plongez dans la diversit\u00e9 et la richesse culturelle de ce vaste pays. Explorez les villes incontournables des [&hellip;]<\/p>\n","protected":false},"author":1,"featured_media":0,"parent":0,"menu_order":0,"comment_status":"closed","ping_status":"closed","template":"","meta":{"footnotes":""},"class_list":["post-6071","page","type-page","status-publish","hentry"],"yoast_head":"<!-- This site is optimized with the Yoast SEO plugin v26.6 - https:\/\/yoast.com\/wordpress\/plugins\/seo\/ -->\n<title>Guide pour voyager aux Etats Unis - USA-GV.COM<\/title>\n<meta name=\"description\" content=\"D\u00e9couvrez notre guide de voyage d\u00e9di\u00e9 aux s\u00e9jours touristiques aux Etats Unis. On vous partage toutes nos meilleures exp\u00e9riences.\" \/>\n<meta name=\"robots\" content=\"index, follow, max-snippet:-1, max-image-preview:large, max-video-preview:-1\" \/>\n<link rel=\"canonical\" href=\"https:\/\/usa-gv.com\/fr\/\" \/>\n<meta property=\"og:locale\" content=\"fr_FR\" \/>\n<meta property=\"og:type\" content=\"article\" \/>\n<meta property=\"og:title\" content=\"Guide pour voyager aux Etats Unis - USA-GV.COM\" \/>\n<meta property=\"og:description\" content=\"D\u00e9couvrez notre guide de voyage d\u00e9di\u00e9 aux s\u00e9jours touristiques aux Etats Unis. On vous partage toutes nos meilleures exp\u00e9riences.\" \/>\n<meta property=\"og:url\" content=\"https:\/\/usa-gv.com\/fr\/\" \/>\n<meta property=\"og:site_name\" content=\"USA-GV.COM\" \/>\n<meta property=\"article:modified_time\" content=\"2025-04-07T08:44:50+00:00\" \/>\n<meta property=\"og:image\" content=\"https:\/\/usa-gv.com\/wp-content\/uploads\/2025\/01\/USA-map-1024x623.jpg\" \/>\n<meta name=\"twitter:card\" content=\"summary_large_image\" \/>\n<meta name=\"twitter:label1\" content=\"Dur\u00e9e de lecture estim\u00e9e\" \/>\n\t<meta name=\"twitter:data1\" content=\"4 minutes\" \/>\n<script type=\"application\/ld+json\" class=\"yoast-schema-graph\">{\"@context\":\"https:\/\/schema.org\",\"@graph\":[{\"@type\":\"WebPage\",\"@id\":\"https:\/\/usa-gv.com\/fr\/\",\"url\":\"https:\/\/usa-gv.com\/fr\/\",\"name\":\"Guide pour voyager aux Etats Unis - USA-GV.COM\",\"isPartOf\":{\"@id\":\"https:\/\/usa-gv.com\/fr\/#website\"},\"primaryImageOfPage\":{\"@id\":\"https:\/\/usa-gv.com\/fr\/#primaryimage\"},\"image\":{\"@id\":\"https:\/\/usa-gv.com\/fr\/#primaryimage\"},\"thumbnailUrl\":\"https:\/\/usa-gv.com\/wp-content\/uploads\/2025\/01\/USA-map-1024x623.jpg\",\"datePublished\":\"2025-01-08T07:51:05+00:00\",\"dateModified\":\"2025-04-07T08:44:50+00:00\",\"description\":\"D\u00e9couvrez notre guide de voyage d\u00e9di\u00e9 aux s\u00e9jours touristiques aux Etats Unis. On vous partage toutes nos meilleures exp\u00e9riences.\",\"breadcrumb\":{\"@id\":\"https:\/\/usa-gv.com\/fr\/#breadcrumb\"},\"inLanguage\":\"fr-FR\",\"potentialAction\":[{\"@type\":\"ReadAction\",\"target\":[\"https:\/\/usa-gv.com\/fr\/\"]}]},{\"@type\":\"ImageObject\",\"inLanguage\":\"fr-FR\",\"@id\":\"https:\/\/usa-gv.com\/fr\/#primaryimage\",\"url\":\"https:\/\/usa-gv.com\/wp-content\/uploads\/2025\/01\/USA-map-1024x623.jpg\",\"contentUrl\":\"https:\/\/usa-gv.com\/wp-content\/uploads\/2025\/01\/USA-map-1024x623.jpg\"},{\"@type\":\"BreadcrumbList\",\"@id\":\"https:\/\/usa-gv.com\/fr\/#breadcrumb\",\"itemListElement\":[{\"@type\":\"ListItem\",\"position\":1,\"name\":\"Home\",\"item\":\"https:\/\/usa-gv.com\/fr\/\"},{\"@type\":\"ListItem\",\"position\":2,\"name\":\"Guide pour voyager aux Etats Unis\"}]},{\"@type\":\"WebSite\",\"@id\":\"https:\/\/usa-gv.com\/fr\/#website\",\"url\":\"https:\/\/usa-gv.com\/fr\/\",\"name\":\"USA-GV.COM\",\"description\":\"\",\"potentialAction\":[{\"@type\":\"SearchAction\",\"target\":{\"@type\":\"EntryPoint\",\"urlTemplate\":\"https:\/\/usa-gv.com\/fr\/?s={search_term_string}\"},\"query-input\":{\"@type\":\"PropertyValueSpecification\",\"valueRequired\":true,\"valueName\":\"search_term_string\"}}],\"inLanguage\":\"fr-FR\"}]}<\/script>\n<!-- \/ Yoast SEO plugin. -->","yoast_head_json":{"title":"Guide pour voyager aux Etats Unis - USA-GV.COM","description":"D\u00e9couvrez notre guide de voyage d\u00e9di\u00e9 aux s\u00e9jours touristiques aux Etats Unis. On vous partage toutes nos meilleures exp\u00e9riences.","robots":{"index":"index","follow":"follow","max-snippet":"max-snippet:-1","max-image-preview":"max-image-preview:large","max-video-preview":"max-video-preview:-1"},"canonical":"https:\/\/usa-gv.com\/fr\/","og_locale":"fr_FR","og_type":"article","og_title":"Guide pour voyager aux Etats Unis - USA-GV.COM","og_description":"D\u00e9couvrez notre guide de voyage d\u00e9di\u00e9 aux s\u00e9jours touristiques aux Etats Unis. On vous partage toutes nos meilleures exp\u00e9riences.","og_url":"https:\/\/usa-gv.com\/fr\/","og_site_name":"USA-GV.COM","article_modified_time":"2025-04-07T08:44:50+00:00","og_image":[{"url":"https:\/\/usa-gv.com\/wp-content\/uploads\/2025\/01\/USA-map-1024x623.jpg","type":"","width":"","height":""}],"twitter_card":"summary_large_image","twitter_misc":{"Dur\u00e9e de lecture estim\u00e9e":"4 minutes"},"schema":{"@context":"https:\/\/schema.org","@graph":[{"@type":"WebPage","@id":"https:\/\/usa-gv.com\/fr\/","url":"https:\/\/usa-gv.com\/fr\/","name":"Guide pour voyager aux Etats Unis - USA-GV.COM","isPartOf":{"@id":"https:\/\/usa-gv.com\/fr\/#website"},"primaryImageOfPage":{"@id":"https:\/\/usa-gv.com\/fr\/#primaryimage"},"image":{"@id":"https:\/\/usa-gv.com\/fr\/#primaryimage"},"thumbnailUrl":"https:\/\/usa-gv.com\/wp-content\/uploads\/2025\/01\/USA-map-1024x623.jpg","datePublished":"2025-01-08T07:51:05+00:00","dateModified":"2025-04-07T08:44:50+00:00","description":"D\u00e9couvrez notre guide de voyage d\u00e9di\u00e9 aux s\u00e9jours touristiques aux Etats Unis. On vous partage toutes nos meilleures exp\u00e9riences.","breadcrumb":{"@id":"https:\/\/usa-gv.com\/fr\/#breadcrumb"},"inLanguage":"fr-FR","potentialAction":[{"@type":"ReadAction","target":["https:\/\/usa-gv.com\/fr\/"]}]},{"@type":"ImageObject","inLanguage":"fr-FR","@id":"https:\/\/usa-gv.com\/fr\/#primaryimage","url":"https:\/\/usa-gv.com\/wp-content\/uploads\/2025\/01\/USA-map-1024x623.jpg","contentUrl":"https:\/\/usa-gv.com\/wp-content\/uploads\/2025\/01\/USA-map-1024x623.jpg"},{"@type":"BreadcrumbList","@id":"https:\/\/usa-gv.com\/fr\/#breadcrumb","itemListElement":[{"@type":"ListItem","position":1,"name":"Home","item":"https:\/\/usa-gv.com\/fr\/"},{"@type":"ListItem","position":2,"name":"Guide pour voyager aux Etats Unis"}]},{"@type":"WebSite","@id":"https:\/\/usa-gv.com\/fr\/#website","url":"https:\/\/usa-gv.com\/fr\/","name":"USA-GV.COM","description":"","potentialAction":[{"@type":"SearchAction","target":{"@type":"EntryPoint","urlTemplate":"https:\/\/usa-gv.com\/fr\/?s={search_term_string}"},"query-input":{"@type":"PropertyValueSpecification","valueRequired":true,"valueName":"search_term_string"}}],"inLanguage":"fr-FR"}]}},"_links":{"self":[{"href":"https:\/\/usa-gv.com\/fr\/wp-json\/wp\/v2\/pages\/6071","targetHints":{"allow":["GET"]}}],"collection":[{"href":"https:\/\/usa-gv.com\/fr\/wp-json\/wp\/v2\/pages"}],"about":[{"href":"https:\/\/usa-gv.com\/fr\/wp-json\/wp\/v2\/types\/page"}],"author":[{"embeddable":true,"href":"https:\/\/usa-gv.com\/fr\/wp-json\/wp\/v2\/users\/1"}],"replies":[{"embeddable":true,"href":"https:\/\/usa-gv.com\/fr\/wp-json\/wp\/v2\/comments?post=6071"}],"version-history":[{"count":16,"href":"https:\/\/usa-gv.com\/fr\/wp-json\/wp\/v2\/pages\/6071\/revisions"}],"predecessor-version":[{"id":7002,"href":"https:\/\/usa-gv.com\/fr\/wp-json\/wp\/v2\/pages\/6071\/revisions\/7002"}],"wp:attachment":[{"href":"https:\/\/usa-gv.com\/fr\/wp-json\/wp\/v2\/media?parent=6071"}],"curies":[{"name":"wp","href":"https:\/\/api.w.org\/{rel}","templated":true}]}}