{"id":3691,"date":"2024-04-06T07:11:38","date_gmt":"2024-04-06T07:11:38","guid":{"rendered":"https:\/\/usa-gv.com\/?page_id=3691"},"modified":"2025-04-07T08:46:34","modified_gmt":"2025-04-07T08:46:34","slug":"visa-touristique-usa","status":"publish","type":"page","link":"https:\/\/usa-gv.com\/fr\/visa-touristique-usa\/","title":{"rendered":"Visa de touriste pour voyager aux Etats Unis"},"content":{"rendered":"\n<h1 class=\"wp-block-heading\">Obtenir un visa touristique pour entrer aux USA<\/h1>\n\n\n\n<p>Un visa touristique permet \u00e0 un ressortissant \u00e9tranger de s\u00e9journer aux Etats Unis pour une dur\u00e9e d\u00e9termin\u00e9e. <\/p>\n\n\n\n<p><strong>Pour un s\u00e9jour de moins de 90 jours<\/strong> : il n\u2019est pas n\u00e9cessaire de demander un visa touristique si votre pays est membre du <a href=\"https:\/\/usa-gv.com\/fr\/visa-waiver-program-usa\/\">Visa Waiver Program<\/a>. Vous pouvez demander une autorisation de voyage \u00e9lectronique en quelques minutes en cliquant sur <a href=\"https:\/\/usa-gv.com\/fr\/formulaire-esta-en-ligne\/\">formulaire ESTA en ligne<\/a>.<\/p>\n\n\n\n<div style=\"height:10px\" aria-hidden=\"true\" class=\"wp-block-spacer\"><\/div>\n\n\n\n<h2 class=\"wp-block-heading\">Qu\u2019est ce qu&rsquo;un visa touristique am\u00e9ricain ?<\/h2>\n\n\n\n<p>Un visa touristique am\u00e9ricain est une autorisation officielle de voyage \u00e0 des destination des Etats Unis. Un visa permet aux voyageurs \u00e9trangers d&rsquo;entrer sur le territoire am\u00e9ricain et d&rsquo;y s\u00e9journer pendant une p\u00e9riode fix\u00e9e par le visa.<\/p>\n\n\n\n<h3 class=\"wp-block-heading\">Que peut-on faire aux USA avec un visa touristique ?<\/h3>\n\n\n\n<p>Un visa touristique permet de s\u00e9journer aux Etats Unis pour effectuer les activit\u00e9s suivantes :<\/p>\n\n\n\n<ul class=\"wp-block-list\">\n<li>Effectuer un s\u00e9jour touristique, rendre visite \u00e0 des amis ou \u00e0 de la famille ;<\/li>\n\n\n\n<li>Obtenir un traitement m\u00e9dical ;<\/li>\n\n\n\n<li>Participez \u00e0 des \u00e9v\u00e9nements sportifs ou musicaux non r\u00e9mun\u00e9r\u00e9s ;<\/li>\n\n\n\n<li>Participer \u00e0 des \u00e9v\u00e9nements amicaux ou sociaux.<\/li>\n<\/ul>\n\n\n\n<div style=\"height:10px\" aria-hidden=\"true\" class=\"wp-block-spacer\"><\/div>\n\n\n\n<p>En revanche, un visa touristique ne permet pas de travailler aux \u00c9tats-Unis. <\/p>\n\n\n\n<h3 class=\"wp-block-heading\">Quels sont les crit\u00e8res pour obtenir un visa touristique ?<\/h3>\n\n\n\n<p>Les principales conditions \u00e0 remplir pour obtenir un visa de touriste pour visiter les USA sont :<\/p>\n\n\n\n<ul class=\"wp-block-list\">\n<li>Effectuer un s\u00e9jour temporaire aux Etat Unis et prouver son intention de retourner dans son pays d\u2019origine \u00e0 la fin du s\u00e9jour ;<\/li>\n\n\n\n<li>Effectuer que des activit\u00e9s autoris\u00e9es par le visa B2 touristique ;<\/li>\n\n\n\n<li>Justifi\u00e9 de moyens financiers suffisants pour s\u00e9journer aux USA.<\/li>\n<\/ul>\n\n\n\n<div style=\"height:10px\" aria-hidden=\"true\" class=\"wp-block-spacer\"><\/div>\n\n\n\n<h2 class=\"wp-block-heading\">Comment faire une demande de visa B2 ?<\/h2>\n\n\n\n<p>La demande d&rsquo;un visa touristique pour les USA s&rsquo;effectue en ligne aupr\u00e8s des services am\u00e9ricains de la citoyennet\u00e9 et de l&rsquo;Immigration dont le site web est <a href=\"https:\/\/www.uscis.gov\/\">uscis.gov<\/a>. Elle comprend les \u00e9tapes suivantes :<\/p>\n\n\n\n<ul class=\"wp-block-list\">\n<li>Compl\u00e9ter le formulaire de demande en ligne DS 160 ;<\/li>\n\n\n\n<li>Payer les frais de visa B2 pour valider la demande ;<\/li>\n\n\n\n<li>Prendre rendez vous aupr\u00e8s du consulat ou de l\u2019ambassade am\u00e9ricaine ;<\/li>\n\n\n\n<li>Rassembler les pi\u00e8ces justificatifs de la demande de visa ;<\/li>\n\n\n\n<li>Passer l\u2019entretien pour obtenir le visa avec un agent consulaire am\u00e9ricain.<\/li>\n<\/ul>\n\n\n\n<div style=\"height:10px\" aria-hidden=\"true\" class=\"wp-block-spacer\"><\/div>\n\n\n\n<p>Le processus pour obtenir un visa touristique est plus long et plus compliqu\u00e9 que pour <a href=\"https:\/\/usa-gv.com\/fr\/comment-obtenir-esta\/\">obtenir un ESTA<\/a>.<\/p>\n\n\n\n<h3 class=\"wp-block-heading\">Quels sont les frais \u00e0 payer pour obtenir un visa touristique ?<\/h3>\n\n\n\n<p>Dans le cadre d\u2019une demande de visa touristique, les frais \u00e0 payer en ligne sont d\u2019un montant de 185 $ am\u00e9ricains. Les frais du visa sont donc beaucoup plus importants que le <a href=\"https:\/\/usa-gv.com\/fr\/prix-esta-usa\/\">prix \u00e0 payer pour l&rsquo;ESTA<\/a>.<\/p>\n\n\n\n<h3 class=\"wp-block-heading\">Quels sont les d\u00e9lais d\u2019obtention du visa touristique ?<\/h3>\n\n\n\n<p>Le d\u00e9lai de traitement d\u2019une demande de visa est au minimum de quelques semaines. Ce d\u00e9lai d\u00e9pend du nombre de demandes en cours de traitement par l\u2019autorit\u00e9 consulaire am\u00e9ricaine du pays d\u2019origine du candidat. Le d\u00e9lai est donc bien plus long que le <a href=\"https:\/\/usa-gv.com\/fr\/delais-obtenir-esta\/\">d\u00e9lai pour obtenir l&rsquo;ESTA<\/a>.<\/p>\n\n\n\n<h3 class=\"wp-block-heading\">Quelle est la dur\u00e9e de validit\u00e9 d&rsquo;un visa touristique ?<\/h3>\n\n\n\n<p>La dur\u00e9e initiale d\u2019un visa touristique B2 pour les Etats Unis est de 6 mois. Cela repr\u00e9sente donc le double de la <a href=\"https:\/\/usa-gv.com\/fr\/duree-validite-esta\/\">dur\u00e9e de validit\u00e9 de l&rsquo;ESTA<\/a>. Pour prolonger la dur\u00e9e du visa, le d\u00e9tenteur du visa doit demander une extension pour 6 mois suppl\u00e9mentaires. Cette demande d\u2019extension ne peut s\u2019effectuer qu\u2019apr\u00e8s 3 mois et au plus tard 42 jours avant l\u2019expiration du visa.<\/p>\n\n\n\n<h2 class=\"wp-block-heading\">Image d&rsquo;un visa touristique USA<\/h2>\n\n\n\n<figure class=\"wp-block-image size-large\"><img fetchpriority=\"high\" decoding=\"async\" width=\"1024\" height=\"642\" src=\"https:\/\/usa-gv.com\/wp-content\/uploads\/2024\/04\/visa-usa-1024x642.png\" alt=\"Visa touristique pour les Etats Unis\" class=\"wp-image-3708\" srcset=\"https:\/\/usa-gv.com\/wp-content\/uploads\/2024\/04\/visa-usa-1024x642.png 1024w, https:\/\/usa-gv.com\/wp-content\/uploads\/2024\/04\/visa-usa-300x188.png 300w, https:\/\/usa-gv.com\/wp-content\/uploads\/2024\/04\/visa-usa-768x482.png 768w, https:\/\/usa-gv.com\/wp-content\/uploads\/2024\/04\/visa-usa.png 1473w\" sizes=\"(max-width: 1024px) 100vw, 1024px\" \/><figcaption class=\"wp-element-caption\">Visa touristique pour les Etats Unis<\/figcaption><\/figure>\n","protected":false},"excerpt":{"rendered":"<p>Obtenir un visa touristique pour entrer aux USA Un visa touristique permet \u00e0 un ressortissant \u00e9tranger de s\u00e9journer aux Etats Unis pour une dur\u00e9e d\u00e9termin\u00e9e. Pour un s\u00e9jour de moins de 90 jours : il n\u2019est pas n\u00e9cessaire de demander un visa touristique si votre pays est membre du Visa Waiver Program. Vous pouvez demander [&hellip;]<\/p>\n","protected":false},"author":1,"featured_media":0,"parent":0,"menu_order":0,"comment_status":"closed","ping_status":"closed","template":"","meta":{"footnotes":""},"class_list":["post-3691","page","type-page","status-publish","hentry"],"yoast_head":"<!-- This site is optimized with the Yoast SEO plugin v26.6 - https:\/\/yoast.com\/wordpress\/plugins\/seo\/ -->\n<title>Visa de touriste pour voyager aux Etats Unis - USA-GV.COM<\/title>\n<meta name=\"description\" content=\"Comment obtenir en ligne en quelques minutes un visa pour effectuer un s\u00e9jour touristique de courte dur\u00e9e aux Etats Unis.\" \/>\n<meta name=\"robots\" content=\"index, follow, max-snippet:-1, max-image-preview:large, max-video-preview:-1\" \/>\n<link rel=\"canonical\" href=\"https:\/\/usa-gv.com\/fr\/visa-touristique-usa\/\" \/>\n<meta property=\"og:locale\" content=\"fr_FR\" \/>\n<meta property=\"og:type\" content=\"article\" \/>\n<meta property=\"og:title\" content=\"Visa de touriste pour voyager aux Etats Unis - USA-GV.COM\" \/>\n<meta property=\"og:description\" content=\"Comment obtenir en ligne en quelques minutes un visa pour effectuer un s\u00e9jour touristique de courte dur\u00e9e aux Etats Unis.\" \/>\n<meta property=\"og:url\" content=\"https:\/\/usa-gv.com\/fr\/visa-touristique-usa\/\" \/>\n<meta property=\"og:site_name\" content=\"USA-GV.COM\" \/>\n<meta property=\"article:modified_time\" content=\"2025-04-07T08:46:34+00:00\" \/>\n<meta property=\"og:image\" content=\"https:\/\/usa-gv.com\/wp-content\/uploads\/2024\/04\/visa-usa-1024x642.png\" \/>\n<meta name=\"twitter:card\" content=\"summary_large_image\" \/>\n<meta name=\"twitter:label1\" content=\"Dur\u00e9e de lecture estim\u00e9e\" \/>\n\t<meta name=\"twitter:data1\" content=\"3 minutes\" \/>\n<script type=\"application\/ld+json\" class=\"yoast-schema-graph\">{\"@context\":\"https:\/\/schema.org\",\"@graph\":[{\"@type\":\"WebPage\",\"@id\":\"https:\/\/usa-gv.com\/fr\/visa-touristique-usa\/\",\"url\":\"https:\/\/usa-gv.com\/fr\/visa-touristique-usa\/\",\"name\":\"Visa de touriste pour voyager aux Etats Unis - USA-GV.COM\",\"isPartOf\":{\"@id\":\"https:\/\/usa-gv.com\/fr\/#website\"},\"primaryImageOfPage\":{\"@id\":\"https:\/\/usa-gv.com\/fr\/visa-touristique-usa\/#primaryimage\"},\"image\":{\"@id\":\"https:\/\/usa-gv.com\/fr\/visa-touristique-usa\/#primaryimage\"},\"thumbnailUrl\":\"https:\/\/usa-gv.com\/wp-content\/uploads\/2024\/04\/visa-usa-1024x642.png\",\"datePublished\":\"2024-04-06T07:11:38+00:00\",\"dateModified\":\"2025-04-07T08:46:34+00:00\",\"description\":\"Comment obtenir en ligne en quelques minutes un visa pour effectuer un s\u00e9jour touristique de courte dur\u00e9e aux Etats Unis.\",\"breadcrumb\":{\"@id\":\"https:\/\/usa-gv.com\/fr\/visa-touristique-usa\/#breadcrumb\"},\"inLanguage\":\"fr-FR\",\"potentialAction\":[{\"@type\":\"ReadAction\",\"target\":[\"https:\/\/usa-gv.com\/fr\/visa-touristique-usa\/\"]}]},{\"@type\":\"ImageObject\",\"inLanguage\":\"fr-FR\",\"@id\":\"https:\/\/usa-gv.com\/fr\/visa-touristique-usa\/#primaryimage\",\"url\":\"https:\/\/usa-gv.com\/wp-content\/uploads\/2024\/04\/visa-usa-1024x642.png\",\"contentUrl\":\"https:\/\/usa-gv.com\/wp-content\/uploads\/2024\/04\/visa-usa-1024x642.png\"},{\"@type\":\"BreadcrumbList\",\"@id\":\"https:\/\/usa-gv.com\/fr\/visa-touristique-usa\/#breadcrumb\",\"itemListElement\":[{\"@type\":\"ListItem\",\"position\":1,\"name\":\"Home\",\"item\":\"https:\/\/usa-gv.com\/fr\/\"},{\"@type\":\"ListItem\",\"position\":2,\"name\":\"Visa de touriste pour voyager aux Etats Unis\"}]},{\"@type\":\"WebSite\",\"@id\":\"https:\/\/usa-gv.com\/fr\/#website\",\"url\":\"https:\/\/usa-gv.com\/fr\/\",\"name\":\"USA-GV.COM\",\"description\":\"\",\"potentialAction\":[{\"@type\":\"SearchAction\",\"target\":{\"@type\":\"EntryPoint\",\"urlTemplate\":\"https:\/\/usa-gv.com\/fr\/?s={search_term_string}\"},\"query-input\":{\"@type\":\"PropertyValueSpecification\",\"valueRequired\":true,\"valueName\":\"search_term_string\"}}],\"inLanguage\":\"fr-FR\"}]}<\/script>\n<!-- \/ Yoast SEO plugin. -->","yoast_head_json":{"title":"Visa de touriste pour voyager aux Etats Unis - USA-GV.COM","description":"Comment obtenir en ligne en quelques minutes un visa pour effectuer un s\u00e9jour touristique de courte dur\u00e9e aux Etats Unis.","robots":{"index":"index","follow":"follow","max-snippet":"max-snippet:-1","max-image-preview":"max-image-preview:large","max-video-preview":"max-video-preview:-1"},"canonical":"https:\/\/usa-gv.com\/fr\/visa-touristique-usa\/","og_locale":"fr_FR","og_type":"article","og_title":"Visa de touriste pour voyager aux Etats Unis - USA-GV.COM","og_description":"Comment obtenir en ligne en quelques minutes un visa pour effectuer un s\u00e9jour touristique de courte dur\u00e9e aux Etats Unis.","og_url":"https:\/\/usa-gv.com\/fr\/visa-touristique-usa\/","og_site_name":"USA-GV.COM","article_modified_time":"2025-04-07T08:46:34+00:00","og_image":[{"url":"https:\/\/usa-gv.com\/wp-content\/uploads\/2024\/04\/visa-usa-1024x642.png","type":"","width":"","height":""}],"twitter_card":"summary_large_image","twitter_misc":{"Dur\u00e9e de lecture estim\u00e9e":"3 minutes"},"schema":{"@context":"https:\/\/schema.org","@graph":[{"@type":"WebPage","@id":"https:\/\/usa-gv.com\/fr\/visa-touristique-usa\/","url":"https:\/\/usa-gv.com\/fr\/visa-touristique-usa\/","name":"Visa de touriste pour voyager aux Etats Unis - USA-GV.COM","isPartOf":{"@id":"https:\/\/usa-gv.com\/fr\/#website"},"primaryImageOfPage":{"@id":"https:\/\/usa-gv.com\/fr\/visa-touristique-usa\/#primaryimage"},"image":{"@id":"https:\/\/usa-gv.com\/fr\/visa-touristique-usa\/#primaryimage"},"thumbnailUrl":"https:\/\/usa-gv.com\/wp-content\/uploads\/2024\/04\/visa-usa-1024x642.png","datePublished":"2024-04-06T07:11:38+00:00","dateModified":"2025-04-07T08:46:34+00:00","description":"Comment obtenir en ligne en quelques minutes un visa pour effectuer un s\u00e9jour touristique de courte dur\u00e9e aux Etats Unis.","breadcrumb":{"@id":"https:\/\/usa-gv.com\/fr\/visa-touristique-usa\/#breadcrumb"},"inLanguage":"fr-FR","potentialAction":[{"@type":"ReadAction","target":["https:\/\/usa-gv.com\/fr\/visa-touristique-usa\/"]}]},{"@type":"ImageObject","inLanguage":"fr-FR","@id":"https:\/\/usa-gv.com\/fr\/visa-touristique-usa\/#primaryimage","url":"https:\/\/usa-gv.com\/wp-content\/uploads\/2024\/04\/visa-usa-1024x642.png","contentUrl":"https:\/\/usa-gv.com\/wp-content\/uploads\/2024\/04\/visa-usa-1024x642.png"},{"@type":"BreadcrumbList","@id":"https:\/\/usa-gv.com\/fr\/visa-touristique-usa\/#breadcrumb","itemListElement":[{"@type":"ListItem","position":1,"name":"Home","item":"https:\/\/usa-gv.com\/fr\/"},{"@type":"ListItem","position":2,"name":"Visa de touriste pour voyager aux Etats Unis"}]},{"@type":"WebSite","@id":"https:\/\/usa-gv.com\/fr\/#website","url":"https:\/\/usa-gv.com\/fr\/","name":"USA-GV.COM","description":"","potentialAction":[{"@type":"SearchAction","target":{"@type":"EntryPoint","urlTemplate":"https:\/\/usa-gv.com\/fr\/?s={search_term_string}"},"query-input":{"@type":"PropertyValueSpecification","valueRequired":true,"valueName":"search_term_string"}}],"inLanguage":"fr-FR"}]}},"_links":{"self":[{"href":"https:\/\/usa-gv.com\/fr\/wp-json\/wp\/v2\/pages\/3691","targetHints":{"allow":["GET"]}}],"collection":[{"href":"https:\/\/usa-gv.com\/fr\/wp-json\/wp\/v2\/pages"}],"about":[{"href":"https:\/\/usa-gv.com\/fr\/wp-json\/wp\/v2\/types\/page"}],"author":[{"embeddable":true,"href":"https:\/\/usa-gv.com\/fr\/wp-json\/wp\/v2\/users\/1"}],"replies":[{"embeddable":true,"href":"https:\/\/usa-gv.com\/fr\/wp-json\/wp\/v2\/comments?post=3691"}],"version-history":[{"count":1,"href":"https:\/\/usa-gv.com\/fr\/wp-json\/wp\/v2\/pages\/3691\/revisions"}],"predecessor-version":[{"id":7725,"href":"https:\/\/usa-gv.com\/fr\/wp-json\/wp\/v2\/pages\/3691\/revisions\/7725"}],"wp:attachment":[{"href":"https:\/\/usa-gv.com\/fr\/wp-json\/wp\/v2\/media?parent=3691"}],"curies":[{"name":"wp","href":"https:\/\/api.w.org\/{rel}","templated":true}]}}