{"id":2508,"date":"2024-03-19T10:41:15","date_gmt":"2024-03-19T10:41:15","guid":{"rendered":"https:\/\/usa-gv.com\/?page_id=2508"},"modified":"2025-04-07T08:36:57","modified_gmt":"2025-04-07T08:36:57","slug":"esta-canada","status":"publish","type":"page","link":"https:\/\/usa-gv.com\/fr\/esta-canada\/","title":{"rendered":"ESTA pour le Canada ou eTA Canada"},"content":{"rendered":"\n<h1 class=\"wp-block-heading\">Autorisation de voyage pour le Canada<\/h1>\n\n\n\n<p>Les Etats Unis et le Canada sont deux pays qui ont mis en place des autorisations de voyage \u00e9lectroniques pour les \u00e9trangers d\u00e9sirants effectuer un s\u00e9jour de courte dur\u00e9e sur leur territoire. L&rsquo;autorisation de voyage ESTA pour les USA n&rsquo;a pas la m\u00eame utilit\u00e9 que l&rsquo;autorisation eTA pour le Canada. Voici l&rsquo;information d\u00e9taill\u00e9e pour bien comprendre les r\u00e8gles de voyage entre les deux pays. <\/p>\n\n\n\n<p><strong>Pour un s\u00e9jour de moins de 90 jours aux Etats Unis<\/strong> : Vous pouvez obtenir en quelques minutes votre autorisation de voyage en cliquant sur <a href=\"https:\/\/usa-gv.com\/fr\/formulaire-esta-en-ligne\/\">formulaire ESTA en ligne<\/a>.<\/p>\n\n\n\n<div style=\"height:20px\" aria-hidden=\"true\" class=\"wp-block-spacer\"><\/div>\n\n\n\n<h2 class=\"wp-block-heading\">Autorisation de voyage pour visiter le Canada<\/h2>\n\n\n\n<h3 class=\"wp-block-heading\">Qu&rsquo;est ce que l&rsquo;ESTA Canada<\/h3>\n\n\n\n<p>L&rsquo;autorisation <strong>ESTA pour le Canada n&rsquo;existe pas<\/strong>. Le Canada a mis en place un syst\u00e8me d&rsquo;autorisation de voyage \u00e9lectronique semblable aux Etats Unis qui s&rsquo;appelle eTA pour Electronic Travel Authorization. La notori\u00e9t\u00e9 de l&rsquo;autorisation <a href=\"https:\/\/usa-gv.com\/fr\/cest-quoi-une-autorisation-esta\/\">ESTA pour les USA<\/a> provoque une confusion pour certains voyageurs \u00e9trangers qui pensent que l&rsquo;autorisation canadienne est une ESTA Canada.<\/p>\n\n\n\n<h3 class=\"wp-block-heading\">eTA Autorisation de voyage pour le Canada<\/h3>\n\n\n\n<p>L&rsquo;eTA Canada est une autorisation de voyage \u00e9lectronique qui permet \u00e0 un ressortissant \u00e9tranger d\u2019entrer au Canada pour un s\u00e9jour d\u2019une dur\u00e9e limit\u00e9e \u00e0 6 mois. Le gouvernement canadien a mis en place ce syst\u00e8me d\u2019autorisation de voyage afin de facilit\u00e9 les d\u00e9marches des voyageurs pour visiter le Canada et renforcer la s\u00e9curit\u00e9 au passage des fronti\u00e8res canadiennes.<\/p>\n\n\n\n<h3 class=\"wp-block-heading\">Peut-on visiter le Canada avec un ESTA<\/h3>\n\n\n\n<p>Non, il n&rsquo;est pas possible pour un voyageur \u00e9tranger d&rsquo;entrer au Canada avec une autorisation ESTA am\u00e9ricaine. L&rsquo;autorisation <a href=\"https:\/\/usa-gv.com\/fr\/utilite-esta\/\">ESTA n&rsquo;est pas utile pour entrer au Canada<\/a>.<\/p>\n\n\n\n<h3 class=\"wp-block-heading\">Peut-on visiter le Canada avec une Green Card<\/h3>\n\n\n\n<p>Si vous poss\u00e9dez une Green Card, vous pouvez traverser la fronti\u00e8re terrestre des Etats Unis vers le Canada sans obtenir au pr\u00e9alable un visa touristique canadien ou une eTA du Canada.<\/p>\n\n\n\n<p>En revanche, si vous voyagez par avion ou si vous transitez au Canada, vous devrez obtenir un visa canadien ou une autorisation de voyage \u00e9lectronique eTA du Canada avant d\u2019embarquer.<\/p>\n\n\n\n<h2 class=\"wp-block-heading\">Autorisation de voyage pour visiter les USA depuis le Canada<\/h2>\n\n\n\n<h3 class=\"wp-block-heading\">Faut-il une eTA pour faire un transit par le Canada ?<\/h3>\n\n\n\n<p>Un voyageur \u00e9tranger titulaire d&rsquo;une ESTA pour se entrer aux USA devra \u00e9galement obtenir une eTA du Canada s&rsquo;il fait une escale au Canada lors de son voyage vers les Etats Unis: <\/p>\n\n\n\n<ul class=\"wp-block-list\">\n<li>Une eTA Canada permet \u00e0 un ressortissant \u00e9tranger d&rsquo;effectuer une escale au Canada. <\/li>\n\n\n\n<li>Une autorisation <a href=\"https:\/\/usa-gv.com\/fr\/esta-transit-usa\/\">ESTA de transit pour les USA<\/a> ne permet pas de faire une escale au Canada.<\/li>\n<\/ul>\n\n\n\n<div style=\"height:10px\" aria-hidden=\"true\" class=\"wp-block-spacer\"><\/div>\n\n\n\n<h3 class=\"wp-block-heading\">Faut-il une ESTA pour entrer aux USA par voie terrestre par la fronti\u00e8re canadienne ?<\/h3>\n\n\n\n<p>Depuis le 1er octobre 2022, les ressortissants \u00e9trangers des pays membres du <a href=\"https:\/\/usa-gv.com\/fr\/visa-waiver-program-usa\/\">Visa Waiver Program<\/a> doivent <a href=\"https:\/\/usa-gv.com\/fr\/comment-obtenir-esta\/\">obtenir une autorisation ESTA<\/a> pour passer la fronti\u00e8re terrestre entre le Canada et les USA.<\/p>\n\n\n\n<h3 class=\"wp-block-heading\">Quelles sont les formalit\u00e9s d&rsquo;entr\u00e9e aux USA pour les ressortissants canadiens ?<\/h3>\n\n\n\n<h4 class=\"wp-block-heading\">Les canadiens qui entrent aux USA par voie a\u00e9rienne<\/h4>\n\n\n\n<p>Les canadiens qui souhaitent se rendre aux Etats Unis doivent pr\u00e9senter une preuve de leur citoyennet\u00e9 canadienne pour entrer aux \u00c9tats-Unis. La meilleure preuve est un passeport canadien valide.<\/p>\n\n\n\n<p>Cette exigence concerne tous les citoyens canadiens, dont les enfants, qui arrivent par avion aux \u00c9tats-Unis. Cette r\u00e8gle s&rsquo;applique \u00e9galement aux citoyens canadiens en transit aux Etats Unis.<\/p>\n\n\n\n<h4 class=\"wp-block-heading\">Les canadiens qui entrent aux USA par voie terrestre ou maritime<\/h4>\n\n\n\n<p>Conform\u00e9ment \u00e0 l&rsquo;accord d&rsquo;Initiative Relative aux Voyages dans l&rsquo;H\u00e9misph\u00e8re Occidental (IVHO), tous les citoyens canadiens de 16 ans et plus doivent pr\u00e9senter une preuve de leur citoyennet\u00e9 canadienne lorsqu&rsquo;ils entrent aux \u00c9tats-Unis par voie terrestre ou maritime. La meilleure preuve est un passeport canadien valide.<\/p>\n\n\n\n<h2 class=\"wp-block-heading\">Image du site web pour obtenir une ESTA Canada (eTA)<\/h2>\n\n\n\n<p>Voici une copie d&rsquo;\u00e9cran de la <a href=\"https:\/\/www.canada.ca\/fr\/immigration-refugies-citoyennete\/services\/visiter-canada\/ave\/demande.html\">page du site canada.ca<\/a> sur laquelle un voyageur \u00e9tranger pour effectuer une demande d&rsquo;autorisation de voyage en ligne pour le Canada \u00e0 l&rsquo;instar de l&rsquo;autorisation ESTA am\u00e9ricaine.<\/p>\n\n\n\n<figure class=\"wp-block-image size-large\"><img fetchpriority=\"high\" decoding=\"async\" width=\"1024\" height=\"874\" src=\"https:\/\/usa-gv.com\/wp-content\/uploads\/2024\/04\/esta-canada-FR-1024x874.jpg\" alt=\"Demande eTA Canada en ligne pour voyager au Canada\" class=\"wp-image-3503\" srcset=\"https:\/\/usa-gv.com\/wp-content\/uploads\/2024\/04\/esta-canada-FR-1024x874.jpg 1024w, https:\/\/usa-gv.com\/wp-content\/uploads\/2024\/04\/esta-canada-FR-300x256.jpg 300w, https:\/\/usa-gv.com\/wp-content\/uploads\/2024\/04\/esta-canada-FR-768x656.jpg 768w, https:\/\/usa-gv.com\/wp-content\/uploads\/2024\/04\/esta-canada-FR.jpg 1169w\" sizes=\"(max-width: 1024px) 100vw, 1024px\" \/><figcaption class=\"wp-element-caption\">Effectuer une demande d&rsquo;autorisation de voyage pour le Canada<\/figcaption><\/figure>\n","protected":false},"excerpt":{"rendered":"<p>Autorisation de voyage pour le Canada Les Etats Unis et le Canada sont deux pays qui ont mis en place des autorisations de voyage \u00e9lectroniques pour les \u00e9trangers d\u00e9sirants effectuer un s\u00e9jour de courte dur\u00e9e sur leur territoire. L&rsquo;autorisation de voyage ESTA pour les USA n&rsquo;a pas la m\u00eame utilit\u00e9 que l&rsquo;autorisation eTA pour le [&hellip;]<\/p>\n","protected":false},"author":1,"featured_media":0,"parent":0,"menu_order":0,"comment_status":"closed","ping_status":"closed","template":"","meta":{"footnotes":""},"class_list":["post-2508","page","type-page","status-publish","hentry"],"yoast_head":"<!-- This site is optimized with the Yoast SEO plugin v26.6 - https:\/\/yoast.com\/wordpress\/plugins\/seo\/ -->\n<title>ESTA pour le Canada ou eTA Canada - USA-GV.COM<\/title>\n<meta name=\"description\" content=\"Obtenir en ligne une autorisation de voyage pour le Canada semblable \u00e0 une autorisation ESTA pour les Etats Unis\" \/>\n<meta name=\"robots\" content=\"index, follow, max-snippet:-1, max-image-preview:large, max-video-preview:-1\" \/>\n<link rel=\"canonical\" href=\"https:\/\/usa-gv.com\/fr\/esta-canada\/\" \/>\n<meta property=\"og:locale\" content=\"fr_FR\" \/>\n<meta property=\"og:type\" content=\"article\" \/>\n<meta property=\"og:title\" content=\"ESTA pour le Canada ou eTA Canada - USA-GV.COM\" \/>\n<meta property=\"og:description\" content=\"Obtenir en ligne une autorisation de voyage pour le Canada semblable \u00e0 une autorisation ESTA pour les Etats Unis\" \/>\n<meta property=\"og:url\" content=\"https:\/\/usa-gv.com\/fr\/esta-canada\/\" \/>\n<meta property=\"og:site_name\" content=\"USA-GV.COM\" \/>\n<meta property=\"article:modified_time\" content=\"2025-04-07T08:36:57+00:00\" \/>\n<meta property=\"og:image\" content=\"https:\/\/usa-gv.com\/wp-content\/uploads\/2024\/04\/esta-canada-FR-1024x874.jpg\" \/>\n<meta name=\"twitter:card\" content=\"summary_large_image\" \/>\n<meta name=\"twitter:label1\" content=\"Dur\u00e9e de lecture estim\u00e9e\" \/>\n\t<meta name=\"twitter:data1\" content=\"4 minutes\" \/>\n<script type=\"application\/ld+json\" class=\"yoast-schema-graph\">{\"@context\":\"https:\/\/schema.org\",\"@graph\":[{\"@type\":\"WebPage\",\"@id\":\"https:\/\/usa-gv.com\/fr\/esta-canada\/\",\"url\":\"https:\/\/usa-gv.com\/fr\/esta-canada\/\",\"name\":\"ESTA pour le Canada ou eTA Canada - USA-GV.COM\",\"isPartOf\":{\"@id\":\"https:\/\/usa-gv.com\/fr\/#website\"},\"primaryImageOfPage\":{\"@id\":\"https:\/\/usa-gv.com\/fr\/esta-canada\/#primaryimage\"},\"image\":{\"@id\":\"https:\/\/usa-gv.com\/fr\/esta-canada\/#primaryimage\"},\"thumbnailUrl\":\"https:\/\/usa-gv.com\/wp-content\/uploads\/2024\/04\/esta-canada-FR-1024x874.jpg\",\"datePublished\":\"2024-03-19T10:41:15+00:00\",\"dateModified\":\"2025-04-07T08:36:57+00:00\",\"description\":\"Obtenir en ligne une autorisation de voyage pour le Canada semblable \u00e0 une autorisation ESTA pour les Etats Unis\",\"breadcrumb\":{\"@id\":\"https:\/\/usa-gv.com\/fr\/esta-canada\/#breadcrumb\"},\"inLanguage\":\"fr-FR\",\"potentialAction\":[{\"@type\":\"ReadAction\",\"target\":[\"https:\/\/usa-gv.com\/fr\/esta-canada\/\"]}]},{\"@type\":\"ImageObject\",\"inLanguage\":\"fr-FR\",\"@id\":\"https:\/\/usa-gv.com\/fr\/esta-canada\/#primaryimage\",\"url\":\"https:\/\/usa-gv.com\/wp-content\/uploads\/2024\/04\/esta-canada-FR-1024x874.jpg\",\"contentUrl\":\"https:\/\/usa-gv.com\/wp-content\/uploads\/2024\/04\/esta-canada-FR-1024x874.jpg\"},{\"@type\":\"BreadcrumbList\",\"@id\":\"https:\/\/usa-gv.com\/fr\/esta-canada\/#breadcrumb\",\"itemListElement\":[{\"@type\":\"ListItem\",\"position\":1,\"name\":\"Home\",\"item\":\"https:\/\/usa-gv.com\/fr\/\"},{\"@type\":\"ListItem\",\"position\":2,\"name\":\"ESTA pour le Canada ou eTA Canada\"}]},{\"@type\":\"WebSite\",\"@id\":\"https:\/\/usa-gv.com\/fr\/#website\",\"url\":\"https:\/\/usa-gv.com\/fr\/\",\"name\":\"USA-GV.COM\",\"description\":\"\",\"potentialAction\":[{\"@type\":\"SearchAction\",\"target\":{\"@type\":\"EntryPoint\",\"urlTemplate\":\"https:\/\/usa-gv.com\/fr\/?s={search_term_string}\"},\"query-input\":{\"@type\":\"PropertyValueSpecification\",\"valueRequired\":true,\"valueName\":\"search_term_string\"}}],\"inLanguage\":\"fr-FR\"}]}<\/script>\n<!-- \/ Yoast SEO plugin. -->","yoast_head_json":{"title":"ESTA pour le Canada ou eTA Canada - USA-GV.COM","description":"Obtenir en ligne une autorisation de voyage pour le Canada semblable \u00e0 une autorisation ESTA pour les Etats Unis","robots":{"index":"index","follow":"follow","max-snippet":"max-snippet:-1","max-image-preview":"max-image-preview:large","max-video-preview":"max-video-preview:-1"},"canonical":"https:\/\/usa-gv.com\/fr\/esta-canada\/","og_locale":"fr_FR","og_type":"article","og_title":"ESTA pour le Canada ou eTA Canada - USA-GV.COM","og_description":"Obtenir en ligne une autorisation de voyage pour le Canada semblable \u00e0 une autorisation ESTA pour les Etats Unis","og_url":"https:\/\/usa-gv.com\/fr\/esta-canada\/","og_site_name":"USA-GV.COM","article_modified_time":"2025-04-07T08:36:57+00:00","og_image":[{"url":"https:\/\/usa-gv.com\/wp-content\/uploads\/2024\/04\/esta-canada-FR-1024x874.jpg","type":"","width":"","height":""}],"twitter_card":"summary_large_image","twitter_misc":{"Dur\u00e9e de lecture estim\u00e9e":"4 minutes"},"schema":{"@context":"https:\/\/schema.org","@graph":[{"@type":"WebPage","@id":"https:\/\/usa-gv.com\/fr\/esta-canada\/","url":"https:\/\/usa-gv.com\/fr\/esta-canada\/","name":"ESTA pour le Canada ou eTA Canada - USA-GV.COM","isPartOf":{"@id":"https:\/\/usa-gv.com\/fr\/#website"},"primaryImageOfPage":{"@id":"https:\/\/usa-gv.com\/fr\/esta-canada\/#primaryimage"},"image":{"@id":"https:\/\/usa-gv.com\/fr\/esta-canada\/#primaryimage"},"thumbnailUrl":"https:\/\/usa-gv.com\/wp-content\/uploads\/2024\/04\/esta-canada-FR-1024x874.jpg","datePublished":"2024-03-19T10:41:15+00:00","dateModified":"2025-04-07T08:36:57+00:00","description":"Obtenir en ligne une autorisation de voyage pour le Canada semblable \u00e0 une autorisation ESTA pour les Etats Unis","breadcrumb":{"@id":"https:\/\/usa-gv.com\/fr\/esta-canada\/#breadcrumb"},"inLanguage":"fr-FR","potentialAction":[{"@type":"ReadAction","target":["https:\/\/usa-gv.com\/fr\/esta-canada\/"]}]},{"@type":"ImageObject","inLanguage":"fr-FR","@id":"https:\/\/usa-gv.com\/fr\/esta-canada\/#primaryimage","url":"https:\/\/usa-gv.com\/wp-content\/uploads\/2024\/04\/esta-canada-FR-1024x874.jpg","contentUrl":"https:\/\/usa-gv.com\/wp-content\/uploads\/2024\/04\/esta-canada-FR-1024x874.jpg"},{"@type":"BreadcrumbList","@id":"https:\/\/usa-gv.com\/fr\/esta-canada\/#breadcrumb","itemListElement":[{"@type":"ListItem","position":1,"name":"Home","item":"https:\/\/usa-gv.com\/fr\/"},{"@type":"ListItem","position":2,"name":"ESTA pour le Canada ou eTA Canada"}]},{"@type":"WebSite","@id":"https:\/\/usa-gv.com\/fr\/#website","url":"https:\/\/usa-gv.com\/fr\/","name":"USA-GV.COM","description":"","potentialAction":[{"@type":"SearchAction","target":{"@type":"EntryPoint","urlTemplate":"https:\/\/usa-gv.com\/fr\/?s={search_term_string}"},"query-input":{"@type":"PropertyValueSpecification","valueRequired":true,"valueName":"search_term_string"}}],"inLanguage":"fr-FR"}]}},"_links":{"self":[{"href":"https:\/\/usa-gv.com\/fr\/wp-json\/wp\/v2\/pages\/2508","targetHints":{"allow":["GET"]}}],"collection":[{"href":"https:\/\/usa-gv.com\/fr\/wp-json\/wp\/v2\/pages"}],"about":[{"href":"https:\/\/usa-gv.com\/fr\/wp-json\/wp\/v2\/types\/page"}],"author":[{"embeddable":true,"href":"https:\/\/usa-gv.com\/fr\/wp-json\/wp\/v2\/users\/1"}],"replies":[{"embeddable":true,"href":"https:\/\/usa-gv.com\/fr\/wp-json\/wp\/v2\/comments?post=2508"}],"version-history":[{"count":1,"href":"https:\/\/usa-gv.com\/fr\/wp-json\/wp\/v2\/pages\/2508\/revisions"}],"predecessor-version":[{"id":7510,"href":"https:\/\/usa-gv.com\/fr\/wp-json\/wp\/v2\/pages\/2508\/revisions\/7510"}],"wp:attachment":[{"href":"https:\/\/usa-gv.com\/fr\/wp-json\/wp\/v2\/media?parent=2508"}],"curies":[{"name":"wp","href":"https:\/\/api.w.org\/{rel}","templated":true}]}}