{"id":2500,"date":"2024-03-19T10:33:57","date_gmt":"2024-03-19T10:33:57","guid":{"rendered":"https:\/\/usa-gv.com\/?page_id=2500"},"modified":"2025-04-07T08:36:26","modified_gmt":"2025-04-07T08:36:26","slug":"esta-renouvellement","status":"publish","type":"page","link":"https:\/\/usa-gv.com\/fr\/esta-renouvellement\/","title":{"rendered":"Comment effectuer le renouvellement d&rsquo;un ESTA"},"content":{"rendered":"\n<h1 class=\"wp-block-heading\">Comment renouveler l&rsquo;autorisation ESTA<\/h1>\n\n\n\n<p>L&rsquo;autorisation ESTA permet aux ressortissants des pays membre du Visa Waiver Program de voyager aux Etats Unis sans visa pour un s\u00e9jour de moins de 90 jours sur place. <\/p>\n\n\n\n<p><strong>L&rsquo;autorisation peut \u00eatre renouveler en quelques minutes<\/strong> en cliquant sur <a href=\"https:\/\/usa-gv.com\/fr\/formulaire-esta-en-ligne\/\">formulaire ESTA en ligne<\/a>.<\/p>\n\n\n\n<div style=\"height:10px\" aria-hidden=\"true\" class=\"wp-block-spacer\"><\/div>\n\n\n\n<p>La <a href=\"https:\/\/usa-gv.com\/fr\/duree-validite-esta\/\">dur\u00e9e de validit\u00e9 de l&rsquo;ESTA<\/a> est limit\u00e9 dans le temps. La dur\u00e9e initiale la plus courante est de 2 ans, mais il arrive que l&rsquo;autorisation ESTA soit invalid\u00e9e plus t\u00f4t. Il est recommand\u00e9 de <a href=\"https:\/\/usa-gv.com\/fr\/verifier-validite-esta\/\">v\u00e9rifier la validit\u00e9 de l&rsquo;ESTA<\/a> au minimum 3 jours avant l&#8217;embarquement pour les USA. <\/p>\n\n\n\n<p>Lorsque l&rsquo;autorisation ESTA n&rsquo;est plus valide, il faut effectuer un renouvellement de la demande ESTA. Pour effectuer le renouvellement en ligne, il faut <a href=\"https:\/\/usa-gv.com\/fr\/remplir-formulaire-esta\/\">remplir le formulaire ESTA<\/a>. La d\u00e9marche est la m\u00eame que lors de la demande ESTA pr\u00e9c\u00e9dente. <\/p>\n\n\n\n<h2 class=\"wp-block-heading\">Est ce que le renouvellement de l&rsquo;ESTA est automatique ?<\/h2>\n\n\n\n<p>Il n&rsquo;y a aucun renouvellement automatique ou tacite de l&rsquo;autorisation ESTA. Le voyageur doit effectuer une nouvelle <a href=\"https:\/\/usa-gv.com\/fr\/comment-faire-une-demande-esta\/\">demande ESTA<\/a> qui sera traiter comme s&rsquo;il s&rsquo;agit de la premi\u00e8re demande. L&rsquo;ensemble des <a href=\"https:\/\/usa-gv.com\/fr\/questions-formulaire-esta\/\">questions ESTA<\/a> sont \u00e0 compl\u00e9ter et il faut indiquer les informations du <a href=\"https:\/\/usa-gv.com\/fr\/passeport-pour-les-usa\/\">passeport valide pour voyager aux USA<\/a>.<\/p>\n\n\n\n<h2 class=\"wp-block-heading\">Quels sont les frais de renouvellement de l&rsquo;ESTA ?<\/h2>\n\n\n\n<p>Le renouvellement de la demande ESTA est trait\u00e9 comme une nouvelle demande, ind\u00e9pendamment des autorisations ESTA obtenues auparavant. Le demandeur d&rsquo;une ESTA doit de nouveau payer la totalit\u00e9 du  <a href=\"https:\/\/usa-gv.com\/fr\/prix-esta-usa\/\">prix de l&rsquo;ESTA<\/a>. Le traitement de la demande ne d\u00e9butera que lorsque le <a href=\"https:\/\/usa-gv.com\/fr\/comment-payer-esta\/\">paiement des frais ESTA<\/a> sera effectu\u00e9.<\/p>\n","protected":false},"excerpt":{"rendered":"<p>Comment renouveler l&rsquo;autorisation ESTA L&rsquo;autorisation ESTA permet aux ressortissants des pays membre du Visa Waiver Program de voyager aux Etats Unis sans visa pour un s\u00e9jour de moins de 90 jours sur place. L&rsquo;autorisation peut \u00eatre renouveler en quelques minutes en cliquant sur formulaire ESTA en ligne. La dur\u00e9e de validit\u00e9 de l&rsquo;ESTA est limit\u00e9 [&hellip;]<\/p>\n","protected":false},"author":1,"featured_media":0,"parent":0,"menu_order":0,"comment_status":"closed","ping_status":"closed","template":"","meta":{"footnotes":""},"class_list":["post-2500","page","type-page","status-publish","hentry"],"yoast_head":"<!-- This site is optimized with the Yoast SEO plugin v26.6 - https:\/\/yoast.com\/wordpress\/plugins\/seo\/ -->\n<title>Comment effectuer le renouvellement d&#039;un ESTA - USA-GV.COM<\/title>\n<meta name=\"description\" content=\"Vous pouvez facilement renouveler une autorisation ESTA en suivant la proc\u00e9dure en ligne si vous avez vos informations de voyage\" \/>\n<meta name=\"robots\" content=\"index, follow, max-snippet:-1, max-image-preview:large, max-video-preview:-1\" \/>\n<link rel=\"canonical\" href=\"https:\/\/usa-gv.com\/fr\/esta-renouvellement\/\" \/>\n<meta property=\"og:locale\" content=\"fr_FR\" \/>\n<meta property=\"og:type\" content=\"article\" \/>\n<meta property=\"og:title\" content=\"Comment effectuer le renouvellement d&#039;un ESTA - USA-GV.COM\" \/>\n<meta property=\"og:description\" content=\"Vous pouvez facilement renouveler une autorisation ESTA en suivant la proc\u00e9dure en ligne si vous avez vos informations de voyage\" \/>\n<meta property=\"og:url\" content=\"https:\/\/usa-gv.com\/fr\/esta-renouvellement\/\" \/>\n<meta property=\"og:site_name\" content=\"USA-GV.COM\" \/>\n<meta property=\"article:modified_time\" content=\"2025-04-07T08:36:26+00:00\" \/>\n<meta name=\"twitter:card\" content=\"summary_large_image\" \/>\n<meta name=\"twitter:label1\" content=\"Dur\u00e9e de lecture estim\u00e9e\" \/>\n\t<meta name=\"twitter:data1\" content=\"2 minutes\" \/>\n<script type=\"application\/ld+json\" class=\"yoast-schema-graph\">{\"@context\":\"https:\/\/schema.org\",\"@graph\":[{\"@type\":\"WebPage\",\"@id\":\"https:\/\/usa-gv.com\/fr\/esta-renouvellement\/\",\"url\":\"https:\/\/usa-gv.com\/fr\/esta-renouvellement\/\",\"name\":\"Comment effectuer le renouvellement d'un ESTA - USA-GV.COM\",\"isPartOf\":{\"@id\":\"https:\/\/usa-gv.com\/fr\/#website\"},\"datePublished\":\"2024-03-19T10:33:57+00:00\",\"dateModified\":\"2025-04-07T08:36:26+00:00\",\"description\":\"Vous pouvez facilement renouveler une autorisation ESTA en suivant la proc\u00e9dure en ligne si vous avez vos informations de voyage\",\"breadcrumb\":{\"@id\":\"https:\/\/usa-gv.com\/fr\/esta-renouvellement\/#breadcrumb\"},\"inLanguage\":\"fr-FR\",\"potentialAction\":[{\"@type\":\"ReadAction\",\"target\":[\"https:\/\/usa-gv.com\/fr\/esta-renouvellement\/\"]}]},{\"@type\":\"BreadcrumbList\",\"@id\":\"https:\/\/usa-gv.com\/fr\/esta-renouvellement\/#breadcrumb\",\"itemListElement\":[{\"@type\":\"ListItem\",\"position\":1,\"name\":\"Home\",\"item\":\"https:\/\/usa-gv.com\/fr\/\"},{\"@type\":\"ListItem\",\"position\":2,\"name\":\"Comment effectuer le renouvellement d&rsquo;un ESTA\"}]},{\"@type\":\"WebSite\",\"@id\":\"https:\/\/usa-gv.com\/fr\/#website\",\"url\":\"https:\/\/usa-gv.com\/fr\/\",\"name\":\"USA-GV.COM\",\"description\":\"\",\"potentialAction\":[{\"@type\":\"SearchAction\",\"target\":{\"@type\":\"EntryPoint\",\"urlTemplate\":\"https:\/\/usa-gv.com\/fr\/?s={search_term_string}\"},\"query-input\":{\"@type\":\"PropertyValueSpecification\",\"valueRequired\":true,\"valueName\":\"search_term_string\"}}],\"inLanguage\":\"fr-FR\"}]}<\/script>\n<!-- \/ Yoast SEO plugin. -->","yoast_head_json":{"title":"Comment effectuer le renouvellement d'un ESTA - USA-GV.COM","description":"Vous pouvez facilement renouveler une autorisation ESTA en suivant la proc\u00e9dure en ligne si vous avez vos informations de voyage","robots":{"index":"index","follow":"follow","max-snippet":"max-snippet:-1","max-image-preview":"max-image-preview:large","max-video-preview":"max-video-preview:-1"},"canonical":"https:\/\/usa-gv.com\/fr\/esta-renouvellement\/","og_locale":"fr_FR","og_type":"article","og_title":"Comment effectuer le renouvellement d'un ESTA - USA-GV.COM","og_description":"Vous pouvez facilement renouveler une autorisation ESTA en suivant la proc\u00e9dure en ligne si vous avez vos informations de voyage","og_url":"https:\/\/usa-gv.com\/fr\/esta-renouvellement\/","og_site_name":"USA-GV.COM","article_modified_time":"2025-04-07T08:36:26+00:00","twitter_card":"summary_large_image","twitter_misc":{"Dur\u00e9e de lecture estim\u00e9e":"2 minutes"},"schema":{"@context":"https:\/\/schema.org","@graph":[{"@type":"WebPage","@id":"https:\/\/usa-gv.com\/fr\/esta-renouvellement\/","url":"https:\/\/usa-gv.com\/fr\/esta-renouvellement\/","name":"Comment effectuer le renouvellement d'un ESTA - USA-GV.COM","isPartOf":{"@id":"https:\/\/usa-gv.com\/fr\/#website"},"datePublished":"2024-03-19T10:33:57+00:00","dateModified":"2025-04-07T08:36:26+00:00","description":"Vous pouvez facilement renouveler une autorisation ESTA en suivant la proc\u00e9dure en ligne si vous avez vos informations de voyage","breadcrumb":{"@id":"https:\/\/usa-gv.com\/fr\/esta-renouvellement\/#breadcrumb"},"inLanguage":"fr-FR","potentialAction":[{"@type":"ReadAction","target":["https:\/\/usa-gv.com\/fr\/esta-renouvellement\/"]}]},{"@type":"BreadcrumbList","@id":"https:\/\/usa-gv.com\/fr\/esta-renouvellement\/#breadcrumb","itemListElement":[{"@type":"ListItem","position":1,"name":"Home","item":"https:\/\/usa-gv.com\/fr\/"},{"@type":"ListItem","position":2,"name":"Comment effectuer le renouvellement d&rsquo;un ESTA"}]},{"@type":"WebSite","@id":"https:\/\/usa-gv.com\/fr\/#website","url":"https:\/\/usa-gv.com\/fr\/","name":"USA-GV.COM","description":"","potentialAction":[{"@type":"SearchAction","target":{"@type":"EntryPoint","urlTemplate":"https:\/\/usa-gv.com\/fr\/?s={search_term_string}"},"query-input":{"@type":"PropertyValueSpecification","valueRequired":true,"valueName":"search_term_string"}}],"inLanguage":"fr-FR"}]}},"_links":{"self":[{"href":"https:\/\/usa-gv.com\/fr\/wp-json\/wp\/v2\/pages\/2500","targetHints":{"allow":["GET"]}}],"collection":[{"href":"https:\/\/usa-gv.com\/fr\/wp-json\/wp\/v2\/pages"}],"about":[{"href":"https:\/\/usa-gv.com\/fr\/wp-json\/wp\/v2\/types\/page"}],"author":[{"embeddable":true,"href":"https:\/\/usa-gv.com\/fr\/wp-json\/wp\/v2\/users\/1"}],"replies":[{"embeddable":true,"href":"https:\/\/usa-gv.com\/fr\/wp-json\/wp\/v2\/comments?post=2500"}],"version-history":[{"count":1,"href":"https:\/\/usa-gv.com\/fr\/wp-json\/wp\/v2\/pages\/2500\/revisions"}],"predecessor-version":[{"id":7433,"href":"https:\/\/usa-gv.com\/fr\/wp-json\/wp\/v2\/pages\/2500\/revisions\/7433"}],"wp:attachment":[{"href":"https:\/\/usa-gv.com\/fr\/wp-json\/wp\/v2\/media?parent=2500"}],"curies":[{"name":"wp","href":"https:\/\/api.w.org\/{rel}","templated":true}]}}