{"id":2496,"date":"2024-03-19T10:31:27","date_gmt":"2024-03-19T10:31:27","guid":{"rendered":"https:\/\/usa-gv.com\/?page_id=2496"},"modified":"2025-04-07T08:46:08","modified_gmt":"2025-04-07T08:46:08","slug":"esta-perdu","status":"publish","type":"page","link":"https:\/\/usa-gv.com\/fr\/esta-perdu\/","title":{"rendered":"Que faire lorsque l&rsquo;autorisation ESTA est perdu"},"content":{"rendered":"\n<h1 class=\"wp-block-heading\">Que devez vous faire si vous avez perdu votre ESTA<\/h1>\n\n\n\n<p>L&rsquo;ESTA est essentielle pour les ressortissants des pays participants au programme d&rsquo;exemption de visa souhaitant se rendre aux \u00c9tats-Unis pour des s\u00e9jours de courte dur\u00e9e. Si vous avez perdu votre ESTA ou ne parvenez pas \u00e0 retrouver votre num\u00e9ro d&rsquo;autorisation, cela ne vous emp\u00eachera pas de voyager aux USA.<\/p>\n\n\n\n<h2 class=\"wp-block-heading\">\u00c9tapes \u00e0 suivre en cas de perte d&rsquo;une ESTA<\/h2>\n\n\n\n<p>Si vous avez perdu votre num\u00e9ro d&rsquo;ESTA, vous pouvez facilement acc\u00e9der \u00e0 votre demande en ligne :<\/p>\n\n\n\n<ul class=\"wp-block-list\">\n<li>Rendez-vous sur le <a href=\"https:\/\/usa-gv.com\/fr\/esta-site-web-officiel\/\">site officiel de l&rsquo;ESTA<\/a>.<\/li>\n\n\n\n<li>Cliquez sur <a href=\"https:\/\/usa-gv.com\/fr\/verifier-validite-esta\/\">v\u00e9rifier votre ESTA<\/a>.<\/li>\n\n\n\n<li>Entrez les informations personnelles du voyageur comprenant le num\u00e9ro de passeport, la date de naissance et le pays de citoyennet\u00e9.<\/li>\n\n\n\n<li>R\u00e9cup\u00e9rez le num\u00e9ro d&rsquo;autorisation et consultez le statut de l&rsquo;ESTA.<\/li>\n<\/ul>\n\n\n\n<div style=\"height:10px\" aria-hidden=\"true\" class=\"wp-block-spacer\"><\/div>\n\n\n\n<h2 class=\"wp-block-heading\">Faire une nouvelle demande ESTA<\/h2>\n\n\n\n<p>Si toutes les tentatives de r\u00e9cup\u00e9ration \u00e9chouent, il est possible de soumettre une nouvelle demande ESTA. Voici comment proc\u00e9der :<\/p>\n\n\n\n<ul class=\"wp-block-list\">\n<li>Acc\u00e9dez au <a href=\"https:\/\/usa-gv.com\/fr\/formulaire-esta-en-ligne\/\">formulaire ESTA en ligne<\/a>.<\/li>\n\n\n\n<li><a href=\"https:\/\/usa-gv.com\/fr\/remplir-formulaire-esta\/\">Remplir le formulaire ESTA<\/a> avec pr\u00e9cision en fournissant les informations correctes.<\/li>\n\n\n\n<li><a href=\"https:\/\/usa-gv.com\/fr\/comment-payer-esta\/\">Payez les frais ESTA<\/a> pour finaliser la demande en ligne.<\/li>\n<\/ul>\n\n\n\n<div style=\"height:10px\" aria-hidden=\"true\" class=\"wp-block-spacer\"><\/div>\n","protected":false},"excerpt":{"rendered":"<p>Que devez vous faire si vous avez perdu votre ESTA L&rsquo;ESTA est essentielle pour les ressortissants des pays participants au programme d&rsquo;exemption de visa souhaitant se rendre aux \u00c9tats-Unis pour des s\u00e9jours de courte dur\u00e9e. Si vous avez perdu votre ESTA ou ne parvenez pas \u00e0 retrouver votre num\u00e9ro d&rsquo;autorisation, cela ne vous emp\u00eachera pas [&hellip;]<\/p>\n","protected":false},"author":1,"featured_media":0,"parent":0,"menu_order":0,"comment_status":"closed","ping_status":"closed","template":"","meta":{"footnotes":""},"class_list":["post-2496","page","type-page","status-publish","hentry"],"yoast_head":"<!-- This site is optimized with the Yoast SEO plugin v26.6 - https:\/\/yoast.com\/wordpress\/plugins\/seo\/ -->\n<title>Que faire lorsque l&#039;autorisation ESTA est perdu - USA-GV.COM<\/title>\n<meta name=\"description\" content=\"Si vous avez perdu votre attestation ESTA, vous pouvez tout de m\u00eame voyager sans probl\u00e8me vers les Etats Unis. Voici ce que vous devez savoir\" \/>\n<meta name=\"robots\" content=\"index, follow, max-snippet:-1, max-image-preview:large, max-video-preview:-1\" \/>\n<link rel=\"canonical\" href=\"https:\/\/usa-gv.com\/fr\/esta-perdu\/\" \/>\n<meta property=\"og:locale\" content=\"fr_FR\" \/>\n<meta property=\"og:type\" content=\"article\" \/>\n<meta property=\"og:title\" content=\"Que faire lorsque l&#039;autorisation ESTA est perdu - USA-GV.COM\" \/>\n<meta property=\"og:description\" content=\"Si vous avez perdu votre attestation ESTA, vous pouvez tout de m\u00eame voyager sans probl\u00e8me vers les Etats Unis. Voici ce que vous devez savoir\" \/>\n<meta property=\"og:url\" content=\"https:\/\/usa-gv.com\/fr\/esta-perdu\/\" \/>\n<meta property=\"og:site_name\" content=\"USA-GV.COM\" \/>\n<meta property=\"article:modified_time\" content=\"2025-04-07T08:46:08+00:00\" \/>\n<meta name=\"twitter:card\" content=\"summary_large_image\" \/>\n<meta name=\"twitter:label1\" content=\"Dur\u00e9e de lecture estim\u00e9e\" \/>\n\t<meta name=\"twitter:data1\" content=\"1 minute\" \/>\n<script type=\"application\/ld+json\" class=\"yoast-schema-graph\">{\"@context\":\"https:\/\/schema.org\",\"@graph\":[{\"@type\":\"WebPage\",\"@id\":\"https:\/\/usa-gv.com\/fr\/esta-perdu\/\",\"url\":\"https:\/\/usa-gv.com\/fr\/esta-perdu\/\",\"name\":\"Que faire lorsque l'autorisation ESTA est perdu - USA-GV.COM\",\"isPartOf\":{\"@id\":\"https:\/\/usa-gv.com\/fr\/#website\"},\"datePublished\":\"2024-03-19T10:31:27+00:00\",\"dateModified\":\"2025-04-07T08:46:08+00:00\",\"description\":\"Si vous avez perdu votre attestation ESTA, vous pouvez tout de m\u00eame voyager sans probl\u00e8me vers les Etats Unis. Voici ce que vous devez savoir\",\"breadcrumb\":{\"@id\":\"https:\/\/usa-gv.com\/fr\/esta-perdu\/#breadcrumb\"},\"inLanguage\":\"fr-FR\",\"potentialAction\":[{\"@type\":\"ReadAction\",\"target\":[\"https:\/\/usa-gv.com\/fr\/esta-perdu\/\"]}]},{\"@type\":\"BreadcrumbList\",\"@id\":\"https:\/\/usa-gv.com\/fr\/esta-perdu\/#breadcrumb\",\"itemListElement\":[{\"@type\":\"ListItem\",\"position\":1,\"name\":\"Home\",\"item\":\"https:\/\/usa-gv.com\/fr\/\"},{\"@type\":\"ListItem\",\"position\":2,\"name\":\"Que faire lorsque l&rsquo;autorisation ESTA est perdu\"}]},{\"@type\":\"WebSite\",\"@id\":\"https:\/\/usa-gv.com\/fr\/#website\",\"url\":\"https:\/\/usa-gv.com\/fr\/\",\"name\":\"USA-GV.COM\",\"description\":\"\",\"potentialAction\":[{\"@type\":\"SearchAction\",\"target\":{\"@type\":\"EntryPoint\",\"urlTemplate\":\"https:\/\/usa-gv.com\/fr\/?s={search_term_string}\"},\"query-input\":{\"@type\":\"PropertyValueSpecification\",\"valueRequired\":true,\"valueName\":\"search_term_string\"}}],\"inLanguage\":\"fr-FR\"}]}<\/script>\n<!-- \/ Yoast SEO plugin. -->","yoast_head_json":{"title":"Que faire lorsque l'autorisation ESTA est perdu - USA-GV.COM","description":"Si vous avez perdu votre attestation ESTA, vous pouvez tout de m\u00eame voyager sans probl\u00e8me vers les Etats Unis. Voici ce que vous devez savoir","robots":{"index":"index","follow":"follow","max-snippet":"max-snippet:-1","max-image-preview":"max-image-preview:large","max-video-preview":"max-video-preview:-1"},"canonical":"https:\/\/usa-gv.com\/fr\/esta-perdu\/","og_locale":"fr_FR","og_type":"article","og_title":"Que faire lorsque l'autorisation ESTA est perdu - USA-GV.COM","og_description":"Si vous avez perdu votre attestation ESTA, vous pouvez tout de m\u00eame voyager sans probl\u00e8me vers les Etats Unis. Voici ce que vous devez savoir","og_url":"https:\/\/usa-gv.com\/fr\/esta-perdu\/","og_site_name":"USA-GV.COM","article_modified_time":"2025-04-07T08:46:08+00:00","twitter_card":"summary_large_image","twitter_misc":{"Dur\u00e9e de lecture estim\u00e9e":"1 minute"},"schema":{"@context":"https:\/\/schema.org","@graph":[{"@type":"WebPage","@id":"https:\/\/usa-gv.com\/fr\/esta-perdu\/","url":"https:\/\/usa-gv.com\/fr\/esta-perdu\/","name":"Que faire lorsque l'autorisation ESTA est perdu - USA-GV.COM","isPartOf":{"@id":"https:\/\/usa-gv.com\/fr\/#website"},"datePublished":"2024-03-19T10:31:27+00:00","dateModified":"2025-04-07T08:46:08+00:00","description":"Si vous avez perdu votre attestation ESTA, vous pouvez tout de m\u00eame voyager sans probl\u00e8me vers les Etats Unis. Voici ce que vous devez savoir","breadcrumb":{"@id":"https:\/\/usa-gv.com\/fr\/esta-perdu\/#breadcrumb"},"inLanguage":"fr-FR","potentialAction":[{"@type":"ReadAction","target":["https:\/\/usa-gv.com\/fr\/esta-perdu\/"]}]},{"@type":"BreadcrumbList","@id":"https:\/\/usa-gv.com\/fr\/esta-perdu\/#breadcrumb","itemListElement":[{"@type":"ListItem","position":1,"name":"Home","item":"https:\/\/usa-gv.com\/fr\/"},{"@type":"ListItem","position":2,"name":"Que faire lorsque l&rsquo;autorisation ESTA est perdu"}]},{"@type":"WebSite","@id":"https:\/\/usa-gv.com\/fr\/#website","url":"https:\/\/usa-gv.com\/fr\/","name":"USA-GV.COM","description":"","potentialAction":[{"@type":"SearchAction","target":{"@type":"EntryPoint","urlTemplate":"https:\/\/usa-gv.com\/fr\/?s={search_term_string}"},"query-input":{"@type":"PropertyValueSpecification","valueRequired":true,"valueName":"search_term_string"}}],"inLanguage":"fr-FR"}]}},"_links":{"self":[{"href":"https:\/\/usa-gv.com\/fr\/wp-json\/wp\/v2\/pages\/2496","targetHints":{"allow":["GET"]}}],"collection":[{"href":"https:\/\/usa-gv.com\/fr\/wp-json\/wp\/v2\/pages"}],"about":[{"href":"https:\/\/usa-gv.com\/fr\/wp-json\/wp\/v2\/types\/page"}],"author":[{"embeddable":true,"href":"https:\/\/usa-gv.com\/fr\/wp-json\/wp\/v2\/users\/1"}],"replies":[{"embeddable":true,"href":"https:\/\/usa-gv.com\/fr\/wp-json\/wp\/v2\/comments?post=2496"}],"version-history":[{"count":1,"href":"https:\/\/usa-gv.com\/fr\/wp-json\/wp\/v2\/pages\/2496\/revisions"}],"predecessor-version":[{"id":7670,"href":"https:\/\/usa-gv.com\/fr\/wp-json\/wp\/v2\/pages\/2496\/revisions\/7670"}],"wp:attachment":[{"href":"https:\/\/usa-gv.com\/fr\/wp-json\/wp\/v2\/media?parent=2496"}],"curies":[{"name":"wp","href":"https:\/\/api.w.org\/{rel}","templated":true}]}}