{"id":2492,"date":"2024-03-19T10:29:17","date_gmt":"2024-03-19T10:29:17","guid":{"rendered":"https:\/\/usa-gv.com\/?page_id=2492"},"modified":"2025-04-07T08:36:34","modified_gmt":"2025-04-07T08:36:34","slug":"mise-a-jour-esta","status":"publish","type":"page","link":"https:\/\/usa-gv.com\/fr\/mise-a-jour-esta\/","title":{"rendered":"Comment mettre \u00e0 jour son ESTA"},"content":{"rendered":"\n<h1 class=\"wp-block-heading\">Mise \u00e0 jour d&rsquo;une autorisation ESTA<\/h1>\n\n\n\n<h2 class=\"wp-block-heading\">Quand doit-on faire la mise \u00e0 jour de l&rsquo;ESTA ?<\/h2>\n\n\n\n<p>Le d\u00e9tenteur d&rsquo;une autorisation ESTA, qui se pr\u00e9pare \u00e0 effectuer un voyage aux Etats Unis, doit v\u00e9rifier que ses informations personnelles n&rsquo;ont pas chang\u00e9es depuis l&rsquo;obtention de son ESTA. Si certaines informations renseign\u00e9es lors de la demande ESTA initiale ont chang\u00e9es, l&rsquo;autorisation ESTA ne sera probablement plus valide pour voyager de nouveau aux USA.<\/p>\n\n\n\n<p><strong>Pour renouveler une demande en quelques minutes<\/strong> il suffit de cliquer sur <a href=\"https:\/\/usa-gv.com\/fr\/formulaire-esta-en-ligne\/\">formulaire ESTA en ligne<\/a>.<\/p>\n\n\n\n<div style=\"height:10px\" aria-hidden=\"true\" class=\"wp-block-spacer\"><\/div>\n\n\n\n<h2 class=\"wp-block-heading\">Quelles informations peuvent \u00eatre mise \u00e0 jour sur l&rsquo;ESTA ?<\/h2>\n\n\n\n<p>Avant de soumettre une demande ESTA, le demandeur peut modifier l&rsquo;ensemble des informations personnelles du formulaire ESTA. Une fois la demande ESTA approuv\u00e9e, les seules informations modifiables sont :<\/p>\n\n\n\n<ul class=\"wp-block-list\">\n<li>L&rsquo;adresse email de contact ;<\/li>\n\n\n\n<li>L&rsquo;adresse postale de r\u00e9sidence aux \u00c9tats-Unis pendant le s\u00e9jour.<\/li>\n<\/ul>\n\n\n\n<div style=\"height:10px\" aria-hidden=\"true\" class=\"wp-block-spacer\"><\/div>\n\n\n\n<p>L&rsquo;ensemble des informations personnelles d&rsquo;identit\u00e9 du voyageur ne sont donc pas modifiables.<\/p>\n\n\n\n<h2 class=\"wp-block-heading\">Comment mettre \u00e0 jour une autorisation ESTA ?<\/h2>\n\n\n\n<p>Pour mettre \u00e0 jour son autorisation de voyage, il faut se connecter sur le <a href=\"https:\/\/usa-gv.com\/fr\/esta-site-web-officiel\/\">site officiel ESTA<\/a> puis cliquer dans le menu sur <a href=\"https:\/\/usa-gv.com\/fr\/verifier-validite-esta\/\">v\u00e9rifier le statut de l&rsquo;ESTA<\/a>. Cette d\u00e9marche permet de modifier uniquement l&rsquo;adresse email de contact ou l&rsquo;adresse postale de r\u00e9sidence aux Etats Unis.<\/p>\n\n\n\n<p>Pour toute autre information \u00e0 mettre \u00e0 jour, le d\u00e9tenteur de l&rsquo;ESTA doit <a href=\"https:\/\/usa-gv.com\/fr\/esta-renouvellement\/\">renouveler son ESTA<\/a>.<\/p>\n\n\n\n<h2 class=\"wp-block-heading\">Comment corriger une erreur dans la demande ESTA ?<\/h2>\n\n\n\n<p>Avant de <a href=\"https:\/\/usa-gv.com\/fr\/comment-faire-une-demande-esta\/\">valider une demande ESTA<\/a>, le candidat peut corriger une erreur dans les r\u00e9ponses donn\u00e9es aux questions du formulaire. Lorsque la demande ESTA a \u00e9t\u00e9 approuv\u00e9 ou que le <a href=\"https:\/\/usa-gv.com\/fr\/demande-esta-en-attente\/\">statut ESTA est en attente<\/a>, le d\u00e9tenteur de l&rsquo;ESTA ne peut plus modifier les informations saisies. Il devra soumettre une nouvelle demande pour corriger ses informations personnelles erron\u00e9es. La totalit\u00e9 du <a href=\"https:\/\/usa-gv.com\/fr\/prix-esta-usa\/\">prix de l&rsquo;ESTA<\/a> sera factur\u00e9e pour chaque nouvelle demande soumise.<\/p>\n\n\n\n<p>Si le voyageur a fait une erreur en r\u00e9pondant aux <a href=\"https:\/\/usa-gv.com\/fr\/questions-formulaire-esta\/\">questions ESTA d&rsquo;admissibilit\u00e9<\/a>, il doit contacter le <a href=\"https:\/\/help.cbp.gov\/s\/?language=en_US\">CBP Info Center<\/a>.<\/p>\n\n\n\n<h2 class=\"wp-block-heading\">Quel est le d\u00e9lai de mise \u00e0 jour de l&rsquo;ESTA ?<\/h2>\n\n\n\n<p>La mise \u00e0 jour des informations de l&rsquo;ESTA ne peut concerner que l&rsquo;adresse email de contact et l&rsquo;adresse postale de r\u00e9sidence aux \u00c9tats-Unis pendant le s\u00e9jour. Le d\u00e9lai de mise \u00e0 jour des informations de r\u00e9sidence est imm\u00e9diat. En revanche, lorsque l&rsquo;adresse email est modifi\u00e9e, elle est v\u00e9rifi\u00e9e par retour d&#8217;email \u00e0 valider. Donc le d\u00e9lai de mise \u00e0 jour d\u00e9pendra de la r\u00e9activit\u00e9 du demandeur \u00e0 confirmer sa nouvelle adresse email. <\/p>\n\n\n\n<p>Dans le cadre d&rsquo;une nouvelle demande d&rsquo;autorisation de voyage, les <a href=\"https:\/\/usa-gv.com\/fr\/delais-obtenir-esta\/\">d\u00e9lais de l&rsquo;ESTA<\/a> s&rsquo;appliquent de nouveau.<\/p>\n","protected":false},"excerpt":{"rendered":"<p>Mise \u00e0 jour d&rsquo;une autorisation ESTA Quand doit-on faire la mise \u00e0 jour de l&rsquo;ESTA ? Le d\u00e9tenteur d&rsquo;une autorisation ESTA, qui se pr\u00e9pare \u00e0 effectuer un voyage aux Etats Unis, doit v\u00e9rifier que ses informations personnelles n&rsquo;ont pas chang\u00e9es depuis l&rsquo;obtention de son ESTA. Si certaines informations renseign\u00e9es lors de la demande ESTA initiale [&hellip;]<\/p>\n","protected":false},"author":1,"featured_media":0,"parent":0,"menu_order":0,"comment_status":"closed","ping_status":"closed","template":"","meta":{"footnotes":""},"class_list":["post-2492","page","type-page","status-publish","hentry"],"yoast_head":"<!-- This site is optimized with the Yoast SEO plugin v26.6 - https:\/\/yoast.com\/wordpress\/plugins\/seo\/ -->\n<title>Comment mettre \u00e0 jour son ESTA - USA-GV.COM<\/title>\n<meta name=\"description\" content=\"Si vos informations personnelles ont chang\u00e9, vous devez mettre \u00e0 jour en ligne votre autorisation ESTA pour les USA\" \/>\n<meta name=\"robots\" content=\"index, follow, max-snippet:-1, max-image-preview:large, max-video-preview:-1\" \/>\n<link rel=\"canonical\" href=\"https:\/\/usa-gv.com\/fr\/mise-a-jour-esta\/\" \/>\n<meta property=\"og:locale\" content=\"fr_FR\" \/>\n<meta property=\"og:type\" content=\"article\" \/>\n<meta property=\"og:title\" content=\"Comment mettre \u00e0 jour son ESTA - USA-GV.COM\" \/>\n<meta property=\"og:description\" content=\"Si vos informations personnelles ont chang\u00e9, vous devez mettre \u00e0 jour en ligne votre autorisation ESTA pour les USA\" \/>\n<meta property=\"og:url\" content=\"https:\/\/usa-gv.com\/fr\/mise-a-jour-esta\/\" \/>\n<meta property=\"og:site_name\" content=\"USA-GV.COM\" \/>\n<meta property=\"article:modified_time\" content=\"2025-04-07T08:36:34+00:00\" \/>\n<meta name=\"twitter:card\" content=\"summary_large_image\" \/>\n<meta name=\"twitter:label1\" content=\"Dur\u00e9e de lecture estim\u00e9e\" \/>\n\t<meta name=\"twitter:data1\" content=\"3 minutes\" \/>\n<script type=\"application\/ld+json\" class=\"yoast-schema-graph\">{\"@context\":\"https:\/\/schema.org\",\"@graph\":[{\"@type\":\"WebPage\",\"@id\":\"https:\/\/usa-gv.com\/fr\/mise-a-jour-esta\/\",\"url\":\"https:\/\/usa-gv.com\/fr\/mise-a-jour-esta\/\",\"name\":\"Comment mettre \u00e0 jour son ESTA - USA-GV.COM\",\"isPartOf\":{\"@id\":\"https:\/\/usa-gv.com\/fr\/#website\"},\"datePublished\":\"2024-03-19T10:29:17+00:00\",\"dateModified\":\"2025-04-07T08:36:34+00:00\",\"description\":\"Si vos informations personnelles ont chang\u00e9, vous devez mettre \u00e0 jour en ligne votre autorisation ESTA pour les USA\",\"breadcrumb\":{\"@id\":\"https:\/\/usa-gv.com\/fr\/mise-a-jour-esta\/#breadcrumb\"},\"inLanguage\":\"fr-FR\",\"potentialAction\":[{\"@type\":\"ReadAction\",\"target\":[\"https:\/\/usa-gv.com\/fr\/mise-a-jour-esta\/\"]}]},{\"@type\":\"BreadcrumbList\",\"@id\":\"https:\/\/usa-gv.com\/fr\/mise-a-jour-esta\/#breadcrumb\",\"itemListElement\":[{\"@type\":\"ListItem\",\"position\":1,\"name\":\"Home\",\"item\":\"https:\/\/usa-gv.com\/fr\/\"},{\"@type\":\"ListItem\",\"position\":2,\"name\":\"Comment mettre \u00e0 jour son ESTA\"}]},{\"@type\":\"WebSite\",\"@id\":\"https:\/\/usa-gv.com\/fr\/#website\",\"url\":\"https:\/\/usa-gv.com\/fr\/\",\"name\":\"USA-GV.COM\",\"description\":\"\",\"potentialAction\":[{\"@type\":\"SearchAction\",\"target\":{\"@type\":\"EntryPoint\",\"urlTemplate\":\"https:\/\/usa-gv.com\/fr\/?s={search_term_string}\"},\"query-input\":{\"@type\":\"PropertyValueSpecification\",\"valueRequired\":true,\"valueName\":\"search_term_string\"}}],\"inLanguage\":\"fr-FR\"}]}<\/script>\n<!-- \/ Yoast SEO plugin. -->","yoast_head_json":{"title":"Comment mettre \u00e0 jour son ESTA - USA-GV.COM","description":"Si vos informations personnelles ont chang\u00e9, vous devez mettre \u00e0 jour en ligne votre autorisation ESTA pour les USA","robots":{"index":"index","follow":"follow","max-snippet":"max-snippet:-1","max-image-preview":"max-image-preview:large","max-video-preview":"max-video-preview:-1"},"canonical":"https:\/\/usa-gv.com\/fr\/mise-a-jour-esta\/","og_locale":"fr_FR","og_type":"article","og_title":"Comment mettre \u00e0 jour son ESTA - USA-GV.COM","og_description":"Si vos informations personnelles ont chang\u00e9, vous devez mettre \u00e0 jour en ligne votre autorisation ESTA pour les USA","og_url":"https:\/\/usa-gv.com\/fr\/mise-a-jour-esta\/","og_site_name":"USA-GV.COM","article_modified_time":"2025-04-07T08:36:34+00:00","twitter_card":"summary_large_image","twitter_misc":{"Dur\u00e9e de lecture estim\u00e9e":"3 minutes"},"schema":{"@context":"https:\/\/schema.org","@graph":[{"@type":"WebPage","@id":"https:\/\/usa-gv.com\/fr\/mise-a-jour-esta\/","url":"https:\/\/usa-gv.com\/fr\/mise-a-jour-esta\/","name":"Comment mettre \u00e0 jour son ESTA - USA-GV.COM","isPartOf":{"@id":"https:\/\/usa-gv.com\/fr\/#website"},"datePublished":"2024-03-19T10:29:17+00:00","dateModified":"2025-04-07T08:36:34+00:00","description":"Si vos informations personnelles ont chang\u00e9, vous devez mettre \u00e0 jour en ligne votre autorisation ESTA pour les USA","breadcrumb":{"@id":"https:\/\/usa-gv.com\/fr\/mise-a-jour-esta\/#breadcrumb"},"inLanguage":"fr-FR","potentialAction":[{"@type":"ReadAction","target":["https:\/\/usa-gv.com\/fr\/mise-a-jour-esta\/"]}]},{"@type":"BreadcrumbList","@id":"https:\/\/usa-gv.com\/fr\/mise-a-jour-esta\/#breadcrumb","itemListElement":[{"@type":"ListItem","position":1,"name":"Home","item":"https:\/\/usa-gv.com\/fr\/"},{"@type":"ListItem","position":2,"name":"Comment mettre \u00e0 jour son ESTA"}]},{"@type":"WebSite","@id":"https:\/\/usa-gv.com\/fr\/#website","url":"https:\/\/usa-gv.com\/fr\/","name":"USA-GV.COM","description":"","potentialAction":[{"@type":"SearchAction","target":{"@type":"EntryPoint","urlTemplate":"https:\/\/usa-gv.com\/fr\/?s={search_term_string}"},"query-input":{"@type":"PropertyValueSpecification","valueRequired":true,"valueName":"search_term_string"}}],"inLanguage":"fr-FR"}]}},"_links":{"self":[{"href":"https:\/\/usa-gv.com\/fr\/wp-json\/wp\/v2\/pages\/2492","targetHints":{"allow":["GET"]}}],"collection":[{"href":"https:\/\/usa-gv.com\/fr\/wp-json\/wp\/v2\/pages"}],"about":[{"href":"https:\/\/usa-gv.com\/fr\/wp-json\/wp\/v2\/types\/page"}],"author":[{"embeddable":true,"href":"https:\/\/usa-gv.com\/fr\/wp-json\/wp\/v2\/users\/1"}],"replies":[{"embeddable":true,"href":"https:\/\/usa-gv.com\/fr\/wp-json\/wp\/v2\/comments?post=2492"}],"version-history":[{"count":1,"href":"https:\/\/usa-gv.com\/fr\/wp-json\/wp\/v2\/pages\/2492\/revisions"}],"predecessor-version":[{"id":7455,"href":"https:\/\/usa-gv.com\/fr\/wp-json\/wp\/v2\/pages\/2492\/revisions\/7455"}],"wp:attachment":[{"href":"https:\/\/usa-gv.com\/fr\/wp-json\/wp\/v2\/media?parent=2492"}],"curies":[{"name":"wp","href":"https:\/\/api.w.org\/{rel}","templated":true}]}}