{"id":2488,"date":"2024-03-19T10:25:52","date_gmt":"2024-03-19T10:25:52","guid":{"rendered":"https:\/\/usa-gv.com\/?page_id=2488"},"modified":"2025-04-07T08:36:38","modified_gmt":"2025-04-07T08:36:38","slug":"modifier-esta","status":"publish","type":"page","link":"https:\/\/usa-gv.com\/fr\/modifier-esta\/","title":{"rendered":"Comment modifier son autorisation ESTA"},"content":{"rendered":"\n<h1 class=\"wp-block-heading\">Modifier les informations d&rsquo;une autorisation ESTA<\/h1>\n\n\n\n<p>Il arrive que les informations personnelles d&rsquo;un voyageur d\u00e9tenant une ESTA aient chang\u00e9es. Le voyageur doit modifier son ESTA pour mettre \u00e0 jour les informations enregistr\u00e9es.<\/p>\n\n\n\n<h2 class=\"wp-block-heading\">Peut-on modifier une autorisation ESTA valide ?<\/h2>\n\n\n\n<p>Pour modifier son autorisation de voyage, il faut se connecter sur le <a href=\"https:\/\/usa-gv.com\/fr\/esta-site-web-officiel\/\">site officiel ESTA<\/a>. Le voyageur doit cliquer dans le menu du site web pour <a href=\"https:\/\/usa-gv.com\/fr\/verifier-validite-esta\/\">v\u00e9rifier le statut de l&rsquo;ESTA<\/a>. Cette d\u00e9marche en ligne permet de <strong>modifier uniquement l&rsquo;adresse email de contact ou l&rsquo;adresse postale<\/strong> de r\u00e9sidence aux Etats Unis.<\/p>\n\n\n\n<p>Pour toute autre information \u00e0 modifier, le voyageur doit de nouveau faire une <a href=\"https:\/\/usa-gv.com\/fr\/comment-faire-une-demande-esta\/\">demande ESTA en ligne<\/a>.<\/p>\n\n\n\n<h2 class=\"wp-block-heading\">Comment corriger une erreur d&rsquo;une autorisation ESTA ?<\/h2>\n\n\n\n<p>Lorsqu&rsquo;il y a eu une erreur de saisie dans le <a href=\"https:\/\/usa-gv.com\/fr\/formulaire-esta-en-ligne\/\">formulaire ESTA en ligne<\/a>, le voyageur peut essayer de corriger son erreur dans les r\u00e9ponses donn\u00e9es aux <a href=\"https:\/\/usa-gv.com\/fr\/questions-formulaire-esta\/\">questions du formulaire<\/a>. Lorsque la demande ESTA a \u00e9t\u00e9 approuv\u00e9 ou que le <a href=\"https:\/\/usa-gv.com\/fr\/demande-esta-en-attente\/\">statut ESTA est en attente<\/a>, les informations enregistr\u00e9es ne peuvent plus \u00eatre modifi\u00e9es. Le voyageur doit soumettre une nouvelle demande pour corriger ses informations personnelles erron\u00e9es. La totalit\u00e9 du <a href=\"https:\/\/usa-gv.com\/fr\/prix-esta-usa\/\">prix de l&rsquo;ESTA<\/a> sera factur\u00e9e pour chaque nouvelle demande soumise.<\/p>\n","protected":false},"excerpt":{"rendered":"<p>Modifier les informations d&rsquo;une autorisation ESTA Il arrive que les informations personnelles d&rsquo;un voyageur d\u00e9tenant une ESTA aient chang\u00e9es. Le voyageur doit modifier son ESTA pour mettre \u00e0 jour les informations enregistr\u00e9es. Peut-on modifier une autorisation ESTA valide ? Pour modifier son autorisation de voyage, il faut se connecter sur le site officiel ESTA. Le [&hellip;]<\/p>\n","protected":false},"author":1,"featured_media":0,"parent":0,"menu_order":0,"comment_status":"closed","ping_status":"closed","template":"","meta":{"footnotes":""},"class_list":["post-2488","page","type-page","status-publish","hentry"],"yoast_head":"<!-- This site is optimized with the Yoast SEO plugin v26.6 - https:\/\/yoast.com\/wordpress\/plugins\/seo\/ -->\n<title>Comment modifier son autorisation ESTA - USA-GV.COM<\/title>\n<meta name=\"description\" content=\"Vous pouvez modifier les informations saisies lors d&#039;une demande en ligne d&#039;une autorisation ESTA pour les Etats Unis\" \/>\n<meta name=\"robots\" content=\"index, follow, max-snippet:-1, max-image-preview:large, max-video-preview:-1\" \/>\n<link rel=\"canonical\" href=\"https:\/\/usa-gv.com\/fr\/modifier-esta\/\" \/>\n<meta property=\"og:locale\" content=\"fr_FR\" \/>\n<meta property=\"og:type\" content=\"article\" \/>\n<meta property=\"og:title\" content=\"Comment modifier son autorisation ESTA - USA-GV.COM\" \/>\n<meta property=\"og:description\" content=\"Vous pouvez modifier les informations saisies lors d&#039;une demande en ligne d&#039;une autorisation ESTA pour les Etats Unis\" \/>\n<meta property=\"og:url\" content=\"https:\/\/usa-gv.com\/fr\/modifier-esta\/\" \/>\n<meta property=\"og:site_name\" content=\"USA-GV.COM\" \/>\n<meta property=\"article:modified_time\" content=\"2025-04-07T08:36:38+00:00\" \/>\n<meta name=\"twitter:card\" content=\"summary_large_image\" \/>\n<meta name=\"twitter:label1\" content=\"Dur\u00e9e de lecture estim\u00e9e\" \/>\n\t<meta name=\"twitter:data1\" content=\"1 minute\" \/>\n<script type=\"application\/ld+json\" class=\"yoast-schema-graph\">{\"@context\":\"https:\/\/schema.org\",\"@graph\":[{\"@type\":\"WebPage\",\"@id\":\"https:\/\/usa-gv.com\/fr\/modifier-esta\/\",\"url\":\"https:\/\/usa-gv.com\/fr\/modifier-esta\/\",\"name\":\"Comment modifier son autorisation ESTA - USA-GV.COM\",\"isPartOf\":{\"@id\":\"https:\/\/usa-gv.com\/fr\/#website\"},\"datePublished\":\"2024-03-19T10:25:52+00:00\",\"dateModified\":\"2025-04-07T08:36:38+00:00\",\"description\":\"Vous pouvez modifier les informations saisies lors d'une demande en ligne d'une autorisation ESTA pour les Etats Unis\",\"breadcrumb\":{\"@id\":\"https:\/\/usa-gv.com\/fr\/modifier-esta\/#breadcrumb\"},\"inLanguage\":\"fr-FR\",\"potentialAction\":[{\"@type\":\"ReadAction\",\"target\":[\"https:\/\/usa-gv.com\/fr\/modifier-esta\/\"]}]},{\"@type\":\"BreadcrumbList\",\"@id\":\"https:\/\/usa-gv.com\/fr\/modifier-esta\/#breadcrumb\",\"itemListElement\":[{\"@type\":\"ListItem\",\"position\":1,\"name\":\"Home\",\"item\":\"https:\/\/usa-gv.com\/fr\/\"},{\"@type\":\"ListItem\",\"position\":2,\"name\":\"Comment modifier son autorisation ESTA\"}]},{\"@type\":\"WebSite\",\"@id\":\"https:\/\/usa-gv.com\/fr\/#website\",\"url\":\"https:\/\/usa-gv.com\/fr\/\",\"name\":\"USA-GV.COM\",\"description\":\"\",\"potentialAction\":[{\"@type\":\"SearchAction\",\"target\":{\"@type\":\"EntryPoint\",\"urlTemplate\":\"https:\/\/usa-gv.com\/fr\/?s={search_term_string}\"},\"query-input\":{\"@type\":\"PropertyValueSpecification\",\"valueRequired\":true,\"valueName\":\"search_term_string\"}}],\"inLanguage\":\"fr-FR\"}]}<\/script>\n<!-- \/ Yoast SEO plugin. -->","yoast_head_json":{"title":"Comment modifier son autorisation ESTA - USA-GV.COM","description":"Vous pouvez modifier les informations saisies lors d'une demande en ligne d'une autorisation ESTA pour les Etats Unis","robots":{"index":"index","follow":"follow","max-snippet":"max-snippet:-1","max-image-preview":"max-image-preview:large","max-video-preview":"max-video-preview:-1"},"canonical":"https:\/\/usa-gv.com\/fr\/modifier-esta\/","og_locale":"fr_FR","og_type":"article","og_title":"Comment modifier son autorisation ESTA - USA-GV.COM","og_description":"Vous pouvez modifier les informations saisies lors d'une demande en ligne d'une autorisation ESTA pour les Etats Unis","og_url":"https:\/\/usa-gv.com\/fr\/modifier-esta\/","og_site_name":"USA-GV.COM","article_modified_time":"2025-04-07T08:36:38+00:00","twitter_card":"summary_large_image","twitter_misc":{"Dur\u00e9e de lecture estim\u00e9e":"1 minute"},"schema":{"@context":"https:\/\/schema.org","@graph":[{"@type":"WebPage","@id":"https:\/\/usa-gv.com\/fr\/modifier-esta\/","url":"https:\/\/usa-gv.com\/fr\/modifier-esta\/","name":"Comment modifier son autorisation ESTA - USA-GV.COM","isPartOf":{"@id":"https:\/\/usa-gv.com\/fr\/#website"},"datePublished":"2024-03-19T10:25:52+00:00","dateModified":"2025-04-07T08:36:38+00:00","description":"Vous pouvez modifier les informations saisies lors d'une demande en ligne d'une autorisation ESTA pour les Etats Unis","breadcrumb":{"@id":"https:\/\/usa-gv.com\/fr\/modifier-esta\/#breadcrumb"},"inLanguage":"fr-FR","potentialAction":[{"@type":"ReadAction","target":["https:\/\/usa-gv.com\/fr\/modifier-esta\/"]}]},{"@type":"BreadcrumbList","@id":"https:\/\/usa-gv.com\/fr\/modifier-esta\/#breadcrumb","itemListElement":[{"@type":"ListItem","position":1,"name":"Home","item":"https:\/\/usa-gv.com\/fr\/"},{"@type":"ListItem","position":2,"name":"Comment modifier son autorisation ESTA"}]},{"@type":"WebSite","@id":"https:\/\/usa-gv.com\/fr\/#website","url":"https:\/\/usa-gv.com\/fr\/","name":"USA-GV.COM","description":"","potentialAction":[{"@type":"SearchAction","target":{"@type":"EntryPoint","urlTemplate":"https:\/\/usa-gv.com\/fr\/?s={search_term_string}"},"query-input":{"@type":"PropertyValueSpecification","valueRequired":true,"valueName":"search_term_string"}}],"inLanguage":"fr-FR"}]}},"_links":{"self":[{"href":"https:\/\/usa-gv.com\/fr\/wp-json\/wp\/v2\/pages\/2488","targetHints":{"allow":["GET"]}}],"collection":[{"href":"https:\/\/usa-gv.com\/fr\/wp-json\/wp\/v2\/pages"}],"about":[{"href":"https:\/\/usa-gv.com\/fr\/wp-json\/wp\/v2\/types\/page"}],"author":[{"embeddable":true,"href":"https:\/\/usa-gv.com\/fr\/wp-json\/wp\/v2\/users\/1"}],"replies":[{"embeddable":true,"href":"https:\/\/usa-gv.com\/fr\/wp-json\/wp\/v2\/comments?post=2488"}],"version-history":[{"count":1,"href":"https:\/\/usa-gv.com\/fr\/wp-json\/wp\/v2\/pages\/2488\/revisions"}],"predecessor-version":[{"id":7466,"href":"https:\/\/usa-gv.com\/fr\/wp-json\/wp\/v2\/pages\/2488\/revisions\/7466"}],"wp:attachment":[{"href":"https:\/\/usa-gv.com\/fr\/wp-json\/wp\/v2\/media?parent=2488"}],"curies":[{"name":"wp","href":"https:\/\/api.w.org\/{rel}","templated":true}]}}