{"id":2484,"date":"2024-03-19T10:22:32","date_gmt":"2024-03-19T10:22:32","guid":{"rendered":"https:\/\/usa-gv.com\/?page_id=2484"},"modified":"2025-04-07T08:46:12","modified_gmt":"2025-04-07T08:46:12","slug":"esta-refus","status":"publish","type":"page","link":"https:\/\/usa-gv.com\/fr\/esta-refus\/","title":{"rendered":"Que faire lorsque une demande ESTA est refus\u00e9e"},"content":{"rendered":"\n<h1 class=\"wp-block-heading\">Vous avez eu un refus de votre demande ESTA<\/h1>\n\n\n\n<p>Voyager aux \u00c9tats-Unis dans le cadre du programme d&rsquo;exemption de visa n\u00e9cessite d&rsquo;obtenir une autorisation de voyage \u00e9lectronique ESTA. Bien que la majorit\u00e9 des demandes soient approuv\u00e9es, il arrive que certaines ESTA soient refus\u00e9es.<\/p>\n\n\n\n<h2 class=\"wp-block-heading\">Comprendre les raisons du refus<\/h2>\n\n\n\n<p>La premi\u00e8re \u00e9tape consiste \u00e0 comprendre pourquoi votre demande ESTA a \u00e9t\u00e9 refus\u00e9e. Les raisons les plus courantes sont :<\/p>\n\n\n\n<ul class=\"wp-block-list\">\n<li><strong>Informations Incorrectes ou Incompl\u00e8tes<\/strong> : Une erreur en <a href=\"https:\/\/usa-gv.com\/fr\/remplir-formulaire-esta\/\">remplissant le formulaire ESTA<\/a>, comme par exemple : un num\u00e9ro de passeport incorrect ou une faute de frappe dans le nom.<\/li>\n\n\n\n<li><strong>Ant\u00e9c\u00e9dents Criminels ou Probl\u00e8mes de S\u00e9curit\u00e9<\/strong> : Des r\u00e9ponses affirmatives \u00e0 des questions sur les ant\u00e9c\u00e9dents criminels ou des pr\u00e9occupations de s\u00e9curit\u00e9 ne remplissent pas les <a href=\"https:\/\/usa-gv.com\/fr\/regles-eligibilite-esta\/\">conditions d&rsquo;\u00e9ligibilit\u00e9 \u00e0 l&rsquo;ESTA<\/a>.<\/li>\n\n\n\n<li><strong>Voyages Pr\u00e9c\u00e9dents<\/strong> : D\u00e9passement de la dur\u00e9e de s\u00e9jour autoris\u00e9e lors de pr\u00e9c\u00e9dents voyages aux \u00c9tats-Unis ou s\u00e9jours dans des pays sensibles tels que : Iran, Irak, Libye, Cor\u00e9e du Nord, Somalie, Soudan, Syrie ou Y\u00e9men apr\u00e8s le 1er mars 2011.<\/li>\n<\/ul>\n\n\n\n<div style=\"height:10px\" aria-hidden=\"true\" class=\"wp-block-spacer\"><\/div>\n\n\n\n<h2 class=\"wp-block-heading\">\u00c9tapes \u00e0 suivre apr\u00e8s un refus<\/h2>\n\n\n\n<p>Si votre demande ESTA est refus\u00e9e, voici la d\u00e9marche \u00e0 entreprendre :<\/p>\n\n\n\n<ul class=\"wp-block-list\">\n<li>V\u00e9rifier et corriger les Informations saisies pour d\u00e9tecter d&rsquo;\u00e9ventuelles erreurs. Corrigez toute information incorrecte et assurez vous que tous les champs sont remplis avec pr\u00e9cision.<\/li>\n\n\n\n<li>Attendez 10 jours avant de soumettre une nouvelle demande. Assurez vous que toutes les informations sont correctes et mises \u00e0 jour. <a href=\"https:\/\/usa-gv.com\/fr\/comment-payer-esta\/\">Payez les frais ESTA<\/a> de nouveau.<\/li>\n<\/ul>\n\n\n\n<div style=\"height:10px\" aria-hidden=\"true\" class=\"wp-block-spacer\"><\/div>\n\n\n\n<p>Si votre demande ESTA est de nouveau refus\u00e9e, vous pouvez demander un <a href=\"https:\/\/usa-gv.com\/fr\/visa-touristique-usa\/\">visa am\u00e9ricain<\/a> aupr\u00e8s d&rsquo;une ambassade am\u00e9ricaine. La proc\u00e9dure de demande de visa est plus longue et co\u00fbteuse, mais elle offre une alternative fiable pour voyager aux \u00c9tats-Unis. Pr\u00e9parez vous \u00e0 fournir des documents suppl\u00e9mentaires, tels que des preuves de liens avec votre pays d&rsquo;origine, des relev\u00e9s bancaires, et une lettre d&rsquo;invitation, si n\u00e9cessaire.<\/p>\n\n\n\n<p>En cas de refus persistant, il peut \u00eatre utile de consulter un expert en immigration ou un avocat sp\u00e9cialis\u00e9.<br>Un professionnel peut vous aider \u00e0 comprendre les raisons du refus et \u00e0 pr\u00e9parer une demande de visa solide.<\/p>\n\n\n\n<h2 class=\"wp-block-heading\">Conseils pour \u00e9viter un refus<\/h2>\n\n\n\n<p>Pour minimiser les risques de refus de votre demande ESTA, suivez ces conseils :<\/p>\n\n\n\n<ul class=\"wp-block-list\">\n<li>Avant de soumettre votre demande, revoyez toutes les informations pour \u00e9viter les erreurs.<\/li>\n\n\n\n<li>R\u00e9pondez avec honn\u00eatet\u00e9 aux questions de s\u00e9curit\u00e9 et sur vos ant\u00e9c\u00e9dents. Toute fausse d\u00e9claration peut entra\u00eener un refus.<\/li>\n\n\n\n<li>N&rsquo;attendez pas la derni\u00e8re minute pour soumettre votre demande. En cas de refus, vous aurez le temps de demander un visa.<\/li>\n<\/ul>\n\n\n\n<div style=\"height:10px\" aria-hidden=\"true\" class=\"wp-block-spacer\"><\/div>\n","protected":false},"excerpt":{"rendered":"<p>Vous avez eu un refus de votre demande ESTA Voyager aux \u00c9tats-Unis dans le cadre du programme d&rsquo;exemption de visa n\u00e9cessite d&rsquo;obtenir une autorisation de voyage \u00e9lectronique ESTA. Bien que la majorit\u00e9 des demandes soient approuv\u00e9es, il arrive que certaines ESTA soient refus\u00e9es. Comprendre les raisons du refus La premi\u00e8re \u00e9tape consiste \u00e0 comprendre pourquoi [&hellip;]<\/p>\n","protected":false},"author":1,"featured_media":0,"parent":0,"menu_order":0,"comment_status":"closed","ping_status":"closed","template":"","meta":{"footnotes":""},"class_list":["post-2484","page","type-page","status-publish","hentry"],"yoast_head":"<!-- This site is optimized with the Yoast SEO plugin v26.6 - https:\/\/yoast.com\/wordpress\/plugins\/seo\/ -->\n<title>Que faire lorsque une demande ESTA est refus\u00e9e - USA-GV.COM<\/title>\n<meta name=\"description\" content=\"Le refus d&#039;une demande ESTA en ligne ne signifie pas que vous ne pourrez pas voyager vers les Etats Unis. D\u00e9couvrez les solutions\" \/>\n<meta name=\"robots\" content=\"index, follow, max-snippet:-1, max-image-preview:large, max-video-preview:-1\" \/>\n<link rel=\"canonical\" href=\"https:\/\/usa-gv.com\/fr\/esta-refus\/\" \/>\n<meta property=\"og:locale\" content=\"fr_FR\" \/>\n<meta property=\"og:type\" content=\"article\" \/>\n<meta property=\"og:title\" content=\"Que faire lorsque une demande ESTA est refus\u00e9e - USA-GV.COM\" \/>\n<meta property=\"og:description\" content=\"Le refus d&#039;une demande ESTA en ligne ne signifie pas que vous ne pourrez pas voyager vers les Etats Unis. D\u00e9couvrez les solutions\" \/>\n<meta property=\"og:url\" content=\"https:\/\/usa-gv.com\/fr\/esta-refus\/\" \/>\n<meta property=\"og:site_name\" content=\"USA-GV.COM\" \/>\n<meta property=\"article:modified_time\" content=\"2025-04-07T08:46:12+00:00\" \/>\n<meta name=\"twitter:card\" content=\"summary_large_image\" \/>\n<meta name=\"twitter:label1\" content=\"Dur\u00e9e de lecture estim\u00e9e\" \/>\n\t<meta name=\"twitter:data1\" content=\"3 minutes\" \/>\n<script type=\"application\/ld+json\" class=\"yoast-schema-graph\">{\"@context\":\"https:\/\/schema.org\",\"@graph\":[{\"@type\":\"WebPage\",\"@id\":\"https:\/\/usa-gv.com\/fr\/esta-refus\/\",\"url\":\"https:\/\/usa-gv.com\/fr\/esta-refus\/\",\"name\":\"Que faire lorsque une demande ESTA est refus\u00e9e - USA-GV.COM\",\"isPartOf\":{\"@id\":\"https:\/\/usa-gv.com\/fr\/#website\"},\"datePublished\":\"2024-03-19T10:22:32+00:00\",\"dateModified\":\"2025-04-07T08:46:12+00:00\",\"description\":\"Le refus d'une demande ESTA en ligne ne signifie pas que vous ne pourrez pas voyager vers les Etats Unis. D\u00e9couvrez les solutions\",\"breadcrumb\":{\"@id\":\"https:\/\/usa-gv.com\/fr\/esta-refus\/#breadcrumb\"},\"inLanguage\":\"fr-FR\",\"potentialAction\":[{\"@type\":\"ReadAction\",\"target\":[\"https:\/\/usa-gv.com\/fr\/esta-refus\/\"]}]},{\"@type\":\"BreadcrumbList\",\"@id\":\"https:\/\/usa-gv.com\/fr\/esta-refus\/#breadcrumb\",\"itemListElement\":[{\"@type\":\"ListItem\",\"position\":1,\"name\":\"Home\",\"item\":\"https:\/\/usa-gv.com\/fr\/\"},{\"@type\":\"ListItem\",\"position\":2,\"name\":\"Que faire lorsque une demande ESTA est refus\u00e9e\"}]},{\"@type\":\"WebSite\",\"@id\":\"https:\/\/usa-gv.com\/fr\/#website\",\"url\":\"https:\/\/usa-gv.com\/fr\/\",\"name\":\"USA-GV.COM\",\"description\":\"\",\"potentialAction\":[{\"@type\":\"SearchAction\",\"target\":{\"@type\":\"EntryPoint\",\"urlTemplate\":\"https:\/\/usa-gv.com\/fr\/?s={search_term_string}\"},\"query-input\":{\"@type\":\"PropertyValueSpecification\",\"valueRequired\":true,\"valueName\":\"search_term_string\"}}],\"inLanguage\":\"fr-FR\"}]}<\/script>\n<!-- \/ Yoast SEO plugin. -->","yoast_head_json":{"title":"Que faire lorsque une demande ESTA est refus\u00e9e - USA-GV.COM","description":"Le refus d'une demande ESTA en ligne ne signifie pas que vous ne pourrez pas voyager vers les Etats Unis. D\u00e9couvrez les solutions","robots":{"index":"index","follow":"follow","max-snippet":"max-snippet:-1","max-image-preview":"max-image-preview:large","max-video-preview":"max-video-preview:-1"},"canonical":"https:\/\/usa-gv.com\/fr\/esta-refus\/","og_locale":"fr_FR","og_type":"article","og_title":"Que faire lorsque une demande ESTA est refus\u00e9e - USA-GV.COM","og_description":"Le refus d'une demande ESTA en ligne ne signifie pas que vous ne pourrez pas voyager vers les Etats Unis. D\u00e9couvrez les solutions","og_url":"https:\/\/usa-gv.com\/fr\/esta-refus\/","og_site_name":"USA-GV.COM","article_modified_time":"2025-04-07T08:46:12+00:00","twitter_card":"summary_large_image","twitter_misc":{"Dur\u00e9e de lecture estim\u00e9e":"3 minutes"},"schema":{"@context":"https:\/\/schema.org","@graph":[{"@type":"WebPage","@id":"https:\/\/usa-gv.com\/fr\/esta-refus\/","url":"https:\/\/usa-gv.com\/fr\/esta-refus\/","name":"Que faire lorsque une demande ESTA est refus\u00e9e - USA-GV.COM","isPartOf":{"@id":"https:\/\/usa-gv.com\/fr\/#website"},"datePublished":"2024-03-19T10:22:32+00:00","dateModified":"2025-04-07T08:46:12+00:00","description":"Le refus d'une demande ESTA en ligne ne signifie pas que vous ne pourrez pas voyager vers les Etats Unis. D\u00e9couvrez les solutions","breadcrumb":{"@id":"https:\/\/usa-gv.com\/fr\/esta-refus\/#breadcrumb"},"inLanguage":"fr-FR","potentialAction":[{"@type":"ReadAction","target":["https:\/\/usa-gv.com\/fr\/esta-refus\/"]}]},{"@type":"BreadcrumbList","@id":"https:\/\/usa-gv.com\/fr\/esta-refus\/#breadcrumb","itemListElement":[{"@type":"ListItem","position":1,"name":"Home","item":"https:\/\/usa-gv.com\/fr\/"},{"@type":"ListItem","position":2,"name":"Que faire lorsque une demande ESTA est refus\u00e9e"}]},{"@type":"WebSite","@id":"https:\/\/usa-gv.com\/fr\/#website","url":"https:\/\/usa-gv.com\/fr\/","name":"USA-GV.COM","description":"","potentialAction":[{"@type":"SearchAction","target":{"@type":"EntryPoint","urlTemplate":"https:\/\/usa-gv.com\/fr\/?s={search_term_string}"},"query-input":{"@type":"PropertyValueSpecification","valueRequired":true,"valueName":"search_term_string"}}],"inLanguage":"fr-FR"}]}},"_links":{"self":[{"href":"https:\/\/usa-gv.com\/fr\/wp-json\/wp\/v2\/pages\/2484","targetHints":{"allow":["GET"]}}],"collection":[{"href":"https:\/\/usa-gv.com\/fr\/wp-json\/wp\/v2\/pages"}],"about":[{"href":"https:\/\/usa-gv.com\/fr\/wp-json\/wp\/v2\/types\/page"}],"author":[{"embeddable":true,"href":"https:\/\/usa-gv.com\/fr\/wp-json\/wp\/v2\/users\/1"}],"replies":[{"embeddable":true,"href":"https:\/\/usa-gv.com\/fr\/wp-json\/wp\/v2\/comments?post=2484"}],"version-history":[{"count":1,"href":"https:\/\/usa-gv.com\/fr\/wp-json\/wp\/v2\/pages\/2484\/revisions"}],"predecessor-version":[{"id":7681,"href":"https:\/\/usa-gv.com\/fr\/wp-json\/wp\/v2\/pages\/2484\/revisions\/7681"}],"wp:attachment":[{"href":"https:\/\/usa-gv.com\/fr\/wp-json\/wp\/v2\/media?parent=2484"}],"curies":[{"name":"wp","href":"https:\/\/api.w.org\/{rel}","templated":true}]}}