{"id":2480,"date":"2024-03-19T10:16:25","date_gmt":"2024-03-19T10:16:25","guid":{"rendered":"https:\/\/usa-gv.com\/?page_id=2480"},"modified":"2025-04-07T08:46:00","modified_gmt":"2025-04-07T08:46:00","slug":"demande-esta-en-attente","status":"publish","type":"page","link":"https:\/\/usa-gv.com\/fr\/demande-esta-en-attente\/","title":{"rendered":"Pourquoi une demande ESTA est en attente"},"content":{"rendered":"\n<h1 class=\"wp-block-heading\">Votre demande ESTA a un statut en attente<\/h1>\n\n\n\n<p>La proc\u00e9dure pour obtenir une autorisation de voyage ESTA se d\u00e9roule enti\u00e8rement en ligne. Bien que la plupart des autorisations soient d\u00e9livr\u00e9es en quelques minutes, certaines demandes se retrouve avec le statut : en attente. Ce statut signifie que votre dossier n\u00e9cessite un d\u00e9lai suppl\u00e9mentaire pour \u00eatre trait\u00e9.<\/p>\n\n\n\n<h2 class=\"wp-block-heading\">Pourquoi une demande ESTA est-elle en attente ?<\/h2>\n\n\n\n<p>Plusieurs raisons peuvent expliquer qu&rsquo;une demande ESTA est mise en attente :<\/p>\n\n\n\n<ol class=\"wp-block-list\">\n<li><strong>Affluence sur le site<\/strong> : Si vous soumettez votre demande ESTA lors d&rsquo;une p\u00e9riode de forte affluence, la <a href=\"https:\/\/usa-gv.com\/fr\/verifier-validite-esta\/\">validit\u00e9 de votre ESTA<\/a> peut ne pas \u00eatre trait\u00e9e imm\u00e9diatement, ce qui met votre demande provisoirement en attente.<\/li>\n\n\n\n<li><strong>Contr\u00f4les al\u00e9atoires<\/strong> : Les autorit\u00e9s am\u00e9ricaines effectuent parfois des contr\u00f4les al\u00e9atoires sur les demandes, ce qui peut entra\u00eener un d\u00e9lai suppl\u00e9mentaire.<\/li>\n\n\n\n<li><strong>Contr\u00f4les suppl\u00e9mentaires<\/strong> : En fonction des informations fournies, des v\u00e9rifications suppl\u00e9mentaires peuvent \u00eatre n\u00e9cessaires pour s&rsquo;assurer que vous ne repr\u00e9sentez aucune menace pour le pays.<\/li>\n<\/ol>\n\n\n\n<h2 class=\"wp-block-heading\">Dur\u00e9e d&rsquo;attente pour une demande ESTA<\/h2>\n\n\n\n<p>La majorit\u00e9 des demandes sont trait\u00e9es dans les 24 heures suivant l&rsquo;envoi du dossier. Cependant, le <a href=\"https:\/\/usa-gv.com\/fr\/delais-obtenir-esta\/\">d\u00e9lai de traitement d&rsquo;une demande ESTA<\/a> est au maximum de 72 heures. Il est donc crucial de prendre ce d\u00e9lai en compte lors de votre demande pour \u00e9viter tout risque de d\u00e9part compromis. Sans autorisation de voyage pr\u00e9alable, vous ne pourrez pas vous rendre aux \u00c9tats-Unis.<\/p>\n\n\n\n<h2 class=\"wp-block-heading\">Que faire si votre ESTA est refus\u00e9e ?<\/h2>\n\n\n\n<p>Si votre <a href=\"https:\/\/usa-gv.com\/fr\/esta-refus\/\">demande ESTA est refus\u00e9e<\/a>, voici les \u00e9tapes \u00e0 suivre :<\/p>\n\n\n\n<ol class=\"wp-block-list\">\n<li><strong>Refaire une demande<\/strong> : Vous pouvez soumettre une nouvelle demande apr\u00e8s un d\u00e9lai de 10 jours. Assurez vous de v\u00e9rifier que toutes les informations saisies sont correctes et que vous remplissez bien tous les crit\u00e8res d&rsquo;\u00e9ligibilit\u00e9.<\/li>\n\n\n\n<li><strong>Demande de visa<\/strong> : Vous pouvez demander un <a href=\"https:\/\/usa-gv.com\/fr\/visa-touristique-usa\/\">visa touristique pour les Etats Unis<\/a> aupr\u00e8s d&rsquo;une ambassade am\u00e9ricaine. Bien que cette d\u00e9marche soit plus longue et co\u00fbteuse, elle vous permet de voyager aux \u00c9tats-Unis malgr\u00e9 le refus d&rsquo;une autorisation ESTA.<\/li>\n<\/ol>\n\n\n\n<p>Pour garantir un traitement sans probl\u00e8me de votre demande ESTA, soyez attentif \u00e0 l&rsquo;exactitude des informations fournies et soumettez votre demande suffisamment \u00e0 l&rsquo;avance pour \u00e9viter les impr\u00e9vus.<\/p>\n","protected":false},"excerpt":{"rendered":"<p>Votre demande ESTA a un statut en attente La proc\u00e9dure pour obtenir une autorisation de voyage ESTA se d\u00e9roule enti\u00e8rement en ligne. Bien que la plupart des autorisations soient d\u00e9livr\u00e9es en quelques minutes, certaines demandes se retrouve avec le statut : en attente. Ce statut signifie que votre dossier n\u00e9cessite un d\u00e9lai suppl\u00e9mentaire pour \u00eatre [&hellip;]<\/p>\n","protected":false},"author":1,"featured_media":0,"parent":0,"menu_order":0,"comment_status":"closed","ping_status":"closed","template":"","meta":{"footnotes":""},"class_list":["post-2480","page","type-page","status-publish","hentry"],"yoast_head":"<!-- This site is optimized with the Yoast SEO plugin v26.6 - https:\/\/yoast.com\/wordpress\/plugins\/seo\/ -->\n<title>Pourquoi une demande ESTA est en attente - USA-GV.COM<\/title>\n<meta name=\"description\" content=\"Qu&#039;est ce que cela signifie lorsque le statut de votre demande ESTA est en attente ? voici les informations n\u00e9cessaires pour comprendre\" \/>\n<meta name=\"robots\" content=\"index, follow, max-snippet:-1, max-image-preview:large, max-video-preview:-1\" \/>\n<link rel=\"canonical\" href=\"https:\/\/usa-gv.com\/fr\/demande-esta-en-attente\/\" \/>\n<meta property=\"og:locale\" content=\"fr_FR\" \/>\n<meta property=\"og:type\" content=\"article\" \/>\n<meta property=\"og:title\" content=\"Pourquoi une demande ESTA est en attente - USA-GV.COM\" \/>\n<meta property=\"og:description\" content=\"Qu&#039;est ce que cela signifie lorsque le statut de votre demande ESTA est en attente ? voici les informations n\u00e9cessaires pour comprendre\" \/>\n<meta property=\"og:url\" content=\"https:\/\/usa-gv.com\/fr\/demande-esta-en-attente\/\" \/>\n<meta property=\"og:site_name\" content=\"USA-GV.COM\" \/>\n<meta property=\"article:modified_time\" content=\"2025-04-07T08:46:00+00:00\" \/>\n<meta name=\"twitter:card\" content=\"summary_large_image\" \/>\n<meta name=\"twitter:label1\" content=\"Dur\u00e9e de lecture estim\u00e9e\" \/>\n\t<meta name=\"twitter:data1\" content=\"2 minutes\" \/>\n<script type=\"application\/ld+json\" class=\"yoast-schema-graph\">{\"@context\":\"https:\/\/schema.org\",\"@graph\":[{\"@type\":\"WebPage\",\"@id\":\"https:\/\/usa-gv.com\/fr\/demande-esta-en-attente\/\",\"url\":\"https:\/\/usa-gv.com\/fr\/demande-esta-en-attente\/\",\"name\":\"Pourquoi une demande ESTA est en attente - USA-GV.COM\",\"isPartOf\":{\"@id\":\"https:\/\/usa-gv.com\/fr\/#website\"},\"datePublished\":\"2024-03-19T10:16:25+00:00\",\"dateModified\":\"2025-04-07T08:46:00+00:00\",\"description\":\"Qu'est ce que cela signifie lorsque le statut de votre demande ESTA est en attente ? voici les informations n\u00e9cessaires pour comprendre\",\"breadcrumb\":{\"@id\":\"https:\/\/usa-gv.com\/fr\/demande-esta-en-attente\/#breadcrumb\"},\"inLanguage\":\"fr-FR\",\"potentialAction\":[{\"@type\":\"ReadAction\",\"target\":[\"https:\/\/usa-gv.com\/fr\/demande-esta-en-attente\/\"]}]},{\"@type\":\"BreadcrumbList\",\"@id\":\"https:\/\/usa-gv.com\/fr\/demande-esta-en-attente\/#breadcrumb\",\"itemListElement\":[{\"@type\":\"ListItem\",\"position\":1,\"name\":\"Home\",\"item\":\"https:\/\/usa-gv.com\/fr\/\"},{\"@type\":\"ListItem\",\"position\":2,\"name\":\"Pourquoi une demande ESTA est en attente\"}]},{\"@type\":\"WebSite\",\"@id\":\"https:\/\/usa-gv.com\/fr\/#website\",\"url\":\"https:\/\/usa-gv.com\/fr\/\",\"name\":\"USA-GV.COM\",\"description\":\"\",\"potentialAction\":[{\"@type\":\"SearchAction\",\"target\":{\"@type\":\"EntryPoint\",\"urlTemplate\":\"https:\/\/usa-gv.com\/fr\/?s={search_term_string}\"},\"query-input\":{\"@type\":\"PropertyValueSpecification\",\"valueRequired\":true,\"valueName\":\"search_term_string\"}}],\"inLanguage\":\"fr-FR\"}]}<\/script>\n<!-- \/ Yoast SEO plugin. -->","yoast_head_json":{"title":"Pourquoi une demande ESTA est en attente - USA-GV.COM","description":"Qu'est ce que cela signifie lorsque le statut de votre demande ESTA est en attente ? voici les informations n\u00e9cessaires pour comprendre","robots":{"index":"index","follow":"follow","max-snippet":"max-snippet:-1","max-image-preview":"max-image-preview:large","max-video-preview":"max-video-preview:-1"},"canonical":"https:\/\/usa-gv.com\/fr\/demande-esta-en-attente\/","og_locale":"fr_FR","og_type":"article","og_title":"Pourquoi une demande ESTA est en attente - USA-GV.COM","og_description":"Qu'est ce que cela signifie lorsque le statut de votre demande ESTA est en attente ? voici les informations n\u00e9cessaires pour comprendre","og_url":"https:\/\/usa-gv.com\/fr\/demande-esta-en-attente\/","og_site_name":"USA-GV.COM","article_modified_time":"2025-04-07T08:46:00+00:00","twitter_card":"summary_large_image","twitter_misc":{"Dur\u00e9e de lecture estim\u00e9e":"2 minutes"},"schema":{"@context":"https:\/\/schema.org","@graph":[{"@type":"WebPage","@id":"https:\/\/usa-gv.com\/fr\/demande-esta-en-attente\/","url":"https:\/\/usa-gv.com\/fr\/demande-esta-en-attente\/","name":"Pourquoi une demande ESTA est en attente - USA-GV.COM","isPartOf":{"@id":"https:\/\/usa-gv.com\/fr\/#website"},"datePublished":"2024-03-19T10:16:25+00:00","dateModified":"2025-04-07T08:46:00+00:00","description":"Qu'est ce que cela signifie lorsque le statut de votre demande ESTA est en attente ? voici les informations n\u00e9cessaires pour comprendre","breadcrumb":{"@id":"https:\/\/usa-gv.com\/fr\/demande-esta-en-attente\/#breadcrumb"},"inLanguage":"fr-FR","potentialAction":[{"@type":"ReadAction","target":["https:\/\/usa-gv.com\/fr\/demande-esta-en-attente\/"]}]},{"@type":"BreadcrumbList","@id":"https:\/\/usa-gv.com\/fr\/demande-esta-en-attente\/#breadcrumb","itemListElement":[{"@type":"ListItem","position":1,"name":"Home","item":"https:\/\/usa-gv.com\/fr\/"},{"@type":"ListItem","position":2,"name":"Pourquoi une demande ESTA est en attente"}]},{"@type":"WebSite","@id":"https:\/\/usa-gv.com\/fr\/#website","url":"https:\/\/usa-gv.com\/fr\/","name":"USA-GV.COM","description":"","potentialAction":[{"@type":"SearchAction","target":{"@type":"EntryPoint","urlTemplate":"https:\/\/usa-gv.com\/fr\/?s={search_term_string}"},"query-input":{"@type":"PropertyValueSpecification","valueRequired":true,"valueName":"search_term_string"}}],"inLanguage":"fr-FR"}]}},"_links":{"self":[{"href":"https:\/\/usa-gv.com\/fr\/wp-json\/wp\/v2\/pages\/2480","targetHints":{"allow":["GET"]}}],"collection":[{"href":"https:\/\/usa-gv.com\/fr\/wp-json\/wp\/v2\/pages"}],"about":[{"href":"https:\/\/usa-gv.com\/fr\/wp-json\/wp\/v2\/types\/page"}],"author":[{"embeddable":true,"href":"https:\/\/usa-gv.com\/fr\/wp-json\/wp\/v2\/users\/1"}],"replies":[{"embeddable":true,"href":"https:\/\/usa-gv.com\/fr\/wp-json\/wp\/v2\/comments?post=2480"}],"version-history":[{"count":1,"href":"https:\/\/usa-gv.com\/fr\/wp-json\/wp\/v2\/pages\/2480\/revisions"}],"predecessor-version":[{"id":7648,"href":"https:\/\/usa-gv.com\/fr\/wp-json\/wp\/v2\/pages\/2480\/revisions\/7648"}],"wp:attachment":[{"href":"https:\/\/usa-gv.com\/fr\/wp-json\/wp\/v2\/media?parent=2480"}],"curies":[{"name":"wp","href":"https:\/\/api.w.org\/{rel}","templated":true}]}}