{"id":2464,"date":"2024-03-12T20:17:01","date_gmt":"2024-03-12T20:17:01","guid":{"rendered":"https:\/\/usa-gv.com\/?page_id=2464"},"modified":"2025-04-07T08:45:20","modified_gmt":"2025-04-07T08:45:20","slug":"documents-voyage-etats-unis","status":"publish","type":"page","link":"https:\/\/usa-gv.com\/fr\/documents-voyage-etats-unis\/","title":{"rendered":"Les documents de voyage pour les Etats Unis"},"content":{"rendered":"\n<h1 class=\"wp-block-heading\">Quels sont les documents de voyage n\u00e9cessaires pour les Etats-Unis<\/h1>\n\n\n\n<p>Voyager aux \u00c9tats-Unis n\u00e9cessite d&rsquo;avoir en sa possession certains documents de voyage. Que vous soyez touriste, \u00e9tudiant, ou professionnel, voici les documents requis pour entrer aux \u00c9tats-Unis.<\/p>\n\n\n\n<h2 class=\"wp-block-heading\">Passeport valide pour les USA<\/h2>\n\n\n\n<p>Un <a href=\"https:\/\/usa-gv.com\/fr\/passeport-pour-les-usa\/\">passeport valide pour entrer aux \u00c9tats-Unis<\/a> est obligatoire pour pouvoir voyager sur le continent am\u00e9ricain. Assurez vous que le passeport :<\/p>\n\n\n\n<ul class=\"wp-block-list\">\n<li>Est un passeport \u00e9lectronique contenant une puce num\u00e9rique.<\/li>\n\n\n\n<li>Qu&rsquo;il contient au moins une page vierge pour les tampons d&rsquo;entr\u00e9e et de sortie.<\/li>\n\n\n\n<li>Est valide pour la dur\u00e9e de votre s\u00e9jour.<\/li>\n<\/ul>\n\n\n\n<div style=\"height:10px\" aria-hidden=\"true\" class=\"wp-block-spacer\"><\/div>\n\n\n\n<h2 class=\"wp-block-heading\">Autorisation de voyage ESTA ou un visa<\/h2>\n\n\n\n<p>Selon votre pays de citoyennet\u00e9 et la nature de votre voyage, vous aurez besoin soit d&rsquo;un visa ou d&rsquo;une autorisation ESTA.<\/p>\n\n\n\n<ul class=\"wp-block-list\">\n<li><a href=\"https:\/\/usa-gv.com\/fr\/visa-touristique-usa\/\">Visa de Touriste B2<\/a> : N\u00e9cessaire pour les s\u00e9jours touristiques de plus de 90 jours ou pour les ressortissants de pays non \u00e9ligibles au programme d&rsquo;exemption de visa.<\/li>\n\n\n\n<li>Visa d&rsquo;Affaires B1 : Pour les voyages d&rsquo;affaires, r\u00e9unions, conf\u00e9rences, ou n\u00e9gociations de contrats.<\/li>\n\n\n\n<li><a href=\"https:\/\/usa-gv.com\/fr\/\">Autorisation ESTA<\/a> : Pour les ressortissants des pays \u00e9ligibles au <a href=\"https:\/\/usa-gv.com\/fr\/visa-waiver-program-usa\/\">programme d&rsquo;exemption de visa<\/a>, une autorisation ESTA est requise pour des s\u00e9jours de 90 jours maximum. une <a href=\"https:\/\/usa-gv.com\/fr\/duree-validite-esta\/\">ESTA a une dur\u00e9e de validit\u00e9<\/a> de deux ans ou jusqu&rsquo;\u00e0 l&rsquo;expiration du passeport.<\/li>\n<\/ul>\n\n\n\n<div style=\"height:10px\" aria-hidden=\"true\" class=\"wp-block-spacer\"><\/div>\n\n\n\n<h2 class=\"wp-block-heading\">Billet d&rsquo;avion aller-retour<\/h2>\n\n\n\n<p>Un billet d&rsquo;avion aller-retour est requis pour obtenir une autorisation de voyage pour les Etats Unis. Les autorit\u00e9s d&rsquo;immigration am\u00e9ricaines veulent s&rsquo;assurer que les visiteurs ne pr\u00e9voient pas de d\u00e9passer la dur\u00e9e de leur s\u00e9jour autoris\u00e9. Assurez vous d&rsquo;avoir votre billet aller-retour.<\/p>\n\n\n\n<h2 class=\"wp-block-heading\">Preuve de fonds financiers suffisants<\/h2>\n\n\n\n<p>Vous devez \u00eatre en mesure de prouver que vous disposez de fonds suffisants pour subvenir \u00e0 vos besoins pendant votre s\u00e9jour aux Etats-Unis. Cela peut inclure par exemple : des relev\u00e9s bancaires r\u00e9cents, des lettres de parrainage financier, des preuve de revenus r\u00e9guliers ou des cartes de cr\u00e9dit valides.<\/p>\n\n\n\n<h2 class=\"wp-block-heading\">Lettre d&rsquo;invitation ou documentation suppl\u00e9mentaire<\/h2>\n\n\n\n<p>Selon le motif de votre voyage, vous pourriez avoir besoin de documents suppl\u00e9mentaires :<\/p>\n\n\n\n<ul class=\"wp-block-list\">\n<li><strong>Voyage d&rsquo;affaires<\/strong> : Lettre d&rsquo;invitation de l&rsquo;entreprise am\u00e9ricaine, programme de la conf\u00e9rence, et d\u00e9tails des contacts d&rsquo;affaires.<\/li>\n\n\n\n<li><strong>Tourisme<\/strong> : R\u00e9servations d&rsquo;h\u00f4tel, itin\u00e9raire de voyage, et preuves de r\u00e9servation de visites.<\/li>\n\n\n\n<li><strong>\u00c9tudes<\/strong> : Formulaire I20 ou visa F1 pour les \u00e9tudiants, preuve d&rsquo;inscription, et lettres d&rsquo;admission.<\/li>\n<\/ul>\n\n\n\n<div style=\"height:10px\" aria-hidden=\"true\" class=\"wp-block-spacer\"><\/div>\n\n\n\n<h2 class=\"wp-block-heading\">Documents pour mineurs<\/h2>\n\n\n\n<p>Si vous <a href=\"https:\/\/usa-gv.com\/fr\/esta-pour-mineur-aux-usa\/\">voyagez avec des enfants mineurs<\/a>, des documents suppl\u00e9mentaires sont n\u00e9cessaires :<\/p>\n\n\n\n<ul class=\"wp-block-list\">\n<li>Acte de naissance : Pour prouver la relation avec les parents ou tuteurs.<\/li>\n\n\n\n<li>Lettre de consentement : Si un seul parent voyage, une lettre de consentement de l&rsquo;autre parent peut \u00eatre exig\u00e9e.<\/li>\n<\/ul>\n","protected":false},"excerpt":{"rendered":"<p>Quels sont les documents de voyage n\u00e9cessaires pour les Etats-Unis Voyager aux \u00c9tats-Unis n\u00e9cessite d&rsquo;avoir en sa possession certains documents de voyage. Que vous soyez touriste, \u00e9tudiant, ou professionnel, voici les documents requis pour entrer aux \u00c9tats-Unis. Passeport valide pour les USA Un passeport valide pour entrer aux \u00c9tats-Unis est obligatoire pour pouvoir voyager sur [&hellip;]<\/p>\n","protected":false},"author":1,"featured_media":0,"parent":0,"menu_order":0,"comment_status":"closed","ping_status":"closed","template":"","meta":{"footnotes":""},"class_list":["post-2464","page","type-page","status-publish","hentry"],"yoast_head":"<!-- This site is optimized with the Yoast SEO plugin v26.6 - https:\/\/yoast.com\/wordpress\/plugins\/seo\/ -->\n<title>Les documents de voyage pour les Etats Unis - USA-GV.COM<\/title>\n<meta name=\"description\" content=\"D\u00e9couvrez la listes des documents n\u00e9cessaires et obligatoires pour embarquer pour un s\u00e9jour aux Etats Unis\" \/>\n<meta name=\"robots\" content=\"index, follow, max-snippet:-1, max-image-preview:large, max-video-preview:-1\" \/>\n<link rel=\"canonical\" href=\"https:\/\/usa-gv.com\/fr\/documents-voyage-etats-unis\/\" \/>\n<meta property=\"og:locale\" content=\"fr_FR\" \/>\n<meta property=\"og:type\" content=\"article\" \/>\n<meta property=\"og:title\" content=\"Les documents de voyage pour les Etats Unis - USA-GV.COM\" \/>\n<meta property=\"og:description\" content=\"D\u00e9couvrez la listes des documents n\u00e9cessaires et obligatoires pour embarquer pour un s\u00e9jour aux Etats Unis\" \/>\n<meta property=\"og:url\" content=\"https:\/\/usa-gv.com\/fr\/documents-voyage-etats-unis\/\" \/>\n<meta property=\"og:site_name\" content=\"USA-GV.COM\" \/>\n<meta property=\"article:modified_time\" content=\"2025-04-07T08:45:20+00:00\" \/>\n<meta name=\"twitter:card\" content=\"summary_large_image\" \/>\n<meta name=\"twitter:label1\" content=\"Dur\u00e9e de lecture estim\u00e9e\" \/>\n\t<meta name=\"twitter:data1\" content=\"3 minutes\" \/>\n<script type=\"application\/ld+json\" class=\"yoast-schema-graph\">{\"@context\":\"https:\/\/schema.org\",\"@graph\":[{\"@type\":\"WebPage\",\"@id\":\"https:\/\/usa-gv.com\/fr\/documents-voyage-etats-unis\/\",\"url\":\"https:\/\/usa-gv.com\/fr\/documents-voyage-etats-unis\/\",\"name\":\"Les documents de voyage pour les Etats Unis - USA-GV.COM\",\"isPartOf\":{\"@id\":\"https:\/\/usa-gv.com\/fr\/#website\"},\"datePublished\":\"2024-03-12T20:17:01+00:00\",\"dateModified\":\"2025-04-07T08:45:20+00:00\",\"description\":\"D\u00e9couvrez la listes des documents n\u00e9cessaires et obligatoires pour embarquer pour un s\u00e9jour aux Etats Unis\",\"breadcrumb\":{\"@id\":\"https:\/\/usa-gv.com\/fr\/documents-voyage-etats-unis\/#breadcrumb\"},\"inLanguage\":\"fr-FR\",\"potentialAction\":[{\"@type\":\"ReadAction\",\"target\":[\"https:\/\/usa-gv.com\/fr\/documents-voyage-etats-unis\/\"]}]},{\"@type\":\"BreadcrumbList\",\"@id\":\"https:\/\/usa-gv.com\/fr\/documents-voyage-etats-unis\/#breadcrumb\",\"itemListElement\":[{\"@type\":\"ListItem\",\"position\":1,\"name\":\"Home\",\"item\":\"https:\/\/usa-gv.com\/fr\/\"},{\"@type\":\"ListItem\",\"position\":2,\"name\":\"Les documents de voyage pour les Etats Unis\"}]},{\"@type\":\"WebSite\",\"@id\":\"https:\/\/usa-gv.com\/fr\/#website\",\"url\":\"https:\/\/usa-gv.com\/fr\/\",\"name\":\"USA-GV.COM\",\"description\":\"\",\"potentialAction\":[{\"@type\":\"SearchAction\",\"target\":{\"@type\":\"EntryPoint\",\"urlTemplate\":\"https:\/\/usa-gv.com\/fr\/?s={search_term_string}\"},\"query-input\":{\"@type\":\"PropertyValueSpecification\",\"valueRequired\":true,\"valueName\":\"search_term_string\"}}],\"inLanguage\":\"fr-FR\"}]}<\/script>\n<!-- \/ Yoast SEO plugin. -->","yoast_head_json":{"title":"Les documents de voyage pour les Etats Unis - USA-GV.COM","description":"D\u00e9couvrez la listes des documents n\u00e9cessaires et obligatoires pour embarquer pour un s\u00e9jour aux Etats Unis","robots":{"index":"index","follow":"follow","max-snippet":"max-snippet:-1","max-image-preview":"max-image-preview:large","max-video-preview":"max-video-preview:-1"},"canonical":"https:\/\/usa-gv.com\/fr\/documents-voyage-etats-unis\/","og_locale":"fr_FR","og_type":"article","og_title":"Les documents de voyage pour les Etats Unis - USA-GV.COM","og_description":"D\u00e9couvrez la listes des documents n\u00e9cessaires et obligatoires pour embarquer pour un s\u00e9jour aux Etats Unis","og_url":"https:\/\/usa-gv.com\/fr\/documents-voyage-etats-unis\/","og_site_name":"USA-GV.COM","article_modified_time":"2025-04-07T08:45:20+00:00","twitter_card":"summary_large_image","twitter_misc":{"Dur\u00e9e de lecture estim\u00e9e":"3 minutes"},"schema":{"@context":"https:\/\/schema.org","@graph":[{"@type":"WebPage","@id":"https:\/\/usa-gv.com\/fr\/documents-voyage-etats-unis\/","url":"https:\/\/usa-gv.com\/fr\/documents-voyage-etats-unis\/","name":"Les documents de voyage pour les Etats Unis - USA-GV.COM","isPartOf":{"@id":"https:\/\/usa-gv.com\/fr\/#website"},"datePublished":"2024-03-12T20:17:01+00:00","dateModified":"2025-04-07T08:45:20+00:00","description":"D\u00e9couvrez la listes des documents n\u00e9cessaires et obligatoires pour embarquer pour un s\u00e9jour aux Etats Unis","breadcrumb":{"@id":"https:\/\/usa-gv.com\/fr\/documents-voyage-etats-unis\/#breadcrumb"},"inLanguage":"fr-FR","potentialAction":[{"@type":"ReadAction","target":["https:\/\/usa-gv.com\/fr\/documents-voyage-etats-unis\/"]}]},{"@type":"BreadcrumbList","@id":"https:\/\/usa-gv.com\/fr\/documents-voyage-etats-unis\/#breadcrumb","itemListElement":[{"@type":"ListItem","position":1,"name":"Home","item":"https:\/\/usa-gv.com\/fr\/"},{"@type":"ListItem","position":2,"name":"Les documents de voyage pour les Etats Unis"}]},{"@type":"WebSite","@id":"https:\/\/usa-gv.com\/fr\/#website","url":"https:\/\/usa-gv.com\/fr\/","name":"USA-GV.COM","description":"","potentialAction":[{"@type":"SearchAction","target":{"@type":"EntryPoint","urlTemplate":"https:\/\/usa-gv.com\/fr\/?s={search_term_string}"},"query-input":{"@type":"PropertyValueSpecification","valueRequired":true,"valueName":"search_term_string"}}],"inLanguage":"fr-FR"}]}},"_links":{"self":[{"href":"https:\/\/usa-gv.com\/fr\/wp-json\/wp\/v2\/pages\/2464","targetHints":{"allow":["GET"]}}],"collection":[{"href":"https:\/\/usa-gv.com\/fr\/wp-json\/wp\/v2\/pages"}],"about":[{"href":"https:\/\/usa-gv.com\/fr\/wp-json\/wp\/v2\/types\/page"}],"author":[{"embeddable":true,"href":"https:\/\/usa-gv.com\/fr\/wp-json\/wp\/v2\/users\/1"}],"replies":[{"embeddable":true,"href":"https:\/\/usa-gv.com\/fr\/wp-json\/wp\/v2\/comments?post=2464"}],"version-history":[{"count":1,"href":"https:\/\/usa-gv.com\/fr\/wp-json\/wp\/v2\/pages\/2464\/revisions"}],"predecessor-version":[{"id":7598,"href":"https:\/\/usa-gv.com\/fr\/wp-json\/wp\/v2\/pages\/2464\/revisions\/7598"}],"wp:attachment":[{"href":"https:\/\/usa-gv.com\/fr\/wp-json\/wp\/v2\/media?parent=2464"}],"curies":[{"name":"wp","href":"https:\/\/api.w.org\/{rel}","templated":true}]}}