{"id":2460,"date":"2024-03-12T20:12:59","date_gmt":"2024-03-12T20:12:59","guid":{"rendered":"https:\/\/usa-gv.com\/?page_id=2460"},"modified":"2025-04-07T08:46:30","modified_gmt":"2025-04-07T08:46:30","slug":"verifier-validite-esta","status":"publish","type":"page","link":"https:\/\/usa-gv.com\/fr\/verifier-validite-esta\/","title":{"rendered":"V\u00e9rifier en ligne la validit\u00e9 d&rsquo;une ESTA"},"content":{"rendered":"\n<h1 class=\"wp-block-heading\">V\u00e9rifier la validit\u00e9 de son attestation ESTA<\/h1>\n\n\n\n<p>Avant d&#8217;embarquer pour les Etats Unis, les voyageurs munis d&rsquo;un ESTA doivent s&rsquo;assurer de sa validit\u00e9. Une autorisation ESTA \u00e0 une dur\u00e9e de validit\u00e9 fixe et peut perdre sa validit\u00e9 dans certaines conditions.<\/p>\n\n\n\n<p><strong>Pour faire une demande en quelques minutes<\/strong>, il suffit de cliquer sur <a href=\"https:\/\/usa-gv.com\/fr\/formulaire-esta-en-ligne\/\">formulaire ESTA en ligne<\/a>. <\/p>\n\n\n\n<div style=\"height:10px\" aria-hidden=\"true\" class=\"wp-block-spacer\"><\/div>\n\n\n\n<h2 class=\"wp-block-heading\">Quelle est la dur\u00e9e de validit\u00e9 de l&rsquo;ESTA<\/h2>\n\n\n\n<p>La <a href=\"https:\/\/usa-gv.com\/fr\/duree-validite-esta\/\">dur\u00e9e de validit\u00e9 d\u2019une ESTA<\/a> est de 2 ans. L&rsquo;autorisation de voyage permet d&rsquo;effectuer plusieurs voyages au cours de ces deux ann\u00e9es.<\/p>\n\n\n\n<p><strong>Deux exceptions<\/strong> : Le Brunei et la Hongrie sont deux pays membres du <a href=\"https:\/\/usa-gv.com\/fr\/visa-waiver-program-usa\/\">Visa Waiver Program<\/a>.  Depuis 2023, leur ressortissants n&rsquo;ont plus acc\u00e8s qu&rsquo;\u00e0 une ESTA ayant une dur\u00e9e de validit\u00e9 de 1 an.<\/p>\n\n\n\n<h2 class=\"wp-block-heading\">Dans quelles situations la dur\u00e9e de validit\u00e9 de l\u2019ESTA est diff\u00e9rente ?<\/h2>\n\n\n\n<p>Dans certaines situations, la dur\u00e9e initiale de validit\u00e9 de l\u2019ESTA de deux ans sera r\u00e9duite. Voici les principaux cas :<\/p>\n\n\n\n<ul class=\"wp-block-list\">\n<li><strong>Passeport expir\u00e9<\/strong> : L&rsquo;autorisation ESTA du voyageur est rattach\u00e9e \u00e0 son <a href=\"https:\/\/usa-gv.com\/fr\/passeport-pour-les-usa\/\">passeport utilis\u00e9 pour les USA<\/a>. Lorsque le passeport ayant servi \u00e0 obtenir l&rsquo;ESTA expire, alors l&rsquo;autorisation ESTA n&rsquo;est plus valide, m\u00eame si sa date initiale de validit\u00e9 n&rsquo;est pas atteinte ;<\/li>\n\n\n\n<li><strong>Changement d&rsquo;informations personnelles<\/strong> : Lorsque le d\u00e9tenteur d&rsquo;une autorisation de voyage ESTA change de nom, de sexe ou de nationalit\u00e9 au cours des deux ann\u00e9es de <a href=\"https:\/\/usa-gv.com\/fr\/duree-validite-esta\/\">validit\u00e9 de l&rsquo;ESTA<\/a>, l&rsquo;autorisation n&rsquo;est plus valide. Le voyageur doit <a href=\"https:\/\/usa-gv.com\/fr\/esta-renouvellement\/\">renouveler son ESTA<\/a>.<\/li>\n\n\n\n<li><strong>Changement de situation<\/strong> : Dans le cadre d&rsquo;une demande ESTA, le voyageur a r\u00e9pondu par OUI ou par NON aux questions du formulaire concernant sa sant\u00e9 et son pass\u00e9 judiciaire. Si sa situation personnelle a chang\u00e9 depuis l&rsquo;obtention de l&rsquo;ESTA, Il doit <a href=\"https:\/\/usa-gv.com\/fr\/mise-a-jour-esta\/\">mettre \u00e0 jour son ESTA<\/a>. Si les modifications de sa situation concernent les questions de responsabilit\u00e9 du formulaire, il devra refaire une nouvelle demande ESTA.<\/li>\n<\/ul>\n\n\n\n<h2 class=\"wp-block-heading\">Comment v\u00e9rifier la validit\u00e9 de son ESTA<\/h2>\n\n\n\n<p>Pour v\u00e9rifier le statut d&rsquo;une autorisation ESTA il faut aller sur le <a href=\"https:\/\/usa-gv.com\/fr\/esta-site-web-officiel\/\">site web officiel ESTA<\/a>. Ensuite, il suffit de cliquer sur le lien du menu : <strong>v\u00e9rification du statut de votre ESTA<\/strong>.<\/p>\n\n\n\n<p>Le formulaire de v\u00e9rification n\u00e9cessite de renseigner : Le num\u00e9ro de passeport et la date de naissance du d\u00e9tenteur de l&rsquo;ESTA. Ensuite, il faut renseigner au choix :<\/p>\n\n\n\n<ul class=\"wp-block-list\">\n<li>Le num\u00e9ro de la demande ESTA<\/li>\n\n\n\n<li>Ou le pays de citoyennet\u00e9, la date de d\u00e9livrance et la date d\u2019expiration du passeport.<\/li>\n<\/ul>\n\n\n\n<div style=\"height:10px\" aria-hidden=\"true\" class=\"wp-block-spacer\"><\/div>\n\n\n\n<p>En renseignant ces informations provenant des <a href=\"https:\/\/usa-gv.com\/fr\/documents-voyage-etats-unis\/\">documents personnels de voyage<\/a>, vous r\u00e9cup\u00e9rez le statut de la demande ESTA : <\/p>\n\n\n\n<ul class=\"wp-block-list\">\n<li>ESTA approuv\u00e9 ;<\/li>\n\n\n\n<li><a href=\"https:\/\/usa-gv.com\/fr\/demande-esta-en-attente\/\">ESTA en attente<\/a> ;<\/li>\n\n\n\n<li><a href=\"https:\/\/usa-gv.com\/fr\/esta-refus\/\">ESTA refus\u00e9<\/a> ;<\/li>\n\n\n\n<li>ESTA expir\u00e9.<\/li>\n<\/ul>\n\n\n\n<h2 class=\"wp-block-heading\">Image de la page en ligne pour v\u00e9rifier son ESTA<\/h2>\n\n\n\n<figure class=\"wp-block-image size-large\"><img fetchpriority=\"high\" decoding=\"async\" width=\"1024\" height=\"627\" src=\"https:\/\/usa-gv.com\/wp-content\/uploads\/2024\/04\/verifier-esta-FR-1024x627.jpg\" alt=\"V\u00e9rifier la validit\u00e9 de son autorisation ESTA\" class=\"wp-image-3670\" srcset=\"https:\/\/usa-gv.com\/wp-content\/uploads\/2024\/04\/verifier-esta-FR-1024x627.jpg 1024w, https:\/\/usa-gv.com\/wp-content\/uploads\/2024\/04\/verifier-esta-FR-300x184.jpg 300w, https:\/\/usa-gv.com\/wp-content\/uploads\/2024\/04\/verifier-esta-FR-768x470.jpg 768w, https:\/\/usa-gv.com\/wp-content\/uploads\/2024\/04\/verifier-esta-FR.jpg 1214w\" sizes=\"(max-width: 1024px) 100vw, 1024px\" \/><figcaption class=\"wp-element-caption\">Formulaire de v\u00e9rification du statut de son ESTA<\/figcaption><\/figure>\n","protected":false},"excerpt":{"rendered":"<p>V\u00e9rifier la validit\u00e9 de son attestation ESTA Avant d&#8217;embarquer pour les Etats Unis, les voyageurs munis d&rsquo;un ESTA doivent s&rsquo;assurer de sa validit\u00e9. Une autorisation ESTA \u00e0 une dur\u00e9e de validit\u00e9 fixe et peut perdre sa validit\u00e9 dans certaines conditions. Pour faire une demande en quelques minutes, il suffit de cliquer sur formulaire ESTA en [&hellip;]<\/p>\n","protected":false},"author":1,"featured_media":0,"parent":0,"menu_order":0,"comment_status":"closed","ping_status":"closed","template":"","meta":{"footnotes":""},"class_list":["post-2460","page","type-page","status-publish","hentry"],"yoast_head":"<!-- This site is optimized with the Yoast SEO plugin v26.6 - https:\/\/yoast.com\/wordpress\/plugins\/seo\/ -->\n<title>V\u00e9rifier en ligne la validit\u00e9 d&#039;une ESTA - USA-GV.COM<\/title>\n<meta name=\"description\" content=\"Comment v\u00e9rifier en ligne en quelques minutes la validit\u00e9 de son autorisation ESTA avant de voyager vers les Etats Unis\" \/>\n<meta name=\"robots\" content=\"index, follow, max-snippet:-1, max-image-preview:large, max-video-preview:-1\" \/>\n<link rel=\"canonical\" href=\"https:\/\/usa-gv.com\/fr\/verifier-validite-esta\/\" \/>\n<meta property=\"og:locale\" content=\"fr_FR\" \/>\n<meta property=\"og:type\" content=\"article\" \/>\n<meta property=\"og:title\" content=\"V\u00e9rifier en ligne la validit\u00e9 d&#039;une ESTA - USA-GV.COM\" \/>\n<meta property=\"og:description\" content=\"Comment v\u00e9rifier en ligne en quelques minutes la validit\u00e9 de son autorisation ESTA avant de voyager vers les Etats Unis\" \/>\n<meta property=\"og:url\" content=\"https:\/\/usa-gv.com\/fr\/verifier-validite-esta\/\" \/>\n<meta property=\"og:site_name\" content=\"USA-GV.COM\" \/>\n<meta property=\"article:modified_time\" content=\"2025-04-07T08:46:30+00:00\" \/>\n<meta property=\"og:image\" content=\"https:\/\/usa-gv.com\/wp-content\/uploads\/2024\/04\/verifier-esta-FR-1024x627.jpg\" \/>\n<meta name=\"twitter:card\" content=\"summary_large_image\" \/>\n<meta name=\"twitter:label1\" content=\"Dur\u00e9e de lecture estim\u00e9e\" \/>\n\t<meta name=\"twitter:data1\" content=\"3 minutes\" \/>\n<script type=\"application\/ld+json\" class=\"yoast-schema-graph\">{\"@context\":\"https:\/\/schema.org\",\"@graph\":[{\"@type\":\"WebPage\",\"@id\":\"https:\/\/usa-gv.com\/fr\/verifier-validite-esta\/\",\"url\":\"https:\/\/usa-gv.com\/fr\/verifier-validite-esta\/\",\"name\":\"V\u00e9rifier en ligne la validit\u00e9 d'une ESTA - USA-GV.COM\",\"isPartOf\":{\"@id\":\"https:\/\/usa-gv.com\/fr\/#website\"},\"primaryImageOfPage\":{\"@id\":\"https:\/\/usa-gv.com\/fr\/verifier-validite-esta\/#primaryimage\"},\"image\":{\"@id\":\"https:\/\/usa-gv.com\/fr\/verifier-validite-esta\/#primaryimage\"},\"thumbnailUrl\":\"https:\/\/usa-gv.com\/wp-content\/uploads\/2024\/04\/verifier-esta-FR-1024x627.jpg\",\"datePublished\":\"2024-03-12T20:12:59+00:00\",\"dateModified\":\"2025-04-07T08:46:30+00:00\",\"description\":\"Comment v\u00e9rifier en ligne en quelques minutes la validit\u00e9 de son autorisation ESTA avant de voyager vers les Etats Unis\",\"breadcrumb\":{\"@id\":\"https:\/\/usa-gv.com\/fr\/verifier-validite-esta\/#breadcrumb\"},\"inLanguage\":\"fr-FR\",\"potentialAction\":[{\"@type\":\"ReadAction\",\"target\":[\"https:\/\/usa-gv.com\/fr\/verifier-validite-esta\/\"]}]},{\"@type\":\"ImageObject\",\"inLanguage\":\"fr-FR\",\"@id\":\"https:\/\/usa-gv.com\/fr\/verifier-validite-esta\/#primaryimage\",\"url\":\"https:\/\/usa-gv.com\/wp-content\/uploads\/2024\/04\/verifier-esta-FR-1024x627.jpg\",\"contentUrl\":\"https:\/\/usa-gv.com\/wp-content\/uploads\/2024\/04\/verifier-esta-FR-1024x627.jpg\"},{\"@type\":\"BreadcrumbList\",\"@id\":\"https:\/\/usa-gv.com\/fr\/verifier-validite-esta\/#breadcrumb\",\"itemListElement\":[{\"@type\":\"ListItem\",\"position\":1,\"name\":\"Home\",\"item\":\"https:\/\/usa-gv.com\/fr\/\"},{\"@type\":\"ListItem\",\"position\":2,\"name\":\"V\u00e9rifier en ligne la validit\u00e9 d&rsquo;une ESTA\"}]},{\"@type\":\"WebSite\",\"@id\":\"https:\/\/usa-gv.com\/fr\/#website\",\"url\":\"https:\/\/usa-gv.com\/fr\/\",\"name\":\"USA-GV.COM\",\"description\":\"\",\"potentialAction\":[{\"@type\":\"SearchAction\",\"target\":{\"@type\":\"EntryPoint\",\"urlTemplate\":\"https:\/\/usa-gv.com\/fr\/?s={search_term_string}\"},\"query-input\":{\"@type\":\"PropertyValueSpecification\",\"valueRequired\":true,\"valueName\":\"search_term_string\"}}],\"inLanguage\":\"fr-FR\"}]}<\/script>\n<!-- \/ Yoast SEO plugin. -->","yoast_head_json":{"title":"V\u00e9rifier en ligne la validit\u00e9 d'une ESTA - USA-GV.COM","description":"Comment v\u00e9rifier en ligne en quelques minutes la validit\u00e9 de son autorisation ESTA avant de voyager vers les Etats Unis","robots":{"index":"index","follow":"follow","max-snippet":"max-snippet:-1","max-image-preview":"max-image-preview:large","max-video-preview":"max-video-preview:-1"},"canonical":"https:\/\/usa-gv.com\/fr\/verifier-validite-esta\/","og_locale":"fr_FR","og_type":"article","og_title":"V\u00e9rifier en ligne la validit\u00e9 d'une ESTA - USA-GV.COM","og_description":"Comment v\u00e9rifier en ligne en quelques minutes la validit\u00e9 de son autorisation ESTA avant de voyager vers les Etats Unis","og_url":"https:\/\/usa-gv.com\/fr\/verifier-validite-esta\/","og_site_name":"USA-GV.COM","article_modified_time":"2025-04-07T08:46:30+00:00","og_image":[{"url":"https:\/\/usa-gv.com\/wp-content\/uploads\/2024\/04\/verifier-esta-FR-1024x627.jpg","type":"","width":"","height":""}],"twitter_card":"summary_large_image","twitter_misc":{"Dur\u00e9e de lecture estim\u00e9e":"3 minutes"},"schema":{"@context":"https:\/\/schema.org","@graph":[{"@type":"WebPage","@id":"https:\/\/usa-gv.com\/fr\/verifier-validite-esta\/","url":"https:\/\/usa-gv.com\/fr\/verifier-validite-esta\/","name":"V\u00e9rifier en ligne la validit\u00e9 d'une ESTA - USA-GV.COM","isPartOf":{"@id":"https:\/\/usa-gv.com\/fr\/#website"},"primaryImageOfPage":{"@id":"https:\/\/usa-gv.com\/fr\/verifier-validite-esta\/#primaryimage"},"image":{"@id":"https:\/\/usa-gv.com\/fr\/verifier-validite-esta\/#primaryimage"},"thumbnailUrl":"https:\/\/usa-gv.com\/wp-content\/uploads\/2024\/04\/verifier-esta-FR-1024x627.jpg","datePublished":"2024-03-12T20:12:59+00:00","dateModified":"2025-04-07T08:46:30+00:00","description":"Comment v\u00e9rifier en ligne en quelques minutes la validit\u00e9 de son autorisation ESTA avant de voyager vers les Etats Unis","breadcrumb":{"@id":"https:\/\/usa-gv.com\/fr\/verifier-validite-esta\/#breadcrumb"},"inLanguage":"fr-FR","potentialAction":[{"@type":"ReadAction","target":["https:\/\/usa-gv.com\/fr\/verifier-validite-esta\/"]}]},{"@type":"ImageObject","inLanguage":"fr-FR","@id":"https:\/\/usa-gv.com\/fr\/verifier-validite-esta\/#primaryimage","url":"https:\/\/usa-gv.com\/wp-content\/uploads\/2024\/04\/verifier-esta-FR-1024x627.jpg","contentUrl":"https:\/\/usa-gv.com\/wp-content\/uploads\/2024\/04\/verifier-esta-FR-1024x627.jpg"},{"@type":"BreadcrumbList","@id":"https:\/\/usa-gv.com\/fr\/verifier-validite-esta\/#breadcrumb","itemListElement":[{"@type":"ListItem","position":1,"name":"Home","item":"https:\/\/usa-gv.com\/fr\/"},{"@type":"ListItem","position":2,"name":"V\u00e9rifier en ligne la validit\u00e9 d&rsquo;une ESTA"}]},{"@type":"WebSite","@id":"https:\/\/usa-gv.com\/fr\/#website","url":"https:\/\/usa-gv.com\/fr\/","name":"USA-GV.COM","description":"","potentialAction":[{"@type":"SearchAction","target":{"@type":"EntryPoint","urlTemplate":"https:\/\/usa-gv.com\/fr\/?s={search_term_string}"},"query-input":{"@type":"PropertyValueSpecification","valueRequired":true,"valueName":"search_term_string"}}],"inLanguage":"fr-FR"}]}},"_links":{"self":[{"href":"https:\/\/usa-gv.com\/fr\/wp-json\/wp\/v2\/pages\/2460","targetHints":{"allow":["GET"]}}],"collection":[{"href":"https:\/\/usa-gv.com\/fr\/wp-json\/wp\/v2\/pages"}],"about":[{"href":"https:\/\/usa-gv.com\/fr\/wp-json\/wp\/v2\/types\/page"}],"author":[{"embeddable":true,"href":"https:\/\/usa-gv.com\/fr\/wp-json\/wp\/v2\/users\/1"}],"replies":[{"embeddable":true,"href":"https:\/\/usa-gv.com\/fr\/wp-json\/wp\/v2\/comments?post=2460"}],"version-history":[{"count":1,"href":"https:\/\/usa-gv.com\/fr\/wp-json\/wp\/v2\/pages\/2460\/revisions"}],"predecessor-version":[{"id":7714,"href":"https:\/\/usa-gv.com\/fr\/wp-json\/wp\/v2\/pages\/2460\/revisions\/7714"}],"wp:attachment":[{"href":"https:\/\/usa-gv.com\/fr\/wp-json\/wp\/v2\/media?parent=2460"}],"curies":[{"name":"wp","href":"https:\/\/api.w.org\/{rel}","templated":true}]}}