{"id":2454,"date":"2024-03-12T20:06:24","date_gmt":"2024-03-12T20:06:24","guid":{"rendered":"https:\/\/usa-gv.com\/?page_id=2454"},"modified":"2025-04-07T08:45:05","modified_gmt":"2025-04-07T08:45:05","slug":"duree-validite-esta","status":"publish","type":"page","link":"https:\/\/usa-gv.com\/fr\/duree-validite-esta\/","title":{"rendered":"La dur\u00e9e de validit\u00e9 de l&rsquo;ESTA"},"content":{"rendered":"\n<h1 class=\"wp-block-heading\">Quelle est la dur\u00e9e de validit\u00e9 d&rsquo;une ESTA<\/h1>\n\n\n\n<p>Une autorisation ESTA est valable pendant deux ans \u00e0 compter de la date d\u2019approbation. Pour renouveler ou effectuer une premi\u00e8re demande d\u2019autorisation de voyage pour les \u00c9tats-Unis, il vous suffit de remplir le formulaire ESTA en ligne.<\/p>\n\n\n\n<h2 class=\"wp-block-heading\">Dur\u00e9e de validit\u00e9 d\u2019une autorisation ESTA<\/h2>\n\n\n\n<p>L\u2019ESTA est initialement valide pour une p\u00e9riode de 2 ans. Pendant cette p\u00e9riode, les voyageurs peuvent effectuer plusieurs voyages aux \u00c9tats-Unis sans avoir \u00e0 soumettre une nouvelle demande \u00e0 chaque fois. Cependant, il est crucial de <a href=\"https:\/\/usa-gv.com\/fr\/verifier-validite-esta\/\">v\u00e9rifier la validit\u00e9 d&rsquo;une ESTA<\/a> avant chaque voyage aux \u00c9tats-Unis.<\/p>\n\n\n\n<p>Depuis l&rsquo;\u00e9t\u00e9 2023, la dur\u00e9e maximale de validit\u00e9 a \u00e9t\u00e9 r\u00e9duite \u00e0 1 an pour deux pays membres du <a href=\"https:\/\/usa-gv.com\/fr\/visa-waiver-program-usa\/\">Visa Waiver Program<\/a> : le Brunei et la Hongrie. Plus de d\u00e9tails sont fournis ci-dessous.<\/p>\n\n\n\n<h2 class=\"wp-block-heading\">Pays avec une dur\u00e9e de validit\u00e9 d&rsquo;une ESTA r\u00e9duite<\/h2>\n\n\n\n<p>Les ressortissants des pays membres du programme d\u2019exemption de visa am\u00e9ricain b\u00e9n\u00e9ficient g\u00e9n\u00e9ralement d\u2019une p\u00e9riode de validit\u00e9 maximale de 2 ans pour une ESTA. Cependant, depuis 2023, il existe des exceptions :<\/p>\n\n\n\n<ul class=\"wp-block-list\">\n<li><strong>Depuis le 6 juillet 2023<\/strong> : Les citoyens de Brunei utilisant un passeport de Brunei ont une dur\u00e9e de validit\u00e9 maximale de leur ESTA r\u00e9duite \u00e0 1 an.<\/li>\n\n\n\n<li><strong>Depuis le 1er ao\u00fbt 2023<\/strong> : Les citoyens hongrois utilisant un passeport hongrois ont \u00e9galement une p\u00e9riode de validit\u00e9 maximale de leur ESTA r\u00e9duite \u00e0 1 an.<\/li>\n<\/ul>\n\n\n\n<div style=\"height:10px\" aria-hidden=\"true\" class=\"wp-block-spacer\"><\/div>\n\n\n\n<h2 class=\"wp-block-heading\">Conditions de r\u00e9duction de la dur\u00e9e de validit\u00e9 de l\u2019ESTA<\/h2>\n\n\n\n<p>La dur\u00e9e de validit\u00e9 de l\u2019ESTA peut \u00eatre r\u00e9duite dans les cas suivants :<\/p>\n\n\n\n<ul class=\"wp-block-list\">\n<li><strong>Expiration du passeport<\/strong> : Une autorisation ESTA est li\u00e9e \u00e0 un <a href=\"https:\/\/usa-gv.com\/fr\/passeport-pour-les-usa\/\">passeport valide pour les USA<\/a>. Si votre passeport expire pendant ces deux ans, votre ESTA ne sera plus valide et vous devrez compl\u00e9ter une <a href=\"https:\/\/usa-gv.com\/fr\/comment-faire-une-demande-esta\/\">nouvelle demande ESTA<\/a>.<\/li>\n\n\n\n<li><strong>Changement d\u2019informations personnelles<\/strong> : Si vous changez de nom, de sexe, ou de nationalit\u00e9 au cours de ces deux ans, une nouvelle demande ESTA est n\u00e9cessaire car les informations personnelles ne seront plus \u00e0 jour.<\/li>\n\n\n\n<li><strong>Changement dans les r\u00e9ponses aux questions<\/strong> : Si les r\u00e9ponses aux <a href=\"https:\/\/usa-gv.com\/fr\/questions-formulaire-esta\/\">questions ESTA<\/a> d\u2019ordre personnel (sant\u00e9, pass\u00e9 judiciaire, comportement) changent, une nouvelle demande ESTA est \u00e9galement requise.<\/li>\n<\/ul>\n\n\n\n<div style=\"height:10px\" aria-hidden=\"true\" class=\"wp-block-spacer\"><\/div>\n\n\n\n<h2 class=\"wp-block-heading\">Dur\u00e9e de s\u00e9jour autoris\u00e9e avec une ESTA<\/h2>\n\n\n\n<p>Bien qu\u2019une autorisation ESTA soit valide pendant deux ans, elle ne permet pas de rester aux \u00c9tats-Unis pendant 24 mois cons\u00e9cutifs. Chaque s\u00e9jour est limit\u00e9 \u00e0 un maximum de 90 jours. Pour des s\u00e9jours de plus de 90 jours, un <a href=\"https:\/\/usa-gv.com\/fr\/visa-touristique-usa\/\">visa touristique am\u00e9ricain<\/a> ou une Green Card seront n\u00e9cessaires.<\/p>\n\n\n\n<h2 class=\"wp-block-heading\">Expiration d&rsquo;une ESTA pendant un s\u00e9jour aux \u00c9tats-Unis<\/h2>\n\n\n\n<p>Si votre ESTA expire pendant votre s\u00e9jour aux \u00c9tats-Unis, vous pouvez rester jusqu\u2019\u00e0 la fin de votre s\u00e9jour pr\u00e9vu sans souci, \u00e0 condition de ne pas d\u00e9passer les 90 jours autoris\u00e9s. Vous n\u2019aurez aucun probl\u00e8me pour quitter le territoire am\u00e9ricain tant que vous respectez cette limite de temps.<\/p>\n\n\n\n<p><\/p>\n","protected":false},"excerpt":{"rendered":"<p>Quelle est la dur\u00e9e de validit\u00e9 d&rsquo;une ESTA Une autorisation ESTA est valable pendant deux ans \u00e0 compter de la date d\u2019approbation. Pour renouveler ou effectuer une premi\u00e8re demande d\u2019autorisation de voyage pour les \u00c9tats-Unis, il vous suffit de remplir le formulaire ESTA en ligne. Dur\u00e9e de validit\u00e9 d\u2019une autorisation ESTA L\u2019ESTA est initialement valide [&hellip;]<\/p>\n","protected":false},"author":1,"featured_media":0,"parent":0,"menu_order":0,"comment_status":"closed","ping_status":"closed","template":"","meta":{"footnotes":""},"class_list":["post-2454","page","type-page","status-publish","hentry"],"yoast_head":"<!-- This site is optimized with the Yoast SEO plugin v26.6 - https:\/\/yoast.com\/wordpress\/plugins\/seo\/ -->\n<title>La dur\u00e9e de validit\u00e9 de l&#039;ESTA - USA-GV.COM<\/title>\n<meta name=\"description\" content=\"D\u00e9couvrez quelle est la dur\u00e9e de validit\u00e9 de l&#039;autorisation ESTA pour s\u00e9journer aux Etats Unis\" \/>\n<meta name=\"robots\" content=\"index, follow, max-snippet:-1, max-image-preview:large, max-video-preview:-1\" \/>\n<link rel=\"canonical\" href=\"https:\/\/usa-gv.com\/fr\/duree-validite-esta\/\" \/>\n<meta property=\"og:locale\" content=\"fr_FR\" \/>\n<meta property=\"og:type\" content=\"article\" \/>\n<meta property=\"og:title\" content=\"La dur\u00e9e de validit\u00e9 de l&#039;ESTA - USA-GV.COM\" \/>\n<meta property=\"og:description\" content=\"D\u00e9couvrez quelle est la dur\u00e9e de validit\u00e9 de l&#039;autorisation ESTA pour s\u00e9journer aux Etats Unis\" \/>\n<meta property=\"og:url\" content=\"https:\/\/usa-gv.com\/fr\/duree-validite-esta\/\" \/>\n<meta property=\"og:site_name\" content=\"USA-GV.COM\" \/>\n<meta property=\"article:modified_time\" content=\"2025-04-07T08:45:05+00:00\" \/>\n<meta name=\"twitter:card\" content=\"summary_large_image\" \/>\n<meta name=\"twitter:label1\" content=\"Dur\u00e9e de lecture estim\u00e9e\" \/>\n\t<meta name=\"twitter:data1\" content=\"3 minutes\" \/>\n<script type=\"application\/ld+json\" class=\"yoast-schema-graph\">{\"@context\":\"https:\/\/schema.org\",\"@graph\":[{\"@type\":\"WebPage\",\"@id\":\"https:\/\/usa-gv.com\/fr\/duree-validite-esta\/\",\"url\":\"https:\/\/usa-gv.com\/fr\/duree-validite-esta\/\",\"name\":\"La dur\u00e9e de validit\u00e9 de l'ESTA - USA-GV.COM\",\"isPartOf\":{\"@id\":\"https:\/\/usa-gv.com\/fr\/#website\"},\"datePublished\":\"2024-03-12T20:06:24+00:00\",\"dateModified\":\"2025-04-07T08:45:05+00:00\",\"description\":\"D\u00e9couvrez quelle est la dur\u00e9e de validit\u00e9 de l'autorisation ESTA pour s\u00e9journer aux Etats Unis\",\"breadcrumb\":{\"@id\":\"https:\/\/usa-gv.com\/fr\/duree-validite-esta\/#breadcrumb\"},\"inLanguage\":\"fr-FR\",\"potentialAction\":[{\"@type\":\"ReadAction\",\"target\":[\"https:\/\/usa-gv.com\/fr\/duree-validite-esta\/\"]}]},{\"@type\":\"BreadcrumbList\",\"@id\":\"https:\/\/usa-gv.com\/fr\/duree-validite-esta\/#breadcrumb\",\"itemListElement\":[{\"@type\":\"ListItem\",\"position\":1,\"name\":\"Home\",\"item\":\"https:\/\/usa-gv.com\/fr\/\"},{\"@type\":\"ListItem\",\"position\":2,\"name\":\"La dur\u00e9e de validit\u00e9 de l&rsquo;ESTA\"}]},{\"@type\":\"WebSite\",\"@id\":\"https:\/\/usa-gv.com\/fr\/#website\",\"url\":\"https:\/\/usa-gv.com\/fr\/\",\"name\":\"USA-GV.COM\",\"description\":\"\",\"potentialAction\":[{\"@type\":\"SearchAction\",\"target\":{\"@type\":\"EntryPoint\",\"urlTemplate\":\"https:\/\/usa-gv.com\/fr\/?s={search_term_string}\"},\"query-input\":{\"@type\":\"PropertyValueSpecification\",\"valueRequired\":true,\"valueName\":\"search_term_string\"}}],\"inLanguage\":\"fr-FR\"}]}<\/script>\n<!-- \/ Yoast SEO plugin. -->","yoast_head_json":{"title":"La dur\u00e9e de validit\u00e9 de l'ESTA - USA-GV.COM","description":"D\u00e9couvrez quelle est la dur\u00e9e de validit\u00e9 de l'autorisation ESTA pour s\u00e9journer aux Etats Unis","robots":{"index":"index","follow":"follow","max-snippet":"max-snippet:-1","max-image-preview":"max-image-preview:large","max-video-preview":"max-video-preview:-1"},"canonical":"https:\/\/usa-gv.com\/fr\/duree-validite-esta\/","og_locale":"fr_FR","og_type":"article","og_title":"La dur\u00e9e de validit\u00e9 de l'ESTA - USA-GV.COM","og_description":"D\u00e9couvrez quelle est la dur\u00e9e de validit\u00e9 de l'autorisation ESTA pour s\u00e9journer aux Etats Unis","og_url":"https:\/\/usa-gv.com\/fr\/duree-validite-esta\/","og_site_name":"USA-GV.COM","article_modified_time":"2025-04-07T08:45:05+00:00","twitter_card":"summary_large_image","twitter_misc":{"Dur\u00e9e de lecture estim\u00e9e":"3 minutes"},"schema":{"@context":"https:\/\/schema.org","@graph":[{"@type":"WebPage","@id":"https:\/\/usa-gv.com\/fr\/duree-validite-esta\/","url":"https:\/\/usa-gv.com\/fr\/duree-validite-esta\/","name":"La dur\u00e9e de validit\u00e9 de l'ESTA - USA-GV.COM","isPartOf":{"@id":"https:\/\/usa-gv.com\/fr\/#website"},"datePublished":"2024-03-12T20:06:24+00:00","dateModified":"2025-04-07T08:45:05+00:00","description":"D\u00e9couvrez quelle est la dur\u00e9e de validit\u00e9 de l'autorisation ESTA pour s\u00e9journer aux Etats Unis","breadcrumb":{"@id":"https:\/\/usa-gv.com\/fr\/duree-validite-esta\/#breadcrumb"},"inLanguage":"fr-FR","potentialAction":[{"@type":"ReadAction","target":["https:\/\/usa-gv.com\/fr\/duree-validite-esta\/"]}]},{"@type":"BreadcrumbList","@id":"https:\/\/usa-gv.com\/fr\/duree-validite-esta\/#breadcrumb","itemListElement":[{"@type":"ListItem","position":1,"name":"Home","item":"https:\/\/usa-gv.com\/fr\/"},{"@type":"ListItem","position":2,"name":"La dur\u00e9e de validit\u00e9 de l&rsquo;ESTA"}]},{"@type":"WebSite","@id":"https:\/\/usa-gv.com\/fr\/#website","url":"https:\/\/usa-gv.com\/fr\/","name":"USA-GV.COM","description":"","potentialAction":[{"@type":"SearchAction","target":{"@type":"EntryPoint","urlTemplate":"https:\/\/usa-gv.com\/fr\/?s={search_term_string}"},"query-input":{"@type":"PropertyValueSpecification","valueRequired":true,"valueName":"search_term_string"}}],"inLanguage":"fr-FR"}]}},"_links":{"self":[{"href":"https:\/\/usa-gv.com\/fr\/wp-json\/wp\/v2\/pages\/2454","targetHints":{"allow":["GET"]}}],"collection":[{"href":"https:\/\/usa-gv.com\/fr\/wp-json\/wp\/v2\/pages"}],"about":[{"href":"https:\/\/usa-gv.com\/fr\/wp-json\/wp\/v2\/types\/page"}],"author":[{"embeddable":true,"href":"https:\/\/usa-gv.com\/fr\/wp-json\/wp\/v2\/users\/1"}],"replies":[{"embeddable":true,"href":"https:\/\/usa-gv.com\/fr\/wp-json\/wp\/v2\/comments?post=2454"}],"version-history":[{"count":1,"href":"https:\/\/usa-gv.com\/fr\/wp-json\/wp\/v2\/pages\/2454\/revisions"}],"predecessor-version":[{"id":7554,"href":"https:\/\/usa-gv.com\/fr\/wp-json\/wp\/v2\/pages\/2454\/revisions\/7554"}],"wp:attachment":[{"href":"https:\/\/usa-gv.com\/fr\/wp-json\/wp\/v2\/media?parent=2454"}],"curies":[{"name":"wp","href":"https:\/\/api.w.org\/{rel}","templated":true}]}}