{"id":2446,"date":"2024-03-12T18:55:40","date_gmt":"2024-03-12T18:55:40","guid":{"rendered":"https:\/\/usa-gv.com\/?page_id=2446"},"modified":"2025-04-07T08:45:42","modified_gmt":"2025-04-07T08:45:42","slug":"passeport-pour-les-usa","status":"publish","type":"page","link":"https:\/\/usa-gv.com\/fr\/passeport-pour-les-usa\/","title":{"rendered":"Passeports accept\u00e9s pour voyager aux USA"},"content":{"rendered":"\n<h1 class=\"wp-block-heading\">Quel passeport faut-il pour voyager aux Etats Unis<\/h1>\n\n\n\n<p>Les \u00c9tats-Unis imposent certaines conditions concernant le type de passeport des voyageurs d\u00e9sirant entrer sur leur territoire dans le cadre du <a href=\"https:\/\/usa-gv.com\/fr\/visa-waiver-program-usa\/\">programme d&rsquo;exemption de visa<\/a>. Voici les caract\u00e9ristiques exig\u00e9es par l&rsquo;administration am\u00e9ricaine pour le passeport dans le cadre d&rsquo;une <a href=\"https:\/\/usa-gv.com\/fr\/formulaire-esta-en-ligne\/\">demande ESTA en ligne<\/a> pour les Etats Unis :<\/p>\n\n\n\n<ul class=\"wp-block-list\">\n<li>Le voyageur doit avoir un passeport biom\u00e9trique ou \u00e9lectronique ;<\/li>\n\n\n\n<li>La date de validit\u00e9 du passeport doit \u00eatre valide pour une p\u00e9riode de 6 mois au-del\u00e0 de la date pr\u00e9vue de leur d\u00e9part des \u00c9tats-Unis.<\/li>\n<\/ul>\n\n\n\n<div style=\"height:10px\" aria-hidden=\"true\" class=\"wp-block-spacer\"><\/div>\n\n\n\n<p><strong>A savoir<\/strong> : La dur\u00e9e de validit\u00e9 du passeport peut avoir un impact sur la <a href=\"https:\/\/usa-gv.com\/fr\/duree-validite-esta\/\">dur\u00e9e de validit\u00e9 de l&rsquo;ESTA<\/a>. En effet, lorsqu&rsquo;un passeport atteint sa date de validit\u00e9, l&rsquo;autorisation ESTA obtenue avec le passeport n&rsquo;est plus valable. Le voyageur devra <a href=\"https:\/\/usa-gv.com\/fr\/esta-renouvellement\/\">renouveler son ESTA<\/a> lorsqu&rsquo;il aura obtenu son nouveau passeport.<\/p>\n\n\n\n<h2 class=\"wp-block-heading\">Qu&rsquo;est ce qu&rsquo;un passeport biom\u00e9trique ?<\/h2>\n\n\n\n<p>Le passeport biom\u00e9trique est une \u00e9volution technologique majeure dans la s\u00e9curisation des <a href=\"https:\/\/usa-gv.com\/fr\/documents-voyage-etats-unis\/\">documents de voyage pour les USA<\/a>. Il contient une puce \u00e9lectronique o\u00f9 sont stock\u00e9es les donn\u00e9es biom\u00e9triques du d\u00e9tenteur du passeport. Les informations contenues par la puce \u00e9lectronique sont : <\/p>\n\n\n\n<ul class=\"wp-block-list\">\n<li>des informations d&rsquo;identit\u00e9, comme le nom, la date de naissance et le lieu de r\u00e9sidence ;<\/li>\n\n\n\n<li>des donn\u00e9es biom\u00e9triques, comme la photo faciale et les empreintes digitales.<\/li>\n<\/ul>\n\n\n\n<div style=\"height:10px\" aria-hidden=\"true\" class=\"wp-block-spacer\"><\/div>\n\n\n\n<p>Ce type de passeport vise \u00e0 <strong>renforcer la s\u00e9curit\u00e9 et \u00e0 r\u00e9duire les risques de fraude et de falsification<\/strong>.<\/p>\n\n\n\n<h2 class=\"wp-block-heading\">Quelle est la diff\u00e9rence entre un passeport biom\u00e9trique et un passeport \u00e9lectronique ?<\/h2>\n\n\n\n<p>Le terme passeport \u00e9lectronique est utilis\u00e9 pour d\u00e9signer un passeport qui int\u00e8gre des fonctionnalit\u00e9s \u00e9lectroniques pour stocker les donn\u00e9es d&rsquo;identification du porteur. Un passeport biom\u00e9trique est un passeport \u00e9lectronique. Cependant, dans certains pays, une distinction est faite en entre un passeport \u00e9lectronique et un passeport biom\u00e9trique qui poss\u00e8de des datas biom\u00e9triques sp\u00e9cifiques stock\u00e9es dans la puce.<\/p>\n\n\n\n<h2 class=\"wp-block-heading\">Comment savoir si un passeport est biom\u00e9trique ou \u00e9lectronique ?<\/h2>\n\n\n\n<p>Pour savoir si un passeport est biom\u00e9trique ou \u00e9lectronique, les autorit\u00e9s nationales impriment sur sa couverture un symbole dor\u00e9 repr\u00e9sentant un cercle entre deux lignes \u00e9paisses. Ce symbole est situ\u00e9 sous le mot PASSEPORT sur la couverture du passeport.<\/p>\n\n\n\n<h2 class=\"wp-block-heading\">Photo d&rsquo;un passeport \u00e9lectronique contenant des informations biom\u00e9triques<\/h2>\n\n\n\n<p>Voici une photo de la couverture d&rsquo;un passeport europ\u00e9en d\u00e9livr\u00e9 par la France. Ce passeport poss\u00e8de une puce \u00e9lectronique car le symbole dor\u00e9 repr\u00e9sentant un cercle avec des lignes est pr\u00e9sent en bas de la couverture du passeport.<\/p>\n\n\n\n<figure class=\"wp-block-image size-full is-resized\"><img fetchpriority=\"high\" decoding=\"async\" width=\"674\" height=\"988\" src=\"https:\/\/usa-gv.com\/wp-content\/uploads\/2024\/03\/Europe-passport.jpg\" alt=\"Couverture passeport \u00e9lectronique\" class=\"wp-image-3251\" style=\"width:840px;height:auto\" srcset=\"https:\/\/usa-gv.com\/wp-content\/uploads\/2024\/03\/Europe-passport.jpg 674w, https:\/\/usa-gv.com\/wp-content\/uploads\/2024\/03\/Europe-passport-205x300.jpg 205w\" sizes=\"(max-width: 674px) 100vw, 674px\" \/><\/figure>\n","protected":false},"excerpt":{"rendered":"<p>Quel passeport faut-il pour voyager aux Etats Unis Les \u00c9tats-Unis imposent certaines conditions concernant le type de passeport des voyageurs d\u00e9sirant entrer sur leur territoire dans le cadre du programme d&rsquo;exemption de visa. Voici les caract\u00e9ristiques exig\u00e9es par l&rsquo;administration am\u00e9ricaine pour le passeport dans le cadre d&rsquo;une demande ESTA en ligne pour les Etats Unis [&hellip;]<\/p>\n","protected":false},"author":1,"featured_media":0,"parent":0,"menu_order":0,"comment_status":"closed","ping_status":"closed","template":"","meta":{"footnotes":""},"class_list":["post-2446","page","type-page","status-publish","hentry"],"yoast_head":"<!-- This site is optimized with the Yoast SEO plugin v26.6 - https:\/\/yoast.com\/wordpress\/plugins\/seo\/ -->\n<title>Passeports accept\u00e9s pour voyager aux USA - USA-GV.COM<\/title>\n<meta name=\"description\" content=\"Pour voyager aux Etats Unis il est n\u00e9cessaire d&#039;\u00eatre en possession d&#039;un passeport valide et accept\u00e9 par l&#039;administration am\u00e9ricaine\" \/>\n<meta name=\"robots\" content=\"index, follow, max-snippet:-1, max-image-preview:large, max-video-preview:-1\" \/>\n<link rel=\"canonical\" href=\"https:\/\/usa-gv.com\/fr\/passeport-pour-les-usa\/\" \/>\n<meta property=\"og:locale\" content=\"fr_FR\" \/>\n<meta property=\"og:type\" content=\"article\" \/>\n<meta property=\"og:title\" content=\"Passeports accept\u00e9s pour voyager aux USA - USA-GV.COM\" \/>\n<meta property=\"og:description\" content=\"Pour voyager aux Etats Unis il est n\u00e9cessaire d&#039;\u00eatre en possession d&#039;un passeport valide et accept\u00e9 par l&#039;administration am\u00e9ricaine\" \/>\n<meta property=\"og:url\" content=\"https:\/\/usa-gv.com\/fr\/passeport-pour-les-usa\/\" \/>\n<meta property=\"og:site_name\" content=\"USA-GV.COM\" \/>\n<meta property=\"article:modified_time\" content=\"2025-04-07T08:45:42+00:00\" \/>\n<meta property=\"og:image\" content=\"https:\/\/usa-gv.com\/wp-content\/uploads\/2024\/03\/Europe-passport.jpg\" \/>\n<meta name=\"twitter:card\" content=\"summary_large_image\" \/>\n<meta name=\"twitter:label1\" content=\"Dur\u00e9e de lecture estim\u00e9e\" \/>\n\t<meta name=\"twitter:data1\" content=\"3 minutes\" \/>\n<script type=\"application\/ld+json\" class=\"yoast-schema-graph\">{\"@context\":\"https:\/\/schema.org\",\"@graph\":[{\"@type\":\"WebPage\",\"@id\":\"https:\/\/usa-gv.com\/fr\/passeport-pour-les-usa\/\",\"url\":\"https:\/\/usa-gv.com\/fr\/passeport-pour-les-usa\/\",\"name\":\"Passeports accept\u00e9s pour voyager aux USA - USA-GV.COM\",\"isPartOf\":{\"@id\":\"https:\/\/usa-gv.com\/fr\/#website\"},\"primaryImageOfPage\":{\"@id\":\"https:\/\/usa-gv.com\/fr\/passeport-pour-les-usa\/#primaryimage\"},\"image\":{\"@id\":\"https:\/\/usa-gv.com\/fr\/passeport-pour-les-usa\/#primaryimage\"},\"thumbnailUrl\":\"https:\/\/usa-gv.com\/wp-content\/uploads\/2024\/03\/Europe-passport.jpg\",\"datePublished\":\"2024-03-12T18:55:40+00:00\",\"dateModified\":\"2025-04-07T08:45:42+00:00\",\"description\":\"Pour voyager aux Etats Unis il est n\u00e9cessaire d'\u00eatre en possession d'un passeport valide et accept\u00e9 par l'administration am\u00e9ricaine\",\"breadcrumb\":{\"@id\":\"https:\/\/usa-gv.com\/fr\/passeport-pour-les-usa\/#breadcrumb\"},\"inLanguage\":\"fr-FR\",\"potentialAction\":[{\"@type\":\"ReadAction\",\"target\":[\"https:\/\/usa-gv.com\/fr\/passeport-pour-les-usa\/\"]}]},{\"@type\":\"ImageObject\",\"inLanguage\":\"fr-FR\",\"@id\":\"https:\/\/usa-gv.com\/fr\/passeport-pour-les-usa\/#primaryimage\",\"url\":\"https:\/\/usa-gv.com\/wp-content\/uploads\/2024\/03\/Europe-passport.jpg\",\"contentUrl\":\"https:\/\/usa-gv.com\/wp-content\/uploads\/2024\/03\/Europe-passport.jpg\"},{\"@type\":\"BreadcrumbList\",\"@id\":\"https:\/\/usa-gv.com\/fr\/passeport-pour-les-usa\/#breadcrumb\",\"itemListElement\":[{\"@type\":\"ListItem\",\"position\":1,\"name\":\"Home\",\"item\":\"https:\/\/usa-gv.com\/fr\/\"},{\"@type\":\"ListItem\",\"position\":2,\"name\":\"Passeports accept\u00e9s pour voyager aux USA\"}]},{\"@type\":\"WebSite\",\"@id\":\"https:\/\/usa-gv.com\/fr\/#website\",\"url\":\"https:\/\/usa-gv.com\/fr\/\",\"name\":\"USA-GV.COM\",\"description\":\"\",\"potentialAction\":[{\"@type\":\"SearchAction\",\"target\":{\"@type\":\"EntryPoint\",\"urlTemplate\":\"https:\/\/usa-gv.com\/fr\/?s={search_term_string}\"},\"query-input\":{\"@type\":\"PropertyValueSpecification\",\"valueRequired\":true,\"valueName\":\"search_term_string\"}}],\"inLanguage\":\"fr-FR\"}]}<\/script>\n<!-- \/ Yoast SEO plugin. -->","yoast_head_json":{"title":"Passeports accept\u00e9s pour voyager aux USA - USA-GV.COM","description":"Pour voyager aux Etats Unis il est n\u00e9cessaire d'\u00eatre en possession d'un passeport valide et accept\u00e9 par l'administration am\u00e9ricaine","robots":{"index":"index","follow":"follow","max-snippet":"max-snippet:-1","max-image-preview":"max-image-preview:large","max-video-preview":"max-video-preview:-1"},"canonical":"https:\/\/usa-gv.com\/fr\/passeport-pour-les-usa\/","og_locale":"fr_FR","og_type":"article","og_title":"Passeports accept\u00e9s pour voyager aux USA - USA-GV.COM","og_description":"Pour voyager aux Etats Unis il est n\u00e9cessaire d'\u00eatre en possession d'un passeport valide et accept\u00e9 par l'administration am\u00e9ricaine","og_url":"https:\/\/usa-gv.com\/fr\/passeport-pour-les-usa\/","og_site_name":"USA-GV.COM","article_modified_time":"2025-04-07T08:45:42+00:00","og_image":[{"url":"https:\/\/usa-gv.com\/wp-content\/uploads\/2024\/03\/Europe-passport.jpg","type":"","width":"","height":""}],"twitter_card":"summary_large_image","twitter_misc":{"Dur\u00e9e de lecture estim\u00e9e":"3 minutes"},"schema":{"@context":"https:\/\/schema.org","@graph":[{"@type":"WebPage","@id":"https:\/\/usa-gv.com\/fr\/passeport-pour-les-usa\/","url":"https:\/\/usa-gv.com\/fr\/passeport-pour-les-usa\/","name":"Passeports accept\u00e9s pour voyager aux USA - USA-GV.COM","isPartOf":{"@id":"https:\/\/usa-gv.com\/fr\/#website"},"primaryImageOfPage":{"@id":"https:\/\/usa-gv.com\/fr\/passeport-pour-les-usa\/#primaryimage"},"image":{"@id":"https:\/\/usa-gv.com\/fr\/passeport-pour-les-usa\/#primaryimage"},"thumbnailUrl":"https:\/\/usa-gv.com\/wp-content\/uploads\/2024\/03\/Europe-passport.jpg","datePublished":"2024-03-12T18:55:40+00:00","dateModified":"2025-04-07T08:45:42+00:00","description":"Pour voyager aux Etats Unis il est n\u00e9cessaire d'\u00eatre en possession d'un passeport valide et accept\u00e9 par l'administration am\u00e9ricaine","breadcrumb":{"@id":"https:\/\/usa-gv.com\/fr\/passeport-pour-les-usa\/#breadcrumb"},"inLanguage":"fr-FR","potentialAction":[{"@type":"ReadAction","target":["https:\/\/usa-gv.com\/fr\/passeport-pour-les-usa\/"]}]},{"@type":"ImageObject","inLanguage":"fr-FR","@id":"https:\/\/usa-gv.com\/fr\/passeport-pour-les-usa\/#primaryimage","url":"https:\/\/usa-gv.com\/wp-content\/uploads\/2024\/03\/Europe-passport.jpg","contentUrl":"https:\/\/usa-gv.com\/wp-content\/uploads\/2024\/03\/Europe-passport.jpg"},{"@type":"BreadcrumbList","@id":"https:\/\/usa-gv.com\/fr\/passeport-pour-les-usa\/#breadcrumb","itemListElement":[{"@type":"ListItem","position":1,"name":"Home","item":"https:\/\/usa-gv.com\/fr\/"},{"@type":"ListItem","position":2,"name":"Passeports accept\u00e9s pour voyager aux USA"}]},{"@type":"WebSite","@id":"https:\/\/usa-gv.com\/fr\/#website","url":"https:\/\/usa-gv.com\/fr\/","name":"USA-GV.COM","description":"","potentialAction":[{"@type":"SearchAction","target":{"@type":"EntryPoint","urlTemplate":"https:\/\/usa-gv.com\/fr\/?s={search_term_string}"},"query-input":{"@type":"PropertyValueSpecification","valueRequired":true,"valueName":"search_term_string"}}],"inLanguage":"fr-FR"}]}},"_links":{"self":[{"href":"https:\/\/usa-gv.com\/fr\/wp-json\/wp\/v2\/pages\/2446","targetHints":{"allow":["GET"]}}],"collection":[{"href":"https:\/\/usa-gv.com\/fr\/wp-json\/wp\/v2\/pages"}],"about":[{"href":"https:\/\/usa-gv.com\/fr\/wp-json\/wp\/v2\/types\/page"}],"author":[{"embeddable":true,"href":"https:\/\/usa-gv.com\/fr\/wp-json\/wp\/v2\/users\/1"}],"replies":[{"embeddable":true,"href":"https:\/\/usa-gv.com\/fr\/wp-json\/wp\/v2\/comments?post=2446"}],"version-history":[{"count":1,"href":"https:\/\/usa-gv.com\/fr\/wp-json\/wp\/v2\/pages\/2446\/revisions"}],"predecessor-version":[{"id":7637,"href":"https:\/\/usa-gv.com\/fr\/wp-json\/wp\/v2\/pages\/2446\/revisions\/7637"}],"wp:attachment":[{"href":"https:\/\/usa-gv.com\/fr\/wp-json\/wp\/v2\/media?parent=2446"}],"curies":[{"name":"wp","href":"https:\/\/api.w.org\/{rel}","templated":true}]}}