{"id":2444,"date":"2024-03-12T18:53:43","date_gmt":"2024-03-12T18:53:43","guid":{"rendered":"https:\/\/usa-gv.com\/?page_id=2444"},"modified":"2025-04-07T08:44:56","modified_gmt":"2025-04-07T08:44:56","slug":"imprimer-esta","status":"publish","type":"page","link":"https:\/\/usa-gv.com\/fr\/imprimer-esta\/","title":{"rendered":"Imprimer son ESTA pour l&rsquo;a\u00e9roport"},"content":{"rendered":"\n<h1 class=\"wp-block-heading\">Imprimer son ESTA avant d\u2019arriver aux USA<\/h1>\n\n\n\n<p>La proc\u00e9dure d\u2019obtention d\u2019une autorisation ESTA se d\u00e9roule enti\u00e8rement en ligne sur le web. Lorsque la demande ESTA est approuv\u00e9e, le voyageur se demande fr\u00e9quemment s\u2019il doit l\u2019imprimer pour la pr\u00e9senter aux douanes am\u00e9ricaines lors de son arriv\u00e9e aux Etats Unis.<\/p>\n\n\n\n<p>Pour faire une demande d\u2019autorisation de voyage, il suffit de cliquer sur <a href=\"https:\/\/usa-gv.com\/fr\/formulaire-esta-en-ligne\/\">formulaire ESTA en ligne<\/a>.<\/p>\n\n\n\n<div style=\"height:10px\" aria-hidden=\"true\" class=\"wp-block-spacer\"><\/div>\n\n\n\n<h2 class=\"wp-block-heading\">Faut-il imprimer son autorisation ESTA ?<\/h2>\n\n\n\n<p><strong>Il n\u2019est pas demand\u00e9 de pr\u00e9senter une version papier de l\u2019autorisation ESTA approuv\u00e9e<\/strong> lors de l\u2019arriv\u00e9e aux Etats Unis. L\u2019agent qui sera en charge de valider l\u2019entr\u00e9e du voyageur sur le territoire am\u00e9ricain consultera directement dans le syst\u00e8me informatique l\u2019attestation ESTA obtenue. <\/p>\n\n\n\n<p>Cependant, il est tout de m\u00eame conseill\u00e9 de conserver un exemplaire de l\u2019attestation ESTA approuv\u00e9e parmi ses <a href=\"https:\/\/usa-gv.com\/fr\/documents-voyage-etats-unis\/\">documents de voyage pour les USA<\/a>.<\/p>\n\n\n\n<p>Une autorisation <a href=\"https:\/\/usa-gv.com\/fr\/esta-visa-usa\/\">ESTA n\u2019est pas un\u00a0visa pour les USA<\/a>, c\u2019est une\u00a0<strong>attestation de voyage pr\u00e9alable et indispensable<\/strong> pour les ressortissants des pays membres du <a href=\"https:\/\/usa-gv.com\/fr\/visa-waiver-program-usa\/\">Visa Waiver\u00a0Program<\/a> d\u00e9sirant voyager aux USA sans visa.<\/p>\n\n\n\n<h2 class=\"wp-block-heading\">Comment imprimer son autorisation de voyage ESTA ?<\/h2>\n\n\n\n<p>Lorsque la demande ESTA est approuv\u00e9e, le d\u00e9tenteur de l\u2019ESTA peut choisir de :<\/p>\n\n\n\n<ul class=\"wp-block-list\">\n<li>T\u00e9l\u00e9charger l\u2019attestation ESTA<\/li>\n\n\n\n<li>imprimer l\u2019attestation ESTA<\/li>\n<\/ul>\n\n\n\n<div style=\"height:12px\" aria-hidden=\"true\" class=\"wp-block-spacer\"><\/div>\n\n\n\n<p>L\u2019attestation qui s\u2019affiche sur l\u2019\u00e9cran du voyageur contient \u00e9galement le re\u00e7u du <a href=\"https:\/\/usa-gv.com\/fr\/comment-payer-esta\/\">paiement de l\u2019ESTA<\/a>. Lorsque l\u2019attestation ESTA est imprim\u00e9e, elle mentionne donc le <a href=\"https:\/\/usa-gv.com\/fr\/prix-esta-usa\/\">prix payer pour l\u2019ESTA<\/a> par carte bancaire.<\/p>\n\n\n\n<h2 class=\"wp-block-heading\">Image d&rsquo;une autorisation ESTA imprim\u00e9e en fran\u00e7ais<\/h2>\n\n\n\n<p>Voici une image d&rsquo;une autorisation ESTA approuv\u00e9e qui peut \u00eatre imprim\u00e9e. Elle reprend les principales informations soumises pour obtenir l&rsquo;autorisation de voyager aux Etats Unis.<\/p>\n\n\n\n<figure class=\"wp-block-image size-large\"><img fetchpriority=\"high\" decoding=\"async\" width=\"1024\" height=\"570\" src=\"https:\/\/usa-gv.com\/wp-content\/uploads\/2024\/04\/imprimer-esta-FR-1024x570.jpg\" alt=\"Autorisation approuv\u00e9e \u00e0 t\u00e9l\u00e9charger ou imprimer\" class=\"wp-image-3660\" srcset=\"https:\/\/usa-gv.com\/wp-content\/uploads\/2024\/04\/imprimer-esta-FR-1024x570.jpg 1024w, https:\/\/usa-gv.com\/wp-content\/uploads\/2024\/04\/imprimer-esta-FR-300x167.jpg 300w, https:\/\/usa-gv.com\/wp-content\/uploads\/2024\/04\/imprimer-esta-FR-768x428.jpg 768w, https:\/\/usa-gv.com\/wp-content\/uploads\/2024\/04\/imprimer-esta-FR.jpg 1092w\" sizes=\"(max-width: 1024px) 100vw, 1024px\" \/><figcaption class=\"wp-element-caption\">Copie d&rsquo;\u00e9cran d&rsquo;une autorisation ESTA approuv\u00e9e \u00e0 imprimer<\/figcaption><\/figure>\n","protected":false},"excerpt":{"rendered":"<p>Imprimer son ESTA avant d\u2019arriver aux USA La proc\u00e9dure d\u2019obtention d\u2019une autorisation ESTA se d\u00e9roule enti\u00e8rement en ligne sur le web. Lorsque la demande ESTA est approuv\u00e9e, le voyageur se demande fr\u00e9quemment s\u2019il doit l\u2019imprimer pour la pr\u00e9senter aux douanes am\u00e9ricaines lors de son arriv\u00e9e aux Etats Unis. Pour faire une demande d\u2019autorisation de voyage, [&hellip;]<\/p>\n","protected":false},"author":1,"featured_media":0,"parent":0,"menu_order":0,"comment_status":"closed","ping_status":"closed","template":"","meta":{"footnotes":""},"class_list":["post-2444","page","type-page","status-publish","hentry"],"yoast_head":"<!-- This site is optimized with the Yoast SEO plugin v26.6 - https:\/\/yoast.com\/wordpress\/plugins\/seo\/ -->\n<title>Imprimer son ESTA pour l&#039;a\u00e9roport - USA-GV.COM<\/title>\n<meta name=\"description\" content=\"Faut-il imprimer son attestation ESTA sur papier avant d&#039;aller \u00e0 l&#039;a\u00e9roport et embarquer pour les Etats Unis\" \/>\n<meta name=\"robots\" content=\"index, follow, max-snippet:-1, max-image-preview:large, max-video-preview:-1\" \/>\n<link rel=\"canonical\" href=\"https:\/\/usa-gv.com\/fr\/imprimer-esta\/\" \/>\n<meta property=\"og:locale\" content=\"fr_FR\" \/>\n<meta property=\"og:type\" content=\"article\" \/>\n<meta property=\"og:title\" content=\"Imprimer son ESTA pour l&#039;a\u00e9roport - USA-GV.COM\" \/>\n<meta property=\"og:description\" content=\"Faut-il imprimer son attestation ESTA sur papier avant d&#039;aller \u00e0 l&#039;a\u00e9roport et embarquer pour les Etats Unis\" \/>\n<meta property=\"og:url\" content=\"https:\/\/usa-gv.com\/fr\/imprimer-esta\/\" \/>\n<meta property=\"og:site_name\" content=\"USA-GV.COM\" \/>\n<meta property=\"article:modified_time\" content=\"2025-04-07T08:44:56+00:00\" \/>\n<meta property=\"og:image\" content=\"https:\/\/usa-gv.com\/wp-content\/uploads\/2024\/04\/imprimer-esta-FR-1024x570.jpg\" \/>\n<meta name=\"twitter:card\" content=\"summary_large_image\" \/>\n<meta name=\"twitter:label1\" content=\"Dur\u00e9e de lecture estim\u00e9e\" \/>\n\t<meta name=\"twitter:data1\" content=\"2 minutes\" \/>\n<script type=\"application\/ld+json\" class=\"yoast-schema-graph\">{\"@context\":\"https:\/\/schema.org\",\"@graph\":[{\"@type\":\"WebPage\",\"@id\":\"https:\/\/usa-gv.com\/fr\/imprimer-esta\/\",\"url\":\"https:\/\/usa-gv.com\/fr\/imprimer-esta\/\",\"name\":\"Imprimer son ESTA pour l'a\u00e9roport - USA-GV.COM\",\"isPartOf\":{\"@id\":\"https:\/\/usa-gv.com\/fr\/#website\"},\"primaryImageOfPage\":{\"@id\":\"https:\/\/usa-gv.com\/fr\/imprimer-esta\/#primaryimage\"},\"image\":{\"@id\":\"https:\/\/usa-gv.com\/fr\/imprimer-esta\/#primaryimage\"},\"thumbnailUrl\":\"https:\/\/usa-gv.com\/wp-content\/uploads\/2024\/04\/imprimer-esta-FR-1024x570.jpg\",\"datePublished\":\"2024-03-12T18:53:43+00:00\",\"dateModified\":\"2025-04-07T08:44:56+00:00\",\"description\":\"Faut-il imprimer son attestation ESTA sur papier avant d'aller \u00e0 l'a\u00e9roport et embarquer pour les Etats Unis\",\"breadcrumb\":{\"@id\":\"https:\/\/usa-gv.com\/fr\/imprimer-esta\/#breadcrumb\"},\"inLanguage\":\"fr-FR\",\"potentialAction\":[{\"@type\":\"ReadAction\",\"target\":[\"https:\/\/usa-gv.com\/fr\/imprimer-esta\/\"]}]},{\"@type\":\"ImageObject\",\"inLanguage\":\"fr-FR\",\"@id\":\"https:\/\/usa-gv.com\/fr\/imprimer-esta\/#primaryimage\",\"url\":\"https:\/\/usa-gv.com\/wp-content\/uploads\/2024\/04\/imprimer-esta-FR-1024x570.jpg\",\"contentUrl\":\"https:\/\/usa-gv.com\/wp-content\/uploads\/2024\/04\/imprimer-esta-FR-1024x570.jpg\"},{\"@type\":\"BreadcrumbList\",\"@id\":\"https:\/\/usa-gv.com\/fr\/imprimer-esta\/#breadcrumb\",\"itemListElement\":[{\"@type\":\"ListItem\",\"position\":1,\"name\":\"Home\",\"item\":\"https:\/\/usa-gv.com\/fr\/\"},{\"@type\":\"ListItem\",\"position\":2,\"name\":\"Imprimer son ESTA pour l&rsquo;a\u00e9roport\"}]},{\"@type\":\"WebSite\",\"@id\":\"https:\/\/usa-gv.com\/fr\/#website\",\"url\":\"https:\/\/usa-gv.com\/fr\/\",\"name\":\"USA-GV.COM\",\"description\":\"\",\"potentialAction\":[{\"@type\":\"SearchAction\",\"target\":{\"@type\":\"EntryPoint\",\"urlTemplate\":\"https:\/\/usa-gv.com\/fr\/?s={search_term_string}\"},\"query-input\":{\"@type\":\"PropertyValueSpecification\",\"valueRequired\":true,\"valueName\":\"search_term_string\"}}],\"inLanguage\":\"fr-FR\"}]}<\/script>\n<!-- \/ Yoast SEO plugin. -->","yoast_head_json":{"title":"Imprimer son ESTA pour l'a\u00e9roport - USA-GV.COM","description":"Faut-il imprimer son attestation ESTA sur papier avant d'aller \u00e0 l'a\u00e9roport et embarquer pour les Etats Unis","robots":{"index":"index","follow":"follow","max-snippet":"max-snippet:-1","max-image-preview":"max-image-preview:large","max-video-preview":"max-video-preview:-1"},"canonical":"https:\/\/usa-gv.com\/fr\/imprimer-esta\/","og_locale":"fr_FR","og_type":"article","og_title":"Imprimer son ESTA pour l'a\u00e9roport - USA-GV.COM","og_description":"Faut-il imprimer son attestation ESTA sur papier avant d'aller \u00e0 l'a\u00e9roport et embarquer pour les Etats Unis","og_url":"https:\/\/usa-gv.com\/fr\/imprimer-esta\/","og_site_name":"USA-GV.COM","article_modified_time":"2025-04-07T08:44:56+00:00","og_image":[{"url":"https:\/\/usa-gv.com\/wp-content\/uploads\/2024\/04\/imprimer-esta-FR-1024x570.jpg","type":"","width":"","height":""}],"twitter_card":"summary_large_image","twitter_misc":{"Dur\u00e9e de lecture estim\u00e9e":"2 minutes"},"schema":{"@context":"https:\/\/schema.org","@graph":[{"@type":"WebPage","@id":"https:\/\/usa-gv.com\/fr\/imprimer-esta\/","url":"https:\/\/usa-gv.com\/fr\/imprimer-esta\/","name":"Imprimer son ESTA pour l'a\u00e9roport - USA-GV.COM","isPartOf":{"@id":"https:\/\/usa-gv.com\/fr\/#website"},"primaryImageOfPage":{"@id":"https:\/\/usa-gv.com\/fr\/imprimer-esta\/#primaryimage"},"image":{"@id":"https:\/\/usa-gv.com\/fr\/imprimer-esta\/#primaryimage"},"thumbnailUrl":"https:\/\/usa-gv.com\/wp-content\/uploads\/2024\/04\/imprimer-esta-FR-1024x570.jpg","datePublished":"2024-03-12T18:53:43+00:00","dateModified":"2025-04-07T08:44:56+00:00","description":"Faut-il imprimer son attestation ESTA sur papier avant d'aller \u00e0 l'a\u00e9roport et embarquer pour les Etats Unis","breadcrumb":{"@id":"https:\/\/usa-gv.com\/fr\/imprimer-esta\/#breadcrumb"},"inLanguage":"fr-FR","potentialAction":[{"@type":"ReadAction","target":["https:\/\/usa-gv.com\/fr\/imprimer-esta\/"]}]},{"@type":"ImageObject","inLanguage":"fr-FR","@id":"https:\/\/usa-gv.com\/fr\/imprimer-esta\/#primaryimage","url":"https:\/\/usa-gv.com\/wp-content\/uploads\/2024\/04\/imprimer-esta-FR-1024x570.jpg","contentUrl":"https:\/\/usa-gv.com\/wp-content\/uploads\/2024\/04\/imprimer-esta-FR-1024x570.jpg"},{"@type":"BreadcrumbList","@id":"https:\/\/usa-gv.com\/fr\/imprimer-esta\/#breadcrumb","itemListElement":[{"@type":"ListItem","position":1,"name":"Home","item":"https:\/\/usa-gv.com\/fr\/"},{"@type":"ListItem","position":2,"name":"Imprimer son ESTA pour l&rsquo;a\u00e9roport"}]},{"@type":"WebSite","@id":"https:\/\/usa-gv.com\/fr\/#website","url":"https:\/\/usa-gv.com\/fr\/","name":"USA-GV.COM","description":"","potentialAction":[{"@type":"SearchAction","target":{"@type":"EntryPoint","urlTemplate":"https:\/\/usa-gv.com\/fr\/?s={search_term_string}"},"query-input":{"@type":"PropertyValueSpecification","valueRequired":true,"valueName":"search_term_string"}}],"inLanguage":"fr-FR"}]}},"_links":{"self":[{"href":"https:\/\/usa-gv.com\/fr\/wp-json\/wp\/v2\/pages\/2444","targetHints":{"allow":["GET"]}}],"collection":[{"href":"https:\/\/usa-gv.com\/fr\/wp-json\/wp\/v2\/pages"}],"about":[{"href":"https:\/\/usa-gv.com\/fr\/wp-json\/wp\/v2\/types\/page"}],"author":[{"embeddable":true,"href":"https:\/\/usa-gv.com\/fr\/wp-json\/wp\/v2\/users\/1"}],"replies":[{"embeddable":true,"href":"https:\/\/usa-gv.com\/fr\/wp-json\/wp\/v2\/comments?post=2444"}],"version-history":[{"count":1,"href":"https:\/\/usa-gv.com\/fr\/wp-json\/wp\/v2\/pages\/2444\/revisions"}],"predecessor-version":[{"id":7532,"href":"https:\/\/usa-gv.com\/fr\/wp-json\/wp\/v2\/pages\/2444\/revisions\/7532"}],"wp:attachment":[{"href":"https:\/\/usa-gv.com\/fr\/wp-json\/wp\/v2\/media?parent=2444"}],"curies":[{"name":"wp","href":"https:\/\/api.w.org\/{rel}","templated":true}]}}