{"id":2440,"date":"2024-03-12T09:24:57","date_gmt":"2024-03-12T09:24:57","guid":{"rendered":"https:\/\/usa-gv.com\/?page_id=2440"},"modified":"2025-04-07T08:36:22","modified_gmt":"2025-04-07T08:36:22","slug":"esta-gratuit","status":"publish","type":"page","link":"https:\/\/usa-gv.com\/fr\/esta-gratuit\/","title":{"rendered":"Autorisation ESTA gratuite"},"content":{"rendered":"\n<h1 class=\"wp-block-heading\">Obtenir une autorisation ESTA gratuite<\/h1>\n\n\n\n<p>Le programme d&rsquo;exemption de visa am\u00e9ricain permet aux voyageurs \u00e9ligibles d&rsquo;obtenir une attestation ESTA pour effectuer un s\u00e9jour de moins de 90 jours aux Etats Unis. La <a href=\"https:\/\/usa-gv.com\/fr\/comment-faire-une-demande-esta\/\">demande d&rsquo;une ESTA<\/a> s&rsquo;effectue en ligne.<\/p>\n\n\n\n<h2 class=\"wp-block-heading\">L&rsquo;autorisation ESTA est gratuite ou payante ?<\/h2>\n\n\n\n<p>Le <a href=\"https:\/\/usa-gv.com\/fr\/formulaire-esta-en-ligne\/\">formulaire ESTA en ligne<\/a> comporte une s\u00e9rie de <a href=\"https:\/\/usa-gv.com\/fr\/questions-formulaire-esta\/\">questions sur le voyageur<\/a> et se termine par une page de paiement. Le voyageur doit <a href=\"https:\/\/usa-gv.com\/fr\/comment-payer-esta\/\">payer son ESTA en ligne<\/a> par carte bancaire pour valider sa demande. Le <a href=\"https:\/\/usa-gv.com\/fr\/prix-esta-usa\/\">prix de l&rsquo;ESTA<\/a> est fixer par le D\u00e9partement d&rsquo;Etat am\u00e9ricain. Il a chang\u00e9 \u00e0 plusieurs reprises depuis le lancement du <a href=\"https:\/\/usa-gv.com\/fr\/visa-waiver-program-usa\/\">Visa Waiver Program<\/a> en 2009.<\/p>\n\n\n\n<p><strong>Le formulaire ESTA n&rsquo;est donc pas gratuit sur le site officiel ESTA<\/strong>. Les frais \u00e0 payer permettent de financer le fonctionnement du programme d&rsquo;exemption de visa et la promotion du tourisme aux USA.<\/p>\n\n\n\n<h2 class=\"wp-block-heading\">Comment retrouver une ESTA gratuitement ?<\/h2>\n\n\n\n<p>Pour retrouver le statut de son autorisation ESTA, il suffit de se connecter sur le <a href=\"https:\/\/usa-gv.com\/fr\/esta-site-web-officiel\/\">site officiel ESTA<\/a> et de <a href=\"https:\/\/usa-gv.com\/fr\/verifier-validite-esta\/\">v\u00e9rifier la validit\u00e9 de son ESTA<\/a>. Le processus s&rsquo;effectue gratuitement et en quelques minutes si le voyageur est en possession de ses informations de voyage.<\/p>\n\n\n\n<p>La <a href=\"https:\/\/usa-gv.com\/fr\/duree-validite-esta\/\">dur\u00e9e de validit\u00e9 de l&rsquo;ESTA<\/a> est initialement de deux ans. Cependant, il arrive que pour certaines raisons cette dur\u00e9e soit r\u00e9duite. La principale raison concerne la validit\u00e9 du <a href=\"https:\/\/usa-gv.com\/fr\/passeport-pour-les-usa\/\">passeport utilis\u00e9 pour obtenir l&rsquo;ESTA<\/a>. Lorsque le passeport n&rsquo;est plus valable, l&rsquo;ESTA obtenu ne l&rsquo;est plus non plus.<\/p>\n","protected":false},"excerpt":{"rendered":"<p>Obtenir une autorisation ESTA gratuite Le programme d&rsquo;exemption de visa am\u00e9ricain permet aux voyageurs \u00e9ligibles d&rsquo;obtenir une attestation ESTA pour effectuer un s\u00e9jour de moins de 90 jours aux Etats Unis. La demande d&rsquo;une ESTA s&rsquo;effectue en ligne. L&rsquo;autorisation ESTA est gratuite ou payante ? Le formulaire ESTA en ligne comporte une s\u00e9rie de questions [&hellip;]<\/p>\n","protected":false},"author":1,"featured_media":0,"parent":0,"menu_order":0,"comment_status":"closed","ping_status":"closed","template":"","meta":{"footnotes":""},"class_list":["post-2440","page","type-page","status-publish","hentry"],"yoast_head":"<!-- This site is optimized with the Yoast SEO plugin v26.6 - https:\/\/yoast.com\/wordpress\/plugins\/seo\/ -->\n<title>Autorisation ESTA gratuite - USA-GV.COM<\/title>\n<meta name=\"description\" content=\"L&#039;autorisation ESTA pour voyager aux Etats Unis s&#039;obtient en ligne. Le formulaire en ligne est payant sur le site officiel de l&#039;ESTA.\" \/>\n<meta name=\"robots\" content=\"index, follow, max-snippet:-1, max-image-preview:large, max-video-preview:-1\" \/>\n<link rel=\"canonical\" href=\"https:\/\/usa-gv.com\/fr\/esta-gratuit\/\" \/>\n<meta property=\"og:locale\" content=\"fr_FR\" \/>\n<meta property=\"og:type\" content=\"article\" \/>\n<meta property=\"og:title\" content=\"Autorisation ESTA gratuite - USA-GV.COM\" \/>\n<meta property=\"og:description\" content=\"L&#039;autorisation ESTA pour voyager aux Etats Unis s&#039;obtient en ligne. Le formulaire en ligne est payant sur le site officiel de l&#039;ESTA.\" \/>\n<meta property=\"og:url\" content=\"https:\/\/usa-gv.com\/fr\/esta-gratuit\/\" \/>\n<meta property=\"og:site_name\" content=\"USA-GV.COM\" \/>\n<meta property=\"article:modified_time\" content=\"2025-04-07T08:36:22+00:00\" \/>\n<meta name=\"twitter:card\" content=\"summary_large_image\" \/>\n<meta name=\"twitter:label1\" content=\"Dur\u00e9e de lecture estim\u00e9e\" \/>\n\t<meta name=\"twitter:data1\" content=\"2 minutes\" \/>\n<script type=\"application\/ld+json\" class=\"yoast-schema-graph\">{\"@context\":\"https:\/\/schema.org\",\"@graph\":[{\"@type\":\"WebPage\",\"@id\":\"https:\/\/usa-gv.com\/fr\/esta-gratuit\/\",\"url\":\"https:\/\/usa-gv.com\/fr\/esta-gratuit\/\",\"name\":\"Autorisation ESTA gratuite - USA-GV.COM\",\"isPartOf\":{\"@id\":\"https:\/\/usa-gv.com\/fr\/#website\"},\"datePublished\":\"2024-03-12T09:24:57+00:00\",\"dateModified\":\"2025-04-07T08:36:22+00:00\",\"description\":\"L'autorisation ESTA pour voyager aux Etats Unis s'obtient en ligne. Le formulaire en ligne est payant sur le site officiel de l'ESTA.\",\"breadcrumb\":{\"@id\":\"https:\/\/usa-gv.com\/fr\/esta-gratuit\/#breadcrumb\"},\"inLanguage\":\"fr-FR\",\"potentialAction\":[{\"@type\":\"ReadAction\",\"target\":[\"https:\/\/usa-gv.com\/fr\/esta-gratuit\/\"]}]},{\"@type\":\"BreadcrumbList\",\"@id\":\"https:\/\/usa-gv.com\/fr\/esta-gratuit\/#breadcrumb\",\"itemListElement\":[{\"@type\":\"ListItem\",\"position\":1,\"name\":\"Home\",\"item\":\"https:\/\/usa-gv.com\/fr\/\"},{\"@type\":\"ListItem\",\"position\":2,\"name\":\"Autorisation ESTA gratuite\"}]},{\"@type\":\"WebSite\",\"@id\":\"https:\/\/usa-gv.com\/fr\/#website\",\"url\":\"https:\/\/usa-gv.com\/fr\/\",\"name\":\"USA-GV.COM\",\"description\":\"\",\"potentialAction\":[{\"@type\":\"SearchAction\",\"target\":{\"@type\":\"EntryPoint\",\"urlTemplate\":\"https:\/\/usa-gv.com\/fr\/?s={search_term_string}\"},\"query-input\":{\"@type\":\"PropertyValueSpecification\",\"valueRequired\":true,\"valueName\":\"search_term_string\"}}],\"inLanguage\":\"fr-FR\"}]}<\/script>\n<!-- \/ Yoast SEO plugin. -->","yoast_head_json":{"title":"Autorisation ESTA gratuite - USA-GV.COM","description":"L'autorisation ESTA pour voyager aux Etats Unis s'obtient en ligne. Le formulaire en ligne est payant sur le site officiel de l'ESTA.","robots":{"index":"index","follow":"follow","max-snippet":"max-snippet:-1","max-image-preview":"max-image-preview:large","max-video-preview":"max-video-preview:-1"},"canonical":"https:\/\/usa-gv.com\/fr\/esta-gratuit\/","og_locale":"fr_FR","og_type":"article","og_title":"Autorisation ESTA gratuite - USA-GV.COM","og_description":"L'autorisation ESTA pour voyager aux Etats Unis s'obtient en ligne. Le formulaire en ligne est payant sur le site officiel de l'ESTA.","og_url":"https:\/\/usa-gv.com\/fr\/esta-gratuit\/","og_site_name":"USA-GV.COM","article_modified_time":"2025-04-07T08:36:22+00:00","twitter_card":"summary_large_image","twitter_misc":{"Dur\u00e9e de lecture estim\u00e9e":"2 minutes"},"schema":{"@context":"https:\/\/schema.org","@graph":[{"@type":"WebPage","@id":"https:\/\/usa-gv.com\/fr\/esta-gratuit\/","url":"https:\/\/usa-gv.com\/fr\/esta-gratuit\/","name":"Autorisation ESTA gratuite - USA-GV.COM","isPartOf":{"@id":"https:\/\/usa-gv.com\/fr\/#website"},"datePublished":"2024-03-12T09:24:57+00:00","dateModified":"2025-04-07T08:36:22+00:00","description":"L'autorisation ESTA pour voyager aux Etats Unis s'obtient en ligne. Le formulaire en ligne est payant sur le site officiel de l'ESTA.","breadcrumb":{"@id":"https:\/\/usa-gv.com\/fr\/esta-gratuit\/#breadcrumb"},"inLanguage":"fr-FR","potentialAction":[{"@type":"ReadAction","target":["https:\/\/usa-gv.com\/fr\/esta-gratuit\/"]}]},{"@type":"BreadcrumbList","@id":"https:\/\/usa-gv.com\/fr\/esta-gratuit\/#breadcrumb","itemListElement":[{"@type":"ListItem","position":1,"name":"Home","item":"https:\/\/usa-gv.com\/fr\/"},{"@type":"ListItem","position":2,"name":"Autorisation ESTA gratuite"}]},{"@type":"WebSite","@id":"https:\/\/usa-gv.com\/fr\/#website","url":"https:\/\/usa-gv.com\/fr\/","name":"USA-GV.COM","description":"","potentialAction":[{"@type":"SearchAction","target":{"@type":"EntryPoint","urlTemplate":"https:\/\/usa-gv.com\/fr\/?s={search_term_string}"},"query-input":{"@type":"PropertyValueSpecification","valueRequired":true,"valueName":"search_term_string"}}],"inLanguage":"fr-FR"}]}},"_links":{"self":[{"href":"https:\/\/usa-gv.com\/fr\/wp-json\/wp\/v2\/pages\/2440","targetHints":{"allow":["GET"]}}],"collection":[{"href":"https:\/\/usa-gv.com\/fr\/wp-json\/wp\/v2\/pages"}],"about":[{"href":"https:\/\/usa-gv.com\/fr\/wp-json\/wp\/v2\/types\/page"}],"author":[{"embeddable":true,"href":"https:\/\/usa-gv.com\/fr\/wp-json\/wp\/v2\/users\/1"}],"replies":[{"embeddable":true,"href":"https:\/\/usa-gv.com\/fr\/wp-json\/wp\/v2\/comments?post=2440"}],"version-history":[{"count":1,"href":"https:\/\/usa-gv.com\/fr\/wp-json\/wp\/v2\/pages\/2440\/revisions"}],"predecessor-version":[{"id":7422,"href":"https:\/\/usa-gv.com\/fr\/wp-json\/wp\/v2\/pages\/2440\/revisions\/7422"}],"wp:attachment":[{"href":"https:\/\/usa-gv.com\/fr\/wp-json\/wp\/v2\/media?parent=2440"}],"curies":[{"name":"wp","href":"https:\/\/api.w.org\/{rel}","templated":true}]}}