{"id":2436,"date":"2024-03-12T09:20:03","date_gmt":"2024-03-12T09:20:03","guid":{"rendered":"https:\/\/usa-gv.com\/?page_id=2436"},"modified":"2025-04-07T08:46:16","modified_gmt":"2025-04-07T08:46:16","slug":"prix-esta-usa","status":"publish","type":"page","link":"https:\/\/usa-gv.com\/fr\/prix-esta-usa\/","title":{"rendered":"Quel est le prix d&rsquo;une autorisation ESTA"},"content":{"rendered":"\n<h1 class=\"wp-block-heading\">Quel est le prix \u00e0 payer pour l&rsquo;ESTA<\/h1>\n\n\n\n<p>Pour obtenir une autorisation ESTA, le demandeur doit compl\u00e9ter le <a href=\"https:\/\/usa-gv.com\/fr\/formulaire-esta-en-ligne\/\">formulaire ESTA en ligne<\/a>. A la fin du processus en ligne, le candidat doit <a href=\"https:\/\/usa-gv.com\/fr\/comment-payer-esta\/\">payer les frais ESTA<\/a> pour valider sa demande.<\/p>\n\n\n\n<h2 class=\"wp-block-heading\">Quel est le cout d&rsquo;une autorisation ESTA ?<\/h2>\n\n\n\n<p>Les frais administratifs exig\u00e9s pour la <a href=\"https:\/\/usa-gv.com\/fr\/comment-faire-une-demande-esta\/\">demande ESTA<\/a> ont augment\u00e9s \u00e0 plusieurs reprises depuis le lancement du <a href=\"https:\/\/usa-gv.com\/fr\/visa-waiver-program-usa\/\">Visa Waiver Program<\/a> en 2009. Depuis mai 2022, les frais \u00e0 payer sont d&rsquo;un montant de 21 dollars am\u00e9ricains sur le <a href=\"https:\/\/usa-gv.com\/fr\/esta-site-web-officiel\/\">site web officiel ESTA<\/a>. L&rsquo;autorisation <a href=\"https:\/\/usa-gv.com\/fr\/esta-gratuit\/\">ESTA gratuite<\/a> n&rsquo;existe donc pas.<\/p>\n\n\n\n<h2 class=\"wp-block-heading\">Que comprend le prix de l&rsquo;ESTA ?<\/h2>\n\n\n\n<p>Le montant pay\u00e9 par les voyageurs \u00e9trangers pour <a href=\"https:\/\/usa-gv.com\/fr\/comment-obtenir-esta\/\">obtenir une ESTA<\/a> permet de financer deux budgets du D\u00e9partement d&rsquo;Etat am\u00e9ricain :<\/p>\n\n\n\n<ul class=\"wp-block-list\">\n<li>Les frais de gestion du syst\u00e8me \u00e9lectronique et des \u00e9quipes qui g\u00e8rent le fonctionnement de l&rsquo;ESTA ;<\/li>\n\n\n\n<li>Les investissements dans la promotion du tourisme vers les \u00c9tats-Unis.<\/li>\n<\/ul>\n\n\n\n<div style=\"height:10px\" aria-hidden=\"true\" class=\"wp-block-spacer\"><\/div>\n\n\n\n<h2 class=\"wp-block-heading\">Comment payer les frais de l&rsquo;ESTA ?<\/h2>\n\n\n\n<p>Le paiement des frais relatifs \u00e0 l&rsquo;obtention d&rsquo;une autorisation ESTA s\u2019effectue uniquement en ligne par carte bancaire. Plusieurs types de cartes de paiements sont accept\u00e9es pour effectuer le paiement : Visa, MasterCard, American Express, Discover, Diner\u2019s Club, Maestro ou JCB.<\/p>\n\n\n\n<h2 class=\"wp-block-heading\">Page de paiement en ligne d&rsquo;une autorisation ESTA<\/h2>\n\n\n\n<figure class=\"wp-block-image size-large\"><img fetchpriority=\"high\" decoding=\"async\" width=\"1024\" height=\"726\" src=\"https:\/\/usa-gv.com\/wp-content\/uploads\/2024\/04\/payer-esta-FR-1024x726.jpg\" alt=\"Page paiement ESTA en ligne\" class=\"wp-image-3375\" srcset=\"https:\/\/usa-gv.com\/wp-content\/uploads\/2024\/04\/payer-esta-FR-1024x726.jpg 1024w, https:\/\/usa-gv.com\/wp-content\/uploads\/2024\/04\/payer-esta-FR-300x213.jpg 300w, https:\/\/usa-gv.com\/wp-content\/uploads\/2024\/04\/payer-esta-FR-768x545.jpg 768w, https:\/\/usa-gv.com\/wp-content\/uploads\/2024\/04\/payer-esta-FR.jpg 1220w\" sizes=\"(max-width: 1024px) 100vw, 1024px\" \/><figcaption class=\"wp-element-caption\">Photo de la page pour effectuer le paiement de l&rsquo;ESTA<\/figcaption><\/figure>\n","protected":false},"excerpt":{"rendered":"<p>Quel est le prix \u00e0 payer pour l&rsquo;ESTA Pour obtenir une autorisation ESTA, le demandeur doit compl\u00e9ter le formulaire ESTA en ligne. A la fin du processus en ligne, le candidat doit payer les frais ESTA pour valider sa demande. Quel est le cout d&rsquo;une autorisation ESTA ? Les frais administratifs exig\u00e9s pour la demande [&hellip;]<\/p>\n","protected":false},"author":1,"featured_media":0,"parent":0,"menu_order":0,"comment_status":"closed","ping_status":"closed","template":"","meta":{"footnotes":""},"class_list":["post-2436","page","type-page","status-publish","hentry"],"yoast_head":"<!-- This site is optimized with the Yoast SEO plugin v26.6 - https:\/\/yoast.com\/wordpress\/plugins\/seo\/ -->\n<title>Quel est le prix d&#039;une autorisation ESTA - USA-GV.COM<\/title>\n<meta name=\"description\" content=\"Quel est le montant des frais de dossier \u00e0 payer pour valider une demande ESTA en ligne pour les Etats Unis\" \/>\n<meta name=\"robots\" content=\"index, follow, max-snippet:-1, max-image-preview:large, max-video-preview:-1\" \/>\n<link rel=\"canonical\" href=\"https:\/\/usa-gv.com\/fr\/prix-esta-usa\/\" \/>\n<meta property=\"og:locale\" content=\"fr_FR\" \/>\n<meta property=\"og:type\" content=\"article\" \/>\n<meta property=\"og:title\" content=\"Quel est le prix d&#039;une autorisation ESTA - USA-GV.COM\" \/>\n<meta property=\"og:description\" content=\"Quel est le montant des frais de dossier \u00e0 payer pour valider une demande ESTA en ligne pour les Etats Unis\" \/>\n<meta property=\"og:url\" content=\"https:\/\/usa-gv.com\/fr\/prix-esta-usa\/\" \/>\n<meta property=\"og:site_name\" content=\"USA-GV.COM\" \/>\n<meta property=\"article:modified_time\" content=\"2025-04-07T08:46:16+00:00\" \/>\n<meta property=\"og:image\" content=\"https:\/\/usa-gv.com\/wp-content\/uploads\/2024\/04\/payer-esta-FR-1024x726.jpg\" \/>\n<meta name=\"twitter:card\" content=\"summary_large_image\" \/>\n<meta name=\"twitter:label1\" content=\"Dur\u00e9e de lecture estim\u00e9e\" \/>\n\t<meta name=\"twitter:data1\" content=\"2 minutes\" \/>\n<script type=\"application\/ld+json\" class=\"yoast-schema-graph\">{\"@context\":\"https:\/\/schema.org\",\"@graph\":[{\"@type\":\"WebPage\",\"@id\":\"https:\/\/usa-gv.com\/fr\/prix-esta-usa\/\",\"url\":\"https:\/\/usa-gv.com\/fr\/prix-esta-usa\/\",\"name\":\"Quel est le prix d'une autorisation ESTA - USA-GV.COM\",\"isPartOf\":{\"@id\":\"https:\/\/usa-gv.com\/fr\/#website\"},\"primaryImageOfPage\":{\"@id\":\"https:\/\/usa-gv.com\/fr\/prix-esta-usa\/#primaryimage\"},\"image\":{\"@id\":\"https:\/\/usa-gv.com\/fr\/prix-esta-usa\/#primaryimage\"},\"thumbnailUrl\":\"https:\/\/usa-gv.com\/wp-content\/uploads\/2024\/04\/payer-esta-FR-1024x726.jpg\",\"datePublished\":\"2024-03-12T09:20:03+00:00\",\"dateModified\":\"2025-04-07T08:46:16+00:00\",\"description\":\"Quel est le montant des frais de dossier \u00e0 payer pour valider une demande ESTA en ligne pour les Etats Unis\",\"breadcrumb\":{\"@id\":\"https:\/\/usa-gv.com\/fr\/prix-esta-usa\/#breadcrumb\"},\"inLanguage\":\"fr-FR\",\"potentialAction\":[{\"@type\":\"ReadAction\",\"target\":[\"https:\/\/usa-gv.com\/fr\/prix-esta-usa\/\"]}]},{\"@type\":\"ImageObject\",\"inLanguage\":\"fr-FR\",\"@id\":\"https:\/\/usa-gv.com\/fr\/prix-esta-usa\/#primaryimage\",\"url\":\"https:\/\/usa-gv.com\/wp-content\/uploads\/2024\/04\/payer-esta-FR-1024x726.jpg\",\"contentUrl\":\"https:\/\/usa-gv.com\/wp-content\/uploads\/2024\/04\/payer-esta-FR-1024x726.jpg\"},{\"@type\":\"BreadcrumbList\",\"@id\":\"https:\/\/usa-gv.com\/fr\/prix-esta-usa\/#breadcrumb\",\"itemListElement\":[{\"@type\":\"ListItem\",\"position\":1,\"name\":\"Home\",\"item\":\"https:\/\/usa-gv.com\/fr\/\"},{\"@type\":\"ListItem\",\"position\":2,\"name\":\"Quel est le prix d&rsquo;une autorisation ESTA\"}]},{\"@type\":\"WebSite\",\"@id\":\"https:\/\/usa-gv.com\/fr\/#website\",\"url\":\"https:\/\/usa-gv.com\/fr\/\",\"name\":\"USA-GV.COM\",\"description\":\"\",\"potentialAction\":[{\"@type\":\"SearchAction\",\"target\":{\"@type\":\"EntryPoint\",\"urlTemplate\":\"https:\/\/usa-gv.com\/fr\/?s={search_term_string}\"},\"query-input\":{\"@type\":\"PropertyValueSpecification\",\"valueRequired\":true,\"valueName\":\"search_term_string\"}}],\"inLanguage\":\"fr-FR\"}]}<\/script>\n<!-- \/ Yoast SEO plugin. -->","yoast_head_json":{"title":"Quel est le prix d'une autorisation ESTA - USA-GV.COM","description":"Quel est le montant des frais de dossier \u00e0 payer pour valider une demande ESTA en ligne pour les Etats Unis","robots":{"index":"index","follow":"follow","max-snippet":"max-snippet:-1","max-image-preview":"max-image-preview:large","max-video-preview":"max-video-preview:-1"},"canonical":"https:\/\/usa-gv.com\/fr\/prix-esta-usa\/","og_locale":"fr_FR","og_type":"article","og_title":"Quel est le prix d'une autorisation ESTA - USA-GV.COM","og_description":"Quel est le montant des frais de dossier \u00e0 payer pour valider une demande ESTA en ligne pour les Etats Unis","og_url":"https:\/\/usa-gv.com\/fr\/prix-esta-usa\/","og_site_name":"USA-GV.COM","article_modified_time":"2025-04-07T08:46:16+00:00","og_image":[{"url":"https:\/\/usa-gv.com\/wp-content\/uploads\/2024\/04\/payer-esta-FR-1024x726.jpg","type":"","width":"","height":""}],"twitter_card":"summary_large_image","twitter_misc":{"Dur\u00e9e de lecture estim\u00e9e":"2 minutes"},"schema":{"@context":"https:\/\/schema.org","@graph":[{"@type":"WebPage","@id":"https:\/\/usa-gv.com\/fr\/prix-esta-usa\/","url":"https:\/\/usa-gv.com\/fr\/prix-esta-usa\/","name":"Quel est le prix d'une autorisation ESTA - USA-GV.COM","isPartOf":{"@id":"https:\/\/usa-gv.com\/fr\/#website"},"primaryImageOfPage":{"@id":"https:\/\/usa-gv.com\/fr\/prix-esta-usa\/#primaryimage"},"image":{"@id":"https:\/\/usa-gv.com\/fr\/prix-esta-usa\/#primaryimage"},"thumbnailUrl":"https:\/\/usa-gv.com\/wp-content\/uploads\/2024\/04\/payer-esta-FR-1024x726.jpg","datePublished":"2024-03-12T09:20:03+00:00","dateModified":"2025-04-07T08:46:16+00:00","description":"Quel est le montant des frais de dossier \u00e0 payer pour valider une demande ESTA en ligne pour les Etats Unis","breadcrumb":{"@id":"https:\/\/usa-gv.com\/fr\/prix-esta-usa\/#breadcrumb"},"inLanguage":"fr-FR","potentialAction":[{"@type":"ReadAction","target":["https:\/\/usa-gv.com\/fr\/prix-esta-usa\/"]}]},{"@type":"ImageObject","inLanguage":"fr-FR","@id":"https:\/\/usa-gv.com\/fr\/prix-esta-usa\/#primaryimage","url":"https:\/\/usa-gv.com\/wp-content\/uploads\/2024\/04\/payer-esta-FR-1024x726.jpg","contentUrl":"https:\/\/usa-gv.com\/wp-content\/uploads\/2024\/04\/payer-esta-FR-1024x726.jpg"},{"@type":"BreadcrumbList","@id":"https:\/\/usa-gv.com\/fr\/prix-esta-usa\/#breadcrumb","itemListElement":[{"@type":"ListItem","position":1,"name":"Home","item":"https:\/\/usa-gv.com\/fr\/"},{"@type":"ListItem","position":2,"name":"Quel est le prix d&rsquo;une autorisation ESTA"}]},{"@type":"WebSite","@id":"https:\/\/usa-gv.com\/fr\/#website","url":"https:\/\/usa-gv.com\/fr\/","name":"USA-GV.COM","description":"","potentialAction":[{"@type":"SearchAction","target":{"@type":"EntryPoint","urlTemplate":"https:\/\/usa-gv.com\/fr\/?s={search_term_string}"},"query-input":{"@type":"PropertyValueSpecification","valueRequired":true,"valueName":"search_term_string"}}],"inLanguage":"fr-FR"}]}},"_links":{"self":[{"href":"https:\/\/usa-gv.com\/fr\/wp-json\/wp\/v2\/pages\/2436","targetHints":{"allow":["GET"]}}],"collection":[{"href":"https:\/\/usa-gv.com\/fr\/wp-json\/wp\/v2\/pages"}],"about":[{"href":"https:\/\/usa-gv.com\/fr\/wp-json\/wp\/v2\/types\/page"}],"author":[{"embeddable":true,"href":"https:\/\/usa-gv.com\/fr\/wp-json\/wp\/v2\/users\/1"}],"replies":[{"embeddable":true,"href":"https:\/\/usa-gv.com\/fr\/wp-json\/wp\/v2\/comments?post=2436"}],"version-history":[{"count":1,"href":"https:\/\/usa-gv.com\/fr\/wp-json\/wp\/v2\/pages\/2436\/revisions"}],"predecessor-version":[{"id":7692,"href":"https:\/\/usa-gv.com\/fr\/wp-json\/wp\/v2\/pages\/2436\/revisions\/7692"}],"wp:attachment":[{"href":"https:\/\/usa-gv.com\/fr\/wp-json\/wp\/v2\/media?parent=2436"}],"curies":[{"name":"wp","href":"https:\/\/api.w.org\/{rel}","templated":true}]}}