{"id":2432,"date":"2024-03-12T09:17:22","date_gmt":"2024-03-12T09:17:22","guid":{"rendered":"https:\/\/usa-gv.com\/?page_id=2432"},"modified":"2025-04-07T08:36:48","modified_gmt":"2025-04-07T08:36:48","slug":"comment-payer-esta","status":"publish","type":"page","link":"https:\/\/usa-gv.com\/fr\/comment-payer-esta\/","title":{"rendered":"Comment payer un ESTA en ligne"},"content":{"rendered":"\n<h1 class=\"wp-block-heading\">Comment effectuer le paiement d&rsquo;une demande ESTA<\/h1>\n\n\n\n<p>Le processus d&rsquo;obtention d&rsquo;une autorisation de voyage ESTA se d\u00e9roule enti\u00e8rement en ligne. La proc\u00e9dure pr\u00e9voit le paiement de frais de traitement pour valider la demande et lancer son traitement informatique. Voici ce que vous devez savoir sur le paiement de l&rsquo;ESTA.<\/p>\n\n\n\n<p><strong>Pour effectuer votre demande ESTA<\/strong> il vous suffit de cliquer sur <a href=\"https:\/\/usa-gv.com\/fr\/formulaire-esta-en-ligne\/\">formulaire ESTA en ligne<\/a>.<\/p>\n\n\n\n<div style=\"height:10px\" aria-hidden=\"true\" class=\"wp-block-spacer\"><\/div>\n\n\n\n<h2 class=\"wp-block-heading\">Est ce que l&rsquo;ESTA est payant ?<\/h2>\n\n\n\n<p>L&rsquo;obtention d&rsquo;une autorisation de voyage ESTA est payante. Il n&rsquo;est pas possible d&rsquo;obtenir une <a href=\"https:\/\/usa-gv.com\/fr\/esta-gratuit\/\">ESTA gratuite<\/a>. Le <a href=\"https:\/\/usa-gv.com\/fr\/prix-esta-usa\/\">prix de l&rsquo;ESTA<\/a> couvre des frais de traitement et des frais de d\u00e9veloppement du tourisme aux USA.<\/p>\n\n\n\n<h2 class=\"wp-block-heading\">Quand effectuer le paiement ?<\/h2>\n\n\n\n<p>Lors d&rsquo;une <a href=\"https:\/\/usa-gv.com\/fr\/comment-faire-une-demande-esta\/\">demande ESTA en ligne<\/a>, le demandeur atteint la page de paiement des frais lors de la derni\u00e8re \u00e9tape du processus. La demande ne peut pas \u00eatre finalis\u00e9e sans que le paiement des frais soit effectu\u00e9 sur le <a href=\"https:\/\/usa-gv.com\/fr\/esta-site-web-officiel\/\">site web ESTA officiel<\/a>. <\/p>\n\n\n\n<p>Le dossier est conserv\u00e9 jusqu&rsquo;\u00e0 7 jours sans paiement. La date limite pour payer est indiqu\u00e9 sur la page de paiement. <strong>Le traitement de la demande n&rsquo;intervient que lorsque le paiement des frais est valid\u00e9<\/strong>.<\/p>\n\n\n\n<h2 class=\"wp-block-heading\">Comment faire le paiement ?<\/h2>\n\n\n\n<p>Le <strong>paiement des frais de l&rsquo;ESTA s&rsquo;effectue par carte bancaire uniquement<\/strong>. Les types de cartes suivants sont accept\u00e9s pour effectuer le paiement en ligne : Visa, MasterCard, American Express, Discover, Diner\u2019s Club, Maestro ou JCB.<\/p>\n\n\n\n<h2 class=\"wp-block-heading\">Photo de la page de paiement de l&rsquo;ESTA en fran\u00e7ais<\/h2>\n\n\n\n<p>Voici une copie d&rsquo;\u00e9cran de la page web sur laquelle le voyageur doit effectuer le paiement des frais de l&rsquo;ESTA<\/p>\n\n\n\n<figure class=\"wp-block-image size-large\"><img fetchpriority=\"high\" decoding=\"async\" width=\"1024\" height=\"726\" src=\"https:\/\/usa-gv.com\/wp-content\/uploads\/2024\/04\/payer-esta-FR-1024x726.jpg\" alt=\"Page paiement ESTA en ligne\" class=\"wp-image-3375\" srcset=\"https:\/\/usa-gv.com\/wp-content\/uploads\/2024\/04\/payer-esta-FR-1024x726.jpg 1024w, https:\/\/usa-gv.com\/wp-content\/uploads\/2024\/04\/payer-esta-FR-300x213.jpg 300w, https:\/\/usa-gv.com\/wp-content\/uploads\/2024\/04\/payer-esta-FR-768x545.jpg 768w, https:\/\/usa-gv.com\/wp-content\/uploads\/2024\/04\/payer-esta-FR.jpg 1220w\" sizes=\"(max-width: 1024px) 100vw, 1024px\" \/><figcaption class=\"wp-element-caption\">Photo de la page pour effectuer le paiement de l&rsquo;ESTA<\/figcaption><\/figure>\n\n\n\n<p><\/p>\n","protected":false},"excerpt":{"rendered":"<p>Comment effectuer le paiement d&rsquo;une demande ESTA Le processus d&rsquo;obtention d&rsquo;une autorisation de voyage ESTA se d\u00e9roule enti\u00e8rement en ligne. La proc\u00e9dure pr\u00e9voit le paiement de frais de traitement pour valider la demande et lancer son traitement informatique. Voici ce que vous devez savoir sur le paiement de l&rsquo;ESTA. Pour effectuer votre demande ESTA il [&hellip;]<\/p>\n","protected":false},"author":1,"featured_media":0,"parent":0,"menu_order":0,"comment_status":"closed","ping_status":"closed","template":"","meta":{"footnotes":""},"class_list":["post-2432","page","type-page","status-publish","hentry"],"yoast_head":"<!-- This site is optimized with the Yoast SEO plugin v26.6 - https:\/\/yoast.com\/wordpress\/plugins\/seo\/ -->\n<title>Comment payer un ESTA en ligne - USA-GV.COM<\/title>\n<meta name=\"description\" content=\"Comment payer une demande ESTA en ligne pour finaliser la proc\u00e9dure et obtenir l&#039;autorisation de voyage pour les Etats Unis\" \/>\n<meta name=\"robots\" content=\"index, follow, max-snippet:-1, max-image-preview:large, max-video-preview:-1\" \/>\n<link rel=\"canonical\" href=\"https:\/\/usa-gv.com\/fr\/comment-payer-esta\/\" \/>\n<meta property=\"og:locale\" content=\"fr_FR\" \/>\n<meta property=\"og:type\" content=\"article\" \/>\n<meta property=\"og:title\" content=\"Comment payer un ESTA en ligne - USA-GV.COM\" \/>\n<meta property=\"og:description\" content=\"Comment payer une demande ESTA en ligne pour finaliser la proc\u00e9dure et obtenir l&#039;autorisation de voyage pour les Etats Unis\" \/>\n<meta property=\"og:url\" content=\"https:\/\/usa-gv.com\/fr\/comment-payer-esta\/\" \/>\n<meta property=\"og:site_name\" content=\"USA-GV.COM\" \/>\n<meta property=\"article:modified_time\" content=\"2025-04-07T08:36:48+00:00\" \/>\n<meta property=\"og:image\" content=\"https:\/\/usa-gv.com\/wp-content\/uploads\/2024\/04\/payer-esta-FR-1024x726.jpg\" \/>\n<meta name=\"twitter:card\" content=\"summary_large_image\" \/>\n<meta name=\"twitter:label1\" content=\"Dur\u00e9e de lecture estim\u00e9e\" \/>\n\t<meta name=\"twitter:data1\" content=\"2 minutes\" \/>\n<script type=\"application\/ld+json\" class=\"yoast-schema-graph\">{\"@context\":\"https:\/\/schema.org\",\"@graph\":[{\"@type\":\"WebPage\",\"@id\":\"https:\/\/usa-gv.com\/fr\/comment-payer-esta\/\",\"url\":\"https:\/\/usa-gv.com\/fr\/comment-payer-esta\/\",\"name\":\"Comment payer un ESTA en ligne - USA-GV.COM\",\"isPartOf\":{\"@id\":\"https:\/\/usa-gv.com\/fr\/#website\"},\"primaryImageOfPage\":{\"@id\":\"https:\/\/usa-gv.com\/fr\/comment-payer-esta\/#primaryimage\"},\"image\":{\"@id\":\"https:\/\/usa-gv.com\/fr\/comment-payer-esta\/#primaryimage\"},\"thumbnailUrl\":\"https:\/\/usa-gv.com\/wp-content\/uploads\/2024\/04\/payer-esta-FR-1024x726.jpg\",\"datePublished\":\"2024-03-12T09:17:22+00:00\",\"dateModified\":\"2025-04-07T08:36:48+00:00\",\"description\":\"Comment payer une demande ESTA en ligne pour finaliser la proc\u00e9dure et obtenir l'autorisation de voyage pour les Etats Unis\",\"breadcrumb\":{\"@id\":\"https:\/\/usa-gv.com\/fr\/comment-payer-esta\/#breadcrumb\"},\"inLanguage\":\"fr-FR\",\"potentialAction\":[{\"@type\":\"ReadAction\",\"target\":[\"https:\/\/usa-gv.com\/fr\/comment-payer-esta\/\"]}]},{\"@type\":\"ImageObject\",\"inLanguage\":\"fr-FR\",\"@id\":\"https:\/\/usa-gv.com\/fr\/comment-payer-esta\/#primaryimage\",\"url\":\"https:\/\/usa-gv.com\/wp-content\/uploads\/2024\/04\/payer-esta-FR-1024x726.jpg\",\"contentUrl\":\"https:\/\/usa-gv.com\/wp-content\/uploads\/2024\/04\/payer-esta-FR-1024x726.jpg\"},{\"@type\":\"BreadcrumbList\",\"@id\":\"https:\/\/usa-gv.com\/fr\/comment-payer-esta\/#breadcrumb\",\"itemListElement\":[{\"@type\":\"ListItem\",\"position\":1,\"name\":\"Home\",\"item\":\"https:\/\/usa-gv.com\/fr\/\"},{\"@type\":\"ListItem\",\"position\":2,\"name\":\"Comment payer un ESTA en ligne\"}]},{\"@type\":\"WebSite\",\"@id\":\"https:\/\/usa-gv.com\/fr\/#website\",\"url\":\"https:\/\/usa-gv.com\/fr\/\",\"name\":\"USA-GV.COM\",\"description\":\"\",\"potentialAction\":[{\"@type\":\"SearchAction\",\"target\":{\"@type\":\"EntryPoint\",\"urlTemplate\":\"https:\/\/usa-gv.com\/fr\/?s={search_term_string}\"},\"query-input\":{\"@type\":\"PropertyValueSpecification\",\"valueRequired\":true,\"valueName\":\"search_term_string\"}}],\"inLanguage\":\"fr-FR\"}]}<\/script>\n<!-- \/ Yoast SEO plugin. -->","yoast_head_json":{"title":"Comment payer un ESTA en ligne - USA-GV.COM","description":"Comment payer une demande ESTA en ligne pour finaliser la proc\u00e9dure et obtenir l'autorisation de voyage pour les Etats Unis","robots":{"index":"index","follow":"follow","max-snippet":"max-snippet:-1","max-image-preview":"max-image-preview:large","max-video-preview":"max-video-preview:-1"},"canonical":"https:\/\/usa-gv.com\/fr\/comment-payer-esta\/","og_locale":"fr_FR","og_type":"article","og_title":"Comment payer un ESTA en ligne - USA-GV.COM","og_description":"Comment payer une demande ESTA en ligne pour finaliser la proc\u00e9dure et obtenir l'autorisation de voyage pour les Etats Unis","og_url":"https:\/\/usa-gv.com\/fr\/comment-payer-esta\/","og_site_name":"USA-GV.COM","article_modified_time":"2025-04-07T08:36:48+00:00","og_image":[{"url":"https:\/\/usa-gv.com\/wp-content\/uploads\/2024\/04\/payer-esta-FR-1024x726.jpg","type":"","width":"","height":""}],"twitter_card":"summary_large_image","twitter_misc":{"Dur\u00e9e de lecture estim\u00e9e":"2 minutes"},"schema":{"@context":"https:\/\/schema.org","@graph":[{"@type":"WebPage","@id":"https:\/\/usa-gv.com\/fr\/comment-payer-esta\/","url":"https:\/\/usa-gv.com\/fr\/comment-payer-esta\/","name":"Comment payer un ESTA en ligne - USA-GV.COM","isPartOf":{"@id":"https:\/\/usa-gv.com\/fr\/#website"},"primaryImageOfPage":{"@id":"https:\/\/usa-gv.com\/fr\/comment-payer-esta\/#primaryimage"},"image":{"@id":"https:\/\/usa-gv.com\/fr\/comment-payer-esta\/#primaryimage"},"thumbnailUrl":"https:\/\/usa-gv.com\/wp-content\/uploads\/2024\/04\/payer-esta-FR-1024x726.jpg","datePublished":"2024-03-12T09:17:22+00:00","dateModified":"2025-04-07T08:36:48+00:00","description":"Comment payer une demande ESTA en ligne pour finaliser la proc\u00e9dure et obtenir l'autorisation de voyage pour les Etats Unis","breadcrumb":{"@id":"https:\/\/usa-gv.com\/fr\/comment-payer-esta\/#breadcrumb"},"inLanguage":"fr-FR","potentialAction":[{"@type":"ReadAction","target":["https:\/\/usa-gv.com\/fr\/comment-payer-esta\/"]}]},{"@type":"ImageObject","inLanguage":"fr-FR","@id":"https:\/\/usa-gv.com\/fr\/comment-payer-esta\/#primaryimage","url":"https:\/\/usa-gv.com\/wp-content\/uploads\/2024\/04\/payer-esta-FR-1024x726.jpg","contentUrl":"https:\/\/usa-gv.com\/wp-content\/uploads\/2024\/04\/payer-esta-FR-1024x726.jpg"},{"@type":"BreadcrumbList","@id":"https:\/\/usa-gv.com\/fr\/comment-payer-esta\/#breadcrumb","itemListElement":[{"@type":"ListItem","position":1,"name":"Home","item":"https:\/\/usa-gv.com\/fr\/"},{"@type":"ListItem","position":2,"name":"Comment payer un ESTA en ligne"}]},{"@type":"WebSite","@id":"https:\/\/usa-gv.com\/fr\/#website","url":"https:\/\/usa-gv.com\/fr\/","name":"USA-GV.COM","description":"","potentialAction":[{"@type":"SearchAction","target":{"@type":"EntryPoint","urlTemplate":"https:\/\/usa-gv.com\/fr\/?s={search_term_string}"},"query-input":{"@type":"PropertyValueSpecification","valueRequired":true,"valueName":"search_term_string"}}],"inLanguage":"fr-FR"}]}},"_links":{"self":[{"href":"https:\/\/usa-gv.com\/fr\/wp-json\/wp\/v2\/pages\/2432","targetHints":{"allow":["GET"]}}],"collection":[{"href":"https:\/\/usa-gv.com\/fr\/wp-json\/wp\/v2\/pages"}],"about":[{"href":"https:\/\/usa-gv.com\/fr\/wp-json\/wp\/v2\/types\/page"}],"author":[{"embeddable":true,"href":"https:\/\/usa-gv.com\/fr\/wp-json\/wp\/v2\/users\/1"}],"replies":[{"embeddable":true,"href":"https:\/\/usa-gv.com\/fr\/wp-json\/wp\/v2\/comments?post=2432"}],"version-history":[{"count":1,"href":"https:\/\/usa-gv.com\/fr\/wp-json\/wp\/v2\/pages\/2432\/revisions"}],"predecessor-version":[{"id":7488,"href":"https:\/\/usa-gv.com\/fr\/wp-json\/wp\/v2\/pages\/2432\/revisions\/7488"}],"wp:attachment":[{"href":"https:\/\/usa-gv.com\/fr\/wp-json\/wp\/v2\/media?parent=2432"}],"curies":[{"name":"wp","href":"https:\/\/api.w.org\/{rel}","templated":true}]}}