{"id":2429,"date":"2024-03-12T09:15:27","date_gmt":"2024-03-12T09:15:27","guid":{"rendered":"https:\/\/usa-gv.com\/?page_id=2429"},"modified":"2025-04-07T08:45:24","modified_gmt":"2025-04-07T08:45:24","slug":"questions-formulaire-esta","status":"publish","type":"page","link":"https:\/\/usa-gv.com\/fr\/questions-formulaire-esta\/","title":{"rendered":"Les questions du formulaire ESTA en ligne"},"content":{"rendered":"\n<h1 class=\"wp-block-heading\">Quelles sont les questions pos\u00e9es dans le formulaire ESTA<\/h1>\n\n\n\n<p>Le formulaire ESTA se compl\u00e8te en ligne. Il comprend trois parties distinctes d&rsquo;informations \u00e0 compl\u00e9ter pour valider la demande en ligne d&rsquo;une autorisation de voyage ESTA.<\/p>\n\n\n\n<p>Ces trois grandes rubriques sont dans l\u2019ordre :<\/p>\n\n\n\n<ul class=\"wp-block-list\">\n<li>Les informations personnelles d\u2019identit\u00e9 du voyageur ;<\/li>\n\n\n\n<li>Les informations de voyage aux Etats-Unis ;<\/li>\n\n\n\n<li>Les questions concernant l\u2019\u00e9tat de sant\u00e9, les intentions et les ant\u00e9c\u00e9dents judiciaires du voyageur.<\/li>\n<\/ul>\n\n\n\n<div style=\"height:10px\" aria-hidden=\"true\" class=\"wp-block-spacer\"><\/div>\n\n\n\n<p><strong>Pour compl\u00e9ter le formulaire<\/strong> il suffit de cliquer sur <a href=\"https:\/\/usa-gv.com\/fr\/formulaire-esta-en-ligne\/\">formulaire ESTA en ligne<\/a>.<\/p>\n\n\n\n<div style=\"height:10px\" aria-hidden=\"true\" class=\"wp-block-spacer\"><\/div>\n\n\n\n<h2 class=\"wp-block-heading\">Les renseignements personnels du voyageur<\/h2>\n\n\n\n<p>Dans cette premi\u00e8re partie du questionnaire, le candidat doit renseigner toutes ses informations personnelles d&rsquo;identit\u00e9. Les donn\u00e9es \u00e0 saisir sont principalement : Noms et pr\u00e9noms, date et ville de naissance, sexe, statut marital, adresse email, identit\u00e9 des parents, contact du dernier employeur.<\/p>\n\n\n\n<p>Depuis d\u00e9cembre 2022, il est n\u00e9cessaire de t\u00e9l\u00e9charger son <a href=\"https:\/\/usa-gv.com\/fr\/passeport-pour-les-usa\/\">passeport pour les USA<\/a> en ligne pour valider les informations saisies dans la premi\u00e8re partie du formulaire.<\/p>\n\n\n\n<h2 class=\"wp-block-heading\">Les informations de voyage aux Etats-Unis<\/h2>\n\n\n\n<p>La deuxi\u00e8me partie du formulaire du <a href=\"https:\/\/usa-gv.com\/fr\/esta-site-web-officiel\/\">site officiel ESTA<\/a> permet de renseigner les informations de voyage sur le territoire am\u00e9ricain. Le voyageur doit renseigner les informations concernant la compagnie d\u2019aviation, la ville d&#8217;embarquement du voyage et le lieu de r\u00e9sidence aux USA pendant le s\u00e9jour.<\/p>\n\n\n\n<p>Il est n\u00e9cessaire pour finir d&rsquo;indiquer les coordonn\u00e9es de la personne \u00e0 contacter en urgence, qu\u2019elle se trouve aux \u00c9tats-Unis ou hors du territoire am\u00e9ricain.<\/p>\n\n\n\n<h2 class=\"wp-block-heading\">Les questions sur l&rsquo;\u00e9tat de sant\u00e9 et les ant\u00e9c\u00e9dents judiciaires<\/h2>\n\n\n\n<p>La derni\u00e8re partie du questionnaire comprend 10 questions d\u2019admissibilit\u00e9. Ces questions permettent aux autorit\u00e9s am\u00e9ricaines de d\u00e9terminer l\u2019admissibilit\u00e9 du voyageur aux \u00c9tats-Unis dans le cadre du <a href=\"https:\/\/usa-gv.com\/fr\/visa-waiver-program-usa\/\">Visa Waiver Program<\/a>. Les questions sont ferm\u00e9es, il faut r\u00e9pondre uniquement par OUI ou par NON. Voici les th\u00e8mes des questions :<\/p>\n\n\n\n<ul class=\"wp-block-list\">\n<li>La sant\u00e9 personnelle du voyageur<\/li>\n\n\n\n<li>Ses ant\u00e9c\u00e9dents criminels<\/li>\n\n\n\n<li>Ses ant\u00e9c\u00e9dents en mati\u00e8re de drogue<\/li>\n\n\n\n<li>Ses potentielles activit\u00e9s li\u00e9es au terrorisme<\/li>\n\n\n\n<li>Les aspirations professionnelles du demandeur aux \u00c9tats-Unis<\/li>\n\n\n\n<li>Ses ant\u00e9c\u00e9dents en mati\u00e8re de demande de visa aux USA<\/li>\n\n\n\n<li>Ses pr\u00e9c\u00e9dents voyages dans les pays d\u2019Afrique et du Moyen-Orient.<\/li>\n<\/ul>\n\n\n\n<div style=\"height:10px\" aria-hidden=\"true\" class=\"wp-block-spacer\"><\/div>\n\n\n\n<p>La derni\u00e8re case \u00e0 cocher permet au voyageur d\u2019attester qu&rsquo;il a lu et compris le formulaire ESTA compl\u00e9t\u00e9. Le voyageur renonce au droit de contester la d\u00e9cision que pourra prendre l\u2019agent charg\u00e9 de l\u2019immigration lors du passage aux douanes \u00e0 l&rsquo;arriv\u00e9e aux \u00c9tats-Unis.<\/p>\n\n\n\n<h2 class=\"wp-block-heading\">Quels sont les documents n\u00e9cessaires pour r\u00e9pondre aux questions ESTA ?<\/h2>\n\n\n\n<p>Pour compl\u00e9ter les questions du formulaire ESTA en ligne, le voyageur doit avoir avec lui les <a href=\"https:\/\/usa-gv.com\/fr\/documents-voyage-etats-unis\/\">documents de voyage pour les Etats Unis<\/a> suivants :<\/p>\n\n\n\n<ul class=\"wp-block-list\">\n<li>Le <a href=\"https:\/\/usa-gv.com\/fr\/passeport-pour-les-usa\/\">passeport valide pour les USA<\/a> ;<\/li>\n\n\n\n<li>Les informations du billet d\u2019avion pour les USA ;<\/li>\n\n\n\n<li>Une carte bancaire pour <a href=\"https:\/\/usa-gv.com\/fr\/comment-payer-esta\/\">payer l&rsquo;ESTA<\/a>.<\/li>\n<\/ul>\n","protected":false},"excerpt":{"rendered":"<p>Quelles sont les questions pos\u00e9es dans le formulaire ESTA Le formulaire ESTA se compl\u00e8te en ligne. Il comprend trois parties distinctes d&rsquo;informations \u00e0 compl\u00e9ter pour valider la demande en ligne d&rsquo;une autorisation de voyage ESTA. Ces trois grandes rubriques sont dans l\u2019ordre : Pour compl\u00e9ter le formulaire il suffit de cliquer sur formulaire ESTA en [&hellip;]<\/p>\n","protected":false},"author":1,"featured_media":0,"parent":0,"menu_order":0,"comment_status":"closed","ping_status":"closed","template":"","meta":{"footnotes":""},"class_list":["post-2429","page","type-page","status-publish","hentry"],"yoast_head":"<!-- This site is optimized with the Yoast SEO plugin v26.6 - https:\/\/yoast.com\/wordpress\/plugins\/seo\/ -->\n<title>Les questions du formulaire ESTA en ligne - USA-GV.COM<\/title>\n<meta name=\"description\" content=\"D\u00e9couvrez l&#039;ensemble des questions \u00e0 compl\u00e9ter dans le formulaire ESTA pour valider une demande ESTA en ligne\" \/>\n<meta name=\"robots\" content=\"index, follow, max-snippet:-1, max-image-preview:large, max-video-preview:-1\" \/>\n<link rel=\"canonical\" href=\"https:\/\/usa-gv.com\/fr\/questions-formulaire-esta\/\" \/>\n<meta property=\"og:locale\" content=\"fr_FR\" \/>\n<meta property=\"og:type\" content=\"article\" \/>\n<meta property=\"og:title\" content=\"Les questions du formulaire ESTA en ligne - USA-GV.COM\" \/>\n<meta property=\"og:description\" content=\"D\u00e9couvrez l&#039;ensemble des questions \u00e0 compl\u00e9ter dans le formulaire ESTA pour valider une demande ESTA en ligne\" \/>\n<meta property=\"og:url\" content=\"https:\/\/usa-gv.com\/fr\/questions-formulaire-esta\/\" \/>\n<meta property=\"og:site_name\" content=\"USA-GV.COM\" \/>\n<meta property=\"article:modified_time\" content=\"2025-04-07T08:45:24+00:00\" \/>\n<meta name=\"twitter:card\" content=\"summary_large_image\" \/>\n<meta name=\"twitter:label1\" content=\"Dur\u00e9e de lecture estim\u00e9e\" \/>\n\t<meta name=\"twitter:data1\" content=\"3 minutes\" \/>\n<script type=\"application\/ld+json\" class=\"yoast-schema-graph\">{\"@context\":\"https:\/\/schema.org\",\"@graph\":[{\"@type\":\"WebPage\",\"@id\":\"https:\/\/usa-gv.com\/fr\/questions-formulaire-esta\/\",\"url\":\"https:\/\/usa-gv.com\/fr\/questions-formulaire-esta\/\",\"name\":\"Les questions du formulaire ESTA en ligne - USA-GV.COM\",\"isPartOf\":{\"@id\":\"https:\/\/usa-gv.com\/fr\/#website\"},\"datePublished\":\"2024-03-12T09:15:27+00:00\",\"dateModified\":\"2025-04-07T08:45:24+00:00\",\"description\":\"D\u00e9couvrez l'ensemble des questions \u00e0 compl\u00e9ter dans le formulaire ESTA pour valider une demande ESTA en ligne\",\"breadcrumb\":{\"@id\":\"https:\/\/usa-gv.com\/fr\/questions-formulaire-esta\/#breadcrumb\"},\"inLanguage\":\"fr-FR\",\"potentialAction\":[{\"@type\":\"ReadAction\",\"target\":[\"https:\/\/usa-gv.com\/fr\/questions-formulaire-esta\/\"]}]},{\"@type\":\"BreadcrumbList\",\"@id\":\"https:\/\/usa-gv.com\/fr\/questions-formulaire-esta\/#breadcrumb\",\"itemListElement\":[{\"@type\":\"ListItem\",\"position\":1,\"name\":\"Home\",\"item\":\"https:\/\/usa-gv.com\/fr\/\"},{\"@type\":\"ListItem\",\"position\":2,\"name\":\"Les questions du formulaire ESTA en ligne\"}]},{\"@type\":\"WebSite\",\"@id\":\"https:\/\/usa-gv.com\/fr\/#website\",\"url\":\"https:\/\/usa-gv.com\/fr\/\",\"name\":\"USA-GV.COM\",\"description\":\"\",\"potentialAction\":[{\"@type\":\"SearchAction\",\"target\":{\"@type\":\"EntryPoint\",\"urlTemplate\":\"https:\/\/usa-gv.com\/fr\/?s={search_term_string}\"},\"query-input\":{\"@type\":\"PropertyValueSpecification\",\"valueRequired\":true,\"valueName\":\"search_term_string\"}}],\"inLanguage\":\"fr-FR\"}]}<\/script>\n<!-- \/ Yoast SEO plugin. -->","yoast_head_json":{"title":"Les questions du formulaire ESTA en ligne - USA-GV.COM","description":"D\u00e9couvrez l'ensemble des questions \u00e0 compl\u00e9ter dans le formulaire ESTA pour valider une demande ESTA en ligne","robots":{"index":"index","follow":"follow","max-snippet":"max-snippet:-1","max-image-preview":"max-image-preview:large","max-video-preview":"max-video-preview:-1"},"canonical":"https:\/\/usa-gv.com\/fr\/questions-formulaire-esta\/","og_locale":"fr_FR","og_type":"article","og_title":"Les questions du formulaire ESTA en ligne - USA-GV.COM","og_description":"D\u00e9couvrez l'ensemble des questions \u00e0 compl\u00e9ter dans le formulaire ESTA pour valider une demande ESTA en ligne","og_url":"https:\/\/usa-gv.com\/fr\/questions-formulaire-esta\/","og_site_name":"USA-GV.COM","article_modified_time":"2025-04-07T08:45:24+00:00","twitter_card":"summary_large_image","twitter_misc":{"Dur\u00e9e de lecture estim\u00e9e":"3 minutes"},"schema":{"@context":"https:\/\/schema.org","@graph":[{"@type":"WebPage","@id":"https:\/\/usa-gv.com\/fr\/questions-formulaire-esta\/","url":"https:\/\/usa-gv.com\/fr\/questions-formulaire-esta\/","name":"Les questions du formulaire ESTA en ligne - USA-GV.COM","isPartOf":{"@id":"https:\/\/usa-gv.com\/fr\/#website"},"datePublished":"2024-03-12T09:15:27+00:00","dateModified":"2025-04-07T08:45:24+00:00","description":"D\u00e9couvrez l'ensemble des questions \u00e0 compl\u00e9ter dans le formulaire ESTA pour valider une demande ESTA en ligne","breadcrumb":{"@id":"https:\/\/usa-gv.com\/fr\/questions-formulaire-esta\/#breadcrumb"},"inLanguage":"fr-FR","potentialAction":[{"@type":"ReadAction","target":["https:\/\/usa-gv.com\/fr\/questions-formulaire-esta\/"]}]},{"@type":"BreadcrumbList","@id":"https:\/\/usa-gv.com\/fr\/questions-formulaire-esta\/#breadcrumb","itemListElement":[{"@type":"ListItem","position":1,"name":"Home","item":"https:\/\/usa-gv.com\/fr\/"},{"@type":"ListItem","position":2,"name":"Les questions du formulaire ESTA en ligne"}]},{"@type":"WebSite","@id":"https:\/\/usa-gv.com\/fr\/#website","url":"https:\/\/usa-gv.com\/fr\/","name":"USA-GV.COM","description":"","potentialAction":[{"@type":"SearchAction","target":{"@type":"EntryPoint","urlTemplate":"https:\/\/usa-gv.com\/fr\/?s={search_term_string}"},"query-input":{"@type":"PropertyValueSpecification","valueRequired":true,"valueName":"search_term_string"}}],"inLanguage":"fr-FR"}]}},"_links":{"self":[{"href":"https:\/\/usa-gv.com\/fr\/wp-json\/wp\/v2\/pages\/2429","targetHints":{"allow":["GET"]}}],"collection":[{"href":"https:\/\/usa-gv.com\/fr\/wp-json\/wp\/v2\/pages"}],"about":[{"href":"https:\/\/usa-gv.com\/fr\/wp-json\/wp\/v2\/types\/page"}],"author":[{"embeddable":true,"href":"https:\/\/usa-gv.com\/fr\/wp-json\/wp\/v2\/users\/1"}],"replies":[{"embeddable":true,"href":"https:\/\/usa-gv.com\/fr\/wp-json\/wp\/v2\/comments?post=2429"}],"version-history":[{"count":1,"href":"https:\/\/usa-gv.com\/fr\/wp-json\/wp\/v2\/pages\/2429\/revisions"}],"predecessor-version":[{"id":7609,"href":"https:\/\/usa-gv.com\/fr\/wp-json\/wp\/v2\/pages\/2429\/revisions\/7609"}],"wp:attachment":[{"href":"https:\/\/usa-gv.com\/fr\/wp-json\/wp\/v2\/media?parent=2429"}],"curies":[{"name":"wp","href":"https:\/\/api.w.org\/{rel}","templated":true}]}}