{"id":2425,"date":"2024-03-12T09:13:25","date_gmt":"2024-03-12T09:13:25","guid":{"rendered":"https:\/\/usa-gv.com\/?page_id=2425"},"modified":"2025-04-07T08:46:20","modified_gmt":"2025-04-07T08:46:20","slug":"remplir-formulaire-esta","status":"publish","type":"page","link":"https:\/\/usa-gv.com\/fr\/remplir-formulaire-esta\/","title":{"rendered":"Remplir le formulaire ESTA en ligne"},"content":{"rendered":"\n<h1 class=\"wp-block-heading\">Comment remplir son formulaire ESTA<\/h1>\n\n\n\n<p>Remplir correctement le <a href=\"https:\/\/usa-gv.com\/fr\/formulaire-esta-en-ligne\/\">formulaire ESTA en ligne<\/a> est primordial pour s&rsquo;assurer l&rsquo;approbation d&rsquo;une demande ESTA. La proc\u00e9dure en ligne comprend diff\u00e9rentes pages de formulaire qui permettent de renseigner les \u00e9l\u00e9ments suivants :<\/p>\n\n\n\n<ol class=\"wp-block-list\">\n<li>Les informations personnelles<\/li>\n\n\n\n<li>Les coordonn\u00e9es de contact<\/li>\n\n\n\n<li>Les informations sur le voyage<\/li>\n\n\n\n<li>R\u00e9pondre aux questions de s\u00e9curit\u00e9 et d&rsquo;admissibilit\u00e9<\/li>\n\n\n\n<li>V\u00e9rifier les informations saisies et effectuer le paiement<\/li>\n<\/ol>\n\n\n\n<div style=\"height:10px\" aria-hidden=\"true\" class=\"wp-block-spacer\"><\/div>\n\n\n\n<p><strong>Pour effectuer votre demande maintenant<\/strong>, il suffit de cliquer sur <a href=\"https:\/\/usa-gv.com\/fr\/formulaire-esta-en-ligne\/\">formulaire ESTA en ligne<\/a>.<\/p>\n\n\n\n<div style=\"height:10px\" aria-hidden=\"true\" class=\"wp-block-spacer\"><\/div>\n\n\n\n<h2 class=\"wp-block-heading\">Les \u00e9tapes du formulaire en ligne<\/h2>\n\n\n\n<p><\/p>\n\n\n\n<figure class=\"wp-block-image size-full\"><img fetchpriority=\"high\" decoding=\"async\" width=\"1024\" height=\"160\" src=\"https:\/\/usa-gv.com\/wp-content\/uploads\/2024\/05\/Processus-obtention-esta-en-ligne.jpg\" alt=\"Comment remplir le formulaire ESTA\" class=\"wp-image-4483\" srcset=\"https:\/\/usa-gv.com\/wp-content\/uploads\/2024\/05\/Processus-obtention-esta-en-ligne.jpg 1024w, https:\/\/usa-gv.com\/wp-content\/uploads\/2024\/05\/Processus-obtention-esta-en-ligne-300x47.jpg 300w, https:\/\/usa-gv.com\/wp-content\/uploads\/2024\/05\/Processus-obtention-esta-en-ligne-768x120.jpg 768w\" sizes=\"(max-width: 1024px) 100vw, 1024px\" \/><figcaption class=\"wp-element-caption\">D\u00e9roulement de la proc\u00e9dure pour obtenir une ESTA <\/figcaption><\/figure>\n","protected":false},"excerpt":{"rendered":"<p>Comment remplir son formulaire ESTA Remplir correctement le formulaire ESTA en ligne est primordial pour s&rsquo;assurer l&rsquo;approbation d&rsquo;une demande ESTA. La proc\u00e9dure en ligne comprend diff\u00e9rentes pages de formulaire qui permettent de renseigner les \u00e9l\u00e9ments suivants : Pour effectuer votre demande maintenant, il suffit de cliquer sur formulaire ESTA en ligne. Les \u00e9tapes du formulaire [&hellip;]<\/p>\n","protected":false},"author":1,"featured_media":0,"parent":0,"menu_order":0,"comment_status":"closed","ping_status":"closed","template":"","meta":{"footnotes":""},"class_list":["post-2425","page","type-page","status-publish","hentry"],"yoast_head":"<!-- This site is optimized with the Yoast SEO plugin v26.6 - https:\/\/yoast.com\/wordpress\/plugins\/seo\/ -->\n<title>Remplir le formulaire ESTA en ligne - USA-GV.COM<\/title>\n<meta name=\"description\" content=\"Comment remplir le formulaire ESTA pour obtenir son autorisation de voyage officielle pour les Etats Unis en quelques minutes\" \/>\n<meta name=\"robots\" content=\"index, follow, max-snippet:-1, max-image-preview:large, max-video-preview:-1\" \/>\n<link rel=\"canonical\" href=\"https:\/\/usa-gv.com\/fr\/remplir-formulaire-esta\/\" \/>\n<meta property=\"og:locale\" content=\"fr_FR\" \/>\n<meta property=\"og:type\" content=\"article\" \/>\n<meta property=\"og:title\" content=\"Remplir le formulaire ESTA en ligne - USA-GV.COM\" \/>\n<meta property=\"og:description\" content=\"Comment remplir le formulaire ESTA pour obtenir son autorisation de voyage officielle pour les Etats Unis en quelques minutes\" \/>\n<meta property=\"og:url\" content=\"https:\/\/usa-gv.com\/fr\/remplir-formulaire-esta\/\" \/>\n<meta property=\"og:site_name\" content=\"USA-GV.COM\" \/>\n<meta property=\"article:modified_time\" content=\"2025-04-07T08:46:20+00:00\" \/>\n<meta property=\"og:image\" content=\"https:\/\/usa-gv.com\/wp-content\/uploads\/2024\/05\/Processus-obtention-esta-en-ligne.jpg\" \/>\n<meta name=\"twitter:card\" content=\"summary_large_image\" \/>\n<meta name=\"twitter:label1\" content=\"Dur\u00e9e de lecture estim\u00e9e\" \/>\n\t<meta name=\"twitter:data1\" content=\"1 minute\" \/>\n<script type=\"application\/ld+json\" class=\"yoast-schema-graph\">{\"@context\":\"https:\/\/schema.org\",\"@graph\":[{\"@type\":\"WebPage\",\"@id\":\"https:\/\/usa-gv.com\/fr\/remplir-formulaire-esta\/\",\"url\":\"https:\/\/usa-gv.com\/fr\/remplir-formulaire-esta\/\",\"name\":\"Remplir le formulaire ESTA en ligne - USA-GV.COM\",\"isPartOf\":{\"@id\":\"https:\/\/usa-gv.com\/fr\/#website\"},\"primaryImageOfPage\":{\"@id\":\"https:\/\/usa-gv.com\/fr\/remplir-formulaire-esta\/#primaryimage\"},\"image\":{\"@id\":\"https:\/\/usa-gv.com\/fr\/remplir-formulaire-esta\/#primaryimage\"},\"thumbnailUrl\":\"https:\/\/usa-gv.com\/wp-content\/uploads\/2024\/05\/Processus-obtention-esta-en-ligne.jpg\",\"datePublished\":\"2024-03-12T09:13:25+00:00\",\"dateModified\":\"2025-04-07T08:46:20+00:00\",\"description\":\"Comment remplir le formulaire ESTA pour obtenir son autorisation de voyage officielle pour les Etats Unis en quelques minutes\",\"breadcrumb\":{\"@id\":\"https:\/\/usa-gv.com\/fr\/remplir-formulaire-esta\/#breadcrumb\"},\"inLanguage\":\"fr-FR\",\"potentialAction\":[{\"@type\":\"ReadAction\",\"target\":[\"https:\/\/usa-gv.com\/fr\/remplir-formulaire-esta\/\"]}]},{\"@type\":\"ImageObject\",\"inLanguage\":\"fr-FR\",\"@id\":\"https:\/\/usa-gv.com\/fr\/remplir-formulaire-esta\/#primaryimage\",\"url\":\"https:\/\/usa-gv.com\/wp-content\/uploads\/2024\/05\/Processus-obtention-esta-en-ligne.jpg\",\"contentUrl\":\"https:\/\/usa-gv.com\/wp-content\/uploads\/2024\/05\/Processus-obtention-esta-en-ligne.jpg\"},{\"@type\":\"BreadcrumbList\",\"@id\":\"https:\/\/usa-gv.com\/fr\/remplir-formulaire-esta\/#breadcrumb\",\"itemListElement\":[{\"@type\":\"ListItem\",\"position\":1,\"name\":\"Home\",\"item\":\"https:\/\/usa-gv.com\/fr\/\"},{\"@type\":\"ListItem\",\"position\":2,\"name\":\"Remplir le formulaire ESTA en ligne\"}]},{\"@type\":\"WebSite\",\"@id\":\"https:\/\/usa-gv.com\/fr\/#website\",\"url\":\"https:\/\/usa-gv.com\/fr\/\",\"name\":\"USA-GV.COM\",\"description\":\"\",\"potentialAction\":[{\"@type\":\"SearchAction\",\"target\":{\"@type\":\"EntryPoint\",\"urlTemplate\":\"https:\/\/usa-gv.com\/fr\/?s={search_term_string}\"},\"query-input\":{\"@type\":\"PropertyValueSpecification\",\"valueRequired\":true,\"valueName\":\"search_term_string\"}}],\"inLanguage\":\"fr-FR\"}]}<\/script>\n<!-- \/ Yoast SEO plugin. -->","yoast_head_json":{"title":"Remplir le formulaire ESTA en ligne - USA-GV.COM","description":"Comment remplir le formulaire ESTA pour obtenir son autorisation de voyage officielle pour les Etats Unis en quelques minutes","robots":{"index":"index","follow":"follow","max-snippet":"max-snippet:-1","max-image-preview":"max-image-preview:large","max-video-preview":"max-video-preview:-1"},"canonical":"https:\/\/usa-gv.com\/fr\/remplir-formulaire-esta\/","og_locale":"fr_FR","og_type":"article","og_title":"Remplir le formulaire ESTA en ligne - USA-GV.COM","og_description":"Comment remplir le formulaire ESTA pour obtenir son autorisation de voyage officielle pour les Etats Unis en quelques minutes","og_url":"https:\/\/usa-gv.com\/fr\/remplir-formulaire-esta\/","og_site_name":"USA-GV.COM","article_modified_time":"2025-04-07T08:46:20+00:00","og_image":[{"url":"https:\/\/usa-gv.com\/wp-content\/uploads\/2024\/05\/Processus-obtention-esta-en-ligne.jpg","type":"","width":"","height":""}],"twitter_card":"summary_large_image","twitter_misc":{"Dur\u00e9e de lecture estim\u00e9e":"1 minute"},"schema":{"@context":"https:\/\/schema.org","@graph":[{"@type":"WebPage","@id":"https:\/\/usa-gv.com\/fr\/remplir-formulaire-esta\/","url":"https:\/\/usa-gv.com\/fr\/remplir-formulaire-esta\/","name":"Remplir le formulaire ESTA en ligne - USA-GV.COM","isPartOf":{"@id":"https:\/\/usa-gv.com\/fr\/#website"},"primaryImageOfPage":{"@id":"https:\/\/usa-gv.com\/fr\/remplir-formulaire-esta\/#primaryimage"},"image":{"@id":"https:\/\/usa-gv.com\/fr\/remplir-formulaire-esta\/#primaryimage"},"thumbnailUrl":"https:\/\/usa-gv.com\/wp-content\/uploads\/2024\/05\/Processus-obtention-esta-en-ligne.jpg","datePublished":"2024-03-12T09:13:25+00:00","dateModified":"2025-04-07T08:46:20+00:00","description":"Comment remplir le formulaire ESTA pour obtenir son autorisation de voyage officielle pour les Etats Unis en quelques minutes","breadcrumb":{"@id":"https:\/\/usa-gv.com\/fr\/remplir-formulaire-esta\/#breadcrumb"},"inLanguage":"fr-FR","potentialAction":[{"@type":"ReadAction","target":["https:\/\/usa-gv.com\/fr\/remplir-formulaire-esta\/"]}]},{"@type":"ImageObject","inLanguage":"fr-FR","@id":"https:\/\/usa-gv.com\/fr\/remplir-formulaire-esta\/#primaryimage","url":"https:\/\/usa-gv.com\/wp-content\/uploads\/2024\/05\/Processus-obtention-esta-en-ligne.jpg","contentUrl":"https:\/\/usa-gv.com\/wp-content\/uploads\/2024\/05\/Processus-obtention-esta-en-ligne.jpg"},{"@type":"BreadcrumbList","@id":"https:\/\/usa-gv.com\/fr\/remplir-formulaire-esta\/#breadcrumb","itemListElement":[{"@type":"ListItem","position":1,"name":"Home","item":"https:\/\/usa-gv.com\/fr\/"},{"@type":"ListItem","position":2,"name":"Remplir le formulaire ESTA en ligne"}]},{"@type":"WebSite","@id":"https:\/\/usa-gv.com\/fr\/#website","url":"https:\/\/usa-gv.com\/fr\/","name":"USA-GV.COM","description":"","potentialAction":[{"@type":"SearchAction","target":{"@type":"EntryPoint","urlTemplate":"https:\/\/usa-gv.com\/fr\/?s={search_term_string}"},"query-input":{"@type":"PropertyValueSpecification","valueRequired":true,"valueName":"search_term_string"}}],"inLanguage":"fr-FR"}]}},"_links":{"self":[{"href":"https:\/\/usa-gv.com\/fr\/wp-json\/wp\/v2\/pages\/2425","targetHints":{"allow":["GET"]}}],"collection":[{"href":"https:\/\/usa-gv.com\/fr\/wp-json\/wp\/v2\/pages"}],"about":[{"href":"https:\/\/usa-gv.com\/fr\/wp-json\/wp\/v2\/types\/page"}],"author":[{"embeddable":true,"href":"https:\/\/usa-gv.com\/fr\/wp-json\/wp\/v2\/users\/1"}],"replies":[{"embeddable":true,"href":"https:\/\/usa-gv.com\/fr\/wp-json\/wp\/v2\/comments?post=2425"}],"version-history":[{"count":1,"href":"https:\/\/usa-gv.com\/fr\/wp-json\/wp\/v2\/pages\/2425\/revisions"}],"predecessor-version":[{"id":7703,"href":"https:\/\/usa-gv.com\/fr\/wp-json\/wp\/v2\/pages\/2425\/revisions\/7703"}],"wp:attachment":[{"href":"https:\/\/usa-gv.com\/fr\/wp-json\/wp\/v2\/media?parent=2425"}],"curies":[{"name":"wp","href":"https:\/\/api.w.org\/{rel}","templated":true}]}}