{"id":2418,"date":"2024-03-12T09:05:20","date_gmt":"2024-03-12T09:05:20","guid":{"rendered":"https:\/\/usa-gv.com\/?page_id=2418"},"modified":"2025-04-07T08:36:30","modified_gmt":"2025-04-07T08:36:30","slug":"comment-faire-une-demande-esta","status":"publish","type":"page","link":"https:\/\/usa-gv.com\/fr\/comment-faire-une-demande-esta\/","title":{"rendered":"Comment faire une demande ESTA pour les USA"},"content":{"rendered":"\n<h1 class=\"wp-block-heading\">Comment faire la demande ESTA pour les Etats Unis<\/h1>\n\n\n\n<p>L&rsquo;ESTA est une autorisation de voyage \u00e9lectronique. Elle ne s&rsquo;obtient uniquement en ligne, les voyageurs doivent faire leur demande sur le web. Voici les \u00e9tapes pour faire une demande d&rsquo;autorisation ESTA. <\/p>\n\n\n\n<h2 class=\"wp-block-heading\">S&rsquo;assurer que les conditions du s\u00e9jour permettent d&rsquo;obtenir une autorisation ESTA<\/h2>\n\n\n\n<p>Tous les voyageurs qui souhaitent embarquer pour les Etats Unis doivent \u00eatre au pr\u00e9alable en possession d&rsquo;une autorisation de voyage. Les voyageurs doivent <a href=\"https:\/\/usa-gv.com\/fr\/regles-eligibilite-esta\/\">v\u00e9rifier leur \u00e9ligibilit\u00e9 \u00e0 l&rsquo;ESTA<\/a> avant d&rsquo;effectuer une demande en ligne. Voici les principales conditions :<\/p>\n\n\n\n<ul class=\"wp-block-list\">\n<li>Seuls les ressortissants des pays membres du <a href=\"https:\/\/usa-gv.com\/fr\/visa-waiver-program-usa\/\">Visa Vaiwer Program<\/a> peuvent demander une ESTA ;<\/li>\n\n\n\n<li>Le s\u00e9jour aux Etats Unis doit durer au maximum 90 jours<\/li>\n\n\n\n<li>Le motif du s\u00e9jour peut \u00eatre uniquement un voyage touristique ou un voyage d&rsquo;affaires. Il est \u00e9galement possible d&rsquo;obtenir une <a href=\"https:\/\/usa-gv.com\/fr\/esta-transit-usa\/\">ESTA pour un transit aux USA<\/a>. <\/li>\n<\/ul>\n\n\n\n<div style=\"height:10px\" aria-hidden=\"true\" class=\"wp-block-spacer\"><\/div>\n\n\n\n<h2 class=\"wp-block-heading\">Effectuer sa demande en ligne<\/h2>\n\n\n\n<p>Pour effectuer sa demande, il suffit de compl\u00e9ter le <a href=\"https:\/\/usa-gv.com\/fr\/formulaire-esta-en-ligne\/\">formulaire ESTA en ligne<\/a> en renseignant l&rsquo;ensemble des informations d&rsquo;identit\u00e9 personnelle et celles li\u00e9es au voyage aux USA. Pour plus d&rsquo;informations sur les <a href=\"https:\/\/usa-gv.com\/fr\/questions-formulaire-esta\/\">questions du formulaire ESTA<\/a>, nous vous avons d\u00e9taill\u00e9 les \u00e9tapes pour bien <a href=\"https:\/\/usa-gv.com\/fr\/remplir-formulaire-esta\/\">remplir le formulaire ESTA<\/a>.<\/p>\n\n\n\n<p>Le processus ne prend que quelques minutes si le voyageur est en possession de son <a href=\"https:\/\/usa-gv.com\/fr\/passeport-pour-les-usa\/\">passeport valable pour les USA<\/a>.<\/p>\n\n\n\n<h2 class=\"wp-block-heading\">Payer les frais administratifs obligatoires<\/h2>\n\n\n\n<p>Pour valider sa demande en ligne, le voyageur doit effectuer le <a href=\"https:\/\/usa-gv.com\/fr\/comment-payer-esta\/\">paiement de l&rsquo;ESTA<\/a> par carte bancaire directement apr\u00e8s avoir soumis le formulaire compl\u00e9t\u00e9. Le prix a vari\u00e9 \u00e0 plusieurs reprises depuis que l&rsquo;autorisation ESTA existe. Ces frais servent \u00e0 financer :<\/p>\n\n\n\n<ul class=\"wp-block-list\">\n<li>Les services du <a href=\"https:\/\/www.dhs.gov\/\">Homeland Security Department<\/a> (DHS) qui g\u00e8rent les autorisations ESTA ;<\/li>\n\n\n\n<li>Le d\u00e9veloppement du tourisme aux Etats Unis.<\/li>\n<\/ul>\n\n\n\n<div style=\"height:10px\" aria-hidden=\"true\" class=\"wp-block-spacer\"><\/div>\n\n\n\n<h2 class=\"wp-block-heading\">Patienter pour obtenir la r\u00e9ponse du DHS<\/h2>\n\n\n\n<p>Le voyageur obtient en 72 heures maximum la r\u00e9ponse par e-mail de la part des services du DHS. Il peut ensuite se connecter sur le <a href=\"https:\/\/usa-gv.com\/fr\/esta-site-web-officiel\/\">site officiel de l&rsquo;ESTA<\/a> pour <a href=\"https:\/\/usa-gv.com\/fr\/verifier-validite-esta\/\">v\u00e9rifier la validit\u00e9 de son ESTA<\/a>.<\/p>\n\n\n\n<h2 class=\"wp-block-heading\">Imprimer son autorisation ESTA approuv\u00e9e<\/h2>\n\n\n\n<p>Lorsque l&rsquo;autorisation ESTA est approuv\u00e9e, il est recommand\u00e9 d&rsquo;avoir <a href=\"https:\/\/usa-gv.com\/fr\/imprimer-esta\/\">imprim\u00e9 son ESTA<\/a> avant d&#8217;embarquer. Cette proc\u00e9dure n&rsquo;est aucunement obligatoire, il n&rsquo;est pas n\u00e9cessaire de pr\u00e9senter son ESTA \u00e0 l&rsquo;a\u00e9roport ou \u00e0 l&rsquo;arriv\u00e9e aux Etats Unis. Cependant, il est toujours plus prudent de l&rsquo;avoir en sa possession avec ses <a href=\"https:\/\/usa-gv.com\/fr\/documents-voyage-etats-unis\/\">documents de voyages pour les USA<\/a>. <\/p>\n\n\n\n<h2 class=\"wp-block-heading\">Renouveler sa demande en cas de refus de l&rsquo;ESTA<\/h2>\n\n\n\n<p>Il peut arriver qu&rsquo;une <a href=\"https:\/\/usa-gv.com\/fr\/esta-refus\/\">demande ESTA soit refus\u00e9e<\/a>. Dans ce cas, l&rsquo;e-mail de r\u00e9ponse n&rsquo;indique aucune explication. Le candidat refus\u00e9 doit revoir l&rsquo;ensemble des informations soumises dans le formulaire ESTA afin d&rsquo;identifier une \u00e9ventuelle erreur ou une condition qui ne satisfait pas aux <a href=\"https:\/\/usa-gv.com\/fr\/regles-eligibilite-esta\/\">r\u00e8gles d&rsquo;\u00e9ligibilit\u00e9 de l&rsquo;ESTA<\/a>. Le candidat peut ensuite tenter d&rsquo;effectuer une nouvelle demande ESTA.<\/p>\n","protected":false},"excerpt":{"rendered":"<p>Comment faire la demande ESTA pour les Etats Unis L&rsquo;ESTA est une autorisation de voyage \u00e9lectronique. Elle ne s&rsquo;obtient uniquement en ligne, les voyageurs doivent faire leur demande sur le web. Voici les \u00e9tapes pour faire une demande d&rsquo;autorisation ESTA. S&rsquo;assurer que les conditions du s\u00e9jour permettent d&rsquo;obtenir une autorisation ESTA Tous les voyageurs qui [&hellip;]<\/p>\n","protected":false},"author":1,"featured_media":0,"parent":0,"menu_order":0,"comment_status":"closed","ping_status":"closed","template":"","meta":{"footnotes":""},"class_list":["post-2418","page","type-page","status-publish","hentry"],"yoast_head":"<!-- This site is optimized with the Yoast SEO plugin v26.6 - https:\/\/yoast.com\/wordpress\/plugins\/seo\/ -->\n<title>Comment faire une demande ESTA pour les USA - USA-GV.COM<\/title>\n<meta name=\"description\" content=\"Comment faire une demande ESTA en ligne afin de pouvoir voyager aux Etats Unis sans obtenir de visa am\u00e9ricain\" \/>\n<meta name=\"robots\" content=\"index, follow, max-snippet:-1, max-image-preview:large, max-video-preview:-1\" \/>\n<link rel=\"canonical\" href=\"https:\/\/usa-gv.com\/fr\/comment-faire-une-demande-esta\/\" \/>\n<meta property=\"og:locale\" content=\"fr_FR\" \/>\n<meta property=\"og:type\" content=\"article\" \/>\n<meta property=\"og:title\" content=\"Comment faire une demande ESTA pour les USA - USA-GV.COM\" \/>\n<meta property=\"og:description\" content=\"Comment faire une demande ESTA en ligne afin de pouvoir voyager aux Etats Unis sans obtenir de visa am\u00e9ricain\" \/>\n<meta property=\"og:url\" content=\"https:\/\/usa-gv.com\/fr\/comment-faire-une-demande-esta\/\" \/>\n<meta property=\"og:site_name\" content=\"USA-GV.COM\" \/>\n<meta property=\"article:modified_time\" content=\"2025-04-07T08:36:30+00:00\" \/>\n<meta name=\"twitter:card\" content=\"summary_large_image\" \/>\n<meta name=\"twitter:label1\" content=\"Dur\u00e9e de lecture estim\u00e9e\" \/>\n\t<meta name=\"twitter:data1\" content=\"3 minutes\" \/>\n<script type=\"application\/ld+json\" class=\"yoast-schema-graph\">{\"@context\":\"https:\/\/schema.org\",\"@graph\":[{\"@type\":\"WebPage\",\"@id\":\"https:\/\/usa-gv.com\/fr\/comment-faire-une-demande-esta\/\",\"url\":\"https:\/\/usa-gv.com\/fr\/comment-faire-une-demande-esta\/\",\"name\":\"Comment faire une demande ESTA pour les USA - USA-GV.COM\",\"isPartOf\":{\"@id\":\"https:\/\/usa-gv.com\/fr\/#website\"},\"datePublished\":\"2024-03-12T09:05:20+00:00\",\"dateModified\":\"2025-04-07T08:36:30+00:00\",\"description\":\"Comment faire une demande ESTA en ligne afin de pouvoir voyager aux Etats Unis sans obtenir de visa am\u00e9ricain\",\"breadcrumb\":{\"@id\":\"https:\/\/usa-gv.com\/fr\/comment-faire-une-demande-esta\/#breadcrumb\"},\"inLanguage\":\"fr-FR\",\"potentialAction\":[{\"@type\":\"ReadAction\",\"target\":[\"https:\/\/usa-gv.com\/fr\/comment-faire-une-demande-esta\/\"]}]},{\"@type\":\"BreadcrumbList\",\"@id\":\"https:\/\/usa-gv.com\/fr\/comment-faire-une-demande-esta\/#breadcrumb\",\"itemListElement\":[{\"@type\":\"ListItem\",\"position\":1,\"name\":\"Home\",\"item\":\"https:\/\/usa-gv.com\/fr\/\"},{\"@type\":\"ListItem\",\"position\":2,\"name\":\"Comment faire une demande ESTA pour les USA\"}]},{\"@type\":\"WebSite\",\"@id\":\"https:\/\/usa-gv.com\/fr\/#website\",\"url\":\"https:\/\/usa-gv.com\/fr\/\",\"name\":\"USA-GV.COM\",\"description\":\"\",\"potentialAction\":[{\"@type\":\"SearchAction\",\"target\":{\"@type\":\"EntryPoint\",\"urlTemplate\":\"https:\/\/usa-gv.com\/fr\/?s={search_term_string}\"},\"query-input\":{\"@type\":\"PropertyValueSpecification\",\"valueRequired\":true,\"valueName\":\"search_term_string\"}}],\"inLanguage\":\"fr-FR\"}]}<\/script>\n<!-- \/ Yoast SEO plugin. -->","yoast_head_json":{"title":"Comment faire une demande ESTA pour les USA - USA-GV.COM","description":"Comment faire une demande ESTA en ligne afin de pouvoir voyager aux Etats Unis sans obtenir de visa am\u00e9ricain","robots":{"index":"index","follow":"follow","max-snippet":"max-snippet:-1","max-image-preview":"max-image-preview:large","max-video-preview":"max-video-preview:-1"},"canonical":"https:\/\/usa-gv.com\/fr\/comment-faire-une-demande-esta\/","og_locale":"fr_FR","og_type":"article","og_title":"Comment faire une demande ESTA pour les USA - USA-GV.COM","og_description":"Comment faire une demande ESTA en ligne afin de pouvoir voyager aux Etats Unis sans obtenir de visa am\u00e9ricain","og_url":"https:\/\/usa-gv.com\/fr\/comment-faire-une-demande-esta\/","og_site_name":"USA-GV.COM","article_modified_time":"2025-04-07T08:36:30+00:00","twitter_card":"summary_large_image","twitter_misc":{"Dur\u00e9e de lecture estim\u00e9e":"3 minutes"},"schema":{"@context":"https:\/\/schema.org","@graph":[{"@type":"WebPage","@id":"https:\/\/usa-gv.com\/fr\/comment-faire-une-demande-esta\/","url":"https:\/\/usa-gv.com\/fr\/comment-faire-une-demande-esta\/","name":"Comment faire une demande ESTA pour les USA - USA-GV.COM","isPartOf":{"@id":"https:\/\/usa-gv.com\/fr\/#website"},"datePublished":"2024-03-12T09:05:20+00:00","dateModified":"2025-04-07T08:36:30+00:00","description":"Comment faire une demande ESTA en ligne afin de pouvoir voyager aux Etats Unis sans obtenir de visa am\u00e9ricain","breadcrumb":{"@id":"https:\/\/usa-gv.com\/fr\/comment-faire-une-demande-esta\/#breadcrumb"},"inLanguage":"fr-FR","potentialAction":[{"@type":"ReadAction","target":["https:\/\/usa-gv.com\/fr\/comment-faire-une-demande-esta\/"]}]},{"@type":"BreadcrumbList","@id":"https:\/\/usa-gv.com\/fr\/comment-faire-une-demande-esta\/#breadcrumb","itemListElement":[{"@type":"ListItem","position":1,"name":"Home","item":"https:\/\/usa-gv.com\/fr\/"},{"@type":"ListItem","position":2,"name":"Comment faire une demande ESTA pour les USA"}]},{"@type":"WebSite","@id":"https:\/\/usa-gv.com\/fr\/#website","url":"https:\/\/usa-gv.com\/fr\/","name":"USA-GV.COM","description":"","potentialAction":[{"@type":"SearchAction","target":{"@type":"EntryPoint","urlTemplate":"https:\/\/usa-gv.com\/fr\/?s={search_term_string}"},"query-input":{"@type":"PropertyValueSpecification","valueRequired":true,"valueName":"search_term_string"}}],"inLanguage":"fr-FR"}]}},"_links":{"self":[{"href":"https:\/\/usa-gv.com\/fr\/wp-json\/wp\/v2\/pages\/2418","targetHints":{"allow":["GET"]}}],"collection":[{"href":"https:\/\/usa-gv.com\/fr\/wp-json\/wp\/v2\/pages"}],"about":[{"href":"https:\/\/usa-gv.com\/fr\/wp-json\/wp\/v2\/types\/page"}],"author":[{"embeddable":true,"href":"https:\/\/usa-gv.com\/fr\/wp-json\/wp\/v2\/users\/1"}],"replies":[{"embeddable":true,"href":"https:\/\/usa-gv.com\/fr\/wp-json\/wp\/v2\/comments?post=2418"}],"version-history":[{"count":1,"href":"https:\/\/usa-gv.com\/fr\/wp-json\/wp\/v2\/pages\/2418\/revisions"}],"predecessor-version":[{"id":7444,"href":"https:\/\/usa-gv.com\/fr\/wp-json\/wp\/v2\/pages\/2418\/revisions\/7444"}],"wp:attachment":[{"href":"https:\/\/usa-gv.com\/fr\/wp-json\/wp\/v2\/media?parent=2418"}],"curies":[{"name":"wp","href":"https:\/\/api.w.org\/{rel}","templated":true}]}}