{"id":2230,"date":"2024-03-11T21:57:59","date_gmt":"2024-03-11T21:57:59","guid":{"rendered":"https:\/\/usa-gv.com\/?page_id=2230"},"modified":"2025-04-07T08:44:41","modified_gmt":"2025-04-07T08:44:41","slug":"contact","status":"publish","type":"page","link":"https:\/\/usa-gv.com\/fr\/contact\/","title":{"rendered":"Formulaire de contact du site"},"content":{"rendered":"\n<h1 class=\"wp-block-heading\">Formulaire pour nous contacter<\/h1>\n\n\n\n<p>Nous sommes un site d\u2019information en ligne priv\u00e9 sur l&rsquo;ESTA. Nous ne sommes en aucunement li\u00e9s \u00e0 l\u2019administration am\u00e9ricaine, ni \u00e0 aucune autre administration. Nous ne sommes pas en mesure d\u2019apporter un support \u00e0 une d\u00e9marche effectu\u00e9e sur un site officiel ou un site priv\u00e9 d\u2019assistance aux formalit\u00e9s administratives.<\/p>\n\n\n\n<p>Nous ne proposons aucune assistance dans la d\u00e9marche d\u2019obtention d&rsquo;une ESTA, ni aucun service associ\u00e9 \u00e0 une d\u00e9marche administrative. Pour toute question sur votre dossier de demande ESTA vous pouvez consulter le site <a href=\"https:\/\/esta.cbp.dhs.gov\/\">https:\/\/esta.cbp.dhs.gov\/<\/a>.<\/p>\n\n\n\n<p>Notre site web contient diff\u00e9rents liens hypertextes vers des sites web tiers. Nous n\u2019avons aucun lien et aucun contr\u00f4le sur ces sites, et ne sommes pas responsables de leurs politiques de confidentialit\u00e9 ni de leurs pratiques commerciales.<\/p>\n\n\n<div class=\"wpforms-container wpforms-container-full wpforms-block wpforms-block-df4b1aef-c373-4127-a050-1a514ac79e0c\" id=\"wpforms-2235\"><form id=\"wpforms-form-2235\" class=\"wpforms-validate wpforms-form wpforms-ajax-form\" data-formid=\"2235\" method=\"post\" enctype=\"multipart\/form-data\" action=\"\/fr\/wp-json\/wp\/v2\/pages\/2230\" data-token=\"f1229f2146d99fd24d10cb971ab13eb8\" data-token-time=\"1778072332\"><noscript class=\"wpforms-error-noscript\">Veuillez activer JavaScript dans votre navigateur pour remplir ce formulaire.<\/noscript><div class=\"wpforms-field-container\"><div id=\"wpforms-2235-field_0-container\" class=\"wpforms-field wpforms-field-name\" data-field-id=\"0\"><label class=\"wpforms-field-label\" for=\"wpforms-2235-field_0\">Nom <span class=\"wpforms-required-label\">*<\/span><\/label><input type=\"text\" id=\"wpforms-2235-field_0\" class=\"wpforms-field-medium wpforms-field-required\" name=\"wpforms[fields][0]\" required><\/div><div id=\"wpforms-2235-field_1-container\" class=\"wpforms-field wpforms-field-email\" data-field-id=\"1\"><label class=\"wpforms-field-label\" for=\"wpforms-2235-field_1\">E-mail <span class=\"wpforms-required-label\">*<\/span><\/label><input type=\"email\" id=\"wpforms-2235-field_1\" class=\"wpforms-field-medium wpforms-field-required\" name=\"wpforms[fields][1]\" spellcheck=\"false\" required><\/div><div id=\"wpforms-2235-field_2-container\" class=\"wpforms-field wpforms-field-textarea\" data-field-id=\"2\"><label class=\"wpforms-field-label\" for=\"wpforms-2235-field_2\">Message <span class=\"wpforms-required-label\">*<\/span><\/label><textarea id=\"wpforms-2235-field_2\" class=\"wpforms-field-medium wpforms-field-required\" name=\"wpforms[fields][2]\" required><\/textarea><\/div><\/div><!-- .wpforms-field-container --><div class=\"wpforms-submit-container\" ><input type=\"hidden\" name=\"wpforms[id]\" value=\"2235\"><input type=\"hidden\" name=\"page_title\" value=\"\"><input type=\"hidden\" name=\"page_url\" value=\"https:\/\/usa-gv.com\/fr\/wp-json\/wp\/v2\/pages\/2230\"><input type=\"hidden\" name=\"url_referer\" value=\"\"><button type=\"submit\" name=\"wpforms[submit]\" id=\"wpforms-submit-2235\" class=\"wpforms-submit\" data-alt-text=\"in progress...\" data-submit-text=\"OK\" aria-live=\"assertive\" value=\"wpforms-submit\">OK<\/button><img decoding=\"async\" src=\"https:\/\/usa-gv.com\/wp-content\/plugins\/wpforms-lite\/assets\/images\/submit-spin.svg\" class=\"wpforms-submit-spinner\" style=\"display: none;\" width=\"26\" height=\"26\" alt=\"Chargement en cours\"><\/div><\/form><\/div>  <!-- .wpforms-container -->","protected":false},"excerpt":{"rendered":"<p>Formulaire pour nous contacter Nous sommes un site d\u2019information en ligne priv\u00e9 sur l&rsquo;ESTA. Nous ne sommes en aucunement li\u00e9s \u00e0 l\u2019administration am\u00e9ricaine, ni \u00e0 aucune autre administration. Nous ne sommes pas en mesure d\u2019apporter un support \u00e0 une d\u00e9marche effectu\u00e9e sur un site officiel ou un site priv\u00e9 d\u2019assistance aux formalit\u00e9s administratives. Nous ne [&hellip;]<\/p>\n","protected":false},"author":1,"featured_media":0,"parent":0,"menu_order":0,"comment_status":"closed","ping_status":"closed","template":"","meta":{"footnotes":""},"class_list":["post-2230","page","type-page","status-publish","hentry"],"yoast_head":"<!-- This site is optimized with the Yoast SEO plugin v26.6 - https:\/\/yoast.com\/wordpress\/plugins\/seo\/ -->\n<title>Formulaire de contact du site - USA-GV.COM<\/title>\n<meta name=\"description\" content=\"Formulaire en ligne pour contacter directement notre \u00e9quipe de r\u00e9daction du site d&#039;information sur les formalit\u00e9s pour voyager aux USA\" \/>\n<meta name=\"robots\" content=\"noindex, nofollow\" \/>\n<meta property=\"og:locale\" content=\"fr_FR\" \/>\n<meta property=\"og:type\" content=\"article\" \/>\n<meta property=\"og:title\" content=\"Formulaire de contact du site - USA-GV.COM\" \/>\n<meta property=\"og:description\" content=\"Formulaire en ligne pour contacter directement notre \u00e9quipe de r\u00e9daction du site d&#039;information sur les formalit\u00e9s pour voyager aux USA\" \/>\n<meta property=\"og:url\" content=\"https:\/\/usa-gv.com\/fr\/contact\/\" \/>\n<meta property=\"og:site_name\" content=\"USA-GV.COM\" \/>\n<meta property=\"article:modified_time\" content=\"2025-04-07T08:44:41+00:00\" \/>\n<meta name=\"twitter:card\" content=\"summary_large_image\" \/>\n<meta name=\"twitter:label1\" content=\"Dur\u00e9e de lecture estim\u00e9e\" \/>\n\t<meta name=\"twitter:data1\" content=\"1 minute\" \/>\n<script type=\"application\/ld+json\" class=\"yoast-schema-graph\">{\"@context\":\"https:\/\/schema.org\",\"@graph\":[{\"@type\":\"WebPage\",\"@id\":\"https:\/\/usa-gv.com\/fr\/contact\/\",\"url\":\"https:\/\/usa-gv.com\/fr\/contact\/\",\"name\":\"Formulaire de contact du site - USA-GV.COM\",\"isPartOf\":{\"@id\":\"https:\/\/usa-gv.com\/fr\/#website\"},\"datePublished\":\"2024-03-11T21:57:59+00:00\",\"dateModified\":\"2025-04-07T08:44:41+00:00\",\"description\":\"Formulaire en ligne pour contacter directement notre \u00e9quipe de r\u00e9daction du site d'information sur les formalit\u00e9s pour voyager aux USA\",\"breadcrumb\":{\"@id\":\"https:\/\/usa-gv.com\/fr\/contact\/#breadcrumb\"},\"inLanguage\":\"fr-FR\",\"potentialAction\":[{\"@type\":\"ReadAction\",\"target\":[\"https:\/\/usa-gv.com\/fr\/contact\/\"]}]},{\"@type\":\"BreadcrumbList\",\"@id\":\"https:\/\/usa-gv.com\/fr\/contact\/#breadcrumb\",\"itemListElement\":[{\"@type\":\"ListItem\",\"position\":1,\"name\":\"Home\",\"item\":\"https:\/\/usa-gv.com\/fr\/\"},{\"@type\":\"ListItem\",\"position\":2,\"name\":\"Formulaire de contact du site\"}]},{\"@type\":\"WebSite\",\"@id\":\"https:\/\/usa-gv.com\/fr\/#website\",\"url\":\"https:\/\/usa-gv.com\/fr\/\",\"name\":\"USA-GV.COM\",\"description\":\"\",\"potentialAction\":[{\"@type\":\"SearchAction\",\"target\":{\"@type\":\"EntryPoint\",\"urlTemplate\":\"https:\/\/usa-gv.com\/fr\/?s={search_term_string}\"},\"query-input\":{\"@type\":\"PropertyValueSpecification\",\"valueRequired\":true,\"valueName\":\"search_term_string\"}}],\"inLanguage\":\"fr-FR\"}]}<\/script>\n<!-- \/ Yoast SEO plugin. -->","yoast_head_json":{"title":"Formulaire de contact du site - USA-GV.COM","description":"Formulaire en ligne pour contacter directement notre \u00e9quipe de r\u00e9daction du site d'information sur les formalit\u00e9s pour voyager aux USA","robots":{"index":"noindex","follow":"nofollow"},"og_locale":"fr_FR","og_type":"article","og_title":"Formulaire de contact du site - USA-GV.COM","og_description":"Formulaire en ligne pour contacter directement notre \u00e9quipe de r\u00e9daction du site d'information sur les formalit\u00e9s pour voyager aux USA","og_url":"https:\/\/usa-gv.com\/fr\/contact\/","og_site_name":"USA-GV.COM","article_modified_time":"2025-04-07T08:44:41+00:00","twitter_card":"summary_large_image","twitter_misc":{"Dur\u00e9e de lecture estim\u00e9e":"1 minute"},"schema":{"@context":"https:\/\/schema.org","@graph":[{"@type":"WebPage","@id":"https:\/\/usa-gv.com\/fr\/contact\/","url":"https:\/\/usa-gv.com\/fr\/contact\/","name":"Formulaire de contact du site - USA-GV.COM","isPartOf":{"@id":"https:\/\/usa-gv.com\/fr\/#website"},"datePublished":"2024-03-11T21:57:59+00:00","dateModified":"2025-04-07T08:44:41+00:00","description":"Formulaire en ligne pour contacter directement notre \u00e9quipe de r\u00e9daction du site d'information sur les formalit\u00e9s pour voyager aux USA","breadcrumb":{"@id":"https:\/\/usa-gv.com\/fr\/contact\/#breadcrumb"},"inLanguage":"fr-FR","potentialAction":[{"@type":"ReadAction","target":["https:\/\/usa-gv.com\/fr\/contact\/"]}]},{"@type":"BreadcrumbList","@id":"https:\/\/usa-gv.com\/fr\/contact\/#breadcrumb","itemListElement":[{"@type":"ListItem","position":1,"name":"Home","item":"https:\/\/usa-gv.com\/fr\/"},{"@type":"ListItem","position":2,"name":"Formulaire de contact du site"}]},{"@type":"WebSite","@id":"https:\/\/usa-gv.com\/fr\/#website","url":"https:\/\/usa-gv.com\/fr\/","name":"USA-GV.COM","description":"","potentialAction":[{"@type":"SearchAction","target":{"@type":"EntryPoint","urlTemplate":"https:\/\/usa-gv.com\/fr\/?s={search_term_string}"},"query-input":{"@type":"PropertyValueSpecification","valueRequired":true,"valueName":"search_term_string"}}],"inLanguage":"fr-FR"}]}},"_links":{"self":[{"href":"https:\/\/usa-gv.com\/fr\/wp-json\/wp\/v2\/pages\/2230","targetHints":{"allow":["GET"]}}],"collection":[{"href":"https:\/\/usa-gv.com\/fr\/wp-json\/wp\/v2\/pages"}],"about":[{"href":"https:\/\/usa-gv.com\/fr\/wp-json\/wp\/v2\/types\/page"}],"author":[{"embeddable":true,"href":"https:\/\/usa-gv.com\/fr\/wp-json\/wp\/v2\/users\/1"}],"replies":[{"embeddable":true,"href":"https:\/\/usa-gv.com\/fr\/wp-json\/wp\/v2\/comments?post=2230"}],"version-history":[{"count":1,"href":"https:\/\/usa-gv.com\/fr\/wp-json\/wp\/v2\/pages\/2230\/revisions"}],"predecessor-version":[{"id":7166,"href":"https:\/\/usa-gv.com\/fr\/wp-json\/wp\/v2\/pages\/2230\/revisions\/7166"}],"wp:attachment":[{"href":"https:\/\/usa-gv.com\/fr\/wp-json\/wp\/v2\/media?parent=2230"}],"curies":[{"name":"wp","href":"https:\/\/api.w.org\/{rel}","templated":true}]}}