{"id":2226,"date":"2024-03-11T21:56:28","date_gmt":"2024-03-11T21:56:28","guid":{"rendered":"https:\/\/usa-gv.com\/?page_id=2226"},"modified":"2025-04-07T08:45:51","modified_gmt":"2025-04-07T08:45:51","slug":"politique-confidentialite","status":"publish","type":"page","link":"https:\/\/usa-gv.com\/fr\/politique-confidentialite\/","title":{"rendered":"Politique de confidentialit\u00e9"},"content":{"rendered":"\n<h1 class=\"wp-block-heading\">Politique de confidentialit\u00e9 des donn\u00e9es<\/h1>\n\n\n\n<p>Nous sommes un site d\u2019information sur les formalit\u00e9s d\u2019obtention de l&rsquo;Autorisation de Voyage Electronique pour les Etats Unis. Le site ne propose aucun service en ligne. L\u2019unique formulaire du site est son <a href=\"https:\/\/usa-gv.com\/fr\/contact\/\">formulaire de contact<\/a>.<\/p>\n\n\n\n<h2 class=\"wp-block-heading\">La collecte d\u2019informations sur le site<\/h2>\n\n\n\n<p>Voici les seules informations personnelles qui peuvent \u00eatre collect\u00e9s sur notre site : Les informations de votre ordinateur, et donc votre adresse IP, votre navigateur, votre syst\u00e8me d\u2019exploitation.<\/p>\n\n\n\n<h2 class=\"wp-block-heading\">Utilisation des donn\u00e9es collect\u00e9es<\/h2>\n\n\n\n<p>Nous ne fournissons en aucun cas vos informations personnelles \u00e0 des tierces parties. Nous n\u2019avons aucun usage de marketing direct ou commercial avec les donn\u00e9es collect\u00e9es.<\/p>\n\n\n\n<h2 class=\"wp-block-heading\">Dur\u00e9e de conservation des donn\u00e9es<\/h2>\n\n\n\n<p>Les donn\u00e9es collect\u00e9es sont r\u00e9guli\u00e8rement effac\u00e9es, cela signifie que nous ne conservons aucun contenu d\u2019e-mail qui nous a \u00e9t\u00e9 transmis au del\u00e0 d\u2019une dur\u00e9e d\u2019un mois. Nous n\u2019avons aucun usage marketing des donn\u00e9es de navigation.<\/p>\n\n\n\n<h2 class=\"wp-block-heading\">Liens contextuels vers des sites web tiers<\/h2>\n\n\n\n<p>Notre site Internet contient des liens hypertextes menant vers des sites web tiers. Nous n\u2019avons aucun contr\u00f4le sur ces sites, et ne sommes pas responsables de leurs politiques de confidentialit\u00e9 ni de leurs pratiques commerciales ou marketing.<\/p>\n","protected":false},"excerpt":{"rendered":"<p>Politique de confidentialit\u00e9 des donn\u00e9es Nous sommes un site d\u2019information sur les formalit\u00e9s d\u2019obtention de l&rsquo;Autorisation de Voyage Electronique pour les Etats Unis. Le site ne propose aucun service en ligne. L\u2019unique formulaire du site est son formulaire de contact. La collecte d\u2019informations sur le site Voici les seules informations personnelles qui peuvent \u00eatre collect\u00e9s [&hellip;]<\/p>\n","protected":false},"author":1,"featured_media":0,"parent":0,"menu_order":0,"comment_status":"closed","ping_status":"closed","template":"","meta":{"footnotes":""},"class_list":["post-2226","page","type-page","status-publish","hentry"],"yoast_head":"<!-- This site is optimized with the Yoast SEO plugin v26.6 - https:\/\/yoast.com\/wordpress\/plugins\/seo\/ -->\n<title>Politique de confidentialit\u00e9 - USA-GV.COM<\/title>\n<meta name=\"description\" content=\"Voici la politique de confidentialit\u00e9 du site en mati\u00e8re de protection des donn\u00e9es personnelles des utilisateurs.\" \/>\n<meta name=\"robots\" content=\"noindex, nofollow\" \/>\n<meta property=\"og:locale\" content=\"fr_FR\" \/>\n<meta property=\"og:type\" content=\"article\" \/>\n<meta property=\"og:title\" content=\"Politique de confidentialit\u00e9 - USA-GV.COM\" \/>\n<meta property=\"og:description\" content=\"Voici la politique de confidentialit\u00e9 du site en mati\u00e8re de protection des donn\u00e9es personnelles des utilisateurs.\" \/>\n<meta property=\"og:url\" content=\"https:\/\/usa-gv.com\/fr\/politique-confidentialite\/\" \/>\n<meta property=\"og:site_name\" content=\"USA-GV.COM\" \/>\n<meta property=\"article:modified_time\" content=\"2025-04-07T08:45:51+00:00\" \/>\n<meta name=\"twitter:card\" content=\"summary_large_image\" \/>\n<meta name=\"twitter:label1\" content=\"Dur\u00e9e de lecture estim\u00e9e\" \/>\n\t<meta name=\"twitter:data1\" content=\"1 minute\" \/>\n<script type=\"application\/ld+json\" class=\"yoast-schema-graph\">{\"@context\":\"https:\/\/schema.org\",\"@graph\":[{\"@type\":\"WebPage\",\"@id\":\"https:\/\/usa-gv.com\/fr\/politique-confidentialite\/\",\"url\":\"https:\/\/usa-gv.com\/fr\/politique-confidentialite\/\",\"name\":\"Politique de confidentialit\u00e9 - USA-GV.COM\",\"isPartOf\":{\"@id\":\"https:\/\/usa-gv.com\/fr\/#website\"},\"datePublished\":\"2024-03-11T21:56:28+00:00\",\"dateModified\":\"2025-04-07T08:45:51+00:00\",\"description\":\"Voici la politique de confidentialit\u00e9 du site en mati\u00e8re de protection des donn\u00e9es personnelles des utilisateurs.\",\"breadcrumb\":{\"@id\":\"https:\/\/usa-gv.com\/fr\/politique-confidentialite\/#breadcrumb\"},\"inLanguage\":\"fr-FR\",\"potentialAction\":[{\"@type\":\"ReadAction\",\"target\":[\"https:\/\/usa-gv.com\/fr\/politique-confidentialite\/\"]}]},{\"@type\":\"BreadcrumbList\",\"@id\":\"https:\/\/usa-gv.com\/fr\/politique-confidentialite\/#breadcrumb\",\"itemListElement\":[{\"@type\":\"ListItem\",\"position\":1,\"name\":\"Home\",\"item\":\"https:\/\/usa-gv.com\/fr\/\"},{\"@type\":\"ListItem\",\"position\":2,\"name\":\"Politique de confidentialit\u00e9\"}]},{\"@type\":\"WebSite\",\"@id\":\"https:\/\/usa-gv.com\/fr\/#website\",\"url\":\"https:\/\/usa-gv.com\/fr\/\",\"name\":\"USA-GV.COM\",\"description\":\"\",\"potentialAction\":[{\"@type\":\"SearchAction\",\"target\":{\"@type\":\"EntryPoint\",\"urlTemplate\":\"https:\/\/usa-gv.com\/fr\/?s={search_term_string}\"},\"query-input\":{\"@type\":\"PropertyValueSpecification\",\"valueRequired\":true,\"valueName\":\"search_term_string\"}}],\"inLanguage\":\"fr-FR\"}]}<\/script>\n<!-- \/ Yoast SEO plugin. -->","yoast_head_json":{"title":"Politique de confidentialit\u00e9 - USA-GV.COM","description":"Voici la politique de confidentialit\u00e9 du site en mati\u00e8re de protection des donn\u00e9es personnelles des utilisateurs.","robots":{"index":"noindex","follow":"nofollow"},"og_locale":"fr_FR","og_type":"article","og_title":"Politique de confidentialit\u00e9 - USA-GV.COM","og_description":"Voici la politique de confidentialit\u00e9 du site en mati\u00e8re de protection des donn\u00e9es personnelles des utilisateurs.","og_url":"https:\/\/usa-gv.com\/fr\/politique-confidentialite\/","og_site_name":"USA-GV.COM","article_modified_time":"2025-04-07T08:45:51+00:00","twitter_card":"summary_large_image","twitter_misc":{"Dur\u00e9e de lecture estim\u00e9e":"1 minute"},"schema":{"@context":"https:\/\/schema.org","@graph":[{"@type":"WebPage","@id":"https:\/\/usa-gv.com\/fr\/politique-confidentialite\/","url":"https:\/\/usa-gv.com\/fr\/politique-confidentialite\/","name":"Politique de confidentialit\u00e9 - USA-GV.COM","isPartOf":{"@id":"https:\/\/usa-gv.com\/fr\/#website"},"datePublished":"2024-03-11T21:56:28+00:00","dateModified":"2025-04-07T08:45:51+00:00","description":"Voici la politique de confidentialit\u00e9 du site en mati\u00e8re de protection des donn\u00e9es personnelles des utilisateurs.","breadcrumb":{"@id":"https:\/\/usa-gv.com\/fr\/politique-confidentialite\/#breadcrumb"},"inLanguage":"fr-FR","potentialAction":[{"@type":"ReadAction","target":["https:\/\/usa-gv.com\/fr\/politique-confidentialite\/"]}]},{"@type":"BreadcrumbList","@id":"https:\/\/usa-gv.com\/fr\/politique-confidentialite\/#breadcrumb","itemListElement":[{"@type":"ListItem","position":1,"name":"Home","item":"https:\/\/usa-gv.com\/fr\/"},{"@type":"ListItem","position":2,"name":"Politique de confidentialit\u00e9"}]},{"@type":"WebSite","@id":"https:\/\/usa-gv.com\/fr\/#website","url":"https:\/\/usa-gv.com\/fr\/","name":"USA-GV.COM","description":"","potentialAction":[{"@type":"SearchAction","target":{"@type":"EntryPoint","urlTemplate":"https:\/\/usa-gv.com\/fr\/?s={search_term_string}"},"query-input":{"@type":"PropertyValueSpecification","valueRequired":true,"valueName":"search_term_string"}}],"inLanguage":"fr-FR"}]}},"_links":{"self":[{"href":"https:\/\/usa-gv.com\/fr\/wp-json\/wp\/v2\/pages\/2226","targetHints":{"allow":["GET"]}}],"collection":[{"href":"https:\/\/usa-gv.com\/fr\/wp-json\/wp\/v2\/pages"}],"about":[{"href":"https:\/\/usa-gv.com\/fr\/wp-json\/wp\/v2\/types\/page"}],"author":[{"embeddable":true,"href":"https:\/\/usa-gv.com\/fr\/wp-json\/wp\/v2\/users\/1"}],"replies":[{"embeddable":true,"href":"https:\/\/usa-gv.com\/fr\/wp-json\/wp\/v2\/comments?post=2226"}],"version-history":[{"count":1,"href":"https:\/\/usa-gv.com\/fr\/wp-json\/wp\/v2\/pages\/2226\/revisions"}],"predecessor-version":[{"id":7155,"href":"https:\/\/usa-gv.com\/fr\/wp-json\/wp\/v2\/pages\/2226\/revisions\/7155"}],"wp:attachment":[{"href":"https:\/\/usa-gv.com\/fr\/wp-json\/wp\/v2\/media?parent=2226"}],"curies":[{"name":"wp","href":"https:\/\/api.w.org\/{rel}","templated":true}]}}