{"id":2222,"date":"2024-03-11T21:53:12","date_gmt":"2024-03-11T21:53:12","guid":{"rendered":"https:\/\/usa-gv.com\/?page_id=2222"},"modified":"2025-04-07T08:45:32","modified_gmt":"2025-04-07T08:45:32","slug":"mentions-legales","status":"publish","type":"page","link":"https:\/\/usa-gv.com\/fr\/mentions-legales\/","title":{"rendered":"Mentions L\u00e9gales du site web"},"content":{"rendered":"\n<h1 class=\"wp-block-heading\">Mentions l\u00e9gales du site<\/h1>\n\n\n\n<h2 class=\"wp-block-heading\">Editeur du Site<\/h2>\n\n\n\n<p>Nous sommes un guide d\u2019information en ligne sur les s\u00e9jours touristiques aux Etats Unis \u00e9dit\u00e9 par l&rsquo;agence digitale <a href=\"https:\/\/alma-consulting.org\/\">Alma Consulting<\/a> pour le compte d&rsquo;une agence de voyage de droit maltais. Nous ne sommes aucunement li\u00e9s \u00e0 l\u2019administration am\u00e9ricaine, ni \u00e0 aucune autre administration. Nous ne sommes pas en mesure d\u2019apporter de l&rsquo;aide concernant une d\u00e9marche effectu\u00e9e sur un site officiel ou un site priv\u00e9 dans le cadre d&rsquo;une formalit\u00e9 administrative. Nous ne proposons aucune assistance dans la d\u00e9marche d\u2019obtention d&rsquo;une ESTA.<\/p>\n\n\n\n<p>Pour toute question sur votre dossier de demande ESTA vous pouvez consulter le site <a href=\"https:\/\/esta.cbp.dhs.gov\/\">esta.cbp.dhs.gov<\/a>.<\/p>\n\n\n\n<p>Notre site web contient diff\u00e9rents liens hypertextes vers des sites web tiers. Nous n\u2019avons aucun lien et aucun contr\u00f4le sur ces sites, et ne sommes pas responsables de leurs politiques de confidentialit\u00e9 ni de leurs pratiques commerciales.<\/p>\n\n\n\n<p>Le responsable de la publication du site usa-gv.com est M. Kevin Borg. Pour nous contacter vous devez utiliser notre&nbsp;<a href=\"https:\/\/usa-gv.com\/fr\/contact\/\">formulaire de contact<\/a>.<\/p>\n\n\n\n<h2 class=\"wp-block-heading\">H\u00e9bergement du site<\/h2>\n\n\n\n<p>Notre site web est h\u00e9berg\u00e9 aupr\u00e8s de la soci\u00e9t\u00e9 OVH, dont le si\u00e8ge social se trouve \u00e0 Roubaix en France. OVH est une soci\u00e9t\u00e9 inscrite au registre des soci\u00e9t\u00e9s de Lille M\u00e9tropole avec le num\u00e9ro B424 761 419.<\/p>\n\n\n\n<h2 class=\"wp-block-heading\">Traitement des donn\u00e9es personnelles<\/h2>\n\n\n\n<p>Nous ne collectons aucune donn\u00e9e personnelle dans le cadre de la gestion du site. L&rsquo;unique enregistrement en ligne d\u2019information personnelle du visiteur concerne quelques rares cookies de navigation. Le visiteur dispose d\u2019un droit d\u2019acc\u00e8s, de modification, de rectification et de suppression de ces donn\u00e9es. Pour l\u2019exercer, il peut nous contacter au travers de notre&nbsp;<a href=\"https:\/\/usa-gv.com\/fr\/contact\/\">formulaire de contact<\/a>.<\/p>\n\n\n\n<p>Pour une parfaite information de notre protection des donn\u00e9es personnelles : Consultez notre <a href=\"https:\/\/usa-gv.com\/fr\/politique-confidentialite\/\">politique de confidentialit\u00e9<\/a>.<\/p>\n","protected":false},"excerpt":{"rendered":"<p>Mentions l\u00e9gales du site Editeur du Site Nous sommes un guide d\u2019information en ligne sur les s\u00e9jours touristiques aux Etats Unis \u00e9dit\u00e9 par l&rsquo;agence digitale Alma Consulting pour le compte d&rsquo;une agence de voyage de droit maltais. Nous ne sommes aucunement li\u00e9s \u00e0 l\u2019administration am\u00e9ricaine, ni \u00e0 aucune autre administration. Nous ne sommes pas en [&hellip;]<\/p>\n","protected":false},"author":1,"featured_media":0,"parent":0,"menu_order":0,"comment_status":"closed","ping_status":"closed","template":"","meta":{"footnotes":""},"class_list":["post-2222","page","type-page","status-publish","hentry"],"yoast_head":"<!-- This site is optimized with the Yoast SEO plugin v26.6 - https:\/\/yoast.com\/wordpress\/plugins\/seo\/ -->\n<title>Mentions L\u00e9gales du site web - USA-GV.COM<\/title>\n<meta name=\"description\" content=\"Consultez les mentions l\u00e9gales du site d&#039;information. Nous sommes un site priv\u00e9 sans aucun lien avec l&#039;administration am\u00e9ricaine\" \/>\n<meta name=\"robots\" content=\"noindex, nofollow\" \/>\n<meta property=\"og:locale\" content=\"fr_FR\" \/>\n<meta property=\"og:type\" content=\"article\" \/>\n<meta property=\"og:title\" content=\"Mentions L\u00e9gales du site web - USA-GV.COM\" \/>\n<meta property=\"og:description\" content=\"Consultez les mentions l\u00e9gales du site d&#039;information. Nous sommes un site priv\u00e9 sans aucun lien avec l&#039;administration am\u00e9ricaine\" \/>\n<meta property=\"og:url\" content=\"https:\/\/usa-gv.com\/fr\/mentions-legales\/\" \/>\n<meta property=\"og:site_name\" content=\"USA-GV.COM\" \/>\n<meta property=\"article:modified_time\" content=\"2025-04-07T08:45:32+00:00\" \/>\n<meta name=\"twitter:card\" content=\"summary_large_image\" \/>\n<meta name=\"twitter:label1\" content=\"Dur\u00e9e de lecture estim\u00e9e\" \/>\n\t<meta name=\"twitter:data1\" content=\"2 minutes\" \/>\n<script type=\"application\/ld+json\" class=\"yoast-schema-graph\">{\"@context\":\"https:\/\/schema.org\",\"@graph\":[{\"@type\":\"WebPage\",\"@id\":\"https:\/\/usa-gv.com\/fr\/mentions-legales\/\",\"url\":\"https:\/\/usa-gv.com\/fr\/mentions-legales\/\",\"name\":\"Mentions L\u00e9gales du site web - USA-GV.COM\",\"isPartOf\":{\"@id\":\"https:\/\/usa-gv.com\/fr\/#website\"},\"datePublished\":\"2024-03-11T21:53:12+00:00\",\"dateModified\":\"2025-04-07T08:45:32+00:00\",\"description\":\"Consultez les mentions l\u00e9gales du site d'information. Nous sommes un site priv\u00e9 sans aucun lien avec l'administration am\u00e9ricaine\",\"breadcrumb\":{\"@id\":\"https:\/\/usa-gv.com\/fr\/mentions-legales\/#breadcrumb\"},\"inLanguage\":\"fr-FR\",\"potentialAction\":[{\"@type\":\"ReadAction\",\"target\":[\"https:\/\/usa-gv.com\/fr\/mentions-legales\/\"]}]},{\"@type\":\"BreadcrumbList\",\"@id\":\"https:\/\/usa-gv.com\/fr\/mentions-legales\/#breadcrumb\",\"itemListElement\":[{\"@type\":\"ListItem\",\"position\":1,\"name\":\"Home\",\"item\":\"https:\/\/usa-gv.com\/fr\/\"},{\"@type\":\"ListItem\",\"position\":2,\"name\":\"Mentions L\u00e9gales du site web\"}]},{\"@type\":\"WebSite\",\"@id\":\"https:\/\/usa-gv.com\/fr\/#website\",\"url\":\"https:\/\/usa-gv.com\/fr\/\",\"name\":\"USA-GV.COM\",\"description\":\"\",\"potentialAction\":[{\"@type\":\"SearchAction\",\"target\":{\"@type\":\"EntryPoint\",\"urlTemplate\":\"https:\/\/usa-gv.com\/fr\/?s={search_term_string}\"},\"query-input\":{\"@type\":\"PropertyValueSpecification\",\"valueRequired\":true,\"valueName\":\"search_term_string\"}}],\"inLanguage\":\"fr-FR\"}]}<\/script>\n<!-- \/ Yoast SEO plugin. -->","yoast_head_json":{"title":"Mentions L\u00e9gales du site web - USA-GV.COM","description":"Consultez les mentions l\u00e9gales du site d'information. Nous sommes un site priv\u00e9 sans aucun lien avec l'administration am\u00e9ricaine","robots":{"index":"noindex","follow":"nofollow"},"og_locale":"fr_FR","og_type":"article","og_title":"Mentions L\u00e9gales du site web - USA-GV.COM","og_description":"Consultez les mentions l\u00e9gales du site d'information. Nous sommes un site priv\u00e9 sans aucun lien avec l'administration am\u00e9ricaine","og_url":"https:\/\/usa-gv.com\/fr\/mentions-legales\/","og_site_name":"USA-GV.COM","article_modified_time":"2025-04-07T08:45:32+00:00","twitter_card":"summary_large_image","twitter_misc":{"Dur\u00e9e de lecture estim\u00e9e":"2 minutes"},"schema":{"@context":"https:\/\/schema.org","@graph":[{"@type":"WebPage","@id":"https:\/\/usa-gv.com\/fr\/mentions-legales\/","url":"https:\/\/usa-gv.com\/fr\/mentions-legales\/","name":"Mentions L\u00e9gales du site web - USA-GV.COM","isPartOf":{"@id":"https:\/\/usa-gv.com\/fr\/#website"},"datePublished":"2024-03-11T21:53:12+00:00","dateModified":"2025-04-07T08:45:32+00:00","description":"Consultez les mentions l\u00e9gales du site d'information. Nous sommes un site priv\u00e9 sans aucun lien avec l'administration am\u00e9ricaine","breadcrumb":{"@id":"https:\/\/usa-gv.com\/fr\/mentions-legales\/#breadcrumb"},"inLanguage":"fr-FR","potentialAction":[{"@type":"ReadAction","target":["https:\/\/usa-gv.com\/fr\/mentions-legales\/"]}]},{"@type":"BreadcrumbList","@id":"https:\/\/usa-gv.com\/fr\/mentions-legales\/#breadcrumb","itemListElement":[{"@type":"ListItem","position":1,"name":"Home","item":"https:\/\/usa-gv.com\/fr\/"},{"@type":"ListItem","position":2,"name":"Mentions L\u00e9gales du site web"}]},{"@type":"WebSite","@id":"https:\/\/usa-gv.com\/fr\/#website","url":"https:\/\/usa-gv.com\/fr\/","name":"USA-GV.COM","description":"","potentialAction":[{"@type":"SearchAction","target":{"@type":"EntryPoint","urlTemplate":"https:\/\/usa-gv.com\/fr\/?s={search_term_string}"},"query-input":{"@type":"PropertyValueSpecification","valueRequired":true,"valueName":"search_term_string"}}],"inLanguage":"fr-FR"}]}},"_links":{"self":[{"href":"https:\/\/usa-gv.com\/fr\/wp-json\/wp\/v2\/pages\/2222","targetHints":{"allow":["GET"]}}],"collection":[{"href":"https:\/\/usa-gv.com\/fr\/wp-json\/wp\/v2\/pages"}],"about":[{"href":"https:\/\/usa-gv.com\/fr\/wp-json\/wp\/v2\/types\/page"}],"author":[{"embeddable":true,"href":"https:\/\/usa-gv.com\/fr\/wp-json\/wp\/v2\/users\/1"}],"replies":[{"embeddable":true,"href":"https:\/\/usa-gv.com\/fr\/wp-json\/wp\/v2\/comments?post=2222"}],"version-history":[{"count":1,"href":"https:\/\/usa-gv.com\/fr\/wp-json\/wp\/v2\/pages\/2222\/revisions"}],"predecessor-version":[{"id":6252,"href":"https:\/\/usa-gv.com\/fr\/wp-json\/wp\/v2\/pages\/2222\/revisions\/6252"}],"wp:attachment":[{"href":"https:\/\/usa-gv.com\/fr\/wp-json\/wp\/v2\/media?parent=2222"}],"curies":[{"name":"wp","href":"https:\/\/api.w.org\/{rel}","templated":true}]}}