{"id":2217,"date":"2024-03-11T21:50:43","date_gmt":"2024-03-11T21:50:43","guid":{"rendered":"https:\/\/usa-gv.com\/?page_id=2217"},"modified":"2025-04-07T08:36:43","modified_gmt":"2025-04-07T08:36:43","slug":"comment-obtenir-esta","status":"publish","type":"page","link":"https:\/\/usa-gv.com\/fr\/comment-obtenir-esta\/","title":{"rendered":"Comment obtenir une autorisation ESTA"},"content":{"rendered":"\n<h1 class=\"wp-block-heading\">Comment faire pour obtenir une ESTA<\/h1>\n\n\n\n<p>Une <a href=\"https:\/\/usa-gv.com\/fr\/cest-quoi-une-autorisation-esta\/\">autorisation ESTA<\/a> permet aux ressortissants des pays membres du VWP de voyager aux USA sans obtenir de visa. Le processus d&rsquo;obtention d&rsquo;une ESTA se d\u00e9roule enti\u00e8rement en ligne, voici les \u00e9tapes \u00e0 effectuer pour obtenir une autorisation ESTA.<\/p>\n\n\n\n<h2 class=\"wp-block-heading\">V\u00e9rifier son \u00e9ligibilit\u00e9 avant de faire une demande ESTA<\/h2>\n\n\n\n<p>Avant de compl\u00e9ter le <a href=\"https:\/\/usa-gv.com\/fr\/formulaire-esta-en-ligne\/\">formulaire ESTA en ligne<\/a>, il est pr\u00e9f\u00e9rable de <a href=\"https:\/\/usa-gv.com\/fr\/regles-eligibilite-esta\/\">v\u00e9rifier son \u00e9ligibilit\u00e9 pour l&rsquo;ESTA<\/a>. En effet, l&rsquo;autorisation ESTA n&rsquo;est accord\u00e9e que pour les s\u00e9jours de tourisme ou d&rsquo;affaire de moins de 90 jours. Seuls les ressortissants des pays membres du <a href=\"https:\/\/usa-gv.com\/fr\/visa-waiver-program-usa\/\">Visa Waiver Program<\/a> am\u00e9ricain peuvent postuler pour obtenir une ESTA. <\/p>\n\n\n\n<h2 class=\"wp-block-heading\">Effectuer une demande en ligne<\/h2>\n\n\n\n<p>Le formulaire \u00e0 compl\u00e9ter pour obtenir une autorisation ESTA est accessible sur le <a href=\"https:\/\/usa-gv.com\/fr\/esta-site-web-officiel\/\">site web officiel ESTA<\/a>. L&rsquo;ensemble du processus se d\u00e9roule en ligne. Le candidat \u00e0 l&rsquo;obtention d&rsquo;une ESTA doit r\u00e9pondre \u00e0 l&rsquo;ensemble des <a href=\"https:\/\/usa-gv.com\/fr\/questions-formulaire-esta\/\">questions du formulaire ESTA<\/a> pour effectuer sa demande en ligne.<\/p>\n\n\n\n<p>Pour finaliser sa demande, le candidat doit <a href=\"https:\/\/usa-gv.com\/fr\/comment-payer-esta\/\">payer son ESTA<\/a> en ligne par carte bancaire. <\/p>\n\n\n\n<h2 class=\"wp-block-heading\">Les \u00e9tapes pour obtenir une autorisation ESTA en ligne<\/h2>\n\n\n\n<figure class=\"wp-block-image size-large\"><img fetchpriority=\"high\" decoding=\"async\" width=\"1024\" height=\"296\" src=\"https:\/\/usa-gv.com\/wp-content\/uploads\/2024\/05\/Etapes-pour-obtenir-formulaire-ESTA-FR-1024x296.jpg\" alt=\"Etapes processus obtention ESTA\" class=\"wp-image-4136\" srcset=\"https:\/\/usa-gv.com\/wp-content\/uploads\/2024\/05\/Etapes-pour-obtenir-formulaire-ESTA-FR-1024x296.jpg 1024w, https:\/\/usa-gv.com\/wp-content\/uploads\/2024\/05\/Etapes-pour-obtenir-formulaire-ESTA-FR-300x87.jpg 300w, https:\/\/usa-gv.com\/wp-content\/uploads\/2024\/05\/Etapes-pour-obtenir-formulaire-ESTA-FR-768x222.jpg 768w, https:\/\/usa-gv.com\/wp-content\/uploads\/2024\/05\/Etapes-pour-obtenir-formulaire-ESTA-FR.jpg 1184w\" sizes=\"(max-width: 1024px) 100vw, 1024px\" \/><figcaption class=\"wp-element-caption\">R\u00e9capitulatif des \u00e9tapes en ligne pour obtenir son ESTA<\/figcaption><\/figure>\n","protected":false},"excerpt":{"rendered":"<p>Comment faire pour obtenir une ESTA Une autorisation ESTA permet aux ressortissants des pays membres du VWP de voyager aux USA sans obtenir de visa. Le processus d&rsquo;obtention d&rsquo;une ESTA se d\u00e9roule enti\u00e8rement en ligne, voici les \u00e9tapes \u00e0 effectuer pour obtenir une autorisation ESTA. V\u00e9rifier son \u00e9ligibilit\u00e9 avant de faire une demande ESTA Avant [&hellip;]<\/p>\n","protected":false},"author":1,"featured_media":0,"parent":0,"menu_order":0,"comment_status":"closed","ping_status":"closed","template":"","meta":{"footnotes":""},"class_list":["post-2217","page","type-page","status-publish","hentry"],"yoast_head":"<!-- This site is optimized with the Yoast SEO plugin v26.6 - https:\/\/yoast.com\/wordpress\/plugins\/seo\/ -->\n<title>Comment obtenir une autorisation ESTA - USA-GV.COM<\/title>\n<meta name=\"description\" content=\"Comment proc\u00e9der pour obtenir en ligne en quelques minutes une autorisation de voyage ESTA pour s\u00e9journer aux Etats Unis\" \/>\n<meta name=\"robots\" content=\"index, follow, max-snippet:-1, max-image-preview:large, max-video-preview:-1\" \/>\n<link rel=\"canonical\" href=\"https:\/\/usa-gv.com\/fr\/comment-obtenir-esta\/\" \/>\n<meta property=\"og:locale\" content=\"fr_FR\" \/>\n<meta property=\"og:type\" content=\"article\" \/>\n<meta property=\"og:title\" content=\"Comment obtenir une autorisation ESTA - USA-GV.COM\" \/>\n<meta property=\"og:description\" content=\"Comment proc\u00e9der pour obtenir en ligne en quelques minutes une autorisation de voyage ESTA pour s\u00e9journer aux Etats Unis\" \/>\n<meta property=\"og:url\" content=\"https:\/\/usa-gv.com\/fr\/comment-obtenir-esta\/\" \/>\n<meta property=\"og:site_name\" content=\"USA-GV.COM\" \/>\n<meta property=\"article:modified_time\" content=\"2025-04-07T08:36:43+00:00\" \/>\n<meta property=\"og:image\" content=\"https:\/\/usa-gv.com\/wp-content\/uploads\/2024\/05\/Etapes-pour-obtenir-formulaire-ESTA-FR-1024x296.jpg\" \/>\n<meta name=\"twitter:card\" content=\"summary_large_image\" \/>\n<meta name=\"twitter:label1\" content=\"Dur\u00e9e de lecture estim\u00e9e\" \/>\n\t<meta name=\"twitter:data1\" content=\"2 minutes\" \/>\n<script type=\"application\/ld+json\" class=\"yoast-schema-graph\">{\"@context\":\"https:\/\/schema.org\",\"@graph\":[{\"@type\":\"WebPage\",\"@id\":\"https:\/\/usa-gv.com\/fr\/comment-obtenir-esta\/\",\"url\":\"https:\/\/usa-gv.com\/fr\/comment-obtenir-esta\/\",\"name\":\"Comment obtenir une autorisation ESTA - USA-GV.COM\",\"isPartOf\":{\"@id\":\"https:\/\/usa-gv.com\/fr\/#website\"},\"primaryImageOfPage\":{\"@id\":\"https:\/\/usa-gv.com\/fr\/comment-obtenir-esta\/#primaryimage\"},\"image\":{\"@id\":\"https:\/\/usa-gv.com\/fr\/comment-obtenir-esta\/#primaryimage\"},\"thumbnailUrl\":\"https:\/\/usa-gv.com\/wp-content\/uploads\/2024\/05\/Etapes-pour-obtenir-formulaire-ESTA-FR-1024x296.jpg\",\"datePublished\":\"2024-03-11T21:50:43+00:00\",\"dateModified\":\"2025-04-07T08:36:43+00:00\",\"description\":\"Comment proc\u00e9der pour obtenir en ligne en quelques minutes une autorisation de voyage ESTA pour s\u00e9journer aux Etats Unis\",\"breadcrumb\":{\"@id\":\"https:\/\/usa-gv.com\/fr\/comment-obtenir-esta\/#breadcrumb\"},\"inLanguage\":\"fr-FR\",\"potentialAction\":[{\"@type\":\"ReadAction\",\"target\":[\"https:\/\/usa-gv.com\/fr\/comment-obtenir-esta\/\"]}]},{\"@type\":\"ImageObject\",\"inLanguage\":\"fr-FR\",\"@id\":\"https:\/\/usa-gv.com\/fr\/comment-obtenir-esta\/#primaryimage\",\"url\":\"https:\/\/usa-gv.com\/wp-content\/uploads\/2024\/05\/Etapes-pour-obtenir-formulaire-ESTA-FR-1024x296.jpg\",\"contentUrl\":\"https:\/\/usa-gv.com\/wp-content\/uploads\/2024\/05\/Etapes-pour-obtenir-formulaire-ESTA-FR-1024x296.jpg\"},{\"@type\":\"BreadcrumbList\",\"@id\":\"https:\/\/usa-gv.com\/fr\/comment-obtenir-esta\/#breadcrumb\",\"itemListElement\":[{\"@type\":\"ListItem\",\"position\":1,\"name\":\"Home\",\"item\":\"https:\/\/usa-gv.com\/fr\/\"},{\"@type\":\"ListItem\",\"position\":2,\"name\":\"Comment obtenir une autorisation ESTA\"}]},{\"@type\":\"WebSite\",\"@id\":\"https:\/\/usa-gv.com\/fr\/#website\",\"url\":\"https:\/\/usa-gv.com\/fr\/\",\"name\":\"USA-GV.COM\",\"description\":\"\",\"potentialAction\":[{\"@type\":\"SearchAction\",\"target\":{\"@type\":\"EntryPoint\",\"urlTemplate\":\"https:\/\/usa-gv.com\/fr\/?s={search_term_string}\"},\"query-input\":{\"@type\":\"PropertyValueSpecification\",\"valueRequired\":true,\"valueName\":\"search_term_string\"}}],\"inLanguage\":\"fr-FR\"}]}<\/script>\n<!-- \/ Yoast SEO plugin. -->","yoast_head_json":{"title":"Comment obtenir une autorisation ESTA - USA-GV.COM","description":"Comment proc\u00e9der pour obtenir en ligne en quelques minutes une autorisation de voyage ESTA pour s\u00e9journer aux Etats Unis","robots":{"index":"index","follow":"follow","max-snippet":"max-snippet:-1","max-image-preview":"max-image-preview:large","max-video-preview":"max-video-preview:-1"},"canonical":"https:\/\/usa-gv.com\/fr\/comment-obtenir-esta\/","og_locale":"fr_FR","og_type":"article","og_title":"Comment obtenir une autorisation ESTA - USA-GV.COM","og_description":"Comment proc\u00e9der pour obtenir en ligne en quelques minutes une autorisation de voyage ESTA pour s\u00e9journer aux Etats Unis","og_url":"https:\/\/usa-gv.com\/fr\/comment-obtenir-esta\/","og_site_name":"USA-GV.COM","article_modified_time":"2025-04-07T08:36:43+00:00","og_image":[{"url":"https:\/\/usa-gv.com\/wp-content\/uploads\/2024\/05\/Etapes-pour-obtenir-formulaire-ESTA-FR-1024x296.jpg","type":"","width":"","height":""}],"twitter_card":"summary_large_image","twitter_misc":{"Dur\u00e9e de lecture estim\u00e9e":"2 minutes"},"schema":{"@context":"https:\/\/schema.org","@graph":[{"@type":"WebPage","@id":"https:\/\/usa-gv.com\/fr\/comment-obtenir-esta\/","url":"https:\/\/usa-gv.com\/fr\/comment-obtenir-esta\/","name":"Comment obtenir une autorisation ESTA - USA-GV.COM","isPartOf":{"@id":"https:\/\/usa-gv.com\/fr\/#website"},"primaryImageOfPage":{"@id":"https:\/\/usa-gv.com\/fr\/comment-obtenir-esta\/#primaryimage"},"image":{"@id":"https:\/\/usa-gv.com\/fr\/comment-obtenir-esta\/#primaryimage"},"thumbnailUrl":"https:\/\/usa-gv.com\/wp-content\/uploads\/2024\/05\/Etapes-pour-obtenir-formulaire-ESTA-FR-1024x296.jpg","datePublished":"2024-03-11T21:50:43+00:00","dateModified":"2025-04-07T08:36:43+00:00","description":"Comment proc\u00e9der pour obtenir en ligne en quelques minutes une autorisation de voyage ESTA pour s\u00e9journer aux Etats Unis","breadcrumb":{"@id":"https:\/\/usa-gv.com\/fr\/comment-obtenir-esta\/#breadcrumb"},"inLanguage":"fr-FR","potentialAction":[{"@type":"ReadAction","target":["https:\/\/usa-gv.com\/fr\/comment-obtenir-esta\/"]}]},{"@type":"ImageObject","inLanguage":"fr-FR","@id":"https:\/\/usa-gv.com\/fr\/comment-obtenir-esta\/#primaryimage","url":"https:\/\/usa-gv.com\/wp-content\/uploads\/2024\/05\/Etapes-pour-obtenir-formulaire-ESTA-FR-1024x296.jpg","contentUrl":"https:\/\/usa-gv.com\/wp-content\/uploads\/2024\/05\/Etapes-pour-obtenir-formulaire-ESTA-FR-1024x296.jpg"},{"@type":"BreadcrumbList","@id":"https:\/\/usa-gv.com\/fr\/comment-obtenir-esta\/#breadcrumb","itemListElement":[{"@type":"ListItem","position":1,"name":"Home","item":"https:\/\/usa-gv.com\/fr\/"},{"@type":"ListItem","position":2,"name":"Comment obtenir une autorisation ESTA"}]},{"@type":"WebSite","@id":"https:\/\/usa-gv.com\/fr\/#website","url":"https:\/\/usa-gv.com\/fr\/","name":"USA-GV.COM","description":"","potentialAction":[{"@type":"SearchAction","target":{"@type":"EntryPoint","urlTemplate":"https:\/\/usa-gv.com\/fr\/?s={search_term_string}"},"query-input":{"@type":"PropertyValueSpecification","valueRequired":true,"valueName":"search_term_string"}}],"inLanguage":"fr-FR"}]}},"_links":{"self":[{"href":"https:\/\/usa-gv.com\/fr\/wp-json\/wp\/v2\/pages\/2217","targetHints":{"allow":["GET"]}}],"collection":[{"href":"https:\/\/usa-gv.com\/fr\/wp-json\/wp\/v2\/pages"}],"about":[{"href":"https:\/\/usa-gv.com\/fr\/wp-json\/wp\/v2\/types\/page"}],"author":[{"embeddable":true,"href":"https:\/\/usa-gv.com\/fr\/wp-json\/wp\/v2\/users\/1"}],"replies":[{"embeddable":true,"href":"https:\/\/usa-gv.com\/fr\/wp-json\/wp\/v2\/comments?post=2217"}],"version-history":[{"count":1,"href":"https:\/\/usa-gv.com\/fr\/wp-json\/wp\/v2\/pages\/2217\/revisions"}],"predecessor-version":[{"id":7477,"href":"https:\/\/usa-gv.com\/fr\/wp-json\/wp\/v2\/pages\/2217\/revisions\/7477"}],"wp:attachment":[{"href":"https:\/\/usa-gv.com\/fr\/wp-json\/wp\/v2\/media?parent=2217"}],"curies":[{"name":"wp","href":"https:\/\/api.w.org\/{rel}","templated":true}]}}