{"id":2213,"date":"2024-03-11T21:45:25","date_gmt":"2024-03-11T21:45:25","guid":{"rendered":"https:\/\/usa-gv.com\/?page_id=2213"},"modified":"2025-04-07T08:45:01","modified_gmt":"2025-04-07T08:45:01","slug":"esta-visa-usa","status":"publish","type":"page","link":"https:\/\/usa-gv.com\/fr\/esta-visa-usa\/","title":{"rendered":"L&rsquo;ESTA est-il un visa pour les USA"},"content":{"rendered":"\n<h1 class=\"wp-block-heading\">Quelle est la diff\u00e9rence entre le visa et l\u2019ESTA ?<\/h1>\n\n\n\n<p>Ces deux documents sont des autorisations de voyage am\u00e9ricaines. Elles sont fondamentalement diff\u00e9rentes, voici leurs principales diff\u00e9rences : <\/p>\n\n\n\n<ol class=\"wp-block-list\">\n<li>Le visa est accord\u00e9 par une ambassade am\u00e9ricaine ou le consulat du pays o\u00f9 r\u00e9side le voyageur, tandis que l&rsquo;ESTA est une <a href=\"https:\/\/usa-gv.com\/fr\/cest-quoi-une-autorisation-esta\/\">autorisation \u00e9lectronique obtenue en ligne<\/a> ;<\/li>\n\n\n\n<li>Chaque type de visa poss\u00e8de des conditions et une p\u00e9riode de validit\u00e9 sp\u00e9cifiques, alors que l&rsquo;ESTA permet des s\u00e9jours de courte dur\u00e9e, de moins de 90 jours, dans le cadre du <a href=\"https:\/\/usa-gv.com\/fr\/visa-waiver-program-usa\/\">Programme d&rsquo;Exemption de Visa<\/a>.<\/li>\n\n\n\n<li>L&rsquo;obtention d&rsquo;un <a href=\"https:\/\/usa-gv.com\/fr\/visa-touristique-usa\/\">visa touristique<\/a> implique un entretien consulaire et la pr\u00e9sentation de documents suppl\u00e9mentaires, tandis que pour l&rsquo;ESTA : il suffit de <a href=\"https:\/\/usa-gv.com\/fr\/remplir-formulaire-esta\/\">remplir le formulaire en ligne<\/a> et de <a href=\"https:\/\/usa-gv.com\/fr\/comment-payer-esta\/\">payer les frais ESTA<\/a>.<\/li>\n<\/ol>\n\n\n\n<h2 class=\"wp-block-heading\">Est ce que l&rsquo;ESTA est un type de visa pour les USA ?<\/h2>\n\n\n\n<p>Non pas du tout, l&rsquo;autorisation ESTA n&rsquo;est pas un visa pour les Etats Unis. L&rsquo;ESTA est une autorisation \u00e9lectronique de voyage \u00e0 effectuer obligatoirement avant d&#8217;embarquer pour les USA. Cette d\u00e9marche permet de voyager sur le territoire am\u00e9ricain sans visa sous certaines <a href=\"https:\/\/usa-gv.com\/fr\/regles-eligibilite-esta\/\">conditions d&rsquo;\u00e9ligibilit\u00e9 \u00e0 l&rsquo;ESTA<\/a>.<\/p>\n\n\n\n<p>Une autorisation ESTA ne garantit pas l&rsquo;entr\u00e9e sur le territoire am\u00e9ricain. Le voyageur en possession d&rsquo;une ESTA doit passer un bref entretien avec un agent des douanes \u00e0 l&rsquo;arriv\u00e9e \u00e0 la fronti\u00e8re des Etats Unis. C&rsquo;est seulement \u00e0 l&rsquo;issue de cette interview que le voyageur est autoris\u00e9 \u00e0 entrer et s\u00e9journer sur le territoire am\u00e9ricain.<\/p>\n\n\n\n<h2 class=\"wp-block-heading\">Qui peut voyager aux \u00c9tats-Unis avec une ESTA et sans visa ?<\/h2>\n\n\n\n<p>Seul les ressortissants des pays membres du <a href=\"https:\/\/usa-gv.com\/fr\/visa-waiver-program-usa\/\">Visa Waiver Program<\/a> peuvent voyager aux \u00c9tats-Unis sans visa avec une simple autorisation ESTA. Pour obtenir leur attestation, les voyageurs doivent compl\u00e9ter le <a href=\"https:\/\/usa-gv.com\/fr\/formulaire-esta-en-ligne\/\">formulaire ESTA en ligne<\/a>. Le <a href=\"https:\/\/usa-gv.com\/fr\/delais-obtenir-esta\/\">d\u00e9lais de traitement de l&rsquo;ESTA<\/a> est au minimum de quelques minutes et au maximum de 72 heures.<\/p>\n\n\n\n<h2 class=\"wp-block-heading\">Est-ce que le prix de l&rsquo;ESTA est diff\u00e9rent du prix du visa ?<\/h2>\n\n\n\n<p>Les frais \u00e0 payer sont de montants diff\u00e9rents pour l&rsquo;ESTA ou le visa pour les USA :<\/p>\n\n\n\n<ul class=\"wp-block-list\">\n<li>Le <a href=\"https:\/\/usa-gv.com\/fr\/prix-esta-usa\/\">prix de l&rsquo;ESTA<\/a> a \u00e9t\u00e9 modifi\u00e9 a plusieurs reprises depuis le lancement du programme en 2009. Depuis l&rsquo;ann\u00e9e 2022, les frais administratifs \u00e0 payer en ligne sur le <a href=\"https:\/\/usa-gv.com\/fr\/esta-site-web-officiel\/\">site ESTA officiel<\/a> sont de 21 dollars am\u00e9ricains ;<\/li>\n\n\n\n<li>Les frais \u00e0 payer pour le traitement d&rsquo;une demande de <a href=\"https:\/\/usa-gv.com\/fr\/visa-touristique-usa\/\">visa touristique B2<\/a> sont depuis l&rsquo;ann\u00e9e 2023 d&rsquo;un montant de 185 dollars am\u00e9ricains \u00e0 payer en ligne.<\/li>\n<\/ul>\n","protected":false},"excerpt":{"rendered":"<p>Quelle est la diff\u00e9rence entre le visa et l\u2019ESTA ? Ces deux documents sont des autorisations de voyage am\u00e9ricaines. Elles sont fondamentalement diff\u00e9rentes, voici leurs principales diff\u00e9rences : Est ce que l&rsquo;ESTA est un type de visa pour les USA ? Non pas du tout, l&rsquo;autorisation ESTA n&rsquo;est pas un visa pour les Etats Unis. [&hellip;]<\/p>\n","protected":false},"author":1,"featured_media":0,"parent":0,"menu_order":0,"comment_status":"closed","ping_status":"closed","template":"","meta":{"footnotes":""},"class_list":["post-2213","page","type-page","status-publish","hentry"],"yoast_head":"<!-- This site is optimized with the Yoast SEO plugin v26.6 - https:\/\/yoast.com\/wordpress\/plugins\/seo\/ -->\n<title>L&#039;ESTA est-il un visa pour les USA - USA-GV.COM<\/title>\n<meta name=\"description\" content=\"D\u00e9couvrez si l&#039;ESTA est un visa am\u00e9ricain et s&#039;il permet de voyager dans les m\u00eames conditions aux Etats Unis\" \/>\n<meta name=\"robots\" content=\"index, follow, max-snippet:-1, max-image-preview:large, max-video-preview:-1\" \/>\n<link rel=\"canonical\" href=\"https:\/\/usa-gv.com\/fr\/esta-visa-usa\/\" \/>\n<meta property=\"og:locale\" content=\"fr_FR\" \/>\n<meta property=\"og:type\" content=\"article\" \/>\n<meta property=\"og:title\" content=\"L&#039;ESTA est-il un visa pour les USA - USA-GV.COM\" \/>\n<meta property=\"og:description\" content=\"D\u00e9couvrez si l&#039;ESTA est un visa am\u00e9ricain et s&#039;il permet de voyager dans les m\u00eames conditions aux Etats Unis\" \/>\n<meta property=\"og:url\" content=\"https:\/\/usa-gv.com\/fr\/esta-visa-usa\/\" \/>\n<meta property=\"og:site_name\" content=\"USA-GV.COM\" \/>\n<meta property=\"article:modified_time\" content=\"2025-04-07T08:45:01+00:00\" \/>\n<meta name=\"twitter:card\" content=\"summary_large_image\" \/>\n<meta name=\"twitter:label1\" content=\"Dur\u00e9e de lecture estim\u00e9e\" \/>\n\t<meta name=\"twitter:data1\" content=\"2 minutes\" \/>\n<script type=\"application\/ld+json\" class=\"yoast-schema-graph\">{\"@context\":\"https:\/\/schema.org\",\"@graph\":[{\"@type\":\"WebPage\",\"@id\":\"https:\/\/usa-gv.com\/fr\/esta-visa-usa\/\",\"url\":\"https:\/\/usa-gv.com\/fr\/esta-visa-usa\/\",\"name\":\"L'ESTA est-il un visa pour les USA - USA-GV.COM\",\"isPartOf\":{\"@id\":\"https:\/\/usa-gv.com\/fr\/#website\"},\"datePublished\":\"2024-03-11T21:45:25+00:00\",\"dateModified\":\"2025-04-07T08:45:01+00:00\",\"description\":\"D\u00e9couvrez si l'ESTA est un visa am\u00e9ricain et s'il permet de voyager dans les m\u00eames conditions aux Etats Unis\",\"breadcrumb\":{\"@id\":\"https:\/\/usa-gv.com\/fr\/esta-visa-usa\/#breadcrumb\"},\"inLanguage\":\"fr-FR\",\"potentialAction\":[{\"@type\":\"ReadAction\",\"target\":[\"https:\/\/usa-gv.com\/fr\/esta-visa-usa\/\"]}]},{\"@type\":\"BreadcrumbList\",\"@id\":\"https:\/\/usa-gv.com\/fr\/esta-visa-usa\/#breadcrumb\",\"itemListElement\":[{\"@type\":\"ListItem\",\"position\":1,\"name\":\"Home\",\"item\":\"https:\/\/usa-gv.com\/fr\/\"},{\"@type\":\"ListItem\",\"position\":2,\"name\":\"L&rsquo;ESTA est-il un visa pour les USA\"}]},{\"@type\":\"WebSite\",\"@id\":\"https:\/\/usa-gv.com\/fr\/#website\",\"url\":\"https:\/\/usa-gv.com\/fr\/\",\"name\":\"USA-GV.COM\",\"description\":\"\",\"potentialAction\":[{\"@type\":\"SearchAction\",\"target\":{\"@type\":\"EntryPoint\",\"urlTemplate\":\"https:\/\/usa-gv.com\/fr\/?s={search_term_string}\"},\"query-input\":{\"@type\":\"PropertyValueSpecification\",\"valueRequired\":true,\"valueName\":\"search_term_string\"}}],\"inLanguage\":\"fr-FR\"}]}<\/script>\n<!-- \/ Yoast SEO plugin. -->","yoast_head_json":{"title":"L'ESTA est-il un visa pour les USA - USA-GV.COM","description":"D\u00e9couvrez si l'ESTA est un visa am\u00e9ricain et s'il permet de voyager dans les m\u00eames conditions aux Etats Unis","robots":{"index":"index","follow":"follow","max-snippet":"max-snippet:-1","max-image-preview":"max-image-preview:large","max-video-preview":"max-video-preview:-1"},"canonical":"https:\/\/usa-gv.com\/fr\/esta-visa-usa\/","og_locale":"fr_FR","og_type":"article","og_title":"L'ESTA est-il un visa pour les USA - USA-GV.COM","og_description":"D\u00e9couvrez si l'ESTA est un visa am\u00e9ricain et s'il permet de voyager dans les m\u00eames conditions aux Etats Unis","og_url":"https:\/\/usa-gv.com\/fr\/esta-visa-usa\/","og_site_name":"USA-GV.COM","article_modified_time":"2025-04-07T08:45:01+00:00","twitter_card":"summary_large_image","twitter_misc":{"Dur\u00e9e de lecture estim\u00e9e":"2 minutes"},"schema":{"@context":"https:\/\/schema.org","@graph":[{"@type":"WebPage","@id":"https:\/\/usa-gv.com\/fr\/esta-visa-usa\/","url":"https:\/\/usa-gv.com\/fr\/esta-visa-usa\/","name":"L'ESTA est-il un visa pour les USA - USA-GV.COM","isPartOf":{"@id":"https:\/\/usa-gv.com\/fr\/#website"},"datePublished":"2024-03-11T21:45:25+00:00","dateModified":"2025-04-07T08:45:01+00:00","description":"D\u00e9couvrez si l'ESTA est un visa am\u00e9ricain et s'il permet de voyager dans les m\u00eames conditions aux Etats Unis","breadcrumb":{"@id":"https:\/\/usa-gv.com\/fr\/esta-visa-usa\/#breadcrumb"},"inLanguage":"fr-FR","potentialAction":[{"@type":"ReadAction","target":["https:\/\/usa-gv.com\/fr\/esta-visa-usa\/"]}]},{"@type":"BreadcrumbList","@id":"https:\/\/usa-gv.com\/fr\/esta-visa-usa\/#breadcrumb","itemListElement":[{"@type":"ListItem","position":1,"name":"Home","item":"https:\/\/usa-gv.com\/fr\/"},{"@type":"ListItem","position":2,"name":"L&rsquo;ESTA est-il un visa pour les USA"}]},{"@type":"WebSite","@id":"https:\/\/usa-gv.com\/fr\/#website","url":"https:\/\/usa-gv.com\/fr\/","name":"USA-GV.COM","description":"","potentialAction":[{"@type":"SearchAction","target":{"@type":"EntryPoint","urlTemplate":"https:\/\/usa-gv.com\/fr\/?s={search_term_string}"},"query-input":{"@type":"PropertyValueSpecification","valueRequired":true,"valueName":"search_term_string"}}],"inLanguage":"fr-FR"}]}},"_links":{"self":[{"href":"https:\/\/usa-gv.com\/fr\/wp-json\/wp\/v2\/pages\/2213","targetHints":{"allow":["GET"]}}],"collection":[{"href":"https:\/\/usa-gv.com\/fr\/wp-json\/wp\/v2\/pages"}],"about":[{"href":"https:\/\/usa-gv.com\/fr\/wp-json\/wp\/v2\/types\/page"}],"author":[{"embeddable":true,"href":"https:\/\/usa-gv.com\/fr\/wp-json\/wp\/v2\/users\/1"}],"replies":[{"embeddable":true,"href":"https:\/\/usa-gv.com\/fr\/wp-json\/wp\/v2\/comments?post=2213"}],"version-history":[{"count":1,"href":"https:\/\/usa-gv.com\/fr\/wp-json\/wp\/v2\/pages\/2213\/revisions"}],"predecessor-version":[{"id":7533,"href":"https:\/\/usa-gv.com\/fr\/wp-json\/wp\/v2\/pages\/2213\/revisions\/7533"}],"wp:attachment":[{"href":"https:\/\/usa-gv.com\/fr\/wp-json\/wp\/v2\/media?parent=2213"}],"curies":[{"name":"wp","href":"https:\/\/api.w.org\/{rel}","templated":true}]}}