{"id":2208,"date":"2024-03-11T21:42:38","date_gmt":"2024-03-11T21:42:38","guid":{"rendered":"https:\/\/usa-gv.com\/?page_id=2208"},"modified":"2025-04-07T08:45:28","modified_gmt":"2025-04-07T08:45:28","slug":"regles-eligibilite-esta","status":"publish","type":"page","link":"https:\/\/usa-gv.com\/fr\/regles-eligibilite-esta\/","title":{"rendered":"Les r\u00e8gles d&rsquo;obtention d&rsquo;une ESTA"},"content":{"rendered":"\n<h1 class=\"wp-block-heading\">Les conditions d&rsquo;\u00e9ligibilit\u00e9 pour obtenir une ESTA<\/h1>\n\n\n\n<p>Voyager aux \u00c9tats-Unis sous le programme d&rsquo;exemption de visa n\u00e9cessite l&rsquo;obtention d&rsquo;une autorisation de voyage ESTA. Cette autorisation est indispensable pour les ressortissants des pays participants au VWP qui souhaitent visiter les \u00c9tats-Unis pour des s\u00e9jours de 90 jours maximum. Les conditions d&rsquo;\u00e9ligibilit\u00e9 pour obtenir une ESTA concernent :<\/p>\n\n\n\n<ol class=\"wp-block-list\">\n<li>La citoyennet\u00e9 du demandeur<\/li>\n\n\n\n<li>Le type de passeport<\/li>\n\n\n\n<li>La dur\u00e9e et le motif du s\u00e9jour<\/li>\n\n\n\n<li>Le profil personnel et de s\u00e9curit\u00e9<\/li>\n<\/ol>\n\n\n\n<div style=\"height:10px\" aria-hidden=\"true\" class=\"wp-block-spacer\"><\/div>\n\n\n\n<p><strong>Si vous remplissez ces conditions d&rsquo;\u00e9ligibilit\u00e9<\/strong>, vous pouvez compl\u00e9ter en quelques minutes le <a href=\"https:\/\/usa-gv.com\/fr\/formulaire-esta-en-ligne\/\">formulaire ESTA en ligne<\/a>.<\/p>\n\n\n\n<div style=\"height:10px\" aria-hidden=\"true\" class=\"wp-block-spacer\"><\/div>\n\n\n\n<h2 class=\"wp-block-heading\">1. Les citoyens autoris\u00e9s \u00e0 demander une ESTA<\/h2>\n\n\n\n<p>Pour \u00eatre \u00e9ligible \u00e0 l&rsquo;ESTA, un voyageur doit \u00eatre citoyen ou ressortissant d&rsquo;un <a href=\"https:\/\/usa-gv.com\/fr\/visa-waiver-program-usa\/\">pays participant au VWP<\/a>.<\/p>\n\n\n\n<h2 class=\"wp-block-heading\">2. Types de passeports autoris\u00e9s pour voyager aux USA<\/h2>\n\n\n\n<p>Un voyageur \u00e9tranger doit poss\u00e9der un <a href=\"https:\/\/usa-gv.com\/fr\/passeport-pour-les-usa\/\">passeport valide pour les USA<\/a> et d\u00e9livr\u00e9 par un pays participant au VWP. Ce passeport doit \u00eatre :<\/p>\n\n\n\n<ul class=\"wp-block-list\">\n<li>Un passeport \u00e9lectronique contenant une puce num\u00e9rique.<\/li>\n\n\n\n<li>Valide pour la dur\u00e9e du s\u00e9jour aux \u00c9tats-Unis.<\/li>\n<\/ul>\n\n\n\n<div style=\"height:10px\" aria-hidden=\"true\" class=\"wp-block-spacer\"><\/div>\n\n\n\n<h2 class=\"wp-block-heading\">3. Motif et dur\u00e9e du s\u00e9jour<\/h2>\n\n\n\n<p>Une autorisation ESTA ne permet d&rsquo;effectuer que des s\u00e9jours de courte dur\u00e9e. L&rsquo;ESTA est destin\u00e9e aux s\u00e9jours de 90 jours maximum. Si vous pr\u00e9voyez de rester plus longtemps, vous devrez obtenir un <a href=\"https:\/\/usa-gv.com\/fr\/visa-touristique-usa\/\">visa touristique pour les USA<\/a>.<\/p>\n\n\n\n<p><strong>Les motifs de voyage acceptables pour obtenir une ESTA incluent<\/strong> : Le tourisme, les visites familiales ou entre amis, les rendez vous d&rsquo;affaires (r\u00e9unions, conf\u00e9rences), les soins m\u00e9dicaux ou le <a href=\"https:\/\/usa-gv.com\/fr\/esta-transit-usa\/\">transit par les USA<\/a>.<\/p>\n\n\n\n<p>Les s\u00e9jours pour \u00e9tudes, travail r\u00e9mun\u00e9r\u00e9 ou r\u00e9sidence permanente ne sont pas autoris\u00e9s avec une autorisation de voyage ESTA.<\/p>\n\n\n\n<h2 class=\"wp-block-heading\">4. Conditions personnelles et de s\u00e9curit\u00e9<\/h2>\n\n\n\n<p>Il est n\u00e9cessaire de respecter les exigences de s\u00e9curit\u00e9 et de sant\u00e9 de l&rsquo;administration des fronti\u00e8res am\u00e9ricaines pour obtenir une autorisation de voyage ESTA. La derni\u00e8re partie des <a href=\"https:\/\/usa-gv.com\/fr\/questions-formulaire-esta\/\">questions ESTA<\/a> concernent votre profil personnel en terme de s\u00e9curit\u00e9 pour les USA :<\/p>\n\n\n\n<ul class=\"wp-block-list\">\n<li><strong>Casier Judiciaire<\/strong> : Vous devez r\u00e9pondre \u00e0 une s\u00e9rie de questions de s\u00e9curit\u00e9 lors de la <a href=\"https:\/\/usa-gv.com\/fr\/comment-faire-une-demande-esta\/\">demande ESTA<\/a>. Toute condamnation p\u00e9nale, maladie contagieuse ou violation pr\u00e9c\u00e9dente des lois am\u00e9ricaines sur l&rsquo;immigration peut entra\u00eener le <a href=\"https:\/\/usa-gv.com\/fr\/esta-refus\/\">refus de votre ESTA<\/a>.<\/li>\n\n\n\n<li><strong>Probl\u00e8mes de Sant\u00e9<\/strong> : Vous devez d\u00e9clarer si vous souffrez de certaines maladies contagieuses. Les personnes pr\u00e9sentant des risques pour la sant\u00e9 publique peuvent se voir refuser l&rsquo;ESTA.<\/li>\n\n\n\n<li><strong>Voyage dans certains pays<\/strong> : Si vous avez voyag\u00e9 en Iran, Irak, Libye, Cor\u00e9e du Nord, Somalie, Soudan, Syrie ou Y\u00e9men apr\u00e8s le 1er mars 2011, vous ne serez pas \u00e9ligible pour une ESTA et devrez demander un visa.<\/li>\n<\/ul>\n\n\n\n<ol start=\"3\" class=\"wp-block-list\">\n<li><\/li>\n<\/ol>\n","protected":false},"excerpt":{"rendered":"<p>Les conditions d&rsquo;\u00e9ligibilit\u00e9 pour obtenir une ESTA Voyager aux \u00c9tats-Unis sous le programme d&rsquo;exemption de visa n\u00e9cessite l&rsquo;obtention d&rsquo;une autorisation de voyage ESTA. Cette autorisation est indispensable pour les ressortissants des pays participants au VWP qui souhaitent visiter les \u00c9tats-Unis pour des s\u00e9jours de 90 jours maximum. Les conditions d&rsquo;\u00e9ligibilit\u00e9 pour obtenir une ESTA concernent [&hellip;]<\/p>\n","protected":false},"author":1,"featured_media":0,"parent":0,"menu_order":0,"comment_status":"closed","ping_status":"closed","template":"","meta":{"footnotes":""},"class_list":["post-2208","page","type-page","status-publish","hentry"],"yoast_head":"<!-- This site is optimized with the Yoast SEO plugin v26.6 - https:\/\/yoast.com\/wordpress\/plugins\/seo\/ -->\n<title>Les r\u00e8gles d&#039;obtention d&#039;une ESTA - USA-GV.COM<\/title>\n<meta name=\"description\" content=\"L&#039;obtention d&#039;une autorisation de voyage ESTA ne peut s&#039;envisager que dans certaines conditions d&#039;\u00e9ligibilit\u00e9 du voyageur.\" \/>\n<meta name=\"robots\" content=\"index, follow, max-snippet:-1, max-image-preview:large, max-video-preview:-1\" \/>\n<link rel=\"canonical\" href=\"https:\/\/usa-gv.com\/fr\/regles-eligibilite-esta\/\" \/>\n<meta property=\"og:locale\" content=\"fr_FR\" \/>\n<meta property=\"og:type\" content=\"article\" \/>\n<meta property=\"og:title\" content=\"Les r\u00e8gles d&#039;obtention d&#039;une ESTA - USA-GV.COM\" \/>\n<meta property=\"og:description\" content=\"L&#039;obtention d&#039;une autorisation de voyage ESTA ne peut s&#039;envisager que dans certaines conditions d&#039;\u00e9ligibilit\u00e9 du voyageur.\" \/>\n<meta property=\"og:url\" content=\"https:\/\/usa-gv.com\/fr\/regles-eligibilite-esta\/\" \/>\n<meta property=\"og:site_name\" content=\"USA-GV.COM\" \/>\n<meta property=\"article:modified_time\" content=\"2025-04-07T08:45:28+00:00\" \/>\n<meta name=\"twitter:card\" content=\"summary_large_image\" \/>\n<meta name=\"twitter:label1\" content=\"Dur\u00e9e de lecture estim\u00e9e\" \/>\n\t<meta name=\"twitter:data1\" content=\"3 minutes\" \/>\n<script type=\"application\/ld+json\" class=\"yoast-schema-graph\">{\"@context\":\"https:\/\/schema.org\",\"@graph\":[{\"@type\":\"WebPage\",\"@id\":\"https:\/\/usa-gv.com\/fr\/regles-eligibilite-esta\/\",\"url\":\"https:\/\/usa-gv.com\/fr\/regles-eligibilite-esta\/\",\"name\":\"Les r\u00e8gles d'obtention d'une ESTA - USA-GV.COM\",\"isPartOf\":{\"@id\":\"https:\/\/usa-gv.com\/fr\/#website\"},\"datePublished\":\"2024-03-11T21:42:38+00:00\",\"dateModified\":\"2025-04-07T08:45:28+00:00\",\"description\":\"L'obtention d'une autorisation de voyage ESTA ne peut s'envisager que dans certaines conditions d'\u00e9ligibilit\u00e9 du voyageur.\",\"breadcrumb\":{\"@id\":\"https:\/\/usa-gv.com\/fr\/regles-eligibilite-esta\/#breadcrumb\"},\"inLanguage\":\"fr-FR\",\"potentialAction\":[{\"@type\":\"ReadAction\",\"target\":[\"https:\/\/usa-gv.com\/fr\/regles-eligibilite-esta\/\"]}]},{\"@type\":\"BreadcrumbList\",\"@id\":\"https:\/\/usa-gv.com\/fr\/regles-eligibilite-esta\/#breadcrumb\",\"itemListElement\":[{\"@type\":\"ListItem\",\"position\":1,\"name\":\"Home\",\"item\":\"https:\/\/usa-gv.com\/fr\/\"},{\"@type\":\"ListItem\",\"position\":2,\"name\":\"Les r\u00e8gles d&rsquo;obtention d&rsquo;une ESTA\"}]},{\"@type\":\"WebSite\",\"@id\":\"https:\/\/usa-gv.com\/fr\/#website\",\"url\":\"https:\/\/usa-gv.com\/fr\/\",\"name\":\"USA-GV.COM\",\"description\":\"\",\"potentialAction\":[{\"@type\":\"SearchAction\",\"target\":{\"@type\":\"EntryPoint\",\"urlTemplate\":\"https:\/\/usa-gv.com\/fr\/?s={search_term_string}\"},\"query-input\":{\"@type\":\"PropertyValueSpecification\",\"valueRequired\":true,\"valueName\":\"search_term_string\"}}],\"inLanguage\":\"fr-FR\"}]}<\/script>\n<!-- \/ Yoast SEO plugin. -->","yoast_head_json":{"title":"Les r\u00e8gles d'obtention d'une ESTA - USA-GV.COM","description":"L'obtention d'une autorisation de voyage ESTA ne peut s'envisager que dans certaines conditions d'\u00e9ligibilit\u00e9 du voyageur.","robots":{"index":"index","follow":"follow","max-snippet":"max-snippet:-1","max-image-preview":"max-image-preview:large","max-video-preview":"max-video-preview:-1"},"canonical":"https:\/\/usa-gv.com\/fr\/regles-eligibilite-esta\/","og_locale":"fr_FR","og_type":"article","og_title":"Les r\u00e8gles d'obtention d'une ESTA - USA-GV.COM","og_description":"L'obtention d'une autorisation de voyage ESTA ne peut s'envisager que dans certaines conditions d'\u00e9ligibilit\u00e9 du voyageur.","og_url":"https:\/\/usa-gv.com\/fr\/regles-eligibilite-esta\/","og_site_name":"USA-GV.COM","article_modified_time":"2025-04-07T08:45:28+00:00","twitter_card":"summary_large_image","twitter_misc":{"Dur\u00e9e de lecture estim\u00e9e":"3 minutes"},"schema":{"@context":"https:\/\/schema.org","@graph":[{"@type":"WebPage","@id":"https:\/\/usa-gv.com\/fr\/regles-eligibilite-esta\/","url":"https:\/\/usa-gv.com\/fr\/regles-eligibilite-esta\/","name":"Les r\u00e8gles d'obtention d'une ESTA - USA-GV.COM","isPartOf":{"@id":"https:\/\/usa-gv.com\/fr\/#website"},"datePublished":"2024-03-11T21:42:38+00:00","dateModified":"2025-04-07T08:45:28+00:00","description":"L'obtention d'une autorisation de voyage ESTA ne peut s'envisager que dans certaines conditions d'\u00e9ligibilit\u00e9 du voyageur.","breadcrumb":{"@id":"https:\/\/usa-gv.com\/fr\/regles-eligibilite-esta\/#breadcrumb"},"inLanguage":"fr-FR","potentialAction":[{"@type":"ReadAction","target":["https:\/\/usa-gv.com\/fr\/regles-eligibilite-esta\/"]}]},{"@type":"BreadcrumbList","@id":"https:\/\/usa-gv.com\/fr\/regles-eligibilite-esta\/#breadcrumb","itemListElement":[{"@type":"ListItem","position":1,"name":"Home","item":"https:\/\/usa-gv.com\/fr\/"},{"@type":"ListItem","position":2,"name":"Les r\u00e8gles d&rsquo;obtention d&rsquo;une ESTA"}]},{"@type":"WebSite","@id":"https:\/\/usa-gv.com\/fr\/#website","url":"https:\/\/usa-gv.com\/fr\/","name":"USA-GV.COM","description":"","potentialAction":[{"@type":"SearchAction","target":{"@type":"EntryPoint","urlTemplate":"https:\/\/usa-gv.com\/fr\/?s={search_term_string}"},"query-input":{"@type":"PropertyValueSpecification","valueRequired":true,"valueName":"search_term_string"}}],"inLanguage":"fr-FR"}]}},"_links":{"self":[{"href":"https:\/\/usa-gv.com\/fr\/wp-json\/wp\/v2\/pages\/2208","targetHints":{"allow":["GET"]}}],"collection":[{"href":"https:\/\/usa-gv.com\/fr\/wp-json\/wp\/v2\/pages"}],"about":[{"href":"https:\/\/usa-gv.com\/fr\/wp-json\/wp\/v2\/types\/page"}],"author":[{"embeddable":true,"href":"https:\/\/usa-gv.com\/fr\/wp-json\/wp\/v2\/users\/1"}],"replies":[{"embeddable":true,"href":"https:\/\/usa-gv.com\/fr\/wp-json\/wp\/v2\/comments?post=2208"}],"version-history":[{"count":1,"href":"https:\/\/usa-gv.com\/fr\/wp-json\/wp\/v2\/pages\/2208\/revisions"}],"predecessor-version":[{"id":7620,"href":"https:\/\/usa-gv.com\/fr\/wp-json\/wp\/v2\/pages\/2208\/revisions\/7620"}],"wp:attachment":[{"href":"https:\/\/usa-gv.com\/fr\/wp-json\/wp\/v2\/media?parent=2208"}],"curies":[{"name":"wp","href":"https:\/\/api.w.org\/{rel}","templated":true}]}}