{"id":2202,"date":"2024-03-11T21:37:08","date_gmt":"2024-03-11T21:37:08","guid":{"rendered":"https:\/\/usa-gv.com\/?page_id=2202"},"modified":"2025-04-07T08:45:09","modified_gmt":"2025-04-07T08:45:09","slug":"esta-site-web-officiel","status":"publish","type":"page","link":"https:\/\/usa-gv.com\/fr\/esta-site-web-officiel\/","title":{"rendered":"Le site web de l&rsquo;ESTA officiel"},"content":{"rendered":"\n<h1 class=\"wp-block-heading\">Le site web officiel pour obtenir une ESTA<\/h1>\n\n\n\n<p>L&rsquo;autorisation ESTA&nbsp;permet aux citoyens \u00e9ligibles de se rendre aux \u00c9tats-Unis pour le tourisme ou les affaires sans visa pour des s\u00e9jours de moins de 90 jours. Une autorisation ESTA s&rsquo;obtient en ligne sur le site officiel du Homeland Security Department.<\/p>\n\n\n\n<p><strong>Pour obtenir une autorisation en quelques minutes<\/strong>, il suffit de cliquer sur&nbsp;<a href=\"https:\/\/usa-gv.com\/fr\/formulaire-esta-en-ligne\/\">formulaire ESTA en ligne<\/a>.<\/p>\n\n\n\n<div style=\"height:10px\" aria-hidden=\"true\" class=\"wp-block-spacer\"><\/div>\n\n\n\n<h2 class=\"wp-block-heading\">Quel est le site officiel pour faire une ESTA ?<\/h2>\n\n\n\n<p>Le site officiel pour effectuer une demande ESTA en ligne comporte un formulaire avec l&rsquo;ensemble des <a href=\"https:\/\/usa-gv.com\/fr\/questions-formulaire-esta\/\">questions ESTA<\/a> \u00e0 compl\u00e9ter. Le site officiel du d\u00e9partement de s\u00e9curit\u00e9 int\u00e9rieur am\u00e9ricain permet d\u2019effectuer directement sa demande en ligne, il se trouve \u00e0 l\u2019adresse : https:\/\/esta.cbp.dhs.gov\/. Le site est disponible en 27 langues. <\/p>\n\n\n\n<h2 class=\"wp-block-heading\">Peut-on v\u00e9rifier son ESTA sur le site officiel ?<\/h2>\n\n\n\n<p>Le site officiel permet \u00e9galement de&nbsp;<a href=\"https:\/\/usa-gv.com\/fr\/verifier-validite-esta\/\">v\u00e9rifier le statut de l&rsquo;ESTA<\/a>. Trois statuts diff\u00e9rents sont possibles pour une demande ESTA :<\/p>\n\n\n\n<ul class=\"wp-block-list\">\n<li>ESTA approuv\u00e9 ;<\/li>\n\n\n\n<li><a href=\"https:\/\/usa-gv.com\/fr\/demande-esta-en-attente\/\">ESTA en attente<\/a> ;<\/li>\n\n\n\n<li><a href=\"https:\/\/usa-gv.com\/fr\/esta-refus\/\">ESTA refus\u00e9<\/a>. <\/li>\n<\/ul>\n\n\n\n<div style=\"height:10px\" aria-hidden=\"true\" class=\"wp-block-spacer\"><\/div>\n\n\n\n<h2 class=\"wp-block-heading\">Combien coute un ESTA sur le site officiel ?<\/h2>\n\n\n\n<p>Le processus d&rsquo;obtention d&rsquo;une autorisation ESTA sur le site officiel n\u00e9cessite d&rsquo;effectuer un paiement en ligne pour valider la demande. Le paiement des <a href=\"https:\/\/usa-gv.com\/fr\/prix-esta-usa\/\">frais de l&rsquo;ESTA<\/a> permet de d\u00e9clencher le traitement informatique de la demande. Les frais d&rsquo;obtention de l&rsquo;ESTA sont de 21 dollars am\u00e9ricains. Ils permettent de financer la gestion des services d&rsquo;obtention de l&rsquo;ESTA et de faire la promotion du tourisme aux Etats Unis.<\/p>\n\n\n\n<h2 class=\"wp-block-heading\">Site officiel pour obtenir une ESTA<\/h2>\n\n\n\n<figure class=\"wp-block-image size-large\"><img fetchpriority=\"high\" decoding=\"async\" width=\"1024\" height=\"882\" src=\"https:\/\/usa-gv.com\/wp-content\/uploads\/2024\/04\/esta-FR-1024x882.jpg\" alt=\"Site web officiel ESTA pour les Etats Unis\" class=\"wp-image-3279\" srcset=\"https:\/\/usa-gv.com\/wp-content\/uploads\/2024\/04\/esta-FR-1024x882.jpg 1024w, https:\/\/usa-gv.com\/wp-content\/uploads\/2024\/04\/esta-FR-300x258.jpg 300w, https:\/\/usa-gv.com\/wp-content\/uploads\/2024\/04\/esta-FR-768x662.jpg 768w, https:\/\/usa-gv.com\/wp-content\/uploads\/2024\/04\/esta-FR.jpg 1220w\" sizes=\"(max-width: 1024px) 100vw, 1024px\" \/><figcaption class=\"wp-element-caption\">Site web officiel pour obtenir une ESTA<\/figcaption><\/figure>\n","protected":false},"excerpt":{"rendered":"<p>Le site web officiel pour obtenir une ESTA L&rsquo;autorisation ESTA&nbsp;permet aux citoyens \u00e9ligibles de se rendre aux \u00c9tats-Unis pour le tourisme ou les affaires sans visa pour des s\u00e9jours de moins de 90 jours. Une autorisation ESTA s&rsquo;obtient en ligne sur le site officiel du Homeland Security Department. Pour obtenir une autorisation en quelques minutes, [&hellip;]<\/p>\n","protected":false},"author":1,"featured_media":0,"parent":0,"menu_order":0,"comment_status":"closed","ping_status":"closed","template":"","meta":{"footnotes":""},"class_list":["post-2202","page","type-page","status-publish","hentry"],"yoast_head":"<!-- This site is optimized with the Yoast SEO plugin v26.6 - https:\/\/yoast.com\/wordpress\/plugins\/seo\/ -->\n<title>Le site web de l&#039;ESTA officiel - USA-GV.COM<\/title>\n<meta name=\"description\" content=\"Pour effectuer une demande ESTA en ligne il est n\u00e9cessaire de se connecter au site web officiel du D\u00e9partement de la s\u00e9curit\u00e9 int\u00e9rieure US\" \/>\n<meta name=\"robots\" content=\"index, follow, max-snippet:-1, max-image-preview:large, max-video-preview:-1\" \/>\n<link rel=\"canonical\" href=\"https:\/\/usa-gv.com\/fr\/esta-site-web-officiel\/\" \/>\n<meta property=\"og:locale\" content=\"fr_FR\" \/>\n<meta property=\"og:type\" content=\"article\" \/>\n<meta property=\"og:title\" content=\"Le site web de l&#039;ESTA officiel - USA-GV.COM\" \/>\n<meta property=\"og:description\" content=\"Pour effectuer une demande ESTA en ligne il est n\u00e9cessaire de se connecter au site web officiel du D\u00e9partement de la s\u00e9curit\u00e9 int\u00e9rieure US\" \/>\n<meta property=\"og:url\" content=\"https:\/\/usa-gv.com\/fr\/esta-site-web-officiel\/\" \/>\n<meta property=\"og:site_name\" content=\"USA-GV.COM\" \/>\n<meta property=\"article:modified_time\" content=\"2025-04-07T08:45:09+00:00\" \/>\n<meta property=\"og:image\" content=\"https:\/\/usa-gv.com\/wp-content\/uploads\/2024\/04\/esta-FR-1024x882.jpg\" \/>\n<meta name=\"twitter:card\" content=\"summary_large_image\" \/>\n<meta name=\"twitter:label1\" content=\"Dur\u00e9e de lecture estim\u00e9e\" \/>\n\t<meta name=\"twitter:data1\" content=\"2 minutes\" \/>\n<script type=\"application\/ld+json\" class=\"yoast-schema-graph\">{\"@context\":\"https:\/\/schema.org\",\"@graph\":[{\"@type\":\"WebPage\",\"@id\":\"https:\/\/usa-gv.com\/fr\/esta-site-web-officiel\/\",\"url\":\"https:\/\/usa-gv.com\/fr\/esta-site-web-officiel\/\",\"name\":\"Le site web de l'ESTA officiel - USA-GV.COM\",\"isPartOf\":{\"@id\":\"https:\/\/usa-gv.com\/fr\/#website\"},\"primaryImageOfPage\":{\"@id\":\"https:\/\/usa-gv.com\/fr\/esta-site-web-officiel\/#primaryimage\"},\"image\":{\"@id\":\"https:\/\/usa-gv.com\/fr\/esta-site-web-officiel\/#primaryimage\"},\"thumbnailUrl\":\"https:\/\/usa-gv.com\/wp-content\/uploads\/2024\/04\/esta-FR-1024x882.jpg\",\"datePublished\":\"2024-03-11T21:37:08+00:00\",\"dateModified\":\"2025-04-07T08:45:09+00:00\",\"description\":\"Pour effectuer une demande ESTA en ligne il est n\u00e9cessaire de se connecter au site web officiel du D\u00e9partement de la s\u00e9curit\u00e9 int\u00e9rieure US\",\"breadcrumb\":{\"@id\":\"https:\/\/usa-gv.com\/fr\/esta-site-web-officiel\/#breadcrumb\"},\"inLanguage\":\"fr-FR\",\"potentialAction\":[{\"@type\":\"ReadAction\",\"target\":[\"https:\/\/usa-gv.com\/fr\/esta-site-web-officiel\/\"]}]},{\"@type\":\"ImageObject\",\"inLanguage\":\"fr-FR\",\"@id\":\"https:\/\/usa-gv.com\/fr\/esta-site-web-officiel\/#primaryimage\",\"url\":\"https:\/\/usa-gv.com\/wp-content\/uploads\/2024\/04\/esta-FR-1024x882.jpg\",\"contentUrl\":\"https:\/\/usa-gv.com\/wp-content\/uploads\/2024\/04\/esta-FR-1024x882.jpg\"},{\"@type\":\"BreadcrumbList\",\"@id\":\"https:\/\/usa-gv.com\/fr\/esta-site-web-officiel\/#breadcrumb\",\"itemListElement\":[{\"@type\":\"ListItem\",\"position\":1,\"name\":\"Home\",\"item\":\"https:\/\/usa-gv.com\/fr\/\"},{\"@type\":\"ListItem\",\"position\":2,\"name\":\"Le site web de l&rsquo;ESTA officiel\"}]},{\"@type\":\"WebSite\",\"@id\":\"https:\/\/usa-gv.com\/fr\/#website\",\"url\":\"https:\/\/usa-gv.com\/fr\/\",\"name\":\"USA-GV.COM\",\"description\":\"\",\"potentialAction\":[{\"@type\":\"SearchAction\",\"target\":{\"@type\":\"EntryPoint\",\"urlTemplate\":\"https:\/\/usa-gv.com\/fr\/?s={search_term_string}\"},\"query-input\":{\"@type\":\"PropertyValueSpecification\",\"valueRequired\":true,\"valueName\":\"search_term_string\"}}],\"inLanguage\":\"fr-FR\"}]}<\/script>\n<!-- \/ Yoast SEO plugin. -->","yoast_head_json":{"title":"Le site web de l'ESTA officiel - USA-GV.COM","description":"Pour effectuer une demande ESTA en ligne il est n\u00e9cessaire de se connecter au site web officiel du D\u00e9partement de la s\u00e9curit\u00e9 int\u00e9rieure US","robots":{"index":"index","follow":"follow","max-snippet":"max-snippet:-1","max-image-preview":"max-image-preview:large","max-video-preview":"max-video-preview:-1"},"canonical":"https:\/\/usa-gv.com\/fr\/esta-site-web-officiel\/","og_locale":"fr_FR","og_type":"article","og_title":"Le site web de l'ESTA officiel - USA-GV.COM","og_description":"Pour effectuer une demande ESTA en ligne il est n\u00e9cessaire de se connecter au site web officiel du D\u00e9partement de la s\u00e9curit\u00e9 int\u00e9rieure US","og_url":"https:\/\/usa-gv.com\/fr\/esta-site-web-officiel\/","og_site_name":"USA-GV.COM","article_modified_time":"2025-04-07T08:45:09+00:00","og_image":[{"url":"https:\/\/usa-gv.com\/wp-content\/uploads\/2024\/04\/esta-FR-1024x882.jpg","type":"","width":"","height":""}],"twitter_card":"summary_large_image","twitter_misc":{"Dur\u00e9e de lecture estim\u00e9e":"2 minutes"},"schema":{"@context":"https:\/\/schema.org","@graph":[{"@type":"WebPage","@id":"https:\/\/usa-gv.com\/fr\/esta-site-web-officiel\/","url":"https:\/\/usa-gv.com\/fr\/esta-site-web-officiel\/","name":"Le site web de l'ESTA officiel - USA-GV.COM","isPartOf":{"@id":"https:\/\/usa-gv.com\/fr\/#website"},"primaryImageOfPage":{"@id":"https:\/\/usa-gv.com\/fr\/esta-site-web-officiel\/#primaryimage"},"image":{"@id":"https:\/\/usa-gv.com\/fr\/esta-site-web-officiel\/#primaryimage"},"thumbnailUrl":"https:\/\/usa-gv.com\/wp-content\/uploads\/2024\/04\/esta-FR-1024x882.jpg","datePublished":"2024-03-11T21:37:08+00:00","dateModified":"2025-04-07T08:45:09+00:00","description":"Pour effectuer une demande ESTA en ligne il est n\u00e9cessaire de se connecter au site web officiel du D\u00e9partement de la s\u00e9curit\u00e9 int\u00e9rieure US","breadcrumb":{"@id":"https:\/\/usa-gv.com\/fr\/esta-site-web-officiel\/#breadcrumb"},"inLanguage":"fr-FR","potentialAction":[{"@type":"ReadAction","target":["https:\/\/usa-gv.com\/fr\/esta-site-web-officiel\/"]}]},{"@type":"ImageObject","inLanguage":"fr-FR","@id":"https:\/\/usa-gv.com\/fr\/esta-site-web-officiel\/#primaryimage","url":"https:\/\/usa-gv.com\/wp-content\/uploads\/2024\/04\/esta-FR-1024x882.jpg","contentUrl":"https:\/\/usa-gv.com\/wp-content\/uploads\/2024\/04\/esta-FR-1024x882.jpg"},{"@type":"BreadcrumbList","@id":"https:\/\/usa-gv.com\/fr\/esta-site-web-officiel\/#breadcrumb","itemListElement":[{"@type":"ListItem","position":1,"name":"Home","item":"https:\/\/usa-gv.com\/fr\/"},{"@type":"ListItem","position":2,"name":"Le site web de l&rsquo;ESTA officiel"}]},{"@type":"WebSite","@id":"https:\/\/usa-gv.com\/fr\/#website","url":"https:\/\/usa-gv.com\/fr\/","name":"USA-GV.COM","description":"","potentialAction":[{"@type":"SearchAction","target":{"@type":"EntryPoint","urlTemplate":"https:\/\/usa-gv.com\/fr\/?s={search_term_string}"},"query-input":{"@type":"PropertyValueSpecification","valueRequired":true,"valueName":"search_term_string"}}],"inLanguage":"fr-FR"}]}},"_links":{"self":[{"href":"https:\/\/usa-gv.com\/fr\/wp-json\/wp\/v2\/pages\/2202","targetHints":{"allow":["GET"]}}],"collection":[{"href":"https:\/\/usa-gv.com\/fr\/wp-json\/wp\/v2\/pages"}],"about":[{"href":"https:\/\/usa-gv.com\/fr\/wp-json\/wp\/v2\/types\/page"}],"author":[{"embeddable":true,"href":"https:\/\/usa-gv.com\/fr\/wp-json\/wp\/v2\/users\/1"}],"replies":[{"embeddable":true,"href":"https:\/\/usa-gv.com\/fr\/wp-json\/wp\/v2\/comments?post=2202"}],"version-history":[{"count":1,"href":"https:\/\/usa-gv.com\/fr\/wp-json\/wp\/v2\/pages\/2202\/revisions"}],"predecessor-version":[{"id":7565,"href":"https:\/\/usa-gv.com\/fr\/wp-json\/wp\/v2\/pages\/2202\/revisions\/7565"}],"wp:attachment":[{"href":"https:\/\/usa-gv.com\/fr\/wp-json\/wp\/v2\/media?parent=2202"}],"curies":[{"name":"wp","href":"https:\/\/api.w.org\/{rel}","templated":true}]}}