{"id":2197,"date":"2024-03-11T21:27:16","date_gmt":"2024-03-11T21:27:16","guid":{"rendered":"https:\/\/usa-gv.com\/?page_id=2197"},"modified":"2025-04-07T08:44:45","modified_gmt":"2025-04-07T08:44:45","slug":"formulaire-esta-en-ligne","status":"publish","type":"page","link":"https:\/\/usa-gv.com\/fr\/formulaire-esta-en-ligne\/","title":{"rendered":"Formulaire de demande ESTA en ligne"},"content":{"rendered":"\t\t<div data-elementor-type=\"wp-page\" data-elementor-id=\"2197\" class=\"elementor elementor-2197\" data-elementor-post-type=\"page\">\n\t\t\t\t\t\t<section class=\"elementor-section elementor-top-section elementor-element elementor-element-31254f0 elementor-section-boxed elementor-section-height-default elementor-section-height-default\" data-id=\"31254f0\" data-element_type=\"section\">\n\t\t\t\t\t\t<div class=\"elementor-container elementor-column-gap-default\">\n\t\t\t\t\t<div class=\"elementor-column elementor-col-100 elementor-top-column elementor-element elementor-element-6d4d5ef\" data-id=\"6d4d5ef\" data-element_type=\"column\">\n\t\t\t<div class=\"elementor-widget-wrap elementor-element-populated\">\n\t\t\t\t\t\t<div class=\"elementor-element elementor-element-00397ac elementor-widget elementor-widget-spacer\" data-id=\"00397ac\" data-element_type=\"widget\" data-widget_type=\"spacer.default\">\n\t\t\t\t<div class=\"elementor-widget-container\">\n\t\t\t\t\t\t\t<div class=\"elementor-spacer\">\n\t\t\t<div class=\"elementor-spacer-inner\"><\/div>\n\t\t<\/div>\n\t\t\t\t\t\t<\/div>\n\t\t\t\t<\/div>\n\t\t\t\t\t<\/div>\n\t\t<\/div>\n\t\t\t\t\t<\/div>\n\t\t<\/section>\n\t\t\t\t<section class=\"elementor-section elementor-top-section elementor-element elementor-element-ba64e19 elementor-section-boxed elementor-section-height-default elementor-section-height-default\" data-id=\"ba64e19\" data-element_type=\"section\">\n\t\t\t\t\t\t<div class=\"elementor-container elementor-column-gap-default\">\n\t\t\t\t\t<div class=\"elementor-column elementor-col-100 elementor-top-column elementor-element elementor-element-3a6bfcf\" data-id=\"3a6bfcf\" data-element_type=\"column\">\n\t\t\t<div class=\"elementor-widget-wrap elementor-element-populated\">\n\t\t\t\t\t\t<div class=\"elementor-element elementor-element-9f54b60 elementor-widget elementor-widget-heading\" data-id=\"9f54b60\" data-element_type=\"widget\" data-widget_type=\"heading.default\">\n\t\t\t\t<div class=\"elementor-widget-container\">\n\t\t\t\t\t<h1 class=\"elementor-heading-title elementor-size-default\">Compl\u00e9ter le formulaire ESTA<\/h1>\t\t\t\t<\/div>\n\t\t\t\t<\/div>\n\t\t\t\t\t<\/div>\n\t\t<\/div>\n\t\t\t\t\t<\/div>\n\t\t<\/section>\n\t\t\t\t<section class=\"elementor-section elementor-top-section elementor-element elementor-element-3323a1c elementor-section-boxed elementor-section-height-default elementor-section-height-default\" data-id=\"3323a1c\" data-element_type=\"section\">\n\t\t\t\t\t\t<div class=\"elementor-container elementor-column-gap-default\">\n\t\t\t\t\t<div class=\"elementor-column elementor-col-100 elementor-top-column elementor-element elementor-element-cf3ec87\" data-id=\"cf3ec87\" data-element_type=\"column\">\n\t\t\t<div class=\"elementor-widget-wrap elementor-element-populated\">\n\t\t\t\t\t\t<div class=\"elementor-element elementor-element-9eca5e9 elementor-widget elementor-widget-text-editor\" data-id=\"9eca5e9\" data-element_type=\"widget\" data-widget_type=\"text-editor.default\">\n\t\t\t\t<div class=\"elementor-widget-container\">\n\t\t\t\t\t\t\t\t\t<p>Le formulaire de demande d&rsquo;une autorisation de voyage ESTA se compl\u00e8te directement en ligne. La proc\u00e9dure en ligne est simple et rapide. Le processus informatique permet un traitement imm\u00e9diat de la demande.<\/p>\t\t\t\t\t\t\t\t<\/div>\n\t\t\t\t<\/div>\n\t\t\t\t\t<\/div>\n\t\t<\/div>\n\t\t\t\t\t<\/div>\n\t\t<\/section>\n\t\t\t\t<section class=\"elementor-section elementor-top-section elementor-element elementor-element-10b213f6 elementor-section-boxed elementor-section-height-default elementor-section-height-default\" data-id=\"10b213f6\" data-element_type=\"section\">\n\t\t\t\t\t\t<div class=\"elementor-container elementor-column-gap-default\">\n\t\t\t\t\t<div class=\"elementor-column elementor-col-100 elementor-top-column elementor-element elementor-element-2f6790ff\" data-id=\"2f6790ff\" data-element_type=\"column\">\n\t\t\t<div class=\"elementor-widget-wrap elementor-element-populated\">\n\t\t\t\t\t\t<div class=\"elementor-element elementor-element-532786cd elementor-widget elementor-widget-text-editor\" data-id=\"532786cd\" data-element_type=\"widget\" data-widget_type=\"text-editor.default\">\n\t\t\t\t<div class=\"elementor-widget-container\">\n\t\t\t\t\t\t\t\t\t<p><span style=\"text-decoration: underline;\">Important<\/span> : Dans le cadre de sa demande ESTA en ligne, le candidat doit t\u00e9l\u00e9charger son passeport pour valider son identit\u00e9 lors du remplissage du formulaire.<\/p>\t\t\t\t\t\t\t\t<\/div>\n\t\t\t\t<\/div>\n\t\t\t\t\t<\/div>\n\t\t<\/div>\n\t\t\t\t\t<\/div>\n\t\t<\/section>\n\t\t\t\t<section class=\"elementor-section elementor-top-section elementor-element elementor-element-82b1396 elementor-section-boxed elementor-section-height-default elementor-section-height-default\" data-id=\"82b1396\" data-element_type=\"section\">\n\t\t\t\t\t\t<div class=\"elementor-container elementor-column-gap-default\">\n\t\t\t\t\t<div class=\"elementor-column elementor-col-100 elementor-top-column elementor-element elementor-element-e5718a7\" data-id=\"e5718a7\" data-element_type=\"column\">\n\t\t\t<div class=\"elementor-widget-wrap elementor-element-populated\">\n\t\t\t\t\t\t<div class=\"elementor-element elementor-element-5dc1667 elementor-widget elementor-widget-text-editor\" data-id=\"5dc1667\" data-element_type=\"widget\" data-widget_type=\"text-editor.default\">\n\t\t\t\t<div class=\"elementor-widget-container\">\n\t\t\t\t\t\t\t\t\t<p>Les <a href=\"https:\/\/usa-gv.com\/fr\/questions-formulaire-esta\/\">questions du formulaire ESTA<\/a> sont regroup\u00e9es au travers de quatre rubriques que sont :<\/p>\n<ul>\n<li>Les informations du <a href=\"https:\/\/usa-gv.com\/fr\/passeport-pour-les-usa\/\">passeport conforme aux exigences des USA<\/a> et de l&rsquo;identit\u00e9 compl\u00e8te du demandeur ;<\/li>\n<li>Des informations sur le voyage aux Etats Unis ;<\/li>\n<li>Des questions sur les ant\u00e9c\u00e9dents m\u00e9dicaux et judiciaires du candidat ;<\/li>\n<li>Des questions sur son \u00e9ventuel refus de visa ou sa participation \u00e0 des activit\u00e9s terroristes.<\/li>\n<\/ul>\t\t\t\t\t\t\t\t<\/div>\n\t\t\t\t<\/div>\n\t\t\t\t\t<\/div>\n\t\t<\/div>\n\t\t\t\t\t<\/div>\n\t\t<\/section>\n\t\t\t\t<section class=\"elementor-section elementor-top-section elementor-element elementor-element-a0394c2 elementor-section-boxed elementor-section-height-default elementor-section-height-default\" data-id=\"a0394c2\" data-element_type=\"section\">\n\t\t\t\t\t\t<div class=\"elementor-container elementor-column-gap-default\">\n\t\t\t\t\t<div class=\"elementor-column elementor-col-100 elementor-top-column elementor-element elementor-element-28612e6\" data-id=\"28612e6\" data-element_type=\"column\">\n\t\t\t<div class=\"elementor-widget-wrap elementor-element-populated\">\n\t\t\t\t\t\t<div class=\"elementor-element elementor-element-cf95e67 elementor-widget elementor-widget-spacer\" data-id=\"cf95e67\" data-element_type=\"widget\" data-widget_type=\"spacer.default\">\n\t\t\t\t<div class=\"elementor-widget-container\">\n\t\t\t\t\t\t\t<div class=\"elementor-spacer\">\n\t\t\t<div class=\"elementor-spacer-inner\"><\/div>\n\t\t<\/div>\n\t\t\t\t\t\t<\/div>\n\t\t\t\t<\/div>\n\t\t\t\t\t<\/div>\n\t\t<\/div>\n\t\t\t\t\t<\/div>\n\t\t<\/section>\n\t\t\t\t<section class=\"elementor-section elementor-top-section elementor-element elementor-element-650ceda elementor-section-boxed elementor-section-height-default elementor-section-height-default\" data-id=\"650ceda\" data-element_type=\"section\">\n\t\t\t\t\t\t<div class=\"elementor-container elementor-column-gap-default\">\n\t\t\t\t\t<div class=\"elementor-column elementor-col-100 elementor-top-column elementor-element elementor-element-6e9ed8c\" data-id=\"6e9ed8c\" data-element_type=\"column\">\n\t\t\t<div class=\"elementor-widget-wrap elementor-element-populated\">\n\t\t\t\t\t\t<div class=\"elementor-element elementor-element-7f0854e elementor-widget elementor-widget-text-editor\" data-id=\"7f0854e\" data-element_type=\"widget\" data-widget_type=\"text-editor.default\">\n\t\t\t\t<div class=\"elementor-widget-container\">\n\t\t\t\t\t\t\t\t\t<h2>D\u00e9lais pour obtenir une autorisation ESTA<\/h2>\n<p>Le traitement de la demande d\u00e9bute lorsque le candidat a <a href=\"https:\/\/usa-gv.com\/fr\/comment-payer-esta\/\">pay\u00e9 les frais pour l&rsquo;ESTA<\/a>. Le traitement informatique permet \u00e0 la plupart des demandeurs d&rsquo;obtenir une r\u00e9ponse en quelques minutes.<\/p>\n<p>Les <a href=\"https:\/\/usa-gv.com\/fr\/delais-obtenir-esta\/\">d\u00e9lais pour obtenir l&rsquo;ESTA<\/a> peuvent dans certains cas \u00eatre plus longs. Dans certains cas, la validation de la demande n\u00e9cessite un traitement humain. Le <a href=\"https:\/\/usa-gv.com\/fr\/demande-esta-en-attente\/\">statut en attente de l&rsquo;ESTA<\/a> peut durer au maximum 3 jours pour obtenir une r\u00e9ponse d\u00e9finitive.<\/p>\n<p>Lorsque l&rsquo;autorisation est accord\u00e9e, <a href=\"https:\/\/usa-gv.com\/fr\/imprimer-esta\/\">imprimer l&rsquo;attestation ESTA<\/a> n&rsquo;est pas n\u00e9cessaire. Les compagnies d&rsquo;aviation ne peuvent imprimer la carte d&#8217;embarquement d&rsquo;un voyageur pour les USA que si l&rsquo;ESTA est valid\u00e9 \u00e9lectroniquement dans le syst\u00e8me informatique.<\/p>\t\t\t\t\t\t\t\t<\/div>\n\t\t\t\t<\/div>\n\t\t\t\t\t<\/div>\n\t\t<\/div>\n\t\t\t\t\t<\/div>\n\t\t<\/section>\n\t\t\t\t<\/div>\n\t\t","protected":false},"excerpt":{"rendered":"<p>Compl\u00e9ter le formulaire ESTA Le formulaire de demande d&rsquo;une autorisation de voyage ESTA se compl\u00e8te directement en ligne. La proc\u00e9dure en ligne est simple et rapide. Le processus informatique permet un traitement imm\u00e9diat de la demande. Important : Dans le cadre de sa demande ESTA en ligne, le candidat doit t\u00e9l\u00e9charger son passeport pour valider [&hellip;]<\/p>\n","protected":false},"author":1,"featured_media":0,"parent":0,"menu_order":0,"comment_status":"closed","ping_status":"closed","template":"","meta":{"footnotes":""},"class_list":["post-2197","page","type-page","status-publish","hentry"],"yoast_head":"<!-- This site is optimized with the Yoast SEO plugin v26.6 - https:\/\/yoast.com\/wordpress\/plugins\/seo\/ -->\n<title>Formulaire de demande ESTA en ligne - USA-GV.COM<\/title>\n<meta name=\"description\" content=\"Compl\u00e9tez le formulaire ESTA en ligne en quelques minutes pour obtenir l&#039;autorisation de voyager aux Etats Unis sans visa.\" \/>\n<meta name=\"robots\" content=\"index, follow, max-snippet:-1, max-image-preview:large, max-video-preview:-1\" \/>\n<link rel=\"canonical\" href=\"https:\/\/usa-gv.com\/fr\/formulaire-esta-en-ligne\/\" \/>\n<meta property=\"og:locale\" content=\"fr_FR\" \/>\n<meta property=\"og:type\" content=\"article\" \/>\n<meta property=\"og:title\" content=\"Formulaire de demande ESTA en ligne - USA-GV.COM\" \/>\n<meta property=\"og:description\" content=\"Compl\u00e9tez le formulaire ESTA en ligne en quelques minutes pour obtenir l&#039;autorisation de voyager aux Etats Unis sans visa.\" \/>\n<meta property=\"og:url\" content=\"https:\/\/usa-gv.com\/fr\/formulaire-esta-en-ligne\/\" \/>\n<meta property=\"og:site_name\" content=\"USA-GV.COM\" \/>\n<meta property=\"article:modified_time\" content=\"2025-04-07T08:44:45+00:00\" \/>\n<meta name=\"twitter:card\" content=\"summary_large_image\" \/>\n<meta name=\"twitter:label1\" content=\"Dur\u00e9e de lecture estim\u00e9e\" \/>\n\t<meta name=\"twitter:data1\" content=\"2 minutes\" \/>\n<script type=\"application\/ld+json\" class=\"yoast-schema-graph\">{\"@context\":\"https:\/\/schema.org\",\"@graph\":[{\"@type\":\"WebPage\",\"@id\":\"https:\/\/usa-gv.com\/fr\/formulaire-esta-en-ligne\/\",\"url\":\"https:\/\/usa-gv.com\/fr\/formulaire-esta-en-ligne\/\",\"name\":\"Formulaire de demande ESTA en ligne - USA-GV.COM\",\"isPartOf\":{\"@id\":\"https:\/\/usa-gv.com\/fr\/#website\"},\"datePublished\":\"2024-03-11T21:27:16+00:00\",\"dateModified\":\"2025-04-07T08:44:45+00:00\",\"description\":\"Compl\u00e9tez le formulaire ESTA en ligne en quelques minutes pour obtenir l'autorisation de voyager aux Etats Unis sans visa.\",\"breadcrumb\":{\"@id\":\"https:\/\/usa-gv.com\/fr\/formulaire-esta-en-ligne\/#breadcrumb\"},\"inLanguage\":\"fr-FR\",\"potentialAction\":[{\"@type\":\"ReadAction\",\"target\":[\"https:\/\/usa-gv.com\/fr\/formulaire-esta-en-ligne\/\"]}]},{\"@type\":\"BreadcrumbList\",\"@id\":\"https:\/\/usa-gv.com\/fr\/formulaire-esta-en-ligne\/#breadcrumb\",\"itemListElement\":[{\"@type\":\"ListItem\",\"position\":1,\"name\":\"Home\",\"item\":\"https:\/\/usa-gv.com\/fr\/\"},{\"@type\":\"ListItem\",\"position\":2,\"name\":\"Formulaire de demande ESTA en ligne\"}]},{\"@type\":\"WebSite\",\"@id\":\"https:\/\/usa-gv.com\/fr\/#website\",\"url\":\"https:\/\/usa-gv.com\/fr\/\",\"name\":\"USA-GV.COM\",\"description\":\"\",\"potentialAction\":[{\"@type\":\"SearchAction\",\"target\":{\"@type\":\"EntryPoint\",\"urlTemplate\":\"https:\/\/usa-gv.com\/fr\/?s={search_term_string}\"},\"query-input\":{\"@type\":\"PropertyValueSpecification\",\"valueRequired\":true,\"valueName\":\"search_term_string\"}}],\"inLanguage\":\"fr-FR\"}]}<\/script>\n<!-- \/ Yoast SEO plugin. -->","yoast_head_json":{"title":"Formulaire de demande ESTA en ligne - USA-GV.COM","description":"Compl\u00e9tez le formulaire ESTA en ligne en quelques minutes pour obtenir l'autorisation de voyager aux Etats Unis sans visa.","robots":{"index":"index","follow":"follow","max-snippet":"max-snippet:-1","max-image-preview":"max-image-preview:large","max-video-preview":"max-video-preview:-1"},"canonical":"https:\/\/usa-gv.com\/fr\/formulaire-esta-en-ligne\/","og_locale":"fr_FR","og_type":"article","og_title":"Formulaire de demande ESTA en ligne - USA-GV.COM","og_description":"Compl\u00e9tez le formulaire ESTA en ligne en quelques minutes pour obtenir l'autorisation de voyager aux Etats Unis sans visa.","og_url":"https:\/\/usa-gv.com\/fr\/formulaire-esta-en-ligne\/","og_site_name":"USA-GV.COM","article_modified_time":"2025-04-07T08:44:45+00:00","twitter_card":"summary_large_image","twitter_misc":{"Dur\u00e9e de lecture estim\u00e9e":"2 minutes"},"schema":{"@context":"https:\/\/schema.org","@graph":[{"@type":"WebPage","@id":"https:\/\/usa-gv.com\/fr\/formulaire-esta-en-ligne\/","url":"https:\/\/usa-gv.com\/fr\/formulaire-esta-en-ligne\/","name":"Formulaire de demande ESTA en ligne - USA-GV.COM","isPartOf":{"@id":"https:\/\/usa-gv.com\/fr\/#website"},"datePublished":"2024-03-11T21:27:16+00:00","dateModified":"2025-04-07T08:44:45+00:00","description":"Compl\u00e9tez le formulaire ESTA en ligne en quelques minutes pour obtenir l'autorisation de voyager aux Etats Unis sans visa.","breadcrumb":{"@id":"https:\/\/usa-gv.com\/fr\/formulaire-esta-en-ligne\/#breadcrumb"},"inLanguage":"fr-FR","potentialAction":[{"@type":"ReadAction","target":["https:\/\/usa-gv.com\/fr\/formulaire-esta-en-ligne\/"]}]},{"@type":"BreadcrumbList","@id":"https:\/\/usa-gv.com\/fr\/formulaire-esta-en-ligne\/#breadcrumb","itemListElement":[{"@type":"ListItem","position":1,"name":"Home","item":"https:\/\/usa-gv.com\/fr\/"},{"@type":"ListItem","position":2,"name":"Formulaire de demande ESTA en ligne"}]},{"@type":"WebSite","@id":"https:\/\/usa-gv.com\/fr\/#website","url":"https:\/\/usa-gv.com\/fr\/","name":"USA-GV.COM","description":"","potentialAction":[{"@type":"SearchAction","target":{"@type":"EntryPoint","urlTemplate":"https:\/\/usa-gv.com\/fr\/?s={search_term_string}"},"query-input":{"@type":"PropertyValueSpecification","valueRequired":true,"valueName":"search_term_string"}}],"inLanguage":"fr-FR"}]}},"_links":{"self":[{"href":"https:\/\/usa-gv.com\/fr\/wp-json\/wp\/v2\/pages\/2197","targetHints":{"allow":["GET"]}}],"collection":[{"href":"https:\/\/usa-gv.com\/fr\/wp-json\/wp\/v2\/pages"}],"about":[{"href":"https:\/\/usa-gv.com\/fr\/wp-json\/wp\/v2\/types\/page"}],"author":[{"embeddable":true,"href":"https:\/\/usa-gv.com\/fr\/wp-json\/wp\/v2\/users\/1"}],"replies":[{"embeddable":true,"href":"https:\/\/usa-gv.com\/fr\/wp-json\/wp\/v2\/comments?post=2197"}],"version-history":[{"count":3,"href":"https:\/\/usa-gv.com\/fr\/wp-json\/wp\/v2\/pages\/2197\/revisions"}],"predecessor-version":[{"id":7389,"href":"https:\/\/usa-gv.com\/fr\/wp-json\/wp\/v2\/pages\/2197\/revisions\/7389"}],"wp:attachment":[{"href":"https:\/\/usa-gv.com\/fr\/wp-json\/wp\/v2\/media?parent=2197"}],"curies":[{"name":"wp","href":"https:\/\/api.w.org\/{rel}","templated":true}]}}