{"id":2138,"date":"2024-03-11T17:29:47","date_gmt":"2024-03-11T17:29:47","guid":{"rendered":"https:\/\/usa-gv.com\/?page_id=2138"},"modified":"2025-04-07T08:44:29","modified_gmt":"2025-04-07T08:44:29","slug":"esta-new-york","status":"publish","type":"page","link":"https:\/\/usa-gv.com\/fr\/esta-new-york\/","title":{"rendered":"ESTA pour New York aux Etats Unis"},"content":{"rendered":"\n<h1 class=\"wp-block-heading\">ESTA en ligne pour voyager \u00e0 New York<\/h1>\n\n\n\n<p><a href=\"https:\/\/usa-gv.com\/fr\/visiter-new-york\/\">New York<\/a> est la ville am\u00e9ricaine la plus visit\u00e9e par les touristes \u00e9trangers. Pour s\u00e9journer \u00e0 New York, les ressortissants \u00e9trangers doivent \u00eatre en possession d&rsquo;une autorisation de voyage ou d&rsquo;un visa valide.<\/p>\n\n\n\n<h2 class=\"wp-block-heading\">Peut-on voyager \u00e0 New York avec une ESTA ?<\/h2>\n\n\n\n<p>Dans le cadre d\u2019un s\u00e9jour de moins de 90 jours, les voyageurs ressortissants des pays membres du <a href=\"https:\/\/usa-gv.com\/fr\/visa-waiver-program-usa\/\">Visa Waiver Program<\/a> peuvent atterrir \u00e0 New York avec simplement une autorisation de voyage ESTA. <\/p>\n\n\n\n<h2 class=\"wp-block-heading\">Comment obtenir une ESTA pour New York ?<\/h2>\n\n\n\n<p>La demande d&rsquo;une autorisation ESTA se fait enti\u00e8rement en ligne. <a href=\"https:\/\/usa-gv.com\/fr\/remplir-formulaire-esta\/\">Remplir le formulaire ESTA<\/a> ne prend que quelques minutes si le demandeur est en possession de son <a href=\"https:\/\/usa-gv.com\/fr\/passeport-pour-les-usa\/\">passeport valide pour voyager aux USA<\/a>. La d\u00e9marche en ligne doit \u00eatre faite au minimum 3 jours avant d&#8217;embarquer pour <a href=\"https:\/\/usa-gv.com\/fr\/visiter-new-york\/\">New York<\/a>.<\/p>\n\n\n\n<p><strong>Pour obtenir une autorisation ESTA pour New York<\/strong>, il suffit de cliquer sur <a href=\"https:\/\/usa-gv.com\/fr\/formulaire-esta-en-ligne\/\">formulaire ESTA en ligne<\/a>.<\/p>\n\n\n\n<div style=\"height:10px\" aria-hidden=\"true\" class=\"wp-block-spacer\"><\/div>\n\n\n\n<h2 class=\"wp-block-heading\">Faut-il une ESTA pour faire une escale \u00e0 New York ?<\/h2>\n\n\n\n<p>Un voyageur ayant obtenu une ESTA peut faire une escale \u00e0 New York sans avoir de visa am\u00e9ricain. L&rsquo;autorisation ESTA permet d&rsquo;effectuer des escales partout aux Etats Unis. Le voyageur devra \u00eatre en possession de ses <a href=\"https:\/\/usa-gv.com\/fr\/documents-voyage-etats-unis\/\">documents de voyage pour les USA<\/a>.<\/p>\n\n\n\n<p>En revanche, il n&rsquo;est pas n\u00e9cessaire d&rsquo;avoir <a href=\"https:\/\/usa-gv.com\/fr\/imprimer-esta\/\">imprim\u00e9 son ESTA<\/a> avant de se rendre \u00e0 l&rsquo;a\u00e9roport.<\/p>\n\n\n\n<h2 class=\"wp-block-heading\">Quel est le prix d&rsquo;une ESTA pour New York ?<\/h2>\n\n\n\n<p>Le <a href=\"https:\/\/usa-gv.com\/fr\/prix-esta-usa\/\">prix de l&rsquo;ESTA<\/a> pour New York est fix\u00e9 par l&rsquo;administration am\u00e9ricaine. Le prix a \u00e9volu\u00e9 depuis que le Visa Waiver Program a \u00e9t\u00e9 mis en place : Les frais de base sont de 21$ am\u00e9ricains depuis le mois de mai 2022. Le <a href=\"https:\/\/usa-gv.com\/fr\/comment-payer-esta\/\">paiement de l&rsquo;ESTA<\/a> s&rsquo;effectue en ligne par carte bancaire uniquement. Le traitement de la demande ne s&rsquo;effectue que lorsque le paiement a \u00e9t\u00e9 valid\u00e9.<\/p>\n\n\n\n<h2 class=\"wp-block-heading\">Image ESTA pour New York<\/h2>\n\n\n\n<p>Une autorisation ESTA permet de d\u00e9couvrir sans visa cette magnifique ville de <a href=\"https:\/\/usa-gv.com\/fr\/visiter-new-york\/\">New York<\/a>. Les voyageurs peuvent effectuer de multiples s\u00e9jours \u00e0 New York au cours de la <a href=\"https:\/\/usa-gv.com\/fr\/duree-validite-esta\/\">p\u00e9riode de validit\u00e9 de l&rsquo;ESTA<\/a>.<\/p>\n\n\n\n<figure class=\"wp-block-image size-large\"><img decoding=\"async\" src=\"https:\/\/usa-gv.com\/wp-content\/uploads\/2024\/04\/esta-new-york-1-1024x542.jpg\" alt=\"Autorisation de voyage ESTA pour New York\" class=\"wp-image-3315\"\/><figcaption class=\"wp-element-caption\">Photo de New York o\u00f9 voyager avec une ESTA<\/figcaption><\/figure>\n","protected":false},"excerpt":{"rendered":"<p>ESTA en ligne pour voyager \u00e0 New York New York est la ville am\u00e9ricaine la plus visit\u00e9e par les touristes \u00e9trangers. Pour s\u00e9journer \u00e0 New York, les ressortissants \u00e9trangers doivent \u00eatre en possession d&rsquo;une autorisation de voyage ou d&rsquo;un visa valide. Peut-on voyager \u00e0 New York avec une ESTA ? Dans le cadre d\u2019un s\u00e9jour [&hellip;]<\/p>\n","protected":false},"author":1,"featured_media":0,"parent":0,"menu_order":0,"comment_status":"closed","ping_status":"closed","template":"","meta":{"footnotes":""},"class_list":["post-2138","page","type-page","status-publish","hentry"],"yoast_head":"<!-- This site is optimized with the Yoast SEO plugin v26.6 - https:\/\/yoast.com\/wordpress\/plugins\/seo\/ -->\n<title>ESTA pour New York aux Etats Unis - USA-GV.COM<\/title>\n<meta name=\"description\" content=\"Autorisation de voyage ESTA pour pouvoir voyager \u00e0 New York aux Etats Unis sans obtenir de visa au pr\u00e9alable\" \/>\n<meta name=\"robots\" content=\"index, follow, max-snippet:-1, max-image-preview:large, max-video-preview:-1\" \/>\n<link rel=\"canonical\" href=\"https:\/\/usa-gv.com\/fr\/esta-new-york\/\" \/>\n<meta property=\"og:locale\" content=\"fr_FR\" \/>\n<meta property=\"og:type\" content=\"article\" \/>\n<meta property=\"og:title\" content=\"ESTA pour New York aux Etats Unis - USA-GV.COM\" \/>\n<meta property=\"og:description\" content=\"Autorisation de voyage ESTA pour pouvoir voyager \u00e0 New York aux Etats Unis sans obtenir de visa au pr\u00e9alable\" \/>\n<meta property=\"og:url\" content=\"https:\/\/usa-gv.com\/fr\/esta-new-york\/\" \/>\n<meta property=\"og:site_name\" content=\"USA-GV.COM\" \/>\n<meta property=\"article:modified_time\" content=\"2025-04-07T08:44:29+00:00\" \/>\n<meta property=\"og:image\" content=\"https:\/\/usa-gv.com\/wp-content\/uploads\/2024\/04\/esta-new-york-1-1024x542.jpg\" \/>\n<meta name=\"twitter:card\" content=\"summary_large_image\" \/>\n<meta name=\"twitter:label1\" content=\"Dur\u00e9e de lecture estim\u00e9e\" \/>\n\t<meta name=\"twitter:data1\" content=\"2 minutes\" \/>\n<script type=\"application\/ld+json\" class=\"yoast-schema-graph\">{\"@context\":\"https:\/\/schema.org\",\"@graph\":[{\"@type\":\"WebPage\",\"@id\":\"https:\/\/usa-gv.com\/fr\/esta-new-york\/\",\"url\":\"https:\/\/usa-gv.com\/fr\/esta-new-york\/\",\"name\":\"ESTA pour New York aux Etats Unis - USA-GV.COM\",\"isPartOf\":{\"@id\":\"https:\/\/usa-gv.com\/fr\/#website\"},\"primaryImageOfPage\":{\"@id\":\"https:\/\/usa-gv.com\/fr\/esta-new-york\/#primaryimage\"},\"image\":{\"@id\":\"https:\/\/usa-gv.com\/fr\/esta-new-york\/#primaryimage\"},\"thumbnailUrl\":\"https:\/\/usa-gv.com\/wp-content\/uploads\/2024\/04\/esta-new-york-1-1024x542.jpg\",\"datePublished\":\"2024-03-11T17:29:47+00:00\",\"dateModified\":\"2025-04-07T08:44:29+00:00\",\"description\":\"Autorisation de voyage ESTA pour pouvoir voyager \u00e0 New York aux Etats Unis sans obtenir de visa au pr\u00e9alable\",\"breadcrumb\":{\"@id\":\"https:\/\/usa-gv.com\/fr\/esta-new-york\/#breadcrumb\"},\"inLanguage\":\"fr-FR\",\"potentialAction\":[{\"@type\":\"ReadAction\",\"target\":[\"https:\/\/usa-gv.com\/fr\/esta-new-york\/\"]}]},{\"@type\":\"ImageObject\",\"inLanguage\":\"fr-FR\",\"@id\":\"https:\/\/usa-gv.com\/fr\/esta-new-york\/#primaryimage\",\"url\":\"https:\/\/usa-gv.com\/wp-content\/uploads\/2024\/04\/esta-new-york-1-1024x542.jpg\",\"contentUrl\":\"https:\/\/usa-gv.com\/wp-content\/uploads\/2024\/04\/esta-new-york-1-1024x542.jpg\"},{\"@type\":\"BreadcrumbList\",\"@id\":\"https:\/\/usa-gv.com\/fr\/esta-new-york\/#breadcrumb\",\"itemListElement\":[{\"@type\":\"ListItem\",\"position\":1,\"name\":\"Home\",\"item\":\"https:\/\/usa-gv.com\/fr\/\"},{\"@type\":\"ListItem\",\"position\":2,\"name\":\"ESTA pour New York aux Etats Unis\"}]},{\"@type\":\"WebSite\",\"@id\":\"https:\/\/usa-gv.com\/fr\/#website\",\"url\":\"https:\/\/usa-gv.com\/fr\/\",\"name\":\"USA-GV.COM\",\"description\":\"\",\"potentialAction\":[{\"@type\":\"SearchAction\",\"target\":{\"@type\":\"EntryPoint\",\"urlTemplate\":\"https:\/\/usa-gv.com\/fr\/?s={search_term_string}\"},\"query-input\":{\"@type\":\"PropertyValueSpecification\",\"valueRequired\":true,\"valueName\":\"search_term_string\"}}],\"inLanguage\":\"fr-FR\"}]}<\/script>\n<!-- \/ Yoast SEO plugin. -->","yoast_head_json":{"title":"ESTA pour New York aux Etats Unis - USA-GV.COM","description":"Autorisation de voyage ESTA pour pouvoir voyager \u00e0 New York aux Etats Unis sans obtenir de visa au pr\u00e9alable","robots":{"index":"index","follow":"follow","max-snippet":"max-snippet:-1","max-image-preview":"max-image-preview:large","max-video-preview":"max-video-preview:-1"},"canonical":"https:\/\/usa-gv.com\/fr\/esta-new-york\/","og_locale":"fr_FR","og_type":"article","og_title":"ESTA pour New York aux Etats Unis - USA-GV.COM","og_description":"Autorisation de voyage ESTA pour pouvoir voyager \u00e0 New York aux Etats Unis sans obtenir de visa au pr\u00e9alable","og_url":"https:\/\/usa-gv.com\/fr\/esta-new-york\/","og_site_name":"USA-GV.COM","article_modified_time":"2025-04-07T08:44:29+00:00","og_image":[{"url":"https:\/\/usa-gv.com\/wp-content\/uploads\/2024\/04\/esta-new-york-1-1024x542.jpg","type":"","width":"","height":""}],"twitter_card":"summary_large_image","twitter_misc":{"Dur\u00e9e de lecture estim\u00e9e":"2 minutes"},"schema":{"@context":"https:\/\/schema.org","@graph":[{"@type":"WebPage","@id":"https:\/\/usa-gv.com\/fr\/esta-new-york\/","url":"https:\/\/usa-gv.com\/fr\/esta-new-york\/","name":"ESTA pour New York aux Etats Unis - USA-GV.COM","isPartOf":{"@id":"https:\/\/usa-gv.com\/fr\/#website"},"primaryImageOfPage":{"@id":"https:\/\/usa-gv.com\/fr\/esta-new-york\/#primaryimage"},"image":{"@id":"https:\/\/usa-gv.com\/fr\/esta-new-york\/#primaryimage"},"thumbnailUrl":"https:\/\/usa-gv.com\/wp-content\/uploads\/2024\/04\/esta-new-york-1-1024x542.jpg","datePublished":"2024-03-11T17:29:47+00:00","dateModified":"2025-04-07T08:44:29+00:00","description":"Autorisation de voyage ESTA pour pouvoir voyager \u00e0 New York aux Etats Unis sans obtenir de visa au pr\u00e9alable","breadcrumb":{"@id":"https:\/\/usa-gv.com\/fr\/esta-new-york\/#breadcrumb"},"inLanguage":"fr-FR","potentialAction":[{"@type":"ReadAction","target":["https:\/\/usa-gv.com\/fr\/esta-new-york\/"]}]},{"@type":"ImageObject","inLanguage":"fr-FR","@id":"https:\/\/usa-gv.com\/fr\/esta-new-york\/#primaryimage","url":"https:\/\/usa-gv.com\/wp-content\/uploads\/2024\/04\/esta-new-york-1-1024x542.jpg","contentUrl":"https:\/\/usa-gv.com\/wp-content\/uploads\/2024\/04\/esta-new-york-1-1024x542.jpg"},{"@type":"BreadcrumbList","@id":"https:\/\/usa-gv.com\/fr\/esta-new-york\/#breadcrumb","itemListElement":[{"@type":"ListItem","position":1,"name":"Home","item":"https:\/\/usa-gv.com\/fr\/"},{"@type":"ListItem","position":2,"name":"ESTA pour New York aux Etats Unis"}]},{"@type":"WebSite","@id":"https:\/\/usa-gv.com\/fr\/#website","url":"https:\/\/usa-gv.com\/fr\/","name":"USA-GV.COM","description":"","potentialAction":[{"@type":"SearchAction","target":{"@type":"EntryPoint","urlTemplate":"https:\/\/usa-gv.com\/fr\/?s={search_term_string}"},"query-input":{"@type":"PropertyValueSpecification","valueRequired":true,"valueName":"search_term_string"}}],"inLanguage":"fr-FR"}]}},"_links":{"self":[{"href":"https:\/\/usa-gv.com\/fr\/wp-json\/wp\/v2\/pages\/2138","targetHints":{"allow":["GET"]}}],"collection":[{"href":"https:\/\/usa-gv.com\/fr\/wp-json\/wp\/v2\/pages"}],"about":[{"href":"https:\/\/usa-gv.com\/fr\/wp-json\/wp\/v2\/types\/page"}],"author":[{"embeddable":true,"href":"https:\/\/usa-gv.com\/fr\/wp-json\/wp\/v2\/users\/1"}],"replies":[{"embeddable":true,"href":"https:\/\/usa-gv.com\/fr\/wp-json\/wp\/v2\/comments?post=2138"}],"version-history":[{"count":1,"href":"https:\/\/usa-gv.com\/fr\/wp-json\/wp\/v2\/pages\/2138\/revisions"}],"predecessor-version":[{"id":7037,"href":"https:\/\/usa-gv.com\/fr\/wp-json\/wp\/v2\/pages\/2138\/revisions\/7037"}],"wp:attachment":[{"href":"https:\/\/usa-gv.com\/fr\/wp-json\/wp\/v2\/media?parent=2138"}],"curies":[{"name":"wp","href":"https:\/\/api.w.org\/{rel}","templated":true}]}}