{"id":2134,"date":"2024-03-10T21:42:34","date_gmt":"2024-03-10T21:42:34","guid":{"rendered":"https:\/\/usa-gv.com\/?page_id=2134"},"modified":"2025-04-07T08:44:25","modified_gmt":"2025-04-07T08:44:25","slug":"esta-pour-mineur-aux-usa","status":"publish","type":"page","link":"https:\/\/usa-gv.com\/fr\/esta-pour-mineur-aux-usa\/","title":{"rendered":"ESTA pour mineur lors d&rsquo;un s\u00e9jour aux USA"},"content":{"rendered":"\n<h1 class=\"wp-block-heading\">Obtenir une ESTA pour un mineur pour les USA<\/h1>\n\n\n\n<p>Lorsqu&rsquo;un ressortissant \u00e9tranger mineur voyage vers les Etats Unis, il doit \u00eatre en possession d&rsquo;une autorisation de voyage personnelle \u00e0 tout \u00e2ge. <\/p>\n\n\n\n<h2 class=\"wp-block-heading\">Est ce que l&rsquo;ESTA est obligatoire pour un mineur ?<\/h2>\n\n\n\n<p>Lorsque les enfants sont \u00e9ligibles \u00e0 l&rsquo;obtention d&rsquo;une ESTA, chaque enfant doit avoir une autorisation personnelle \u00e0 son nom, quelque soit sont \u00e2ge. Chaque individu d&rsquo;une famille doit obtenir sa propre <a href=\"https:\/\/usa-gv.com\/fr\/cest-quoi-une-autorisation-esta\/\">autorisation de voyage ESTA<\/a> avant l&#8217;embarquement pour les USA. <\/p>\n\n\n\n<h2 class=\"wp-block-heading\">Comment remplir une ESTA pour mineur ?<\/h2>\n\n\n\n<p>Pour obtenir une autorisation pour un mineur, il faut compl\u00e9ter le <a href=\"https:\/\/usa-gv.com\/fr\/formulaire-esta-en-ligne\/\">formulaire ESTA en ligne<\/a>. Il s&rsquo;agit du m\u00eame formulaire que les adultes. Les <a href=\"https:\/\/usa-gv.com\/fr\/questions-formulaire-esta\/\">questions pour l&rsquo;ESTA<\/a> sont strictement les m\u00eames, quelque soit l&rsquo;\u00e2ge du candidat.<\/p>\n\n\n\n<h2 class=\"wp-block-heading\">Quels sont les documents de voyage obligatoires pour un mineur ?<\/h2>\n\n\n\n<p>Pour pouvoir embarquer pour les Etats Unis, un enfant mineur doit \u00eatre en possession :<\/p>\n\n\n\n<ul class=\"wp-block-list\">\n<li>D&rsquo;un <a href=\"https:\/\/usa-gv.com\/fr\/passeport-pour-les-usa\/\">passeport valide pour les USA<\/a> ;<\/li>\n\n\n\n<li>D&rsquo;une autorisation de voyage valide. Si l&rsquo;enfant est \u00e9ligible \u00e0 l&rsquo;obtention d&rsquo;une ESTA, il doit avoir une autorisation personnelle \u00e0 son nom propre.<\/li>\n<\/ul>\n\n\n\n<h2 class=\"wp-block-heading\">Peut-on faire une demande ESTA group\u00e9e ?<\/h2>\n\n\n\n<p>Le <a href=\"https:\/\/usa-gv.com\/fr\/esta-site-web-officiel\/\">site officiel ESTA<\/a> propose d&rsquo;effectuer une demande ESTA pour un individu ou pour un groupe. <\/p>\n\n\n\n<p>Le <a href=\"https:\/\/usa-gv.com\/fr\/comment-faire-une-demande-esta\/\">processus de demande ESTA<\/a> pour un groupe permet d&rsquo;effectuer un seul paiement des <a href=\"https:\/\/usa-gv.com\/fr\/prix-esta-usa\/\">frais ESTA<\/a> pour l&rsquo;ensemble des autorisations demand\u00e9es. En revanche, pour chacune des demande du groupe, il est n\u00e9cessaire de compl\u00e9ter l&rsquo;int\u00e9gralit\u00e9 des informations du <a href=\"https:\/\/usa-gv.com\/fr\/formulaire-esta-en-ligne\/\">Formulaire ESTA en ligne<\/a>.<\/p>\n","protected":false},"excerpt":{"rendered":"<p>Obtenir une ESTA pour un mineur pour les USA Lorsqu&rsquo;un ressortissant \u00e9tranger mineur voyage vers les Etats Unis, il doit \u00eatre en possession d&rsquo;une autorisation de voyage personnelle \u00e0 tout \u00e2ge. Est ce que l&rsquo;ESTA est obligatoire pour un mineur ? Lorsque les enfants sont \u00e9ligibles \u00e0 l&rsquo;obtention d&rsquo;une ESTA, chaque enfant doit avoir une [&hellip;]<\/p>\n","protected":false},"author":1,"featured_media":0,"parent":0,"menu_order":0,"comment_status":"closed","ping_status":"closed","template":"","meta":{"footnotes":""},"class_list":["post-2134","page","type-page","status-publish","hentry"],"yoast_head":"<!-- This site is optimized with the Yoast SEO plugin v26.6 - https:\/\/yoast.com\/wordpress\/plugins\/seo\/ -->\n<title>ESTA pour mineur lors d&#039;un s\u00e9jour aux USA - USA-GV.COM<\/title>\n<meta name=\"description\" content=\"L&#039;autorisation ESTA concerne \u00e9galement les personnes mineurs amen\u00e9es \u00e0 s\u00e9journer aux USA dans le cadre du Visa Waiver Program\" \/>\n<meta name=\"robots\" content=\"index, follow, max-snippet:-1, max-image-preview:large, max-video-preview:-1\" \/>\n<link rel=\"canonical\" href=\"https:\/\/usa-gv.com\/fr\/esta-pour-mineur-aux-usa\/\" \/>\n<meta property=\"og:locale\" content=\"fr_FR\" \/>\n<meta property=\"og:type\" content=\"article\" \/>\n<meta property=\"og:title\" content=\"ESTA pour mineur lors d&#039;un s\u00e9jour aux USA - USA-GV.COM\" \/>\n<meta property=\"og:description\" content=\"L&#039;autorisation ESTA concerne \u00e9galement les personnes mineurs amen\u00e9es \u00e0 s\u00e9journer aux USA dans le cadre du Visa Waiver Program\" \/>\n<meta property=\"og:url\" content=\"https:\/\/usa-gv.com\/fr\/esta-pour-mineur-aux-usa\/\" \/>\n<meta property=\"og:site_name\" content=\"USA-GV.COM\" \/>\n<meta property=\"article:modified_time\" content=\"2025-04-07T08:44:25+00:00\" \/>\n<meta name=\"twitter:card\" content=\"summary_large_image\" \/>\n<meta name=\"twitter:label1\" content=\"Dur\u00e9e de lecture estim\u00e9e\" \/>\n\t<meta name=\"twitter:data1\" content=\"2 minutes\" \/>\n<script type=\"application\/ld+json\" class=\"yoast-schema-graph\">{\"@context\":\"https:\/\/schema.org\",\"@graph\":[{\"@type\":\"WebPage\",\"@id\":\"https:\/\/usa-gv.com\/fr\/esta-pour-mineur-aux-usa\/\",\"url\":\"https:\/\/usa-gv.com\/fr\/esta-pour-mineur-aux-usa\/\",\"name\":\"ESTA pour mineur lors d'un s\u00e9jour aux USA - USA-GV.COM\",\"isPartOf\":{\"@id\":\"https:\/\/usa-gv.com\/fr\/#website\"},\"datePublished\":\"2024-03-10T21:42:34+00:00\",\"dateModified\":\"2025-04-07T08:44:25+00:00\",\"description\":\"L'autorisation ESTA concerne \u00e9galement les personnes mineurs amen\u00e9es \u00e0 s\u00e9journer aux USA dans le cadre du Visa Waiver Program\",\"breadcrumb\":{\"@id\":\"https:\/\/usa-gv.com\/fr\/esta-pour-mineur-aux-usa\/#breadcrumb\"},\"inLanguage\":\"fr-FR\",\"potentialAction\":[{\"@type\":\"ReadAction\",\"target\":[\"https:\/\/usa-gv.com\/fr\/esta-pour-mineur-aux-usa\/\"]}]},{\"@type\":\"BreadcrumbList\",\"@id\":\"https:\/\/usa-gv.com\/fr\/esta-pour-mineur-aux-usa\/#breadcrumb\",\"itemListElement\":[{\"@type\":\"ListItem\",\"position\":1,\"name\":\"Home\",\"item\":\"https:\/\/usa-gv.com\/fr\/\"},{\"@type\":\"ListItem\",\"position\":2,\"name\":\"ESTA pour mineur lors d&rsquo;un s\u00e9jour aux USA\"}]},{\"@type\":\"WebSite\",\"@id\":\"https:\/\/usa-gv.com\/fr\/#website\",\"url\":\"https:\/\/usa-gv.com\/fr\/\",\"name\":\"USA-GV.COM\",\"description\":\"\",\"potentialAction\":[{\"@type\":\"SearchAction\",\"target\":{\"@type\":\"EntryPoint\",\"urlTemplate\":\"https:\/\/usa-gv.com\/fr\/?s={search_term_string}\"},\"query-input\":{\"@type\":\"PropertyValueSpecification\",\"valueRequired\":true,\"valueName\":\"search_term_string\"}}],\"inLanguage\":\"fr-FR\"}]}<\/script>\n<!-- \/ Yoast SEO plugin. -->","yoast_head_json":{"title":"ESTA pour mineur lors d'un s\u00e9jour aux USA - USA-GV.COM","description":"L'autorisation ESTA concerne \u00e9galement les personnes mineurs amen\u00e9es \u00e0 s\u00e9journer aux USA dans le cadre du Visa Waiver Program","robots":{"index":"index","follow":"follow","max-snippet":"max-snippet:-1","max-image-preview":"max-image-preview:large","max-video-preview":"max-video-preview:-1"},"canonical":"https:\/\/usa-gv.com\/fr\/esta-pour-mineur-aux-usa\/","og_locale":"fr_FR","og_type":"article","og_title":"ESTA pour mineur lors d'un s\u00e9jour aux USA - USA-GV.COM","og_description":"L'autorisation ESTA concerne \u00e9galement les personnes mineurs amen\u00e9es \u00e0 s\u00e9journer aux USA dans le cadre du Visa Waiver Program","og_url":"https:\/\/usa-gv.com\/fr\/esta-pour-mineur-aux-usa\/","og_site_name":"USA-GV.COM","article_modified_time":"2025-04-07T08:44:25+00:00","twitter_card":"summary_large_image","twitter_misc":{"Dur\u00e9e de lecture estim\u00e9e":"2 minutes"},"schema":{"@context":"https:\/\/schema.org","@graph":[{"@type":"WebPage","@id":"https:\/\/usa-gv.com\/fr\/esta-pour-mineur-aux-usa\/","url":"https:\/\/usa-gv.com\/fr\/esta-pour-mineur-aux-usa\/","name":"ESTA pour mineur lors d'un s\u00e9jour aux USA - USA-GV.COM","isPartOf":{"@id":"https:\/\/usa-gv.com\/fr\/#website"},"datePublished":"2024-03-10T21:42:34+00:00","dateModified":"2025-04-07T08:44:25+00:00","description":"L'autorisation ESTA concerne \u00e9galement les personnes mineurs amen\u00e9es \u00e0 s\u00e9journer aux USA dans le cadre du Visa Waiver Program","breadcrumb":{"@id":"https:\/\/usa-gv.com\/fr\/esta-pour-mineur-aux-usa\/#breadcrumb"},"inLanguage":"fr-FR","potentialAction":[{"@type":"ReadAction","target":["https:\/\/usa-gv.com\/fr\/esta-pour-mineur-aux-usa\/"]}]},{"@type":"BreadcrumbList","@id":"https:\/\/usa-gv.com\/fr\/esta-pour-mineur-aux-usa\/#breadcrumb","itemListElement":[{"@type":"ListItem","position":1,"name":"Home","item":"https:\/\/usa-gv.com\/fr\/"},{"@type":"ListItem","position":2,"name":"ESTA pour mineur lors d&rsquo;un s\u00e9jour aux USA"}]},{"@type":"WebSite","@id":"https:\/\/usa-gv.com\/fr\/#website","url":"https:\/\/usa-gv.com\/fr\/","name":"USA-GV.COM","description":"","potentialAction":[{"@type":"SearchAction","target":{"@type":"EntryPoint","urlTemplate":"https:\/\/usa-gv.com\/fr\/?s={search_term_string}"},"query-input":{"@type":"PropertyValueSpecification","valueRequired":true,"valueName":"search_term_string"}}],"inLanguage":"fr-FR"}]}},"_links":{"self":[{"href":"https:\/\/usa-gv.com\/fr\/wp-json\/wp\/v2\/pages\/2134","targetHints":{"allow":["GET"]}}],"collection":[{"href":"https:\/\/usa-gv.com\/fr\/wp-json\/wp\/v2\/pages"}],"about":[{"href":"https:\/\/usa-gv.com\/fr\/wp-json\/wp\/v2\/types\/page"}],"author":[{"embeddable":true,"href":"https:\/\/usa-gv.com\/fr\/wp-json\/wp\/v2\/users\/1"}],"replies":[{"embeddable":true,"href":"https:\/\/usa-gv.com\/fr\/wp-json\/wp\/v2\/comments?post=2134"}],"version-history":[{"count":1,"href":"https:\/\/usa-gv.com\/fr\/wp-json\/wp\/v2\/pages\/2134\/revisions"}],"predecessor-version":[{"id":7521,"href":"https:\/\/usa-gv.com\/fr\/wp-json\/wp\/v2\/pages\/2134\/revisions\/7521"}],"wp:attachment":[{"href":"https:\/\/usa-gv.com\/fr\/wp-json\/wp\/v2\/media?parent=2134"}],"curies":[{"name":"wp","href":"https:\/\/api.w.org\/{rel}","templated":true}]}}