{"id":2131,"date":"2024-03-10T21:38:55","date_gmt":"2024-03-10T21:38:55","guid":{"rendered":"https:\/\/usa-gv.com\/?page_id=2131"},"modified":"2025-04-07T08:36:53","modified_gmt":"2025-04-07T08:36:53","slug":"esta-transit-usa","status":"publish","type":"page","link":"https:\/\/usa-gv.com\/fr\/esta-transit-usa\/","title":{"rendered":"ESTA pour effectuer un transit aux USA"},"content":{"rendered":"\n<h1 class=\"wp-block-heading\">Effectuer une escale aux USA avec l\u2019ESTA<\/h1>\n\n\n\n<p>Le programme am\u00e9ricain d\u2019exemption de visa permet aux ressortissants des pays membres de voyager aux \u00c9tats-Unis sans visa pour un s\u00e9jour touristique, un s\u00e9jour d\u2019affaires ou un transit sur le territoire am\u00e9ricain. Le transit par le territoire am\u00e9ricain fait partie des motifs \u00e9ligibles pour obtenir un ESTA.<\/p>\n\n\n\n<p><strong>Pour obtenir l&rsquo;autorisation en quelques minutes<\/strong>, il suffit de cliquer sur <a href=\"https:\/\/usa-gv.com\/fr\/formulaire-esta-en-ligne\/\">formulaire ESTA en ligne<\/a>.<\/p>\n\n\n\n<div style=\"height:10px\" aria-hidden=\"true\" class=\"wp-block-spacer\"><\/div>\n\n\n\n<h2 class=\"wp-block-heading\">Qu\u2019est ce qu\u2019une autorisation ESTA de transit ?<\/h2>\n\n\n\n<p>L&rsquo;autorisation ESTA permet \u00e0 son d\u00e9tenteur d&rsquo;effectuer une escale aux Etats Unis sans poss\u00e9der de visa de voyage am\u00e9ricain. Le transit fait donc partie des motifs \u00e9ligible \u00e0 l&rsquo;obtention d&rsquo;une autorisation \u00e9lectronique de voyage ESTA.<\/p>\n\n\n\n<h2 class=\"wp-block-heading\">Comment obtenir une ESTA pour un transit ?<\/h2>\n\n\n\n<p>Lors de la <a href=\"https:\/\/usa-gv.com\/fr\/comment-faire-une-demande-esta\/\">demande d&rsquo;une autorisation ESTA<\/a>, le voyageur doit r\u00e9pondre aux <a href=\"https:\/\/usa-gv.com\/fr\/questions-formulaire-esta\/\">questions du formulaire ESTA<\/a>. Parmi les questions pos\u00e9es li\u00e9es aux caract\u00e9ristiques du voyage aux USA, il y a une question sp\u00e9cifique qui concerne les voyages en transit. <\/p>\n\n\n\n<p>Le voyageur doit r\u00e9pondre \u00e0 la question : <strong>Votre voyage aux \u00c9tats-Unis est-il un transit vers un autre pays ?<\/strong> Le voyageur doit r\u00e9pondre en cochant OUI ou en cochant NON.<\/p>\n\n\n\n<p>Lorsqu&rsquo;il s&rsquo;agit d&rsquo;une demande ESTA pour un transit, le voyageur r\u00e9pond donc OUI \u00e0 la question. Il n&rsquo;a donc pas \u00e0 renseigner son adresse de s\u00e9jour aux Etats Unis. En revanche, il doit tout de m\u00eame renseigner la partie du formulaire sur <strong>les contacts d&rsquo;urgence aux Etats Unis et en dehors du territoire<\/strong>.<\/p>\n\n\n\n<h2 class=\"wp-block-heading\">Quel est le prix d\u2019une ESTA de transit ?<\/h2>\n\n\n\n<p>Le <a href=\"https:\/\/usa-gv.com\/fr\/prix-esta-usa\/\">prix de l&rsquo;ESTA<\/a> est unique, quelque soit le motif et la dur\u00e9e du voyage aux Etats Unis. <strong>Le montant des taxes est le m\u00eame pour un s\u00e9jour de 90 jours ou pour une simple escale<\/strong> sur le territoire am\u00e9ricain. Le voyageur doit <a href=\"https:\/\/usa-gv.com\/fr\/comment-payer-esta\/\">payer son ESTA en ligne<\/a> imm\u00e9diatement \u00e0 la fin du formulaire pour valider sa demande.<\/p>\n\n\n\n<h2 class=\"wp-block-heading\">Image du formulaire ESTA pour transit aux USA<\/h2>\n\n\n\n<p>Voici la partie du formulaire ESTA qui concerne les informations du voyage. La question qui concerne le voyage en transit est une question obligatoire et importante. <\/p>\n\n\n\n<figure class=\"wp-block-image size-large\"><img fetchpriority=\"high\" decoding=\"async\" width=\"1024\" height=\"648\" src=\"https:\/\/usa-gv.com\/wp-content\/uploads\/2024\/04\/esta-transit-FR-1024x648.png\" alt=\"Formulaire ESTA pour faire escale aux USA\" class=\"wp-image-3882\" srcset=\"https:\/\/usa-gv.com\/wp-content\/uploads\/2024\/04\/esta-transit-FR-1024x648.png 1024w, https:\/\/usa-gv.com\/wp-content\/uploads\/2024\/04\/esta-transit-FR-300x190.png 300w, https:\/\/usa-gv.com\/wp-content\/uploads\/2024\/04\/esta-transit-FR-768x486.png 768w, https:\/\/usa-gv.com\/wp-content\/uploads\/2024\/04\/esta-transit-FR-1536x973.png 1536w, https:\/\/usa-gv.com\/wp-content\/uploads\/2024\/04\/esta-transit-FR.png 2034w\" sizes=\"(max-width: 1024px) 100vw, 1024px\" \/><figcaption class=\"wp-element-caption\">Formulaire ESTA pour transit aux Etats Unis<\/figcaption><\/figure>\n","protected":false},"excerpt":{"rendered":"<p>Effectuer une escale aux USA avec l\u2019ESTA Le programme am\u00e9ricain d\u2019exemption de visa permet aux ressortissants des pays membres de voyager aux \u00c9tats-Unis sans visa pour un s\u00e9jour touristique, un s\u00e9jour d\u2019affaires ou un transit sur le territoire am\u00e9ricain. Le transit par le territoire am\u00e9ricain fait partie des motifs \u00e9ligibles pour obtenir un ESTA. Pour [&hellip;]<\/p>\n","protected":false},"author":1,"featured_media":0,"parent":0,"menu_order":0,"comment_status":"closed","ping_status":"closed","template":"","meta":{"footnotes":""},"class_list":["post-2131","page","type-page","status-publish","hentry"],"yoast_head":"<!-- This site is optimized with the Yoast SEO plugin v26.6 - https:\/\/yoast.com\/wordpress\/plugins\/seo\/ -->\n<title>ESTA pour effectuer un transit aux USA - USA-GV.COM<\/title>\n<meta name=\"description\" content=\"Certains voyageurs \u00e9trangers peuvent effectuer une escale ou rester en transit aux Etats Unis avec une autorisation ESTA\" \/>\n<meta name=\"robots\" content=\"index, follow, max-snippet:-1, max-image-preview:large, max-video-preview:-1\" \/>\n<link rel=\"canonical\" href=\"https:\/\/usa-gv.com\/fr\/esta-transit-usa\/\" \/>\n<meta property=\"og:locale\" content=\"fr_FR\" \/>\n<meta property=\"og:type\" content=\"article\" \/>\n<meta property=\"og:title\" content=\"ESTA pour effectuer un transit aux USA - USA-GV.COM\" \/>\n<meta property=\"og:description\" content=\"Certains voyageurs \u00e9trangers peuvent effectuer une escale ou rester en transit aux Etats Unis avec une autorisation ESTA\" \/>\n<meta property=\"og:url\" content=\"https:\/\/usa-gv.com\/fr\/esta-transit-usa\/\" \/>\n<meta property=\"og:site_name\" content=\"USA-GV.COM\" \/>\n<meta property=\"article:modified_time\" content=\"2025-04-07T08:36:53+00:00\" \/>\n<meta property=\"og:image\" content=\"https:\/\/usa-gv.com\/wp-content\/uploads\/2024\/04\/esta-transit-FR-1024x648.png\" \/>\n<meta name=\"twitter:card\" content=\"summary_large_image\" \/>\n<meta name=\"twitter:label1\" content=\"Dur\u00e9e de lecture estim\u00e9e\" \/>\n\t<meta name=\"twitter:data1\" content=\"2 minutes\" \/>\n<script type=\"application\/ld+json\" class=\"yoast-schema-graph\">{\"@context\":\"https:\/\/schema.org\",\"@graph\":[{\"@type\":\"WebPage\",\"@id\":\"https:\/\/usa-gv.com\/fr\/esta-transit-usa\/\",\"url\":\"https:\/\/usa-gv.com\/fr\/esta-transit-usa\/\",\"name\":\"ESTA pour effectuer un transit aux USA - USA-GV.COM\",\"isPartOf\":{\"@id\":\"https:\/\/usa-gv.com\/fr\/#website\"},\"primaryImageOfPage\":{\"@id\":\"https:\/\/usa-gv.com\/fr\/esta-transit-usa\/#primaryimage\"},\"image\":{\"@id\":\"https:\/\/usa-gv.com\/fr\/esta-transit-usa\/#primaryimage\"},\"thumbnailUrl\":\"https:\/\/usa-gv.com\/wp-content\/uploads\/2024\/04\/esta-transit-FR-1024x648.png\",\"datePublished\":\"2024-03-10T21:38:55+00:00\",\"dateModified\":\"2025-04-07T08:36:53+00:00\",\"description\":\"Certains voyageurs \u00e9trangers peuvent effectuer une escale ou rester en transit aux Etats Unis avec une autorisation ESTA\",\"breadcrumb\":{\"@id\":\"https:\/\/usa-gv.com\/fr\/esta-transit-usa\/#breadcrumb\"},\"inLanguage\":\"fr-FR\",\"potentialAction\":[{\"@type\":\"ReadAction\",\"target\":[\"https:\/\/usa-gv.com\/fr\/esta-transit-usa\/\"]}]},{\"@type\":\"ImageObject\",\"inLanguage\":\"fr-FR\",\"@id\":\"https:\/\/usa-gv.com\/fr\/esta-transit-usa\/#primaryimage\",\"url\":\"https:\/\/usa-gv.com\/wp-content\/uploads\/2024\/04\/esta-transit-FR-1024x648.png\",\"contentUrl\":\"https:\/\/usa-gv.com\/wp-content\/uploads\/2024\/04\/esta-transit-FR-1024x648.png\"},{\"@type\":\"BreadcrumbList\",\"@id\":\"https:\/\/usa-gv.com\/fr\/esta-transit-usa\/#breadcrumb\",\"itemListElement\":[{\"@type\":\"ListItem\",\"position\":1,\"name\":\"Home\",\"item\":\"https:\/\/usa-gv.com\/fr\/\"},{\"@type\":\"ListItem\",\"position\":2,\"name\":\"ESTA pour effectuer un transit aux USA\"}]},{\"@type\":\"WebSite\",\"@id\":\"https:\/\/usa-gv.com\/fr\/#website\",\"url\":\"https:\/\/usa-gv.com\/fr\/\",\"name\":\"USA-GV.COM\",\"description\":\"\",\"potentialAction\":[{\"@type\":\"SearchAction\",\"target\":{\"@type\":\"EntryPoint\",\"urlTemplate\":\"https:\/\/usa-gv.com\/fr\/?s={search_term_string}\"},\"query-input\":{\"@type\":\"PropertyValueSpecification\",\"valueRequired\":true,\"valueName\":\"search_term_string\"}}],\"inLanguage\":\"fr-FR\"}]}<\/script>\n<!-- \/ Yoast SEO plugin. -->","yoast_head_json":{"title":"ESTA pour effectuer un transit aux USA - USA-GV.COM","description":"Certains voyageurs \u00e9trangers peuvent effectuer une escale ou rester en transit aux Etats Unis avec une autorisation ESTA","robots":{"index":"index","follow":"follow","max-snippet":"max-snippet:-1","max-image-preview":"max-image-preview:large","max-video-preview":"max-video-preview:-1"},"canonical":"https:\/\/usa-gv.com\/fr\/esta-transit-usa\/","og_locale":"fr_FR","og_type":"article","og_title":"ESTA pour effectuer un transit aux USA - USA-GV.COM","og_description":"Certains voyageurs \u00e9trangers peuvent effectuer une escale ou rester en transit aux Etats Unis avec une autorisation ESTA","og_url":"https:\/\/usa-gv.com\/fr\/esta-transit-usa\/","og_site_name":"USA-GV.COM","article_modified_time":"2025-04-07T08:36:53+00:00","og_image":[{"url":"https:\/\/usa-gv.com\/wp-content\/uploads\/2024\/04\/esta-transit-FR-1024x648.png","type":"","width":"","height":""}],"twitter_card":"summary_large_image","twitter_misc":{"Dur\u00e9e de lecture estim\u00e9e":"2 minutes"},"schema":{"@context":"https:\/\/schema.org","@graph":[{"@type":"WebPage","@id":"https:\/\/usa-gv.com\/fr\/esta-transit-usa\/","url":"https:\/\/usa-gv.com\/fr\/esta-transit-usa\/","name":"ESTA pour effectuer un transit aux USA - USA-GV.COM","isPartOf":{"@id":"https:\/\/usa-gv.com\/fr\/#website"},"primaryImageOfPage":{"@id":"https:\/\/usa-gv.com\/fr\/esta-transit-usa\/#primaryimage"},"image":{"@id":"https:\/\/usa-gv.com\/fr\/esta-transit-usa\/#primaryimage"},"thumbnailUrl":"https:\/\/usa-gv.com\/wp-content\/uploads\/2024\/04\/esta-transit-FR-1024x648.png","datePublished":"2024-03-10T21:38:55+00:00","dateModified":"2025-04-07T08:36:53+00:00","description":"Certains voyageurs \u00e9trangers peuvent effectuer une escale ou rester en transit aux Etats Unis avec une autorisation ESTA","breadcrumb":{"@id":"https:\/\/usa-gv.com\/fr\/esta-transit-usa\/#breadcrumb"},"inLanguage":"fr-FR","potentialAction":[{"@type":"ReadAction","target":["https:\/\/usa-gv.com\/fr\/esta-transit-usa\/"]}]},{"@type":"ImageObject","inLanguage":"fr-FR","@id":"https:\/\/usa-gv.com\/fr\/esta-transit-usa\/#primaryimage","url":"https:\/\/usa-gv.com\/wp-content\/uploads\/2024\/04\/esta-transit-FR-1024x648.png","contentUrl":"https:\/\/usa-gv.com\/wp-content\/uploads\/2024\/04\/esta-transit-FR-1024x648.png"},{"@type":"BreadcrumbList","@id":"https:\/\/usa-gv.com\/fr\/esta-transit-usa\/#breadcrumb","itemListElement":[{"@type":"ListItem","position":1,"name":"Home","item":"https:\/\/usa-gv.com\/fr\/"},{"@type":"ListItem","position":2,"name":"ESTA pour effectuer un transit aux USA"}]},{"@type":"WebSite","@id":"https:\/\/usa-gv.com\/fr\/#website","url":"https:\/\/usa-gv.com\/fr\/","name":"USA-GV.COM","description":"","potentialAction":[{"@type":"SearchAction","target":{"@type":"EntryPoint","urlTemplate":"https:\/\/usa-gv.com\/fr\/?s={search_term_string}"},"query-input":{"@type":"PropertyValueSpecification","valueRequired":true,"valueName":"search_term_string"}}],"inLanguage":"fr-FR"}]}},"_links":{"self":[{"href":"https:\/\/usa-gv.com\/fr\/wp-json\/wp\/v2\/pages\/2131","targetHints":{"allow":["GET"]}}],"collection":[{"href":"https:\/\/usa-gv.com\/fr\/wp-json\/wp\/v2\/pages"}],"about":[{"href":"https:\/\/usa-gv.com\/fr\/wp-json\/wp\/v2\/types\/page"}],"author":[{"embeddable":true,"href":"https:\/\/usa-gv.com\/fr\/wp-json\/wp\/v2\/users\/1"}],"replies":[{"embeddable":true,"href":"https:\/\/usa-gv.com\/fr\/wp-json\/wp\/v2\/comments?post=2131"}],"version-history":[{"count":1,"href":"https:\/\/usa-gv.com\/fr\/wp-json\/wp\/v2\/pages\/2131\/revisions"}],"predecessor-version":[{"id":7499,"href":"https:\/\/usa-gv.com\/fr\/wp-json\/wp\/v2\/pages\/2131\/revisions\/7499"}],"wp:attachment":[{"href":"https:\/\/usa-gv.com\/fr\/wp-json\/wp\/v2\/media?parent=2131"}],"curies":[{"name":"wp","href":"https:\/\/api.w.org\/{rel}","templated":true}]}}