{"id":2127,"date":"2024-03-10T21:35:05","date_gmt":"2024-03-10T21:35:05","guid":{"rendered":"https:\/\/usa-gv.com\/?page_id=2127"},"modified":"2025-04-07T08:45:13","modified_gmt":"2025-04-07T08:45:13","slug":"visa-waiver-program-usa","status":"publish","type":"page","link":"https:\/\/usa-gv.com\/fr\/visa-waiver-program-usa\/","title":{"rendered":"Le Visa Waiver Program des Etats Unis"},"content":{"rendered":"\n<h1 class=\"wp-block-heading\">Le programme d&rsquo;exemption de visa am\u00e9ricain<\/h1>\n\n\n\n<h2 class=\"wp-block-heading\">Qu\u2019est ce que le Visa Waiver Program ?<\/h2>\n\n\n\n<p>Le Visa Waiver Program (VWP) est un programme mis en place par le D\u00e9partement d&rsquo;Etat am\u00e9ricain pour faciliter le filtrage des voyageurs vers les USA et renforcer la s\u00e9curit\u00e9 aux fronti\u00e8res am\u00e9ricaines. Il permet aux ressortissants des pays membres du programme de voyager aux \u00c9tats-Unis pour le tourisme ou les affaires sans obtenir de visa sous certaines <a href=\"https:\/\/usa-gv.com\/fr\/regles-eligibilite-esta\/\">conditions d&rsquo;\u00e9ligibilit\u00e9 de l&rsquo;ESTA<\/a>. <\/p>\n\n\n\n<p><strong>Pour pouvoir b\u00e9n\u00e9ficier de cette exemption de visa<\/strong> : Les ressortissants des pays partenaires doivent compl\u00e9ter le <a href=\"https:\/\/usa-gv.com\/fr\/formulaire-esta-en-ligne\/\">formulaire ESTA en ligne<\/a>.<\/p>\n\n\n\n<div style=\"height:10px\" aria-hidden=\"true\" class=\"wp-block-spacer\"><\/div>\n\n\n\n<h2 class=\"wp-block-heading\">Liste des pays membres du VWP<\/h2>\n\n\n\n<p>Voici la liste de l&rsquo;ensemble des pays b\u00e9n\u00e9ficiant du programme d\u2019exemption de visa am\u00e9ricain pour leur ressortissants.<\/p>\n\n\n\n<figure class=\"wp-block-table\"><table><tbody><tr><td>Allemagne<\/td><td>Espagne<\/td><td>Liechtenstein<\/td><td>Royaume-Uni<\/td><\/tr><tr><td>Andorre<\/td><td>Finlande<\/td><td>Lituanie<\/td><td>Saint-Marin<\/td><\/tr><tr><td>Australie<\/td><td>France<\/td><td>Luxembourg<\/td><td>Singapour<\/td><\/tr><tr><td>Autriche<\/td><td>Gr\u00e8ce<\/td><td>Malte<\/td><td>Slovaquie<\/td><\/tr><tr><td>Belgique<\/td><td>Hongrie<\/td><td>Monaco<\/td><td>Slov\u00e9nie<\/td><\/tr><tr><td>Brunei<\/td><td>Irlande<\/td><td>Norv\u00e8ge<\/td><td>Su\u00e8de<\/td><\/tr><tr><td>Chili<\/td><td>Islande<\/td><td>Nouvelle Z\u00e9lande<\/td><td>Suisse<\/td><\/tr><tr><td>Croatie<\/td><td>Isra\u00ebl<\/td><td>Pays-Bas<\/td><td>Ta\u00efwan<\/td><\/tr><tr><td>Cor\u00e9e du Sud<\/td><td>Italie<\/td><td>Pologne<\/td><td><\/td><\/tr><tr><td>Danemark<\/td><td>Japon<\/td><td>Portugal<\/td><td><\/td><\/tr><tr><td>Estonie<\/td><td>Lettonie<\/td><td>R\u00e9publique Tch\u00e8que<\/td><td><\/td><\/tr><\/tbody><\/table><figcaption class=\"wp-element-caption\">Liste des pays membres du VWP<\/figcaption><\/figure>\n\n\n\n<h2 class=\"wp-block-heading\">Quels sont les pays qui peuvent adh\u00e9rer au programme de dispense de visa am\u00e9ricain ?<\/h2>\n\n\n\n<p>Les pays deviennent membre du programme d\u2019exemption de visa am\u00e9ricain en mettant en place une gestion renforc\u00e9e de leurs fronti\u00e8res. Les conditions exig\u00e9es par l&rsquo;administration am\u00e9ricaine pour devenir membre du VWP sont :<\/p>\n\n\n\n<ul class=\"wp-block-list\">\n<li>De d\u00e9livrer des <a href=\"https:\/\/usa-gv.com\/fr\/passeport-pour-les-usa\/\">passeports conformes aux exigences des USA<\/a> \u00e0 ses ressortissants ;<\/li>\n\n\n\n<li>De partager certaines donn\u00e9es de s\u00e9curit\u00e9 du pays avec les \u00c9tats-Unis ;<\/li>\n\n\n\n<li>De tenir \u00e0 jour pour les Etats Unis la liste des passeports nationaux d\u00e9clar\u00e9s vol\u00e9s ou perdus ;<\/li>\n\n\n\n<li>D&rsquo;avoir pour ses ressortissant un taux de refus du visa visiteur am\u00e9ricain inf\u00e9rieur \u00e0 3% ;<\/li>\n\n\n\n<li>De lutter activement contre le terrorisme lors des contr\u00f4les aux fronti\u00e8res.<\/li>\n<\/ul>\n","protected":false},"excerpt":{"rendered":"<p>Le programme d&rsquo;exemption de visa am\u00e9ricain Qu\u2019est ce que le Visa Waiver Program ? Le Visa Waiver Program (VWP) est un programme mis en place par le D\u00e9partement d&rsquo;Etat am\u00e9ricain pour faciliter le filtrage des voyageurs vers les USA et renforcer la s\u00e9curit\u00e9 aux fronti\u00e8res am\u00e9ricaines. Il permet aux ressortissants des pays membres du programme [&hellip;]<\/p>\n","protected":false},"author":1,"featured_media":0,"parent":0,"menu_order":0,"comment_status":"closed","ping_status":"closed","template":"","meta":{"footnotes":""},"class_list":["post-2127","page","type-page","status-publish","hentry"],"yoast_head":"<!-- This site is optimized with the Yoast SEO plugin v26.6 - https:\/\/yoast.com\/wordpress\/plugins\/seo\/ -->\n<title>Le Visa Waiver Program des Etats Unis - USA-GV.COM<\/title>\n<meta name=\"description\" content=\"D\u00e9couvrez en d\u00e9tail ce qu&#039;est le Visa Waiver Program am\u00e9ricain et ce qu&#039;il permet aux ressortissants \u00e9trangers de faire aux USA\" \/>\n<meta name=\"robots\" content=\"index, follow, max-snippet:-1, max-image-preview:large, max-video-preview:-1\" \/>\n<link rel=\"canonical\" href=\"https:\/\/usa-gv.com\/fr\/visa-waiver-program-usa\/\" \/>\n<meta property=\"og:locale\" content=\"fr_FR\" \/>\n<meta property=\"og:type\" content=\"article\" \/>\n<meta property=\"og:title\" content=\"Le Visa Waiver Program des Etats Unis - USA-GV.COM\" \/>\n<meta property=\"og:description\" content=\"D\u00e9couvrez en d\u00e9tail ce qu&#039;est le Visa Waiver Program am\u00e9ricain et ce qu&#039;il permet aux ressortissants \u00e9trangers de faire aux USA\" \/>\n<meta property=\"og:url\" content=\"https:\/\/usa-gv.com\/fr\/visa-waiver-program-usa\/\" \/>\n<meta property=\"og:site_name\" content=\"USA-GV.COM\" \/>\n<meta property=\"article:modified_time\" content=\"2025-04-07T08:45:13+00:00\" \/>\n<meta name=\"twitter:card\" content=\"summary_large_image\" \/>\n<meta name=\"twitter:label1\" content=\"Dur\u00e9e de lecture estim\u00e9e\" \/>\n\t<meta name=\"twitter:data1\" content=\"2 minutes\" \/>\n<script type=\"application\/ld+json\" class=\"yoast-schema-graph\">{\"@context\":\"https:\/\/schema.org\",\"@graph\":[{\"@type\":\"WebPage\",\"@id\":\"https:\/\/usa-gv.com\/fr\/visa-waiver-program-usa\/\",\"url\":\"https:\/\/usa-gv.com\/fr\/visa-waiver-program-usa\/\",\"name\":\"Le Visa Waiver Program des Etats Unis - USA-GV.COM\",\"isPartOf\":{\"@id\":\"https:\/\/usa-gv.com\/fr\/#website\"},\"datePublished\":\"2024-03-10T21:35:05+00:00\",\"dateModified\":\"2025-04-07T08:45:13+00:00\",\"description\":\"D\u00e9couvrez en d\u00e9tail ce qu'est le Visa Waiver Program am\u00e9ricain et ce qu'il permet aux ressortissants \u00e9trangers de faire aux USA\",\"breadcrumb\":{\"@id\":\"https:\/\/usa-gv.com\/fr\/visa-waiver-program-usa\/#breadcrumb\"},\"inLanguage\":\"fr-FR\",\"potentialAction\":[{\"@type\":\"ReadAction\",\"target\":[\"https:\/\/usa-gv.com\/fr\/visa-waiver-program-usa\/\"]}]},{\"@type\":\"BreadcrumbList\",\"@id\":\"https:\/\/usa-gv.com\/fr\/visa-waiver-program-usa\/#breadcrumb\",\"itemListElement\":[{\"@type\":\"ListItem\",\"position\":1,\"name\":\"Home\",\"item\":\"https:\/\/usa-gv.com\/fr\/\"},{\"@type\":\"ListItem\",\"position\":2,\"name\":\"Le Visa Waiver Program des Etats Unis\"}]},{\"@type\":\"WebSite\",\"@id\":\"https:\/\/usa-gv.com\/fr\/#website\",\"url\":\"https:\/\/usa-gv.com\/fr\/\",\"name\":\"USA-GV.COM\",\"description\":\"\",\"potentialAction\":[{\"@type\":\"SearchAction\",\"target\":{\"@type\":\"EntryPoint\",\"urlTemplate\":\"https:\/\/usa-gv.com\/fr\/?s={search_term_string}\"},\"query-input\":{\"@type\":\"PropertyValueSpecification\",\"valueRequired\":true,\"valueName\":\"search_term_string\"}}],\"inLanguage\":\"fr-FR\"}]}<\/script>\n<!-- \/ Yoast SEO plugin. -->","yoast_head_json":{"title":"Le Visa Waiver Program des Etats Unis - USA-GV.COM","description":"D\u00e9couvrez en d\u00e9tail ce qu'est le Visa Waiver Program am\u00e9ricain et ce qu'il permet aux ressortissants \u00e9trangers de faire aux USA","robots":{"index":"index","follow":"follow","max-snippet":"max-snippet:-1","max-image-preview":"max-image-preview:large","max-video-preview":"max-video-preview:-1"},"canonical":"https:\/\/usa-gv.com\/fr\/visa-waiver-program-usa\/","og_locale":"fr_FR","og_type":"article","og_title":"Le Visa Waiver Program des Etats Unis - USA-GV.COM","og_description":"D\u00e9couvrez en d\u00e9tail ce qu'est le Visa Waiver Program am\u00e9ricain et ce qu'il permet aux ressortissants \u00e9trangers de faire aux USA","og_url":"https:\/\/usa-gv.com\/fr\/visa-waiver-program-usa\/","og_site_name":"USA-GV.COM","article_modified_time":"2025-04-07T08:45:13+00:00","twitter_card":"summary_large_image","twitter_misc":{"Dur\u00e9e de lecture estim\u00e9e":"2 minutes"},"schema":{"@context":"https:\/\/schema.org","@graph":[{"@type":"WebPage","@id":"https:\/\/usa-gv.com\/fr\/visa-waiver-program-usa\/","url":"https:\/\/usa-gv.com\/fr\/visa-waiver-program-usa\/","name":"Le Visa Waiver Program des Etats Unis - USA-GV.COM","isPartOf":{"@id":"https:\/\/usa-gv.com\/fr\/#website"},"datePublished":"2024-03-10T21:35:05+00:00","dateModified":"2025-04-07T08:45:13+00:00","description":"D\u00e9couvrez en d\u00e9tail ce qu'est le Visa Waiver Program am\u00e9ricain et ce qu'il permet aux ressortissants \u00e9trangers de faire aux USA","breadcrumb":{"@id":"https:\/\/usa-gv.com\/fr\/visa-waiver-program-usa\/#breadcrumb"},"inLanguage":"fr-FR","potentialAction":[{"@type":"ReadAction","target":["https:\/\/usa-gv.com\/fr\/visa-waiver-program-usa\/"]}]},{"@type":"BreadcrumbList","@id":"https:\/\/usa-gv.com\/fr\/visa-waiver-program-usa\/#breadcrumb","itemListElement":[{"@type":"ListItem","position":1,"name":"Home","item":"https:\/\/usa-gv.com\/fr\/"},{"@type":"ListItem","position":2,"name":"Le Visa Waiver Program des Etats Unis"}]},{"@type":"WebSite","@id":"https:\/\/usa-gv.com\/fr\/#website","url":"https:\/\/usa-gv.com\/fr\/","name":"USA-GV.COM","description":"","potentialAction":[{"@type":"SearchAction","target":{"@type":"EntryPoint","urlTemplate":"https:\/\/usa-gv.com\/fr\/?s={search_term_string}"},"query-input":{"@type":"PropertyValueSpecification","valueRequired":true,"valueName":"search_term_string"}}],"inLanguage":"fr-FR"}]}},"_links":{"self":[{"href":"https:\/\/usa-gv.com\/fr\/wp-json\/wp\/v2\/pages\/2127","targetHints":{"allow":["GET"]}}],"collection":[{"href":"https:\/\/usa-gv.com\/fr\/wp-json\/wp\/v2\/pages"}],"about":[{"href":"https:\/\/usa-gv.com\/fr\/wp-json\/wp\/v2\/types\/page"}],"author":[{"embeddable":true,"href":"https:\/\/usa-gv.com\/fr\/wp-json\/wp\/v2\/users\/1"}],"replies":[{"embeddable":true,"href":"https:\/\/usa-gv.com\/fr\/wp-json\/wp\/v2\/comments?post=2127"}],"version-history":[{"count":1,"href":"https:\/\/usa-gv.com\/fr\/wp-json\/wp\/v2\/pages\/2127\/revisions"}],"predecessor-version":[{"id":7569,"href":"https:\/\/usa-gv.com\/fr\/wp-json\/wp\/v2\/pages\/2127\/revisions\/7569"}],"wp:attachment":[{"href":"https:\/\/usa-gv.com\/fr\/wp-json\/wp\/v2\/media?parent=2127"}],"curies":[{"name":"wp","href":"https:\/\/api.w.org\/{rel}","templated":true}]}}