{"id":2124,"date":"2024-03-10T21:30:51","date_gmt":"2024-03-10T21:30:51","guid":{"rendered":"https:\/\/usa-gv.com\/?page_id=2124"},"modified":"2025-04-07T08:36:12","modified_gmt":"2025-04-07T08:36:12","slug":"utilite-esta","status":"publish","type":"page","link":"https:\/\/usa-gv.com\/fr\/utilite-esta\/","title":{"rendered":"A quoi sert une autorisation ESTA pour les USA"},"content":{"rendered":"\n<h1 class=\"wp-block-heading\">Quelles activit\u00e9s sont autoris\u00e9s aux USA pour un voyageur muni d&rsquo;une ESTA <\/h1>\n\n\n\n<p>Une <a href=\"https:\/\/usa-gv.com\/fr\/cest-quoi-une-autorisation-esta\/\">autorisation ESTA<\/a> permet aux citoyens des pays participant au <a href=\"https:\/\/usa-gv.com\/fr\/visa-waiver-program-usa\/\">Visa Waiver Program<\/a> de se rendre aux \u00c9tats-Unis pour le tourisme ou les affaires sans visa pour des s\u00e9jours de moins de 90 jours. Uniquement certaines activit\u00e9s sont autoris\u00e9es sur le territoire am\u00e9ricain pour les voyageurs muni d&rsquo;une ESTA.<\/p>\n\n\n\n<p><strong>Pour obtenir une attestation de voyage en quelques minutes<\/strong>, il suffit de cliquer sur <a href=\"https:\/\/usa-gv.com\/fr\/formulaire-esta-en-ligne\/\">formulaire ESTA en ligne<\/a>.<\/p>\n\n\n\n<div style=\"height:10px\" aria-hidden=\"true\" class=\"wp-block-spacer\"><\/div>\n\n\n\n<h2 class=\"wp-block-heading\">Que peut-on faire aux USA avec une ESTA<\/h2>\n\n\n\n<p>Les voyageurs munis d&rsquo;une ESTA peuvent entrer aux \u00c9tats-Unis pour plusieurs types d&rsquo;activit\u00e9s li\u00e9es principalement au tourisme ou aux affaires. Voici les activit\u00e9s autoris\u00e9es avec une ESTA.<\/p>\n\n\n\n<h3 class=\"wp-block-heading\">Activit\u00e9s li\u00e9es au tourisme autoris\u00e9es avec une ESTA aux USA<\/h3>\n\n\n\n<ul class=\"wp-block-list\">\n<li>Visiter des sites touristiques, des monuments, et des parcs nationaux ;<\/li>\n\n\n\n<li>Participer \u00e0 des activit\u00e9s r\u00e9cr\u00e9atives, comme la visite de mus\u00e9es, des spectacles, des concerts ou des \u00e9v\u00e9nements sportifs ;<\/li>\n\n\n\n<li>Prendre part \u00e0 des activit\u00e9s sociales avec des amis ou de la famille.<\/li>\n<\/ul>\n\n\n\n<div style=\"height:10px\" aria-hidden=\"true\" class=\"wp-block-spacer\"><\/div>\n\n\n\n<h3 class=\"wp-block-heading\">Activit\u00e9s li\u00e9es aux affaires autoris\u00e9es avec une ESTA aux USA<\/h3>\n\n\n\n<ul class=\"wp-block-list\">\n<li>Participer \u00e0 des r\u00e9unions d&rsquo;affaires, des conf\u00e9rences, ou des s\u00e9minaires ;<\/li>\n\n\n\n<li>N\u00e9gocier des contrats ou consulter avec des partenaires d&rsquo;affaires ;<\/li>\n\n\n\n<li>Assister \u00e0 des expositions ou des salons professionnels.<\/li>\n<\/ul>\n\n\n\n<div style=\"height:10px\" aria-hidden=\"true\" class=\"wp-block-spacer\"><\/div>\n\n\n\n<h3 class=\"wp-block-heading\">Participation \u00e0 des \u00e9v\u00e9nements autoris\u00e9s avec une ESTA aux USA<\/h3>\n\n\n\n<ul class=\"wp-block-list\">\n<li>Participer \u00e0 des \u00e9v\u00e9nements courts ou suivre des cours de courte dur\u00e9e. Ces cours ne doivent pas \u00eatre cr\u00e9dit\u00e9s par un dipl\u00f4me ou une certification acad\u00e9mique ;<\/li>\n\n\n\n<li>Participer \u00e0 des \u00e9v\u00e9nements amateurs li\u00e9s \u00e0 la musique ou au sport sans percevoir aucun paiement.<\/li>\n<\/ul>\n\n\n\n<div style=\"height:10px\" aria-hidden=\"true\" class=\"wp-block-spacer\"><\/div>\n\n\n\n<p><strong>Important<\/strong> : L&rsquo;ESTA permet \u00e9galement de s\u00e9journer aux Etats Unis pour <strong>recevoir des traitements m\u00e9dicaux de courte dur\u00e9e<\/strong>.<\/p>\n\n\n\n<div style=\"height:20px\" aria-hidden=\"true\" class=\"wp-block-spacer\"><\/div>\n\n\n\n<h2 class=\"wp-block-heading\">Quelles sont les activit\u00e9s interdites aux USA avec une ESTA<\/h2>\n\n\n\n<p>Voici les principales activit\u00e9s interdites aux Etats Unis pour les voyageurs d\u00e9tenteurs d&rsquo;une autorisation ESTA.<\/p>\n\n\n\n<h3 class=\"wp-block-heading\">Activit\u00e9s li\u00e9es au travail interdites aux USA pour le d\u00e9tenteur d&rsquo;une ESTA<\/h3>\n\n\n\n<ul class=\"wp-block-list\">\n<li>Les voyageurs en possession d\u2019une ESTA ne sont pas autoris\u00e9s \u00e0 accepter un emploi r\u00e9mun\u00e9r\u00e9 aux \u00c9tats-Unis. Cela comprend tout travail avec un salaire ou une compensation de la part d&rsquo;un employeur am\u00e9ricain ;<\/li>\n\n\n\n<li>Travail pour la presse : Les journalistes ou les membres de la presse qui envisagent de travailler aux \u00c9tats-Unis ne peuvent pas le faire avec une ESTA. Ils doivent obtenir un visa sp\u00e9cifique pour les m\u00e9dias .<\/li>\n<\/ul>\n\n\n\n<div style=\"height:10px\" aria-hidden=\"true\" class=\"wp-block-spacer\"><\/div>\n\n\n\n<h3 class=\"wp-block-heading\">Autres activit\u00e9s interdites aux USA pour les voyageurs munis d&rsquo;une ESTA<\/h3>\n\n\n\n<ul class=\"wp-block-list\">\n<li><strong>Envisager une r\u00e9sidence permanente<\/strong> : Un voyageur ne peut pas utiliser une ESTA pour entrer aux \u00c9tats-Unis dans le but de r\u00e9sider de fa\u00e7on permanente ou d\u2019immigrer.<\/li>\n\n\n\n<li><strong>\u00c9tudes de longues dur\u00e9es<\/strong> : Les \u00e9tudes \u00e0 temps plein n\u00e9cessitent un visa \u00e9tudiant.<\/li>\n\n\n\n<li><strong>Programme d&rsquo;\u00e9change<\/strong> : Les participants \u00e0 un programme d&rsquo;\u00e9change \u00e9tudiant ne peuvent pas utiliser une ESTA et doivent obtenir un visa J1.<\/li>\n\n\n\n<li><strong>Prestations publiques<\/strong> : Les voyageurs arriv\u00e9s aux USA avec une autorisation ESTA ne sont pas autoris\u00e9s \u00e0 b\u00e9n\u00e9ficier de prestations gouvernementales ou de programmes d&rsquo;assistance publique.<\/li>\n<\/ul>\n\n\n\n<div style=\"height:20px\" aria-hidden=\"true\" class=\"wp-block-spacer\"><\/div>\n\n\n\n<h2 class=\"wp-block-heading\">Peut-on effectuer une escale aux USA avec une ESTA ?<\/h2>\n\n\n\n<p>Il est possible d&rsquo;effectuer un <a href=\"https:\/\/usa-gv.com\/fr\/esta-transit-usa\/\">transit par les USA avec une ESTA<\/a>. Le d\u00e9tenteur d&rsquo;une autorisation ESTA peut utiliser les \u00c9tats-Unis comme point de transit vers une autre destination internationale.<\/p>\n","protected":false},"excerpt":{"rendered":"<p>Quelles activit\u00e9s sont autoris\u00e9s aux USA pour un voyageur muni d&rsquo;une ESTA Une autorisation ESTA permet aux citoyens des pays participant au Visa Waiver Program de se rendre aux \u00c9tats-Unis pour le tourisme ou les affaires sans visa pour des s\u00e9jours de moins de 90 jours. Uniquement certaines activit\u00e9s sont autoris\u00e9es sur le territoire am\u00e9ricain [&hellip;]<\/p>\n","protected":false},"author":1,"featured_media":0,"parent":0,"menu_order":0,"comment_status":"closed","ping_status":"closed","template":"","meta":{"footnotes":""},"class_list":["post-2124","page","type-page","status-publish","hentry"],"yoast_head":"<!-- This site is optimized with the Yoast SEO plugin v26.6 - https:\/\/yoast.com\/wordpress\/plugins\/seo\/ -->\n<title>A quoi sert une autorisation ESTA pour les USA - USA-GV.COM<\/title>\n<meta name=\"description\" content=\"D\u00e9couvrez ce que l&#039;on peut faire ou ne pas faire avec une autorisation ESTA lors d&#039;un s\u00e9jour aux Etats Unis\" \/>\n<meta name=\"robots\" content=\"index, follow, max-snippet:-1, max-image-preview:large, max-video-preview:-1\" \/>\n<link rel=\"canonical\" href=\"https:\/\/usa-gv.com\/fr\/utilite-esta\/\" \/>\n<meta property=\"og:locale\" content=\"fr_FR\" \/>\n<meta property=\"og:type\" content=\"article\" \/>\n<meta property=\"og:title\" content=\"A quoi sert une autorisation ESTA pour les USA - USA-GV.COM\" \/>\n<meta property=\"og:description\" content=\"D\u00e9couvrez ce que l&#039;on peut faire ou ne pas faire avec une autorisation ESTA lors d&#039;un s\u00e9jour aux Etats Unis\" \/>\n<meta property=\"og:url\" content=\"https:\/\/usa-gv.com\/fr\/utilite-esta\/\" \/>\n<meta property=\"og:site_name\" content=\"USA-GV.COM\" \/>\n<meta property=\"article:modified_time\" content=\"2025-04-07T08:36:12+00:00\" \/>\n<meta name=\"twitter:card\" content=\"summary_large_image\" \/>\n<meta name=\"twitter:label1\" content=\"Dur\u00e9e de lecture estim\u00e9e\" \/>\n\t<meta name=\"twitter:data1\" content=\"3 minutes\" \/>\n<script type=\"application\/ld+json\" class=\"yoast-schema-graph\">{\"@context\":\"https:\/\/schema.org\",\"@graph\":[{\"@type\":\"WebPage\",\"@id\":\"https:\/\/usa-gv.com\/fr\/utilite-esta\/\",\"url\":\"https:\/\/usa-gv.com\/fr\/utilite-esta\/\",\"name\":\"A quoi sert une autorisation ESTA pour les USA - USA-GV.COM\",\"isPartOf\":{\"@id\":\"https:\/\/usa-gv.com\/fr\/#website\"},\"datePublished\":\"2024-03-10T21:30:51+00:00\",\"dateModified\":\"2025-04-07T08:36:12+00:00\",\"description\":\"D\u00e9couvrez ce que l'on peut faire ou ne pas faire avec une autorisation ESTA lors d'un s\u00e9jour aux Etats Unis\",\"breadcrumb\":{\"@id\":\"https:\/\/usa-gv.com\/fr\/utilite-esta\/#breadcrumb\"},\"inLanguage\":\"fr-FR\",\"potentialAction\":[{\"@type\":\"ReadAction\",\"target\":[\"https:\/\/usa-gv.com\/fr\/utilite-esta\/\"]}]},{\"@type\":\"BreadcrumbList\",\"@id\":\"https:\/\/usa-gv.com\/fr\/utilite-esta\/#breadcrumb\",\"itemListElement\":[{\"@type\":\"ListItem\",\"position\":1,\"name\":\"Home\",\"item\":\"https:\/\/usa-gv.com\/fr\/\"},{\"@type\":\"ListItem\",\"position\":2,\"name\":\"A quoi sert une autorisation ESTA pour les USA\"}]},{\"@type\":\"WebSite\",\"@id\":\"https:\/\/usa-gv.com\/fr\/#website\",\"url\":\"https:\/\/usa-gv.com\/fr\/\",\"name\":\"USA-GV.COM\",\"description\":\"\",\"potentialAction\":[{\"@type\":\"SearchAction\",\"target\":{\"@type\":\"EntryPoint\",\"urlTemplate\":\"https:\/\/usa-gv.com\/fr\/?s={search_term_string}\"},\"query-input\":{\"@type\":\"PropertyValueSpecification\",\"valueRequired\":true,\"valueName\":\"search_term_string\"}}],\"inLanguage\":\"fr-FR\"}]}<\/script>\n<!-- \/ Yoast SEO plugin. -->","yoast_head_json":{"title":"A quoi sert une autorisation ESTA pour les USA - USA-GV.COM","description":"D\u00e9couvrez ce que l'on peut faire ou ne pas faire avec une autorisation ESTA lors d'un s\u00e9jour aux Etats Unis","robots":{"index":"index","follow":"follow","max-snippet":"max-snippet:-1","max-image-preview":"max-image-preview:large","max-video-preview":"max-video-preview:-1"},"canonical":"https:\/\/usa-gv.com\/fr\/utilite-esta\/","og_locale":"fr_FR","og_type":"article","og_title":"A quoi sert une autorisation ESTA pour les USA - USA-GV.COM","og_description":"D\u00e9couvrez ce que l'on peut faire ou ne pas faire avec une autorisation ESTA lors d'un s\u00e9jour aux Etats Unis","og_url":"https:\/\/usa-gv.com\/fr\/utilite-esta\/","og_site_name":"USA-GV.COM","article_modified_time":"2025-04-07T08:36:12+00:00","twitter_card":"summary_large_image","twitter_misc":{"Dur\u00e9e de lecture estim\u00e9e":"3 minutes"},"schema":{"@context":"https:\/\/schema.org","@graph":[{"@type":"WebPage","@id":"https:\/\/usa-gv.com\/fr\/utilite-esta\/","url":"https:\/\/usa-gv.com\/fr\/utilite-esta\/","name":"A quoi sert une autorisation ESTA pour les USA - USA-GV.COM","isPartOf":{"@id":"https:\/\/usa-gv.com\/fr\/#website"},"datePublished":"2024-03-10T21:30:51+00:00","dateModified":"2025-04-07T08:36:12+00:00","description":"D\u00e9couvrez ce que l'on peut faire ou ne pas faire avec une autorisation ESTA lors d'un s\u00e9jour aux Etats Unis","breadcrumb":{"@id":"https:\/\/usa-gv.com\/fr\/utilite-esta\/#breadcrumb"},"inLanguage":"fr-FR","potentialAction":[{"@type":"ReadAction","target":["https:\/\/usa-gv.com\/fr\/utilite-esta\/"]}]},{"@type":"BreadcrumbList","@id":"https:\/\/usa-gv.com\/fr\/utilite-esta\/#breadcrumb","itemListElement":[{"@type":"ListItem","position":1,"name":"Home","item":"https:\/\/usa-gv.com\/fr\/"},{"@type":"ListItem","position":2,"name":"A quoi sert une autorisation ESTA pour les USA"}]},{"@type":"WebSite","@id":"https:\/\/usa-gv.com\/fr\/#website","url":"https:\/\/usa-gv.com\/fr\/","name":"USA-GV.COM","description":"","potentialAction":[{"@type":"SearchAction","target":{"@type":"EntryPoint","urlTemplate":"https:\/\/usa-gv.com\/fr\/?s={search_term_string}"},"query-input":{"@type":"PropertyValueSpecification","valueRequired":true,"valueName":"search_term_string"}}],"inLanguage":"fr-FR"}]}},"_links":{"self":[{"href":"https:\/\/usa-gv.com\/fr\/wp-json\/wp\/v2\/pages\/2124","targetHints":{"allow":["GET"]}}],"collection":[{"href":"https:\/\/usa-gv.com\/fr\/wp-json\/wp\/v2\/pages"}],"about":[{"href":"https:\/\/usa-gv.com\/fr\/wp-json\/wp\/v2\/types\/page"}],"author":[{"embeddable":true,"href":"https:\/\/usa-gv.com\/fr\/wp-json\/wp\/v2\/users\/1"}],"replies":[{"embeddable":true,"href":"https:\/\/usa-gv.com\/fr\/wp-json\/wp\/v2\/comments?post=2124"}],"version-history":[{"count":1,"href":"https:\/\/usa-gv.com\/fr\/wp-json\/wp\/v2\/pages\/2124\/revisions"}],"predecessor-version":[{"id":7411,"href":"https:\/\/usa-gv.com\/fr\/wp-json\/wp\/v2\/pages\/2124\/revisions\/7411"}],"wp:attachment":[{"href":"https:\/\/usa-gv.com\/fr\/wp-json\/wp\/v2\/media?parent=2124"}],"curies":[{"name":"wp","href":"https:\/\/api.w.org\/{rel}","templated":true}]}}