{"id":2121,"date":"2024-03-10T21:26:19","date_gmt":"2024-03-10T21:26:19","guid":{"rendered":"https:\/\/usa-gv.com\/?page_id=2121"},"modified":"2025-04-07T08:46:04","modified_gmt":"2025-04-07T08:46:04","slug":"cest-quoi-une-autorisation-esta","status":"publish","type":"page","link":"https:\/\/usa-gv.com\/fr\/cest-quoi-une-autorisation-esta\/","title":{"rendered":"Qu&rsquo;est ce que l&rsquo;autorisation ESTA USA"},"content":{"rendered":"\n<h1 class=\"wp-block-heading\">Qu&rsquo;est-ce qu&rsquo;une autorisation ESTA ?<\/h1>\n\n\n\n<p>L&rsquo;ESTA est un syst\u00e8me \u00e9lectronique de demande d\u2019autorisation de voyage mis en place par le gouvernement des \u00c9tats-Unis. L&rsquo;anagramme ESTA signifie : <strong>Electronic System for Travel Authorization<\/strong>. Ce programme d\u2019exemption de visa permet aux ressortissants des pays b\u00e9n\u00e9ficiant du <a href=\"https:\/\/usa-gv.com\/fr\/visa-waiver-program-usa\/\">Visa Waiver Program<\/a> de se rendre aux \u00c9tats-Unis pour le tourisme ou les affaires sans n\u00e9cessiter de visa.<\/p>\n\n\n\n<h2 class=\"wp-block-heading\">Comment fonctionne l\u2019ESTA ?<\/h2>\n\n\n\n<p>Pour obtenir une autorisation ESTA, les voyageurs doivent compl\u00e9ter le <a href=\"https:\/\/usa-gv.com\/fr\/formulaire-esta-en-ligne\/\">formulaire ESTA en ligne<\/a>. La proc\u00e9dure n\u00e9cessite de renseigner les informations personnelles du voyageur et de r\u00e9pondre aux <a href=\"https:\/\/usa-gv.com\/fr\/questions-formulaire-esta\/\">questions ESTA<\/a> en toute sinc\u00e9rit\u00e9. Ce processus informatique v\u00e9rifie l\u2019\u00e9ligibilit\u00e9 des visiteurs dans le cadre du Visa Waiver Program avant leur arriv\u00e9e aux \u00c9tats-Unis. Une fois approuv\u00e9e, une autorisation ESTA est valable pour deux ans ou jusqu&rsquo;\u00e0 l&rsquo;expiration du <a href=\"https:\/\/usa-gv.com\/fr\/passeport-pour-les-usa\/\">passeport valide pour les USA<\/a> du titulaire.<\/p>\n\n\n\n<h2 class=\"wp-block-heading\">Avantages de l&rsquo;ESTA pour les voyages aux \u00c9tats-Unis<\/h2>\n\n\n\n<p>L\u2019ESTA offre plusieurs avantages pour les voyageurs internationaux. Le processus de demande est enti\u00e8rement en ligne, simplifiant les d\u00e9marches administratives et permettant une r\u00e9ponse sous 72 heures. Les voyageurs peuvent visiter les \u00c9tats-Unis \u00e0 plusieurs reprises pendant la <a href=\"https:\/\/usa-gv.com\/fr\/duree-validite-esta\/\">p\u00e9riode de validit\u00e9 de l&rsquo;ESTA<\/a> sans devoir <a href=\"https:\/\/usa-gv.com\/fr\/esta-renouvellement\/\">renouveler sont ESTA<\/a> pour chaque visite.<\/p>\n\n\n\n<h2 class=\"wp-block-heading\">Conditions et restrictions de l&rsquo;ESTA<\/h2>\n\n\n\n<p>L\u2019ESTA facilite l\u2019acc\u00e8s aux \u00c9tats-Unis pour un s\u00e9jour de courte dur\u00e9e mais comporte certaines restrictions. Les titulaires d&rsquo;une autorisation ESTA ne peuvent pas travailler ni \u00e9tudier pour un cr\u00e9dit acad\u00e9mique. Il n&rsquo;est pas non plus possible de devenir r\u00e9sident permanent en entrant avec une autorisation ESTA aux USA. Il est crucial de respecter ces conditions pour \u00e9viter des complications l\u00e9gales ou le <a href=\"https:\/\/usa-gv.com\/fr\/esta-refus\/\">refus de l&rsquo;ESTA<\/a>.<\/p>\n\n\n\n<h2 class=\"wp-block-heading\">Importance de l&rsquo;ESTA pour le tourisme et les affaires<\/h2>\n\n\n\n<p>L&rsquo;ESTA est devenue un outil essentiel pour le tourisme et les voyages d&rsquo;affaires, permettant une entr\u00e9e rapide et s\u00e9curis\u00e9e aux \u00c9tats-Unis. Cela renforce les liens \u00e9conomiques et culturels entre les \u00c9tats-Unis et les pays du Visa Waiver Program, tout en maintenant les normes de s\u00e9curit\u00e9 nationale.<\/p>\n","protected":false},"excerpt":{"rendered":"<p>Qu&rsquo;est-ce qu&rsquo;une autorisation ESTA ? L&rsquo;ESTA est un syst\u00e8me \u00e9lectronique de demande d\u2019autorisation de voyage mis en place par le gouvernement des \u00c9tats-Unis. L&rsquo;anagramme ESTA signifie : Electronic System for Travel Authorization. Ce programme d\u2019exemption de visa permet aux ressortissants des pays b\u00e9n\u00e9ficiant du Visa Waiver Program de se rendre aux \u00c9tats-Unis pour le tourisme [&hellip;]<\/p>\n","protected":false},"author":1,"featured_media":0,"parent":0,"menu_order":0,"comment_status":"closed","ping_status":"closed","template":"","meta":{"footnotes":""},"class_list":["post-2121","page","type-page","status-publish","hentry"],"yoast_head":"<!-- This site is optimized with the Yoast SEO plugin v26.6 - https:\/\/yoast.com\/wordpress\/plugins\/seo\/ -->\n<title>Qu&#039;est ce que l&#039;autorisation ESTA USA - USA-GV.COM<\/title>\n<meta name=\"description\" content=\"D\u00e9couvrez en d\u00e9tail ce qu&#039;est une autorisation de voyage ESTA pour les Etats Unis avant de formuler une demande ESTA en ligne\" \/>\n<meta name=\"robots\" content=\"index, follow, max-snippet:-1, max-image-preview:large, max-video-preview:-1\" \/>\n<link rel=\"canonical\" href=\"https:\/\/usa-gv.com\/fr\/cest-quoi-une-autorisation-esta\/\" \/>\n<meta property=\"og:locale\" content=\"fr_FR\" \/>\n<meta property=\"og:type\" content=\"article\" \/>\n<meta property=\"og:title\" content=\"Qu&#039;est ce que l&#039;autorisation ESTA USA - USA-GV.COM\" \/>\n<meta property=\"og:description\" content=\"D\u00e9couvrez en d\u00e9tail ce qu&#039;est une autorisation de voyage ESTA pour les Etats Unis avant de formuler une demande ESTA en ligne\" \/>\n<meta property=\"og:url\" content=\"https:\/\/usa-gv.com\/fr\/cest-quoi-une-autorisation-esta\/\" \/>\n<meta property=\"og:site_name\" content=\"USA-GV.COM\" \/>\n<meta property=\"article:modified_time\" content=\"2025-04-07T08:46:04+00:00\" \/>\n<meta name=\"twitter:card\" content=\"summary_large_image\" \/>\n<meta name=\"twitter:label1\" content=\"Dur\u00e9e de lecture estim\u00e9e\" \/>\n\t<meta name=\"twitter:data1\" content=\"2 minutes\" \/>\n<script type=\"application\/ld+json\" class=\"yoast-schema-graph\">{\"@context\":\"https:\/\/schema.org\",\"@graph\":[{\"@type\":\"WebPage\",\"@id\":\"https:\/\/usa-gv.com\/fr\/cest-quoi-une-autorisation-esta\/\",\"url\":\"https:\/\/usa-gv.com\/fr\/cest-quoi-une-autorisation-esta\/\",\"name\":\"Qu'est ce que l'autorisation ESTA USA - USA-GV.COM\",\"isPartOf\":{\"@id\":\"https:\/\/usa-gv.com\/fr\/#website\"},\"datePublished\":\"2024-03-10T21:26:19+00:00\",\"dateModified\":\"2025-04-07T08:46:04+00:00\",\"description\":\"D\u00e9couvrez en d\u00e9tail ce qu'est une autorisation de voyage ESTA pour les Etats Unis avant de formuler une demande ESTA en ligne\",\"breadcrumb\":{\"@id\":\"https:\/\/usa-gv.com\/fr\/cest-quoi-une-autorisation-esta\/#breadcrumb\"},\"inLanguage\":\"fr-FR\",\"potentialAction\":[{\"@type\":\"ReadAction\",\"target\":[\"https:\/\/usa-gv.com\/fr\/cest-quoi-une-autorisation-esta\/\"]}]},{\"@type\":\"BreadcrumbList\",\"@id\":\"https:\/\/usa-gv.com\/fr\/cest-quoi-une-autorisation-esta\/#breadcrumb\",\"itemListElement\":[{\"@type\":\"ListItem\",\"position\":1,\"name\":\"Home\",\"item\":\"https:\/\/usa-gv.com\/fr\/\"},{\"@type\":\"ListItem\",\"position\":2,\"name\":\"Qu&rsquo;est ce que l&rsquo;autorisation ESTA USA\"}]},{\"@type\":\"WebSite\",\"@id\":\"https:\/\/usa-gv.com\/fr\/#website\",\"url\":\"https:\/\/usa-gv.com\/fr\/\",\"name\":\"USA-GV.COM\",\"description\":\"\",\"potentialAction\":[{\"@type\":\"SearchAction\",\"target\":{\"@type\":\"EntryPoint\",\"urlTemplate\":\"https:\/\/usa-gv.com\/fr\/?s={search_term_string}\"},\"query-input\":{\"@type\":\"PropertyValueSpecification\",\"valueRequired\":true,\"valueName\":\"search_term_string\"}}],\"inLanguage\":\"fr-FR\"}]}<\/script>\n<!-- \/ Yoast SEO plugin. -->","yoast_head_json":{"title":"Qu'est ce que l'autorisation ESTA USA - USA-GV.COM","description":"D\u00e9couvrez en d\u00e9tail ce qu'est une autorisation de voyage ESTA pour les Etats Unis avant de formuler une demande ESTA en ligne","robots":{"index":"index","follow":"follow","max-snippet":"max-snippet:-1","max-image-preview":"max-image-preview:large","max-video-preview":"max-video-preview:-1"},"canonical":"https:\/\/usa-gv.com\/fr\/cest-quoi-une-autorisation-esta\/","og_locale":"fr_FR","og_type":"article","og_title":"Qu'est ce que l'autorisation ESTA USA - USA-GV.COM","og_description":"D\u00e9couvrez en d\u00e9tail ce qu'est une autorisation de voyage ESTA pour les Etats Unis avant de formuler une demande ESTA en ligne","og_url":"https:\/\/usa-gv.com\/fr\/cest-quoi-une-autorisation-esta\/","og_site_name":"USA-GV.COM","article_modified_time":"2025-04-07T08:46:04+00:00","twitter_card":"summary_large_image","twitter_misc":{"Dur\u00e9e de lecture estim\u00e9e":"2 minutes"},"schema":{"@context":"https:\/\/schema.org","@graph":[{"@type":"WebPage","@id":"https:\/\/usa-gv.com\/fr\/cest-quoi-une-autorisation-esta\/","url":"https:\/\/usa-gv.com\/fr\/cest-quoi-une-autorisation-esta\/","name":"Qu'est ce que l'autorisation ESTA USA - USA-GV.COM","isPartOf":{"@id":"https:\/\/usa-gv.com\/fr\/#website"},"datePublished":"2024-03-10T21:26:19+00:00","dateModified":"2025-04-07T08:46:04+00:00","description":"D\u00e9couvrez en d\u00e9tail ce qu'est une autorisation de voyage ESTA pour les Etats Unis avant de formuler une demande ESTA en ligne","breadcrumb":{"@id":"https:\/\/usa-gv.com\/fr\/cest-quoi-une-autorisation-esta\/#breadcrumb"},"inLanguage":"fr-FR","potentialAction":[{"@type":"ReadAction","target":["https:\/\/usa-gv.com\/fr\/cest-quoi-une-autorisation-esta\/"]}]},{"@type":"BreadcrumbList","@id":"https:\/\/usa-gv.com\/fr\/cest-quoi-une-autorisation-esta\/#breadcrumb","itemListElement":[{"@type":"ListItem","position":1,"name":"Home","item":"https:\/\/usa-gv.com\/fr\/"},{"@type":"ListItem","position":2,"name":"Qu&rsquo;est ce que l&rsquo;autorisation ESTA USA"}]},{"@type":"WebSite","@id":"https:\/\/usa-gv.com\/fr\/#website","url":"https:\/\/usa-gv.com\/fr\/","name":"USA-GV.COM","description":"","potentialAction":[{"@type":"SearchAction","target":{"@type":"EntryPoint","urlTemplate":"https:\/\/usa-gv.com\/fr\/?s={search_term_string}"},"query-input":{"@type":"PropertyValueSpecification","valueRequired":true,"valueName":"search_term_string"}}],"inLanguage":"fr-FR"}]}},"_links":{"self":[{"href":"https:\/\/usa-gv.com\/fr\/wp-json\/wp\/v2\/pages\/2121","targetHints":{"allow":["GET"]}}],"collection":[{"href":"https:\/\/usa-gv.com\/fr\/wp-json\/wp\/v2\/pages"}],"about":[{"href":"https:\/\/usa-gv.com\/fr\/wp-json\/wp\/v2\/types\/page"}],"author":[{"embeddable":true,"href":"https:\/\/usa-gv.com\/fr\/wp-json\/wp\/v2\/users\/1"}],"replies":[{"embeddable":true,"href":"https:\/\/usa-gv.com\/fr\/wp-json\/wp\/v2\/comments?post=2121"}],"version-history":[{"count":1,"href":"https:\/\/usa-gv.com\/fr\/wp-json\/wp\/v2\/pages\/2121\/revisions"}],"predecessor-version":[{"id":7659,"href":"https:\/\/usa-gv.com\/fr\/wp-json\/wp\/v2\/pages\/2121\/revisions\/7659"}],"wp:attachment":[{"href":"https:\/\/usa-gv.com\/fr\/wp-json\/wp\/v2\/media?parent=2121"}],"curies":[{"name":"wp","href":"https:\/\/api.w.org\/{rel}","templated":true}]}}