{"id":119,"date":"2020-01-31T17:54:31","date_gmt":"2020-01-31T17:54:31","guid":{"rendered":"http:\/\/usa-gv.com\/colibri-wp\/"},"modified":"2025-04-07T08:44:37","modified_gmt":"2025-04-07T08:44:37","slug":"formalites-usa","status":"publish","type":"page","link":"https:\/\/usa-gv.com\/fr\/formalites-usa\/","title":{"rendered":"Formalit\u00e9s de voyage aux USA"},"content":{"rendered":"\n<h1 class=\"wp-block-heading\">Formalit\u00e9s pr\u00e9alables pour s\u00e9journer aux Etats Unis<\/h1>\n\n\n\n<p>Le d\u00e9partement de la S\u00e9curit\u00e9 int\u00e9rieure des \u00c9tats-Unis a mis en place un syst\u00e8me informatique pour renforcer la s\u00e9curit\u00e9 nationale et faciliter les s\u00e9jours courte dur\u00e9e des ressortissants \u00e9trangers. Cette plateforme permet d&rsquo;\u00e9valuer les risques li\u00e9s aux voyageurs avant leur arriv\u00e9e aux \u00c9tats-Unis. Les voyageurs remplissent une demande en ligne avant leur d\u00e9part pour obtenir une Electronic System for Travel Authorization (ESTA). <\/p>\n\n\n\n<p><strong>Une autorisation ESTA peut s&rsquo;obtenir en quelques minutes<\/strong> en compl\u00e9tant le <a href=\"https:\/\/usa-gv.com\/fr\/formulaire-esta-en-ligne\/\">formulaire ESTA en ligne<\/a>.<\/p>\n\n\n\n<div style=\"height:10px\" aria-hidden=\"true\" class=\"wp-block-spacer\"><\/div>\n\n\n\n<p>Les \u00c9tats-Unis ont instaur\u00e9 ce <a href=\"https:\/\/usa-gv.com\/fr\/cest-quoi-une-autorisation-esta\/\">syst\u00e8me d&rsquo;autorisation pr\u00e9alable de voyage<\/a> pour trois principales raisons :<\/p>\n\n\n\n<ol class=\"wp-block-list\">\n<li><strong>Pour renforcer la s\u00e9curit\u00e9 nationale<\/strong> : L&rsquo;ESTA permet aux autorit\u00e9s am\u00e9ricaines de mieux contr\u00f4ler et surveiller les voyageurs qui se rendent aux \u00c9tats-Unis sans visa, en leur demandant des informations personnelles et en effectuant des v\u00e9rifications de s\u00e9curit\u00e9 avant leur arriv\u00e9e.<\/li>\n\n\n\n<li><strong>Pour faciliter les voyages<\/strong> : Pour les voyageurs ressortissants de pays \u00e9ligibles, l&rsquo;ESTA simplifie le processus de demande par rapport \u00e0 l&rsquo;obtention d&rsquo;un visa traditionnel. Cela facilite les voyages \u00e0 des fins touristiques, d&rsquo;affaires ou de transit de courte dur\u00e9e aux \u00c9tats-Unis.<\/li>\n\n\n\n<li><strong>Pour r\u00e9duire les traitements sur papier<\/strong> : En automatisant une partie du processus de v\u00e9rification et de demande, l&rsquo;ESTA r\u00e9duit la charge administrative pour les voyageurs et pour les autorit\u00e9s comp\u00e9tentes charg\u00e9es de l&rsquo;immigration.<\/li>\n<\/ol>\n\n\n\n<p>Consultez notre page pour comprendre <a href=\"https:\/\/usa-gv.com\/fr\/utilite-esta\/\">\u00e0 quoi sert l&rsquo;ESTA<\/a>. <\/p>\n\n\n\n<div style=\"height:10px\" aria-hidden=\"true\" class=\"wp-block-spacer\"><\/div>\n\n\n\n<h2 class=\"wp-block-heading\">L&rsquo;ESTA dans le cadre du programme d&rsquo;exemption de visa am\u00e9ricain<\/h2>\n\n\n\n<p>La mise en place de l&rsquo;ESTA fait partie du <a href=\"https:\/\/usa-gv.com\/fr\/visa-waiver-program-usa\/\">Visa Waiver Program<\/a>. Ce programme am\u00e9ricain d&rsquo;exemption de visa permet aux ressortissants de certains pays de voyager aux \u00c9tats-Unis sans visa pour des s\u00e9jours touristiques, d&rsquo;affaires ou de transit de courte dur\u00e9e. Les pays membres du Visa Waiver Program collaborent efficacement avec les Etats Unis dans la lutte contre le terrorisme. Ils renforcent le contr\u00f4le des fronti\u00e8res et permettent la mise en application des lois am\u00e9ricaines de s\u00e9curit\u00e9 nationale.<\/p>\n\n\n\n<h2 class=\"wp-block-heading\">Faire une demande d&rsquo;autorisation ESTA<\/h2>\n\n\n\n<p>Tous les voyageurs ne peuvent pas <a href=\"https:\/\/usa-gv.com\/fr\/comment-obtenir-esta\/\">obtenir une ESTA<\/a>. Les voyageurs d\u00e9sireux d&rsquo;effectuer une demande doivent d&rsquo;abord v\u00e9rifier qu&rsquo;il remplissent les <a href=\"https:\/\/usa-gv.com\/fr\/regles-eligibilite-esta\/\">conditions d&rsquo;\u00e9ligibilit\u00e9 de l&rsquo;ESTA<\/a>. Ces conditions permettent de d\u00e9terminer quels sont les ressortissants des pays membres du VWP qui peuvent voyager aux \u00c9tats-Unis pour des s\u00e9jours de moins de 90 jours sans avoir besoin d&rsquo;un visa traditionnel. <\/p>\n\n\n\n<p>L&rsquo;autorisation ESTA permet de voyager aux Etats Unis dans le cadre d&rsquo;un s\u00e9jour touristique ou d&rsquo;un s\u00e9jour d&rsquo;affaires. Il est \u00e9galement possible d&rsquo;effectuer un <a href=\"https:\/\/usa-gv.com\/fr\/esta-transit-usa\/\">transit aux USA avec une ESTA<\/a>. L&rsquo;ensemble des voyageurs doivent poss\u00e9der une autorisation personnelle pour voyager. Les parents doivent faire une demande <a href=\"https:\/\/usa-gv.com\/fr\/esta-pour-mineur-aux-usa\/\">ESTA pour mineur<\/a> pour chacun enfant, quelque soit son \u00e2ge.  <\/p>\n\n\n\n<p>Pour <a href=\"https:\/\/usa-gv.com\/fr\/comment-faire-une-demande-esta\/\">effectuer une demande ESTA<\/a>, le candidat doit se connecter sur le <a href=\"https:\/\/usa-gv.com\/fr\/esta-site-web-officiel\/\">site officiel ESTA<\/a> en ligne pour <a href=\"https:\/\/usa-gv.com\/fr\/remplir-formulaire-esta\/\">remplir le formulaire ESTA<\/a>. Le processus en ligne ne prend que quelques minutes lorsque le demandeur est en possession de l&rsquo;ensemble de ses informations de voyage. Les <a href=\"https:\/\/usa-gv.com\/fr\/questions-formulaire-esta\/\">questions du formulaire ESTA<\/a> se pr\u00e9sentent en quatre diff\u00e9rentes cat\u00e9gories que sont : <\/p>\n\n\n\n<ul class=\"wp-block-list\">\n<li>Les informations d&rsquo;identit\u00e9 et du <a href=\"https:\/\/usa-gv.com\/fr\/passeport-pour-les-usa\/\">passeport pour les USA<\/a> ;<\/li>\n\n\n\n<li>Des informations sur le voyage ;<\/li>\n\n\n\n<li>Des questions sur les ant\u00e9c\u00e9dents m\u00e9dicaux et judiciaires<\/li>\n\n\n\n<li>Et des questions sur l&rsquo;\u00e9ventuelle participation \u00e0 des activit\u00e9s terroristes.<\/li>\n<\/ul>\n\n\n\n<div style=\"height:10px\" aria-hidden=\"true\" class=\"wp-block-spacer\"><\/div>\n\n\n\n<p>Il est important de r\u00e9pondre avec pr\u00e9cision et honn\u00eatet\u00e9 \u00e0 toutes les questions du formulaire ESTA. Toute fausse d\u00e9claration peut entra\u00eener le <a href=\"https:\/\/usa-gv.com\/fr\/esta-refus\/\">refus de l&rsquo;ESTA<\/a> et m\u00eame une interdiction de voyage aux \u00c9tats-Unis.<\/p>\n\n\n\n<h2 class=\"wp-block-heading\">Obtenir l&rsquo;autorisation ESTA pour voyager aux USA<\/h2>\n\n\n\n<p>Pour finaliser sa demande, le candidat doit <a href=\"https:\/\/usa-gv.com\/fr\/comment-payer-esta\/\">payer pour l&rsquo;ESTA<\/a>. Malgr\u00e9 l&rsquo;id\u00e9e re\u00e7ue de certains voyageurs, L&rsquo;<a href=\"https:\/\/usa-gv.com\/fr\/esta-gratuit\/\">ESTA gratuit<\/a> n&rsquo;existe pas. Au cours des derni\u00e8res ann\u00e9es, le <a href=\"https:\/\/usa-gv.com\/fr\/prix-esta-usa\/\">prix de l&rsquo;ESTA<\/a> a augment\u00e9 pour couvrir les co\u00fbts administratifs de gestion du programme par le gouvernement des \u00c9tats-Unis. Le paiement d\u00e9clenche le traitement automatique de la demande ESTA. Dans la plus part des cas, la r\u00e9ponse informatique parvient au candidat par email en quelques minutes.<\/p>\n\n\n\n<p>Pour certaines demande, le <a href=\"https:\/\/usa-gv.com\/fr\/demande-esta-en-attente\/\">statut ESTA est en attente<\/a>. Cela signifie que le traitement sera plus long, mais cela ne signifie pas que la demande sera refus\u00e9e. <a href=\"https:\/\/www.usembassy.gov\/\">L&rsquo;administration am\u00e9ricaine<\/a> s&rsquo;engage \u00e0 respecter un <a href=\"https:\/\/usa-gv.com\/fr\/delais-obtenir-esta\/\">d\u00e9lai pour l&rsquo;ESTA<\/a> de maximum 3 jours pour donner sa r\u00e9ponse.<\/p>\n\n\n\n<p>Une fois que l&rsquo;autorisation est accept\u00e9e, Le voyageur peut effectuer plusieurs s\u00e9jours de 90 jours maximum aux Etats Unis au cours de la <a href=\"https:\/\/usa-gv.com\/fr\/duree-validite-esta\/\">p\u00e9riode de validit\u00e9 de l&rsquo;ESTA<\/a>.<\/p>\n\n\n\n<h2 class=\"wp-block-heading\">D\u00e9coller pour les Etats Unis avec une autorisation ESTA<\/h2>\n\n\n\n<p>Un ressortissant \u00e9tranger en possession d&rsquo;une autorisation ESTA valide peut embarquer pour les Etats Unis. Le voyageur doit \u00eatre en possession des <a href=\"https:\/\/usa-gv.com\/fr\/documents-voyage-etats-unis\/\">documents de voyage n\u00e9cessaires pour les USA<\/a>. Il n&rsquo;est pas utile d&rsquo;avoir <a href=\"https:\/\/usa-gv.com\/fr\/imprimer-esta\/\">imprimer l&rsquo;ESTA<\/a> pour se rendre \u00e0 l&rsquo;a\u00e9roport. En effet, le statut de l&rsquo;ESTA est consultable informatiquement par les agents des douanes aux fronti\u00e8res am\u00e9ricaines.<\/p>\n\n\n\n<p>En revanche, l&rsquo;autorisation <a href=\"https:\/\/usa-gv.com\/fr\/esta-visa-usa\/\">ESTA n&rsquo;est pas un visa am\u00e9ricain<\/a> et ne garantit pas automatiquement l&rsquo;admission aux \u00c9tats-Unis. Le d\u00e9tenteur d&rsquo;une ESTA devra pass\u00e9 le contr\u00f4le aux fronti\u00e8res pour pouvoir s\u00e9journer aux Etats Unis.<\/p>\n\n\n\n<h2 class=\"wp-block-heading\">Au cours de la dur\u00e9e de validit\u00e9 de l&rsquo;ESTA <\/h2>\n\n\n\n<p>L&rsquo;autorisation ESTA est valable au maximum 2 ans. Dans certaines conditions, la dur\u00e9e de validit\u00e9 est r\u00e9duite : Par exemple, lorsque le passeport qui a servi \u00e0 obtenir l&rsquo;ESTA n&rsquo;est plus valide, alors l&rsquo;ESTA n&rsquo;est lui m\u00eame plus valable. Il est tr\u00e8s simple de <a href=\"https:\/\/usa-gv.com\/fr\/verifier-validite-esta\/\">v\u00e9rifier le statut ESTA<\/a> en ligne sur le <a href=\"https:\/\/usa-gv.com\/fr\/esta-site-web-officiel\/\">site ESTA officiel<\/a>. <\/p>\n\n\n\n<p>Un voyageur peut \u00e9galement <a href=\"https:\/\/usa-gv.com\/fr\/modifier-esta\/\">modifier son ESTA<\/a> dans certaines conditions. La <a href=\"https:\/\/usa-gv.com\/fr\/mise-a-jour-esta\/\">mise \u00e0 jour de l&rsquo;ESTA<\/a> s&rsquo;effectue en ligne tr\u00e8s simplement. Elle permet de s&rsquo;assurer que les informations personnelles renseign\u00e9e lors de l&rsquo;obtention de l&rsquo;ESTA sont toujours valables.<\/p>\n\n\n\n<p>Dans le cadre d&rsquo;un changement de passeport ou d&rsquo;informations d&rsquo;identit\u00e9, le voyageur ne peut pas simplement effectuer une modification des informations en ligne. Le voyageur devra <a href=\"https:\/\/usa-gv.com\/fr\/esta-renouvellement\/\">renouveler son ESTA<\/a>.<\/p>\n\n\n\n<p>Une autorisation ESTA permet de voyager dans tous les Etats des Etats Unis. L&rsquo;autorisation de voyage la plus demand\u00e9e pour les Etats Unis est une <a href=\"https:\/\/usa-gv.com\/fr\/esta-new-york\/\">ESTA pour New York<\/a>. Lorsqu&rsquo;ils d\u00e9sirent d\u00e9couvrir la cote Ouest am\u00e9ricaine, les touristes demande une <a href=\"https:\/\/usa-gv.com\/fr\/esta-los-angeles\/\">ESTA pour Los Angeles<\/a>. Concernant la cote Ouest am\u00e9ricaine, les touristes sont nombreux \u00e0 demander une <a href=\"https:\/\/usa-gv.com\/fr\/esta-miami\/\">ESTA pour Miami<\/a>. Pour d\u00e9couvrir la capitale des Etats Unis, les visiteurs \u00e9trangers font une demande <a href=\"https:\/\/usa-gv.com\/fr\/esta-washington\/\">ESTA pour Washington<\/a>.<\/p>\n\n\n\n<p><strong>Concernant les pays frontaliers am\u00e9ricains<\/strong> : Pour traverser la fronti\u00e8re am\u00e9ricaine du Nord des Etats unis, les voyageurs \u00e9trangers doivent obtenir au pr\u00e9alable ce que certains appelle une <a href=\"https:\/\/usa-gv.com\/fr\/esta-canada\/\">ESTA Canada<\/a>. Il s&rsquo;agit en fait d&rsquo;une autorisation de voyage \u00e9lectronique eTA Canada, similaire \u00e0 l&rsquo;ESTA pour les USA, obligatoire pour entrer au Canada sans visa.<\/p>\n\n\n\n<h2 class=\"wp-block-heading\">Image du site pour obtenir un ESTA pour voyager aux Etats Unis<\/h2>\n\n\n\n<p>Voici une copie d&rsquo;\u00e9cran du site web du D\u00e9partement Am\u00e9ricain de la S\u00e9curit\u00e9 Int\u00e9rieure d\u00e9di\u00e9 \u00e0 la demande d&rsquo;une attestation de voyage ESTA pour les Etats Unis :<\/p>\n\n\n\n<figure class=\"wp-block-image aligncenter size-large\"><img fetchpriority=\"high\" decoding=\"async\" width=\"1024\" height=\"882\" src=\"https:\/\/usa-gv.com\/wp-content\/uploads\/2024\/04\/esta-FR-1024x882.jpg\" alt=\"Site web officiel ESTA pour les Etats Unis\" class=\"wp-image-3279\" srcset=\"https:\/\/usa-gv.com\/wp-content\/uploads\/2024\/04\/esta-FR-1024x882.jpg 1024w, https:\/\/usa-gv.com\/wp-content\/uploads\/2024\/04\/esta-FR-300x258.jpg 300w, https:\/\/usa-gv.com\/wp-content\/uploads\/2024\/04\/esta-FR-768x662.jpg 768w, https:\/\/usa-gv.com\/wp-content\/uploads\/2024\/04\/esta-FR.jpg 1220w\" sizes=\"(max-width: 1024px) 100vw, 1024px\" \/><figcaption class=\"wp-element-caption\">Site web pour effectuer une demande d&rsquo;autorisation ESTA<\/figcaption><\/figure>\n","protected":false},"excerpt":{"rendered":"<p>Formalit\u00e9s pr\u00e9alables pour s\u00e9journer aux Etats Unis Le d\u00e9partement de la S\u00e9curit\u00e9 int\u00e9rieure des \u00c9tats-Unis a mis en place un syst\u00e8me informatique pour renforcer la s\u00e9curit\u00e9 nationale et faciliter les s\u00e9jours courte dur\u00e9e des ressortissants \u00e9trangers. Cette plateforme permet d&rsquo;\u00e9valuer les risques li\u00e9s aux voyageurs avant leur arriv\u00e9e aux \u00c9tats-Unis. Les voyageurs remplissent une demande [&hellip;]<\/p>\n","protected":false},"author":1,"featured_media":0,"parent":0,"menu_order":0,"comment_status":"closed","ping_status":"closed","template":"","meta":{"footnotes":""},"class_list":["post-119","page","type-page","status-publish","hentry"],"yoast_head":"<!-- This site is optimized with the Yoast SEO plugin v26.6 - https:\/\/yoast.com\/wordpress\/plugins\/seo\/ -->\n<title>Formalit\u00e9s de voyage aux USA - USA-GV.COM<\/title>\n<meta name=\"description\" content=\"Une autorisation \u00e9lectronique ESTA permet \u00e0 certains voyageurs \u00e9ligibles de s\u00e9journer aux Etats Unis sans obtenir de visa\" \/>\n<meta name=\"robots\" content=\"index, follow, max-snippet:-1, max-image-preview:large, max-video-preview:-1\" \/>\n<link rel=\"canonical\" href=\"https:\/\/usa-gv.com\/fr\/formalites-usa\/\" \/>\n<meta property=\"og:locale\" content=\"fr_FR\" \/>\n<meta property=\"og:type\" content=\"article\" \/>\n<meta property=\"og:title\" content=\"Formalit\u00e9s de voyage aux USA - USA-GV.COM\" \/>\n<meta property=\"og:description\" content=\"Une autorisation \u00e9lectronique ESTA permet \u00e0 certains voyageurs \u00e9ligibles de s\u00e9journer aux Etats Unis sans obtenir de visa\" \/>\n<meta property=\"og:url\" content=\"https:\/\/usa-gv.com\/fr\/formalites-usa\/\" \/>\n<meta property=\"og:site_name\" content=\"USA-GV.COM\" \/>\n<meta property=\"article:modified_time\" content=\"2025-04-07T08:44:37+00:00\" \/>\n<meta property=\"og:image\" content=\"https:\/\/usa-gv.com\/wp-content\/uploads\/2024\/04\/esta-FR-1024x882.jpg\" \/>\n<meta name=\"twitter:card\" content=\"summary_large_image\" \/>\n<meta name=\"twitter:label1\" content=\"Dur\u00e9e de lecture estim\u00e9e\" \/>\n\t<meta name=\"twitter:data1\" content=\"6 minutes\" \/>\n<script type=\"application\/ld+json\" class=\"yoast-schema-graph\">{\"@context\":\"https:\/\/schema.org\",\"@graph\":[{\"@type\":\"WebPage\",\"@id\":\"https:\/\/usa-gv.com\/fr\/formalites-usa\/\",\"url\":\"https:\/\/usa-gv.com\/fr\/formalites-usa\/\",\"name\":\"Formalit\u00e9s de voyage aux USA - USA-GV.COM\",\"isPartOf\":{\"@id\":\"https:\/\/usa-gv.com\/fr\/#website\"},\"primaryImageOfPage\":{\"@id\":\"https:\/\/usa-gv.com\/fr\/formalites-usa\/#primaryimage\"},\"image\":{\"@id\":\"https:\/\/usa-gv.com\/fr\/formalites-usa\/#primaryimage\"},\"thumbnailUrl\":\"https:\/\/usa-gv.com\/wp-content\/uploads\/2024\/04\/esta-FR-1024x882.jpg\",\"datePublished\":\"2020-01-31T17:54:31+00:00\",\"dateModified\":\"2025-04-07T08:44:37+00:00\",\"description\":\"Une autorisation \u00e9lectronique ESTA permet \u00e0 certains voyageurs \u00e9ligibles de s\u00e9journer aux Etats Unis sans obtenir de visa\",\"breadcrumb\":{\"@id\":\"https:\/\/usa-gv.com\/fr\/formalites-usa\/#breadcrumb\"},\"inLanguage\":\"fr-FR\",\"potentialAction\":[{\"@type\":\"ReadAction\",\"target\":[\"https:\/\/usa-gv.com\/fr\/formalites-usa\/\"]}]},{\"@type\":\"ImageObject\",\"inLanguage\":\"fr-FR\",\"@id\":\"https:\/\/usa-gv.com\/fr\/formalites-usa\/#primaryimage\",\"url\":\"https:\/\/usa-gv.com\/wp-content\/uploads\/2024\/04\/esta-FR-1024x882.jpg\",\"contentUrl\":\"https:\/\/usa-gv.com\/wp-content\/uploads\/2024\/04\/esta-FR-1024x882.jpg\"},{\"@type\":\"BreadcrumbList\",\"@id\":\"https:\/\/usa-gv.com\/fr\/formalites-usa\/#breadcrumb\",\"itemListElement\":[{\"@type\":\"ListItem\",\"position\":1,\"name\":\"Home\",\"item\":\"https:\/\/usa-gv.com\/fr\/\"},{\"@type\":\"ListItem\",\"position\":2,\"name\":\"Formalit\u00e9s de voyage aux USA\"}]},{\"@type\":\"WebSite\",\"@id\":\"https:\/\/usa-gv.com\/fr\/#website\",\"url\":\"https:\/\/usa-gv.com\/fr\/\",\"name\":\"USA-GV.COM\",\"description\":\"\",\"potentialAction\":[{\"@type\":\"SearchAction\",\"target\":{\"@type\":\"EntryPoint\",\"urlTemplate\":\"https:\/\/usa-gv.com\/fr\/?s={search_term_string}\"},\"query-input\":{\"@type\":\"PropertyValueSpecification\",\"valueRequired\":true,\"valueName\":\"search_term_string\"}}],\"inLanguage\":\"fr-FR\"}]}<\/script>\n<!-- \/ Yoast SEO plugin. -->","yoast_head_json":{"title":"Formalit\u00e9s de voyage aux USA - USA-GV.COM","description":"Une autorisation \u00e9lectronique ESTA permet \u00e0 certains voyageurs \u00e9ligibles de s\u00e9journer aux Etats Unis sans obtenir de visa","robots":{"index":"index","follow":"follow","max-snippet":"max-snippet:-1","max-image-preview":"max-image-preview:large","max-video-preview":"max-video-preview:-1"},"canonical":"https:\/\/usa-gv.com\/fr\/formalites-usa\/","og_locale":"fr_FR","og_type":"article","og_title":"Formalit\u00e9s de voyage aux USA - USA-GV.COM","og_description":"Une autorisation \u00e9lectronique ESTA permet \u00e0 certains voyageurs \u00e9ligibles de s\u00e9journer aux Etats Unis sans obtenir de visa","og_url":"https:\/\/usa-gv.com\/fr\/formalites-usa\/","og_site_name":"USA-GV.COM","article_modified_time":"2025-04-07T08:44:37+00:00","og_image":[{"url":"https:\/\/usa-gv.com\/wp-content\/uploads\/2024\/04\/esta-FR-1024x882.jpg","type":"","width":"","height":""}],"twitter_card":"summary_large_image","twitter_misc":{"Dur\u00e9e de lecture estim\u00e9e":"6 minutes"},"schema":{"@context":"https:\/\/schema.org","@graph":[{"@type":"WebPage","@id":"https:\/\/usa-gv.com\/fr\/formalites-usa\/","url":"https:\/\/usa-gv.com\/fr\/formalites-usa\/","name":"Formalit\u00e9s de voyage aux USA - USA-GV.COM","isPartOf":{"@id":"https:\/\/usa-gv.com\/fr\/#website"},"primaryImageOfPage":{"@id":"https:\/\/usa-gv.com\/fr\/formalites-usa\/#primaryimage"},"image":{"@id":"https:\/\/usa-gv.com\/fr\/formalites-usa\/#primaryimage"},"thumbnailUrl":"https:\/\/usa-gv.com\/wp-content\/uploads\/2024\/04\/esta-FR-1024x882.jpg","datePublished":"2020-01-31T17:54:31+00:00","dateModified":"2025-04-07T08:44:37+00:00","description":"Une autorisation \u00e9lectronique ESTA permet \u00e0 certains voyageurs \u00e9ligibles de s\u00e9journer aux Etats Unis sans obtenir de visa","breadcrumb":{"@id":"https:\/\/usa-gv.com\/fr\/formalites-usa\/#breadcrumb"},"inLanguage":"fr-FR","potentialAction":[{"@type":"ReadAction","target":["https:\/\/usa-gv.com\/fr\/formalites-usa\/"]}]},{"@type":"ImageObject","inLanguage":"fr-FR","@id":"https:\/\/usa-gv.com\/fr\/formalites-usa\/#primaryimage","url":"https:\/\/usa-gv.com\/wp-content\/uploads\/2024\/04\/esta-FR-1024x882.jpg","contentUrl":"https:\/\/usa-gv.com\/wp-content\/uploads\/2024\/04\/esta-FR-1024x882.jpg"},{"@type":"BreadcrumbList","@id":"https:\/\/usa-gv.com\/fr\/formalites-usa\/#breadcrumb","itemListElement":[{"@type":"ListItem","position":1,"name":"Home","item":"https:\/\/usa-gv.com\/fr\/"},{"@type":"ListItem","position":2,"name":"Formalit\u00e9s de voyage aux USA"}]},{"@type":"WebSite","@id":"https:\/\/usa-gv.com\/fr\/#website","url":"https:\/\/usa-gv.com\/fr\/","name":"USA-GV.COM","description":"","potentialAction":[{"@type":"SearchAction","target":{"@type":"EntryPoint","urlTemplate":"https:\/\/usa-gv.com\/fr\/?s={search_term_string}"},"query-input":{"@type":"PropertyValueSpecification","valueRequired":true,"valueName":"search_term_string"}}],"inLanguage":"fr-FR"}]}},"_links":{"self":[{"href":"https:\/\/usa-gv.com\/fr\/wp-json\/wp\/v2\/pages\/119","targetHints":{"allow":["GET"]}}],"collection":[{"href":"https:\/\/usa-gv.com\/fr\/wp-json\/wp\/v2\/pages"}],"about":[{"href":"https:\/\/usa-gv.com\/fr\/wp-json\/wp\/v2\/types\/page"}],"author":[{"embeddable":true,"href":"https:\/\/usa-gv.com\/fr\/wp-json\/wp\/v2\/users\/1"}],"replies":[{"embeddable":true,"href":"https:\/\/usa-gv.com\/fr\/wp-json\/wp\/v2\/comments?post=119"}],"version-history":[{"count":2,"href":"https:\/\/usa-gv.com\/fr\/wp-json\/wp\/v2\/pages\/119\/revisions"}],"predecessor-version":[{"id":6076,"href":"https:\/\/usa-gv.com\/fr\/wp-json\/wp\/v2\/pages\/119\/revisions\/6076"}],"wp:attachment":[{"href":"https:\/\/usa-gv.com\/fr\/wp-json\/wp\/v2\/media?parent=119"}],"curies":[{"name":"wp","href":"https:\/\/api.w.org\/{rel}","templated":true}]}}