{"id":7343,"date":"2025-01-29T08:10:43","date_gmt":"2025-01-29T08:10:43","guid":{"rendered":"https:\/\/usa-gv.com\/visitar-nueva-york\/bronx\/"},"modified":"2025-02-25T11:54:45","modified_gmt":"2025-02-25T11:54:45","slug":"bronx","status":"publish","type":"page","link":"https:\/\/usa-gv.com\/es\/visitar-nueva-york\/bronx\/","title":{"rendered":"El Bronx, cuna del hip-hop y la cultura urbana"},"content":{"rendered":"\n<h1 class=\"wp-block-heading\">Visita el barrio del Bronx de Nueva York<\/h1>\n\n<h2 class=\"wp-block-heading\">\u00bfPor qu\u00e9 visitar el Bronx?<\/h2>\n\n<p>El Bronx es un barrio emblem\u00e1tico <a href=\"https:\/\/usa-gv.com\/es\/visitar-nueva-york\/\">de Nueva York<\/a>, famoso por ser la cuna del hip-hop y de muchas influencias culturales. Ofrece una fascinante mezcla de historia, diversidad y actividades \u00fanicas que atraen a los visitantes que buscan una experiencia aut\u00e9ntica alejada de los circuitos tur\u00edsticos habituales. Con sus frondosos parques, instituciones culturales y ambiente vibrante, el Bronx es un destino que no te puedes perder.  <\/p>\n\n<h2 class=\"wp-block-heading\">Lo imprescindible<\/h2>\n\n<ul class=\"wp-block-list\">\n<li><a href=\"https:\/\/www.mlb.com\/yankees\/ballpark\">Yankee Stadium<\/a>: El hogar de los legendarios New York Yankees de b\u00e9isbol.<\/li>\n\n\n\n<li><a href=\"https:\/\/bronxzoo.com\/\">Zoo del Bronx<\/a>: Uno de los mayores zool\u00f3gicos urbanos del mundo, hogar de m\u00e1s de 600 especies animales.<\/li>\n\n\n\n<li><a href=\"https:\/\/www.nybg.org\/\">Jard\u00edn Bot\u00e1nico de Nueva York<\/a>: Un magn\u00edfico jard\u00edn bot\u00e1nico con impresionantes muestras florales e invernaderos.<\/li>\n\n\n\n<li><a href=\"https:\/\/www.arthuravenuebronx.com\/\">Arthur Avenue<\/a>: Considerada la \u00abaut\u00e9ntica Peque\u00f1a Italia\u00bb de <a href=\"https:\/\/usa-gv.com\/es\/visitar-nueva-york\/\">Nueva York<\/a>, famosa por sus aut\u00e9nticos restaurantes y tiendas de comestibles italianos.<\/li>\n\n\n\n<li><a href=\"https:\/\/en.wikipedia.org\/wiki\/Grand_Concourse_(Bronx)\">Grand Concourse<\/a>: Una avenida hist\u00f3rica bordeada de edificios art d\u00e9co, que ofrece un vistazo a la historia arquitect\u00f3nica del Bronx.<\/li>\n<\/ul>\n\n<div style=\"height:10px\" aria-hidden=\"true\" class=\"wp-block-spacer\"><\/div>\n\n<h2 class=\"wp-block-heading\">Barrios para explorar<\/h2>\n\n<ul class=\"wp-block-list\">\n<li><strong>Fordham<\/strong>: Din\u00e1mico distrito universitario que alberga la famosa Universidad de Fordham y el zoo del Bronx.<\/li>\n\n\n\n<li><strong>South Bronx<\/strong>: El coraz\u00f3n hist\u00f3rico del hip-hop, con numerosos murales y una pr\u00f3spera cultura art\u00edstica.<\/li>\n\n\n\n<li><strong>Riverdale<\/strong>: Un frondoso barrio residencial con vistas panor\u00e1micas del r\u00edo Hudson.<\/li>\n\n\n\n<li><strong>Pelham Bay<\/strong>: Alberga el parque m\u00e1s grande de Nueva York, ideal para practicar senderismo y actividades al aire libre.<\/li>\n\n\n\n<li><strong>Mott Haven<\/strong>: Zona en pleno renacimiento, famosa por sus galer\u00edas de arte y caf\u00e9s de moda.<\/li>\n<\/ul>\n\n<div style=\"height:10px\" aria-hidden=\"true\" class=\"wp-block-spacer\"><\/div>\n\n<h2 class=\"wp-block-heading\">Qu\u00e9 hacer en el Bronx<\/h2>\n\n<p>Asistir a una exposici\u00f3n en el <a href=\"https:\/\/bronxmuseum.org\/\">Museo de las Artes del Bronx<\/a> es una forma estupenda de descubrir el arte contempor\u00e1neo y la cultura local.<\/p>\n\n<p>Explora <a href=\"https:\/\/www.nyctourism.com\/new-york\/the-bronx\/city-island\/\">City Island<\/a>, un peque\u00f1o enclave parecido a un pueblo pesquero, para degustar marisco y disfrutar de un ambiente tranquilo.<\/p>\n\n<p>Pasea por <a href=\"https:\/\/www.wavehill.org\/\">Wave Hill<\/a>, un magn\u00edfico jard\u00edn p\u00fablico que ofrece una impresionante vista del r\u00edo Hudson y un entorno ideal para relajarse.<\/p>\n\n<p>Descubre la historia del Bronx visitando <a href=\"https:\/\/bronxhistoricalsociety.org\/poe-cottage\">Edgar Allan Poe Cottage<\/a>, donde el famoso escritor pas\u00f3 los \u00faltimos a\u00f1os de su vida.<\/p>\n\n<p>Haz un recorrido culinario por los mercados locales, como <a href=\"https:\/\/publicmarkets.nyc\/arthur-avenue-market\">el Mercado Minorista de la Avenida Arthur<\/a>, donde encontrar\u00e1s aut\u00e9nticos productos italianos.<\/p>\n\n<h2 class=\"wp-block-heading\">Informaci\u00f3n pr\u00e1ctica para visitar el Bronx<\/h2>\n\n<figure class=\"wp-block-table\"><table><tbody><tr><th>Categor\u00eda<\/th><th>Detalles<\/th><\/tr><tr><td><strong>Transporte<\/strong><\/td><td>Accesible en metro mediante varias l\u00edneas, incluidas la 4, B, D y 2 desde <a href=\"https:\/\/usa-gv.com\/es\/visitar-nueva-york\/manhattan\/\">Manhattan<\/a>.<\/td><\/tr><tr><td><strong>Alojamiento<\/strong><\/td><td>Una amplia gama de ofertas, desde hoteles asequibles hasta alquileres de Airbnb.<\/td><\/tr><tr><td><strong>Mejor periodo<\/strong><\/td><td>La primavera y el verano son ideales para disfrutar de parques y actos culturales.<\/td><\/tr><\/tbody><\/table><\/figure>\n\n<p>El Bronx es un distrito vibrante y rico en descubrimientos culturales. Con su mezcla de historia, deporte, gastronom\u00eda y naturaleza, ofrece una experiencia \u00fanica para quien desee explorar una faceta diferente de <a href=\"https:\/\/usa-gv.com\/es\/visitar-nueva-york\/\">Nueva York<\/a>. <\/p>\n\n<p>Mientras que <a href=\"https:\/\/usa-gv.com\/es\/visitar-nueva-york\/manhattan\/\">Manhattan<\/a> es el coraz\u00f3n palpitante de la ciudad, con sus rascacielos y su ajetreo, <a href=\"https:\/\/usa-gv.com\/es\/visitar-nueva-york\/brooklyn\/\">Brooklyn<\/a> destaca por su ambiente art\u00edstico y de moda. <a href=\"https:\/\/usa-gv.com\/es\/visitar-nueva-york\/queens\/\">Queens<\/a>, por su parte, es un im\u00e1n por su diversidad cultural y su singular escena gastron\u00f3mica, mientras que Staten Island ofrece una escapada m\u00e1s tranquila con sus playas y espacios verdes. <\/p>\n\n<p>Cada distrito de <a href=\"https:\/\/usa-gv.com\/es\/visitar-nueva-york\/\">Nueva York<\/a> tiene su propia identidad, y el Bronx no es una excepci\u00f3n, pues aporta una riqueza incomparable de cultura e historia a la experiencia neoyorquina.<\/p>\n","protected":false},"excerpt":{"rendered":"<p>Visita el barrio del Bronx de Nueva York \u00bfPor qu\u00e9 visitar el Bronx? El Bronx es un barrio emblem\u00e1tico de Nueva York, famoso por ser la cuna del hip-hop y de muchas influencias culturales. Ofrece una fascinante mezcla de historia, diversidad y actividades \u00fanicas que atraen a los visitantes que buscan una experiencia aut\u00e9ntica alejada [&hellip;]<\/p>\n","protected":false},"author":1,"featured_media":0,"parent":6224,"menu_order":0,"comment_status":"closed","ping_status":"closed","template":"","meta":{"footnotes":""},"class_list":["post-7343","page","type-page","status-publish","hentry"],"yoast_head":"<!-- This site is optimized with the Yoast SEO plugin v26.6 - https:\/\/yoast.com\/wordpress\/plugins\/seo\/ -->\n<title>El Bronx, cuna del hip-hop y la cultura urbana - USA-GV.COM<\/title>\n<meta name=\"description\" content=\"El Bronx es un distrito emblem\u00e1tico de Nueva York, reconocido como la cuna del hip-hop y de muchas influencias culturales.\" \/>\n<meta name=\"robots\" content=\"index, follow, max-snippet:-1, max-image-preview:large, max-video-preview:-1\" \/>\n<link rel=\"canonical\" href=\"https:\/\/usa-gv.com\/es\/visitar-nueva-york\/bronx\/\" \/>\n<meta property=\"og:locale\" content=\"es_ES\" \/>\n<meta property=\"og:type\" content=\"article\" \/>\n<meta property=\"og:title\" content=\"El Bronx, cuna del hip-hop y la cultura urbana - USA-GV.COM\" \/>\n<meta property=\"og:description\" content=\"El Bronx es un distrito emblem\u00e1tico de Nueva York, reconocido como la cuna del hip-hop y de muchas influencias culturales.\" \/>\n<meta property=\"og:url\" content=\"https:\/\/usa-gv.com\/es\/visitar-nueva-york\/bronx\/\" \/>\n<meta property=\"og:site_name\" content=\"USA-GV.COM\" \/>\n<meta property=\"article:modified_time\" content=\"2025-02-25T11:54:45+00:00\" \/>\n<meta name=\"twitter:card\" content=\"summary_large_image\" \/>\n<meta name=\"twitter:label1\" content=\"Tiempo de lectura\" \/>\n\t<meta name=\"twitter:data1\" content=\"3 minutos\" \/>\n<script type=\"application\/ld+json\" class=\"yoast-schema-graph\">{\"@context\":\"https:\/\/schema.org\",\"@graph\":[{\"@type\":\"WebPage\",\"@id\":\"https:\/\/usa-gv.com\/es\/visitar-nueva-york\/bronx\/\",\"url\":\"https:\/\/usa-gv.com\/es\/visitar-nueva-york\/bronx\/\",\"name\":\"El Bronx, cuna del hip-hop y la cultura urbana - USA-GV.COM\",\"isPartOf\":{\"@id\":\"https:\/\/usa-gv.com\/es\/#website\"},\"datePublished\":\"2025-01-29T08:10:43+00:00\",\"dateModified\":\"2025-02-25T11:54:45+00:00\",\"description\":\"El Bronx es un distrito emblem\u00e1tico de Nueva York, reconocido como la cuna del hip-hop y de muchas influencias culturales.\",\"breadcrumb\":{\"@id\":\"https:\/\/usa-gv.com\/es\/visitar-nueva-york\/bronx\/#breadcrumb\"},\"inLanguage\":\"es\",\"potentialAction\":[{\"@type\":\"ReadAction\",\"target\":[\"https:\/\/usa-gv.com\/es\/visitar-nueva-york\/bronx\/\"]}]},{\"@type\":\"BreadcrumbList\",\"@id\":\"https:\/\/usa-gv.com\/es\/visitar-nueva-york\/bronx\/#breadcrumb\",\"itemListElement\":[{\"@type\":\"ListItem\",\"position\":1,\"name\":\"Home\",\"item\":\"https:\/\/usa-gv.com\/es\/guia-de-viaje-de-estados-unidos\/\"},{\"@type\":\"ListItem\",\"position\":2,\"name\":\"Visitar Nueva York: Explorar la ciudad que nunca duerme\",\"item\":\"https:\/\/usa-gv.com\/es\/visitar-nueva-york\/\"},{\"@type\":\"ListItem\",\"position\":3,\"name\":\"El Bronx, cuna del hip-hop y la cultura urbana\"}]},{\"@type\":\"WebSite\",\"@id\":\"https:\/\/usa-gv.com\/es\/#website\",\"url\":\"https:\/\/usa-gv.com\/es\/\",\"name\":\"USA-GV.COM\",\"description\":\"\",\"potentialAction\":[{\"@type\":\"SearchAction\",\"target\":{\"@type\":\"EntryPoint\",\"urlTemplate\":\"https:\/\/usa-gv.com\/es\/?s={search_term_string}\"},\"query-input\":{\"@type\":\"PropertyValueSpecification\",\"valueRequired\":true,\"valueName\":\"search_term_string\"}}],\"inLanguage\":\"es\"}]}<\/script>\n<!-- \/ Yoast SEO plugin. -->","yoast_head_json":{"title":"El Bronx, cuna del hip-hop y la cultura urbana - USA-GV.COM","description":"El Bronx es un distrito emblem\u00e1tico de Nueva York, reconocido como la cuna del hip-hop y de muchas influencias culturales.","robots":{"index":"index","follow":"follow","max-snippet":"max-snippet:-1","max-image-preview":"max-image-preview:large","max-video-preview":"max-video-preview:-1"},"canonical":"https:\/\/usa-gv.com\/es\/visitar-nueva-york\/bronx\/","og_locale":"es_ES","og_type":"article","og_title":"El Bronx, cuna del hip-hop y la cultura urbana - USA-GV.COM","og_description":"El Bronx es un distrito emblem\u00e1tico de Nueva York, reconocido como la cuna del hip-hop y de muchas influencias culturales.","og_url":"https:\/\/usa-gv.com\/es\/visitar-nueva-york\/bronx\/","og_site_name":"USA-GV.COM","article_modified_time":"2025-02-25T11:54:45+00:00","twitter_card":"summary_large_image","twitter_misc":{"Tiempo de lectura":"3 minutos"},"schema":{"@context":"https:\/\/schema.org","@graph":[{"@type":"WebPage","@id":"https:\/\/usa-gv.com\/es\/visitar-nueva-york\/bronx\/","url":"https:\/\/usa-gv.com\/es\/visitar-nueva-york\/bronx\/","name":"El Bronx, cuna del hip-hop y la cultura urbana - USA-GV.COM","isPartOf":{"@id":"https:\/\/usa-gv.com\/es\/#website"},"datePublished":"2025-01-29T08:10:43+00:00","dateModified":"2025-02-25T11:54:45+00:00","description":"El Bronx es un distrito emblem\u00e1tico de Nueva York, reconocido como la cuna del hip-hop y de muchas influencias culturales.","breadcrumb":{"@id":"https:\/\/usa-gv.com\/es\/visitar-nueva-york\/bronx\/#breadcrumb"},"inLanguage":"es","potentialAction":[{"@type":"ReadAction","target":["https:\/\/usa-gv.com\/es\/visitar-nueva-york\/bronx\/"]}]},{"@type":"BreadcrumbList","@id":"https:\/\/usa-gv.com\/es\/visitar-nueva-york\/bronx\/#breadcrumb","itemListElement":[{"@type":"ListItem","position":1,"name":"Home","item":"https:\/\/usa-gv.com\/es\/guia-de-viaje-de-estados-unidos\/"},{"@type":"ListItem","position":2,"name":"Visitar Nueva York: Explorar la ciudad que nunca duerme","item":"https:\/\/usa-gv.com\/es\/visitar-nueva-york\/"},{"@type":"ListItem","position":3,"name":"El Bronx, cuna del hip-hop y la cultura urbana"}]},{"@type":"WebSite","@id":"https:\/\/usa-gv.com\/es\/#website","url":"https:\/\/usa-gv.com\/es\/","name":"USA-GV.COM","description":"","potentialAction":[{"@type":"SearchAction","target":{"@type":"EntryPoint","urlTemplate":"https:\/\/usa-gv.com\/es\/?s={search_term_string}"},"query-input":{"@type":"PropertyValueSpecification","valueRequired":true,"valueName":"search_term_string"}}],"inLanguage":"es"}]}},"_links":{"self":[{"href":"https:\/\/usa-gv.com\/es\/wp-json\/wp\/v2\/pages\/7343","targetHints":{"allow":["GET"]}}],"collection":[{"href":"https:\/\/usa-gv.com\/es\/wp-json\/wp\/v2\/pages"}],"about":[{"href":"https:\/\/usa-gv.com\/es\/wp-json\/wp\/v2\/types\/page"}],"author":[{"embeddable":true,"href":"https:\/\/usa-gv.com\/es\/wp-json\/wp\/v2\/users\/1"}],"replies":[{"embeddable":true,"href":"https:\/\/usa-gv.com\/es\/wp-json\/wp\/v2\/comments?post=7343"}],"version-history":[{"count":1,"href":"https:\/\/usa-gv.com\/es\/wp-json\/wp\/v2\/pages\/7343\/revisions"}],"predecessor-version":[{"id":7344,"href":"https:\/\/usa-gv.com\/es\/wp-json\/wp\/v2\/pages\/7343\/revisions\/7344"}],"up":[{"embeddable":true,"href":"https:\/\/usa-gv.com\/es\/wp-json\/wp\/v2\/pages\/6224"}],"wp:attachment":[{"href":"https:\/\/usa-gv.com\/es\/wp-json\/wp\/v2\/media?parent=7343"}],"curies":[{"name":"wp","href":"https:\/\/api.w.org\/{rel}","templated":true}]}}