{"id":7319,"date":"2025-01-27T13:57:09","date_gmt":"2025-01-27T13:57:09","guid":{"rendered":"https:\/\/usa-gv.com\/visitar-nueva-york\/queens\/"},"modified":"2025-02-25T11:56:03","modified_gmt":"2025-02-25T11:56:03","slug":"queens","status":"publish","type":"page","link":"https:\/\/usa-gv.com\/es\/visitar-nueva-york\/queens\/","title":{"rendered":"Queens: el barrio m\u00e1s cosmopolita de Nueva York"},"content":{"rendered":"\n<h1 class=\"wp-block-heading\">Visita el distrito de Queens en Nueva York<\/h1>\n\n<h2 class=\"wp-block-heading\">\u00bfPor qu\u00e9 visitar Queens?<\/h2>\n\n<p>Queens es el barrio m\u00e1s multicultural de <a href=\"https:\/\/usa-gv.com\/es\/visitar-nueva-york\/\">Nueva York<\/a>, y ofrece una diversidad incomparable de cultura, comida y actividades. Con m\u00e1s de 150 lenguas habladas y gentes de todo el mundo, Queens es un crisol donde cada esquina ofrece un nuevo descubrimiento. Ya sea explorando sus vibrantes barrios, probando cocinas ex\u00f3ticas o visitando museos fascinantes, Queens es un destino de visita obligada para una aut\u00e9ntica inmersi\u00f3n en la diversidad de Nueva York.  <\/p>\n\n<h2 class=\"wp-block-heading\">Lo imprescindible<\/h2>\n\n<ul class=\"wp-block-list\">\n<li><a href=\"https:\/\/www.nycgovparks.org\/parks\/flushing-meadows-corona-park\">Flushing Meadows-Corona Park<\/a>: Este emblem\u00e1tico parque alberga la Unisfera, s\u00edmbolo de las Ferias Mundiales de 1964-65, as\u00ed como atracciones como el Museo de Queens y el estadio de tenis Arthur Ashe.<\/li>\n\n\n\n<li><a href=\"https:\/\/www.citifieldstadium.com\/\">Citi Field<\/a>: El estadio de los Mets <a href=\"https:\/\/usa-gv.com\/es\/visitar-nueva-york\/\">de Nueva<\/a> York, perfecto para ver un partido de b\u00e9isbol y vivir el ambiente deportivo local.<\/li>\n\n\n\n<li><a href=\"https:\/\/en.wikipedia.org\/wiki\/Astoria,_Queens\">Astoria<\/a>: Un din\u00e1mico distrito famoso por su escena culinaria mediterr\u00e1nea y sus numerosos bares y caf\u00e9s de moda.<\/li>\n\n\n\n<li><a href=\"https:\/\/www.momaps1.org\/en\">MoMA PS1<\/a>: Una rama del famoso Museo de Arte Moderno dedicada al arte contempor\u00e1neo experimental.<\/li>\n\n\n\n<li><a href=\"https:\/\/en.wikipedia.org\/wiki\/Rockaway_Beach,_Queens\">Playa de Rockaway<\/a>: Una playa popular para relajarse y disfrutar del oc\u00e9ano sin salir de la ciudad.<\/li>\n<\/ul>\n\n<div style=\"height:10px\" aria-hidden=\"true\" class=\"wp-block-spacer\"><\/div>\n\n<h2 class=\"wp-block-heading\">Barrios para explorar<\/h2>\n\n<ul class=\"wp-block-list\">\n<li><strong>Astoria<\/strong>: Un barrio acogedor y animado, famoso por su comunidad griega, sus restaurantes aut\u00e9nticos y su ambiente relajado.<\/li>\n\n\n\n<li><strong>Flushing<\/strong>: El coraz\u00f3n de la comunidad asi\u00e1tica de <a href=\"https:\/\/usa-gv.com\/es\/visitar-nueva-york\/\">Nueva York<\/a>, donde se encuentran algunos de los mejores restaurantes chinos y coreanos de la ciudad.<\/li>\n\n\n\n<li><strong>Long Island City<\/strong>: Un distrito de r\u00e1pido crecimiento conocido por sus galer\u00edas de arte, modernos lofts e impresionantes vistas del horizonte de <a href=\"https:\/\/usa-gv.com\/es\/visitar-nueva-york\/manhattan\/\">Manhattan<\/a>.<\/li>\n\n\n\n<li><strong>Jackson Heights<\/strong>: Una encrucijada cultural con una impresionante diversidad de cocinas de todo el mundo.<\/li>\n\n\n\n<li><strong>Forest Hills<\/strong>: Una elegante zona residencial con espacios verdes, elegantes boutiques y encantadores caf\u00e9s.<\/li>\n<\/ul>\n\n<div style=\"height:10px\" aria-hidden=\"true\" class=\"wp-block-spacer\"><\/div>\n\n<h2 class=\"wp-block-heading\">Qu\u00e9 hacer en Queens<\/h2>\n\n<p>Asistir al <a href=\"https:\/\/queensnightmarket.com\/\">Mercado Nocturno de Queens<\/a> es imprescindible para probar comida de todo el mundo y disfrutar de un animado ambiente nocturno.<\/p>\n\n<p>Visita <a href=\"https:\/\/www.louisarmstronghouse.org\/\">la Casa Museo Louis Armstrong<\/a> para explorar la herencia musical del jazz y descubrir la vida del famoso trompetista.<\/p>\n\n<p>Rel\u00e1jate en <a href=\"https:\/\/parks.ny.gov\/parks\/gantryplaza\/details.aspx\">el Parque Estatal Gantry Plaza<\/a>, un lugar estupendo para pasear por el paseo mar\u00edtimo mientras disfrutas de unas vistas espectaculares de Manhattan.<\/p>\n\n<p>Descubre la escena art\u00edstica emergente explorando las galer\u00edas de arte y las <a href=\"https:\/\/www.culturelablic.org\/\">exposiciones de Long Island City<\/a>.<\/p>\n\n<p>Haz una excursi\u00f3n a <a href=\"https:\/\/en.wikipedia.org\/wiki\/Fort_Tilden\">Fort Tilden<\/a> para vivir una experiencia m\u00e1s natural, lejos del ajetreo de la ciudad, con sus playas salvajes y sus rutas de senderismo.<\/p>\n\n<h2 class=\"wp-block-heading\">Informaci\u00f3n pr\u00e1ctica para visitar Queens<\/h2>\n\n<figure class=\"wp-block-table\"><table><tbody><tr><th>Categor\u00eda<\/th><th>Detalles<\/th><\/tr><tr><td><strong>Transporte<\/strong><\/td><td>Numerosas l\u00edneas de metro dan servicio a Queens, lo que facilita el acceso desde <a href=\"https:\/\/usa-gv.com\/es\/visitar-nueva-york\/manhattan\/\">Manhattan<\/a>.<\/td><\/tr><tr><td><strong>Alojamiento<\/strong><\/td><td>Queens ofrece una amplia gama de hoteles asequibles y propiedades de Airbnb que se adaptan a todos los presupuestos.<\/td><\/tr><tr><td><strong>Mejor periodo<\/strong><\/td><td>La primavera y el verano son perfectos para explorar los espacios verdes y disfrutar de las playas.<\/td><\/tr><\/tbody><\/table><\/figure>\n\n<p>Queens es un barrio fascinante que merece la pena explorar por su diversidad, energ\u00eda y muchas sorpresas culturales. Una visita a Queens es una aventura culinaria y cultural que te transportar\u00e1 a las cuatro esquinas del mundo sin salir de Nueva York. <\/p>\n\n<p>Mientras <a href=\"https:\/\/usa-gv.com\/es\/visitar-nueva-york\/manhattan\/\">Manhattan<\/a> es el centro neur\u00e1lgico de la ciudad, con sus rascacielos y su bullicio, <a href=\"https:\/\/usa-gv.com\/es\/visitar-nueva-york\/brooklyn\/\">Brooklyn<\/a> cautiva con su ambiente art\u00edstico y de moda. El <a href=\"https:\/\/usa-gv.com\/es\/visitar-nueva-york\/bronx\/\">Bronx<\/a>, por su parte, est\u00e1 impregnado de historia y cultura urbana, sobre todo por su papel en el nacimiento del hip-hop. Por \u00faltimo, Staten Island ofrece un ambiente m\u00e1s tranquilo, con sus playas y paisajes naturales. Cada uno de los barrios de <a href=\"https:\/\/usa-gv.com\/es\/visitar-nueva-york\/\">Nueva York<\/a> aporta una faceta \u00fanica a la ciudad, y Queens destaca por su incre\u00edble diversidad y su incomparable mezcla cultural.   <\/p>\n","protected":false},"excerpt":{"rendered":"<p>Visita el distrito de Queens en Nueva York \u00bfPor qu\u00e9 visitar Queens? Queens es el barrio m\u00e1s multicultural de Nueva York, y ofrece una diversidad incomparable de cultura, comida y actividades. Con m\u00e1s de 150 lenguas habladas y gentes de todo el mundo, Queens es un crisol donde cada esquina ofrece un nuevo descubrimiento. Ya [&hellip;]<\/p>\n","protected":false},"author":1,"featured_media":0,"parent":6224,"menu_order":0,"comment_status":"closed","ping_status":"closed","template":"","meta":{"footnotes":""},"class_list":["post-7319","page","type-page","status-publish","hentry"],"yoast_head":"<!-- This site is optimized with the Yoast SEO plugin v26.6 - https:\/\/yoast.com\/wordpress\/plugins\/seo\/ -->\n<title>Queens: el barrio m\u00e1s cosmopolita de Nueva York - USA-GV.COM<\/title>\n<meta name=\"description\" content=\"Descubre las atracciones tur\u00edsticas de Queens, el distrito m\u00e1s multicultural de Nueva York\" \/>\n<meta name=\"robots\" content=\"index, follow, max-snippet:-1, max-image-preview:large, max-video-preview:-1\" \/>\n<link rel=\"canonical\" href=\"https:\/\/usa-gv.com\/es\/visitar-nueva-york\/queens\/\" \/>\n<meta property=\"og:locale\" content=\"es_ES\" \/>\n<meta property=\"og:type\" content=\"article\" \/>\n<meta property=\"og:title\" content=\"Queens: el barrio m\u00e1s cosmopolita de Nueva York - USA-GV.COM\" \/>\n<meta property=\"og:description\" content=\"Descubre las atracciones tur\u00edsticas de Queens, el distrito m\u00e1s multicultural de Nueva York\" \/>\n<meta property=\"og:url\" content=\"https:\/\/usa-gv.com\/es\/visitar-nueva-york\/queens\/\" \/>\n<meta property=\"og:site_name\" content=\"USA-GV.COM\" \/>\n<meta property=\"article:modified_time\" content=\"2025-02-25T11:56:03+00:00\" \/>\n<meta name=\"twitter:card\" content=\"summary_large_image\" \/>\n<meta name=\"twitter:label1\" content=\"Tiempo de lectura\" \/>\n\t<meta name=\"twitter:data1\" content=\"3 minutos\" \/>\n<script type=\"application\/ld+json\" class=\"yoast-schema-graph\">{\"@context\":\"https:\/\/schema.org\",\"@graph\":[{\"@type\":\"WebPage\",\"@id\":\"https:\/\/usa-gv.com\/es\/visitar-nueva-york\/queens\/\",\"url\":\"https:\/\/usa-gv.com\/es\/visitar-nueva-york\/queens\/\",\"name\":\"Queens: el barrio m\u00e1s cosmopolita de Nueva York - USA-GV.COM\",\"isPartOf\":{\"@id\":\"https:\/\/usa-gv.com\/es\/#website\"},\"datePublished\":\"2025-01-27T13:57:09+00:00\",\"dateModified\":\"2025-02-25T11:56:03+00:00\",\"description\":\"Descubre las atracciones tur\u00edsticas de Queens, el distrito m\u00e1s multicultural de Nueva York\",\"breadcrumb\":{\"@id\":\"https:\/\/usa-gv.com\/es\/visitar-nueva-york\/queens\/#breadcrumb\"},\"inLanguage\":\"es\",\"potentialAction\":[{\"@type\":\"ReadAction\",\"target\":[\"https:\/\/usa-gv.com\/es\/visitar-nueva-york\/queens\/\"]}]},{\"@type\":\"BreadcrumbList\",\"@id\":\"https:\/\/usa-gv.com\/es\/visitar-nueva-york\/queens\/#breadcrumb\",\"itemListElement\":[{\"@type\":\"ListItem\",\"position\":1,\"name\":\"Home\",\"item\":\"https:\/\/usa-gv.com\/es\/guia-de-viaje-de-estados-unidos\/\"},{\"@type\":\"ListItem\",\"position\":2,\"name\":\"Visitar Nueva York: Explorar la ciudad que nunca duerme\",\"item\":\"https:\/\/usa-gv.com\/es\/visitar-nueva-york\/\"},{\"@type\":\"ListItem\",\"position\":3,\"name\":\"Queens: el barrio m\u00e1s cosmopolita de Nueva York\"}]},{\"@type\":\"WebSite\",\"@id\":\"https:\/\/usa-gv.com\/es\/#website\",\"url\":\"https:\/\/usa-gv.com\/es\/\",\"name\":\"USA-GV.COM\",\"description\":\"\",\"potentialAction\":[{\"@type\":\"SearchAction\",\"target\":{\"@type\":\"EntryPoint\",\"urlTemplate\":\"https:\/\/usa-gv.com\/es\/?s={search_term_string}\"},\"query-input\":{\"@type\":\"PropertyValueSpecification\",\"valueRequired\":true,\"valueName\":\"search_term_string\"}}],\"inLanguage\":\"es\"}]}<\/script>\n<!-- \/ Yoast SEO plugin. -->","yoast_head_json":{"title":"Queens: el barrio m\u00e1s cosmopolita de Nueva York - USA-GV.COM","description":"Descubre las atracciones tur\u00edsticas de Queens, el distrito m\u00e1s multicultural de Nueva York","robots":{"index":"index","follow":"follow","max-snippet":"max-snippet:-1","max-image-preview":"max-image-preview:large","max-video-preview":"max-video-preview:-1"},"canonical":"https:\/\/usa-gv.com\/es\/visitar-nueva-york\/queens\/","og_locale":"es_ES","og_type":"article","og_title":"Queens: el barrio m\u00e1s cosmopolita de Nueva York - USA-GV.COM","og_description":"Descubre las atracciones tur\u00edsticas de Queens, el distrito m\u00e1s multicultural de Nueva York","og_url":"https:\/\/usa-gv.com\/es\/visitar-nueva-york\/queens\/","og_site_name":"USA-GV.COM","article_modified_time":"2025-02-25T11:56:03+00:00","twitter_card":"summary_large_image","twitter_misc":{"Tiempo de lectura":"3 minutos"},"schema":{"@context":"https:\/\/schema.org","@graph":[{"@type":"WebPage","@id":"https:\/\/usa-gv.com\/es\/visitar-nueva-york\/queens\/","url":"https:\/\/usa-gv.com\/es\/visitar-nueva-york\/queens\/","name":"Queens: el barrio m\u00e1s cosmopolita de Nueva York - USA-GV.COM","isPartOf":{"@id":"https:\/\/usa-gv.com\/es\/#website"},"datePublished":"2025-01-27T13:57:09+00:00","dateModified":"2025-02-25T11:56:03+00:00","description":"Descubre las atracciones tur\u00edsticas de Queens, el distrito m\u00e1s multicultural de Nueva York","breadcrumb":{"@id":"https:\/\/usa-gv.com\/es\/visitar-nueva-york\/queens\/#breadcrumb"},"inLanguage":"es","potentialAction":[{"@type":"ReadAction","target":["https:\/\/usa-gv.com\/es\/visitar-nueva-york\/queens\/"]}]},{"@type":"BreadcrumbList","@id":"https:\/\/usa-gv.com\/es\/visitar-nueva-york\/queens\/#breadcrumb","itemListElement":[{"@type":"ListItem","position":1,"name":"Home","item":"https:\/\/usa-gv.com\/es\/guia-de-viaje-de-estados-unidos\/"},{"@type":"ListItem","position":2,"name":"Visitar Nueva York: Explorar la ciudad que nunca duerme","item":"https:\/\/usa-gv.com\/es\/visitar-nueva-york\/"},{"@type":"ListItem","position":3,"name":"Queens: el barrio m\u00e1s cosmopolita de Nueva York"}]},{"@type":"WebSite","@id":"https:\/\/usa-gv.com\/es\/#website","url":"https:\/\/usa-gv.com\/es\/","name":"USA-GV.COM","description":"","potentialAction":[{"@type":"SearchAction","target":{"@type":"EntryPoint","urlTemplate":"https:\/\/usa-gv.com\/es\/?s={search_term_string}"},"query-input":{"@type":"PropertyValueSpecification","valueRequired":true,"valueName":"search_term_string"}}],"inLanguage":"es"}]}},"_links":{"self":[{"href":"https:\/\/usa-gv.com\/es\/wp-json\/wp\/v2\/pages\/7319","targetHints":{"allow":["GET"]}}],"collection":[{"href":"https:\/\/usa-gv.com\/es\/wp-json\/wp\/v2\/pages"}],"about":[{"href":"https:\/\/usa-gv.com\/es\/wp-json\/wp\/v2\/types\/page"}],"author":[{"embeddable":true,"href":"https:\/\/usa-gv.com\/es\/wp-json\/wp\/v2\/users\/1"}],"replies":[{"embeddable":true,"href":"https:\/\/usa-gv.com\/es\/wp-json\/wp\/v2\/comments?post=7319"}],"version-history":[{"count":2,"href":"https:\/\/usa-gv.com\/es\/wp-json\/wp\/v2\/pages\/7319\/revisions"}],"predecessor-version":[{"id":7368,"href":"https:\/\/usa-gv.com\/es\/wp-json\/wp\/v2\/pages\/7319\/revisions\/7368"}],"up":[{"embeddable":true,"href":"https:\/\/usa-gv.com\/es\/wp-json\/wp\/v2\/pages\/6224"}],"wp:attachment":[{"href":"https:\/\/usa-gv.com\/es\/wp-json\/wp\/v2\/media?parent=7319"}],"curies":[{"name":"wp","href":"https:\/\/api.w.org\/{rel}","templated":true}]}}