{"id":7202,"date":"2025-01-23T09:18:21","date_gmt":"2025-01-23T09:18:21","guid":{"rendered":"https:\/\/usa-gv.com\/visitar-nueva-york\/manhattan\/"},"modified":"2025-02-25T11:54:50","modified_gmt":"2025-02-25T11:54:50","slug":"manhattan","status":"publish","type":"page","link":"https:\/\/usa-gv.com\/es\/visitar-nueva-york\/manhattan\/","title":{"rendered":"Manhattan: el coraz\u00f3n palpitante de Nueva York"},"content":{"rendered":"\n<h1 class=\"wp-block-heading\">Visita Manhattan en el coraz\u00f3n de Nueva York<\/h1>\n\n<h2 class=\"wp-block-heading\">\u00bfPor qu\u00e9 visitar Manhattan?<\/h2>\n\n<p>Manhattan es el vibrante coraz\u00f3n de <a href=\"https:\/\/usa-gv.com\/es\/visitar-nueva-york\/\">Nueva York<\/a>, una megal\u00f3polis que atrae a millones de visitantes cada a\u00f1o. Rico en historia, cultura y entretenimiento, este emblem\u00e1tico distrito ofrece una experiencia \u00fanica de impresionantes rascacielos, museos de fama mundial y excitante vida nocturna. Tanto si eres un amante del arte, un comprador o un aficionado a la gastronom\u00eda, Manhattan lo tiene todo.  <\/p>\n\n<h2 class=\"wp-block-heading\">Lugares imprescindibles en Manhattan<\/h2>\n\n<ul class=\"wp-block-list\">\n<li><a href=\"https:\/\/www.timessquarenyc.org\/\">Times Square<\/a>: Este cruce de calles brillantemente iluminado es un s\u00edmbolo ic\u00f3nico de Nueva York, de visita obligada por sus deslumbrantes vallas publicitarias y su ambiente efervescente.<\/li>\n\n\n\n<li><a href=\"https:\/\/www.centralparknyc.org\/\">Central Park<\/a>: Un aut\u00e9ntico pulm\u00f3n verde en el coraz\u00f3n de la ciudad, ideal para pasear, hacer un picnic o simplemente descansar.<\/li>\n\n\n\n<li><a href=\"https:\/\/www.statueofliberty.org\/\">Estatua de la Libertad<\/a>: S\u00edmbolo de libertad y esperanza, es accesible en ferry desde Battery Park.<\/li>\n\n\n\n<li><a href=\"https:\/\/www.esbnyc.com\/\">Empire State Building<\/a>: Ofrece una inolvidable vista panor\u00e1mica de toda la ciudad desde su observatorio.<\/li>\n\n\n\n<li><a href=\"https:\/\/www.metmuseum.org\/\">Museo Metropolitano<\/a>: Uno de los mayores museos de arte del mundo, con colecciones que abarcan desde la Antig\u00fcedad hasta el arte contempor\u00e1neo.<\/li>\n<\/ul>\n\n<div style=\"height:10px\" aria-hidden=\"true\" class=\"wp-block-spacer\"><\/div>\n\n<h2 class=\"wp-block-heading\">Qu\u00e9 hacer en Manhattan<\/h2>\n\n<p>Ver un musical <a href=\"https:\/\/www.broadway.com\/\">de Broadway<\/a> es una experiencia inolvidable y envolvente, que ofrece entretenimiento de primera clase en un escenario legendario.<\/p>\n\n<p>Explora <a href=\"https:\/\/www.chelseamarket.com\/\">el Mercado de Chelsea<\/a> y prueba especialidades culinarias de todo el mundo, desde marisco fresco hasta reposter\u00eda artesanal.<\/p>\n\n<p>Un paseo por la <a href=\"https:\/\/www.thehighline.org\/\">High Line<\/a>, una pasarela suspendida construida sobre una antigua v\u00eda f\u00e9rrea, ofrece una vista \u00fanica de la ciudad a su paso por distritos din\u00e1micos.<\/p>\n\n<p>Ir de compras por la <a href=\"https:\/\/fifthavenue.nyc\/\">5\u00aa<\/a> Avenida es imprescindible para quienes buscan marcas de lujo y boutiques emblem\u00e1ticas.<\/p>\n\n<p>Descubrir la historia de la inmigraci\u00f3n en <a href=\"https:\/\/fr.wikipedia.org\/wiki\/Ellis_Island\">Ellis Island<\/a> es una fascinante inmersi\u00f3n en el pasado, que recorre el viaje de millones de inmigrantes que vinieron a establecerse en Estados Unidos.<\/p>\n\n<div style=\"height:10px\" aria-hidden=\"true\" class=\"wp-block-spacer\"><\/div>\n\n<h2 class=\"wp-block-heading\">Barrios de Manhattan para explorar<\/h2>\n\n<ul class=\"wp-block-list\">\n<li><strong>Upper East Side<\/strong>: Conocido por sus prestigiosos museos y boutiques de lujo.<\/li>\n\n\n\n<li><strong>Greenwich Village<\/strong>: Barrio bohemio famoso por sus caf\u00e9s, teatros y ambiente art\u00edstico.<\/li>\n\n\n\n<li><strong>Harlem<\/strong>: centro cultural afroamericano, conocido por sus clubes de jazz y su patrimonio hist\u00f3rico.<\/li>\n\n\n\n<li><strong>SoHo<\/strong>: Un para\u00edso para los compradores y los amantes del arte contempor\u00e1neo.<\/li>\n\n\n\n<li><strong>Distrito Financiero<\/strong>: El distrito de negocios, sede de la Bolsa de Nueva York y del monumento conmemorativo del 11-S.<\/li>\n<\/ul>\n\n<div style=\"height:10px\" aria-hidden=\"true\" class=\"wp-block-spacer\"><\/div>\n\n<h2 class=\"wp-block-heading\">Informaci\u00f3n pr\u00e1ctica<\/h2>\n\n<figure class=\"wp-block-table\"><table><tbody><tr><th>Categor\u00eda<\/th><th>Detalles<\/th><\/tr><tr><td><strong>Transporte<\/strong><\/td><td>El <a href=\"https:\/\/mta.info\/\">metro de Nueva York<\/a> es la forma m\u00e1s r\u00e1pida y barata de desplazarse.<\/td><\/tr><tr><td><strong>Alojamiento<\/strong><\/td><td>Numerosos hoteles y albergues para todos los bolsillos.<\/td><\/tr><tr><td><strong>Mejor periodo<\/strong><\/td><td>La primavera y el oto\u00f1o ofrecen temperaturas agradables y magn\u00edficos paisajes.<\/td><\/tr><tr><td><strong>Formalidades<\/strong><\/td><td>Obtener un <a href=\"https:\/\/usa-gv.com\/es\/esta-nueva-york\/\">ESTA para Nueva York<\/a> para entrar en Estados Unidos como extranjero con derecho a exenci\u00f3n de visado para EE.UU.<\/td><\/tr><\/tbody><\/table><\/figure>\n\n<p>Manhattan es un destino obligado para cualquiera que <a href=\"https:\/\/usa-gv.com\/es\/visitar-nueva-york\/\">visite Nueva York<\/a>. Tanto si te apasiona la cultura y la historia como si simplemente buscas una aventura urbana, este distrito te cautivar\u00e1 a cada paso. <\/p>\n","protected":false},"excerpt":{"rendered":"<p>Visita Manhattan en el coraz\u00f3n de Nueva York \u00bfPor qu\u00e9 visitar Manhattan? Manhattan es el vibrante coraz\u00f3n de Nueva York, una megal\u00f3polis que atrae a millones de visitantes cada a\u00f1o. Rico en historia, cultura y entretenimiento, este emblem\u00e1tico distrito ofrece una experiencia \u00fanica de impresionantes rascacielos, museos de fama mundial y excitante vida nocturna. Tanto [&hellip;]<\/p>\n","protected":false},"author":1,"featured_media":0,"parent":6224,"menu_order":0,"comment_status":"closed","ping_status":"closed","template":"","meta":{"footnotes":""},"class_list":["post-7202","page","type-page","status-publish","hentry"],"yoast_head":"<!-- This site is optimized with the Yoast SEO plugin v26.6 - https:\/\/yoast.com\/wordpress\/plugins\/seo\/ -->\n<title>Manhattan: el coraz\u00f3n palpitante de Nueva York - USA-GV.COM<\/title>\n<meta name=\"description\" content=\"Visita Manhattan, el fabuloso distrito de Nueva York, en Estados Unidos. Descubre sus mejores direcciones tur\u00edsticas\" \/>\n<meta name=\"robots\" content=\"index, follow, max-snippet:-1, max-image-preview:large, max-video-preview:-1\" \/>\n<link rel=\"canonical\" href=\"https:\/\/usa-gv.com\/es\/visitar-nueva-york\/manhattan\/\" \/>\n<meta property=\"og:locale\" content=\"es_ES\" \/>\n<meta property=\"og:type\" content=\"article\" \/>\n<meta property=\"og:title\" content=\"Manhattan: el coraz\u00f3n palpitante de Nueva York - USA-GV.COM\" \/>\n<meta property=\"og:description\" content=\"Visita Manhattan, el fabuloso distrito de Nueva York, en Estados Unidos. Descubre sus mejores direcciones tur\u00edsticas\" \/>\n<meta property=\"og:url\" content=\"https:\/\/usa-gv.com\/es\/visitar-nueva-york\/manhattan\/\" \/>\n<meta property=\"og:site_name\" content=\"USA-GV.COM\" \/>\n<meta property=\"article:modified_time\" content=\"2025-02-25T11:54:50+00:00\" \/>\n<meta name=\"twitter:card\" content=\"summary_large_image\" \/>\n<meta name=\"twitter:label1\" content=\"Tiempo de lectura\" \/>\n\t<meta name=\"twitter:data1\" content=\"2 minutos\" \/>\n<script type=\"application\/ld+json\" class=\"yoast-schema-graph\">{\"@context\":\"https:\/\/schema.org\",\"@graph\":[{\"@type\":\"WebPage\",\"@id\":\"https:\/\/usa-gv.com\/es\/visitar-nueva-york\/manhattan\/\",\"url\":\"https:\/\/usa-gv.com\/es\/visitar-nueva-york\/manhattan\/\",\"name\":\"Manhattan: el coraz\u00f3n palpitante de Nueva York - USA-GV.COM\",\"isPartOf\":{\"@id\":\"https:\/\/usa-gv.com\/es\/#website\"},\"datePublished\":\"2025-01-23T09:18:21+00:00\",\"dateModified\":\"2025-02-25T11:54:50+00:00\",\"description\":\"Visita Manhattan, el fabuloso distrito de Nueva York, en Estados Unidos. Descubre sus mejores direcciones tur\u00edsticas\",\"breadcrumb\":{\"@id\":\"https:\/\/usa-gv.com\/es\/visitar-nueva-york\/manhattan\/#breadcrumb\"},\"inLanguage\":\"es\",\"potentialAction\":[{\"@type\":\"ReadAction\",\"target\":[\"https:\/\/usa-gv.com\/es\/visitar-nueva-york\/manhattan\/\"]}]},{\"@type\":\"BreadcrumbList\",\"@id\":\"https:\/\/usa-gv.com\/es\/visitar-nueva-york\/manhattan\/#breadcrumb\",\"itemListElement\":[{\"@type\":\"ListItem\",\"position\":1,\"name\":\"Home\",\"item\":\"https:\/\/usa-gv.com\/es\/guia-de-viaje-de-estados-unidos\/\"},{\"@type\":\"ListItem\",\"position\":2,\"name\":\"Visitar Nueva York: Explorar la ciudad que nunca duerme\",\"item\":\"https:\/\/usa-gv.com\/es\/visitar-nueva-york\/\"},{\"@type\":\"ListItem\",\"position\":3,\"name\":\"Manhattan: el coraz\u00f3n palpitante de Nueva York\"}]},{\"@type\":\"WebSite\",\"@id\":\"https:\/\/usa-gv.com\/es\/#website\",\"url\":\"https:\/\/usa-gv.com\/es\/\",\"name\":\"USA-GV.COM\",\"description\":\"\",\"potentialAction\":[{\"@type\":\"SearchAction\",\"target\":{\"@type\":\"EntryPoint\",\"urlTemplate\":\"https:\/\/usa-gv.com\/es\/?s={search_term_string}\"},\"query-input\":{\"@type\":\"PropertyValueSpecification\",\"valueRequired\":true,\"valueName\":\"search_term_string\"}}],\"inLanguage\":\"es\"}]}<\/script>\n<!-- \/ Yoast SEO plugin. -->","yoast_head_json":{"title":"Manhattan: el coraz\u00f3n palpitante de Nueva York - USA-GV.COM","description":"Visita Manhattan, el fabuloso distrito de Nueva York, en Estados Unidos. Descubre sus mejores direcciones tur\u00edsticas","robots":{"index":"index","follow":"follow","max-snippet":"max-snippet:-1","max-image-preview":"max-image-preview:large","max-video-preview":"max-video-preview:-1"},"canonical":"https:\/\/usa-gv.com\/es\/visitar-nueva-york\/manhattan\/","og_locale":"es_ES","og_type":"article","og_title":"Manhattan: el coraz\u00f3n palpitante de Nueva York - USA-GV.COM","og_description":"Visita Manhattan, el fabuloso distrito de Nueva York, en Estados Unidos. Descubre sus mejores direcciones tur\u00edsticas","og_url":"https:\/\/usa-gv.com\/es\/visitar-nueva-york\/manhattan\/","og_site_name":"USA-GV.COM","article_modified_time":"2025-02-25T11:54:50+00:00","twitter_card":"summary_large_image","twitter_misc":{"Tiempo de lectura":"2 minutos"},"schema":{"@context":"https:\/\/schema.org","@graph":[{"@type":"WebPage","@id":"https:\/\/usa-gv.com\/es\/visitar-nueva-york\/manhattan\/","url":"https:\/\/usa-gv.com\/es\/visitar-nueva-york\/manhattan\/","name":"Manhattan: el coraz\u00f3n palpitante de Nueva York - USA-GV.COM","isPartOf":{"@id":"https:\/\/usa-gv.com\/es\/#website"},"datePublished":"2025-01-23T09:18:21+00:00","dateModified":"2025-02-25T11:54:50+00:00","description":"Visita Manhattan, el fabuloso distrito de Nueva York, en Estados Unidos. Descubre sus mejores direcciones tur\u00edsticas","breadcrumb":{"@id":"https:\/\/usa-gv.com\/es\/visitar-nueva-york\/manhattan\/#breadcrumb"},"inLanguage":"es","potentialAction":[{"@type":"ReadAction","target":["https:\/\/usa-gv.com\/es\/visitar-nueva-york\/manhattan\/"]}]},{"@type":"BreadcrumbList","@id":"https:\/\/usa-gv.com\/es\/visitar-nueva-york\/manhattan\/#breadcrumb","itemListElement":[{"@type":"ListItem","position":1,"name":"Home","item":"https:\/\/usa-gv.com\/es\/guia-de-viaje-de-estados-unidos\/"},{"@type":"ListItem","position":2,"name":"Visitar Nueva York: Explorar la ciudad que nunca duerme","item":"https:\/\/usa-gv.com\/es\/visitar-nueva-york\/"},{"@type":"ListItem","position":3,"name":"Manhattan: el coraz\u00f3n palpitante de Nueva York"}]},{"@type":"WebSite","@id":"https:\/\/usa-gv.com\/es\/#website","url":"https:\/\/usa-gv.com\/es\/","name":"USA-GV.COM","description":"","potentialAction":[{"@type":"SearchAction","target":{"@type":"EntryPoint","urlTemplate":"https:\/\/usa-gv.com\/es\/?s={search_term_string}"},"query-input":{"@type":"PropertyValueSpecification","valueRequired":true,"valueName":"search_term_string"}}],"inLanguage":"es"}]}},"_links":{"self":[{"href":"https:\/\/usa-gv.com\/es\/wp-json\/wp\/v2\/pages\/7202","targetHints":{"allow":["GET"]}}],"collection":[{"href":"https:\/\/usa-gv.com\/es\/wp-json\/wp\/v2\/pages"}],"about":[{"href":"https:\/\/usa-gv.com\/es\/wp-json\/wp\/v2\/types\/page"}],"author":[{"embeddable":true,"href":"https:\/\/usa-gv.com\/es\/wp-json\/wp\/v2\/users\/1"}],"replies":[{"embeddable":true,"href":"https:\/\/usa-gv.com\/es\/wp-json\/wp\/v2\/comments?post=7202"}],"version-history":[{"count":1,"href":"https:\/\/usa-gv.com\/es\/wp-json\/wp\/v2\/pages\/7202\/revisions"}],"predecessor-version":[{"id":7203,"href":"https:\/\/usa-gv.com\/es\/wp-json\/wp\/v2\/pages\/7202\/revisions\/7203"}],"up":[{"embeddable":true,"href":"https:\/\/usa-gv.com\/es\/wp-json\/wp\/v2\/pages\/6224"}],"wp:attachment":[{"href":"https:\/\/usa-gv.com\/es\/wp-json\/wp\/v2\/media?parent=7202"}],"curies":[{"name":"wp","href":"https:\/\/api.w.org\/{rel}","templated":true}]}}