{"id":7138,"date":"2025-01-21T14:07:05","date_gmt":"2025-01-21T14:07:05","guid":{"rendered":"https:\/\/usa-gv.com\/esta-chicago\/"},"modified":"2025-02-25T11:52:20","modified_gmt":"2025-02-25T11:52:20","slug":"esta-chicago","status":"publish","type":"page","link":"https:\/\/usa-gv.com\/es\/esta-chicago\/","title":{"rendered":"Obtener un ESTA para Chicago"},"content":{"rendered":"\n<h1 class=\"wp-block-heading\">ESTA online para viajar a Chicago<\/h1>\n\n<p><a href=\"https:\/\/usa-gv.com\/es\/chicago\/chicago-2\/\">Chicago<\/a> est\u00e1 en el lago Michigan, en Estados Unidos. Para permanecer en Chicago, los extranjeros deben estar en posesi\u00f3n de una autorizaci\u00f3n de viaje o visado v\u00e1lidos. <\/p>\n\n<h2 class=\"wp-block-heading\">\u00bfPuedo viajar a Chicago con un ESTA?<\/h2>\n\n<p>Para estancias inferiores a 90 d\u00edas, los viajeros procedentes de pa\u00edses miembros <a href=\"https:\/\/usa-gv.com\/es\/visa-waiver-program-eeuu\/\">del Programa de Exenci\u00f3n de Visado<\/a> pueden aterrizar en Chicago con una simple autorizaci\u00f3n de viaje ESTA.<\/p>\n\n<h2 class=\"wp-block-heading\">\u00bfC\u00f3mo obtengo un ESTA?<\/h2>\n\n<p>Puede solicitar la autorizaci\u00f3n ESTA totalmente en l\u00ednea. <a href=\"https:\/\/usa-gv.com\/es\/complete-el-formulario-esta-en-linea\/\">Rellenar el formulario ESTA<\/a> solo lleva unos minutos si el solicitante est\u00e1 en posesi\u00f3n de un <a href=\"https:\/\/usa-gv.com\/es\/pasaporte-para-estados-unidos\/\">pasaporte v\u00e1lido para viajar a Estados Unidos<\/a>. El procedimiento en l\u00ednea debe completarse al menos 3 d\u00edas antes de embarcar en el avi\u00f3n con destino a Chicago.<\/p>\n\n<p><strong>Para obtener la autorizaci\u00f3n ESTA<\/strong>, s\u00f3lo tienes que hacer clic en el <a href=\"https:\/\/usa-gv.com\/es\/formulario-esta-en-linea\/\">formulario ESTA online<\/a>.<\/p>\n\n<div style=\"height:10px\" aria-hidden=\"true\" class=\"wp-block-spacer\"><\/div>\n\n<h2 class=\"wp-block-heading\">\u00bfNecesito un ESTA para una escala en Chicago?<\/h2>\n\n<p>Un viajero que haya obtenido una ESTA puede hacer escala en <a href=\"https:\/\/usa-gv.com\/es\/chicago\/chicago-2\/\">Chicago<\/a> sin necesidad de visado estadounidense. La autorizaci\u00f3n ESTA le permite hacer escala en cualquier lugar de Estados Unidos. Los viajeros deben estar en posesi\u00f3n de sus <a href=\"https:\/\/usa-gv.com\/es\/documentos-viaje-ee-uu\/\">documentos de viaje para Estados Unidos<\/a>.<\/p>\n\n<p>Sin embargo, no necesita <a href=\"https:\/\/usa-gv.com\/es\/imprimir-esta\/\">imprimir su ESTA<\/a> antes de ir al aeropuerto.<\/p>\n\n<h2 class=\"wp-block-heading\">\u00bfCu\u00e1nto cuesta el ESTA?<\/h2>\n\n<p>La <a href=\"https:\/\/usa-gv.com\/es\/precio-esta-eeuu\/\">tasa ESTA<\/a> la fijan las autoridades estadounidenses. El precio ha cambiado desde que se introdujo el Programa de Exenci\u00f3n de Visado: la tasa b\u00e1sica es de 21 d\u00f3lares desde mayo de 2022. El <a href=\"https:\/\/usa-gv.com\/es\/como-pagar-una-esta\/\">pago del ESTA<\/a> se realiza en l\u00ednea \u00fanicamente con tarjeta de cr\u00e9dito. La solicitud s\u00f3lo se tramitar\u00e1 una vez validado el pago.<\/p>\n","protected":false},"excerpt":{"rendered":"<p>ESTA online para viajar a Chicago Chicago est\u00e1 en el lago Michigan, en Estados Unidos. Para permanecer en Chicago, los extranjeros deben estar en posesi\u00f3n de una autorizaci\u00f3n de viaje o visado v\u00e1lidos. \u00bfPuedo viajar a Chicago con un ESTA? Para estancias inferiores a 90 d\u00edas, los viajeros procedentes de pa\u00edses miembros del Programa de [&hellip;]<\/p>\n","protected":false},"author":1,"featured_media":0,"parent":0,"menu_order":0,"comment_status":"closed","ping_status":"closed","template":"","meta":{"footnotes":""},"class_list":["post-7138","page","type-page","status-publish","hentry"],"yoast_head":"<!-- This site is optimized with the Yoast SEO plugin v26.6 - https:\/\/yoast.com\/wordpress\/plugins\/seo\/ -->\n<title>Obtener un ESTA para Chicago - USA-GV.COM<\/title>\n<meta name=\"description\" content=\"Para viajar a Chicago en Estados Unidos, necesitas una autorizaci\u00f3n de viaje o un visado v\u00e1lidos.\" \/>\n<meta name=\"robots\" content=\"index, follow, max-snippet:-1, max-image-preview:large, max-video-preview:-1\" \/>\n<link rel=\"canonical\" href=\"https:\/\/usa-gv.com\/es\/esta-chicago\/\" \/>\n<meta property=\"og:locale\" content=\"es_ES\" \/>\n<meta property=\"og:type\" content=\"article\" \/>\n<meta property=\"og:title\" content=\"Obtener un ESTA para Chicago - USA-GV.COM\" \/>\n<meta property=\"og:description\" content=\"Para viajar a Chicago en Estados Unidos, necesitas una autorizaci\u00f3n de viaje o un visado v\u00e1lidos.\" \/>\n<meta property=\"og:url\" content=\"https:\/\/usa-gv.com\/es\/esta-chicago\/\" \/>\n<meta property=\"og:site_name\" content=\"USA-GV.COM\" \/>\n<meta property=\"article:modified_time\" content=\"2025-02-25T11:52:20+00:00\" \/>\n<meta name=\"twitter:card\" content=\"summary_large_image\" \/>\n<meta name=\"twitter:label1\" content=\"Tiempo de lectura\" \/>\n\t<meta name=\"twitter:data1\" content=\"1 minuto\" \/>\n<script type=\"application\/ld+json\" class=\"yoast-schema-graph\">{\"@context\":\"https:\/\/schema.org\",\"@graph\":[{\"@type\":\"WebPage\",\"@id\":\"https:\/\/usa-gv.com\/es\/esta-chicago\/\",\"url\":\"https:\/\/usa-gv.com\/es\/esta-chicago\/\",\"name\":\"Obtener un ESTA para Chicago - USA-GV.COM\",\"isPartOf\":{\"@id\":\"https:\/\/usa-gv.com\/es\/#website\"},\"datePublished\":\"2025-01-21T14:07:05+00:00\",\"dateModified\":\"2025-02-25T11:52:20+00:00\",\"description\":\"Para viajar a Chicago en Estados Unidos, necesitas una autorizaci\u00f3n de viaje o un visado v\u00e1lidos.\",\"breadcrumb\":{\"@id\":\"https:\/\/usa-gv.com\/es\/esta-chicago\/#breadcrumb\"},\"inLanguage\":\"es\",\"potentialAction\":[{\"@type\":\"ReadAction\",\"target\":[\"https:\/\/usa-gv.com\/es\/esta-chicago\/\"]}]},{\"@type\":\"BreadcrumbList\",\"@id\":\"https:\/\/usa-gv.com\/es\/esta-chicago\/#breadcrumb\",\"itemListElement\":[{\"@type\":\"ListItem\",\"position\":1,\"name\":\"Home\",\"item\":\"https:\/\/usa-gv.com\/es\/guia-de-viaje-de-estados-unidos\/\"},{\"@type\":\"ListItem\",\"position\":2,\"name\":\"Obtener un ESTA para Chicago\"}]},{\"@type\":\"WebSite\",\"@id\":\"https:\/\/usa-gv.com\/es\/#website\",\"url\":\"https:\/\/usa-gv.com\/es\/\",\"name\":\"USA-GV.COM\",\"description\":\"\",\"potentialAction\":[{\"@type\":\"SearchAction\",\"target\":{\"@type\":\"EntryPoint\",\"urlTemplate\":\"https:\/\/usa-gv.com\/es\/?s={search_term_string}\"},\"query-input\":{\"@type\":\"PropertyValueSpecification\",\"valueRequired\":true,\"valueName\":\"search_term_string\"}}],\"inLanguage\":\"es\"}]}<\/script>\n<!-- \/ Yoast SEO plugin. -->","yoast_head_json":{"title":"Obtener un ESTA para Chicago - USA-GV.COM","description":"Para viajar a Chicago en Estados Unidos, necesitas una autorizaci\u00f3n de viaje o un visado v\u00e1lidos.","robots":{"index":"index","follow":"follow","max-snippet":"max-snippet:-1","max-image-preview":"max-image-preview:large","max-video-preview":"max-video-preview:-1"},"canonical":"https:\/\/usa-gv.com\/es\/esta-chicago\/","og_locale":"es_ES","og_type":"article","og_title":"Obtener un ESTA para Chicago - USA-GV.COM","og_description":"Para viajar a Chicago en Estados Unidos, necesitas una autorizaci\u00f3n de viaje o un visado v\u00e1lidos.","og_url":"https:\/\/usa-gv.com\/es\/esta-chicago\/","og_site_name":"USA-GV.COM","article_modified_time":"2025-02-25T11:52:20+00:00","twitter_card":"summary_large_image","twitter_misc":{"Tiempo de lectura":"1 minuto"},"schema":{"@context":"https:\/\/schema.org","@graph":[{"@type":"WebPage","@id":"https:\/\/usa-gv.com\/es\/esta-chicago\/","url":"https:\/\/usa-gv.com\/es\/esta-chicago\/","name":"Obtener un ESTA para Chicago - USA-GV.COM","isPartOf":{"@id":"https:\/\/usa-gv.com\/es\/#website"},"datePublished":"2025-01-21T14:07:05+00:00","dateModified":"2025-02-25T11:52:20+00:00","description":"Para viajar a Chicago en Estados Unidos, necesitas una autorizaci\u00f3n de viaje o un visado v\u00e1lidos.","breadcrumb":{"@id":"https:\/\/usa-gv.com\/es\/esta-chicago\/#breadcrumb"},"inLanguage":"es","potentialAction":[{"@type":"ReadAction","target":["https:\/\/usa-gv.com\/es\/esta-chicago\/"]}]},{"@type":"BreadcrumbList","@id":"https:\/\/usa-gv.com\/es\/esta-chicago\/#breadcrumb","itemListElement":[{"@type":"ListItem","position":1,"name":"Home","item":"https:\/\/usa-gv.com\/es\/guia-de-viaje-de-estados-unidos\/"},{"@type":"ListItem","position":2,"name":"Obtener un ESTA para Chicago"}]},{"@type":"WebSite","@id":"https:\/\/usa-gv.com\/es\/#website","url":"https:\/\/usa-gv.com\/es\/","name":"USA-GV.COM","description":"","potentialAction":[{"@type":"SearchAction","target":{"@type":"EntryPoint","urlTemplate":"https:\/\/usa-gv.com\/es\/?s={search_term_string}"},"query-input":{"@type":"PropertyValueSpecification","valueRequired":true,"valueName":"search_term_string"}}],"inLanguage":"es"}]}},"_links":{"self":[{"href":"https:\/\/usa-gv.com\/es\/wp-json\/wp\/v2\/pages\/7138","targetHints":{"allow":["GET"]}}],"collection":[{"href":"https:\/\/usa-gv.com\/es\/wp-json\/wp\/v2\/pages"}],"about":[{"href":"https:\/\/usa-gv.com\/es\/wp-json\/wp\/v2\/types\/page"}],"author":[{"embeddable":true,"href":"https:\/\/usa-gv.com\/es\/wp-json\/wp\/v2\/users\/1"}],"replies":[{"embeddable":true,"href":"https:\/\/usa-gv.com\/es\/wp-json\/wp\/v2\/comments?post=7138"}],"version-history":[{"count":2,"href":"https:\/\/usa-gv.com\/es\/wp-json\/wp\/v2\/pages\/7138\/revisions"}],"predecessor-version":[{"id":7631,"href":"https:\/\/usa-gv.com\/es\/wp-json\/wp\/v2\/pages\/7138\/revisions\/7631"}],"wp:attachment":[{"href":"https:\/\/usa-gv.com\/es\/wp-json\/wp\/v2\/media?parent=7138"}],"curies":[{"name":"wp","href":"https:\/\/api.w.org\/{rel}","templated":true}]}}