{"id":6482,"date":"2025-01-10T10:19:04","date_gmt":"2025-01-10T10:19:04","guid":{"rendered":"https:\/\/usa-gv.com\/chicago\/"},"modified":"2025-02-25T11:54:02","modified_gmt":"2025-02-25T11:54:02","slug":"chicago","status":"publish","type":"page","link":"https:\/\/usa-gv.com\/es\/chicago\/","title":{"rendered":"Visita Chicago: Descubre la Ciudad de los Vientos"},"content":{"rendered":"\n<h1 class=\"wp-block-heading\">Visita la ciudad de Chicago en Illinois<\/h1>\n\n<p>Bienvenido a <a href=\"https:\/\/www.chicago.gov\/city\/en.html\">Chicago<\/a>, una ciudad fascinante a orillas del lago Michigan. Conocida por su espectacular arquitectura, sus museos de categor\u00eda mundial y su pr\u00f3spera escena culinaria, Chicago ofrece a los visitantes una experiencia urbana \u00fanica. <\/p>\n\n<figure class=\"wp-block-image size-large\"><img fetchpriority=\"high\" decoding=\"async\" width=\"1024\" height=\"384\" src=\"https:\/\/usa-gv.com\/wp-content\/uploads\/2025\/01\/Chicago-1024x384.jpg\" alt=\"\" class=\"wp-image-6463\" srcset=\"https:\/\/usa-gv.com\/wp-content\/uploads\/2025\/01\/Chicago-1024x384.jpg 1024w, https:\/\/usa-gv.com\/wp-content\/uploads\/2025\/01\/Chicago-300x113.jpg 300w, https:\/\/usa-gv.com\/wp-content\/uploads\/2025\/01\/Chicago-768x288.jpg 768w, https:\/\/usa-gv.com\/wp-content\/uploads\/2025\/01\/Chicago.jpg 1359w\" sizes=\"(max-width: 1024px) 100vw, 1024px\" \/><figcaption class=\"wp-element-caption\">Foto del r\u00edo Chicago  <\/figcaption><\/figure>\n\n<h2 class=\"wp-block-heading\">\u00bfPor qu\u00e9 visitar Chicago?<\/h2>\n\n<ul class=\"wp-block-list\">\n<li><strong>Arquitectura ic\u00f3nica<\/strong>: explora los rascacielos hist\u00f3ricos y modernos que definen el perfil de la ciudad.<\/li>\n\n\n\n<li><strong>Un magn\u00edfico entorno natural<\/strong>: el lago Michigan y numerosos parques hacen de Chicago un lugar especialmente agradable para vivir.<\/li>\n\n\n\n<li><strong>Una rica escena cultural<\/strong>: los teatros, los museos y la m\u00fasica jazz son parte integrante del alma de la ciudad.<\/li>\n\n\n\n<li><strong>Famosa gastronom\u00eda<\/strong>: Disfruta de la famosa pizza al plato hondo y mucho m\u00e1s.<\/li>\n<\/ul>\n\n<div style=\"height:10px\" aria-hidden=\"true\" class=\"wp-block-spacer\"><\/div>\n\n<h2 class=\"wp-block-heading\">Lugares imprescindibles de Chicago<\/h2>\n\n<h3 class=\"wp-block-heading\">1. Parque del Milenio y Cloud Gate<\/h3>\n\n<p>Descubre el famoso \u00abBean\u00bb, una escultura de acero inoxidable que refleja la ciudad, y disfruta de conciertos al aire libre en el emblem\u00e1tico <a href=\"https:\/\/millenniumparkfoundation.org\/art-architecture\/cloud-gate\/\">Millennium<\/a> Park.<\/p>\n\n<h3 class=\"wp-block-heading\">2. Torre Willis (Skydeck)<\/h3>\n\n<p>Admira incre\u00edbles vistas panor\u00e1micas desde el <a href=\"https:\/\/theskydeck.com\/\">Skydeck<\/a> y atr\u00e9vete a caminar por la plataforma de cristal sobre la ciudad.<\/p>\n\n<h3 class=\"wp-block-heading\">3. Instituto de Arte de Chicago<\/h3>\n\n<p>El <a href=\"https:\/\/www.artic.edu\/\">Instituto de Arte de Chicago<\/a> es uno de los mejores museos de arte del mundo, con obras famosas de Van Gogh, Monet y Picasso.<\/p>\n\n<h3 class=\"wp-block-heading\">4. Muelle de la Marina<\/h3>\n\n<p><a href=\"https:\/\/navypier.org\/\">Navy Pier<\/a> es un lugar familiar con noria, tiendas, restaurantes y espect\u00e1culos a orillas del lago Michigan.<\/p>\n\n<h3 class=\"wp-block-heading\">5. Paseo fluvial de Chicago<\/h3>\n\n<p>Pasea por el <a href=\"https:\/\/www.chicago.gov\/city\/en\/sites\/chicagoriverwalk\/home.html.html\">r\u00edo Chicago<\/a>, disfruta de los caf\u00e9s al aire libre y emb\u00e1rcate en un fascinante crucero arquitect\u00f3nico.<\/p>\n\n<h3 class=\"wp-block-heading\">6. Wrigley Field<\/h3>\n\n<p><a href=\"https:\/\/www.mlb.com\/cubs\/ballpark\">Wrigley Field<\/a> es el estadio hist\u00f3rico de los Cubs, perfecto para los aficionados al b\u00e9isbol y a la historia del deporte.<\/p>\n\n<div style=\"height:10px\" aria-hidden=\"true\" class=\"wp-block-spacer\"><\/div>\n\n<h2 class=\"wp-block-heading\">Barrios para explorar<\/h2>\n\n<ul class=\"wp-block-list\">\n<li><strong>The Loop<\/strong>: El bullicioso centro de la ciudad, con rascacielos, museos y teatros famosos.<\/li>\n\n\n\n<li><strong>Magnificent Mile<\/strong>: La calle comercial por excelencia, con boutiques y restaurantes de lujo.<\/li>\n\n\n\n<li><strong>Lincoln Park<\/strong>: Un barrio frondoso con un zoo gratuito e impresionantes vistas de la ciudad.<\/li>\n\n\n\n<li><strong>Hyde Park<\/strong>: Sede de la Universidad de Chicago y del Museo de la Ciencia y la Industria.<\/li>\n\n\n\n<li><strong>Wicker Park<\/strong>: Un barrio de moda con caf\u00e9s, boutiques vintage y una animada vida nocturna.<\/li>\n\n\n\n<li><strong>Pilsen<\/strong>: Un lugar vibrante conocido por su arte callejero y su cultura mexicana.<\/li>\n<\/ul>\n\n<div style=\"height:10px\" aria-hidden=\"true\" class=\"wp-block-spacer\"><\/div>\n\n<h2 class=\"wp-block-heading\">Consejos pr\u00e1cticos<\/h2>\n\n<figure class=\"wp-block-table\"><table><thead><tr><th><strong>Categor\u00eda<\/strong><\/th><th><strong>Consejo<\/strong><\/th><\/tr><\/thead><tbody><tr><td><strong>Transporte<\/strong><\/td><td>Utiliza el metro a\u00e9reo (\u00abL\u00bb) para desplazarte f\u00e1cilmente por la ciudad sin tener que lidiar con el tr\u00e1fico o el aparcamiento.<\/td><\/tr><tr><td><strong>El tiempo<\/strong><\/td><td>Lleva capas de ropa en oto\u00f1o y primavera, y ropa muy abrigada en invierno para hacer frente a los vientos helados de la ciudad.<\/td><\/tr><tr><td><strong>Presupuesto<\/strong><\/td><td>Aprovecha las atracciones gratuitas, como el Zoo de Lincoln Park y el Parque del Milenio, mientras mantienes un presupuesto para museos y restaurantes.<\/td><\/tr><tr><td><strong>Seguridad<\/strong><\/td><td>Mantente alerta en el transporte p\u00fablico y evita las zonas menos seguras, sobre todo a altas horas de la noche.<\/td><\/tr><tr><td><strong>Ropa<\/strong><\/td><td>Lleva calzado c\u00f3modo para explorar las calles y parques, y adapta tu ropa al tiempo, que puede ser impredecible.<\/td><\/tr><tr><td><strong>Reservas<\/strong><\/td><td>Reserva tus entradas para atracciones populares como Skydeck y los cruceros arquitect\u00f3nicos para evitar largas colas.<\/td><\/tr><tr><td><strong>Actividades al aire libre<\/strong><\/td><td>Si vienes en verano, lleva crema solar para tus paseos por el Chicago Riverwalk o por las playas del lago Michigan.<\/td><\/tr><\/tbody><\/table><\/figure>\n\n<div style=\"height:10px\" aria-hidden=\"true\" class=\"wp-block-spacer\"><\/div>\n\n<h2 class=\"wp-block-heading\">\u00bfD\u00f3nde comer en Chicago?<\/h2>\n\n<ul class=\"wp-block-list\">\n<li><a href=\"https:\/\/www.loumalnatis.com\/\">Pizzer\u00eda Lou Malnati&#8217;s<\/a>: Prueba la famosa pizza al plato hondo.<\/li>\n\n\n\n<li><a href=\"https:\/\/www.portillos.com\/index.html\">Portillo&#8217;s<\/a>: Disfruta de un aut\u00e9ntico perrito caliente al estilo de Chicago.<\/li>\n\n\n\n<li><a href=\"https:\/\/www.girlandthegoat.com\/\">Girl &amp; the Goat<\/a>: Un restaurante galardonado que ofrece una cocina inventiva.<\/li>\n\n\n\n<li><a href=\"https:\/\/thepurplepigchicago.com\/\">El Cerdo P\u00farpura<\/a>: Ideal para los amantes de las tapas y los embutidos.<\/li>\n\n\n\n<li><a href=\"https:\/\/www.garrettpopcorn.com\/\">Garrett Popcorn Shops<\/a>: No te pierdas sus palomitas de caramelo y queso cheddar.<\/li>\n<\/ul>\n\n<div style=\"height:10px\" aria-hidden=\"true\" class=\"wp-block-spacer\"><\/div>\n\n<h2 class=\"wp-block-heading\">\u00bfCu\u00e1ndo ir a Chicago?<\/h2>\n\n<p>Chicago es una ciudad que cambia radicalmente con las estaciones, ofreciendo experiencias \u00fanicas durante todo el a\u00f1o. La primavera, de marzo a mayo, es una \u00e9poca ideal para explorar los parques y disfrutar de la ciudad cuando vuelve a la vida despu\u00e9s del invierno. El verano, de junio a agosto, es el momento perfecto para descubrir las playas del lago Michigan y participar en los numerosos festivales de m\u00fasica y actos al aire libre, aunque las temperaturas pueden ser calurosas. El oto\u00f1o, de septiembre a noviembre, es especialmente agradable, con tiempo fresco y bellos paisajes gracias a los colores oto\u00f1ales. El invierno, de diciembre a febrero, es fr\u00edo y a menudo nieva, pero ideal para conocer los mercados navide\u00f1os y las pistas de hielo, siempre que est\u00e9s bien preparado.    <\/p>\n\n<div style=\"height:10px\" aria-hidden=\"true\" class=\"wp-block-spacer\"><\/div>\n\n<h2 class=\"wp-block-heading\">Conclusi\u00f3n<\/h2>\n\n<p><a href=\"https:\/\/www.chicago.gov\/city\/en.html\">Chicago<\/a> es una ciudad din\u00e1mica que combina modernidad, cultura e historia. Tanto si eres un entusiasta de la arquitectura, un amante del arte o simplemente buscas descubrimientos culinarios, Chicago lo tiene todo. <\/p>\n\n<p>Para m\u00e1s consejos o recomendaciones personalizadas, no dudes en consultar nuestras otras gu\u00edas sobre las principales ciudades americanas, como <a href=\"https:\/\/usa-gv.com\/es\/visita-los-angeles\/\">Los \u00c1ngeles<\/a>, <a href=\"https:\/\/usa-gv.com\/es\/visitar-nueva-york\/\">Nueva York<\/a>, <a href=\"https:\/\/usa-gv.com\/es\/miami\/\">Miami<\/a>, <a href=\"https:\/\/usa-gv.com\/es\/las-vegas\/\">Las Vegas<\/a> o <a href=\"https:\/\/usa-gv.com\/es\/visita-san-francisco\/\">San Francisco<\/a>. Los <a href=\"https:\/\/usa-gv.com\/es\/tramites-usa\/\">tr\u00e1mites para viajar a Estados Unidos<\/a> se preparan mucho antes de subir al avi\u00f3n, as\u00ed que no olvides solicitar tu <a href=\"https:\/\/usa-gv.com\/es\/esta-chicago\/\">ESTA para Chicago<\/a>. <\/p>\n","protected":false},"excerpt":{"rendered":"<p>Visita la ciudad de Chicago en Illinois Bienvenido a Chicago, una ciudad fascinante a orillas del lago Michigan. Conocida por su espectacular arquitectura, sus museos de categor\u00eda mundial y su pr\u00f3spera escena culinaria, Chicago ofrece a los visitantes una experiencia urbana \u00fanica. \u00bfPor qu\u00e9 visitar Chicago? Lugares imprescindibles de Chicago 1. Parque del Milenio y [&hellip;]<\/p>\n","protected":false},"author":1,"featured_media":0,"parent":0,"menu_order":0,"comment_status":"closed","ping_status":"closed","template":"","meta":{"footnotes":""},"class_list":["post-6482","page","type-page","status-publish","hentry"],"yoast_head":"<!-- This site is optimized with the Yoast SEO plugin v26.6 - https:\/\/yoast.com\/wordpress\/plugins\/seo\/ -->\n<title>Visita Chicago: Descubre la Ciudad de los Vientos - USA-GV.COM<\/title>\n<meta name=\"description\" content=\"Descubre todo lo que Chicago puede ofrecerte para que tu estancia en la ciudad sea un \u00e9xito.\" \/>\n<meta name=\"robots\" content=\"index, follow, max-snippet:-1, max-image-preview:large, max-video-preview:-1\" \/>\n<link rel=\"canonical\" href=\"https:\/\/usa-gv.com\/es\/chicago\/\" \/>\n<meta property=\"og:locale\" content=\"es_ES\" \/>\n<meta property=\"og:type\" content=\"article\" \/>\n<meta property=\"og:title\" content=\"Visita Chicago: Descubre la Ciudad de los Vientos - USA-GV.COM\" \/>\n<meta property=\"og:description\" content=\"Descubre todo lo que Chicago puede ofrecerte para que tu estancia en la ciudad sea un \u00e9xito.\" \/>\n<meta property=\"og:url\" content=\"https:\/\/usa-gv.com\/es\/chicago\/\" \/>\n<meta property=\"og:site_name\" content=\"USA-GV.COM\" \/>\n<meta property=\"article:modified_time\" content=\"2025-02-25T11:54:02+00:00\" \/>\n<meta property=\"og:image\" content=\"https:\/\/usa-gv.com\/wp-content\/uploads\/2025\/01\/Chicago-1024x384.jpg\" \/>\n<meta name=\"twitter:card\" content=\"summary_large_image\" \/>\n<meta name=\"twitter:label1\" content=\"Tiempo de lectura\" \/>\n\t<meta name=\"twitter:data1\" content=\"4 minutos\" \/>\n<script type=\"application\/ld+json\" class=\"yoast-schema-graph\">{\"@context\":\"https:\/\/schema.org\",\"@graph\":[{\"@type\":\"WebPage\",\"@id\":\"https:\/\/usa-gv.com\/es\/chicago\/\",\"url\":\"https:\/\/usa-gv.com\/es\/chicago\/\",\"name\":\"Visita Chicago: Descubre la Ciudad de los Vientos - USA-GV.COM\",\"isPartOf\":{\"@id\":\"https:\/\/usa-gv.com\/es\/#website\"},\"primaryImageOfPage\":{\"@id\":\"https:\/\/usa-gv.com\/es\/chicago\/#primaryimage\"},\"image\":{\"@id\":\"https:\/\/usa-gv.com\/es\/chicago\/#primaryimage\"},\"thumbnailUrl\":\"https:\/\/usa-gv.com\/wp-content\/uploads\/2025\/01\/Chicago-1024x384.jpg\",\"datePublished\":\"2025-01-10T10:19:04+00:00\",\"dateModified\":\"2025-02-25T11:54:02+00:00\",\"description\":\"Descubre todo lo que Chicago puede ofrecerte para que tu estancia en la ciudad sea un \u00e9xito.\",\"breadcrumb\":{\"@id\":\"https:\/\/usa-gv.com\/es\/chicago\/#breadcrumb\"},\"inLanguage\":\"es\",\"potentialAction\":[{\"@type\":\"ReadAction\",\"target\":[\"https:\/\/usa-gv.com\/es\/chicago\/\"]}]},{\"@type\":\"ImageObject\",\"inLanguage\":\"es\",\"@id\":\"https:\/\/usa-gv.com\/es\/chicago\/#primaryimage\",\"url\":\"https:\/\/usa-gv.com\/wp-content\/uploads\/2025\/01\/Chicago-1024x384.jpg\",\"contentUrl\":\"https:\/\/usa-gv.com\/wp-content\/uploads\/2025\/01\/Chicago-1024x384.jpg\"},{\"@type\":\"BreadcrumbList\",\"@id\":\"https:\/\/usa-gv.com\/es\/chicago\/#breadcrumb\",\"itemListElement\":[{\"@type\":\"ListItem\",\"position\":1,\"name\":\"Home\",\"item\":\"https:\/\/usa-gv.com\/es\/guia-de-viaje-de-estados-unidos\/\"},{\"@type\":\"ListItem\",\"position\":2,\"name\":\"Visita Chicago: Descubre la Ciudad de los Vientos\"}]},{\"@type\":\"WebSite\",\"@id\":\"https:\/\/usa-gv.com\/es\/#website\",\"url\":\"https:\/\/usa-gv.com\/es\/\",\"name\":\"USA-GV.COM\",\"description\":\"\",\"potentialAction\":[{\"@type\":\"SearchAction\",\"target\":{\"@type\":\"EntryPoint\",\"urlTemplate\":\"https:\/\/usa-gv.com\/es\/?s={search_term_string}\"},\"query-input\":{\"@type\":\"PropertyValueSpecification\",\"valueRequired\":true,\"valueName\":\"search_term_string\"}}],\"inLanguage\":\"es\"}]}<\/script>\n<!-- \/ Yoast SEO plugin. -->","yoast_head_json":{"title":"Visita Chicago: Descubre la Ciudad de los Vientos - USA-GV.COM","description":"Descubre todo lo que Chicago puede ofrecerte para que tu estancia en la ciudad sea un \u00e9xito.","robots":{"index":"index","follow":"follow","max-snippet":"max-snippet:-1","max-image-preview":"max-image-preview:large","max-video-preview":"max-video-preview:-1"},"canonical":"https:\/\/usa-gv.com\/es\/chicago\/","og_locale":"es_ES","og_type":"article","og_title":"Visita Chicago: Descubre la Ciudad de los Vientos - USA-GV.COM","og_description":"Descubre todo lo que Chicago puede ofrecerte para que tu estancia en la ciudad sea un \u00e9xito.","og_url":"https:\/\/usa-gv.com\/es\/chicago\/","og_site_name":"USA-GV.COM","article_modified_time":"2025-02-25T11:54:02+00:00","og_image":[{"url":"https:\/\/usa-gv.com\/wp-content\/uploads\/2025\/01\/Chicago-1024x384.jpg","type":"","width":"","height":""}],"twitter_card":"summary_large_image","twitter_misc":{"Tiempo de lectura":"4 minutos"},"schema":{"@context":"https:\/\/schema.org","@graph":[{"@type":"WebPage","@id":"https:\/\/usa-gv.com\/es\/chicago\/","url":"https:\/\/usa-gv.com\/es\/chicago\/","name":"Visita Chicago: Descubre la Ciudad de los Vientos - USA-GV.COM","isPartOf":{"@id":"https:\/\/usa-gv.com\/es\/#website"},"primaryImageOfPage":{"@id":"https:\/\/usa-gv.com\/es\/chicago\/#primaryimage"},"image":{"@id":"https:\/\/usa-gv.com\/es\/chicago\/#primaryimage"},"thumbnailUrl":"https:\/\/usa-gv.com\/wp-content\/uploads\/2025\/01\/Chicago-1024x384.jpg","datePublished":"2025-01-10T10:19:04+00:00","dateModified":"2025-02-25T11:54:02+00:00","description":"Descubre todo lo que Chicago puede ofrecerte para que tu estancia en la ciudad sea un \u00e9xito.","breadcrumb":{"@id":"https:\/\/usa-gv.com\/es\/chicago\/#breadcrumb"},"inLanguage":"es","potentialAction":[{"@type":"ReadAction","target":["https:\/\/usa-gv.com\/es\/chicago\/"]}]},{"@type":"ImageObject","inLanguage":"es","@id":"https:\/\/usa-gv.com\/es\/chicago\/#primaryimage","url":"https:\/\/usa-gv.com\/wp-content\/uploads\/2025\/01\/Chicago-1024x384.jpg","contentUrl":"https:\/\/usa-gv.com\/wp-content\/uploads\/2025\/01\/Chicago-1024x384.jpg"},{"@type":"BreadcrumbList","@id":"https:\/\/usa-gv.com\/es\/chicago\/#breadcrumb","itemListElement":[{"@type":"ListItem","position":1,"name":"Home","item":"https:\/\/usa-gv.com\/es\/guia-de-viaje-de-estados-unidos\/"},{"@type":"ListItem","position":2,"name":"Visita Chicago: Descubre la Ciudad de los Vientos"}]},{"@type":"WebSite","@id":"https:\/\/usa-gv.com\/es\/#website","url":"https:\/\/usa-gv.com\/es\/","name":"USA-GV.COM","description":"","potentialAction":[{"@type":"SearchAction","target":{"@type":"EntryPoint","urlTemplate":"https:\/\/usa-gv.com\/es\/?s={search_term_string}"},"query-input":{"@type":"PropertyValueSpecification","valueRequired":true,"valueName":"search_term_string"}}],"inLanguage":"es"}]}},"_links":{"self":[{"href":"https:\/\/usa-gv.com\/es\/wp-json\/wp\/v2\/pages\/6482","targetHints":{"allow":["GET"]}}],"collection":[{"href":"https:\/\/usa-gv.com\/es\/wp-json\/wp\/v2\/pages"}],"about":[{"href":"https:\/\/usa-gv.com\/es\/wp-json\/wp\/v2\/types\/page"}],"author":[{"embeddable":true,"href":"https:\/\/usa-gv.com\/es\/wp-json\/wp\/v2\/users\/1"}],"replies":[{"embeddable":true,"href":"https:\/\/usa-gv.com\/es\/wp-json\/wp\/v2\/comments?post=6482"}],"version-history":[{"count":5,"href":"https:\/\/usa-gv.com\/es\/wp-json\/wp\/v2\/pages\/6482\/revisions"}],"predecessor-version":[{"id":7186,"href":"https:\/\/usa-gv.com\/es\/wp-json\/wp\/v2\/pages\/6482\/revisions\/7186"}],"wp:attachment":[{"href":"https:\/\/usa-gv.com\/es\/wp-json\/wp\/v2\/media?parent=6482"}],"curies":[{"name":"wp","href":"https:\/\/api.w.org\/{rel}","templated":true}]}}