{"id":6095,"date":"2025-01-08T07:51:05","date_gmt":"2025-01-08T07:51:05","guid":{"rendered":"https:\/\/usa-gv.com\/guia-de-viaje-de-estados-unidos\/"},"modified":"2025-02-25T11:50:34","modified_gmt":"2025-02-25T11:50:34","slug":"guia-de-viaje-de-estados-unidos","status":"publish","type":"page","link":"https:\/\/usa-gv.com\/es\/","title":{"rendered":"Gu\u00eda para viajar por Estados Unidos"},"content":{"rendered":"\n<h1 class=\"wp-block-heading\">Bienvenido a nuestra gu\u00eda de viajes de EEUU<\/h1>\n\n<p>Descubre las maravillas de Estados Unidos con nuestra completa gu\u00eda, dise\u00f1ada para ayudarte a planificar el viaje de tus sue\u00f1os. Desde los rascacielos de Nueva York hasta las soleadas playas de California, sum\u00e9rgete en la diversidad y riqueza cultural de este vasto pa\u00eds. <\/p>\n\n<h2 class=\"wp-block-heading\">Explora las ciudades imprescindibles de Estados Unidos<\/h2>\n\n<p>Aqu\u00ed encontrar\u00e1s una lista de las principales ciudades estadounidenses, cada una con sus propios tesoros \u00fanicos. Haz clic en un destino para acceder a una gu\u00eda detallada con las mejores atracciones, consejos pr\u00e1cticos y recomendaciones. <\/p>\n\n<ul class=\"wp-block-list\">\n<li><a href=\"https:\/\/usa-gv.com\/es\/visitar-nueva-york\/\">Nueva York<\/a>: La ciudad que nunca duerme, con iconos como Times Square, la Estatua de la Libertad y Central Park.<\/li>\n\n\n\n<li><a href=\"https:\/\/usa-gv.com\/es\/visita-los-angeles\/\">Los \u00c1ngeles<\/a>: Capital del cine y de las playas doradas, de Hollywood a Santa M\u00f3nica.<\/li>\n\n\n\n<li><a href=\"https:\/\/usa-gv.com\/es\/chicago\/\">Chicago<\/a>: arquitectura audaz y las orillas del lago Michigan.<\/li>\n\n\n\n<li><a href=\"https:\/\/usa-gv.com\/es\/miami\/\">Miami<\/a>: Sol, art dec\u00f3 y cultura latina.<\/li>\n\n\n\n<li><a href=\"https:\/\/usa-gv.com\/es\/las-vegas\/\">Las Vegas<\/a>: el brillo y el glamour de los casinos y los espect\u00e1culos en medio del desierto.<\/li>\n\n\n\n<li><a href=\"https:\/\/usa-gv.com\/es\/visita-san-francisco\/\">San Francisco<\/a>: El legendario Golden Gate y sus empinadas calles.<\/li>\n\n\n\n<li><a href=\"https:\/\/usa-gv.com\/es\/orlando\/\">Orlando<\/a>: Un para\u00edso de parques tem\u00e1ticos como Disney y Universal Studios.<\/li>\n\n\n\n<li><a href=\"https:\/\/usa-gv.com\/es\/boston\/\">Boston<\/a>: Historia y encanto colonial americano.<\/li>\n\n\n\n<li><a href=\"https:\/\/usa-gv.com\/es\/washington\/\">Washington<\/a>: monumentos emblem\u00e1ticos y museos gratuitos.<\/li>\n\n\n\n<li><strong>Seattle<\/strong>: La ciudad de la innovaci\u00f3n y los paisajes impresionantes.<\/li>\n\n\n\n<li><strong>Houston<\/strong>: la cultura tejana y el centro espacial de la NASA.<\/li>\n\n\n\n<li><strong>Denver<\/strong>: Puerta de entrada a las Rocosas y a la aventura al aire libre.<\/li>\n\n\n\n<li><strong>Nueva Orleans<\/strong>: Cuna del jazz y del Mardi Gras.<\/li>\n\n\n\n<li><strong>Honolul\u00fa<\/strong>: esc\u00e1pate al para\u00edso en las islas Hawai.<\/li>\n<\/ul>\n\n<div style=\"height:20px\" aria-hidden=\"true\" class=\"wp-block-spacer\"><\/div>\n\n<figure class=\"wp-block-image size-large\"><img fetchpriority=\"high\" decoding=\"async\" width=\"1024\" height=\"623\" src=\"https:\/\/usa-gv.com\/wp-content\/uploads\/2025\/01\/USA-map-1024x623.jpg\" alt=\"\" class=\"wp-image-6677\" srcset=\"https:\/\/usa-gv.com\/wp-content\/uploads\/2025\/01\/USA-map-1024x623.jpg 1024w, https:\/\/usa-gv.com\/wp-content\/uploads\/2025\/01\/USA-map-300x183.jpg 300w, https:\/\/usa-gv.com\/wp-content\/uploads\/2025\/01\/USA-map-768x467.jpg 768w, https:\/\/usa-gv.com\/wp-content\/uploads\/2025\/01\/USA-map.jpg 1527w\" sizes=\"(max-width: 1024px) 100vw, 1024px\" \/><\/figure>\n\n<p>Acu\u00e9rdate de realizar tus <a href=\"https:\/\/usa-gv.com\/es\/tramites-usa\/\">tr\u00e1mites de viaje<\/a> con suficiente antelaci\u00f3n a tu partida hacia Estados Unidos.<\/p>\n\n<h2 class=\"wp-block-heading\">Descubre los parques nacionales de Estados Unidos<\/h2>\n\n<p>Aqu\u00ed tienes una lista de los parques nacionales estadounidenses m\u00e1s emblem\u00e1ticos para visitar, clasificados por regiones. Cada uno ofrece paisajes \u00fanicos y experiencias inolvidables: <\/p>\n\n<h3 class=\"wp-block-heading\">Parques Nacionales del Oeste de Estados Unidos :<\/h3>\n\n<ul class=\"wp-block-list\">\n<li><strong>Yellowstone (Wyoming, Montana, Idaho)<\/strong>: G\u00e9iseres, coloridas fuentes termales, abundante vida salvaje (bisontes, osos, lobos).<\/li>\n\n\n\n<li><strong>Grand Teton (Wyoming)<\/strong>: Monta\u00f1as majestuosas, lagos alpinos y excursiones espectaculares.<\/li>\n\n\n\n<li><strong>Yosemite (California)<\/strong>: Acantilados de granito, cascadas, secuoyas gigantes (Mariposa Grove).<\/li>\n\n\n\n<li><strong>Gran Ca\u00f1\u00f3n (Arizona)<\/strong>: Inmenso desfiladero excavado por el r\u00edo Colorado, vistas panor\u00e1micas.<\/li>\n\n\n\n<li><strong>Zion (Utah)<\/strong>: Ca\u00f1ones de arenisca roja, excursiones famosas como Angel&#8217;s Landing.<\/li>\n\n\n\n<li><strong>Ca\u00f1\u00f3n Bryce (Utah)<\/strong>: Hoodoos y paisajes sobrenaturales.<\/li>\n\n\n\n<li><strong>Valle de la Muerte (California, Nevada)<\/strong>: Desierto m\u00e1s caluroso, dunas de arena, cuenca de Badwater (el punto m\u00e1s bajo de EEUU).<\/li>\n\n\n\n<li><strong>Arches (Utah)<\/strong>: M\u00e1s de 2.000 arcos naturales de arenisca.<\/li>\n\n\n\n<li><strong>Sequoia y Kings Canyon (California)<\/strong>: \u00c1rboles gigantes, incluido el famoso \u00c1rbol del General Sherman, y monta\u00f1as.<\/li>\n\n\n\n<li><strong>Olympic (Washington)<\/strong>: Selvas tropicales, monta\u00f1as y playas salvajes.<\/li>\n<\/ul>\n\n<div style=\"height:10px\" aria-hidden=\"true\" class=\"wp-block-spacer\"><\/div>\n\n<h3 class=\"wp-block-heading\">Parques nacionales del centro de Estados Unidos :<\/h3>\n\n<ul class=\"wp-block-list\">\n<li><strong>Monta\u00f1as Rocosas (Colorado)<\/strong>: Picos nevados, lagos de monta\u00f1a y una gran variedad de vida salvaje.<\/li>\n\n\n\n<li><strong>Badlands (Dakota del Sur)<\/strong>: espectaculares formaciones rocosas y f\u00f3siles.<\/li>\n\n\n\n<li><strong>Grandes Dunas de Arena (Colorado)<\/strong>: Las dunas de arena m\u00e1s altas de Norteam\u00e9rica.<\/li>\n\n\n\n<li><strong>Cueva del Viento (Dakota del Sur)<\/strong>: Sistema de cuevas y praderas \u00fanico.<\/li>\n<\/ul>\n\n<div style=\"height:10px\" aria-hidden=\"true\" class=\"wp-block-spacer\"><\/div>\n\n<h3 class=\"wp-block-heading\">Parques Nacionales del Sur de Estados Unidos :<\/h3>\n\n<ul class=\"wp-block-list\">\n<li><a href=\"https:\/\/www.nps.gov\/bibe\/index.htm\">Big Bend, Texas<\/a>: Desiertos, ca\u00f1ones y el r\u00edo Grande.<\/li>\n\n\n\n<li><a href=\"https:\/\/fr.visittheusa.ca\/destination\/everglades-national-park\">Everglades de Florida<\/a>: pantanos, caimanes y observaci\u00f3n de aves.<\/li>\n\n\n\n<li><a href=\"https:\/\/www.nps.gov\/cave\/index.htm\">Cavernas de Carlsbad<\/a> en Nuevo M\u00e9xico: una impresionante red de cuevas subterr\u00e1neas.<\/li>\n<\/ul>\n\n<div style=\"height:10px\" aria-hidden=\"true\" class=\"wp-block-spacer\"><\/div>\n\n<h3 class=\"wp-block-heading\">Parques nacionales del este de Estados Unidos :<\/h3>\n\n<ul class=\"wp-block-list\">\n<li><strong>Grandes Monta\u00f1as Humeantes<\/strong> (Tennessee, Carolina del Norte): Monta\u00f1as brumosas, cascadas y senderos boscosos.<\/li>\n\n\n\n<li><strong>Acadia<\/strong> (Maine) : Costa rocosa, monta\u00f1as y bosques costeros.<\/li>\n\n\n\n<li><strong>Shenandoah<\/strong> (Virginia): Valle pintoresco y excursiones por Skyline Drive.<\/li>\n<\/ul>\n\n<div style=\"height:10px\" aria-hidden=\"true\" class=\"wp-block-spacer\"><\/div>\n\n<h3 class=\"wp-block-heading\">Parques nacionales de Alaska y Hawai :<\/h3>\n\n<ul class=\"wp-block-list\">\n<li><strong>Denali (Alaska)<\/strong>: Monte Denali (el pico m\u00e1s alto de Norteam\u00e9rica), paisajes salvajes y vida salvaje.<\/li>\n\n\n\n<li><strong>Glacier Bay (Alaska)<\/strong>: Fiordos, glaciares y avistamiento de ballenas.<\/li>\n\n\n\n<li><strong>Haleakal\u0101 (Hawai)<\/strong>: Espectacular amanecer sobre el cr\u00e1ter volc\u00e1nico.<\/li>\n\n\n\n<li><strong>Parque Nacional de los Volcanes (Hawai)<\/strong>: Volcanes activos, coladas de lava y paisajes lunares.<\/li>\n<\/ul>\n\n<div style=\"height:10px\" aria-hidden=\"true\" class=\"wp-block-spacer\"><\/div>\n\n<p>Estos parques ofrecen una gran variedad de paisajes y actividades, desde senderismo y observaci\u00f3n de la fauna salvaje hasta experiencias culturales.  <\/p>\n","protected":false},"excerpt":{"rendered":"<p>Bienvenido a nuestra gu\u00eda de viajes de EEUU Descubre las maravillas de Estados Unidos con nuestra completa gu\u00eda, dise\u00f1ada para ayudarte a planificar el viaje de tus sue\u00f1os. Desde los rascacielos de Nueva York hasta las soleadas playas de California, sum\u00e9rgete en la diversidad y riqueza cultural de este vasto pa\u00eds. Explora las ciudades imprescindibles [&hellip;]<\/p>\n","protected":false},"author":1,"featured_media":0,"parent":0,"menu_order":0,"comment_status":"closed","ping_status":"closed","template":"","meta":{"footnotes":""},"class_list":["post-6095","page","type-page","status-publish","hentry"],"yoast_head":"<!-- This site is optimized with the Yoast SEO plugin v26.6 - https:\/\/yoast.com\/wordpress\/plugins\/seo\/ -->\n<title>Gu\u00eda para viajar por Estados Unidos - USA-GV.COM<\/title>\n<meta name=\"description\" content=\"Descubre nuestra gu\u00eda de viajes dedicada a las vacaciones en Estados Unidos. Compartimos contigo nuestras mejores experiencias.\" \/>\n<meta name=\"robots\" content=\"index, follow, max-snippet:-1, max-image-preview:large, max-video-preview:-1\" \/>\n<link rel=\"canonical\" href=\"https:\/\/usa-gv.com\/es\/\" \/>\n<meta property=\"og:locale\" content=\"es_ES\" \/>\n<meta property=\"og:type\" content=\"article\" \/>\n<meta property=\"og:title\" content=\"Gu\u00eda para viajar por Estados Unidos - USA-GV.COM\" \/>\n<meta property=\"og:description\" content=\"Descubre nuestra gu\u00eda de viajes dedicada a las vacaciones en Estados Unidos. Compartimos contigo nuestras mejores experiencias.\" \/>\n<meta property=\"og:url\" content=\"https:\/\/usa-gv.com\/es\/\" \/>\n<meta property=\"og:site_name\" content=\"USA-GV.COM\" \/>\n<meta property=\"article:modified_time\" content=\"2025-02-25T11:50:34+00:00\" \/>\n<meta property=\"og:image\" content=\"https:\/\/usa-gv.com\/wp-content\/uploads\/2025\/01\/USA-map-1024x623.jpg\" \/>\n<meta name=\"twitter:card\" content=\"summary_large_image\" \/>\n<meta name=\"twitter:label1\" content=\"Tiempo de lectura\" \/>\n\t<meta name=\"twitter:data1\" content=\"3 minutos\" \/>\n<script type=\"application\/ld+json\" class=\"yoast-schema-graph\">{\"@context\":\"https:\/\/schema.org\",\"@graph\":[{\"@type\":\"WebPage\",\"@id\":\"https:\/\/usa-gv.com\/es\/\",\"url\":\"https:\/\/usa-gv.com\/es\/\",\"name\":\"Gu\u00eda para viajar por Estados Unidos - USA-GV.COM\",\"isPartOf\":{\"@id\":\"https:\/\/usa-gv.com\/es\/#website\"},\"primaryImageOfPage\":{\"@id\":\"https:\/\/usa-gv.com\/es\/#primaryimage\"},\"image\":{\"@id\":\"https:\/\/usa-gv.com\/es\/#primaryimage\"},\"thumbnailUrl\":\"https:\/\/usa-gv.com\/wp-content\/uploads\/2025\/01\/USA-map-1024x623.jpg\",\"datePublished\":\"2025-01-08T07:51:05+00:00\",\"dateModified\":\"2025-02-25T11:50:34+00:00\",\"description\":\"Descubre nuestra gu\u00eda de viajes dedicada a las vacaciones en Estados Unidos. Compartimos contigo nuestras mejores experiencias.\",\"breadcrumb\":{\"@id\":\"https:\/\/usa-gv.com\/es\/#breadcrumb\"},\"inLanguage\":\"es\",\"potentialAction\":[{\"@type\":\"ReadAction\",\"target\":[\"https:\/\/usa-gv.com\/es\/\"]}]},{\"@type\":\"ImageObject\",\"inLanguage\":\"es\",\"@id\":\"https:\/\/usa-gv.com\/es\/#primaryimage\",\"url\":\"https:\/\/usa-gv.com\/wp-content\/uploads\/2025\/01\/USA-map-1024x623.jpg\",\"contentUrl\":\"https:\/\/usa-gv.com\/wp-content\/uploads\/2025\/01\/USA-map-1024x623.jpg\"},{\"@type\":\"BreadcrumbList\",\"@id\":\"https:\/\/usa-gv.com\/es\/#breadcrumb\",\"itemListElement\":[{\"@type\":\"ListItem\",\"position\":1,\"name\":\"Home\",\"item\":\"https:\/\/usa-gv.com\/es\/guia-de-viaje-de-estados-unidos\/\"},{\"@type\":\"ListItem\",\"position\":2,\"name\":\"Gu\u00eda para viajar por Estados Unidos\"}]},{\"@type\":\"WebSite\",\"@id\":\"https:\/\/usa-gv.com\/es\/#website\",\"url\":\"https:\/\/usa-gv.com\/es\/\",\"name\":\"USA-GV.COM\",\"description\":\"\",\"potentialAction\":[{\"@type\":\"SearchAction\",\"target\":{\"@type\":\"EntryPoint\",\"urlTemplate\":\"https:\/\/usa-gv.com\/es\/?s={search_term_string}\"},\"query-input\":{\"@type\":\"PropertyValueSpecification\",\"valueRequired\":true,\"valueName\":\"search_term_string\"}}],\"inLanguage\":\"es\"}]}<\/script>\n<!-- \/ Yoast SEO plugin. -->","yoast_head_json":{"title":"Gu\u00eda para viajar por Estados Unidos - USA-GV.COM","description":"Descubre nuestra gu\u00eda de viajes dedicada a las vacaciones en Estados Unidos. Compartimos contigo nuestras mejores experiencias.","robots":{"index":"index","follow":"follow","max-snippet":"max-snippet:-1","max-image-preview":"max-image-preview:large","max-video-preview":"max-video-preview:-1"},"canonical":"https:\/\/usa-gv.com\/es\/","og_locale":"es_ES","og_type":"article","og_title":"Gu\u00eda para viajar por Estados Unidos - USA-GV.COM","og_description":"Descubre nuestra gu\u00eda de viajes dedicada a las vacaciones en Estados Unidos. Compartimos contigo nuestras mejores experiencias.","og_url":"https:\/\/usa-gv.com\/es\/","og_site_name":"USA-GV.COM","article_modified_time":"2025-02-25T11:50:34+00:00","og_image":[{"url":"https:\/\/usa-gv.com\/wp-content\/uploads\/2025\/01\/USA-map-1024x623.jpg","type":"","width":"","height":""}],"twitter_card":"summary_large_image","twitter_misc":{"Tiempo de lectura":"3 minutos"},"schema":{"@context":"https:\/\/schema.org","@graph":[{"@type":"WebPage","@id":"https:\/\/usa-gv.com\/es\/","url":"https:\/\/usa-gv.com\/es\/","name":"Gu\u00eda para viajar por Estados Unidos - USA-GV.COM","isPartOf":{"@id":"https:\/\/usa-gv.com\/es\/#website"},"primaryImageOfPage":{"@id":"https:\/\/usa-gv.com\/es\/#primaryimage"},"image":{"@id":"https:\/\/usa-gv.com\/es\/#primaryimage"},"thumbnailUrl":"https:\/\/usa-gv.com\/wp-content\/uploads\/2025\/01\/USA-map-1024x623.jpg","datePublished":"2025-01-08T07:51:05+00:00","dateModified":"2025-02-25T11:50:34+00:00","description":"Descubre nuestra gu\u00eda de viajes dedicada a las vacaciones en Estados Unidos. Compartimos contigo nuestras mejores experiencias.","breadcrumb":{"@id":"https:\/\/usa-gv.com\/es\/#breadcrumb"},"inLanguage":"es","potentialAction":[{"@type":"ReadAction","target":["https:\/\/usa-gv.com\/es\/"]}]},{"@type":"ImageObject","inLanguage":"es","@id":"https:\/\/usa-gv.com\/es\/#primaryimage","url":"https:\/\/usa-gv.com\/wp-content\/uploads\/2025\/01\/USA-map-1024x623.jpg","contentUrl":"https:\/\/usa-gv.com\/wp-content\/uploads\/2025\/01\/USA-map-1024x623.jpg"},{"@type":"BreadcrumbList","@id":"https:\/\/usa-gv.com\/es\/#breadcrumb","itemListElement":[{"@type":"ListItem","position":1,"name":"Home","item":"https:\/\/usa-gv.com\/es\/guia-de-viaje-de-estados-unidos\/"},{"@type":"ListItem","position":2,"name":"Gu\u00eda para viajar por Estados Unidos"}]},{"@type":"WebSite","@id":"https:\/\/usa-gv.com\/es\/#website","url":"https:\/\/usa-gv.com\/es\/","name":"USA-GV.COM","description":"","potentialAction":[{"@type":"SearchAction","target":{"@type":"EntryPoint","urlTemplate":"https:\/\/usa-gv.com\/es\/?s={search_term_string}"},"query-input":{"@type":"PropertyValueSpecification","valueRequired":true,"valueName":"search_term_string"}}],"inLanguage":"es"}]}},"_links":{"self":[{"href":"https:\/\/usa-gv.com\/es\/wp-json\/wp\/v2\/pages\/6095","targetHints":{"allow":["GET"]}}],"collection":[{"href":"https:\/\/usa-gv.com\/es\/wp-json\/wp\/v2\/pages"}],"about":[{"href":"https:\/\/usa-gv.com\/es\/wp-json\/wp\/v2\/types\/page"}],"author":[{"embeddable":true,"href":"https:\/\/usa-gv.com\/es\/wp-json\/wp\/v2\/users\/1"}],"replies":[{"embeddable":true,"href":"https:\/\/usa-gv.com\/es\/wp-json\/wp\/v2\/comments?post=6095"}],"version-history":[{"count":15,"href":"https:\/\/usa-gv.com\/es\/wp-json\/wp\/v2\/pages\/6095\/revisions"}],"predecessor-version":[{"id":7033,"href":"https:\/\/usa-gv.com\/es\/wp-json\/wp\/v2\/pages\/6095\/revisions\/7033"}],"wp:attachment":[{"href":"https:\/\/usa-gv.com\/es\/wp-json\/wp\/v2\/media?parent=6095"}],"curies":[{"name":"wp","href":"https:\/\/api.w.org\/{rel}","templated":true}]}}